{"id":13667,"date":"2020-10-26T09:25:22","date_gmt":"2020-10-26T09:25:22","guid":{"rendered":"https:\/\/www.humanium.org\/de\/?page_id=13667"},"modified":"2024-02-04T09:46:08","modified_gmt":"2024-02-04T09:46:08","slug":"umwelt","status":"publish","type":"page","link":"https:\/\/www.humanium.org\/de\/themenschwerpunkte\/umwelt\/","title":{"rendered":"Umwelt"},"content":{"rendered":"\n<div class=\"wp-block-columns is-layout-flex wp-container-core-columns-is-layout-9d6595d7 wp-block-columns-is-layout-flex\">\n<div class=\"wp-block-column is-layout-flow wp-block-column-is-layout-flow\" style=\"flex-basis:33.33%\">\n<figure class=\"wp-block-image size-large\"><img loading=\"lazy\" decoding=\"async\" width=\"300\" height=\"300\" src=\"https:\/\/www.humanium.org\/de\/wp-content\/uploads\/2020\/10\/image1_300x300.jpg\" alt=\"\" class=\"wp-image-13671\" srcset=\"https:\/\/www.humanium.org\/de\/wp-content\/uploads\/2020\/10\/image1_300x300.jpg 300w, https:\/\/www.humanium.org\/de\/wp-content\/uploads\/2020\/10\/image1_300x300-150x150.jpg 150w, https:\/\/www.humanium.org\/de\/wp-content\/uploads\/2020\/10\/image1_300x300-230x230.jpg 230w\" sizes=\"auto, (max-width: 300px) 100vw, 300px\" \/><\/figure>\n<\/div>\n\n\n\n<div class=\"wp-block-column is-layout-flow wp-block-column-is-layout-flow\" style=\"flex-basis:66.66%\">\n<h2 class=\"wp-block-heading\"><a href=\"https:\/\/www.humanium.org\/de\/themenschwerpunkte\/umwelt\/umweltrechte\/\">Umweltrechte<\/a> <\/h2>\n\n\n\n<p>Um ein umfassendes Verst\u00e4ndnis der <a href=\"https:\/\/www.humanium.org\/de\/verstehen\/\">Umweltrechte<\/a> zu erhalten, ist es wichtig, die verschiedenen Akteure und globalen Regelungen zu betrachten, die die Umwelt- und damit die Menschenrechte beeinflussen [&#8230;]<\/p>\n<\/div>\n<\/div>\n\n\n\n<hr class=\"wp-block-separator has-css-opacity\"\/>\n\n\n\n<div class=\"wp-block-columns is-layout-flex wp-container-core-columns-is-layout-9d6595d7 wp-block-columns-is-layout-flex\">\n<div class=\"wp-block-column is-layout-flow wp-block-column-is-layout-flow\" style=\"flex-basis:33.33%\">\n<figure class=\"wp-block-image size-large\"><img loading=\"lazy\" decoding=\"async\" width=\"300\" height=\"300\" src=\"https:\/\/www.humanium.org\/de\/wp-content\/uploads\/2020\/10\/climate_emergency_300x300.jpg\" alt=\"\" class=\"wp-image-13670\" srcset=\"https:\/\/www.humanium.org\/de\/wp-content\/uploads\/2020\/10\/climate_emergency_300x300.jpg 300w, https:\/\/www.humanium.org\/de\/wp-content\/uploads\/2020\/10\/climate_emergency_300x300-150x150.jpg 150w, https:\/\/www.humanium.org\/de\/wp-content\/uploads\/2020\/10\/climate_emergency_300x300-230x230.jpg 230w\" sizes=\"auto, (max-width: 300px) 100vw, 300px\" \/><\/figure>\n<\/div>\n\n\n\n<div class=\"wp-block-column is-layout-flow wp-block-column-is-layout-flow\" style=\"flex-basis:66.66%\">\n<h2 class=\"wp-block-heading\"><a href=\"https:\/\/www.humanium.org\/de\/themenschwerpunkte\/umwelt\/klimakrise\/\">Klimakrise<\/a><\/h2>\n\n\n\n<p>Die Natur ist elementar f\u00fcr unser \u00dcberleben. Dennoch wird die Menschheit gerade Zeuge einer langfristigen Zerst\u00f6rung der Natur und somit sehen wir uns nun mit einer ganz anderen Welt konfrontiert. \u00dcberall schlie\u00dfen sich Gemeinschaften zusammen, um gegen den <a href=\"https:\/\/www.humanium.org\/de\/klimaveraenderung\/\">Klimawandel<\/a> anzuk\u00e4mpfen und unseren Planeten zu sch\u00fctzen [&#8230;]<\/p>\n<\/div>\n<\/div>\n\n\n\n<hr class=\"wp-block-separator has-css-opacity\"\/>\n\n\n\n<div class=\"wp-block-columns is-layout-flex wp-container-core-columns-is-layout-9d6595d7 wp-block-columns-is-layout-flex\">\n<div class=\"wp-block-column is-layout-flow wp-block-column-is-layout-flow\" style=\"flex-basis:33.33%\">\n<figure class=\"wp-block-image size-large\"><img loading=\"lazy\" decoding=\"async\" width=\"300\" height=\"300\" src=\"https:\/\/www.humanium.org\/de\/wp-content\/uploads\/2020\/10\/env_rights_defender_300x300.jpg\" alt=\"\" class=\"wp-image-13669\" srcset=\"https:\/\/www.humanium.org\/de\/wp-content\/uploads\/2020\/10\/env_rights_defender_300x300.jpg 300w, https:\/\/www.humanium.org\/de\/wp-content\/uploads\/2020\/10\/env_rights_defender_300x300-150x150.jpg 150w, https:\/\/www.humanium.org\/de\/wp-content\/uploads\/2020\/10\/env_rights_defender_300x300-230x230.jpg 230w\" sizes=\"auto, (max-width: 300px) 100vw, 300px\" \/><\/figure>\n<\/div>\n\n\n\n<div class=\"wp-block-column is-layout-flow wp-block-column-is-layout-flow\" style=\"flex-basis:66.66%\">\n<h2 class=\"wp-block-heading\"><a href=\"https:\/\/www.humanium.org\/de\/themenschwerpunkte\/umwelt\/junge-umweltrechtsverteidiger\/\">Junge Umweltrechtsverteidiger<\/a><\/h2>\n\n\n\n<p>Junge Umweltrechtsverteidiger*innen setzen sich auf jedem Kontinent der Erde f\u00fcr den Schutz und die F\u00f6rderung von Menschen- und Umweltrechten ein. Diese Kinder arbeiten oft unter gro\u00dfem pers\u00f6nlichen Risiko von Repressalien, mit dem Ziel die Rechte heutiger und zuk\u00fcnftiger Generationen zu verteidigen [&#8230;]<\/p>\n<\/div>\n<\/div>\n\n\n\n<hr class=\"wp-block-separator has-css-opacity\"\/>\n\n\n\n<div class=\"wp-block-columns is-layout-flex wp-container-core-columns-is-layout-9d6595d7 wp-block-columns-is-layout-flex\">\n<div class=\"wp-block-column is-layout-flow wp-block-column-is-layout-flow\" style=\"flex-basis:33.33%\">\n<figure class=\"wp-block-image size-large\"><img loading=\"lazy\" decoding=\"async\" width=\"300\" height=\"300\" src=\"https:\/\/www.humanium.org\/de\/wp-content\/uploads\/2020\/10\/climate_refugees_300x300.jpg\" alt=\"\" class=\"wp-image-13668\" srcset=\"https:\/\/www.humanium.org\/de\/wp-content\/uploads\/2020\/10\/climate_refugees_300x300.jpg 300w, https:\/\/www.humanium.org\/de\/wp-content\/uploads\/2020\/10\/climate_refugees_300x300-150x150.jpg 150w, https:\/\/www.humanium.org\/de\/wp-content\/uploads\/2020\/10\/climate_refugees_300x300-230x230.jpg 230w\" sizes=\"auto, (max-width: 300px) 100vw, 300px\" \/><\/figure>\n\n\n\n<p><\/p>\n<\/div>\n\n\n\n<div class=\"wp-block-column is-layout-flow wp-block-column-is-layout-flow\" style=\"flex-basis:66.66%\">\n<h2 class=\"wp-block-heading\"><a href=\"https:\/\/www.humanium.org\/de\/themenschwerpunkte\/umwelt\/klimafluechtlingskinder\/\">Klimafl\u00fcchtlingskinder<\/a><\/h2>\n\n\n\n<p>In den letzten Jahren hat der Begriff \u201eKlimafl\u00fcchtlinge\u201c neue Bedeutung erlangt, seitdem die globale Klimakatastrophe die Lebensgrundlagen von Millionen von Menschen bedroht und viele von ihnen ihre <a href=\"about:blank\">Heimat verlassen<\/a> mussten. Klimafl\u00fcchtlinge sind heute eine der gr\u00f6\u00dften humanit\u00e4ren Herausforderungen (UNHCR, 2015) [&#8230;]<\/p>\n<\/div>\n<\/div>\n\n\n\n<hr class=\"wp-block-separator has-alpha-channel-opacity\"\/>\n\n\n\n<div class=\"wp-block-columns is-layout-flex wp-container-core-columns-is-layout-9d6595d7 wp-block-columns-is-layout-flex\">\n<div class=\"wp-block-column is-layout-flow wp-block-column-is-layout-flow\" style=\"flex-basis:33.33%\">\n<figure class=\"wp-block-gallery has-nested-images columns-default is-cropped wp-block-gallery-2 is-layout-flex wp-block-gallery-is-layout-flex\">\n<figure class=\"wp-block-image size-large\"><img decoding=\"async\" data-id=\"68909\" src=\"https:\/\/www.humanium.org\/en\/wp-content\/uploads\/2024\/02\/shutterstock_1294508779-1024x683.jpg\" alt=\"\" class=\"wp-image-68909\" style=\"aspect-ratio:1;object-fit:cover\"\/><\/figure>\n<\/figure>\n<\/div>\n\n\n\n<div class=\"wp-block-column is-layout-flow wp-block-column-is-layout-flow\" style=\"flex-basis:66.66%\">\n<h2 class=\"wp-block-heading\"><a href=\"https:\/\/www.humanium.org\/de\/plastikverschmutzung-und-kinderrechte\/\">Plastikverschmutzung und Kinderrechte<\/a><\/h2>\n\n\n\n<p>Keine andere Bev\u00f6lkerungsgruppe ist so gef\u00e4hrdet durch Umweltsch\u00e4den wie Kinder. Die Herstellung, Verwendung und Entsorgung von Plastik haben weitreichende Auswirkungen auf die Rechte von Kindern. Kunststoffe enthalten giftige chemische Zus\u00e4tze, die die Entwicklung von Kindern massiv gef\u00e4hrden k\u00f6nnen.<\/p>\n<\/div>\n<\/div>\n","protected":false},"excerpt":{"rendered":"<p>Umweltrechte Um ein umfassendes Verst\u00e4ndnis der Umweltrechte zu erhalten, ist es wichtig, die verschiedenen Akteure und globalen Regelungen zu betrachten, die die Umwelt- und damit die Menschenrechte beeinflussen [&#8230;] Klimakrise Die Natur ist elementar f\u00fcr unser \u00dcberleben. Dennoch wird die Menschheit gerade Zeuge einer langfristigen Zerst\u00f6rung der Natur und somit sehen wir uns nun mit [&hellip;]<\/p>\n","protected":false},"author":17,"featured_media":0,"parent":1858,"menu_order":0,"comment_status":"closed","ping_status":"closed","template":"","meta":{"footnotes":""},"class_list":["post-13667","page","type-page","status-publish","hentry"],"yoast_head":"<!-- This site is optimized with the Yoast SEO plugin v26.5 - https:\/\/yoast.com\/wordpress\/plugins\/seo\/ -->\n<title>Umwelt - Humanium<\/title>\n<meta name=\"robots\" content=\"index, follow, max-snippet:-1, max-image-preview:large, max-video-preview:-1\" \/>\n<link rel=\"canonical\" href=\"https:\/\/www.humanium.org\/de\/themenschwerpunkte\/umwelt\/\" \/>\n<meta property=\"og:locale\" content=\"de_DE\" \/>\n<meta property=\"og:type\" content=\"article\" \/>\n<meta property=\"og:title\" content=\"Umwelt - Humanium\" \/>\n<meta property=\"og:description\" content=\"Umweltrechte Um ein umfassendes Verst\u00e4ndnis der Umweltrechte zu erhalten, ist es wichtig, die verschiedenen Akteure und globalen Regelungen zu betrachten, die die Umwelt- und damit die Menschenrechte beeinflussen [&#8230;] Klimakrise Die Natur ist elementar f\u00fcr unser \u00dcberleben. Dennoch wird die Menschheit gerade Zeuge einer langfristigen Zerst\u00f6rung der Natur und somit sehen wir uns nun mit [&hellip;]\" \/>\n<meta property=\"og:url\" content=\"https:\/\/www.humanium.org\/de\/themenschwerpunkte\/umwelt\/\" \/>\n<meta property=\"og:site_name\" content=\"Humanium\" \/>\n<meta property=\"article:modified_time\" content=\"2024-02-04T09:46:08+00:00\" \/>\n<meta property=\"og:image\" content=\"https:\/\/www.humanium.org\/de\/wp-content\/uploads\/2020\/10\/image1_300x300.jpg\" \/>\n<meta name=\"twitter:card\" content=\"summary_large_image\" \/>\n<meta name=\"twitter:label1\" content=\"Gesch\u00e4tzte Lesezeit\" \/>\n\t<meta name=\"twitter:data1\" content=\"3\u00a0Minuten\" \/>\n<script type=\"application\/ld+json\" class=\"yoast-schema-graph\">{\"@context\":\"https:\/\/schema.org\",\"@graph\":[{\"@type\":\"WebPage\",\"@id\":\"https:\/\/www.humanium.org\/de\/themenschwerpunkte\/umwelt\/\",\"url\":\"https:\/\/www.humanium.org\/de\/themenschwerpunkte\/umwelt\/\",\"name\":\"Umwelt - Humanium\",\"isPartOf\":{\"@id\":\"https:\/\/www.humanium.org\/de\/#website\"},\"primaryImageOfPage\":{\"@id\":\"https:\/\/www.humanium.org\/de\/themenschwerpunkte\/umwelt\/#primaryimage\"},\"image\":{\"@id\":\"https:\/\/www.humanium.org\/de\/themenschwerpunkte\/umwelt\/#primaryimage\"},\"thumbnailUrl\":\"https:\/\/www.humanium.org\/de\/wp-content\/uploads\/2020\/10\/image1_300x300.jpg\",\"datePublished\":\"2020-10-26T09:25:22+00:00\",\"dateModified\":\"2024-02-04T09:46:08+00:00\",\"breadcrumb\":{\"@id\":\"https:\/\/www.humanium.org\/de\/themenschwerpunkte\/umwelt\/#breadcrumb\"},\"inLanguage\":\"de\",\"potentialAction\":[{\"@type\":\"ReadAction\",\"target\":[\"https:\/\/www.humanium.org\/de\/themenschwerpunkte\/umwelt\/\"]}]},{\"@type\":\"ImageObject\",\"inLanguage\":\"de\",\"@id\":\"https:\/\/www.humanium.org\/de\/themenschwerpunkte\/umwelt\/#primaryimage\",\"url\":\"https:\/\/www.humanium.org\/de\/wp-content\/uploads\/2020\/10\/image1_300x300.jpg\",\"contentUrl\":\"https:\/\/www.humanium.org\/de\/wp-content\/uploads\/2020\/10\/image1_300x300.jpg\",\"width\":300,\"height\":300},{\"@type\":\"BreadcrumbList\",\"@id\":\"https:\/\/www.humanium.org\/de\/themenschwerpunkte\/umwelt\/#breadcrumb\",\"itemListElement\":[{\"@type\":\"ListItem\",\"position\":1,\"name\":\"Home\",\"item\":\"https:\/\/www.humanium.org\/de\/\"},{\"@type\":\"ListItem\",\"position\":2,\"name\":\"Themenschwerpunkte\",\"item\":\"https:\/\/www.humanium.org\/de\/themenschwerpunkte\/\"},{\"@type\":\"ListItem\",\"position\":3,\"name\":\"Umwelt\"}]},{\"@type\":\"WebSite\",\"@id\":\"https:\/\/www.humanium.org\/de\/#website\",\"url\":\"https:\/\/www.humanium.org\/de\/\",\"name\":\"Humanium\",\"description\":\"Kinder zuerst!\",\"potentialAction\":[{\"@type\":\"SearchAction\",\"target\":{\"@type\":\"EntryPoint\",\"urlTemplate\":\"https:\/\/www.humanium.org\/de\/?s={search_term_string}\"},\"query-input\":{\"@type\":\"PropertyValueSpecification\",\"valueRequired\":true,\"valueName\":\"search_term_string\"}}],\"inLanguage\":\"de\"}]}<\/script>\n<!-- \/ Yoast SEO plugin. -->","yoast_head_json":{"title":"Umwelt - Humanium","robots":{"index":"index","follow":"follow","max-snippet":"max-snippet:-1","max-image-preview":"max-image-preview:large","max-video-preview":"max-video-preview:-1"},"canonical":"https:\/\/www.humanium.org\/de\/themenschwerpunkte\/umwelt\/","og_locale":"de_DE","og_type":"article","og_title":"Umwelt - Humanium","og_description":"Umweltrechte Um ein umfassendes Verst\u00e4ndnis der Umweltrechte zu erhalten, ist es wichtig, die verschiedenen Akteure und globalen Regelungen zu betrachten, die die Umwelt- und damit die Menschenrechte beeinflussen [&#8230;] Klimakrise Die Natur ist elementar f\u00fcr unser \u00dcberleben. Dennoch wird die Menschheit gerade Zeuge einer langfristigen Zerst\u00f6rung der Natur und somit sehen wir uns nun mit [&hellip;]","og_url":"https:\/\/www.humanium.org\/de\/themenschwerpunkte\/umwelt\/","og_site_name":"Humanium","article_modified_time":"2024-02-04T09:46:08+00:00","og_image":[{"url":"https:\/\/www.humanium.org\/de\/wp-content\/uploads\/2020\/10\/image1_300x300.jpg","type":"","width":"","height":""}],"twitter_card":"summary_large_image","twitter_misc":{"Gesch\u00e4tzte Lesezeit":"3\u00a0Minuten"},"schema":{"@context":"https:\/\/schema.org","@graph":[{"@type":"WebPage","@id":"https:\/\/www.humanium.org\/de\/themenschwerpunkte\/umwelt\/","url":"https:\/\/www.humanium.org\/de\/themenschwerpunkte\/umwelt\/","name":"Umwelt - Humanium","isPartOf":{"@id":"https:\/\/www.humanium.org\/de\/#website"},"primaryImageOfPage":{"@id":"https:\/\/www.humanium.org\/de\/themenschwerpunkte\/umwelt\/#primaryimage"},"image":{"@id":"https:\/\/www.humanium.org\/de\/themenschwerpunkte\/umwelt\/#primaryimage"},"thumbnailUrl":"https:\/\/www.humanium.org\/de\/wp-content\/uploads\/2020\/10\/image1_300x300.jpg","datePublished":"2020-10-26T09:25:22+00:00","dateModified":"2024-02-04T09:46:08+00:00","breadcrumb":{"@id":"https:\/\/www.humanium.org\/de\/themenschwerpunkte\/umwelt\/#breadcrumb"},"inLanguage":"de","potentialAction":[{"@type":"ReadAction","target":["https:\/\/www.humanium.org\/de\/themenschwerpunkte\/umwelt\/"]}]},{"@type":"ImageObject","inLanguage":"de","@id":"https:\/\/www.humanium.org\/de\/themenschwerpunkte\/umwelt\/#primaryimage","url":"https:\/\/www.humanium.org\/de\/wp-content\/uploads\/2020\/10\/image1_300x300.jpg","contentUrl":"https:\/\/www.humanium.org\/de\/wp-content\/uploads\/2020\/10\/image1_300x300.jpg","width":300,"height":300},{"@type":"BreadcrumbList","@id":"https:\/\/www.humanium.org\/de\/themenschwerpunkte\/umwelt\/#breadcrumb","itemListElement":[{"@type":"ListItem","position":1,"name":"Home","item":"https:\/\/www.humanium.org\/de\/"},{"@type":"ListItem","position":2,"name":"Themenschwerpunkte","item":"https:\/\/www.humanium.org\/de\/themenschwerpunkte\/"},{"@type":"ListItem","position":3,"name":"Umwelt"}]},{"@type":"WebSite","@id":"https:\/\/www.humanium.org\/de\/#website","url":"https:\/\/www.humanium.org\/de\/","name":"Humanium","description":"Kinder zuerst!","potentialAction":[{"@type":"SearchAction","target":{"@type":"EntryPoint","urlTemplate":"https:\/\/www.humanium.org\/de\/?s={search_term_string}"},"query-input":{"@type":"PropertyValueSpecification","valueRequired":true,"valueName":"search_term_string"}}],"inLanguage":"de"}]}},"_links":{"self":[{"href":"https:\/\/www.humanium.org\/de\/wp-json\/wp\/v2\/pages\/13667","targetHints":{"allow":["GET"]}}],"collection":[{"href":"https:\/\/www.humanium.org\/de\/wp-json\/wp\/v2\/pages"}],"about":[{"href":"https:\/\/www.humanium.org\/de\/wp-json\/wp\/v2\/types\/page"}],"author":[{"embeddable":true,"href":"https:\/\/www.humanium.org\/de\/wp-json\/wp\/v2\/users\/17"}],"replies":[{"embeddable":true,"href":"https:\/\/www.humanium.org\/de\/wp-json\/wp\/v2\/comments?post=13667"}],"version-history":[{"count":11,"href":"https:\/\/www.humanium.org\/de\/wp-json\/wp\/v2\/pages\/13667\/revisions"}],"predecessor-version":[{"id":17384,"href":"https:\/\/www.humanium.org\/de\/wp-json\/wp\/v2\/pages\/13667\/revisions\/17384"}],"up":[{"embeddable":true,"href":"https:\/\/www.humanium.org\/de\/wp-json\/wp\/v2\/pages\/1858"}],"wp:attachment":[{"href":"https:\/\/www.humanium.org\/de\/wp-json\/wp\/v2\/media?parent=13667"}],"curies":[{"name":"wp","href":"https:\/\/api.w.org\/{rel}","templated":true}]}}