{"id":14468,"date":"2021-05-02T18:27:07","date_gmt":"2021-05-02T18:27:07","guid":{"rendered":"https:\/\/www.humanium.org\/de\/?page_id=14468"},"modified":"2021-05-02T19:01:37","modified_gmt":"2021-05-02T19:01:37","slug":"die-richtlinien-der-kinderrechtskonvention","status":"publish","type":"page","link":"https:\/\/www.humanium.org\/de\/die-richtlinien-der-kinderrechtskonvention\/","title":{"rendered":"Die Richtlinien der Kinderrechtskonvention"},"content":{"rendered":"\n<p><strong>Die <a href=\"https:\/\/www.humanium.org\/de\/konvention\/\">UN-Kinderrechtskonvention (KRK oder die Konvention)<\/a> hat vier wesentliche Grunds\u00e4tze zur Folge, die die Anwendung, Umsetzung und Auslegung der <a href=\"https:\/\/www.humanium.org\/de\/konvention\/\">Konvention<\/a> leiten und die in jedem Recht und jedem Artikel der Konvention unterliegen. In der Praxis h\u00e4ngen diese vier Grunds\u00e4tze zusammen. Sie k\u00f6nnen nicht angewendet werden, ohne die anderen in Betracht zu ziehen und m\u00fcssen sowohl normativ (als Recht) als auch instrumentell (als Richtlinie) verstanden werden.&nbsp;<\/strong><\/p>\n\n\n\n<figure class=\"wp-block-image size-large\"><img loading=\"lazy\" decoding=\"async\" width=\"1024\" height=\"574\" src=\"https:\/\/www.humanium.org\/de\/wp-content\/uploads\/2021\/05\/shutterstock_258035060-1024x574.jpg\" alt=\"\" class=\"wp-image-14471\" srcset=\"https:\/\/www.humanium.org\/de\/wp-content\/uploads\/2021\/05\/shutterstock_258035060-1024x574.jpg 1024w, https:\/\/www.humanium.org\/de\/wp-content\/uploads\/2021\/05\/shutterstock_258035060-300x168.jpg 300w, https:\/\/www.humanium.org\/de\/wp-content\/uploads\/2021\/05\/shutterstock_258035060-768x430.jpg 768w, https:\/\/www.humanium.org\/de\/wp-content\/uploads\/2021\/05\/shutterstock_258035060-1536x861.jpg 1536w, https:\/\/www.humanium.org\/de\/wp-content\/uploads\/2021\/05\/shutterstock_258035060-2048x1148.jpg 2048w, https:\/\/www.humanium.org\/de\/wp-content\/uploads\/2021\/05\/shutterstock_258035060-830x465.jpg 830w, https:\/\/www.humanium.org\/de\/wp-content\/uploads\/2021\/05\/shutterstock_258035060-230x129.jpg 230w, https:\/\/www.humanium.org\/de\/wp-content\/uploads\/2021\/05\/shutterstock_258035060-350x196.jpg 350w, https:\/\/www.humanium.org\/de\/wp-content\/uploads\/2021\/05\/shutterstock_258035060-480x269.jpg 480w\" sizes=\"auto, (max-width: 1024px) 100vw, 1024px\" \/><\/figure>\n\n\n\n<h2 class=\"wp-block-heading\"><strong><a href=\"https:\/\/www.humanium.org\/de\/der-grundsatz-der-nichtdiskriminierung\/\" target=\"_blank\" rel=\"noreferrer noopener\">Der Grundsatz der Nichtdiskriminierung<\/a><\/strong><\/h2>\n\n\n\n<p>Der Grundsatz der Nichtdiskriminierung strebt an zu garantieren, dass ausnahmslos jedes Kind seine Rechte unabh\u00e4ngig von seiner \u201eRasse, der Hautfarbe, dem Geschlecht, der Sprache, der Religion, der politischen oder sonstigen Anschauung, der nationalen, ethnischen oder sozialen Herkunft, des Verm\u00f6gens, einer Behinderung, der Geburt oder des sonstigen Status des Kindes, seiner Eltern oder seines Vormunds\u201c genie\u00dfen kann.&nbsp;<\/p>\n\n\n\n<h2 class=\"wp-block-heading\"><strong><a href=\"https:\/\/www.humanium.org\/de\/der-grundsatz-des-wohl-des-kindes\/\" target=\"_blank\" rel=\"noreferrer noopener\">Der Grundsatz des \u201eWohl des Kindes\u201c\u00a0<\/a><\/strong><\/h2>\n\n\n\n<p>Der Grundsatz des \u201eWohl des Kindes\u201c stellt sicher, dass \u201eBei allen Ma\u00dfnahmen, die Kinder betreffen [&#8230;] das Wohl des Kindes ein Gesichtspunkt [ist], der vorrangig zu ber\u00fccksichtigen ist\u201c.&nbsp;<\/p>\n\n\n\n<h2 class=\"wp-block-heading\"><strong><a href=\"https:\/\/www.humanium.org\/de\/der-grundsatz-vom-leben-ueberleben-und-der-entwicklung\/\" target=\"_blank\" rel=\"noreferrer noopener\">Der Grundsatz vom Leben, \u00dcberleben und der Entwicklung<\/a><\/strong><\/h2>\n\n\n\n<p>Der Grundsatz vom \u00dcberleben und von der Entwicklung garantiert dem Kind nicht nur das Recht, nicht get\u00f6tet zu werden, sondern auch ein h\u00f6chstm\u00f6gliches Ma\u00df an wirtschaftlichen und sozialen Rechten.<\/p>\n\n\n\n<h2 class=\"wp-block-heading\"><strong><a href=\"https:\/\/www.humanium.org\/de\/der-grundsatz-der-inklusion-und-mitbestimmung\/\" target=\"_blank\" rel=\"noreferrer noopener\">Der Grundsatz der Inklusion und Mitbestimmung<\/a><\/strong><\/h2>\n\n\n\n<p>Der Grundsatz der Inklusion und Mitbestimmung legt nicht nur fest, dass jedes Kind seine Meinung ausdr\u00fccken kann. Jedes Kind hat vielmehr auch das Recht, dass seine Ansichten und Meinungen respektiert werden.<\/p>\n","protected":false},"excerpt":{"rendered":"<p>Die UN-Kinderrechtskonvention (KRK oder die Konvention) hat vier wesentliche Grunds\u00e4tze zur Folge, die die Anwendung, Umsetzung und Auslegung der Konvention leiten und die in jedem Recht und jedem Artikel der Konvention unterliegen. In der Praxis h\u00e4ngen diese vier Grunds\u00e4tze zusammen. Sie k\u00f6nnen nicht angewendet werden, ohne die anderen in Betracht zu ziehen und m\u00fcssen sowohl [&hellip;]<\/p>\n","protected":false},"author":21,"featured_media":14471,"parent":0,"menu_order":0,"comment_status":"closed","ping_status":"closed","template":"","meta":{"footnotes":""},"class_list":["post-14468","page","type-page","status-publish","has-post-thumbnail","hentry"],"yoast_head":"<!-- This site is optimized with the Yoast SEO plugin v26.5 - https:\/\/yoast.com\/wordpress\/plugins\/seo\/ -->\n<title>Die Richtlinien der Kinderrechtskonvention - Humanium<\/title>\n<meta name=\"description\" content=\"Die UN-Kinderrechtskonvention hat vier wesentliche Grunds\u00e4tze zur Folge, die die Anwendung, Umsetzung und Auslegung der Konvention leiten.\" \/>\n<meta name=\"robots\" content=\"index, follow, max-snippet:-1, max-image-preview:large, max-video-preview:-1\" \/>\n<link rel=\"canonical\" href=\"https:\/\/www.humanium.org\/de\/die-richtlinien-der-kinderrechtskonvention\/\" \/>\n<meta property=\"og:locale\" content=\"de_DE\" \/>\n<meta property=\"og:type\" content=\"article\" \/>\n<meta property=\"og:title\" content=\"Die Richtlinien der Kinderrechtskonvention - Humanium\" \/>\n<meta property=\"og:description\" content=\"Die UN-Kinderrechtskonvention hat vier wesentliche Grunds\u00e4tze zur Folge, die die Anwendung, Umsetzung und Auslegung der Konvention leiten.\" \/>\n<meta property=\"og:url\" content=\"https:\/\/www.humanium.org\/de\/die-richtlinien-der-kinderrechtskonvention\/\" \/>\n<meta property=\"og:site_name\" content=\"Humanium\" \/>\n<meta property=\"article:modified_time\" content=\"2021-05-02T19:01:37+00:00\" \/>\n<meta property=\"og:image\" content=\"https:\/\/www.humanium.org\/de\/wp-content\/uploads\/2021\/05\/shutterstock_258035060-scaled.jpg\" \/>\n\t<meta property=\"og:image:width\" content=\"2560\" \/>\n\t<meta property=\"og:image:height\" content=\"1435\" \/>\n\t<meta property=\"og:image:type\" content=\"image\/jpeg\" \/>\n<meta name=\"twitter:card\" content=\"summary_large_image\" \/>\n<meta name=\"twitter:label1\" content=\"Gesch\u00e4tzte Lesezeit\" \/>\n\t<meta name=\"twitter:data1\" content=\"2\u00a0Minuten\" \/>\n<script type=\"application\/ld+json\" class=\"yoast-schema-graph\">{\"@context\":\"https:\/\/schema.org\",\"@graph\":[{\"@type\":\"WebPage\",\"@id\":\"https:\/\/www.humanium.org\/de\/die-richtlinien-der-kinderrechtskonvention\/\",\"url\":\"https:\/\/www.humanium.org\/de\/die-richtlinien-der-kinderrechtskonvention\/\",\"name\":\"Die Richtlinien der Kinderrechtskonvention - Humanium\",\"isPartOf\":{\"@id\":\"https:\/\/www.humanium.org\/de\/#website\"},\"primaryImageOfPage\":{\"@id\":\"https:\/\/www.humanium.org\/de\/die-richtlinien-der-kinderrechtskonvention\/#primaryimage\"},\"image\":{\"@id\":\"https:\/\/www.humanium.org\/de\/die-richtlinien-der-kinderrechtskonvention\/#primaryimage\"},\"thumbnailUrl\":\"https:\/\/www.humanium.org\/de\/wp-content\/uploads\/2021\/05\/shutterstock_258035060-scaled.jpg\",\"datePublished\":\"2021-05-02T18:27:07+00:00\",\"dateModified\":\"2021-05-02T19:01:37+00:00\",\"description\":\"Die UN-Kinderrechtskonvention hat vier wesentliche Grunds\u00e4tze zur Folge, die die Anwendung, Umsetzung und Auslegung der Konvention leiten.\",\"breadcrumb\":{\"@id\":\"https:\/\/www.humanium.org\/de\/die-richtlinien-der-kinderrechtskonvention\/#breadcrumb\"},\"inLanguage\":\"de\",\"potentialAction\":[{\"@type\":\"ReadAction\",\"target\":[\"https:\/\/www.humanium.org\/de\/die-richtlinien-der-kinderrechtskonvention\/\"]}]},{\"@type\":\"ImageObject\",\"inLanguage\":\"de\",\"@id\":\"https:\/\/www.humanium.org\/de\/die-richtlinien-der-kinderrechtskonvention\/#primaryimage\",\"url\":\"https:\/\/www.humanium.org\/de\/wp-content\/uploads\/2021\/05\/shutterstock_258035060-scaled.jpg\",\"contentUrl\":\"https:\/\/www.humanium.org\/de\/wp-content\/uploads\/2021\/05\/shutterstock_258035060-scaled.jpg\",\"width\":2560,\"height\":1435},{\"@type\":\"BreadcrumbList\",\"@id\":\"https:\/\/www.humanium.org\/de\/die-richtlinien-der-kinderrechtskonvention\/#breadcrumb\",\"itemListElement\":[{\"@type\":\"ListItem\",\"position\":1,\"name\":\"Home\",\"item\":\"https:\/\/www.humanium.org\/de\/\"},{\"@type\":\"ListItem\",\"position\":2,\"name\":\"Die Richtlinien der Kinderrechtskonvention\"}]},{\"@type\":\"WebSite\",\"@id\":\"https:\/\/www.humanium.org\/de\/#website\",\"url\":\"https:\/\/www.humanium.org\/de\/\",\"name\":\"Humanium\",\"description\":\"Kinder zuerst!\",\"potentialAction\":[{\"@type\":\"SearchAction\",\"target\":{\"@type\":\"EntryPoint\",\"urlTemplate\":\"https:\/\/www.humanium.org\/de\/?s={search_term_string}\"},\"query-input\":{\"@type\":\"PropertyValueSpecification\",\"valueRequired\":true,\"valueName\":\"search_term_string\"}}],\"inLanguage\":\"de\"}]}<\/script>\n<!-- \/ Yoast SEO plugin. -->","yoast_head_json":{"title":"Die Richtlinien der Kinderrechtskonvention - Humanium","description":"Die UN-Kinderrechtskonvention hat vier wesentliche Grunds\u00e4tze zur Folge, die die Anwendung, Umsetzung und Auslegung der Konvention leiten.","robots":{"index":"index","follow":"follow","max-snippet":"max-snippet:-1","max-image-preview":"max-image-preview:large","max-video-preview":"max-video-preview:-1"},"canonical":"https:\/\/www.humanium.org\/de\/die-richtlinien-der-kinderrechtskonvention\/","og_locale":"de_DE","og_type":"article","og_title":"Die Richtlinien der Kinderrechtskonvention - Humanium","og_description":"Die UN-Kinderrechtskonvention hat vier wesentliche Grunds\u00e4tze zur Folge, die die Anwendung, Umsetzung und Auslegung der Konvention leiten.","og_url":"https:\/\/www.humanium.org\/de\/die-richtlinien-der-kinderrechtskonvention\/","og_site_name":"Humanium","article_modified_time":"2021-05-02T19:01:37+00:00","og_image":[{"width":2560,"height":1435,"url":"https:\/\/www.humanium.org\/de\/wp-content\/uploads\/2021\/05\/shutterstock_258035060-scaled.jpg","type":"image\/jpeg"}],"twitter_card":"summary_large_image","twitter_misc":{"Gesch\u00e4tzte Lesezeit":"2\u00a0Minuten"},"schema":{"@context":"https:\/\/schema.org","@graph":[{"@type":"WebPage","@id":"https:\/\/www.humanium.org\/de\/die-richtlinien-der-kinderrechtskonvention\/","url":"https:\/\/www.humanium.org\/de\/die-richtlinien-der-kinderrechtskonvention\/","name":"Die Richtlinien der Kinderrechtskonvention - Humanium","isPartOf":{"@id":"https:\/\/www.humanium.org\/de\/#website"},"primaryImageOfPage":{"@id":"https:\/\/www.humanium.org\/de\/die-richtlinien-der-kinderrechtskonvention\/#primaryimage"},"image":{"@id":"https:\/\/www.humanium.org\/de\/die-richtlinien-der-kinderrechtskonvention\/#primaryimage"},"thumbnailUrl":"https:\/\/www.humanium.org\/de\/wp-content\/uploads\/2021\/05\/shutterstock_258035060-scaled.jpg","datePublished":"2021-05-02T18:27:07+00:00","dateModified":"2021-05-02T19:01:37+00:00","description":"Die UN-Kinderrechtskonvention hat vier wesentliche Grunds\u00e4tze zur Folge, die die Anwendung, Umsetzung und Auslegung der Konvention leiten.","breadcrumb":{"@id":"https:\/\/www.humanium.org\/de\/die-richtlinien-der-kinderrechtskonvention\/#breadcrumb"},"inLanguage":"de","potentialAction":[{"@type":"ReadAction","target":["https:\/\/www.humanium.org\/de\/die-richtlinien-der-kinderrechtskonvention\/"]}]},{"@type":"ImageObject","inLanguage":"de","@id":"https:\/\/www.humanium.org\/de\/die-richtlinien-der-kinderrechtskonvention\/#primaryimage","url":"https:\/\/www.humanium.org\/de\/wp-content\/uploads\/2021\/05\/shutterstock_258035060-scaled.jpg","contentUrl":"https:\/\/www.humanium.org\/de\/wp-content\/uploads\/2021\/05\/shutterstock_258035060-scaled.jpg","width":2560,"height":1435},{"@type":"BreadcrumbList","@id":"https:\/\/www.humanium.org\/de\/die-richtlinien-der-kinderrechtskonvention\/#breadcrumb","itemListElement":[{"@type":"ListItem","position":1,"name":"Home","item":"https:\/\/www.humanium.org\/de\/"},{"@type":"ListItem","position":2,"name":"Die Richtlinien der Kinderrechtskonvention"}]},{"@type":"WebSite","@id":"https:\/\/www.humanium.org\/de\/#website","url":"https:\/\/www.humanium.org\/de\/","name":"Humanium","description":"Kinder zuerst!","potentialAction":[{"@type":"SearchAction","target":{"@type":"EntryPoint","urlTemplate":"https:\/\/www.humanium.org\/de\/?s={search_term_string}"},"query-input":{"@type":"PropertyValueSpecification","valueRequired":true,"valueName":"search_term_string"}}],"inLanguage":"de"}]}},"_links":{"self":[{"href":"https:\/\/www.humanium.org\/de\/wp-json\/wp\/v2\/pages\/14468","targetHints":{"allow":["GET"]}}],"collection":[{"href":"https:\/\/www.humanium.org\/de\/wp-json\/wp\/v2\/pages"}],"about":[{"href":"https:\/\/www.humanium.org\/de\/wp-json\/wp\/v2\/types\/page"}],"author":[{"embeddable":true,"href":"https:\/\/www.humanium.org\/de\/wp-json\/wp\/v2\/users\/21"}],"replies":[{"embeddable":true,"href":"https:\/\/www.humanium.org\/de\/wp-json\/wp\/v2\/comments?post=14468"}],"version-history":[{"count":4,"href":"https:\/\/www.humanium.org\/de\/wp-json\/wp\/v2\/pages\/14468\/revisions"}],"predecessor-version":[{"id":14496,"href":"https:\/\/www.humanium.org\/de\/wp-json\/wp\/v2\/pages\/14468\/revisions\/14496"}],"wp:featuredmedia":[{"embeddable":true,"href":"https:\/\/www.humanium.org\/de\/wp-json\/wp\/v2\/media\/14471"}],"wp:attachment":[{"href":"https:\/\/www.humanium.org\/de\/wp-json\/wp\/v2\/media?parent=14468"}],"curies":[{"name":"wp","href":"https:\/\/api.w.org\/{rel}","templated":true}]}}