{"id":14474,"date":"2021-05-02T18:33:35","date_gmt":"2021-05-02T18:33:35","guid":{"rendered":"https:\/\/www.humanium.org\/de\/?page_id=14474"},"modified":"2021-05-02T18:34:26","modified_gmt":"2021-05-02T18:34:26","slug":"der-grundsatz-der-nichtdiskriminierung","status":"publish","type":"page","link":"https:\/\/www.humanium.org\/de\/der-grundsatz-der-nichtdiskriminierung\/","title":{"rendered":"Der Grundsatz der Nichtdiskriminierung"},"content":{"rendered":"\n<p><strong>Die Gleichberechtigung ist als Grundsatz tief in der menschlichen Moralit\u00e4t verwurzelt und wird gesch\u00fctzt vom Grundsatz der Nichtdiskriminierung, welcher ein sich wiederholender und vorherrschender Grundsatz in zahlreichen internationalen Rechtsvertr\u00e4gen von Menschenrechten ist. Wir haben alle das Recht, unabh\u00e4ngig von unserer Rasse, Hautfarbe, Geschlecht, Staatsangeh\u00f6rigkeit, Sprache, Religion oder ethnischen, nationalen oder sozialen Abstammung gleichberechtigt behandelt zu werden (Artikel 1 Konvention zur Beseitigung aller Formen von Rassismus (CERD)).&nbsp;<\/strong><\/p>\n\n\n\n<figure class=\"wp-block-image size-large\"><img loading=\"lazy\" decoding=\"async\" width=\"1024\" height=\"731\" src=\"https:\/\/www.humanium.org\/de\/wp-content\/uploads\/2021\/05\/shutterstock_1283062879-1024x731.jpg\" alt=\"\" class=\"wp-image-14476\" srcset=\"https:\/\/www.humanium.org\/de\/wp-content\/uploads\/2021\/05\/shutterstock_1283062879-1024x731.jpg 1024w, https:\/\/www.humanium.org\/de\/wp-content\/uploads\/2021\/05\/shutterstock_1283062879-300x214.jpg 300w, https:\/\/www.humanium.org\/de\/wp-content\/uploads\/2021\/05\/shutterstock_1283062879-768x548.jpg 768w, https:\/\/www.humanium.org\/de\/wp-content\/uploads\/2021\/05\/shutterstock_1283062879-1536x1096.jpg 1536w, https:\/\/www.humanium.org\/de\/wp-content\/uploads\/2021\/05\/shutterstock_1283062879-2048x1462.jpg 2048w, https:\/\/www.humanium.org\/de\/wp-content\/uploads\/2021\/05\/shutterstock_1283062879-830x592.jpg 830w, https:\/\/www.humanium.org\/de\/wp-content\/uploads\/2021\/05\/shutterstock_1283062879-230x164.jpg 230w, https:\/\/www.humanium.org\/de\/wp-content\/uploads\/2021\/05\/shutterstock_1283062879-350x250.jpg 350w, https:\/\/www.humanium.org\/de\/wp-content\/uploads\/2021\/05\/shutterstock_1283062879-480x343.jpg 480w\" sizes=\"auto, (max-width: 1024px) 100vw, 1024px\" \/><\/figure>\n\n\n\n<p>Diskriminierung beschreibt die ungerechte oder benachteiligende Behandlung einer Person oder Gruppe basierend darauf, wer sie sind oder f\u00fcr wen sie gehalten werden. Behandlung kann eine Handlung, eine Entscheidung, eine Regel oder ein Gesetz sein, das zum Beispiel unterscheidend, ausschlie\u00dfend oder beschr\u00e4nkend auf eine Person oder eine Gruppe auswirkt (Artikel 1 CERD). Das Ergebnis einer solchen Behandlung ist, dass die diskriminierte Person ihre Menschenrechte oder andere legale Rechte nicht genie\u00dfen kann oder einen erheblichen Nachteil im Genie\u00dfen dieser Rechte erf\u00e4hrt.&nbsp;<\/p>\n\n\n\n<p>Diskriminierung kann von direkter oder indirekter Natur sein. Einerseits beschreibt die direkte Diskriminierung die eindeutig unterschiedliche Behandlung einer Person im Vergleich zu einer anderen Person in der gleichen Situation zu ihrem Nachteil basierend auf ihren Eigenschaften. Andererseits kann Diskriminierung indirekt stattfinden, wenn sich gleiche Behandlung oder sogenannte neutrale Behandlung deutlich unterschiedlich auf verschiedene Gruppen auswirkt.&nbsp;<\/p>\n\n\n\n<h2 class=\"wp-block-heading\"><strong>Der Grundsatz der Nichtdiskriminierung in der UN-Kinderrechtskonvention (UNKRK)<\/strong><\/h2>\n\n\n\n<p>Obwohl der Grundsatz der Nichtdiskriminierung im internationalen Recht gut etabliert ist, wurden die M\u00f6glichkeiten, wie ein Kind Diskriminierung erfahren kann, weniger beachtet. Au\u00dfer der gruppenbezogenen Diskriminierung, der sogenannten Altersdiskriminierung, und den Diskriminierungsgr\u00fcnden, die in der <a href=\"https:\/\/www.humanium.org\/de\/konvention\/\">KRK<\/a> enthalten sind, werden Kinder mit einer Vielzahl von kinderspezifischen Diskriminierungsgr\u00fcnden konfrontiert, die in den Ma\u00dfnahmen der <a href=\"https:\/\/www.humanium.org\/de\/konvention\/\">KRK<\/a> nicht explizit enthalten sind. <\/p>\n\n\n\n<p>Der flexible Charakter der <a href=\"https:\/\/www.humanium.org\/de\/konvention\/\">KRK<\/a> macht es m\u00f6glich, j\u00fcngste Entwicklungen einzuarbeiten, um eine nicht abschlie\u00dfende und indikative Auflistung an kinderspezifischen Diskriminierungsgr\u00fcnden zu erstellen, die der Ausschuss f\u00fcr die Rechte des Kindes (KRK-Ausschuss) \u00fcber seine allgemeinen Kommentare und abschlie\u00dfenden Bemerkungen entwickelt (Besson, 2005). Beispiele hierf\u00fcr sind Gr\u00fcnde der sexuellen Orientierung, Geschlechtsidentit\u00e4t (Committee on the Rights of the Child, 2019) und <a href=\"https:\/\/www.humanium.org\/de\/kinder-und-aids\/\">HIV\/AIDS<\/a> (Committee on the Rights of the Child, 2003).&nbsp;<\/p>\n\n\n\n<p>Kinder haben auch ein Recht auf Nichtdiskriminierung.\u00a0 Daher haben ausnahmslos alle Kinder das gleiche Recht, effektiven Schutz sowie die Rechte zu genie\u00dfen, die in der <a href=\"https:\/\/www.humanium.org\/de\/konvention\/\">KRK<\/a> dargelegt sind. Der Artikel 2 (1) der <a href=\"https:\/\/www.humanium.org\/de\/konvention\/\">KRK<\/a> verbietet explizit die Diskriminierung eines Kindes basierend auf der \u201eRasse, der Hautfarbe, dem Geschlecht, der Sprache, der Religion, der politischen oder sonstigen Anschauung, der nationalen, ethnischen oder sozialen Herkunft, des Verm\u00f6gens, einer Behinderung, der Geburt oder des sonstigen Status des Kindes, seiner Eltern oder seines Vormunds\u201c. <\/p>\n\n\n\n<p>Zus\u00e4tzlich werden \u201e[der] Status, [die] T\u00e4tigkeiten, [die] Meinungs\u00e4u\u00dferungen oder [die] Weltanschauung seiner Eltern, seines Vormunds oder seiner Familienangeh\u00f6rigen\u201c als verbotene Diskriminierungsgr\u00fcnde als eine positive Verpflichtung hinzugef\u00fcgt \u2013 eine Verpflichtung, um Ma\u00dfnahmen in Artikel 2 (1) zur Verhinderung und Gew\u00e4hrleistung zu ergreifen.\u00a0\u00a0<\/p>\n\n\n\n<p>Grundlegend f\u00fcr das Erreichen einer wesentlichen Gleichbehandlung und Gleichberechtigung f\u00fcr Kinder ist die Notwendigkeit, die M\u00f6glichkeit zu sehen, dass jedes Kind seine Rechte und seine Entwicklung vollst\u00e4ndig und ohne Nachteile im Vergleich zu anderen Kindern genie\u00dft. Die Voraussetzung hierf\u00fcr ist, dass Kinder vor indirekter Diskriminierung besonders gesch\u00fctzt werden, da jedes Kind seine speziellen und einzigartigen Bed\u00fcrfnisse hat, die ber\u00fccksichtigt werden m\u00fcssen.&nbsp;<\/p>\n\n\n\n<p>Die vorherrschenden Formen der Diskriminierung von Kindern beinhalten die Diskriminierung basierend auf dem Geschlecht, dem sozialen Status, der Rasse und einer Behinderung oder einem anderen Gesundheitszustand, was zu vielen Problemen f\u00fchrt, wie zum Beispiel zur Ausgrenzung von Bildung, von Entwicklungsm\u00f6glichkeiten und von der Gesellschaft sowie zu Missbrauch, zu physischer und zu sexueller Gewalt.&nbsp;<\/p>\n\n\n\n<p><strong><em>Geschrieben von Alexander Weihrauch<\/em><\/strong><\/p>\n\n\n\n<p><strong><em>\u00dcbersetzt von Jana Ruf<\/em><\/strong><\/p>\n\n\n\n<p><strong><em>Korrektur gelesen von Beate Dessewffy<\/em><\/strong><\/p>\n\n\n\n<p><strong><em>Zuletzt aktualisiert am 2. M\u00e4rz 2021<\/em><\/strong><\/p>\n\n\n\n<h4 class=\"wp-block-heading\"><strong>Quellen:<\/strong><\/h4>\n\n\n\n<p class=\"has-small-font-size\">1969 International Convention on the Elimination of All Forms of Racial Discrimination<\/p>\n\n\n\n<p class=\"has-small-font-size\">Besson, Samantha (2005), The Principle of Non-Discrimination in the Convention on the Rights of the Child, The International Journal of Children s Rights. 13: 433-461.&nbsp;<\/p>\n\n\n\n<p class=\"has-small-font-size\"><a href=\"https:\/\/www.refworld.org\/docid\/4538834e15.html\" target=\"_blank\" rel=\"noreferrer noopener\">Committee on the Rights of the Child (17 March 2003),&nbsp;<em>General comment No. 3 on HIV\/AIDS and the Rights of the Child<\/em>,&nbsp;CRC\/GC\/2003\/3,&nbsp;retrieved from reworld.org.<\/a><\/p>\n\n\n\n<p class=\"has-small-font-size\"><a href=\"http:\/\/docstore.ohchr.org\/SelfServices\/FilesHandler.ashx?enc=6QkG1d%2FPPRiCAqhKb7yhsunkTiY%2FvDoWjbtx8Nu6M%2ByIYG3fyDpw%2B8QwyPFwpfF4XTwcdqfa%2FnMA9YrB5WWESkLsxfAkjnI59pfOrCVEA3%2BlCihpq7mhQP4cj5qkW2yP\" target=\"_blank\" rel=\"noreferrer noopener\">Committee on the Rights of the Child (28 February 2019), Concluding observations on the combined fifth and sixth periodic reports of Italy, CRC\/C\/ITA\/CO\/5-6, retrieved from hdocstore.ohchr.org.<\/a><\/p>\n","protected":false},"excerpt":{"rendered":"<p>Die Gleichberechtigung ist als Grundsatz tief in der menschlichen Moralit\u00e4t verwurzelt und wird gesch\u00fctzt vom Grundsatz der Nichtdiskriminierung, welcher ein sich wiederholender und vorherrschender Grundsatz in zahlreichen internationalen Rechtsvertr\u00e4gen von Menschenrechten ist. Wir haben alle das Recht, unabh\u00e4ngig von unserer Rasse, Hautfarbe, Geschlecht, Staatsangeh\u00f6rigkeit, Sprache, Religion oder ethnischen, nationalen oder sozialen Abstammung gleichberechtigt behandelt zu [&hellip;]<\/p>\n","protected":false},"author":21,"featured_media":14476,"parent":0,"menu_order":0,"comment_status":"closed","ping_status":"closed","template":"","meta":{"footnotes":""},"class_list":["post-14474","page","type-page","status-publish","has-post-thumbnail","hentry"],"yoast_head":"<!-- This site is optimized with the Yoast SEO plugin v26.5 - https:\/\/yoast.com\/wordpress\/plugins\/seo\/ -->\n<title>Der Grundsatz der Nichtdiskriminierung - Humanium<\/title>\n<meta name=\"description\" content=\"Die Gleichberechtigung ist als Grundsatz in der menschlichen Moralit\u00e4t verwurzelt und wird gesch\u00fctzt vom Grundsatz der Nichtdiskriminierung.\" \/>\n<meta name=\"robots\" content=\"index, follow, max-snippet:-1, max-image-preview:large, max-video-preview:-1\" \/>\n<link rel=\"canonical\" href=\"https:\/\/www.humanium.org\/de\/der-grundsatz-der-nichtdiskriminierung\/\" \/>\n<meta property=\"og:locale\" content=\"de_DE\" \/>\n<meta property=\"og:type\" content=\"article\" \/>\n<meta property=\"og:title\" content=\"Der Grundsatz der Nichtdiskriminierung - Humanium\" \/>\n<meta property=\"og:description\" content=\"Die Gleichberechtigung ist als Grundsatz in der menschlichen Moralit\u00e4t verwurzelt und wird gesch\u00fctzt vom Grundsatz der Nichtdiskriminierung.\" \/>\n<meta property=\"og:url\" content=\"https:\/\/www.humanium.org\/de\/der-grundsatz-der-nichtdiskriminierung\/\" \/>\n<meta property=\"og:site_name\" content=\"Humanium\" \/>\n<meta property=\"article:modified_time\" content=\"2021-05-02T18:34:26+00:00\" \/>\n<meta property=\"og:image\" content=\"https:\/\/www.humanium.org\/de\/wp-content\/uploads\/2021\/05\/shutterstock_1283062879-scaled.jpg\" \/>\n\t<meta property=\"og:image:width\" content=\"2560\" \/>\n\t<meta property=\"og:image:height\" content=\"1827\" \/>\n\t<meta property=\"og:image:type\" content=\"image\/jpeg\" \/>\n<meta name=\"twitter:card\" content=\"summary_large_image\" \/>\n<meta name=\"twitter:label1\" content=\"Gesch\u00e4tzte Lesezeit\" \/>\n\t<meta name=\"twitter:data1\" content=\"4\u00a0Minuten\" \/>\n<script type=\"application\/ld+json\" class=\"yoast-schema-graph\">{\"@context\":\"https:\/\/schema.org\",\"@graph\":[{\"@type\":\"WebPage\",\"@id\":\"https:\/\/www.humanium.org\/de\/der-grundsatz-der-nichtdiskriminierung\/\",\"url\":\"https:\/\/www.humanium.org\/de\/der-grundsatz-der-nichtdiskriminierung\/\",\"name\":\"Der Grundsatz der Nichtdiskriminierung - Humanium\",\"isPartOf\":{\"@id\":\"https:\/\/www.humanium.org\/de\/#website\"},\"primaryImageOfPage\":{\"@id\":\"https:\/\/www.humanium.org\/de\/der-grundsatz-der-nichtdiskriminierung\/#primaryimage\"},\"image\":{\"@id\":\"https:\/\/www.humanium.org\/de\/der-grundsatz-der-nichtdiskriminierung\/#primaryimage\"},\"thumbnailUrl\":\"https:\/\/www.humanium.org\/de\/wp-content\/uploads\/2021\/05\/shutterstock_1283062879-scaled.jpg\",\"datePublished\":\"2021-05-02T18:33:35+00:00\",\"dateModified\":\"2021-05-02T18:34:26+00:00\",\"description\":\"Die Gleichberechtigung ist als Grundsatz in der menschlichen Moralit\u00e4t verwurzelt und wird gesch\u00fctzt vom Grundsatz der Nichtdiskriminierung.\",\"breadcrumb\":{\"@id\":\"https:\/\/www.humanium.org\/de\/der-grundsatz-der-nichtdiskriminierung\/#breadcrumb\"},\"inLanguage\":\"de\",\"potentialAction\":[{\"@type\":\"ReadAction\",\"target\":[\"https:\/\/www.humanium.org\/de\/der-grundsatz-der-nichtdiskriminierung\/\"]}]},{\"@type\":\"ImageObject\",\"inLanguage\":\"de\",\"@id\":\"https:\/\/www.humanium.org\/de\/der-grundsatz-der-nichtdiskriminierung\/#primaryimage\",\"url\":\"https:\/\/www.humanium.org\/de\/wp-content\/uploads\/2021\/05\/shutterstock_1283062879-scaled.jpg\",\"contentUrl\":\"https:\/\/www.humanium.org\/de\/wp-content\/uploads\/2021\/05\/shutterstock_1283062879-scaled.jpg\",\"width\":2560,\"height\":1827},{\"@type\":\"BreadcrumbList\",\"@id\":\"https:\/\/www.humanium.org\/de\/der-grundsatz-der-nichtdiskriminierung\/#breadcrumb\",\"itemListElement\":[{\"@type\":\"ListItem\",\"position\":1,\"name\":\"Home\",\"item\":\"https:\/\/www.humanium.org\/de\/\"},{\"@type\":\"ListItem\",\"position\":2,\"name\":\"Der Grundsatz der Nichtdiskriminierung\"}]},{\"@type\":\"WebSite\",\"@id\":\"https:\/\/www.humanium.org\/de\/#website\",\"url\":\"https:\/\/www.humanium.org\/de\/\",\"name\":\"Humanium\",\"description\":\"Kinder zuerst!\",\"potentialAction\":[{\"@type\":\"SearchAction\",\"target\":{\"@type\":\"EntryPoint\",\"urlTemplate\":\"https:\/\/www.humanium.org\/de\/?s={search_term_string}\"},\"query-input\":{\"@type\":\"PropertyValueSpecification\",\"valueRequired\":true,\"valueName\":\"search_term_string\"}}],\"inLanguage\":\"de\"}]}<\/script>\n<!-- \/ Yoast SEO plugin. -->","yoast_head_json":{"title":"Der Grundsatz der Nichtdiskriminierung - Humanium","description":"Die Gleichberechtigung ist als Grundsatz in der menschlichen Moralit\u00e4t verwurzelt und wird gesch\u00fctzt vom Grundsatz der Nichtdiskriminierung.","robots":{"index":"index","follow":"follow","max-snippet":"max-snippet:-1","max-image-preview":"max-image-preview:large","max-video-preview":"max-video-preview:-1"},"canonical":"https:\/\/www.humanium.org\/de\/der-grundsatz-der-nichtdiskriminierung\/","og_locale":"de_DE","og_type":"article","og_title":"Der Grundsatz der Nichtdiskriminierung - Humanium","og_description":"Die Gleichberechtigung ist als Grundsatz in der menschlichen Moralit\u00e4t verwurzelt und wird gesch\u00fctzt vom Grundsatz der Nichtdiskriminierung.","og_url":"https:\/\/www.humanium.org\/de\/der-grundsatz-der-nichtdiskriminierung\/","og_site_name":"Humanium","article_modified_time":"2021-05-02T18:34:26+00:00","og_image":[{"width":2560,"height":1827,"url":"https:\/\/www.humanium.org\/de\/wp-content\/uploads\/2021\/05\/shutterstock_1283062879-scaled.jpg","type":"image\/jpeg"}],"twitter_card":"summary_large_image","twitter_misc":{"Gesch\u00e4tzte Lesezeit":"4\u00a0Minuten"},"schema":{"@context":"https:\/\/schema.org","@graph":[{"@type":"WebPage","@id":"https:\/\/www.humanium.org\/de\/der-grundsatz-der-nichtdiskriminierung\/","url":"https:\/\/www.humanium.org\/de\/der-grundsatz-der-nichtdiskriminierung\/","name":"Der Grundsatz der Nichtdiskriminierung - Humanium","isPartOf":{"@id":"https:\/\/www.humanium.org\/de\/#website"},"primaryImageOfPage":{"@id":"https:\/\/www.humanium.org\/de\/der-grundsatz-der-nichtdiskriminierung\/#primaryimage"},"image":{"@id":"https:\/\/www.humanium.org\/de\/der-grundsatz-der-nichtdiskriminierung\/#primaryimage"},"thumbnailUrl":"https:\/\/www.humanium.org\/de\/wp-content\/uploads\/2021\/05\/shutterstock_1283062879-scaled.jpg","datePublished":"2021-05-02T18:33:35+00:00","dateModified":"2021-05-02T18:34:26+00:00","description":"Die Gleichberechtigung ist als Grundsatz in der menschlichen Moralit\u00e4t verwurzelt und wird gesch\u00fctzt vom Grundsatz der Nichtdiskriminierung.","breadcrumb":{"@id":"https:\/\/www.humanium.org\/de\/der-grundsatz-der-nichtdiskriminierung\/#breadcrumb"},"inLanguage":"de","potentialAction":[{"@type":"ReadAction","target":["https:\/\/www.humanium.org\/de\/der-grundsatz-der-nichtdiskriminierung\/"]}]},{"@type":"ImageObject","inLanguage":"de","@id":"https:\/\/www.humanium.org\/de\/der-grundsatz-der-nichtdiskriminierung\/#primaryimage","url":"https:\/\/www.humanium.org\/de\/wp-content\/uploads\/2021\/05\/shutterstock_1283062879-scaled.jpg","contentUrl":"https:\/\/www.humanium.org\/de\/wp-content\/uploads\/2021\/05\/shutterstock_1283062879-scaled.jpg","width":2560,"height":1827},{"@type":"BreadcrumbList","@id":"https:\/\/www.humanium.org\/de\/der-grundsatz-der-nichtdiskriminierung\/#breadcrumb","itemListElement":[{"@type":"ListItem","position":1,"name":"Home","item":"https:\/\/www.humanium.org\/de\/"},{"@type":"ListItem","position":2,"name":"Der Grundsatz der Nichtdiskriminierung"}]},{"@type":"WebSite","@id":"https:\/\/www.humanium.org\/de\/#website","url":"https:\/\/www.humanium.org\/de\/","name":"Humanium","description":"Kinder zuerst!","potentialAction":[{"@type":"SearchAction","target":{"@type":"EntryPoint","urlTemplate":"https:\/\/www.humanium.org\/de\/?s={search_term_string}"},"query-input":{"@type":"PropertyValueSpecification","valueRequired":true,"valueName":"search_term_string"}}],"inLanguage":"de"}]}},"_links":{"self":[{"href":"https:\/\/www.humanium.org\/de\/wp-json\/wp\/v2\/pages\/14474","targetHints":{"allow":["GET"]}}],"collection":[{"href":"https:\/\/www.humanium.org\/de\/wp-json\/wp\/v2\/pages"}],"about":[{"href":"https:\/\/www.humanium.org\/de\/wp-json\/wp\/v2\/types\/page"}],"author":[{"embeddable":true,"href":"https:\/\/www.humanium.org\/de\/wp-json\/wp\/v2\/users\/21"}],"replies":[{"embeddable":true,"href":"https:\/\/www.humanium.org\/de\/wp-json\/wp\/v2\/comments?post=14474"}],"version-history":[{"count":3,"href":"https:\/\/www.humanium.org\/de\/wp-json\/wp\/v2\/pages\/14474\/revisions"}],"predecessor-version":[{"id":14478,"href":"https:\/\/www.humanium.org\/de\/wp-json\/wp\/v2\/pages\/14474\/revisions\/14478"}],"wp:featuredmedia":[{"embeddable":true,"href":"https:\/\/www.humanium.org\/de\/wp-json\/wp\/v2\/media\/14476"}],"wp:attachment":[{"href":"https:\/\/www.humanium.org\/de\/wp-json\/wp\/v2\/media?parent=14474"}],"curies":[{"name":"wp","href":"https:\/\/api.w.org\/{rel}","templated":true}]}}