{"id":14480,"date":"2021-05-02T18:44:59","date_gmt":"2021-05-02T18:44:59","guid":{"rendered":"https:\/\/www.humanium.org\/de\/?page_id=14480"},"modified":"2022-10-19T10:04:20","modified_gmt":"2022-10-19T10:04:20","slug":"der-grundsatz-des-wohl-des-kindes","status":"publish","type":"page","link":"https:\/\/www.humanium.org\/de\/der-grundsatz-des-wohl-des-kindes\/","title":{"rendered":"Der Grundsatz des \u201eWohl des Kindes\u201c"},"content":{"rendered":"\n<p><strong>Der Grundsatz des \u201eWohl des Kindes\u201c wird in Artikel 3 (1) der <a href=\"https:\/\/www.humanium.org\/de\/konvention\/\">UN-Kinderrechtskonvention (KRK)<\/a> eingef\u00fchrt, die vorsieht, dass \u201ebei allen Ma\u00dfnahmen, die Kinder betreffen, gleich viel ob sie von \u00f6ffentlichen oder privaten Einrichtungen der sozialen F\u00fcrsorge, Gerichten, Verwaltungsbeh\u00f6rden oder Gesetzgebungsorganen getroffen werden, [&#8230;] das Wohl des Kindes ein Gesichtspunkt [ist], der vorrangig zu ber\u00fccksichtigen ist\u201c.<\/strong><\/p>\n\n\n\n<figure class=\"wp-block-image size-large\"><img loading=\"lazy\" decoding=\"async\" width=\"1024\" height=\"696\" src=\"https:\/\/www.humanium.org\/de\/wp-content\/uploads\/2021\/05\/shutterstock_772421353-1024x696.jpg\" alt=\"\" class=\"wp-image-14481\" srcset=\"https:\/\/www.humanium.org\/de\/wp-content\/uploads\/2021\/05\/shutterstock_772421353-1024x696.jpg 1024w, https:\/\/www.humanium.org\/de\/wp-content\/uploads\/2021\/05\/shutterstock_772421353-300x204.jpg 300w, https:\/\/www.humanium.org\/de\/wp-content\/uploads\/2021\/05\/shutterstock_772421353-768x522.jpg 768w, https:\/\/www.humanium.org\/de\/wp-content\/uploads\/2021\/05\/shutterstock_772421353-1536x1044.jpg 1536w, https:\/\/www.humanium.org\/de\/wp-content\/uploads\/2021\/05\/shutterstock_772421353-2048x1392.jpg 2048w, https:\/\/www.humanium.org\/de\/wp-content\/uploads\/2021\/05\/shutterstock_772421353-830x564.jpg 830w, https:\/\/www.humanium.org\/de\/wp-content\/uploads\/2021\/05\/shutterstock_772421353-230x156.jpg 230w, https:\/\/www.humanium.org\/de\/wp-content\/uploads\/2021\/05\/shutterstock_772421353-350x238.jpg 350w, https:\/\/www.humanium.org\/de\/wp-content\/uploads\/2021\/05\/shutterstock_772421353-480x326.jpg 480w\" sizes=\"auto, (max-width: 1024px) 100vw, 1024px\" \/><\/figure>\n\n\n\n<h2 class=\"wp-block-heading\"><strong>Ursprung<\/strong><\/h2>\n\n\n\n<p>Fr\u00fchere Menschen- und Kinderrechtsinstrumente, wie die Erkl\u00e4rung der Rechte des Kindes 1959, die UN-Konvention zur Beseitigung jeder Form von Diskriminierung der Frau 1979 und andere Instrumente, wie zum Beispiel das \u00dcbereinkommen \u00fcber die Rechte von Menschen mit Behinderungen 2006 definieren den Grundsatz als \u201eausschlaggebende\u201c (Prinzip 2 der Erkl\u00e4rung der Rechte des Kindes von 1959), \u201eoberste\u201c (Artikel 5(b) 1979 UN-Konvention zur Beseitigung jeder Form von Diskriminierung der Frau) und \u201evorrangige\u201c (Artikel 7 des \u00dcbereinkommens \u00fcber die Rechte von Menschen mit Behinderungen) \u00dcberlegung, was die Bedeutung des Grundsatzes hervorhebt. Ebenso erh\u00f6hen regionale Kinderrechtsinstrumente, wie die Afrikanische Charta \u00fcber die Rechte und das Wohlergehen des Kindes, das Gewicht des Grundsatzes, \u201eder vorrangig zu ber\u00fccksichtigen ist\u201c (Kilkelly <em>et al<\/em>, 2019).&nbsp;<\/p>\n\n\n\n<h2 class=\"wp-block-heading\"><strong>Zentrale Begriffe<\/strong><\/h2>\n\n\n\n<p>F\u00fcr ein besseres Verst\u00e4ndnis dieses Artikels, m\u00fcssen zentrale Begriffe erkl\u00e4rt und definiert werden:<\/p>\n\n\n\n<h3 class=\"wp-block-heading\"><em>\u201eBei allen Ma\u00dfnahmen\u201c<\/em><\/h3>\n\n\n\n<p>Der Begriff \u201e<em>Bei allen Ma\u00dfnahmen<\/em>\u201c schlie\u00dft alle Entscheidungen, Handlungen, Verhaltensweisen, Vorschl\u00e4ge, Dienstleistungen, Vorg\u00e4nge und andere Ma\u00dfnahmen ein, inklusive Unt\u00e4tigkeit und Unterlassen (Committee on the Rights of the Child, 2013). Dieser Begriff deutet an, dass es in Situationen, die Kinder einschlie\u00dfen oder betreffen, keine Einschr\u00e4nkungen der Anwendung des Grundsatzes gibt (Tobin, 2019).<\/p>\n\n\n\n<h3 class=\"wp-block-heading\"><em>\u201eBetreffen\u201c<\/em><\/h3>\n\n\n\n<p>\u201e<em>Betreffen<\/em>\u201c bezieht sich auf alle Arten der Ma\u00dfnahmen, die Kinder direkt oder indirekt tangieren. Au\u00dferdem muss \u201ebetreffen\u201c einschlie\u00dflich als relevant f\u00fcr interpretiert werden, mit einer Auswirkung auf Kinder oder Kinder tangierend (Committee on the Rights of the Child, 2012).&nbsp;&nbsp;<\/p>\n\n\n\n<h3 class=\"wp-block-heading\"><em>\u201eZu ber\u00fccksichtigen ist\u201c<\/em><\/h3>\n\n\n\n<p><em>&nbsp;<\/em>Der Ausschuss f\u00fcr die Rechte des Kindes (KRK-Ausschuss) erl\u00e4uterte, dass der Begriff \u201ezu ber\u00fccksichtigen ist\u201c starke legale Verpflichtungen der Vertragsstaaten beinhaltet und deswegen keine Ermessensfreiheit oder Flexibilit\u00e4t garantiert, ob der Grundsatz des \u201eWohl des Kindes\u201c bemessen werden muss (Committee on the Rights of the Child, 2013).<\/p>\n\n\n\n<h3 class=\"wp-block-heading\"><em>\u201eVorrangig zu ber\u00fccksichtigen\u201c<\/em><\/h3>\n\n\n\n<p>Artikel 3 (1) legt fest, dass der Grundsatz des \u201eWohl des Kindes [&#8230;] vorrangig zu ber\u00fccksichtigen ist\u201c, was besonderen Schutz f\u00fcr Kinder in allen Situationen gew\u00e4hrleistet und ihre besondere Verletzbarkeit anerkennt (Kilkelly <em>et al<\/em>, 2019). Der Grundsatz ist unver\u00e4u\u00dferlich. Dies bedeutet, dass er selbst zu Zeiten von Notf\u00e4llen nicht eingeschr\u00e4nkt werden kann (Committee on the Rights of the Child, 1992).&nbsp;&nbsp;<\/p>\n\n\n\n<p>Die am Entwurf Beteiligten und der KRK-Ausschuss beabsichtigten, eine Priorisierung und h\u00f6here Bedeutung gleichgewichtig mit einem Interesse von anderen Personen, Gruppen oder Entit\u00e4ten zuzuweisen, ohne den flexiblen und anpassungsf\u00e4higen Charakter aufzuheben, indem der Grundsatz \u201evorrangig zu ber\u00fccksichtigen\u201c ist (UN Economic and Social Council, 1981). Diese Absicht f\u00fchrte dazu, dass der Grundsatz der entscheidende Faktor im Falle eines Interessenausgleichs ist, ohne den Status eines <em>per se<\/em> \u00fcbergeordneten Interesses zu bekommen (Tobin, 2019).<\/p>\n\n\n\n<p>Der KRK-Ausschuss hebt das Ziel hervor, ein harmonierendes Gleichgewicht zwischen den beteiligten Interessen zu finden unter ausdr\u00fccklicher Ber\u00fccksichtigung und einer Gewichtung des Kindeswohls in dieser speziellen Situation (Committee on the Rights of the Child, 2013). Deswegen muss die Beurteilung vor dem Abgleichen der beteiligten Interessen stattfinden, um die Verletzbarkeit eines Kindes als Individuum ad\u00e4quat zu ber\u00fccksichtigen.<\/p>\n\n\n\n<p>Zum Beispiel, im Fall ZH (Tanzania) (FC) v Secretary of State for the Home Department (ZH (Tanzania) (FC) v Secretary of State for the Home Department, 2011) pr\u00e4zisierte der oberste Gerichtshof des Vereinigten K\u00f6nigreichs, dass \u201edas Wohl des Kindes\u201c zuerst bedacht werden muss undin einem Fall, in dem kein Kompromiss gefunden wird, kann es nur durch den \u201ekumulativen Effekt anderer \u00dcberlegungen\u201c aufgewogen werden, weil der Grundsatz \u201evon Natur aus bedeutender\u201c als andere Interessen ist (ZH (Tanzania) (FC) v Secretary of State for the Home Department, 2011).&nbsp;<\/p>\n\n\n\n<h2 class=\"wp-block-heading\"><strong>Der Grundsatz in der Praxis<\/strong><\/h2>\n\n\n\n<p>In der Praxis muss der Grundsatz als ein dreifaches Konzept angewendet werden \u2013 als ein wesentliches Recht, ein fundamentaler, interpretierbarer Rechtsgrundsatz und eine Verfahrensvorschrift (Committee on the Rights of the Child, 2013).&nbsp;<\/p>\n\n\n\n<p>Der Grundsatz als ein wesentliches Recht verpflichtet die Staaten, das Wohl des Kindes zu ber\u00fccksichtigen, es als eine vorrangige \u00dcberlegung zu beachten, wenn unterschiedliche Interessen in Erw\u00e4gung gezogen werden und dass das Recht umgesetzt wird, immer wenn eine Entscheidung ein Kind betrifft (Committee on the Rights of the Child, 2013).&nbsp; Dies schafft f\u00fcr die Staaten eine intrinsische Verpflichtung. Ein wesentliches Recht ist direkt anwendbar und kann vor einem Gericht geltend gemacht werden (Committee on the Rights of the Child, 2013).<\/p>\n\n\n\n<p>Der Grundsatz als wesentlicher, interpretierbarer Rechtsgrundsatz ben\u00f6tigt folgendes: \u201eWenn eine gesetzliche Bestimmung mehr als eine Deutung zul\u00e4sst, sollte die Auslegung gew\u00e4hlt werden, die dem Wohl des Kindes am effektivsten dient. Die in der Konvention und ihren Fakultativprotokollen verankerten Rechte bilden den Rahmen f\u00fcr die Deutung.\u201c (Committee on the Rights of the Child, 2013).&nbsp;<\/p>\n\n\n\n<p>\u201eEs ben\u00f6tigt Verfahrensgarantien, um das Wohl des Kindes zu beurteilen und zu bestimmen\u201c (Committee on the Rights of the Child, 2013). Dies erfordert, dass der m\u00f6gliche (positive und negative) Einfluss einer Entscheidung bewertet werden muss. Staaten k\u00f6nnen zur Rechenschaft gezogen werden, da sie verpflichtet sind, die explizite Abw\u00e4gung des \u201eWohl des Kindes\u201c und wie es bei allen Entscheidungen, die Kinder betreffen, respektiert wurde, zu begr\u00fcnden und zu beweisen (Committee on the Rights of the Child, 2013).&nbsp;<\/p>\n\n\n\n<p>Bei der Bewertung des \u201eWohl des Kindes\u201c m\u00fcssen die Meinung, die Identit\u00e4t, die Gef\u00e4hrdungssituation, <a href=\"https:\/\/www.humanium.org\/de\/das-recht-auf-gesundheit\/\">das Recht auf Gesundheit<\/a>, <a href=\"https:\/\/www.humanium.org\/de\/recht-bildung-weltweit\/\">das Recht auf Bildung<\/a>, die Erhaltung des famili\u00e4ren Umfelds und die Aufrechterhaltung der Beziehungen des Kindes in Erw\u00e4gung gezogen werden. Dies ist eine nicht abschlie\u00dfende Liste an Abw\u00e4gungen, da der Grundsatz von Natur aus flexibel ist und Staaten die n\u00f6tigen \u00dcberlegungen fallbezogen beurteilen m\u00fcssen (Tobin, 2019).&nbsp;&nbsp;<\/p>\n\n\n\n<p><strong><em>Geschrieben von Alexander Weihrauch<\/em><\/strong><\/p>\n\n\n\n<p><strong><em>\u00dcbersetzt von Jana Ruf<\/em><\/strong><\/p>\n\n\n\n<p><strong><em>Korrektur gelesen von Beate Dessewffy<\/em><\/strong><\/p>\n\n\n\n<p><strong><em>Zuletzt aktualisiert am 2. M\u00e4rz 2021<\/em><\/strong><\/p>\n\n\n\n<h4 class=\"wp-block-heading\"><strong>Quellen:<\/strong><\/h4>\n\n\n\n<p class=\"has-small-font-size\">1959 Declaration of the Rights of the Child.<\/p>\n\n\n\n<p class=\"has-small-font-size\">Kilkelly, U. &amp; Liefaard, T. (2019), \u201cInternational Human Rights of Children\u201d, International Human Rights, 2019, p. 138.&nbsp;&nbsp;<\/p>\n\n\n\n<p class=\"has-small-font-size\">2007 UN Convention on the Rights of Persons with Disabilities.<\/p>\n\n\n\n<p class=\"has-small-font-size\">1979 Convention on the Elimination of All Forms of Discrimination against Women.<\/p>\n\n\n\n<p class=\"has-small-font-size\">Committee on the Rights of the Child, Report on the second session, September\/October 1992, CRC\/C\/10, para. 67.&nbsp;<\/p>\n\n\n\n<p class=\"has-small-font-size\">Committee on the Rights of the Children (5 October 2012), \u201cConcluding Observations Albania\u201d, CRC\/C\/ALB\/CO\/2-4, para 30(a).&nbsp;<\/p>\n\n\n\n<p class=\"has-small-font-size\">Tobin, John (28 March 2019), The UN Convention on the Rights of the Child: A Commentary\u201d, Oxford Commentaries on International Law, Chapter 4, 7 and 13, Oxford Scholarly Authorities on International Law (OSAIL)<\/p>\n\n\n\n<p class=\"has-small-font-size\">Committee on the Rights of the Children (29 May 2013), General comment No. 14 on the right of the child to have his or her best interests taken as a primary consideration (art. 3, para. 1), CRC\/C\/GC\/14.&nbsp;&nbsp;<\/p>\n\n\n\n<p class=\"has-small-font-size\"><a href=\"https:\/\/www.supremecourt.uk\/cases\/docs\/uksc-2010-0002-judgment.pdf\" target=\"_blank\" rel=\"noreferrer noopener\">UKSC, ZH (Tanzania) (FC) v Secretary of State for the Home Department (1 February 2011), Judgement, UKSC 4, On appeal from: [2009] EWCA Civ 691, available at the UK Supreme Court.<\/a><\/p>\n\n\n\n<p class=\"has-small-font-size\">UN Economic and Social Council and Commission on Human Rights (17 February 1981), Report of the Working Group on a Draft Convention on the Rights of the Child, E\/CN.4\/L.1575, p. 23 and 24.&nbsp;<\/p>\n","protected":false},"excerpt":{"rendered":"<p>Der Grundsatz des \u201eWohl des Kindes\u201c wird in Artikel 3 (1) der UN-Kinderrechtskonvention (KRK) eingef\u00fchrt, die vorsieht, dass \u201ebei allen Ma\u00dfnahmen, die Kinder betreffen, gleich viel ob sie von \u00f6ffentlichen oder privaten Einrichtungen der sozialen F\u00fcrsorge, Gerichten, Verwaltungsbeh\u00f6rden oder Gesetzgebungsorganen getroffen werden, [&#8230;] das Wohl des Kindes ein Gesichtspunkt [ist], der vorrangig zu ber\u00fccksichtigen ist\u201c. [&hellip;]<\/p>\n","protected":false},"author":21,"featured_media":14481,"parent":0,"menu_order":0,"comment_status":"closed","ping_status":"closed","template":"","meta":{"footnotes":""},"class_list":["post-14480","page","type-page","status-publish","has-post-thumbnail","hentry"],"yoast_head":"<!-- This site is optimized with the Yoast SEO plugin v26.5 - https:\/\/yoast.com\/wordpress\/plugins\/seo\/ -->\n<title>Der Grundsatz des \u201eWohl des Kindes\u201c - Humanium<\/title>\n<meta name=\"description\" content=\"Der Grundsatz des \u201eWohl des Kindes\u201c wird in Artikel 3 der UN-Kinderrechtskonvention eingef\u00fchrt, die vorsieht dass es ein Gesichtspunkt ist.\" \/>\n<meta name=\"robots\" content=\"index, follow, max-snippet:-1, max-image-preview:large, max-video-preview:-1\" \/>\n<link rel=\"canonical\" href=\"https:\/\/www.humanium.org\/de\/der-grundsatz-des-wohl-des-kindes\/\" \/>\n<meta property=\"og:locale\" content=\"de_DE\" \/>\n<meta property=\"og:type\" content=\"article\" \/>\n<meta property=\"og:title\" content=\"Der Grundsatz des \u201eWohl des Kindes\u201c - Humanium\" \/>\n<meta property=\"og:description\" content=\"Der Grundsatz des \u201eWohl des Kindes\u201c wird in Artikel 3 der UN-Kinderrechtskonvention eingef\u00fchrt, die vorsieht dass es ein Gesichtspunkt ist.\" \/>\n<meta property=\"og:url\" content=\"https:\/\/www.humanium.org\/de\/der-grundsatz-des-wohl-des-kindes\/\" \/>\n<meta property=\"og:site_name\" content=\"Humanium\" \/>\n<meta property=\"article:modified_time\" content=\"2022-10-19T10:04:20+00:00\" \/>\n<meta property=\"og:image\" content=\"https:\/\/www.humanium.org\/de\/wp-content\/uploads\/2021\/05\/shutterstock_772421353-scaled.jpg\" \/>\n\t<meta property=\"og:image:width\" content=\"2560\" \/>\n\t<meta property=\"og:image:height\" content=\"1740\" \/>\n\t<meta property=\"og:image:type\" content=\"image\/jpeg\" \/>\n<meta name=\"twitter:card\" content=\"summary_large_image\" \/>\n<meta name=\"twitter:label1\" content=\"Gesch\u00e4tzte Lesezeit\" \/>\n\t<meta name=\"twitter:data1\" content=\"7\u00a0Minuten\" \/>\n<script type=\"application\/ld+json\" class=\"yoast-schema-graph\">{\"@context\":\"https:\/\/schema.org\",\"@graph\":[{\"@type\":\"WebPage\",\"@id\":\"https:\/\/www.humanium.org\/de\/der-grundsatz-des-wohl-des-kindes\/\",\"url\":\"https:\/\/www.humanium.org\/de\/der-grundsatz-des-wohl-des-kindes\/\",\"name\":\"Der Grundsatz des \u201eWohl des Kindes\u201c - Humanium\",\"isPartOf\":{\"@id\":\"https:\/\/www.humanium.org\/de\/#website\"},\"primaryImageOfPage\":{\"@id\":\"https:\/\/www.humanium.org\/de\/der-grundsatz-des-wohl-des-kindes\/#primaryimage\"},\"image\":{\"@id\":\"https:\/\/www.humanium.org\/de\/der-grundsatz-des-wohl-des-kindes\/#primaryimage\"},\"thumbnailUrl\":\"https:\/\/www.humanium.org\/de\/wp-content\/uploads\/2021\/05\/shutterstock_772421353-scaled.jpg\",\"datePublished\":\"2021-05-02T18:44:59+00:00\",\"dateModified\":\"2022-10-19T10:04:20+00:00\",\"description\":\"Der Grundsatz des \u201eWohl des Kindes\u201c wird in Artikel 3 der UN-Kinderrechtskonvention eingef\u00fchrt, die vorsieht dass es ein Gesichtspunkt ist.\",\"breadcrumb\":{\"@id\":\"https:\/\/www.humanium.org\/de\/der-grundsatz-des-wohl-des-kindes\/#breadcrumb\"},\"inLanguage\":\"de\",\"potentialAction\":[{\"@type\":\"ReadAction\",\"target\":[\"https:\/\/www.humanium.org\/de\/der-grundsatz-des-wohl-des-kindes\/\"]}]},{\"@type\":\"ImageObject\",\"inLanguage\":\"de\",\"@id\":\"https:\/\/www.humanium.org\/de\/der-grundsatz-des-wohl-des-kindes\/#primaryimage\",\"url\":\"https:\/\/www.humanium.org\/de\/wp-content\/uploads\/2021\/05\/shutterstock_772421353-scaled.jpg\",\"contentUrl\":\"https:\/\/www.humanium.org\/de\/wp-content\/uploads\/2021\/05\/shutterstock_772421353-scaled.jpg\",\"width\":2560,\"height\":1740},{\"@type\":\"BreadcrumbList\",\"@id\":\"https:\/\/www.humanium.org\/de\/der-grundsatz-des-wohl-des-kindes\/#breadcrumb\",\"itemListElement\":[{\"@type\":\"ListItem\",\"position\":1,\"name\":\"Home\",\"item\":\"https:\/\/www.humanium.org\/de\/\"},{\"@type\":\"ListItem\",\"position\":2,\"name\":\"Der Grundsatz des \u201eWohl des Kindes\u201c\"}]},{\"@type\":\"WebSite\",\"@id\":\"https:\/\/www.humanium.org\/de\/#website\",\"url\":\"https:\/\/www.humanium.org\/de\/\",\"name\":\"Humanium\",\"description\":\"Kinder zuerst!\",\"potentialAction\":[{\"@type\":\"SearchAction\",\"target\":{\"@type\":\"EntryPoint\",\"urlTemplate\":\"https:\/\/www.humanium.org\/de\/?s={search_term_string}\"},\"query-input\":{\"@type\":\"PropertyValueSpecification\",\"valueRequired\":true,\"valueName\":\"search_term_string\"}}],\"inLanguage\":\"de\"}]}<\/script>\n<!-- \/ Yoast SEO plugin. -->","yoast_head_json":{"title":"Der Grundsatz des \u201eWohl des Kindes\u201c - Humanium","description":"Der Grundsatz des \u201eWohl des Kindes\u201c wird in Artikel 3 der UN-Kinderrechtskonvention eingef\u00fchrt, die vorsieht dass es ein Gesichtspunkt ist.","robots":{"index":"index","follow":"follow","max-snippet":"max-snippet:-1","max-image-preview":"max-image-preview:large","max-video-preview":"max-video-preview:-1"},"canonical":"https:\/\/www.humanium.org\/de\/der-grundsatz-des-wohl-des-kindes\/","og_locale":"de_DE","og_type":"article","og_title":"Der Grundsatz des \u201eWohl des Kindes\u201c - Humanium","og_description":"Der Grundsatz des \u201eWohl des Kindes\u201c wird in Artikel 3 der UN-Kinderrechtskonvention eingef\u00fchrt, die vorsieht dass es ein Gesichtspunkt ist.","og_url":"https:\/\/www.humanium.org\/de\/der-grundsatz-des-wohl-des-kindes\/","og_site_name":"Humanium","article_modified_time":"2022-10-19T10:04:20+00:00","og_image":[{"width":2560,"height":1740,"url":"https:\/\/www.humanium.org\/de\/wp-content\/uploads\/2021\/05\/shutterstock_772421353-scaled.jpg","type":"image\/jpeg"}],"twitter_card":"summary_large_image","twitter_misc":{"Gesch\u00e4tzte Lesezeit":"7\u00a0Minuten"},"schema":{"@context":"https:\/\/schema.org","@graph":[{"@type":"WebPage","@id":"https:\/\/www.humanium.org\/de\/der-grundsatz-des-wohl-des-kindes\/","url":"https:\/\/www.humanium.org\/de\/der-grundsatz-des-wohl-des-kindes\/","name":"Der Grundsatz des \u201eWohl des Kindes\u201c - Humanium","isPartOf":{"@id":"https:\/\/www.humanium.org\/de\/#website"},"primaryImageOfPage":{"@id":"https:\/\/www.humanium.org\/de\/der-grundsatz-des-wohl-des-kindes\/#primaryimage"},"image":{"@id":"https:\/\/www.humanium.org\/de\/der-grundsatz-des-wohl-des-kindes\/#primaryimage"},"thumbnailUrl":"https:\/\/www.humanium.org\/de\/wp-content\/uploads\/2021\/05\/shutterstock_772421353-scaled.jpg","datePublished":"2021-05-02T18:44:59+00:00","dateModified":"2022-10-19T10:04:20+00:00","description":"Der Grundsatz des \u201eWohl des Kindes\u201c wird in Artikel 3 der UN-Kinderrechtskonvention eingef\u00fchrt, die vorsieht dass es ein Gesichtspunkt ist.","breadcrumb":{"@id":"https:\/\/www.humanium.org\/de\/der-grundsatz-des-wohl-des-kindes\/#breadcrumb"},"inLanguage":"de","potentialAction":[{"@type":"ReadAction","target":["https:\/\/www.humanium.org\/de\/der-grundsatz-des-wohl-des-kindes\/"]}]},{"@type":"ImageObject","inLanguage":"de","@id":"https:\/\/www.humanium.org\/de\/der-grundsatz-des-wohl-des-kindes\/#primaryimage","url":"https:\/\/www.humanium.org\/de\/wp-content\/uploads\/2021\/05\/shutterstock_772421353-scaled.jpg","contentUrl":"https:\/\/www.humanium.org\/de\/wp-content\/uploads\/2021\/05\/shutterstock_772421353-scaled.jpg","width":2560,"height":1740},{"@type":"BreadcrumbList","@id":"https:\/\/www.humanium.org\/de\/der-grundsatz-des-wohl-des-kindes\/#breadcrumb","itemListElement":[{"@type":"ListItem","position":1,"name":"Home","item":"https:\/\/www.humanium.org\/de\/"},{"@type":"ListItem","position":2,"name":"Der Grundsatz des \u201eWohl des Kindes\u201c"}]},{"@type":"WebSite","@id":"https:\/\/www.humanium.org\/de\/#website","url":"https:\/\/www.humanium.org\/de\/","name":"Humanium","description":"Kinder zuerst!","potentialAction":[{"@type":"SearchAction","target":{"@type":"EntryPoint","urlTemplate":"https:\/\/www.humanium.org\/de\/?s={search_term_string}"},"query-input":{"@type":"PropertyValueSpecification","valueRequired":true,"valueName":"search_term_string"}}],"inLanguage":"de"}]}},"_links":{"self":[{"href":"https:\/\/www.humanium.org\/de\/wp-json\/wp\/v2\/pages\/14480","targetHints":{"allow":["GET"]}}],"collection":[{"href":"https:\/\/www.humanium.org\/de\/wp-json\/wp\/v2\/pages"}],"about":[{"href":"https:\/\/www.humanium.org\/de\/wp-json\/wp\/v2\/types\/page"}],"author":[{"embeddable":true,"href":"https:\/\/www.humanium.org\/de\/wp-json\/wp\/v2\/users\/21"}],"replies":[{"embeddable":true,"href":"https:\/\/www.humanium.org\/de\/wp-json\/wp\/v2\/comments?post=14480"}],"version-history":[{"count":2,"href":"https:\/\/www.humanium.org\/de\/wp-json\/wp\/v2\/pages\/14480\/revisions"}],"predecessor-version":[{"id":16148,"href":"https:\/\/www.humanium.org\/de\/wp-json\/wp\/v2\/pages\/14480\/revisions\/16148"}],"wp:featuredmedia":[{"embeddable":true,"href":"https:\/\/www.humanium.org\/de\/wp-json\/wp\/v2\/media\/14481"}],"wp:attachment":[{"href":"https:\/\/www.humanium.org\/de\/wp-json\/wp\/v2\/media?parent=14480"}],"curies":[{"name":"wp","href":"https:\/\/api.w.org\/{rel}","templated":true}]}}