{"id":14484,"date":"2021-05-02T18:50:50","date_gmt":"2021-05-02T18:50:50","guid":{"rendered":"https:\/\/www.humanium.org\/de\/?page_id=14484"},"modified":"2021-05-02T18:53:26","modified_gmt":"2021-05-02T18:53:26","slug":"der-grundsatz-vom-leben-ueberleben-und-der-entwicklung","status":"publish","type":"page","link":"https:\/\/www.humanium.org\/de\/der-grundsatz-vom-leben-ueberleben-und-der-entwicklung\/","title":{"rendered":"Der Grundsatz vom Leben, \u00dcberleben und der Entwicklung"},"content":{"rendered":"\n<p><strong>Artikel 6 der <a href=\"https:\/\/www.humanium.org\/de\/konvention\/\">UN-Kinderrechtskonvention (KRK)<\/a> sieht einen weiteren Grundsatz vor, der die Deutung, Umsetzung und Anwendung der <a href=\"https:\/\/www.humanium.org\/de\/konvention\/\">Konvention<\/a> und ihrer Bestimmungen leitet. Dieser Artikel verankert das inh\u00e4rente Recht des Kindes auf Leben und enth\u00e4lt die staatliche Verpflichtung, das \u00dcberleben und die Entwicklung des Kindes zu gew\u00e4hrleisten (Committee on the Rights of the Child, 2006).<\/strong><\/p>\n\n\n\n<figure class=\"wp-block-image size-large\"><img loading=\"lazy\" decoding=\"async\" width=\"1024\" height=\"683\" src=\"https:\/\/www.humanium.org\/de\/wp-content\/uploads\/2021\/05\/shutterstock_81178216-1024x683.jpg\" alt=\"\" class=\"wp-image-14485\" srcset=\"https:\/\/www.humanium.org\/de\/wp-content\/uploads\/2021\/05\/shutterstock_81178216-1024x683.jpg 1024w, https:\/\/www.humanium.org\/de\/wp-content\/uploads\/2021\/05\/shutterstock_81178216-300x200.jpg 300w, https:\/\/www.humanium.org\/de\/wp-content\/uploads\/2021\/05\/shutterstock_81178216-768x512.jpg 768w, https:\/\/www.humanium.org\/de\/wp-content\/uploads\/2021\/05\/shutterstock_81178216-1536x1024.jpg 1536w, https:\/\/www.humanium.org\/de\/wp-content\/uploads\/2021\/05\/shutterstock_81178216-2048x1365.jpg 2048w, https:\/\/www.humanium.org\/de\/wp-content\/uploads\/2021\/05\/shutterstock_81178216-830x553.jpg 830w, https:\/\/www.humanium.org\/de\/wp-content\/uploads\/2021\/05\/shutterstock_81178216-230x153.jpg 230w, https:\/\/www.humanium.org\/de\/wp-content\/uploads\/2021\/05\/shutterstock_81178216-350x233.jpg 350w, https:\/\/www.humanium.org\/de\/wp-content\/uploads\/2021\/05\/shutterstock_81178216-480x320.jpg 480w, https:\/\/www.humanium.org\/de\/wp-content\/uploads\/2021\/05\/shutterstock_81178216-272x182.jpg 272w\" sizes=\"auto, (max-width: 1024px) 100vw, 1024px\" \/><\/figure>\n\n\n\n<h2 class=\"wp-block-heading\"><strong><a href=\"https:\/\/www.humanium.org\/de\/recht-leben\/\">Das Recht auf Leben<\/a><\/strong><\/h2>\n\n\n\n<p>Das Recht auf Leben muss sowohl als ziviles und politisches, als auch als wirtschaftliches, soziales und kulturelles Recht gedeutet werden, da es nicht eng ausgelegt werden sollte (Committee on the Rights of the Child, 2017).&nbsp;<\/p>\n\n\n\n<p>Das Recht auf Leben als ziviles und politisches Recht zu deuten, bietet das Recht, gegen willk\u00fcrliches T\u00f6ten gesch\u00fctzt zu werden und den \u201eAnspruch, von Handlungen und Unterlassungen frei zu sein, die ihren unnat\u00fcrlichen und vorzeitigen Tod zu verursachen beabsichtigen oder voraussichtlich verursachen\u201c (Committee on the Rights of the Child, 2017). Bei der wirtschaftlichen, sozialen und kulturellen Deutung wird die Voraussetzung an Mindestbedingungen f\u00fcr ein Leben in W\u00fcrde f\u00fcr einen wirksamen Genuss des Rechts erg\u00e4nzt (Committee on the Rights of the Child, 2017). Diese Deutung des Rechts auf Leben in Artikel 6 wird durch die Einbeziehung der Rechte auf \u00dcberleben und auf Entwicklung erg\u00e4nzt.<\/p>\n\n\n\n<h2 class=\"wp-block-heading\"><strong>Das Recht auf \u00dcberleben<\/strong><\/h2>\n\n\n\n<p>Der Grundsatz vom \u00dcberleben und der Entwicklung kann nur ganzheitlich umgesetzt werden, da er mit allen anderen Rechten und Ma\u00dfnahmen der <a href=\"https:\/\/www.humanium.org\/de\/konvention\/\">KRK<\/a> konjunktiv gelesen werden muss, wie zum Beispiel Richtlinien und wesentliche Rechte (\u201e<a href=\"https:\/\/www.humanium.org\/de\/das-recht-auf-gesundheit\/\">Recht auf Gesundheit<\/a>, angemessene Ern\u00e4hrung, soziale Sicherheit, einen angemessenen Lebensstandard, ein gesundes und sicheres Umfeld, Bildung und Spiel (Abs. 24, 27, 28, 29 und 31)\u201d) (Committee on the Rights of the Child, 2006).&nbsp;<\/p>\n\n\n\n<p>F\u00fcr die Zwecke des Artikels 6 sollte das Recht auf \u00dcberleben so gedeutet werden, dass es Staaten dazu verpflichtet, alle angemessenen positiven sowie negativen Ma\u00dfnahmen zu ergreifen, die zum \u00dcberleben eines Kindes beitragen werden. Dies bedeutet, dass die Staaten nicht nur dazu verpflichtet sind, von willk\u00fcrlichem Entzug des Lebens Abstand zu nehmen, sondern auch aktiv Ma\u00dfnahmen f\u00fcr das Unternehmen pr\u00e4ventiver Schritte einzuf\u00fchren, \u201eum das Leben der Kinder zu verl\u00e4ngern\u201c (OHCHR, 2007). <\/p>\n\n\n\n<p>In dieser Hinsicht entspricht das Recht auf \u00dcberleben der aktuellen und umfassenden Darlegung des Rechts auf Leben, um eine Verpflichtung einzuschlie\u00dfen, \u201edie n\u00f6tigen Bedingungen f\u00fcr die Gew\u00e4hrleistung eines Lebens in W\u00fcrde zu schaffen\u201c (Tobin, 2019). Die weltweite Erkl\u00e4rung von 1990 zu \u00dcberleben, Schutz und Entwicklung von Kindern bietet eine nicht abschlie\u00dfende &nbsp; Liste an Gr\u00fcnden, die das physische \u00dcberleben von Kindern bedrohen, wie zum Beispiel \u201eUnterern\u00e4hrung, Krankheit, Mangel an sauberem Wasser, unzureichende sanit\u00e4re Einrichtungen und der Einfluss von Drogen\u201c (World Declaration on the Survival, Protection and Development of Children, 1990). <\/p>\n\n\n\n<p>Der Ausschuss f\u00fcr die Rechte des Kindes (KRK-Ausschuss) erg\u00e4nzt die Liste um die folgenden Probleme: \u201eErkrankung an akuten Infektionen der Atemwege und Diarrh\u00f6, An\u00e4mie, intestinale Infektionskrankheiten, bakterielle Infektionen, Masern, Lungenentz\u00fcndung und <a href=\"https:\/\/www.humanium.org\/de\/kinder-und-aids\/\">HIV\/AIDS,<\/a> unzureichende pr\u00e4natale und postnatale Betreuung, niedrige Immunisierungsraten, schlechte sanit\u00e4re Einrichtungen (inklusive fehlender Zugang zu sicherem Trinkwasser) und Unterern\u00e4hrung\u201c (Committee on the Rights of the Child, 2005).&nbsp;<\/p>\n\n\n\n<h2 class=\"wp-block-heading\"><strong>Das Recht auf Entwicklung<\/strong><\/h2>\n\n\n\n<p>Das ganzheitliche Konzept des Rechts auf Entwicklung verankert die staatliche Verpflichtung, die physische, mentale, spirituelle, moralische, seelische und soziale Entwicklung des Kindes zu gew\u00e4hrleisten (Committee on the Rights of the Child, 2017). Das Recht auf Entwicklung basiert auf dem schnellen und angreifbaren Prozess der Entwicklung, der Kinder von Erwachsenen unterscheidet (Morag, 2014). Daher ist es ein einzigartiges Recht f\u00fcr Kinder und konzentriert sich auf die pers\u00f6nliche Entwicklung des Kindes (Tobin, 2019). <\/p>\n\n\n\n<p>Der KRK-Ausschuss betonte, dass die Entwicklung der \u201ephysischen, seelischen, spirituellen, sozialen, emotionalen, kognitiven, kulturellen und wirtschaftlichen Kapazit\u00e4ten\u201c (Committee on the Rights of the Child, 2016) und die sexuelle Entwicklung eines Kindes (Committee on the Rights of the Child, 2003) unter den Artikel 6 KRK f\u00e4llt. Die Entwicklung eines Kindes muss, \u00e4hnlich wie das Wohl des Kindes, fallbezogen beurteilt werden, wobei mehrere Disziplinen kombiniert werden m\u00fcssen, wie zum Beispiel \u201eP\u00e4diatrie, Psychologie, Psychiatrie, Neurowissenschaft, soziale Arbeit und Bildung\u201c (Tobin, 2019). Bei diesen Erw\u00e4gungen muss darauf geachtet werden, dass sie nicht traditionelle Voreingenommenheit in Bezug auf Geschlecht, Rasse und Klasse widerspiegeln.<\/p>\n\n\n\n<h2 class=\"wp-block-heading\"><strong>\u201eEin h\u00f6chstm\u00f6gliches Ma\u00df\u201c<\/strong><\/h2>\n\n\n\n<p>Der Begriff \u201esoll gew\u00e4hrleisten\u201c l\u00e4sst keinen Ermessensspielraum des Staates zu. Durch die Verwendung des Begriffs \u201eein h\u00f6chstm\u00f6gliches Ma\u00df\u201c ber\u00fccksichtigten die am Entwurf Beteiligten m\u00f6gliche Ausnahmen, um die Verpflichtungen eines Vertragsstaates zu begrenzen. Diese Ausnahmen k\u00f6nnten m\u00f6gliche Probleme beinhalten, wie zum Beispiel begrenzt verf\u00fcgbare Ressourcen des Staates (Artikel 4 <a href=\"https:\/\/www.humanium.org\/de\/konvention\/\">KRK<\/a>), die Handlungen oder Unterlassungen der Eltern oder des gesetzlichen Vormunds des Kindes (Artikel 5 und 27 KRK), die Handlungen oder Unterlassungen Dritter (Artikel 2 <a href=\"https:\/\/www.humanium.org\/de\/konvention\/\">KRK<\/a>) und die Handlungen oder Unterlassungen eines Kindes selbst (Tobin, 2019). Defizite beruhend auf den oben genannten Begr\u00fcndungen m\u00fcssen gerechtfertigt und die Urs\u00e4chlichkeit gut belegt werden.<\/p>\n\n\n\n<p><strong><em>Geschrieben von Alexander Weihrauch<\/em><\/strong><\/p>\n\n\n\n<p><strong><em>\u00dcbersetzt von Jana Ruf<\/em><\/strong><\/p>\n\n\n\n<p><strong><em>Korrektur gelesen von Beate Dessewffy<\/em><\/strong><\/p>\n\n\n\n<p><strong><em>Zuletzt aktualisiert am 2. M\u00e4rz 2021<\/em><\/strong><\/p>\n\n\n\n<h4 class=\"wp-block-heading\"><strong>Quellen:<\/strong><\/h4>\n\n\n\n<p class=\"has-small-font-size\">1990 World Declaration on the Survival, Protection and Development of Children, para. 12 from the World Summit for Children on 30 September 1990. In: Tobin, John (28 March 2019), The UN Convention on the Rights of the Child: A Commentary\u201d, Oxford Commentaries on International Law, Oxford Scholarly Authorities on International Law (OSAIL).<\/p>\n\n\n\n<p class=\"has-small-font-size\">Office of the High Commissioner on Human Rights (2007), Legislative History of the Convention on the Rights of the Child (\u2018Legislative History\u2019), p. 365.&nbsp;<\/p>\n\n\n\n<p class=\"has-small-font-size\">Tobin, John (28 March 2019), The UN Convention on the Rights of the Child: A Commentary\u201d, Oxford Commentaries on International Law, Chapter 4, 7 and 13, Oxford Scholarly Authorities on International Law (OSAIL).&nbsp;<\/p>\n\n\n\n<p class=\"has-small-font-size\"><a href=\"https:\/\/www.refworld.org\/docid\/4538834e15.html\" target=\"_blank\" rel=\"noreferrer noopener\">Committee on the Rights of the Child (17 March 2003),&nbsp;<em>General comment No. 3 on HIV\/AIDS and the Rights of the Child<\/em>,&nbsp;CRC\/GC\/2003\/3,&nbsp;retrieved from refworld.com.<\/a><\/p>\n\n\n\n<p class=\"has-small-font-size\">Committee on the Rights of the Child (21 June 2017), General comment No. 21 on children in street situations, CRC\/C\/GC\/21.&nbsp;<\/p>\n\n\n\n<p class=\"has-small-font-size\">Morag, Tamar (2014), The Principles of the Un Convention on the Rights of the Child and their influence on Israeli Law, Michigan State International Law Review Vol. 22: 2.&nbsp;<\/p>\n\n\n\n<p class=\"has-small-font-size\">Committee on the Rights of the Child (21 September 2005), Concluding Observations: Nepal, 39<sup>th<\/sup>&nbsp;Session, CRC\/C\/15\/Add. 261 in: Tobin, John (28 March 2019), The UN Convention on the Rights of the Child: A Commentary\u201d, Oxford Commentaries on International Law, Oxford Scholarly Authorities on International Law (OSAIL).&nbsp;<\/p>\n\n\n\n<p class=\"has-small-font-size\"><a href=\"https:\/\/www.refworld.org\/docid\/589dad3d4.html\">Committee on the Rights of the Child (6 December 2016), General Comment No 20 on the implementation of the rights of the child during adolescence, CRC\/C\/GC\/20, para 15, retrieved from refworld.com.<\/a><\/p>\n\n\n\n<p class=\"has-small-font-size\"><a href=\"https:\/\/www.refworld.org\/docid\/460bc5a62.html\">UN Committee on the Rights of the Child (20 September 2006), General comment No. 7 on Implementing Child Rights in Early Childhood, CRC\/C\/GC\/7\/Rev.1,&nbsp;retrieved from refworld.com.<\/a><\/p>\n","protected":false},"excerpt":{"rendered":"<p>Artikel 6 der UN-Kinderrechtskonvention (KRK) sieht einen weiteren Grundsatz vor, der die Deutung, Umsetzung und Anwendung der Konvention und ihrer Bestimmungen leitet. Dieser Artikel verankert das inh\u00e4rente Recht des Kindes auf Leben und enth\u00e4lt die staatliche Verpflichtung, das \u00dcberleben und die Entwicklung des Kindes zu gew\u00e4hrleisten (Committee on the Rights of the Child, 2006). Das [&hellip;]<\/p>\n","protected":false},"author":21,"featured_media":14485,"parent":0,"menu_order":0,"comment_status":"closed","ping_status":"closed","template":"","meta":{"footnotes":""},"class_list":["post-14484","page","type-page","status-publish","has-post-thumbnail","hentry"],"yoast_head":"<!-- This site is optimized with the Yoast SEO plugin v26.5 - https:\/\/yoast.com\/wordpress\/plugins\/seo\/ -->\n<title>Der Grundsatz vom Leben, \u00dcberleben und der Entwicklung - Humanium<\/title>\n<meta name=\"description\" content=\"Artikel 6 der UN-Kinderrechtskonvention sieht einen weiteren Grundsatz vor, der die Deutung der Konvention und ihrer Bestimmungen leitet.\" \/>\n<meta name=\"robots\" content=\"index, follow, max-snippet:-1, max-image-preview:large, max-video-preview:-1\" \/>\n<link rel=\"canonical\" href=\"https:\/\/www.humanium.org\/de\/der-grundsatz-vom-leben-ueberleben-und-der-entwicklung\/\" \/>\n<meta property=\"og:locale\" content=\"de_DE\" \/>\n<meta property=\"og:type\" content=\"article\" \/>\n<meta property=\"og:title\" content=\"Der Grundsatz vom Leben, \u00dcberleben und der Entwicklung - Humanium\" \/>\n<meta property=\"og:description\" content=\"Artikel 6 der UN-Kinderrechtskonvention sieht einen weiteren Grundsatz vor, der die Deutung der Konvention und ihrer Bestimmungen leitet.\" \/>\n<meta property=\"og:url\" content=\"https:\/\/www.humanium.org\/de\/der-grundsatz-vom-leben-ueberleben-und-der-entwicklung\/\" \/>\n<meta property=\"og:site_name\" content=\"Humanium\" \/>\n<meta property=\"article:modified_time\" content=\"2021-05-02T18:53:26+00:00\" \/>\n<meta property=\"og:image\" content=\"https:\/\/www.humanium.org\/de\/wp-content\/uploads\/2021\/05\/shutterstock_81178216-scaled.jpg\" \/>\n\t<meta property=\"og:image:width\" content=\"2560\" \/>\n\t<meta property=\"og:image:height\" content=\"1707\" \/>\n\t<meta property=\"og:image:type\" content=\"image\/jpeg\" \/>\n<meta name=\"twitter:card\" content=\"summary_large_image\" \/>\n<meta name=\"twitter:label1\" content=\"Gesch\u00e4tzte Lesezeit\" \/>\n\t<meta name=\"twitter:data1\" content=\"5\u00a0Minuten\" \/>\n<script type=\"application\/ld+json\" class=\"yoast-schema-graph\">{\"@context\":\"https:\/\/schema.org\",\"@graph\":[{\"@type\":\"WebPage\",\"@id\":\"https:\/\/www.humanium.org\/de\/der-grundsatz-vom-leben-ueberleben-und-der-entwicklung\/\",\"url\":\"https:\/\/www.humanium.org\/de\/der-grundsatz-vom-leben-ueberleben-und-der-entwicklung\/\",\"name\":\"Der Grundsatz vom Leben, \u00dcberleben und der Entwicklung - Humanium\",\"isPartOf\":{\"@id\":\"https:\/\/www.humanium.org\/de\/#website\"},\"primaryImageOfPage\":{\"@id\":\"https:\/\/www.humanium.org\/de\/der-grundsatz-vom-leben-ueberleben-und-der-entwicklung\/#primaryimage\"},\"image\":{\"@id\":\"https:\/\/www.humanium.org\/de\/der-grundsatz-vom-leben-ueberleben-und-der-entwicklung\/#primaryimage\"},\"thumbnailUrl\":\"https:\/\/www.humanium.org\/de\/wp-content\/uploads\/2021\/05\/shutterstock_81178216-scaled.jpg\",\"datePublished\":\"2021-05-02T18:50:50+00:00\",\"dateModified\":\"2021-05-02T18:53:26+00:00\",\"description\":\"Artikel 6 der UN-Kinderrechtskonvention sieht einen weiteren Grundsatz vor, der die Deutung der Konvention und ihrer Bestimmungen leitet.\",\"breadcrumb\":{\"@id\":\"https:\/\/www.humanium.org\/de\/der-grundsatz-vom-leben-ueberleben-und-der-entwicklung\/#breadcrumb\"},\"inLanguage\":\"de\",\"potentialAction\":[{\"@type\":\"ReadAction\",\"target\":[\"https:\/\/www.humanium.org\/de\/der-grundsatz-vom-leben-ueberleben-und-der-entwicklung\/\"]}]},{\"@type\":\"ImageObject\",\"inLanguage\":\"de\",\"@id\":\"https:\/\/www.humanium.org\/de\/der-grundsatz-vom-leben-ueberleben-und-der-entwicklung\/#primaryimage\",\"url\":\"https:\/\/www.humanium.org\/de\/wp-content\/uploads\/2021\/05\/shutterstock_81178216-scaled.jpg\",\"contentUrl\":\"https:\/\/www.humanium.org\/de\/wp-content\/uploads\/2021\/05\/shutterstock_81178216-scaled.jpg\",\"width\":2560,\"height\":1707},{\"@type\":\"BreadcrumbList\",\"@id\":\"https:\/\/www.humanium.org\/de\/der-grundsatz-vom-leben-ueberleben-und-der-entwicklung\/#breadcrumb\",\"itemListElement\":[{\"@type\":\"ListItem\",\"position\":1,\"name\":\"Home\",\"item\":\"https:\/\/www.humanium.org\/de\/\"},{\"@type\":\"ListItem\",\"position\":2,\"name\":\"Der Grundsatz vom Leben, \u00dcberleben und der Entwicklung\"}]},{\"@type\":\"WebSite\",\"@id\":\"https:\/\/www.humanium.org\/de\/#website\",\"url\":\"https:\/\/www.humanium.org\/de\/\",\"name\":\"Humanium\",\"description\":\"Kinder zuerst!\",\"potentialAction\":[{\"@type\":\"SearchAction\",\"target\":{\"@type\":\"EntryPoint\",\"urlTemplate\":\"https:\/\/www.humanium.org\/de\/?s={search_term_string}\"},\"query-input\":{\"@type\":\"PropertyValueSpecification\",\"valueRequired\":true,\"valueName\":\"search_term_string\"}}],\"inLanguage\":\"de\"}]}<\/script>\n<!-- \/ Yoast SEO plugin. -->","yoast_head_json":{"title":"Der Grundsatz vom Leben, \u00dcberleben und der Entwicklung - Humanium","description":"Artikel 6 der UN-Kinderrechtskonvention sieht einen weiteren Grundsatz vor, der die Deutung der Konvention und ihrer Bestimmungen leitet.","robots":{"index":"index","follow":"follow","max-snippet":"max-snippet:-1","max-image-preview":"max-image-preview:large","max-video-preview":"max-video-preview:-1"},"canonical":"https:\/\/www.humanium.org\/de\/der-grundsatz-vom-leben-ueberleben-und-der-entwicklung\/","og_locale":"de_DE","og_type":"article","og_title":"Der Grundsatz vom Leben, \u00dcberleben und der Entwicklung - Humanium","og_description":"Artikel 6 der UN-Kinderrechtskonvention sieht einen weiteren Grundsatz vor, der die Deutung der Konvention und ihrer Bestimmungen leitet.","og_url":"https:\/\/www.humanium.org\/de\/der-grundsatz-vom-leben-ueberleben-und-der-entwicklung\/","og_site_name":"Humanium","article_modified_time":"2021-05-02T18:53:26+00:00","og_image":[{"width":2560,"height":1707,"url":"https:\/\/www.humanium.org\/de\/wp-content\/uploads\/2021\/05\/shutterstock_81178216-scaled.jpg","type":"image\/jpeg"}],"twitter_card":"summary_large_image","twitter_misc":{"Gesch\u00e4tzte Lesezeit":"5\u00a0Minuten"},"schema":{"@context":"https:\/\/schema.org","@graph":[{"@type":"WebPage","@id":"https:\/\/www.humanium.org\/de\/der-grundsatz-vom-leben-ueberleben-und-der-entwicklung\/","url":"https:\/\/www.humanium.org\/de\/der-grundsatz-vom-leben-ueberleben-und-der-entwicklung\/","name":"Der Grundsatz vom Leben, \u00dcberleben und der Entwicklung - Humanium","isPartOf":{"@id":"https:\/\/www.humanium.org\/de\/#website"},"primaryImageOfPage":{"@id":"https:\/\/www.humanium.org\/de\/der-grundsatz-vom-leben-ueberleben-und-der-entwicklung\/#primaryimage"},"image":{"@id":"https:\/\/www.humanium.org\/de\/der-grundsatz-vom-leben-ueberleben-und-der-entwicklung\/#primaryimage"},"thumbnailUrl":"https:\/\/www.humanium.org\/de\/wp-content\/uploads\/2021\/05\/shutterstock_81178216-scaled.jpg","datePublished":"2021-05-02T18:50:50+00:00","dateModified":"2021-05-02T18:53:26+00:00","description":"Artikel 6 der UN-Kinderrechtskonvention sieht einen weiteren Grundsatz vor, der die Deutung der Konvention und ihrer Bestimmungen leitet.","breadcrumb":{"@id":"https:\/\/www.humanium.org\/de\/der-grundsatz-vom-leben-ueberleben-und-der-entwicklung\/#breadcrumb"},"inLanguage":"de","potentialAction":[{"@type":"ReadAction","target":["https:\/\/www.humanium.org\/de\/der-grundsatz-vom-leben-ueberleben-und-der-entwicklung\/"]}]},{"@type":"ImageObject","inLanguage":"de","@id":"https:\/\/www.humanium.org\/de\/der-grundsatz-vom-leben-ueberleben-und-der-entwicklung\/#primaryimage","url":"https:\/\/www.humanium.org\/de\/wp-content\/uploads\/2021\/05\/shutterstock_81178216-scaled.jpg","contentUrl":"https:\/\/www.humanium.org\/de\/wp-content\/uploads\/2021\/05\/shutterstock_81178216-scaled.jpg","width":2560,"height":1707},{"@type":"BreadcrumbList","@id":"https:\/\/www.humanium.org\/de\/der-grundsatz-vom-leben-ueberleben-und-der-entwicklung\/#breadcrumb","itemListElement":[{"@type":"ListItem","position":1,"name":"Home","item":"https:\/\/www.humanium.org\/de\/"},{"@type":"ListItem","position":2,"name":"Der Grundsatz vom Leben, \u00dcberleben und der Entwicklung"}]},{"@type":"WebSite","@id":"https:\/\/www.humanium.org\/de\/#website","url":"https:\/\/www.humanium.org\/de\/","name":"Humanium","description":"Kinder zuerst!","potentialAction":[{"@type":"SearchAction","target":{"@type":"EntryPoint","urlTemplate":"https:\/\/www.humanium.org\/de\/?s={search_term_string}"},"query-input":{"@type":"PropertyValueSpecification","valueRequired":true,"valueName":"search_term_string"}}],"inLanguage":"de"}]}},"_links":{"self":[{"href":"https:\/\/www.humanium.org\/de\/wp-json\/wp\/v2\/pages\/14484","targetHints":{"allow":["GET"]}}],"collection":[{"href":"https:\/\/www.humanium.org\/de\/wp-json\/wp\/v2\/pages"}],"about":[{"href":"https:\/\/www.humanium.org\/de\/wp-json\/wp\/v2\/types\/page"}],"author":[{"embeddable":true,"href":"https:\/\/www.humanium.org\/de\/wp-json\/wp\/v2\/users\/21"}],"replies":[{"embeddable":true,"href":"https:\/\/www.humanium.org\/de\/wp-json\/wp\/v2\/comments?post=14484"}],"version-history":[{"count":3,"href":"https:\/\/www.humanium.org\/de\/wp-json\/wp\/v2\/pages\/14484\/revisions"}],"predecessor-version":[{"id":14489,"href":"https:\/\/www.humanium.org\/de\/wp-json\/wp\/v2\/pages\/14484\/revisions\/14489"}],"wp:featuredmedia":[{"embeddable":true,"href":"https:\/\/www.humanium.org\/de\/wp-json\/wp\/v2\/media\/14485"}],"wp:attachment":[{"href":"https:\/\/www.humanium.org\/de\/wp-json\/wp\/v2\/media?parent=14484"}],"curies":[{"name":"wp","href":"https:\/\/api.w.org\/{rel}","templated":true}]}}