{"id":14650,"date":"2021-05-24T12:14:06","date_gmt":"2021-05-24T12:14:06","guid":{"rendered":"https:\/\/www.humanium.org\/de\/?page_id=14650"},"modified":"2021-05-24T12:17:21","modified_gmt":"2021-05-24T12:17:21","slug":"stoppt-die-zerstoerung-des-amazonas","status":"publish","type":"page","link":"https:\/\/www.humanium.org\/de\/stoppt-die-zerstoerung-des-amazonas\/","title":{"rendered":"Petition: Stoppt die Zerst\u00f6rung des Amazonas"},"content":{"rendered":"\n<h2 class=\"wp-block-heading\">Die Unterschriftensammlung ist geschlossen.<br>6&#8217;911 Unterschriften &#8211; Danke!<\/h2>\n\n\n\n<h3 class=\"wp-block-heading\"><strong>An die Brasilianische Regierung und das Brasilianische Parlament<\/strong><\/h3>\n\n\n\n<p><em>Wir fordern Brasilien auf, unverz\u00fcglich zu handeln, um eine weitere Zerst\u00f6rung des Amazonas Regenwaldes zu verhindern. Wir sind entsetzt \u00fcber den steilen Anstieg der Abholzung und die Gefahr weiterer Waldbr\u00e4nde. Wir fordern die Wahrung der Rechte von Kindern und indigenen V\u00f6lkern in Brasilien, die durch die Zerst\u00f6rung des Regenwaldes besonders gef\u00e4hrdet sind. Die Zukunft unseres Planeten h\u00e4ngt vom Wohlergehen des Amazonas-Regenwaldes und aller seiner Bewohner ab.<\/em><\/p>\n\n\n\n<div style=\"height:20px\" aria-hidden=\"true\" class=\"wp-block-spacer\"><\/div>\n\n\n\n<figure class=\"wp-block-gallery columns-3 is-cropped wp-block-gallery-2 is-layout-flex wp-block-gallery-is-layout-flex\"><ul class=\"blocks-gallery-grid\"><li class=\"blocks-gallery-item\"><figure><img loading=\"lazy\" decoding=\"async\" width=\"1024\" height=\"683\" src=\"https:\/\/www.humanium.org\/de\/wp-content\/uploads\/2020\/09\/shutterstock_316135883-1024x683.jpg\" alt=\"\" data-id=\"13531\" data-full-url=\"https:\/\/www.humanium.org\/de\/wp-content\/uploads\/2020\/09\/shutterstock_316135883-scaled.jpg\" data-link=\"https:\/\/www.humanium.org\/de\/?attachment_id=13531\" class=\"wp-image-13531\" srcset=\"https:\/\/www.humanium.org\/de\/wp-content\/uploads\/2020\/09\/shutterstock_316135883-1024x683.jpg 1024w, https:\/\/www.humanium.org\/de\/wp-content\/uploads\/2020\/09\/shutterstock_316135883-300x200.jpg 300w, https:\/\/www.humanium.org\/de\/wp-content\/uploads\/2020\/09\/shutterstock_316135883-768x512.jpg 768w, https:\/\/www.humanium.org\/de\/wp-content\/uploads\/2020\/09\/shutterstock_316135883-1536x1024.jpg 1536w, https:\/\/www.humanium.org\/de\/wp-content\/uploads\/2020\/09\/shutterstock_316135883-2048x1366.jpg 2048w, https:\/\/www.humanium.org\/de\/wp-content\/uploads\/2020\/09\/shutterstock_316135883-830x553.jpg 830w, https:\/\/www.humanium.org\/de\/wp-content\/uploads\/2020\/09\/shutterstock_316135883-230x153.jpg 230w, https:\/\/www.humanium.org\/de\/wp-content\/uploads\/2020\/09\/shutterstock_316135883-350x233.jpg 350w, https:\/\/www.humanium.org\/de\/wp-content\/uploads\/2020\/09\/shutterstock_316135883-480x320.jpg 480w, https:\/\/www.humanium.org\/de\/wp-content\/uploads\/2020\/09\/shutterstock_316135883-272x182.jpg 272w\" sizes=\"auto, (max-width: 1024px) 100vw, 1024px\" \/><\/figure><\/li><li class=\"blocks-gallery-item\"><figure><img loading=\"lazy\" decoding=\"async\" width=\"1024\" height=\"683\" src=\"https:\/\/www.humanium.org\/de\/wp-content\/uploads\/2020\/09\/shutterstock_1391384165-1024x683.jpg\" alt=\"\" data-id=\"13532\" data-full-url=\"https:\/\/www.humanium.org\/de\/wp-content\/uploads\/2020\/09\/shutterstock_1391384165-scaled.jpg\" data-link=\"https:\/\/www.humanium.org\/de\/?attachment_id=13532\" class=\"wp-image-13532\" srcset=\"https:\/\/www.humanium.org\/de\/wp-content\/uploads\/2020\/09\/shutterstock_1391384165-1024x683.jpg 1024w, https:\/\/www.humanium.org\/de\/wp-content\/uploads\/2020\/09\/shutterstock_1391384165-300x200.jpg 300w, https:\/\/www.humanium.org\/de\/wp-content\/uploads\/2020\/09\/shutterstock_1391384165-768x512.jpg 768w, https:\/\/www.humanium.org\/de\/wp-content\/uploads\/2020\/09\/shutterstock_1391384165-1536x1024.jpg 1536w, https:\/\/www.humanium.org\/de\/wp-content\/uploads\/2020\/09\/shutterstock_1391384165-2048x1365.jpg 2048w, https:\/\/www.humanium.org\/de\/wp-content\/uploads\/2020\/09\/shutterstock_1391384165-830x553.jpg 830w, https:\/\/www.humanium.org\/de\/wp-content\/uploads\/2020\/09\/shutterstock_1391384165-230x153.jpg 230w, https:\/\/www.humanium.org\/de\/wp-content\/uploads\/2020\/09\/shutterstock_1391384165-350x233.jpg 350w, https:\/\/www.humanium.org\/de\/wp-content\/uploads\/2020\/09\/shutterstock_1391384165-480x320.jpg 480w, https:\/\/www.humanium.org\/de\/wp-content\/uploads\/2020\/09\/shutterstock_1391384165-272x182.jpg 272w\" sizes=\"auto, (max-width: 1024px) 100vw, 1024px\" \/><\/figure><\/li><li class=\"blocks-gallery-item\"><figure><img loading=\"lazy\" decoding=\"async\" width=\"1024\" height=\"683\" src=\"https:\/\/www.humanium.org\/de\/wp-content\/uploads\/2020\/09\/shutterstock_1486550798-1024x683.jpg\" alt=\"\" data-id=\"13533\" data-full-url=\"https:\/\/www.humanium.org\/de\/wp-content\/uploads\/2020\/09\/shutterstock_1486550798-scaled.jpg\" data-link=\"https:\/\/www.humanium.org\/de\/?attachment_id=13533\" class=\"wp-image-13533\" srcset=\"https:\/\/www.humanium.org\/de\/wp-content\/uploads\/2020\/09\/shutterstock_1486550798-1024x683.jpg 1024w, https:\/\/www.humanium.org\/de\/wp-content\/uploads\/2020\/09\/shutterstock_1486550798-300x200.jpg 300w, https:\/\/www.humanium.org\/de\/wp-content\/uploads\/2020\/09\/shutterstock_1486550798-768x512.jpg 768w, https:\/\/www.humanium.org\/de\/wp-content\/uploads\/2020\/09\/shutterstock_1486550798-1536x1024.jpg 1536w, https:\/\/www.humanium.org\/de\/wp-content\/uploads\/2020\/09\/shutterstock_1486550798-2048x1365.jpg 2048w, https:\/\/www.humanium.org\/de\/wp-content\/uploads\/2020\/09\/shutterstock_1486550798-830x553.jpg 830w, https:\/\/www.humanium.org\/de\/wp-content\/uploads\/2020\/09\/shutterstock_1486550798-230x153.jpg 230w, https:\/\/www.humanium.org\/de\/wp-content\/uploads\/2020\/09\/shutterstock_1486550798-350x233.jpg 350w, https:\/\/www.humanium.org\/de\/wp-content\/uploads\/2020\/09\/shutterstock_1486550798-480x320.jpg 480w, https:\/\/www.humanium.org\/de\/wp-content\/uploads\/2020\/09\/shutterstock_1486550798-272x182.jpg 272w\" sizes=\"auto, (max-width: 1024px) 100vw, 1024px\" \/><\/figure><\/li><li class=\"blocks-gallery-item\"><figure><img loading=\"lazy\" decoding=\"async\" width=\"1024\" height=\"683\" src=\"https:\/\/www.humanium.org\/de\/wp-content\/uploads\/2020\/09\/shutterstock_1489282430-1024x683.jpg\" alt=\"\" data-id=\"13534\" data-full-url=\"https:\/\/www.humanium.org\/de\/wp-content\/uploads\/2020\/09\/shutterstock_1489282430-scaled.jpg\" data-link=\"https:\/\/www.humanium.org\/de\/?attachment_id=13534\" class=\"wp-image-13534\" srcset=\"https:\/\/www.humanium.org\/de\/wp-content\/uploads\/2020\/09\/shutterstock_1489282430-1024x683.jpg 1024w, https:\/\/www.humanium.org\/de\/wp-content\/uploads\/2020\/09\/shutterstock_1489282430-300x200.jpg 300w, https:\/\/www.humanium.org\/de\/wp-content\/uploads\/2020\/09\/shutterstock_1489282430-768x512.jpg 768w, https:\/\/www.humanium.org\/de\/wp-content\/uploads\/2020\/09\/shutterstock_1489282430-1536x1024.jpg 1536w, https:\/\/www.humanium.org\/de\/wp-content\/uploads\/2020\/09\/shutterstock_1489282430-2048x1366.jpg 2048w, https:\/\/www.humanium.org\/de\/wp-content\/uploads\/2020\/09\/shutterstock_1489282430-830x553.jpg 830w, https:\/\/www.humanium.org\/de\/wp-content\/uploads\/2020\/09\/shutterstock_1489282430-230x153.jpg 230w, https:\/\/www.humanium.org\/de\/wp-content\/uploads\/2020\/09\/shutterstock_1489282430-350x233.jpg 350w, https:\/\/www.humanium.org\/de\/wp-content\/uploads\/2020\/09\/shutterstock_1489282430-480x320.jpg 480w, https:\/\/www.humanium.org\/de\/wp-content\/uploads\/2020\/09\/shutterstock_1489282430-272x182.jpg 272w\" sizes=\"auto, (max-width: 1024px) 100vw, 1024px\" \/><\/figure><\/li><\/ul><\/figure>\n\n\n\n<h3 class=\"wp-block-heading\"><strong><strong><strong>JETZT HANDELN, um den Amazonas Regenwald zu retten<\/strong><\/strong><\/strong><\/h3>\n\n\n\n<p><strong>Waldbr\u00e4nde im Amazonas-Regenwald drohen eine beispiellose Umweltzerst\u00f6rung mit sich zu f\u00fchren und Kinderrechte zu verletzen.<\/strong><br><br>Die Abholzung im Amazonas Regenwald ist auf einem Allzeithoch. Indigene V\u00f6lker sind Berichten zufolge aufgrund der Zerst\u00f6rung ihrer H\u00e4user und der unrechtm\u00e4\u00dfigen Verletzung ihrer Rechte von <strong>Ethnozid und V\u00f6lkermord<\/strong> bedroht.<br><br><strong>Die Lungen der Welt werden zerst\u00f6rt. Es gibt einen globalen Klimanotfa<\/strong>ll und es m\u00fcssen Ma\u00dfnahmen zum Schutz des Amazonas-Regenwaldes ergriffen werden, aber die brasilianische Regierung tut dies nicht. <\/p>\n\n\n\n<p><strong><u>Unterschreibe&nbsp;die Petition und schaffe Dir Geh\u00f6r!<\/u><\/strong><\/p>\n\n\n\n<!--more-->\n\n\n\n<h3 class=\"wp-block-heading\">Vollst\u00e4ndiger Brief der Petition<\/h3>\n\n\n\n<p>An die brasilianische Regierung und den brasilianischen Kongress,<\/p>\n\n\n\n<p>Wir, die B\u00fcrger dieser Welt, fordern die brasilianische Regierung auf, unverz\u00fcglich Ma\u00dfnahmen zu ergreifen, um eine weitere Zerst\u00f6rung des Amazonas-Regenwaldes zu stoppen.<\/p>\n\n\n\n<p>Wir sind entsetzt \u00fcber den rapiden Anstieg der Abholzung in diesem Jahr und unterstreichen, dass die unmittelbare Gefahr weiterer Waldbr\u00e4nde zu beispiellosen Verw\u00fcstungen von Mensch und Umwelt im Amazonas-Regenwald f\u00fchren k\u00f6nnte. Wir betonen den \u201eirreversiblen Wendepunkt\u201c, dem sich der Regenwald n\u00e4hert und fordern die Einhaltung der Rechte von Kindern und indigenen V\u00f6lkern in Brasilien, die \u00fcberproportional vom Waldverlust betroffen sind. Die Zukunft unseres Planeten h\u00e4ngt vom Wohlergehen des Amazonas-Regenwaldes und seiner Bewohner ab.<\/p>\n\n\n\n<p>Wir sind ernsthaft besorgt dar\u00fcber, dass die Zerst\u00f6rung des Amazonas-Regenwaldes seit der Bolsonaro-Regierung erheblich eskaliert ist und weiterhin Rekordh\u00f6hen erreicht. Laufende illegale Aktivit\u00e4ten wie Holzeinschlag, Bergbau und Waldbr\u00e4nde bleiben ungestraft und tragen zur Verletzung einer Vielzahl von Menschenrechten im Zusammenhang mit der Zerst\u00f6rung des Amazonas-Regenwaldes bei, die als \u201eNotfall f\u00fcr die \u00f6ffentliche Sicherheit\u201c bezeichnet wurde. Trotz eines Brandverbots und des Einsatzes von Truppen verschlechtert sich die Situation weiter und es sind wesentlich effektivere staatliche Ma\u00dfnahmen erforderlich. Regenwaldbr\u00e4nde verursachen erhebliche Gesundheitssch\u00e4den f\u00fcr Kinder, bedrohen COVID-19 Betroffene und m\u00fcssen somit verhindert werden. Wir zwingen Brasilien, seinen Verpflichtungen gegen\u00fcber Kindern im und um das Amazonasgebiet, deren Rechte durch die Abholzung des Regenwaldes bedroht sind, dringend nachzukommen. Dazu geh\u00f6ren das Recht auf Leben, \u00dcberleben und Entwicklung, das Recht auf einen angemessenen Lebensstandard, das Recht von Kindern, die Minderheiten angeh\u00f6ren, einschlie\u00dflich indigener Gruppen, ihre Kultur zu praktizieren, das Recht auf Nichtdiskriminierung und die Verpflichtung, das Wohl des Kindes zu respektieren sowie das Recht auf den h\u00f6chstm\u00f6glichen Gesundheitsstandard. Bei Regenwaldbr\u00e4nden verpflichtet der letzte Paragraf der Konvention \u00fcber die Rechte des Kindes Staaten ausdr\u00fccklich, die Gefahren und Risiken der Umweltverschmutzung zu ber\u00fccksichtigen.<\/p>\n\n\n\n<p>Dar\u00fcber hinaus sind Bedrohungen durch V\u00f6lkermord und Ethnozid f\u00fcr bestimmte indigene V\u00f6lker des Amazonas, die durch die Verw\u00fcstung des Waldes unter der Regierung von Pr\u00e4sident Bolsonaro drohen, Anlass zu ernsthafter Besorgnis. Es ist dringend erforderlich, indigene V\u00f6lker sowie Menschenrechts- und Umweltrechtsaktivisten des Regenwaldes, einschlie\u00dflich Kinder, zu sch\u00fctzen. Wir stehen in Solidarit\u00e4t mit allen indigenen V\u00f6lkern des Amazonas und fordern die Regierung dringend dazu auf, die Achtung ihrer Territorien sicherzustellen und das Prinzip des \u201eNichtkontakts\u201c einzuhalten. Wir verurteilen gemeinsam mit Greta Thunberg das Vorgehen der Regierung in der COVID-19-Pandemie als &#8222;gescheitert&#8220; und betrachten den Schutz von jungen Umweltrechtsverteidigern und jungen Umweltaktivisten in Brasilien sowie auf der ganzen Welt als unumg\u00e4nglich f\u00fcr die Deeskalation des Klimanotstands auf der Welt.<\/p>\n\n\n\n<p>Wir bedauern die anhaltende Blockade und K\u00fcrzung der Mittel f\u00fcr die Erhaltung des Regenwaldes und die anhaltende Deregulierung der Umwelt in Brasilien. Wir bestehen darauf, dass die Verantwortlichkeiten des Nationalen Programms zum Schutz von Menschenrechtsverteidigern, der National Indian Foundation (FUNAI) und des Justizministeriums dringend erf\u00fcllt werden, um den Schutz von Menschenrechten und Umweltverteidigern zu gew\u00e4hrleisten.<\/p>\n\n\n\n<p><strong>Wir fordern die brasilianische Regierung auf, unverz\u00fcglich Ma\u00dfnahmen zu ergreifen f\u00fcr:<\/strong><\/p>\n\n\n\n<ul class=\"wp-block-list\"><li><strong>die Erhaltung des Amazonas-Regenwaldes durch das Verbot einer weiteren Abholzung, insbesondere im Hinblick auf Br\u00e4nde<\/strong><\/li><li><strong>die Gew\u00e4hrleistung des dringenden Schutzes von Menschenrechts- und Umweltrechtsverteidigern, einschlie\u00dflich Kindern<\/strong><\/li><li><strong>die Wahrung der Rechte der indigenen Bev\u00f6lkerung und die Ausweitung des Schutzes abgegrenzter indigener Gebiete in Brasilien<\/strong><\/li><li><strong>Unterzeichnen Sie die Erkl\u00e4rung zu Kinder-, Jugend- und Klimaschutzma\u00dfnahmen.<\/strong><\/li><\/ul>\n\n\n\n<p>Ein entschiedenes Handeln wird mit dem \u00dcberleben k\u00fcnftiger Generationen in diesem historischen Moment f\u00fcr das Klima unseres Planeten in Verbindung gebracht werden, und ein Versagen, effektiv zu handeln, wird wahrscheinlich unz\u00e4hlige Leben kosten. Wir unterstreichen dabei die unfehlbare und durchsetzbare Verantwortung, die Sie sowohl als Regierung als auch als Einzelperson tragen. Wir erinnern Sie ferner daran, dass solche Petitionen wie diese und andere zivilgesellschaftliche \u00c4u\u00dferungen von Unzufriedenheit und Handlungsaufforderungen eine Forderung nach Rechenschaftspflicht von Ihrer Seite sind, die dem Kern des demokratischen Charakters Ihrer Regierung und den Ihnen einger\u00e4umten Positionen innewohnt.<\/p>\n\n\n\n<p>Vielen Dank f\u00fcr Deine Unterst\u00fctzung.<\/p>\n\n\n\n<p>Mit freundlichen Gr\u00fc\u00dfen,<br><em>Josie Thum &#8211;<strong> Advocacy Officer<\/strong><\/em><\/p>\n","protected":false},"excerpt":{"rendered":"<p>Die Unterschriftensammlung ist geschlossen.6&#8217;911 Unterschriften &#8211; Danke! An die Brasilianische Regierung und das Brasilianische Parlament Wir fordern Brasilien auf, unverz\u00fcglich zu handeln, um eine weitere Zerst\u00f6rung des Amazonas Regenwaldes zu verhindern. Wir sind entsetzt \u00fcber den steilen Anstieg der Abholzung und die Gefahr weiterer Waldbr\u00e4nde. Wir fordern die Wahrung der Rechte von Kindern und indigenen [&hellip;]<\/p>\n","protected":false},"author":1,"featured_media":0,"parent":0,"menu_order":0,"comment_status":"closed","ping_status":"closed","template":"","meta":{"footnotes":""},"class_list":["post-14650","page","type-page","status-publish","hentry"],"yoast_head":"<!-- This site is optimized with the Yoast SEO plugin v26.5 - https:\/\/yoast.com\/wordpress\/plugins\/seo\/ -->\n<title>Petition: Stoppt die Zerst\u00f6rung des Amazonas - Humanium<\/title>\n<meta name=\"robots\" content=\"index, follow, max-snippet:-1, max-image-preview:large, max-video-preview:-1\" \/>\n<link rel=\"canonical\" href=\"https:\/\/www.humanium.org\/de\/stoppt-die-zerstoerung-des-amazonas\/\" \/>\n<meta property=\"og:locale\" content=\"de_DE\" \/>\n<meta property=\"og:type\" content=\"article\" \/>\n<meta property=\"og:title\" content=\"Petition: Stoppt die Zerst\u00f6rung des Amazonas - Humanium\" \/>\n<meta property=\"og:description\" content=\"Die Unterschriftensammlung ist geschlossen.6&#8217;911 Unterschriften &#8211; Danke! An die Brasilianische Regierung und das Brasilianische Parlament Wir fordern Brasilien auf, unverz\u00fcglich zu handeln, um eine weitere Zerst\u00f6rung des Amazonas Regenwaldes zu verhindern. Wir sind entsetzt \u00fcber den steilen Anstieg der Abholzung und die Gefahr weiterer Waldbr\u00e4nde. Wir fordern die Wahrung der Rechte von Kindern und indigenen [&hellip;]\" \/>\n<meta property=\"og:url\" content=\"https:\/\/www.humanium.org\/de\/stoppt-die-zerstoerung-des-amazonas\/\" \/>\n<meta property=\"og:site_name\" content=\"Humanium\" \/>\n<meta property=\"article:modified_time\" content=\"2021-05-24T12:17:21+00:00\" \/>\n<meta property=\"og:image\" content=\"https:\/\/www.humanium.org\/de\/wp-content\/uploads\/2020\/09\/shutterstock_316135883-1024x683.jpg\" \/>\n<meta name=\"twitter:card\" content=\"summary_large_image\" \/>\n<meta name=\"twitter:label1\" content=\"Gesch\u00e4tzte Lesezeit\" \/>\n\t<meta name=\"twitter:data1\" content=\"5\u00a0Minuten\" \/>\n<script type=\"application\/ld+json\" class=\"yoast-schema-graph\">{\"@context\":\"https:\/\/schema.org\",\"@graph\":[{\"@type\":\"WebPage\",\"@id\":\"https:\/\/www.humanium.org\/de\/stoppt-die-zerstoerung-des-amazonas\/\",\"url\":\"https:\/\/www.humanium.org\/de\/stoppt-die-zerstoerung-des-amazonas\/\",\"name\":\"Petition: Stoppt die Zerst\u00f6rung des Amazonas - Humanium\",\"isPartOf\":{\"@id\":\"https:\/\/www.humanium.org\/de\/#website\"},\"primaryImageOfPage\":{\"@id\":\"https:\/\/www.humanium.org\/de\/stoppt-die-zerstoerung-des-amazonas\/#primaryimage\"},\"image\":{\"@id\":\"https:\/\/www.humanium.org\/de\/stoppt-die-zerstoerung-des-amazonas\/#primaryimage\"},\"thumbnailUrl\":\"https:\/\/www.humanium.org\/de\/wp-content\/uploads\/2020\/09\/shutterstock_316135883-1024x683.jpg\",\"datePublished\":\"2021-05-24T12:14:06+00:00\",\"dateModified\":\"2021-05-24T12:17:21+00:00\",\"breadcrumb\":{\"@id\":\"https:\/\/www.humanium.org\/de\/stoppt-die-zerstoerung-des-amazonas\/#breadcrumb\"},\"inLanguage\":\"de\",\"potentialAction\":[{\"@type\":\"ReadAction\",\"target\":[\"https:\/\/www.humanium.org\/de\/stoppt-die-zerstoerung-des-amazonas\/\"]}]},{\"@type\":\"ImageObject\",\"inLanguage\":\"de\",\"@id\":\"https:\/\/www.humanium.org\/de\/stoppt-die-zerstoerung-des-amazonas\/#primaryimage\",\"url\":\"https:\/\/www.humanium.org\/de\/wp-content\/uploads\/2020\/09\/shutterstock_316135883-scaled.jpg\",\"contentUrl\":\"https:\/\/www.humanium.org\/de\/wp-content\/uploads\/2020\/09\/shutterstock_316135883-scaled.jpg\",\"width\":2560,\"height\":1707},{\"@type\":\"BreadcrumbList\",\"@id\":\"https:\/\/www.humanium.org\/de\/stoppt-die-zerstoerung-des-amazonas\/#breadcrumb\",\"itemListElement\":[{\"@type\":\"ListItem\",\"position\":1,\"name\":\"Home\",\"item\":\"https:\/\/www.humanium.org\/de\/\"},{\"@type\":\"ListItem\",\"position\":2,\"name\":\"Petition: Stoppt die Zerst\u00f6rung des Amazonas\"}]},{\"@type\":\"WebSite\",\"@id\":\"https:\/\/www.humanium.org\/de\/#website\",\"url\":\"https:\/\/www.humanium.org\/de\/\",\"name\":\"Humanium\",\"description\":\"Kinder zuerst!\",\"potentialAction\":[{\"@type\":\"SearchAction\",\"target\":{\"@type\":\"EntryPoint\",\"urlTemplate\":\"https:\/\/www.humanium.org\/de\/?s={search_term_string}\"},\"query-input\":{\"@type\":\"PropertyValueSpecification\",\"valueRequired\":true,\"valueName\":\"search_term_string\"}}],\"inLanguage\":\"de\"}]}<\/script>\n<!-- \/ Yoast SEO plugin. -->","yoast_head_json":{"title":"Petition: Stoppt die Zerst\u00f6rung des Amazonas - Humanium","robots":{"index":"index","follow":"follow","max-snippet":"max-snippet:-1","max-image-preview":"max-image-preview:large","max-video-preview":"max-video-preview:-1"},"canonical":"https:\/\/www.humanium.org\/de\/stoppt-die-zerstoerung-des-amazonas\/","og_locale":"de_DE","og_type":"article","og_title":"Petition: Stoppt die Zerst\u00f6rung des Amazonas - Humanium","og_description":"Die Unterschriftensammlung ist geschlossen.6&#8217;911 Unterschriften &#8211; Danke! An die Brasilianische Regierung und das Brasilianische Parlament Wir fordern Brasilien auf, unverz\u00fcglich zu handeln, um eine weitere Zerst\u00f6rung des Amazonas Regenwaldes zu verhindern. Wir sind entsetzt \u00fcber den steilen Anstieg der Abholzung und die Gefahr weiterer Waldbr\u00e4nde. Wir fordern die Wahrung der Rechte von Kindern und indigenen [&hellip;]","og_url":"https:\/\/www.humanium.org\/de\/stoppt-die-zerstoerung-des-amazonas\/","og_site_name":"Humanium","article_modified_time":"2021-05-24T12:17:21+00:00","og_image":[{"url":"https:\/\/www.humanium.org\/de\/wp-content\/uploads\/2020\/09\/shutterstock_316135883-1024x683.jpg","type":"","width":"","height":""}],"twitter_card":"summary_large_image","twitter_misc":{"Gesch\u00e4tzte Lesezeit":"5\u00a0Minuten"},"schema":{"@context":"https:\/\/schema.org","@graph":[{"@type":"WebPage","@id":"https:\/\/www.humanium.org\/de\/stoppt-die-zerstoerung-des-amazonas\/","url":"https:\/\/www.humanium.org\/de\/stoppt-die-zerstoerung-des-amazonas\/","name":"Petition: Stoppt die Zerst\u00f6rung des Amazonas - Humanium","isPartOf":{"@id":"https:\/\/www.humanium.org\/de\/#website"},"primaryImageOfPage":{"@id":"https:\/\/www.humanium.org\/de\/stoppt-die-zerstoerung-des-amazonas\/#primaryimage"},"image":{"@id":"https:\/\/www.humanium.org\/de\/stoppt-die-zerstoerung-des-amazonas\/#primaryimage"},"thumbnailUrl":"https:\/\/www.humanium.org\/de\/wp-content\/uploads\/2020\/09\/shutterstock_316135883-1024x683.jpg","datePublished":"2021-05-24T12:14:06+00:00","dateModified":"2021-05-24T12:17:21+00:00","breadcrumb":{"@id":"https:\/\/www.humanium.org\/de\/stoppt-die-zerstoerung-des-amazonas\/#breadcrumb"},"inLanguage":"de","potentialAction":[{"@type":"ReadAction","target":["https:\/\/www.humanium.org\/de\/stoppt-die-zerstoerung-des-amazonas\/"]}]},{"@type":"ImageObject","inLanguage":"de","@id":"https:\/\/www.humanium.org\/de\/stoppt-die-zerstoerung-des-amazonas\/#primaryimage","url":"https:\/\/www.humanium.org\/de\/wp-content\/uploads\/2020\/09\/shutterstock_316135883-scaled.jpg","contentUrl":"https:\/\/www.humanium.org\/de\/wp-content\/uploads\/2020\/09\/shutterstock_316135883-scaled.jpg","width":2560,"height":1707},{"@type":"BreadcrumbList","@id":"https:\/\/www.humanium.org\/de\/stoppt-die-zerstoerung-des-amazonas\/#breadcrumb","itemListElement":[{"@type":"ListItem","position":1,"name":"Home","item":"https:\/\/www.humanium.org\/de\/"},{"@type":"ListItem","position":2,"name":"Petition: Stoppt die Zerst\u00f6rung des Amazonas"}]},{"@type":"WebSite","@id":"https:\/\/www.humanium.org\/de\/#website","url":"https:\/\/www.humanium.org\/de\/","name":"Humanium","description":"Kinder zuerst!","potentialAction":[{"@type":"SearchAction","target":{"@type":"EntryPoint","urlTemplate":"https:\/\/www.humanium.org\/de\/?s={search_term_string}"},"query-input":{"@type":"PropertyValueSpecification","valueRequired":true,"valueName":"search_term_string"}}],"inLanguage":"de"}]}},"_links":{"self":[{"href":"https:\/\/www.humanium.org\/de\/wp-json\/wp\/v2\/pages\/14650","targetHints":{"allow":["GET"]}}],"collection":[{"href":"https:\/\/www.humanium.org\/de\/wp-json\/wp\/v2\/pages"}],"about":[{"href":"https:\/\/www.humanium.org\/de\/wp-json\/wp\/v2\/types\/page"}],"author":[{"embeddable":true,"href":"https:\/\/www.humanium.org\/de\/wp-json\/wp\/v2\/users\/1"}],"replies":[{"embeddable":true,"href":"https:\/\/www.humanium.org\/de\/wp-json\/wp\/v2\/comments?post=14650"}],"version-history":[{"count":2,"href":"https:\/\/www.humanium.org\/de\/wp-json\/wp\/v2\/pages\/14650\/revisions"}],"predecessor-version":[{"id":14653,"href":"https:\/\/www.humanium.org\/de\/wp-json\/wp\/v2\/pages\/14650\/revisions\/14653"}],"wp:attachment":[{"href":"https:\/\/www.humanium.org\/de\/wp-json\/wp\/v2\/media?parent=14650"}],"curies":[{"name":"wp","href":"https:\/\/api.w.org\/{rel}","templated":true}]}}