{"id":1634,"date":"2013-08-08T14:01:36","date_gmt":"2013-08-08T14:01:36","guid":{"rendered":"http:\/\/www.humanium.org\/de\/?page_id=1634"},"modified":"2025-12-06T06:19:35","modified_gmt":"2025-12-06T06:19:35","slug":"auswirkungen","status":"publish","type":"page","link":"https:\/\/www.humanium.org\/de\/auswirkungen\/","title":{"rendered":"Die Auswirkungen einer Konfrontation der Kinder mit dem Rechtswesen"},"content":{"rendered":"<h1>Die Auswirkungen einer Konfrontation der Kinder mit dem Rechtswesen<\/h1>\n<p>Die Auswirkungen betreffen vorwiegend Kinder, die sich in im Konflikt mit dem Gesetz befinden und ihrer Freiheit beraubt sind (siehe Schwerpunkt \u00fcber straff\u00e4llige, <a href=\"https:\/\/www.humanium.org\/de\/inhaftierte-kinder\/\">inhaftierte Kinder<\/a> f\u00fcr mehr Informationen \u00fcber die Auswirkungen von Haft). Sie betreffen auch Kinder, die Opfer oder Zeugen einer Straftat sind. Die Konfrontation mit dem Rechtssystem kann zu einer weiteren traumatischen Erfahrung f\u00fcr diese Kinder werden.<\/p>\n<p>Wenn das Personal nicht dazu ausgebildet ist, mit Kindern angemessen umzugehen, besteht die M\u00f6glichkeit, dass sich das Kind unwohl f\u00fchlt, ver\u00e4ngstigt oder sogar gef\u00e4hrdet wird. Sie k\u00f6nnen das Gef\u00fchl bekommen, dass niemand h\u00f6rt, was sie sagen, oder schlimmer, dass ihnen niemand glaubt. Dies kann einen entmutigenden und niederschlagenden Effekt haben. Es ist ein Fakt, dass Kinder, die dem Rechtssystem ihres Landes kein Vertrauen mehr entgegenbringen, gef\u00e4hrdeter sind straff\u00e4llig zu werden.<\/p>\n<p>Vom Rechtswesen gef\u00e4llte Entscheidungen, ob gerecht oder ungerecht, ver\u00e4ndern die Zukunft eines Kindes. Wird es ins Gef\u00e4ngnis geschickt und werden seine spezifischen Bed\u00fcrfnisse nicht beachtet, so wird sein Leben komplett auf den Kopf gestellt oder sogar zerst\u00f6rt. Bekommt ein Kind jedoch Unterst\u00fctzung oder eine Form von Entsch\u00e4digung, kann dies es ihm erm\u00f6glichen, einem schwierigen Leben zu entkommen.<\/p>\n<p>Sollte au\u00dferdem die Anonymit\u00e4t der Kinder nicht gewahrt werden, k\u00f6nnen jene, die einer Straftat bezichtigt werden (ob schuldig oder nicht), mit den Vorurteilen der Gesellschaft konfrontiert werden, welche sie immer als Straft\u00e4ter ansehen wird. Kinder, die als Zeugen auftreten, k\u00f6nnen von denjenigen bedroht werden, gegen die sie aussagen.<\/p>\n<p><a href=\"https:\/\/www.humanium.org\/de\/rechtspflege-bei-kindern\/\">Zur\u00fcck zu Gerechtigkeit f\u00fcr Kinder<\/a><\/p>\n<div id=\"toggle\"><a><\/a><\/div>\n<div id=\"voir_aussi_box\" style=\"display: none;\">\n<ul>\n<li>Was ist Gerechtigkeit?<\/li>\n<li><a href=\"https:\/\/www.humanium.org\/de\/internationale-regeln\/\">Internationale Regeln zu Kinder<\/a><\/li>\n<li><a href=\"https:\/\/www.humanium.org\/de\/kinder-im-justizsystem\/\">Kinder im Justizsystem<\/a><\/li>\n<li><a href=\"https:\/\/www.humanium.org\/de\/inhaftierte-kinder\/\">Inhaftierte Kinder<\/a><\/li>\n<\/ul>\n<\/div>\n<p>&nbsp;<\/p>\n<table>\n<tbody style=\"background: #f9f9f9;\">\n<tr>\n<td>\n<div style=\"float: left; width: 90%;\">Geschrieben von : Lena Kater<br \/>\nBewertet von : Tabea Wolf-Fourman<\/div>\n<\/td>\n<\/tr>\n<\/tbody>\n<\/table>\n<table>\n<tbody style=\"background: #f9f9f9;\">\n<tr>\n<td>\n<div style=\"float: left; width: 90%;\">Verfasst am 23. Juli 2013<\/div>\n<\/td>\n<\/tr>\n<\/tbody>\n<\/table>\n<hr \/>\n","protected":false},"excerpt":{"rendered":"<p>Die Auswirkungen einer Konfrontation der Kinder mit dem Rechtswesen Die Auswirkungen betreffen vorwiegend Kinder, die sich in im Konflikt mit dem Gesetz befinden und ihrer Freiheit beraubt sind (siehe Schwerpunkt \u00fcber straff\u00e4llige, inhaftierte Kinder f\u00fcr mehr Informationen \u00fcber die Auswirkungen von Haft). Sie betreffen auch Kinder, die Opfer oder Zeugen einer Straftat sind. Die Konfrontation [&hellip;]<\/p>\n","protected":false},"author":1,"featured_media":0,"parent":0,"menu_order":0,"comment_status":"closed","ping_status":"closed","template":"","meta":{"footnotes":""},"class_list":["post-1634","page","type-page","status-publish","hentry"],"yoast_head":"<!-- This site is optimized with the Yoast SEO plugin v26.5 - https:\/\/yoast.com\/wordpress\/plugins\/seo\/ -->\n<title>Die Auswirkungen einer Konfrontation der Kinder mit dem Rechtswesen - Humanium<\/title>\n<meta name=\"robots\" content=\"index, follow, max-snippet:-1, max-image-preview:large, max-video-preview:-1\" \/>\n<link rel=\"canonical\" href=\"https:\/\/www.humanium.org\/de\/auswirkungen\/\" \/>\n<meta property=\"og:locale\" content=\"de_DE\" \/>\n<meta property=\"og:type\" content=\"article\" \/>\n<meta property=\"og:title\" content=\"Die Auswirkungen einer Konfrontation der Kinder mit dem Rechtswesen - Humanium\" \/>\n<meta property=\"og:description\" content=\"Die Auswirkungen einer Konfrontation der Kinder mit dem Rechtswesen Die Auswirkungen betreffen vorwiegend Kinder, die sich in im Konflikt mit dem Gesetz befinden und ihrer Freiheit beraubt sind (siehe Schwerpunkt \u00fcber straff\u00e4llige, inhaftierte Kinder f\u00fcr mehr Informationen \u00fcber die Auswirkungen von Haft). Sie betreffen auch Kinder, die Opfer oder Zeugen einer Straftat sind. Die Konfrontation [&hellip;]\" \/>\n<meta property=\"og:url\" content=\"https:\/\/www.humanium.org\/de\/auswirkungen\/\" \/>\n<meta property=\"og:site_name\" content=\"Humanium\" \/>\n<meta property=\"article:modified_time\" content=\"2025-12-06T06:19:35+00:00\" \/>\n<meta name=\"twitter:card\" content=\"summary_large_image\" \/>\n<meta name=\"twitter:label1\" content=\"Gesch\u00e4tzte Lesezeit\" \/>\n\t<meta name=\"twitter:data1\" content=\"1\u00a0Minute\" \/>\n<script type=\"application\/ld+json\" class=\"yoast-schema-graph\">{\"@context\":\"https:\/\/schema.org\",\"@graph\":[{\"@type\":\"WebPage\",\"@id\":\"https:\/\/www.humanium.org\/de\/auswirkungen\/\",\"url\":\"https:\/\/www.humanium.org\/de\/auswirkungen\/\",\"name\":\"Die Auswirkungen einer Konfrontation der Kinder mit dem Rechtswesen - Humanium\",\"isPartOf\":{\"@id\":\"https:\/\/www.humanium.org\/de\/#website\"},\"datePublished\":\"2013-08-08T14:01:36+00:00\",\"dateModified\":\"2025-12-06T06:19:35+00:00\",\"breadcrumb\":{\"@id\":\"https:\/\/www.humanium.org\/de\/auswirkungen\/#breadcrumb\"},\"inLanguage\":\"de\",\"potentialAction\":[{\"@type\":\"ReadAction\",\"target\":[\"https:\/\/www.humanium.org\/de\/auswirkungen\/\"]}]},{\"@type\":\"BreadcrumbList\",\"@id\":\"https:\/\/www.humanium.org\/de\/auswirkungen\/#breadcrumb\",\"itemListElement\":[{\"@type\":\"ListItem\",\"position\":1,\"name\":\"Home\",\"item\":\"https:\/\/www.humanium.org\/de\/\"},{\"@type\":\"ListItem\",\"position\":2,\"name\":\"Die Auswirkungen einer Konfrontation der Kinder mit dem Rechtswesen\"}]},{\"@type\":\"WebSite\",\"@id\":\"https:\/\/www.humanium.org\/de\/#website\",\"url\":\"https:\/\/www.humanium.org\/de\/\",\"name\":\"Humanium\",\"description\":\"Kinder zuerst!\",\"potentialAction\":[{\"@type\":\"SearchAction\",\"target\":{\"@type\":\"EntryPoint\",\"urlTemplate\":\"https:\/\/www.humanium.org\/de\/?s={search_term_string}\"},\"query-input\":{\"@type\":\"PropertyValueSpecification\",\"valueRequired\":true,\"valueName\":\"search_term_string\"}}],\"inLanguage\":\"de\"}]}<\/script>\n<!-- \/ Yoast SEO plugin. -->","yoast_head_json":{"title":"Die Auswirkungen einer Konfrontation der Kinder mit dem Rechtswesen - Humanium","robots":{"index":"index","follow":"follow","max-snippet":"max-snippet:-1","max-image-preview":"max-image-preview:large","max-video-preview":"max-video-preview:-1"},"canonical":"https:\/\/www.humanium.org\/de\/auswirkungen\/","og_locale":"de_DE","og_type":"article","og_title":"Die Auswirkungen einer Konfrontation der Kinder mit dem Rechtswesen - Humanium","og_description":"Die Auswirkungen einer Konfrontation der Kinder mit dem Rechtswesen Die Auswirkungen betreffen vorwiegend Kinder, die sich in im Konflikt mit dem Gesetz befinden und ihrer Freiheit beraubt sind (siehe Schwerpunkt \u00fcber straff\u00e4llige, inhaftierte Kinder f\u00fcr mehr Informationen \u00fcber die Auswirkungen von Haft). Sie betreffen auch Kinder, die Opfer oder Zeugen einer Straftat sind. Die Konfrontation [&hellip;]","og_url":"https:\/\/www.humanium.org\/de\/auswirkungen\/","og_site_name":"Humanium","article_modified_time":"2025-12-06T06:19:35+00:00","twitter_card":"summary_large_image","twitter_misc":{"Gesch\u00e4tzte Lesezeit":"1\u00a0Minute"},"schema":{"@context":"https:\/\/schema.org","@graph":[{"@type":"WebPage","@id":"https:\/\/www.humanium.org\/de\/auswirkungen\/","url":"https:\/\/www.humanium.org\/de\/auswirkungen\/","name":"Die Auswirkungen einer Konfrontation der Kinder mit dem Rechtswesen - Humanium","isPartOf":{"@id":"https:\/\/www.humanium.org\/de\/#website"},"datePublished":"2013-08-08T14:01:36+00:00","dateModified":"2025-12-06T06:19:35+00:00","breadcrumb":{"@id":"https:\/\/www.humanium.org\/de\/auswirkungen\/#breadcrumb"},"inLanguage":"de","potentialAction":[{"@type":"ReadAction","target":["https:\/\/www.humanium.org\/de\/auswirkungen\/"]}]},{"@type":"BreadcrumbList","@id":"https:\/\/www.humanium.org\/de\/auswirkungen\/#breadcrumb","itemListElement":[{"@type":"ListItem","position":1,"name":"Home","item":"https:\/\/www.humanium.org\/de\/"},{"@type":"ListItem","position":2,"name":"Die Auswirkungen einer Konfrontation der Kinder mit dem Rechtswesen"}]},{"@type":"WebSite","@id":"https:\/\/www.humanium.org\/de\/#website","url":"https:\/\/www.humanium.org\/de\/","name":"Humanium","description":"Kinder zuerst!","potentialAction":[{"@type":"SearchAction","target":{"@type":"EntryPoint","urlTemplate":"https:\/\/www.humanium.org\/de\/?s={search_term_string}"},"query-input":{"@type":"PropertyValueSpecification","valueRequired":true,"valueName":"search_term_string"}}],"inLanguage":"de"}]}},"_links":{"self":[{"href":"https:\/\/www.humanium.org\/de\/wp-json\/wp\/v2\/pages\/1634","targetHints":{"allow":["GET"]}}],"collection":[{"href":"https:\/\/www.humanium.org\/de\/wp-json\/wp\/v2\/pages"}],"about":[{"href":"https:\/\/www.humanium.org\/de\/wp-json\/wp\/v2\/types\/page"}],"author":[{"embeddable":true,"href":"https:\/\/www.humanium.org\/de\/wp-json\/wp\/v2\/users\/1"}],"replies":[{"embeddable":true,"href":"https:\/\/www.humanium.org\/de\/wp-json\/wp\/v2\/comments?post=1634"}],"version-history":[{"count":6,"href":"https:\/\/www.humanium.org\/de\/wp-json\/wp\/v2\/pages\/1634\/revisions"}],"predecessor-version":[{"id":20508,"href":"https:\/\/www.humanium.org\/de\/wp-json\/wp\/v2\/pages\/1634\/revisions\/20508"}],"wp:attachment":[{"href":"https:\/\/www.humanium.org\/de\/wp-json\/wp\/v2\/media?parent=1634"}],"curies":[{"name":"wp","href":"https:\/\/api.w.org\/{rel}","templated":true}]}}