{"id":17011,"date":"2023-09-27T12:57:02","date_gmt":"2023-09-27T12:57:02","guid":{"rendered":"https:\/\/www.humanium.org\/de\/?page_id=17011"},"modified":"2023-09-27T13:08:31","modified_gmt":"2023-09-27T13:08:31","slug":"freiwillige-ubersetzer-franzosisch","status":"publish","type":"page","link":"https:\/\/www.humanium.org\/de\/freiwillige-ubersetzer-franzosisch\/","title":{"rendered":"Freiwilligeneinsatz \u2013 Franz\u00f6sisch-\u00dcbersetzer"},"content":{"rendered":"\n<h1 class=\"wp-block-heading\">Freiwilligeneinsatz \u2013 Franz\u00f6sisch-\u00dcbersetzer<\/h1>\n\n\n\n<ul class=\"wp-block-list\">\n<li><strong><em>Dauer der Vereinbarung: <\/em><\/strong><em>mindestens 6 Monate<\/em><\/li>\n\n\n\n<li><strong><em>Ort: <\/em><\/strong><em>Freiwilligenarbeit \u00fcber das Internet<\/em><\/li>\n\n\n\n<li><strong><em>Arbeitspensum<\/em><\/strong><em>: variiert je nach Bedarf<\/em><\/li>\n<\/ul>\n\n\n\n<h2 class=\"wp-block-heading\"><strong>Ver<\/strong><strong>antwortlichkeiten und Hauptaufgaben<\/strong><\/h2>\n\n\n\n<p><a href=\"https:\/\/www.humanium.org\/de\/\"><strong>Humanium<\/strong><\/a> sucht Freiwillige mit Franz\u00f6sisch (und Englisch) als Muttersprache und\/oder Freiwillige mit Erfahrung im \u00dcbersetzen ins Franz\u00f6sisch, um Artikel, L\u00e4nderberichte und k\u00fcrzere Projekte zu \u00fcbersetzen.<\/p>\n\n\n\n<p>Der\/die Freiwillige wird uns dabei unterst\u00fctzen, die Kinderrechte weltweit zu f\u00f6rdern, indem er\/sie uns hilft, den Inhalt unserer Website zu optimieren, um die Erfahrungen unserer j\u00e4hrlich 5 Millionen Besucher zu verbessern.<\/p>\n\n\n\n<h2 class=\"wp-block-heading\">Erforderliche Ausbildung und Erfahrung<\/h2>\n\n\n\n<ul class=\"wp-block-list\">\n<li>Beherrschung der franz\u00f6sischen (und englischen) Sprache in Wort und Schrift;<\/li>\n\n\n\n<li>Erfahrung im \u00dcbersetzen;<\/li>\n\n\n\n<li>Sprach- oder \u00dcbersetzungskurse;<\/li>\n\n\n\n<li>Gro\u00dfes Interesse an den Rechten der Kinder.<\/li>\n<\/ul>\n\n\n\n<p><strong>Hinweis:<\/strong> Es handelt sich um eine ehrenamtliche T\u00e4tigkeit, die nicht verg\u00fctet wird.<\/p>\n\n\n\n<p><strong>Sind Sie interessiert?<\/strong> Schicken Sie uns eine E-Mail mit dem Betreff &#8222;Freiwilligeneinsatz \u2013 Franz\u00f6sisch-\u00dcbersetzer&#8220; zusammen mit Ihrem Lebenslauf\/R\u00e9sum\u00e9 an diese Adresse: volunteer@humanium.org.<\/p>\n","protected":false},"excerpt":{"rendered":"<p>Freiwilligeneinsatz \u2013 Franz\u00f6sisch-\u00dcbersetzer Verantwortlichkeiten und Hauptaufgaben Humanium sucht Freiwillige mit Franz\u00f6sisch (und Englisch) als Muttersprache und\/oder Freiwillige mit Erfahrung im \u00dcbersetzen ins Franz\u00f6sisch, um Artikel, L\u00e4nderberichte und k\u00fcrzere Projekte zu \u00fcbersetzen. Der\/die Freiwillige wird uns dabei unterst\u00fctzen, die Kinderrechte weltweit zu f\u00f6rdern, indem er\/sie uns hilft, den Inhalt unserer Website zu optimieren, um die Erfahrungen [&hellip;]<\/p>\n","protected":false},"author":21,"featured_media":0,"parent":0,"menu_order":0,"comment_status":"closed","ping_status":"closed","template":"","meta":{"footnotes":""},"class_list":["post-17011","page","type-page","status-publish","hentry"],"yoast_head":"<!-- This site is optimized with the Yoast SEO plugin v26.5 - https:\/\/yoast.com\/wordpress\/plugins\/seo\/ -->\n<title>Freiwilligeneinsatz \u2013 Franz\u00f6sisch-\u00dcbersetzer - Humanium<\/title>\n<meta name=\"robots\" content=\"index, follow, max-snippet:-1, max-image-preview:large, max-video-preview:-1\" \/>\n<link rel=\"canonical\" href=\"https:\/\/www.humanium.org\/de\/freiwillige-ubersetzer-franzosisch\/\" \/>\n<meta property=\"og:locale\" content=\"de_DE\" \/>\n<meta property=\"og:type\" content=\"article\" \/>\n<meta property=\"og:title\" content=\"Freiwilligeneinsatz \u2013 Franz\u00f6sisch-\u00dcbersetzer - Humanium\" \/>\n<meta property=\"og:description\" content=\"Freiwilligeneinsatz \u2013 Franz\u00f6sisch-\u00dcbersetzer Verantwortlichkeiten und Hauptaufgaben Humanium sucht Freiwillige mit Franz\u00f6sisch (und Englisch) als Muttersprache und\/oder Freiwillige mit Erfahrung im \u00dcbersetzen ins Franz\u00f6sisch, um Artikel, L\u00e4nderberichte und k\u00fcrzere Projekte zu \u00fcbersetzen. Der\/die Freiwillige wird uns dabei unterst\u00fctzen, die Kinderrechte weltweit zu f\u00f6rdern, indem er\/sie uns hilft, den Inhalt unserer Website zu optimieren, um die Erfahrungen [&hellip;]\" \/>\n<meta property=\"og:url\" content=\"https:\/\/www.humanium.org\/de\/freiwillige-ubersetzer-franzosisch\/\" \/>\n<meta property=\"og:site_name\" content=\"Humanium\" \/>\n<meta property=\"article:modified_time\" content=\"2023-09-27T13:08:31+00:00\" \/>\n<meta name=\"twitter:card\" content=\"summary_large_image\" \/>\n<meta name=\"twitter:label1\" content=\"Gesch\u00e4tzte Lesezeit\" \/>\n\t<meta name=\"twitter:data1\" content=\"1\u00a0Minute\" \/>\n<script type=\"application\/ld+json\" class=\"yoast-schema-graph\">{\"@context\":\"https:\/\/schema.org\",\"@graph\":[{\"@type\":\"WebPage\",\"@id\":\"https:\/\/www.humanium.org\/de\/freiwillige-ubersetzer-franzosisch\/\",\"url\":\"https:\/\/www.humanium.org\/de\/freiwillige-ubersetzer-franzosisch\/\",\"name\":\"Freiwilligeneinsatz \u2013 Franz\u00f6sisch-\u00dcbersetzer - Humanium\",\"isPartOf\":{\"@id\":\"https:\/\/www.humanium.org\/de\/#website\"},\"datePublished\":\"2023-09-27T12:57:02+00:00\",\"dateModified\":\"2023-09-27T13:08:31+00:00\",\"breadcrumb\":{\"@id\":\"https:\/\/www.humanium.org\/de\/freiwillige-ubersetzer-franzosisch\/#breadcrumb\"},\"inLanguage\":\"de\",\"potentialAction\":[{\"@type\":\"ReadAction\",\"target\":[\"https:\/\/www.humanium.org\/de\/freiwillige-ubersetzer-franzosisch\/\"]}]},{\"@type\":\"BreadcrumbList\",\"@id\":\"https:\/\/www.humanium.org\/de\/freiwillige-ubersetzer-franzosisch\/#breadcrumb\",\"itemListElement\":[{\"@type\":\"ListItem\",\"position\":1,\"name\":\"Home\",\"item\":\"https:\/\/www.humanium.org\/de\/\"},{\"@type\":\"ListItem\",\"position\":2,\"name\":\"Freiwilligeneinsatz \u2013 Franz\u00f6sisch-\u00dcbersetzer\"}]},{\"@type\":\"WebSite\",\"@id\":\"https:\/\/www.humanium.org\/de\/#website\",\"url\":\"https:\/\/www.humanium.org\/de\/\",\"name\":\"Humanium\",\"description\":\"Kinder zuerst!\",\"potentialAction\":[{\"@type\":\"SearchAction\",\"target\":{\"@type\":\"EntryPoint\",\"urlTemplate\":\"https:\/\/www.humanium.org\/de\/?s={search_term_string}\"},\"query-input\":{\"@type\":\"PropertyValueSpecification\",\"valueRequired\":true,\"valueName\":\"search_term_string\"}}],\"inLanguage\":\"de\"}]}<\/script>\n<!-- \/ Yoast SEO plugin. -->","yoast_head_json":{"title":"Freiwilligeneinsatz \u2013 Franz\u00f6sisch-\u00dcbersetzer - Humanium","robots":{"index":"index","follow":"follow","max-snippet":"max-snippet:-1","max-image-preview":"max-image-preview:large","max-video-preview":"max-video-preview:-1"},"canonical":"https:\/\/www.humanium.org\/de\/freiwillige-ubersetzer-franzosisch\/","og_locale":"de_DE","og_type":"article","og_title":"Freiwilligeneinsatz \u2013 Franz\u00f6sisch-\u00dcbersetzer - Humanium","og_description":"Freiwilligeneinsatz \u2013 Franz\u00f6sisch-\u00dcbersetzer Verantwortlichkeiten und Hauptaufgaben Humanium sucht Freiwillige mit Franz\u00f6sisch (und Englisch) als Muttersprache und\/oder Freiwillige mit Erfahrung im \u00dcbersetzen ins Franz\u00f6sisch, um Artikel, L\u00e4nderberichte und k\u00fcrzere Projekte zu \u00fcbersetzen. Der\/die Freiwillige wird uns dabei unterst\u00fctzen, die Kinderrechte weltweit zu f\u00f6rdern, indem er\/sie uns hilft, den Inhalt unserer Website zu optimieren, um die Erfahrungen [&hellip;]","og_url":"https:\/\/www.humanium.org\/de\/freiwillige-ubersetzer-franzosisch\/","og_site_name":"Humanium","article_modified_time":"2023-09-27T13:08:31+00:00","twitter_card":"summary_large_image","twitter_misc":{"Gesch\u00e4tzte Lesezeit":"1\u00a0Minute"},"schema":{"@context":"https:\/\/schema.org","@graph":[{"@type":"WebPage","@id":"https:\/\/www.humanium.org\/de\/freiwillige-ubersetzer-franzosisch\/","url":"https:\/\/www.humanium.org\/de\/freiwillige-ubersetzer-franzosisch\/","name":"Freiwilligeneinsatz \u2013 Franz\u00f6sisch-\u00dcbersetzer - Humanium","isPartOf":{"@id":"https:\/\/www.humanium.org\/de\/#website"},"datePublished":"2023-09-27T12:57:02+00:00","dateModified":"2023-09-27T13:08:31+00:00","breadcrumb":{"@id":"https:\/\/www.humanium.org\/de\/freiwillige-ubersetzer-franzosisch\/#breadcrumb"},"inLanguage":"de","potentialAction":[{"@type":"ReadAction","target":["https:\/\/www.humanium.org\/de\/freiwillige-ubersetzer-franzosisch\/"]}]},{"@type":"BreadcrumbList","@id":"https:\/\/www.humanium.org\/de\/freiwillige-ubersetzer-franzosisch\/#breadcrumb","itemListElement":[{"@type":"ListItem","position":1,"name":"Home","item":"https:\/\/www.humanium.org\/de\/"},{"@type":"ListItem","position":2,"name":"Freiwilligeneinsatz \u2013 Franz\u00f6sisch-\u00dcbersetzer"}]},{"@type":"WebSite","@id":"https:\/\/www.humanium.org\/de\/#website","url":"https:\/\/www.humanium.org\/de\/","name":"Humanium","description":"Kinder zuerst!","potentialAction":[{"@type":"SearchAction","target":{"@type":"EntryPoint","urlTemplate":"https:\/\/www.humanium.org\/de\/?s={search_term_string}"},"query-input":{"@type":"PropertyValueSpecification","valueRequired":true,"valueName":"search_term_string"}}],"inLanguage":"de"}]}},"_links":{"self":[{"href":"https:\/\/www.humanium.org\/de\/wp-json\/wp\/v2\/pages\/17011","targetHints":{"allow":["GET"]}}],"collection":[{"href":"https:\/\/www.humanium.org\/de\/wp-json\/wp\/v2\/pages"}],"about":[{"href":"https:\/\/www.humanium.org\/de\/wp-json\/wp\/v2\/types\/page"}],"author":[{"embeddable":true,"href":"https:\/\/www.humanium.org\/de\/wp-json\/wp\/v2\/users\/21"}],"replies":[{"embeddable":true,"href":"https:\/\/www.humanium.org\/de\/wp-json\/wp\/v2\/comments?post=17011"}],"version-history":[{"count":3,"href":"https:\/\/www.humanium.org\/de\/wp-json\/wp\/v2\/pages\/17011\/revisions"}],"predecessor-version":[{"id":17018,"href":"https:\/\/www.humanium.org\/de\/wp-json\/wp\/v2\/pages\/17011\/revisions\/17018"}],"wp:attachment":[{"href":"https:\/\/www.humanium.org\/de\/wp-json\/wp\/v2\/media?parent=17011"}],"curies":[{"name":"wp","href":"https:\/\/api.w.org\/{rel}","templated":true}]}}