{"id":1784,"date":"2013-07-31T09:57:56","date_gmt":"2013-07-31T09:57:56","guid":{"rendered":"http:\/\/www.humanium.org\/de\/?page_id=1784"},"modified":"2023-10-22T12:44:17","modified_gmt":"2023-10-22T12:44:17","slug":"helpline","status":"publish","type":"page","link":"https:\/\/www.humanium.org\/de\/helpline\/","title":{"rendered":"Helpline"},"content":{"rendered":"<h1>Helpline<\/h1>\n<h2>Kontaktformular zur Verletzung von Rechten von Kindern<\/h2>\n<p>Sollten Sie Verletzungen von Rechten von Kindern feststellen, so haben Sie hier die M\u00f6glichkeit, uns diesbez\u00fcglich zu kontaktieren. Das Team von Humanium wird Ihnen dann Rat gebend zur Seite stehen und Sie dar\u00fcber informieren, an welche zust\u00e4ndige Beh\u00f6rde Sie sich wenden k\u00f6nnen. Gegebenenfalls werden wir den Kontakt auch direkt f\u00fcr Sie herstellen.<br>\nDiese Angaben sind ausschlie\u00dflich f\u00fcr die interne Verwendung von Humanium gedacht. Der Schutz Ihrer Privatsph\u00e4re hat f\u00fcr Humanium Priorit\u00e4t: <a href=\"https:\/\/www.humanium.org\/de\/datenschutzerklarung\/\">Vertraulichkeitserkl\u00e4rung<\/a><br>\n\n<div class=\"wpcf7 no-js\" id=\"wpcf7-f1783-o1\" lang=\"en-US\" dir=\"ltr\" data-wpcf7-id=\"1783\">\n<div class=\"screen-reader-response\"><p role=\"status\" aria-live=\"polite\" aria-atomic=\"true\"><\/p> <ul><\/ul><\/div>\n<form action=\"\/de\/wp-json\/wp\/v2\/pages\/1784#wpcf7-f1783-o1\" method=\"post\" class=\"wpcf7-form init\" aria-label=\"Contact form\" enctype=\"multipart\/form-data\" novalidate=\"novalidate\" data-status=\"init\">\n<fieldset class=\"hidden-fields-container\"><input type=\"hidden\" name=\"_wpcf7\" value=\"1783\" \/><input type=\"hidden\" name=\"_wpcf7_version\" value=\"6.1.4\" \/><input type=\"hidden\" name=\"_wpcf7_locale\" value=\"en_US\" \/><input type=\"hidden\" name=\"_wpcf7_unit_tag\" value=\"wpcf7-f1783-o1\" \/><input type=\"hidden\" name=\"_wpcf7_container_post\" value=\"0\" \/><input type=\"hidden\" name=\"_wpcf7_posted_data_hash\" value=\"\" \/>\n<\/fieldset>\n<p><span style=\"font-size: 0.7em; color: #999999;\">* Pflichtfelder<\/span>\n<\/p>\n<div class=\"col-sm-12 col-md-12 col-lg-12 col-xl-12\">\n\t<h2>Ihre Angaben:\n\t<\/h2>\n<\/div>\n<div class=\"col-sm-12 col-md-12 col-lg-6 col-xl-6\">\n\t<p><label>Anrede<sup>*<\/sup><\/label><br \/>\n<span class=\"wpcf7-form-control-wrap\" data-name=\"champ_civ\"><select class=\"wpcf7-form-control wpcf7-select wpcf7-validates-as-required\" aria-required=\"true\" aria-invalid=\"false\" name=\"champ_civ\"><option value=\"\">&#8212;Please choose an option&#8212;<\/option><option value=\"Mrs\">Mrs<\/option><option value=\"Mr\">Mr<\/option><\/select><\/span>\n\t<\/p>\n<\/div>\n<div class=\"col-sm-12 col-md-12 col-lg-6 col-xl-6\">\n\t<p><label>Nachname<sup>*<\/sup><\/label><br \/>\n<span class=\"wpcf7-form-control-wrap\" data-name=\"champ_nom\"><input size=\"20\" maxlength=\"400\" class=\"wpcf7-form-control wpcf7-text wpcf7-validates-as-required\" aria-required=\"true\" aria-invalid=\"false\" value=\"\" type=\"text\" name=\"champ_nom\" \/><\/span>\n\t<\/p>\n<\/div>\n<div class=\"col-sm-12 col-md-12 col-lg-6 col-xl-6\">\n\t<p><label>Vorname<sup>*<\/sup><\/label><br \/>\n<span class=\"wpcf7-form-control-wrap\" data-name=\"champ_prenom\"><input size=\"20\" maxlength=\"400\" class=\"wpcf7-form-control wpcf7-text wpcf7-validates-as-required\" aria-required=\"true\" aria-invalid=\"false\" value=\"\" type=\"text\" name=\"champ_prenom\" \/><\/span>\n\t<\/p>\n<\/div>\n<div class=\"col-sm-12 col-md-12 col-lg-6 col-xl-6\">\n\t<p><label>Nationalit\u00e4t<sup>*<\/sup><\/label><br \/>\n<span class=\"wpcf7-form-control-wrap\" data-name=\"champ_nationalite\"><input size=\"20\" maxlength=\"400\" class=\"wpcf7-form-control wpcf7-text wpcf7-validates-as-required\" aria-required=\"true\" aria-invalid=\"false\" value=\"\" type=\"text\" name=\"champ_nationalite\" \/><\/span>\n\t<\/p>\n<\/div>\n<div class=\"col-sm-12 col-md-12 col-lg-12 col-xl-12\">\n\t<p><label>Email<sup>*<\/sup><\/label><br \/>\n<span class=\"wpcf7-form-control-wrap\" data-name=\"champ_email\"><input size=\"50\" maxlength=\"400\" class=\"wpcf7-form-control wpcf7-email wpcf7-validates-as-required wpcf7-text wpcf7-validates-as-email\" aria-required=\"true\" aria-invalid=\"false\" value=\"\" type=\"email\" name=\"champ_email\" \/><\/span>\n\t<\/p>\n<\/div>\n<div class=\"col-sm-12 col-md-12 col-lg-6 col-xl-6\">\n\t<p><label>Land<sup>*<\/sup><\/label><br \/>\n<span class=\"wpcf7-form-control-wrap\" data-name=\"champ_paysresidence\"><input size=\"20\" maxlength=\"400\" class=\"wpcf7-form-control wpcf7-text wpcf7-validates-as-required\" aria-required=\"true\" aria-invalid=\"false\" value=\"\" type=\"text\" name=\"champ_paysresidence\" \/><\/span>\n\t<\/p>\n<\/div>\n<div class=\"col-sm-12 col-md-12 col-lg-6 col-xl-6\">\n\t<p><label>Stadt<sup>*<\/sup><\/label><br \/>\n<span class=\"wpcf7-form-control-wrap\" data-name=\"champ_ville\"><input size=\"20\" maxlength=\"400\" class=\"wpcf7-form-control wpcf7-text wpcf7-validates-as-required\" aria-required=\"true\" aria-invalid=\"false\" value=\"\" type=\"text\" name=\"champ_ville\" \/><\/span>\n\t<\/p>\n<\/div>\n<h2>Betroffenes Kind:\n<\/h2>\n<div class=\"col-sm-12 col-md-12 col-lg-6 col-xl-6\">\n\t<p><label>Vorname des Kindes<sup>*<\/sup><\/label><br \/>\n<span class=\"wpcf7-form-control-wrap\" data-name=\"champ_childname\"><input size=\"20\" maxlength=\"400\" class=\"wpcf7-form-control wpcf7-text wpcf7-validates-as-required\" aria-required=\"true\" aria-invalid=\"false\" value=\"\" type=\"text\" name=\"champ_childname\" \/><\/span>\n\t<\/p>\n<\/div>\n<div class=\"col-sm-12 col-md-12 col-lg-6 col-xl-6\">\n\t<p><label>Alter<sup>*<\/sup><\/label><br \/>\n<span class=\"wpcf7-form-control-wrap\" data-name=\"child_age\"><input size=\"10\" maxlength=\"400\" class=\"wpcf7-form-control wpcf7-text wpcf7-validates-as-required\" aria-required=\"true\" aria-invalid=\"false\" value=\"\" type=\"text\" name=\"child_age\" \/><\/span>\n\t<\/p>\n<\/div>\n<div class=\"col-sm-12 col-md-12 col-lg-12 col-xl-12\">\n\t<p><label>Nationalit\u00e4t des Kindes<sup>*<\/sup><\/label><br \/>\n<span class=\"wpcf7-form-control-wrap\" data-name=\"champ_childnationality\"><input size=\"20\" maxlength=\"400\" class=\"wpcf7-form-control wpcf7-text wpcf7-validates-as-required\" aria-required=\"true\" aria-invalid=\"false\" value=\"\" type=\"text\" name=\"champ_childnationality\" \/><\/span>\n\t<\/p>\n<\/div>\n<div class=\"col-sm-12 col-md-12 col-lg-12 col-xl-12\">\n\t<p><label>Beziehung zu dem betroffenen Kind<sup>*<\/sup><\/label><br \/>\n<span class=\"wpcf7-form-control-wrap\" data-name=\"champ_childrelationship\"><input size=\"30\" maxlength=\"400\" class=\"wpcf7-form-control wpcf7-text wpcf7-validates-as-required\" aria-required=\"true\" aria-invalid=\"false\" value=\"\" type=\"text\" name=\"champ_childrelationship\" \/><\/span>\n\t<\/p>\n<\/div>\n<h2>Betreff:\n<\/h2>\n<div class=\"col-sm-12 col-md-12 col-lg-12 col-xl-12\">\n\t<p><label>Thema<sup>*<\/sup><\/label><br \/>\n<span class=\"wpcf7-form-control-wrap\" data-name=\"champ_theme\"><select class=\"wpcf7-form-control wpcf7-select wpcf7-validates-as-required\" aria-required=\"true\" aria-invalid=\"false\" name=\"champ_theme\"><option value=\"Allgemeine Informationen\/Rechtsberatung\">Allgemeine Informationen\/Rechtsberatung<\/option><option value=\"Asylverfahren\">Asylverfahren<\/option><option value=\"Psychologische Hilfe\">Psychologische Hilfe<\/option><option value=\"Adoption\">Adoption<\/option><option value=\"Diskriminierung\">Diskriminierung<\/option><option value=\"Bildung\">Bildung<\/option><option value=\"Migration\/Flucht\">Migration\/Flucht<\/option><option value=\"Heirat\/Scheidung\/Trennung\">Heirat\/Scheidung\/Trennung<\/option><option value=\"Finanzielle Probleme\">Finanzielle Probleme<\/option><option value=\"Familienzusammenf\u00fchrung\">Familienzusammenf\u00fchrung<\/option><option value=\"Gesundheit\/Medizinische Versorgung\">Gesundheit\/Medizinische Versorgung<\/option><option value=\"Arbeit\/Ausbeutung\">Arbeit\/Ausbeutung<\/option><option value=\"Gewalt\/Missbrauch\">Gewalt\/Missbrauch<\/option><option value=\"Andere\">Andere<\/option><\/select><\/span>\n\t<\/p>\n<\/div>\n<div class=\"col-sm-12 col-md-12 col-lg-12 col-xl-12\">\n\t<p><label>Seit wann besteht die Situation<sup>*<\/sup><\/label><br \/>\n<span class=\"wpcf7-form-control-wrap\" data-name=\"champ_duration\"><input size=\"15\" maxlength=\"400\" class=\"wpcf7-form-control wpcf7-text wpcf7-validates-as-required\" aria-required=\"true\" aria-invalid=\"false\" value=\"\" type=\"text\" name=\"champ_duration\" \/><\/span>\n\t<\/p>\n<\/div>\n<div class=\"col-sm-12 col-md-12 col-lg-12 col-xl-12\">\n\t<p><label>Welche Schritte wurden bereits eingeleitet?<sup>*<\/sup><\/label><br \/>\n<span class=\"wpcf7-form-control-wrap\" data-name=\"champ_actionsteps\"><input size=\"40\" maxlength=\"400\" class=\"wpcf7-form-control wpcf7-text wpcf7-validates-as-required\" aria-required=\"true\" aria-invalid=\"false\" value=\"\" type=\"text\" name=\"champ_actionsteps\" \/><\/span>\n\t<\/p>\n<\/div>\n<div class=\"col-sm-12 col-md-12 col-lg-6 col-xl-6\">\n\t<p><label>Haben Sie bereits einen Anwalt?<sup>*<\/sup><\/label><br \/>\n<span class=\"wpcf7-form-control-wrap\" data-name=\"champ_lawyer\"><select class=\"wpcf7-form-control wpcf7-select wpcf7-validates-as-required\" aria-required=\"true\" aria-invalid=\"false\" name=\"champ_lawyer\"><option value=\"Ja\">Ja<\/option><option value=\"Nein\">Nein<\/option><\/select><\/span>\n\t<\/p>\n<\/div>\n<div class=\"col-sm-12 col-md-12 col-lg-6 col-xl-6\">\n\t<p><label>Verf\u00fcgen Sie \u00fcber ausreichende finanzielle Mittel f\u00fcr den Fall aufkommender Gerichtskosten?<sup>*<\/sup><\/label><br \/>\n<span class=\"wpcf7-form-control-wrap\" data-name=\"champ_finance\"><select class=\"wpcf7-form-control wpcf7-select wpcf7-validates-as-required\" aria-required=\"true\" aria-invalid=\"false\" name=\"champ_finance\"><option value=\"Umfangreiche finanzielle Mittel vorhanden\">Umfangreiche finanzielle Mittel vorhanden<\/option><option value=\"Ausreichende finanzielle Mittel vorhanden\">Ausreichende finanzielle Mittel vorhanden<\/option><option value=\"Knappe finanzielle Mittel vorhanden\">Knappe finanzielle Mittel vorhanden<\/option><option value=\"Finanzielle Mittel sind nicht in ausreichendem Ma\u00dfe vorhanden\">Finanzielle Mittel sind nicht in ausreichendem Ma\u00dfe vorhanden<\/option><\/select><\/span>\n\t<\/p>\n<\/div>\n<div class=\"col-sm-12 col-md-12 col-lg-6 col-xl-6\">\n\t<p><label>Monatliche Einnahmequellen<sup>*<\/sup><\/label><br \/>\n<span class=\"wpcf7-form-control-wrap\" data-name=\"champ_income\"><input size=\"10\" maxlength=\"400\" class=\"wpcf7-form-control wpcf7-text wpcf7-validates-as-required\" aria-required=\"true\" aria-invalid=\"false\" value=\"\" type=\"text\" name=\"champ_income\" \/><\/span>\n\t<\/p>\n<\/div>\n<div class=\"col-sm-12 col-md-12 col-lg-6 col-xl-6\">\n\t<p><label>Zahlungsmittel<sup>*<\/sup><\/label><br \/>\n<span class=\"wpcf7-form-control-wrap\" data-name=\"champ_currency\"><input size=\"10\" maxlength=\"400\" class=\"wpcf7-form-control wpcf7-text wpcf7-validates-as-required\" aria-required=\"true\" aria-invalid=\"false\" value=\"\" type=\"text\" name=\"champ_currency\" \/><\/span>\n\t<\/p>\n<\/div>\n<div class=\"col-sm-12 col-md-12 col-lg-12 col-xl-12\">\n\t<p><label>Kurze Beschreibung der Anfrage<sup>*<\/sup><\/label><br \/>\n<span class=\"wpcf7-form-control-wrap\" data-name=\"champ_messagedescription\"><textarea cols=\"40\" rows=\"10\" maxlength=\"2000\" class=\"wpcf7-form-control wpcf7-textarea wpcf7-validates-as-required\" aria-required=\"true\" aria-invalid=\"false\" name=\"champ_messagedescription\"><\/textarea><\/span>\n\t<\/p>\n<\/div>\n<div class=\"col-sm-12 col-md-12 col-lg-12 col-xl-12\">\n\t<p><label>Anhang\/Anh\u00e4nge (fakultativ)<\/label><br \/>\n<span class=\"wpcf7-form-control-wrap\" data-name=\"champ_file1\"><input size=\"40\" class=\"wpcf7-form-control wpcf7-file\" accept=\"audio\/*,video\/*,image\/*\" aria-invalid=\"false\" type=\"file\" name=\"champ_file1\" \/><\/span><br \/>\n<span class=\"wpcf7-form-control-wrap\" data-name=\"champ_file2\"><input size=\"40\" class=\"wpcf7-form-control wpcf7-file\" accept=\"audio\/*,video\/*,image\/*\" aria-invalid=\"false\" type=\"file\" name=\"champ_file2\" \/><\/span><br \/>\n<em>Bitte warten Sie zun\u00e4chst auf unsere Antwort, bevor Sie uns weitere Unterlagen zukommen lassen.<\/em>\n\t<\/p>\n<\/div>\n<div class=\"col-sm-12 col-md-12 col-lg-12 col-xl-12\">\n\t<p><input class=\"wpcf7-form-control wpcf7-submit has-spinner\" type=\"submit\" value=\"Abschicken\" \/>\n\t<\/p>\n<\/div><p style=\"display: none !important;\" class=\"akismet-fields-container\" data-prefix=\"_wpcf7_ak_\"><label>&#916;<textarea name=\"_wpcf7_ak_hp_textarea\" cols=\"45\" rows=\"8\" maxlength=\"100\"><\/textarea><\/label><input type=\"hidden\" id=\"ak_js_1\" name=\"_wpcf7_ak_js\" value=\"31\"\/><script>document.getElementById( \"ak_js_1\" ).setAttribute( \"value\", ( new Date() ).getTime() );<\/script><\/p><div class=\"wpcf7-response-output\" aria-hidden=\"true\"><\/div>\n<\/form>\n<\/div>\n<\/p>\n\n\n<hr class=\"wp-block-separator has-alpha-channel-opacity\"\/>\n\n\n\n<p><em>Humanium ist konform mit der Datenschutzgrundverordnung (DSGVO). Um zu erfahren, wie wir Ihre pers\u00f6nlichen Daten in \u00dcbereinstimmung mit der DSGVO sammeln, speichern, verwalten und verarbeiten, lesen Sie bitte unsere Datenschutzerkl\u00e4rung.<\/em><\/p>\n","protected":false},"excerpt":{"rendered":"<p>Helpline Kontaktformular zur Verletzung von Rechten von Kindern Sollten Sie Verletzungen von Rechten von Kindern feststellen, so haben Sie hier die M\u00f6glichkeit, uns diesbez\u00fcglich zu kontaktieren. Das Team von Humanium wird Ihnen dann Rat gebend zur Seite stehen und Sie dar\u00fcber informieren, an welche zust\u00e4ndige Beh\u00f6rde Sie sich wenden k\u00f6nnen. Gegebenenfalls werden wir den Kontakt [&hellip;]<\/p>\n","protected":false},"author":1,"featured_media":0,"parent":0,"menu_order":0,"comment_status":"closed","ping_status":"closed","template":"","meta":{"footnotes":""},"class_list":["post-1784","page","type-page","status-publish","hentry"],"yoast_head":"<!-- This site is optimized with the Yoast SEO plugin v26.5 - https:\/\/yoast.com\/wordpress\/plugins\/seo\/ -->\n<title>Helpline - Humanium<\/title>\n<meta name=\"robots\" content=\"index, follow, max-snippet:-1, max-image-preview:large, max-video-preview:-1\" \/>\n<link rel=\"canonical\" href=\"https:\/\/www.humanium.org\/de\/helpline\/\" \/>\n<meta property=\"og:locale\" content=\"de_DE\" \/>\n<meta property=\"og:type\" content=\"article\" \/>\n<meta property=\"og:title\" content=\"Helpline - Humanium\" \/>\n<meta property=\"og:description\" content=\"Helpline Kontaktformular zur Verletzung von Rechten von Kindern Sollten Sie Verletzungen von Rechten von Kindern feststellen, so haben Sie hier die M\u00f6glichkeit, uns diesbez\u00fcglich zu kontaktieren. Das Team von Humanium wird Ihnen dann Rat gebend zur Seite stehen und Sie dar\u00fcber informieren, an welche zust\u00e4ndige Beh\u00f6rde Sie sich wenden k\u00f6nnen. Gegebenenfalls werden wir den Kontakt [&hellip;]\" \/>\n<meta property=\"og:url\" content=\"https:\/\/www.humanium.org\/de\/helpline\/\" \/>\n<meta property=\"og:site_name\" content=\"Humanium\" \/>\n<meta property=\"article:modified_time\" content=\"2023-10-22T12:44:17+00:00\" \/>\n<meta name=\"twitter:card\" content=\"summary_large_image\" \/>\n<meta name=\"twitter:label1\" content=\"Gesch\u00e4tzte Lesezeit\" \/>\n\t<meta name=\"twitter:data1\" content=\"1\u00a0Minute\" \/>\n<script type=\"application\/ld+json\" class=\"yoast-schema-graph\">{\"@context\":\"https:\/\/schema.org\",\"@graph\":[{\"@type\":\"WebPage\",\"@id\":\"https:\/\/www.humanium.org\/de\/helpline\/\",\"url\":\"https:\/\/www.humanium.org\/de\/helpline\/\",\"name\":\"Helpline - Humanium\",\"isPartOf\":{\"@id\":\"https:\/\/www.humanium.org\/de\/#website\"},\"datePublished\":\"2013-07-31T09:57:56+00:00\",\"dateModified\":\"2023-10-22T12:44:17+00:00\",\"breadcrumb\":{\"@id\":\"https:\/\/www.humanium.org\/de\/helpline\/#breadcrumb\"},\"inLanguage\":\"de\",\"potentialAction\":[{\"@type\":\"ReadAction\",\"target\":[\"https:\/\/www.humanium.org\/de\/helpline\/\"]}]},{\"@type\":\"BreadcrumbList\",\"@id\":\"https:\/\/www.humanium.org\/de\/helpline\/#breadcrumb\",\"itemListElement\":[{\"@type\":\"ListItem\",\"position\":1,\"name\":\"Home\",\"item\":\"https:\/\/www.humanium.org\/de\/\"},{\"@type\":\"ListItem\",\"position\":2,\"name\":\"Helpline\"}]},{\"@type\":\"WebSite\",\"@id\":\"https:\/\/www.humanium.org\/de\/#website\",\"url\":\"https:\/\/www.humanium.org\/de\/\",\"name\":\"Humanium\",\"description\":\"Kinder zuerst!\",\"potentialAction\":[{\"@type\":\"SearchAction\",\"target\":{\"@type\":\"EntryPoint\",\"urlTemplate\":\"https:\/\/www.humanium.org\/de\/?s={search_term_string}\"},\"query-input\":{\"@type\":\"PropertyValueSpecification\",\"valueRequired\":true,\"valueName\":\"search_term_string\"}}],\"inLanguage\":\"de\"}]}<\/script>\n<!-- \/ Yoast SEO plugin. -->","yoast_head_json":{"title":"Helpline - Humanium","robots":{"index":"index","follow":"follow","max-snippet":"max-snippet:-1","max-image-preview":"max-image-preview:large","max-video-preview":"max-video-preview:-1"},"canonical":"https:\/\/www.humanium.org\/de\/helpline\/","og_locale":"de_DE","og_type":"article","og_title":"Helpline - Humanium","og_description":"Helpline Kontaktformular zur Verletzung von Rechten von Kindern Sollten Sie Verletzungen von Rechten von Kindern feststellen, so haben Sie hier die M\u00f6glichkeit, uns diesbez\u00fcglich zu kontaktieren. Das Team von Humanium wird Ihnen dann Rat gebend zur Seite stehen und Sie dar\u00fcber informieren, an welche zust\u00e4ndige Beh\u00f6rde Sie sich wenden k\u00f6nnen. Gegebenenfalls werden wir den Kontakt [&hellip;]","og_url":"https:\/\/www.humanium.org\/de\/helpline\/","og_site_name":"Humanium","article_modified_time":"2023-10-22T12:44:17+00:00","twitter_card":"summary_large_image","twitter_misc":{"Gesch\u00e4tzte Lesezeit":"1\u00a0Minute"},"schema":{"@context":"https:\/\/schema.org","@graph":[{"@type":"WebPage","@id":"https:\/\/www.humanium.org\/de\/helpline\/","url":"https:\/\/www.humanium.org\/de\/helpline\/","name":"Helpline - Humanium","isPartOf":{"@id":"https:\/\/www.humanium.org\/de\/#website"},"datePublished":"2013-07-31T09:57:56+00:00","dateModified":"2023-10-22T12:44:17+00:00","breadcrumb":{"@id":"https:\/\/www.humanium.org\/de\/helpline\/#breadcrumb"},"inLanguage":"de","potentialAction":[{"@type":"ReadAction","target":["https:\/\/www.humanium.org\/de\/helpline\/"]}]},{"@type":"BreadcrumbList","@id":"https:\/\/www.humanium.org\/de\/helpline\/#breadcrumb","itemListElement":[{"@type":"ListItem","position":1,"name":"Home","item":"https:\/\/www.humanium.org\/de\/"},{"@type":"ListItem","position":2,"name":"Helpline"}]},{"@type":"WebSite","@id":"https:\/\/www.humanium.org\/de\/#website","url":"https:\/\/www.humanium.org\/de\/","name":"Humanium","description":"Kinder zuerst!","potentialAction":[{"@type":"SearchAction","target":{"@type":"EntryPoint","urlTemplate":"https:\/\/www.humanium.org\/de\/?s={search_term_string}"},"query-input":{"@type":"PropertyValueSpecification","valueRequired":true,"valueName":"search_term_string"}}],"inLanguage":"de"}]}},"_links":{"self":[{"href":"https:\/\/www.humanium.org\/de\/wp-json\/wp\/v2\/pages\/1784","targetHints":{"allow":["GET"]}}],"collection":[{"href":"https:\/\/www.humanium.org\/de\/wp-json\/wp\/v2\/pages"}],"about":[{"href":"https:\/\/www.humanium.org\/de\/wp-json\/wp\/v2\/types\/page"}],"author":[{"embeddable":true,"href":"https:\/\/www.humanium.org\/de\/wp-json\/wp\/v2\/users\/1"}],"replies":[{"embeddable":true,"href":"https:\/\/www.humanium.org\/de\/wp-json\/wp\/v2\/comments?post=1784"}],"version-history":[{"count":3,"href":"https:\/\/www.humanium.org\/de\/wp-json\/wp\/v2\/pages\/1784\/revisions"}],"predecessor-version":[{"id":17086,"href":"https:\/\/www.humanium.org\/de\/wp-json\/wp\/v2\/pages\/1784\/revisions\/17086"}],"wp:attachment":[{"href":"https:\/\/www.humanium.org\/de\/wp-json\/wp\/v2\/media?parent=1784"}],"curies":[{"name":"wp","href":"https:\/\/api.w.org\/{rel}","templated":true}]}}