{"id":1858,"date":"2013-08-07T08:59:12","date_gmt":"2013-08-07T08:59:12","guid":{"rendered":"http:\/\/www.humanium.org\/de\/?page_id=1858"},"modified":"2025-12-06T06:19:45","modified_gmt":"2025-12-06T06:19:45","slug":"themenschwerpunkte","status":"publish","type":"page","link":"https:\/\/www.humanium.org\/de\/themenschwerpunkte\/","title":{"rendered":"Themenschwerpunkte"},"content":{"rendered":"\n<div class=\"wp-block-columns is-layout-flex wp-container-core-columns-is-layout-9d6595d7 wp-block-columns-is-layout-flex\">\n<div class=\"wp-block-column is-layout-flow wp-block-column-is-layout-flow\" style=\"flex-basis:33.33%\">\n<figure class=\"wp-block-image size-large\"><img decoding=\"async\" src=\"https:\/\/www.humanium.org\/fr\/wp-content\/uploads\/2020\/10\/env_rights_defender_300x300.jpg\" alt=\"\"\/><\/figure>\n<\/div>\n\n\n\n<div class=\"wp-block-column is-layout-flow wp-block-column-is-layout-flow\" style=\"flex-basis:66.66%\">\n<h2 class=\"wp-block-heading\">Umgebung<\/h2>\n\n\n\n<p>Der globale Klimanotstand betrifft Kinder unverh\u00e4ltnism\u00e4ssig. Die Gegenwart und die Zukunft von Kindern \u00fcberall auf der Welt sind stark gef\u00e4hrdet. Die bereits benachteiligten und verletzlichen Kinder sind die am meisten Betroffenen.<\/p>\n\n\n\n<ul class=\"wp-block-list\"><li><a href=\"https:\/\/www.humanium.org\/de\/themenschwerpunkte\/umwelt\/umweltrechte\/\" target=\"_blank\" rel=\"noreferrer noopener\">Umweltrechte<\/a><\/li><li><a href=\"https:\/\/www.humanium.org\/de\/themenschwerpunkte\/umwelt\/klimakrise\/\" target=\"_blank\" rel=\"noreferrer noopener\">Klimakrise<\/a><\/li><li><a href=\"https:\/\/www.humanium.org\/de\/themenschwerpunkte\/umwelt\/junge-umweltrechtsverteidiger\/\" target=\"_blank\" rel=\"noreferrer noopener\">Junge Umweltrechtsverteidiger<\/a><\/li><li><a href=\"https:\/\/www.humanium.org\/de\/themenschwerpunkte\/umwelt\/klimafluechtlingskinder\/\" target=\"_blank\" rel=\"noreferrer noopener\">Klimafl\u00fcchtlingskinder<\/a><\/li><\/ul>\n<\/div>\n<\/div>\n\n\n\n<hr class=\"wp-block-separator\"\/>\n\n\n\n<div class=\"wp-block-columns is-layout-flex wp-container-core-columns-is-layout-9d6595d7 wp-block-columns-is-layout-flex\">\n<div class=\"wp-block-column is-layout-flow wp-block-column-is-layout-flow\" style=\"flex-basis:33.33%\">\n<figure class=\"wp-block-image size-large is-style-default\"><img decoding=\"async\" src=\"https:\/\/www.humanium.org\/fr\/wp-content\/uploads\/2012\/07\/street-children-henri-ismail1.jpg\" alt=\"\"\/><\/figure>\n<\/div>\n\n\n\n<div class=\"wp-block-column is-layout-flow wp-block-column-is-layout-flow\" style=\"flex-basis:66.66%\">\n<h2 class=\"wp-block-heading\">Armut<\/h2>\n\n\n\n<p>Armut ist in allen Gesellschaften weit verbreitet und betrifft oft Kinder zuerst. Sie ist die Hauptquelle von Kinderrechtsverletzungen: sie bewirkt, dass alle 3 Sekunden ein Kind stirbt.<\/p>\n\n\n\n<ul class=\"wp-block-list\"><li><a href=\"https:\/\/www.humanium.org\/de\/kinderarmut\/\">Kinderarmut<\/a><\/li><li><a href=\"https:\/\/www.humanium.org\/de\/strasenkinder\/\">Stra\u00dfenkinder<\/a><\/li><li>Kinder in st\u00e4dtischen und l\u00e4ndlichen Gebieten<\/li><\/ul>\n<\/div>\n<\/div>\n\n\n\n<hr class=\"wp-block-separator\"\/>\n\n\n\n<div class=\"wp-block-columns is-layout-flex wp-container-core-columns-is-layout-9d6595d7 wp-block-columns-is-layout-flex\">\n<div class=\"wp-block-column is-layout-flow wp-block-column-is-layout-flow\" style=\"flex-basis:33.33%\">\n<figure class=\"wp-block-image size-large is-style-default\"><img loading=\"lazy\" decoding=\"async\" width=\"1024\" height=\"683\" src=\"https:\/\/www.humanium.org\/de\/wp-content\/uploads\/2021\/05\/shutterstock_1208688316-1024x683.jpg\" alt=\"\" class=\"wp-image-14664\" srcset=\"https:\/\/www.humanium.org\/de\/wp-content\/uploads\/2021\/05\/shutterstock_1208688316-1024x683.jpg 1024w, https:\/\/www.humanium.org\/de\/wp-content\/uploads\/2021\/05\/shutterstock_1208688316-300x200.jpg 300w, https:\/\/www.humanium.org\/de\/wp-content\/uploads\/2021\/05\/shutterstock_1208688316-768x512.jpg 768w, https:\/\/www.humanium.org\/de\/wp-content\/uploads\/2021\/05\/shutterstock_1208688316-1536x1024.jpg 1536w, https:\/\/www.humanium.org\/de\/wp-content\/uploads\/2021\/05\/shutterstock_1208688316-2048x1365.jpg 2048w, https:\/\/www.humanium.org\/de\/wp-content\/uploads\/2021\/05\/shutterstock_1208688316-830x553.jpg 830w, https:\/\/www.humanium.org\/de\/wp-content\/uploads\/2021\/05\/shutterstock_1208688316-230x153.jpg 230w, https:\/\/www.humanium.org\/de\/wp-content\/uploads\/2021\/05\/shutterstock_1208688316-350x233.jpg 350w, https:\/\/www.humanium.org\/de\/wp-content\/uploads\/2021\/05\/shutterstock_1208688316-480x320.jpg 480w, https:\/\/www.humanium.org\/de\/wp-content\/uploads\/2021\/05\/shutterstock_1208688316-272x182.jpg 272w\" sizes=\"auto, (max-width: 1024px) 100vw, 1024px\" \/><\/figure>\n<\/div>\n\n\n\n<div class=\"wp-block-column is-layout-flow wp-block-column-is-layout-flow\" style=\"flex-basis:66.66%\">\n<h2 class=\"wp-block-heading\">Ausbeutung<\/h2>\n\n\n\n<p>Millionen von Kindern werden weltweit f\u00fcr sexuelle, kommerzielle oder medizinische Zwecke ausgebeutet. Diese Kinder sind oft Opfer grausamer Bestrafung und f\u00fchren ein Leben in Angst und Schrecken.<\/p>\n\n\n\n<ul class=\"wp-block-list\"><li><a href=\"https:\/\/www.humanium.org\/de\/kinderhandel\/\">Kinderhandel<\/a><\/li><li><a href=\"https:\/\/www.humanium.org\/de\/kinderarbeit-2\/\">Kinderarbeit<\/a><\/li><li><a href=\"https:\/\/www.humanium.org\/de\/die-sexuelle-ausbeutung-von-kindern\/\">Sexuelle Ausbeutung von Kindern<\/a><\/li><li><a href=\"https:\/\/www.humanium.org\/de\/kinderprostitution\/\">Kinderprostitution<\/a><\/li><\/ul>\n<\/div>\n<\/div>\n\n\n\n<hr class=\"wp-block-separator\"\/>\n\n\n\n<div class=\"wp-block-columns is-layout-flex wp-container-core-columns-is-layout-9d6595d7 wp-block-columns-is-layout-flex\">\n<div class=\"wp-block-column is-layout-flow wp-block-column-is-layout-flow\" style=\"flex-basis:33.33%\">\n<figure class=\"wp-block-image size-large is-style-default\"><img decoding=\"async\" src=\"https:\/\/www.humanium.org\/fr\/wp-content\/uploads\/2012\/07\/enfants-soldats-%C2%A9-CICR-T.A.Voeten-lr-e-00068-www.icrc_.org_.jpg\" alt=\"\"\/><\/figure>\n<\/div>\n\n\n\n<div class=\"wp-block-column is-layout-flow wp-block-column-is-layout-flow\" style=\"flex-basis:66.66%\">\n<h2 class=\"wp-block-heading\">Gewalt<\/h2>\n\n\n\n<p>Kinder, die in die Armee gezwungen, missbraucht oder in einem vom Krieg zerrissenen Land geboren wurden, sind \u00fcberaus gef\u00e4hrdet und sind leichte Beute f\u00fcr Erwachsene.<\/p>\n\n\n\n<ul class=\"wp-block-list\"><li><a href=\"https:\/\/www.humanium.org\/de\/kinder-in-kriegen\/\">Kinder im Krieg<\/a><\/li><li><a href=\"https:\/\/www.humanium.org\/de\/kindersoldaten\/\">Kindersoldaten<\/a><\/li><li><a href=\"https:\/\/www.humanium.org\/de\/misshandlung\/\">Missbrauch<\/a><\/li><li><a href=\"https:\/\/www.humanium.org\/de\/gewalttatige-kinder\/\">Gewaltt\u00e4tige Kinder<\/a><\/li><\/ul>\n<\/div>\n<\/div>\n\n\n\n<hr class=\"wp-block-separator\"\/>\n\n\n\n<div class=\"wp-block-columns is-layout-flex wp-container-core-columns-is-layout-9d6595d7 wp-block-columns-is-layout-flex\">\n<div class=\"wp-block-column is-layout-flow wp-block-column-is-layout-flow\" style=\"flex-basis:33.33%\">\n<figure class=\"wp-block-image size-large is-style-default\"><img decoding=\"async\" src=\"https:\/\/www.humanium.org\/fr\/wp-content\/uploads\/2012\/07\/united-nations-photo-flickr-notouch.jpg\" alt=\"\"\/><\/figure>\n<\/div>\n\n\n\n<div class=\"wp-block-column is-layout-flow wp-block-column-is-layout-flow\" style=\"flex-basis:66.66%\">\n<h2 class=\"wp-block-heading\">Diskriminierung<\/h2>\n\n\n\n<p>Die Konvention \u00fcber die Rechte des Kindes verbietet alle Formen von Diskriminierung aufgrund des Geschlechts, der Herkunft, der Gesundheit \u2026 Allerdings bestehen diese Unterscheidungen immer noch in vielen Staaten.<\/p>\n\n\n\n<ul class=\"wp-block-list\"><li><a href=\"https:\/\/www.humanium.org\/de\/diskriminierung\/\">Nichtdiskriminierung<\/a><\/li><li><a href=\"https:\/\/www.humanium.org\/de\/kinder-mit-behinderung\/\">Behinderte Kinder<\/a><\/li><li>Kinder von Minderheiten<\/li><li><a href=\"https:\/\/www.humanium.org\/de\/die-rechte-von-madchen\/\">Die Rechte von M\u00e4dchen<\/a><\/li><li><a href=\"https:\/\/www.humanium.org\/de\/lgbtq-kinder\/\">LGBTQ Kinder<\/a><\/li><\/ul>\n<\/div>\n<\/div>\n\n\n\n<hr class=\"wp-block-separator\"\/>\n\n\n\n<div class=\"wp-block-columns is-layout-flex wp-container-core-columns-is-layout-9d6595d7 wp-block-columns-is-layout-flex\">\n<div class=\"wp-block-column is-layout-flow wp-block-column-is-layout-flow\" style=\"flex-basis:33.33%\">\n<figure class=\"wp-block-image size-large is-style-default\"><img decoding=\"async\" src=\"https:\/\/www.humanium.org\/fr\/wp-content\/uploads\/2012\/07\/marriage-india-WUNRN.jpg\" alt=\"\"\/><\/figure>\n<\/div>\n\n\n\n<div class=\"wp-block-column is-layout-flow wp-block-column-is-layout-flow\" style=\"flex-basis:66.66%\">\n<h2 class=\"wp-block-heading\">Kulturelle Praktiken<\/h2>\n\n\n\n<p>Oft auf Traditionen gegr\u00fcndet zielen kulturelle Praktiken auf eine Verbundenheit des Kindes mit seiner Kultur, Familie und Gesellschaft. Allerdings k\u00f6nnen diese Praktiken, wenn sie ihre Rechte verletzen, dramatische Folgen haben.<\/p>\n\n\n\n<ul class=\"wp-block-list\"><li><a href=\"https:\/\/www.humanium.org\/de\/infantizid\/\">Infantizid<\/a><\/li><li><a href=\"https:\/\/www.humanium.org\/de\/kinderheirat\/\">Kinderheirat<\/a><\/li><li><a href=\"https:\/\/www.humanium.org\/de\/genitalverstummelung\/\">Genitalverst\u00fcmmelung<\/a><\/li><li><a href=\"https:\/\/www.humanium.org\/de\/kinder-und-religionen\/\">Kinder und Religionen<\/a><\/li><\/ul>\n<\/div>\n<\/div>\n\n\n\n<hr class=\"wp-block-separator\"\/>\n\n\n\n<div class=\"wp-block-columns is-layout-flex wp-container-core-columns-is-layout-9d6595d7 wp-block-columns-is-layout-flex\">\n<div class=\"wp-block-column is-layout-flow wp-block-column-is-layout-flow\" style=\"flex-basis:33.33%\">\n<figure class=\"wp-block-image size-large is-style-default\"><img decoding=\"async\" src=\"https:\/\/www.humanium.org\/fr\/wp-content\/uploads\/2011\/08\/sante-sidewalksundays-flickr-notouch.jpg\" alt=\"\"\/><\/figure>\n<\/div>\n\n\n\n<div class=\"wp-block-column is-layout-flow wp-block-column-is-layout-flow\" style=\"flex-basis:66.66%\">\n<h2 class=\"wp-block-heading\">Gesundheit<\/h2>\n\n\n\n<p>Das Recht auf Gesundheit ist einer der wichtigsten Grundrechte. Vernachl\u00e4ssigung und mangelnder Zugang zur Gesundheitsversorgung oder zu einer ausgewogenen Ern\u00e4hrung gef\u00e4hrden das Leben vieler Kinder.<\/p>\n\n\n\n<ul class=\"wp-block-list\"><li><a href=\"https:\/\/www.humanium.org\/de\/kindersterblichkeit\/\">Kindersterblichkeit<\/a><\/li><li><a href=\"https:\/\/www.humanium.org\/de\/jugendsexualitat\/\">Jugendsexualit\u00e4t<\/a><\/li><li><a href=\"https:\/\/www.humanium.org\/de\/kinderkrankheiten\/\">Kinderkrankheiten<\/a><\/li><li><a href=\"https:\/\/www.humanium.org\/de\/kinder-und-aids\/\">Kinder und AIDS<\/a><\/li><li><a href=\"https:\/\/www.humanium.org\/de\/selbstmord\/\">Selbstmord von Kindern<\/a><\/li><li><a href=\"https:\/\/www.humanium.org\/de\/kinder-und-sucht\/\">Kinder und Sucht<\/a><\/li><\/ul>\n<\/div>\n<\/div>\n\n\n\n<hr class=\"wp-block-separator\"\/>\n\n\n\n<div class=\"wp-block-columns is-layout-flex wp-container-core-columns-is-layout-9d6595d7 wp-block-columns-is-layout-flex\">\n<div class=\"wp-block-column is-layout-flow wp-block-column-is-layout-flow\" style=\"flex-basis:33.33%\">\n<figure class=\"wp-block-image size-large is-style-default\"><img decoding=\"async\" src=\"https:\/\/www.humanium.org\/fr\/wp-content\/uploads\/2012\/07\/Kidnapped-boy-called-Yang.jpg\" alt=\"\"\/><\/figure>\n<\/div>\n\n\n\n<div class=\"wp-block-column is-layout-flow wp-block-column-is-layout-flow\" style=\"flex-basis:66.66%\">\n<h2 class=\"wp-block-heading\">Isolation und Entwurzelung<\/h2>\n\n\n\n<p>Verwaiste, entf\u00fchrte oder vertriebene Kinder sind in Zeiten von Krieg oder Katastrophen von ihren Familien und ihrem Land isoliert. Ohne Schutz werden sie oft Verletzungen ausgesetzt.<\/p>\n\n\n\n<ul class=\"wp-block-list\"><li><a href=\"https:\/\/www.humanium.org\/de\/waisenkinder\/\">Waisenkinder<\/a><\/li><li><a href=\"https:\/\/www.humanium.org\/de\/vertriebene-kinder\/\">Vertriebene Kinder<\/a><\/li><li><a href=\"https:\/\/www.humanium.org\/de\/verschwundene-kinder\/\">Verschwundene Kinder<\/a><\/li><li><a href=\"https:\/\/www.humanium.org\/de\/staatenlos-und-unsichtbar\/\">Staatenlos und unsichtbar<\/a><\/li><li><a href=\"https:\/\/www.humanium.org\/de\/familie-und-rechte-von-kindern\/\">Familie und Rechte von Kindern<\/a><\/li><\/ul>\n<\/div>\n<\/div>\n\n\n\n<hr class=\"wp-block-separator\"\/>\n\n\n\n<div class=\"wp-block-columns is-layout-flex wp-container-core-columns-is-layout-9d6595d7 wp-block-columns-is-layout-flex\">\n<div class=\"wp-block-column is-layout-flow wp-block-column-is-layout-flow\" style=\"flex-basis:33.33%\">\n<figure class=\"wp-block-image size-large is-style-default\"><img decoding=\"async\" src=\"https:\/\/www.humanium.org\/fr\/wp-content\/uploads\/2012\/07\/balance_Stockbyte_gettyimage.jpg\" alt=\"\"\/><\/figure>\n\n\n\n<p><\/p>\n<\/div>\n\n\n\n<div class=\"wp-block-column is-layout-flow wp-block-column-is-layout-flow\" style=\"flex-basis:66.66%\">\n<h2 class=\"wp-block-heading\">Kinderrecht<\/h2>\n\n\n\n<p>Fast alle L\u00e4nder sind sich \u00fcber die Notwendigkeit einig, angemessene Rechtsformen einzurichten, um die Bed\u00fcrfnisse von Kindern zu respektieren. In Wirklichkeit sind viele Kinder aber Opfer von fehlerhaften Rechtssystemen.<\/p>\n\n\n\n<ul class=\"wp-block-list\"><li><a href=\"https:\/\/www.humanium.org\/de\/was-ist-gerechtigkeit\/\">Was ist Recht?<\/a><\/li><li><a href=\"https:\/\/www.humanium.org\/de\/internationale-regeln\/\">Internationale Regeln f\u00fcr Kinderrecht<\/a><\/li><li><a href=\"https:\/\/www.humanium.org\/de\/kinder-im-justizsystem\/\">Kinder im Justizsystem<\/a><\/li><li><a href=\"https:\/\/www.humanium.org\/de\/minderjahrigenrecht\/\">Jugendrecht<\/a><\/li><li><a href=\"https:\/\/www.humanium.org\/de\/inhaftierte-kinder\/\">Festgenommene Kinder<\/a><\/li><li><a href=\"https:\/\/www.humanium.org\/de\/auswirkungen\/\">Auswirkungen der Justiz auf Kinder<\/a><\/li><\/ul>\n<\/div>\n<\/div>\n","protected":false},"excerpt":{"rendered":"<p>Umgebung Der globale Klimanotstand betrifft Kinder unverh\u00e4ltnism\u00e4ssig. Die Gegenwart und die Zukunft von Kindern \u00fcberall auf der Welt sind stark gef\u00e4hrdet. Die bereits benachteiligten und verletzlichen Kinder sind die am meisten Betroffenen. Umweltrechte Klimakrise Junge Umweltrechtsverteidiger Klimafl\u00fcchtlingskinder Armut Armut ist in allen Gesellschaften weit verbreitet und betrifft oft Kinder zuerst. Sie ist die Hauptquelle von [&hellip;]<\/p>\n","protected":false},"author":1,"featured_media":0,"parent":0,"menu_order":0,"comment_status":"closed","ping_status":"closed","template":"","meta":{"footnotes":""},"class_list":["post-1858","page","type-page","status-publish","hentry"],"yoast_head":"<!-- This site is optimized with the Yoast SEO plugin v26.5 - https:\/\/yoast.com\/wordpress\/plugins\/seo\/ -->\n<title>Themenschwerpunkte - Humanium<\/title>\n<meta name=\"robots\" content=\"index, follow, max-snippet:-1, max-image-preview:large, max-video-preview:-1\" \/>\n<link rel=\"canonical\" href=\"https:\/\/www.humanium.org\/de\/themenschwerpunkte\/\" \/>\n<meta property=\"og:locale\" content=\"de_DE\" \/>\n<meta property=\"og:type\" content=\"article\" \/>\n<meta property=\"og:title\" content=\"Themenschwerpunkte - Humanium\" \/>\n<meta property=\"og:description\" content=\"Umgebung Der globale Klimanotstand betrifft Kinder unverh\u00e4ltnism\u00e4ssig. Die Gegenwart und die Zukunft von Kindern \u00fcberall auf der Welt sind stark gef\u00e4hrdet. Die bereits benachteiligten und verletzlichen Kinder sind die am meisten Betroffenen. Umweltrechte Klimakrise Junge Umweltrechtsverteidiger Klimafl\u00fcchtlingskinder Armut Armut ist in allen Gesellschaften weit verbreitet und betrifft oft Kinder zuerst. Sie ist die Hauptquelle von [&hellip;]\" \/>\n<meta property=\"og:url\" content=\"https:\/\/www.humanium.org\/de\/themenschwerpunkte\/\" \/>\n<meta property=\"og:site_name\" content=\"Humanium\" \/>\n<meta property=\"article:modified_time\" content=\"2025-12-06T06:19:45+00:00\" \/>\n<meta property=\"og:image\" content=\"https:\/\/www.humanium.org\/fr\/wp-content\/uploads\/2020\/10\/env_rights_defender_300x300.jpg\" \/>\n<meta name=\"twitter:card\" content=\"summary_large_image\" \/>\n<meta name=\"twitter:label1\" content=\"Gesch\u00e4tzte Lesezeit\" \/>\n\t<meta name=\"twitter:data1\" content=\"4\u00a0Minuten\" \/>\n<script type=\"application\/ld+json\" class=\"yoast-schema-graph\">{\"@context\":\"https:\/\/schema.org\",\"@graph\":[{\"@type\":\"WebPage\",\"@id\":\"https:\/\/www.humanium.org\/de\/themenschwerpunkte\/\",\"url\":\"https:\/\/www.humanium.org\/de\/themenschwerpunkte\/\",\"name\":\"Themenschwerpunkte - Humanium\",\"isPartOf\":{\"@id\":\"https:\/\/www.humanium.org\/de\/#website\"},\"primaryImageOfPage\":{\"@id\":\"https:\/\/www.humanium.org\/de\/themenschwerpunkte\/#primaryimage\"},\"image\":{\"@id\":\"https:\/\/www.humanium.org\/de\/themenschwerpunkte\/#primaryimage\"},\"thumbnailUrl\":\"https:\/\/www.humanium.org\/fr\/wp-content\/uploads\/2020\/10\/env_rights_defender_300x300.jpg\",\"datePublished\":\"2013-08-07T08:59:12+00:00\",\"dateModified\":\"2025-12-06T06:19:45+00:00\",\"breadcrumb\":{\"@id\":\"https:\/\/www.humanium.org\/de\/themenschwerpunkte\/#breadcrumb\"},\"inLanguage\":\"de\",\"potentialAction\":[{\"@type\":\"ReadAction\",\"target\":[\"https:\/\/www.humanium.org\/de\/themenschwerpunkte\/\"]}]},{\"@type\":\"ImageObject\",\"inLanguage\":\"de\",\"@id\":\"https:\/\/www.humanium.org\/de\/themenschwerpunkte\/#primaryimage\",\"url\":\"https:\/\/www.humanium.org\/fr\/wp-content\/uploads\/2020\/10\/env_rights_defender_300x300.jpg\",\"contentUrl\":\"https:\/\/www.humanium.org\/fr\/wp-content\/uploads\/2020\/10\/env_rights_defender_300x300.jpg\"},{\"@type\":\"BreadcrumbList\",\"@id\":\"https:\/\/www.humanium.org\/de\/themenschwerpunkte\/#breadcrumb\",\"itemListElement\":[{\"@type\":\"ListItem\",\"position\":1,\"name\":\"Home\",\"item\":\"https:\/\/www.humanium.org\/de\/\"},{\"@type\":\"ListItem\",\"position\":2,\"name\":\"Themenschwerpunkte\"}]},{\"@type\":\"WebSite\",\"@id\":\"https:\/\/www.humanium.org\/de\/#website\",\"url\":\"https:\/\/www.humanium.org\/de\/\",\"name\":\"Humanium\",\"description\":\"Kinder zuerst!\",\"potentialAction\":[{\"@type\":\"SearchAction\",\"target\":{\"@type\":\"EntryPoint\",\"urlTemplate\":\"https:\/\/www.humanium.org\/de\/?s={search_term_string}\"},\"query-input\":{\"@type\":\"PropertyValueSpecification\",\"valueRequired\":true,\"valueName\":\"search_term_string\"}}],\"inLanguage\":\"de\"}]}<\/script>\n<!-- \/ Yoast SEO plugin. -->","yoast_head_json":{"title":"Themenschwerpunkte - Humanium","robots":{"index":"index","follow":"follow","max-snippet":"max-snippet:-1","max-image-preview":"max-image-preview:large","max-video-preview":"max-video-preview:-1"},"canonical":"https:\/\/www.humanium.org\/de\/themenschwerpunkte\/","og_locale":"de_DE","og_type":"article","og_title":"Themenschwerpunkte - Humanium","og_description":"Umgebung Der globale Klimanotstand betrifft Kinder unverh\u00e4ltnism\u00e4ssig. Die Gegenwart und die Zukunft von Kindern \u00fcberall auf der Welt sind stark gef\u00e4hrdet. Die bereits benachteiligten und verletzlichen Kinder sind die am meisten Betroffenen. Umweltrechte Klimakrise Junge Umweltrechtsverteidiger Klimafl\u00fcchtlingskinder Armut Armut ist in allen Gesellschaften weit verbreitet und betrifft oft Kinder zuerst. Sie ist die Hauptquelle von [&hellip;]","og_url":"https:\/\/www.humanium.org\/de\/themenschwerpunkte\/","og_site_name":"Humanium","article_modified_time":"2025-12-06T06:19:45+00:00","og_image":[{"url":"https:\/\/www.humanium.org\/fr\/wp-content\/uploads\/2020\/10\/env_rights_defender_300x300.jpg","type":"","width":"","height":""}],"twitter_card":"summary_large_image","twitter_misc":{"Gesch\u00e4tzte Lesezeit":"4\u00a0Minuten"},"schema":{"@context":"https:\/\/schema.org","@graph":[{"@type":"WebPage","@id":"https:\/\/www.humanium.org\/de\/themenschwerpunkte\/","url":"https:\/\/www.humanium.org\/de\/themenschwerpunkte\/","name":"Themenschwerpunkte - Humanium","isPartOf":{"@id":"https:\/\/www.humanium.org\/de\/#website"},"primaryImageOfPage":{"@id":"https:\/\/www.humanium.org\/de\/themenschwerpunkte\/#primaryimage"},"image":{"@id":"https:\/\/www.humanium.org\/de\/themenschwerpunkte\/#primaryimage"},"thumbnailUrl":"https:\/\/www.humanium.org\/fr\/wp-content\/uploads\/2020\/10\/env_rights_defender_300x300.jpg","datePublished":"2013-08-07T08:59:12+00:00","dateModified":"2025-12-06T06:19:45+00:00","breadcrumb":{"@id":"https:\/\/www.humanium.org\/de\/themenschwerpunkte\/#breadcrumb"},"inLanguage":"de","potentialAction":[{"@type":"ReadAction","target":["https:\/\/www.humanium.org\/de\/themenschwerpunkte\/"]}]},{"@type":"ImageObject","inLanguage":"de","@id":"https:\/\/www.humanium.org\/de\/themenschwerpunkte\/#primaryimage","url":"https:\/\/www.humanium.org\/fr\/wp-content\/uploads\/2020\/10\/env_rights_defender_300x300.jpg","contentUrl":"https:\/\/www.humanium.org\/fr\/wp-content\/uploads\/2020\/10\/env_rights_defender_300x300.jpg"},{"@type":"BreadcrumbList","@id":"https:\/\/www.humanium.org\/de\/themenschwerpunkte\/#breadcrumb","itemListElement":[{"@type":"ListItem","position":1,"name":"Home","item":"https:\/\/www.humanium.org\/de\/"},{"@type":"ListItem","position":2,"name":"Themenschwerpunkte"}]},{"@type":"WebSite","@id":"https:\/\/www.humanium.org\/de\/#website","url":"https:\/\/www.humanium.org\/de\/","name":"Humanium","description":"Kinder zuerst!","potentialAction":[{"@type":"SearchAction","target":{"@type":"EntryPoint","urlTemplate":"https:\/\/www.humanium.org\/de\/?s={search_term_string}"},"query-input":{"@type":"PropertyValueSpecification","valueRequired":true,"valueName":"search_term_string"}}],"inLanguage":"de"}]}},"_links":{"self":[{"href":"https:\/\/www.humanium.org\/de\/wp-json\/wp\/v2\/pages\/1858","targetHints":{"allow":["GET"]}}],"collection":[{"href":"https:\/\/www.humanium.org\/de\/wp-json\/wp\/v2\/pages"}],"about":[{"href":"https:\/\/www.humanium.org\/de\/wp-json\/wp\/v2\/types\/page"}],"author":[{"embeddable":true,"href":"https:\/\/www.humanium.org\/de\/wp-json\/wp\/v2\/users\/1"}],"replies":[{"embeddable":true,"href":"https:\/\/www.humanium.org\/de\/wp-json\/wp\/v2\/comments?post=1858"}],"version-history":[{"count":17,"href":"https:\/\/www.humanium.org\/de\/wp-json\/wp\/v2\/pages\/1858\/revisions"}],"predecessor-version":[{"id":20544,"href":"https:\/\/www.humanium.org\/de\/wp-json\/wp\/v2\/pages\/1858\/revisions\/20544"}],"wp:attachment":[{"href":"https:\/\/www.humanium.org\/de\/wp-json\/wp\/v2\/media?parent=1858"}],"curies":[{"name":"wp","href":"https:\/\/api.w.org\/{rel}","templated":true}]}}