{"id":193,"date":"2010-09-21T13:49:40","date_gmt":"2010-09-21T13:49:40","guid":{"rendered":"http:\/\/www.humanium.org\/de\/"},"modified":"2025-03-23T07:37:21","modified_gmt":"2025-03-23T07:37:21","slug":"volunteer","status":"publish","type":"page","link":"https:\/\/www.humanium.org\/de\/volunteer\/","title":{"rendered":"Ehrenamtliche T\u00e4tigkeit"},"content":{"rendered":"<h1>Werden Sie Mitstreiter im Kampf f\u00fcr die Rechte von Kindern<\/h1>\n<p><strong>Humanium setzt sich mit der Hilfe eines internationalen Netzwerks an Freiwilligen f\u00fcr die Achtung und F\u00f6rderung von Kinderrechten ein.<\/strong><\/p>\n<p><strong>Bitte beachten Sie, dass Humanium keine Freiwilligen ins Feld entsendet! <\/strong><\/p>\n<h2>Aktuelle Einsatzm\u00f6glichkeiten f\u00fcr Freiwillige<\/h2>\n<ul>\n<li><a href=\"https:\/\/www.humanium.org\/de\/wp-admin\/post.php?post=16391&amp;action=edit\">Freiwilligeneinsatz &#8211; Sensibilisierung f\u00fcr Kinderrechte und Rechtsberatung<\/a><\/li>\n<li><a href=\"https:\/\/www.humanium.org\/de\/freiwillige-ubersetzer-franzosisch\/\" target=\"_blank\" rel=\"noopener\">Freiwilligeneinsatz \u2013 Franz\u00f6sisch-\u00dcbersetzer<\/a><\/li>\n<li><a href=\"https:\/\/www.humanium.org\/de\/freiwillige-ubersetzer-deutsch\/\" target=\"_blank\" rel=\"noopener\">Freiwilligeneinsatz \u2013 Deutsch-\u00dcbersetzer<\/a><\/li>\n<li><a href=\"https:\/\/www.humanium.org\/de\/freiwillige-ubersetzer-spanisch\/\" target=\"_blank\" rel=\"noopener\">Freiwilligeneinsatz \u2013 Spanisch-\u00dcbersetzer<\/a><\/li>\n<\/ul>\n<p>Wenn auch Sie sich f\u00fcr die Rechte von Kindern einsetzen wollen, f\u00fcllen Sie noch heute das unten stehende Formular aus. Ein Teammitglied wird Sie anschlie\u00dfend schnellstm\u00f6glich kontaktieren.<\/p>\n\n<div class=\"wpcf7 no-js\" id=\"wpcf7-f1311-o1\" lang=\"\" dir=\"ltr\" data-wpcf7-id=\"1311\">\n<div class=\"screen-reader-response\"><p role=\"status\" aria-live=\"polite\" aria-atomic=\"true\"><\/p> <ul><\/ul><\/div>\n<form action=\"\/de\/wp-json\/wp\/v2\/pages\/193#wpcf7-f1311-o1\" method=\"post\" class=\"wpcf7-form init\" aria-label=\"Kontaktformular\" enctype=\"multipart\/form-data\" novalidate=\"novalidate\" data-status=\"init\">\n<fieldset class=\"hidden-fields-container\"><input type=\"hidden\" name=\"_wpcf7\" value=\"1311\" \/><input type=\"hidden\" name=\"_wpcf7_version\" value=\"6.1.4\" \/><input type=\"hidden\" name=\"_wpcf7_locale\" value=\"\" \/><input type=\"hidden\" name=\"_wpcf7_unit_tag\" value=\"wpcf7-f1311-o1\" \/><input type=\"hidden\" name=\"_wpcf7_container_post\" value=\"0\" \/><input type=\"hidden\" name=\"_wpcf7_posted_data_hash\" value=\"\" \/>\n<\/fieldset>\n<p>Titel* <span class=\"wpcf7-form-control-wrap\" data-name=\"Titre\"><select class=\"wpcf7-form-control wpcf7-select wpcf7-validates-as-required\" aria-required=\"true\" aria-invalid=\"false\" name=\"Titre\"><option value=\"\">&#8211; Bitte ausw\u00e4hlen &#8211;<\/option><option value=\"Fr.\">Fr.<\/option><option value=\"Hr\">Hr<\/option><\/select><\/span><br \/>\nName* <span class=\"wpcf7-form-control-wrap\" data-name=\"Nom\"><input size=\"40\" maxlength=\"400\" class=\"wpcf7-form-control wpcf7-text wpcf7-validates-as-required\" aria-required=\"true\" aria-invalid=\"false\" value=\"\" type=\"text\" name=\"Nom\" \/><\/span><br \/>\nVorname* <span class=\"wpcf7-form-control-wrap\" data-name=\"Prenom\"><input size=\"40\" maxlength=\"400\" class=\"wpcf7-form-control wpcf7-text wpcf7-validates-as-required\" aria-required=\"true\" aria-invalid=\"false\" value=\"\" type=\"text\" name=\"Prenom\" \/><\/span><br \/>\nOrganization \/ Institution <span class=\"wpcf7-form-control-wrap\" data-name=\"Organisation\"><input size=\"40\" maxlength=\"400\" class=\"wpcf7-form-control wpcf7-text\" aria-invalid=\"false\" value=\"\" type=\"text\" name=\"Organisation\" \/><\/span><br \/>\nEmail* <span class=\"wpcf7-form-control-wrap\" data-name=\"Email\"><input size=\"40\" maxlength=\"400\" class=\"wpcf7-form-control wpcf7-email wpcf7-validates-as-required wpcf7-text wpcf7-validates-as-email\" aria-required=\"true\" aria-invalid=\"false\" value=\"\" type=\"email\" name=\"Email\" \/><\/span><br \/>\nLand* <span class=\"wpcf7-form-control-wrap\" data-name=\"Pays\"><input size=\"40\" maxlength=\"400\" class=\"wpcf7-form-control wpcf7-text wpcf7-validates-as-required\" aria-required=\"true\" aria-invalid=\"false\" value=\"\" type=\"text\" name=\"Pays\" \/><\/span><br \/>\nAnschrift<br \/>\n<span class=\"wpcf7-form-control-wrap\" data-name=\"Adresse\"><textarea cols=\"40\" rows=\"10\" maxlength=\"2000\" class=\"wpcf7-form-control wpcf7-textarea\" aria-invalid=\"false\" name=\"Adresse\"><\/textarea><\/span><br \/>\nBerufsbezeichnung* <span class=\"wpcf7-form-control-wrap\" data-name=\"Profession\"><input size=\"40\" maxlength=\"400\" class=\"wpcf7-form-control wpcf7-text wpcf7-validates-as-required\" aria-required=\"true\" aria-invalid=\"false\" value=\"\" type=\"text\" name=\"Profession\" \/><\/span><br \/>\nWie m\u00f6chten Sie Humanium gern unterst\u00fctzen?*:<br \/>\n<span class=\"wpcf7-form-control-wrap\" data-name=\"Benevolat\"><span class=\"wpcf7-form-control wpcf7-checkbox wpcf7-validates-as-required\"><span class=\"wpcf7-list-item first\"><input type=\"checkbox\" name=\"Benevolat[]\" value=\"Fundraising\" \/><span class=\"wpcf7-list-item-label\">Fundraising<\/span><\/span><span class=\"wpcf7-list-item\"><input type=\"checkbox\" name=\"Benevolat[]\" value=\"\u00d6ffentlichkeitsarbeit\" \/><span class=\"wpcf7-list-item-label\">\u00d6ffentlichkeitsarbeit<\/span><\/span><span class=\"wpcf7-list-item\"><input type=\"checkbox\" name=\"Benevolat[]\" value=\"Webpromotion\" \/><span class=\"wpcf7-list-item-label\">Webpromotion<\/span><\/span><span class=\"wpcf7-list-item\"><input type=\"checkbox\" name=\"Benevolat[]\" value=\"Gr\u00fcndung eines Lokalkommitees\" \/><span class=\"wpcf7-list-item-label\">Gr\u00fcndung eines Lokalkommitees<\/span><\/span><span class=\"wpcf7-list-item\"><input type=\"checkbox\" name=\"Benevolat[]\" value=\"Veranstaltung\" \/><span class=\"wpcf7-list-item-label\">Veranstaltung<\/span><\/span><span class=\"wpcf7-list-item\"><input type=\"checkbox\" name=\"Benevolat[]\" value=\"Juristische Unterst\u00fctzung\" \/><span class=\"wpcf7-list-item-label\">Juristische Unterst\u00fctzung<\/span><\/span><span class=\"wpcf7-list-item\"><input type=\"checkbox\" name=\"Benevolat[]\" value=\"Korrekturlesen\" \/><span class=\"wpcf7-list-item-label\">Korrekturlesen<\/span><\/span><span class=\"wpcf7-list-item\"><input type=\"checkbox\" name=\"Benevolat[]\" value=\"\u00dcbersetzungen\" \/><span class=\"wpcf7-list-item-label\">\u00dcbersetzungen<\/span><\/span><span class=\"wpcf7-list-item last\"><input type=\"checkbox\" name=\"Benevolat[]\" value=\"Anderes\" \/><span class=\"wpcf7-list-item-label\">Anderes<\/span><\/span><\/span><\/span><br \/>\nFalls sie \u201cAnderes\u201d gew\u00e4hlt haben, geben sie bitte Details an: <span class=\"wpcf7-form-control-wrap\" data-name=\"Autres\"><input size=\"40\" maxlength=\"400\" class=\"wpcf7-form-control wpcf7-text\" aria-invalid=\"false\" value=\"\" type=\"text\" name=\"Autres\" \/><\/span><br \/>\nFalls sie \u201c\u00dcbersetzung\u201d: von <span class=\"wpcf7-form-control-wrap\" data-name=\"Langue-depart\"><input size=\"15\" maxlength=\"400\" class=\"wpcf7-form-control wpcf7-text\" aria-invalid=\"false\" value=\"\" type=\"text\" name=\"Langue-depart\" \/><\/span> in <span class=\"wpcf7-form-control-wrap\" data-name=\"Langue-arrivee\"><input size=\"15\" maxlength=\"400\" class=\"wpcf7-form-control wpcf7-text\" aria-invalid=\"false\" value=\"\" type=\"text\" name=\"Langue-arrivee\" \/><\/span><br \/>\nMuttersprache\/Erstsprache: <span class=\"wpcf7-form-control-wrap\" data-name=\"Langue-maternelle\"><input size=\"15\" maxlength=\"400\" class=\"wpcf7-form-control wpcf7-text\" aria-invalid=\"false\" value=\"\" type=\"text\" name=\"Langue-maternelle\" \/><\/span><br \/>\nGern k\u00f6nnen Sie auch Ihren Lebenslauf beif\u00fcgen: <span class=\"wpcf7-form-control-wrap\" data-name=\"CV\"><input size=\"40\" class=\"wpcf7-form-control wpcf7-file\" accept=\"audio\/*,video\/*,image\/*\" aria-invalid=\"false\" type=\"file\" name=\"CV\" \/><\/span><br \/>\nPers\u00f6nliche Nachricht<br \/>\n<span class=\"wpcf7-form-control-wrap\" data-name=\"Message\"><textarea cols=\"40\" rows=\"10\" maxlength=\"2000\" class=\"wpcf7-form-control wpcf7-textarea\" aria-invalid=\"false\" name=\"Message\"><\/textarea><\/span><br \/>\nIch m\u00f6chte regelm\u00e4\u00dfige Informationen \u00fcber Humanium und die Rechte der Kinder erhalten <span class=\"wpcf7-form-control-wrap\" data-name=\"Newsletter\"><select class=\"wpcf7-form-control wpcf7-select wpcf7-validates-as-required\" aria-required=\"true\" aria-invalid=\"false\" name=\"Newsletter\"><option value=\"Yes\">Yes<\/option><option value=\"No\">No<\/option><\/select><\/span><br \/>\n<span class=\"wpcf7-form-control-wrap\" data-name=\"Charte\"><span class=\"wpcf7-form-control wpcf7-acceptance\"><span class=\"wpcf7-list-item\"><input type=\"checkbox\" name=\"Charte\" value=\"1\" checked=\"checked\" aria-invalid=\"false\" \/><\/span><\/span><\/span>Ich akzeptiere <a href=\"https:\/\/www.humanium.org\/en\/ethics-charter\/\" target=\"_blank\">die ethischen Grunds\u00e4tze von Humanium<\/a>.<br \/>\n<span class=\"wpcf7-form-control-wrap\" data-name=\"Charte\"><span class=\"wpcf7-form-control wpcf7-acceptance\"><span class=\"wpcf7-list-item\"><input type=\"checkbox\" name=\"Charte\" value=\"1\" checked=\"checked\" aria-invalid=\"false\" \/><\/span><\/span><\/span>Ich akzeptiere <a href=\"https:\/\/www.humanium.org\/de\/teilnehmen\/volunteer\/vertraulichkeitsvertrag\/\" target=\"_blank\">den Vertraulichkeitsvertrag<\/a>.<br \/>\n<input type=\"hidden\" name=\"_wpcf7_captcha_challenge_captcha-489\" value=\"3277524010\" \/><img loading=\"lazy\" decoding=\"async\" class=\"wpcf7-form-control wpcf7-captchac wpcf7-captcha-captcha-489\" width=\"72\" height=\"24\" alt=\"captcha\" src=\"https:\/\/www.humanium.org\/de\/wp-content\/uploads\/wpcf7_captcha\/3277524010.png\" \/><br \/>\n<span class=\"wpcf7-form-control-wrap\" data-name=\"captcha-489\"><input size=\"40\" class=\"wpcf7-form-control wpcf7-captchar\" autocomplete=\"off\" aria-invalid=\"false\" value=\"\" type=\"text\" name=\"captcha-489\" \/><\/span><br \/>\n<input class=\"wpcf7-form-control wpcf7-submit has-spinner\" type=\"submit\" value=\"Senden\" \/><br \/>\n*notwendige Felder\n<\/p><p style=\"display: none !important;\" class=\"akismet-fields-container\" data-prefix=\"_wpcf7_ak_\"><label>&#916;<textarea name=\"_wpcf7_ak_hp_textarea\" cols=\"45\" rows=\"8\" maxlength=\"100\"><\/textarea><\/label><input type=\"hidden\" id=\"ak_js_1\" name=\"_wpcf7_ak_js\" value=\"163\"\/><script>document.getElementById( \"ak_js_1\" ).setAttribute( \"value\", ( new Date() ).getTime() );<\/script><\/p><div class=\"wpcf7-response-output\" aria-hidden=\"true\"><\/div>\n<\/form>\n<\/div>\n\n","protected":false},"excerpt":{"rendered":"<p>Werden Sie Mitstreiter im Kampf f\u00fcr die Rechte von Kindern Humanium setzt sich mit der Hilfe eines internationalen Netzwerks an Freiwilligen f\u00fcr die Achtung und F\u00f6rderung von Kinderrechten ein. Bitte beachten Sie, dass Humanium keine Freiwilligen ins Feld entsendet! Aktuelle Einsatzm\u00f6glichkeiten f\u00fcr Freiwillige Freiwilligeneinsatz &#8211; Sensibilisierung f\u00fcr Kinderrechte und Rechtsberatung Freiwilligeneinsatz \u2013 Franz\u00f6sisch-\u00dcbersetzer Freiwilligeneinsatz \u2013 [&hellip;]<\/p>\n","protected":false},"author":1,"featured_media":0,"parent":0,"menu_order":0,"comment_status":"closed","ping_status":"closed","template":"","meta":{"footnotes":""},"class_list":["post-193","page","type-page","status-publish","hentry"],"yoast_head":"<!-- This site is optimized with the Yoast SEO plugin v26.5 - https:\/\/yoast.com\/wordpress\/plugins\/seo\/ -->\n<title>Ehrenamtliche T\u00e4tigkeit - Humanium<\/title>\n<meta name=\"robots\" content=\"index, follow, max-snippet:-1, max-image-preview:large, max-video-preview:-1\" \/>\n<link rel=\"canonical\" href=\"https:\/\/www.humanium.org\/de\/teilnehmen-2__trashed\/volunteer\/\" \/>\n<meta property=\"og:locale\" content=\"de_DE\" \/>\n<meta property=\"og:type\" content=\"article\" \/>\n<meta property=\"og:title\" content=\"Ehrenamtliche T\u00e4tigkeit - Humanium\" \/>\n<meta property=\"og:description\" content=\"Werden Sie Mitstreiter im Kampf f\u00fcr die Rechte von Kindern Humanium setzt sich mit der Hilfe eines internationalen Netzwerks an Freiwilligen f\u00fcr die Achtung und F\u00f6rderung von Kinderrechten ein. Bitte beachten Sie, dass Humanium keine Freiwilligen ins Feld entsendet! Aktuelle Einsatzm\u00f6glichkeiten f\u00fcr Freiwillige Freiwilligeneinsatz &#8211; Sensibilisierung f\u00fcr Kinderrechte und Rechtsberatung Freiwilligeneinsatz \u2013 Franz\u00f6sisch-\u00dcbersetzer Freiwilligeneinsatz \u2013 [&hellip;]\" \/>\n<meta property=\"og:url\" content=\"https:\/\/www.humanium.org\/de\/teilnehmen-2__trashed\/volunteer\/\" \/>\n<meta property=\"og:site_name\" content=\"Humanium\" \/>\n<meta property=\"article:modified_time\" content=\"2025-03-23T07:37:21+00:00\" \/>\n<meta name=\"twitter:card\" content=\"summary_large_image\" \/>\n<meta name=\"twitter:label1\" content=\"Gesch\u00e4tzte Lesezeit\" \/>\n\t<meta name=\"twitter:data1\" content=\"1\u00a0Minute\" \/>\n<script type=\"application\/ld+json\" class=\"yoast-schema-graph\">{\"@context\":\"https:\/\/schema.org\",\"@graph\":[{\"@type\":\"WebPage\",\"@id\":\"https:\/\/www.humanium.org\/de\/teilnehmen-2__trashed\/volunteer\/\",\"url\":\"https:\/\/www.humanium.org\/de\/teilnehmen-2__trashed\/volunteer\/\",\"name\":\"Ehrenamtliche T\u00e4tigkeit - Humanium\",\"isPartOf\":{\"@id\":\"https:\/\/www.humanium.org\/de\/#website\"},\"datePublished\":\"2010-09-21T13:49:40+00:00\",\"dateModified\":\"2025-03-23T07:37:21+00:00\",\"breadcrumb\":{\"@id\":\"https:\/\/www.humanium.org\/de\/teilnehmen-2__trashed\/volunteer\/#breadcrumb\"},\"inLanguage\":\"de\",\"potentialAction\":[{\"@type\":\"ReadAction\",\"target\":[\"https:\/\/www.humanium.org\/de\/teilnehmen-2__trashed\/volunteer\/\"]}]},{\"@type\":\"BreadcrumbList\",\"@id\":\"https:\/\/www.humanium.org\/de\/teilnehmen-2__trashed\/volunteer\/#breadcrumb\",\"itemListElement\":[{\"@type\":\"ListItem\",\"position\":1,\"name\":\"Home\",\"item\":\"https:\/\/www.humanium.org\/de\/\"},{\"@type\":\"ListItem\",\"position\":2,\"name\":\"Ehrenamtliche T\u00e4tigkeit\"}]},{\"@type\":\"WebSite\",\"@id\":\"https:\/\/www.humanium.org\/de\/#website\",\"url\":\"https:\/\/www.humanium.org\/de\/\",\"name\":\"Humanium\",\"description\":\"Kinder zuerst!\",\"potentialAction\":[{\"@type\":\"SearchAction\",\"target\":{\"@type\":\"EntryPoint\",\"urlTemplate\":\"https:\/\/www.humanium.org\/de\/?s={search_term_string}\"},\"query-input\":{\"@type\":\"PropertyValueSpecification\",\"valueRequired\":true,\"valueName\":\"search_term_string\"}}],\"inLanguage\":\"de\"}]}<\/script>\n<!-- \/ Yoast SEO plugin. -->","yoast_head_json":{"title":"Ehrenamtliche T\u00e4tigkeit - Humanium","robots":{"index":"index","follow":"follow","max-snippet":"max-snippet:-1","max-image-preview":"max-image-preview:large","max-video-preview":"max-video-preview:-1"},"canonical":"https:\/\/www.humanium.org\/de\/teilnehmen-2__trashed\/volunteer\/","og_locale":"de_DE","og_type":"article","og_title":"Ehrenamtliche T\u00e4tigkeit - Humanium","og_description":"Werden Sie Mitstreiter im Kampf f\u00fcr die Rechte von Kindern Humanium setzt sich mit der Hilfe eines internationalen Netzwerks an Freiwilligen f\u00fcr die Achtung und F\u00f6rderung von Kinderrechten ein. Bitte beachten Sie, dass Humanium keine Freiwilligen ins Feld entsendet! Aktuelle Einsatzm\u00f6glichkeiten f\u00fcr Freiwillige Freiwilligeneinsatz &#8211; Sensibilisierung f\u00fcr Kinderrechte und Rechtsberatung Freiwilligeneinsatz \u2013 Franz\u00f6sisch-\u00dcbersetzer Freiwilligeneinsatz \u2013 [&hellip;]","og_url":"https:\/\/www.humanium.org\/de\/teilnehmen-2__trashed\/volunteer\/","og_site_name":"Humanium","article_modified_time":"2025-03-23T07:37:21+00:00","twitter_card":"summary_large_image","twitter_misc":{"Gesch\u00e4tzte Lesezeit":"1\u00a0Minute"},"schema":{"@context":"https:\/\/schema.org","@graph":[{"@type":"WebPage","@id":"https:\/\/www.humanium.org\/de\/teilnehmen-2__trashed\/volunteer\/","url":"https:\/\/www.humanium.org\/de\/teilnehmen-2__trashed\/volunteer\/","name":"Ehrenamtliche T\u00e4tigkeit - Humanium","isPartOf":{"@id":"https:\/\/www.humanium.org\/de\/#website"},"datePublished":"2010-09-21T13:49:40+00:00","dateModified":"2025-03-23T07:37:21+00:00","breadcrumb":{"@id":"https:\/\/www.humanium.org\/de\/teilnehmen-2__trashed\/volunteer\/#breadcrumb"},"inLanguage":"de","potentialAction":[{"@type":"ReadAction","target":["https:\/\/www.humanium.org\/de\/teilnehmen-2__trashed\/volunteer\/"]}]},{"@type":"BreadcrumbList","@id":"https:\/\/www.humanium.org\/de\/teilnehmen-2__trashed\/volunteer\/#breadcrumb","itemListElement":[{"@type":"ListItem","position":1,"name":"Home","item":"https:\/\/www.humanium.org\/de\/"},{"@type":"ListItem","position":2,"name":"Ehrenamtliche T\u00e4tigkeit"}]},{"@type":"WebSite","@id":"https:\/\/www.humanium.org\/de\/#website","url":"https:\/\/www.humanium.org\/de\/","name":"Humanium","description":"Kinder zuerst!","potentialAction":[{"@type":"SearchAction","target":{"@type":"EntryPoint","urlTemplate":"https:\/\/www.humanium.org\/de\/?s={search_term_string}"},"query-input":{"@type":"PropertyValueSpecification","valueRequired":true,"valueName":"search_term_string"}}],"inLanguage":"de"}]}},"_links":{"self":[{"href":"https:\/\/www.humanium.org\/de\/wp-json\/wp\/v2\/pages\/193","targetHints":{"allow":["GET"]}}],"collection":[{"href":"https:\/\/www.humanium.org\/de\/wp-json\/wp\/v2\/pages"}],"about":[{"href":"https:\/\/www.humanium.org\/de\/wp-json\/wp\/v2\/types\/page"}],"author":[{"embeddable":true,"href":"https:\/\/www.humanium.org\/de\/wp-json\/wp\/v2\/users\/1"}],"replies":[{"embeddable":true,"href":"https:\/\/www.humanium.org\/de\/wp-json\/wp\/v2\/comments?post=193"}],"version-history":[{"count":8,"href":"https:\/\/www.humanium.org\/de\/wp-json\/wp\/v2\/pages\/193\/revisions"}],"predecessor-version":[{"id":18493,"href":"https:\/\/www.humanium.org\/de\/wp-json\/wp\/v2\/pages\/193\/revisions\/18493"}],"wp:attachment":[{"href":"https:\/\/www.humanium.org\/de\/wp-json\/wp\/v2\/media?parent=193"}],"curies":[{"name":"wp","href":"https:\/\/api.w.org\/{rel}","templated":true}]}}