{"id":197,"date":"2010-09-21T13:50:23","date_gmt":"2010-09-21T13:50:23","guid":{"rendered":"http:\/\/www.humanium.org\/de\/"},"modified":"2025-12-06T06:18:40","modified_gmt":"2025-12-06T06:18:40","slug":"bildung","status":"publish","type":"page","link":"https:\/\/www.humanium.org\/de\/bildung\/","title":{"rendered":"Bildung"},"content":{"rendered":"<h1 style=\"margin-top: 5px; margin-bottom: 18px; line-height: 70px;\"><span><a href=\"https:\/\/www.humanium.org\/de\/category\/bildung\/\" target=\"_blank\"><\/a><\/span>Bildung<\/h1>\n<h2>Unser Bildungsprogramm<\/h2>\n<p><strong>Humanium baut Kinderkrippen, Schulen und Zentren zur schulischen Betreuung auf, um den regelm\u00e4ssigen und langfristigen Schulbesuch aller Kinder zu sichern. <\/strong><\/p>\n<table>\n<tbody>\n<tr>\n<td>\n<h2 style=\"font-size: 1.3em; margin-top: 5px; margin-bottom: 18px; line-height: 40px;\"><strong><\/strong><span style=\"color: #003366;\"><strong>Ziele<\/strong><\/span><\/h2>\n<ul>\n<li>Den regelm\u00e4ssigen und dauerhaften Schulbesuch aller Kinder sichern und die Unterrichtsqualit\u00e4t verbessern, um an die \u00f6ffentlichen Schulen mindestens anzuschliessen.<\/li>\n<li>Durch hohe Unterrichtsqualit\u00e4t die dauerhafte Abschaffung von Kinderarbeit sichern. Unsere D\u00f6rfer werden innerhalb von 6 Monaten von Kinderarbeit befreit (&#8222;child labor free&#8220; gelabelt).<\/li>\n<\/ul>\n<\/td>\n<\/tr>\n<\/tbody>\n<\/table>\n<table>\n<tbody>\n<tr>\n<td>\n<h2 style=\"font-size: 1.3em; margin-top: 5px; margin-bottom: 18px; line-height: 40px;\"><span style=\"color: #003366;\"><strong>Ansatz<\/strong><\/span><\/h2>\n<p>Unser ganzheitlicher Entwicklungsansatz schafft simultan L\u00f6sungen f\u00fcr alle Probleme. Humanium entwickelt keine parallelen Bildungsstrukturen, wir arbeiten vielmehr mit den lokalen Akteuren zusammen, um die bestehenden Strukturen zu nutzen, zu st\u00e4rken und die Bildungsqualit\u00e4t erheblich zu verbessern, zB durch das Zur-Verf\u00fcgung-Stellen von zus\u00e4tzlichen Lehrkr\u00e4ften.<\/td>\n<\/tr>\n<\/tbody>\n<\/table>\n<table>\n<tbody>\n<tr>\n<td>\n<h2 style=\"font-size: 1.3em; margin-top: 5px; margin-bottom: 18px; line-height: 40px;\"><strong><\/strong><span style=\"color: #003366;\"><strong>Aktivit\u00e4ten<\/strong><\/span><\/h2>\n<h4>Sensibilisierung gegen Kinderarbeit<\/h4>\n<p>Die Kampagnen zur Sensibilisierung gegen Kinderarbeit haben zum Ziel, die dauerhafte Ausrottung von Kinderarbeit und die Einschulung aller Kinder.<\/p>\n<p>Mittels sozial Engagierter, Erzieher und Sozialhilfe-Zentren organisieren wir Sitzungen und Veranstaltungen, um den Eltern die negativen Auswirkungen der Kinderarbeit auf die Entwicklung und\u00a0 Gesundheit der Kinder bewusst zu machen.<\/p>\n<h4>Einschulung aller Kinder<\/h4>\n<p>In jedem Dorf werden nicht eingeschulte Kinder identifiziert. In der Regel liegt die Nicht-Einschulungsrate VOR unserem T\u00e4tigwerden bei ca. 50%. Nach der Identifikationsphase werden individuell angepasste L\u00f6sungen mit den M\u00fcttern \/ Eltern und h\u00e4ufig Geschwistern gefunden, um jedem Kind eine normale und regelm\u00e4ssige Schulbildung zu erm\u00f6glichen.<\/p>\n<h4>Zentrum zur schulischen Betreuung<\/h4>\n<p>Unsere Zentren, die separat zur Schule aufgebaut werden,\u00a0 erlauben den Kindern Hilfe bei den Hausaufgaben zu erhalten. Besonders wenn die Eltern weder lesen noch schreiben k\u00f6nnen ist dies unerl\u00e4sslich. Jedem Kind kommt eine individuelle Unterst\u00fctzung zu, die seinen Bed\u00fcrfnissen angepasst ist.<\/p>\n<h4>\u00dcbergangs-Schulen<\/h4>\n<p>Falls notwendig, werden in den D\u00f6rfern \u00dcbergangsschulen errichtet zur Unterst\u00fctzung von Jugendlichen zwischen 15 und 18 Jahren, die das Schulsystem ohne Abschlusszeugnis verlassen haben. Diesen &#8222;drop-out&#8220; Jugendlichen wird die Re-integration erm\u00f6glicht, damit sie ein h\u00f6heres Bildungsniveau erhalten und so sp\u00e4ter bessere berufliche M\u00f6glichkeiten haben.<\/p>\n<h4>Verbesserung der Qualit\u00e4t des Unterrichts<\/h4>\n<p>Humanium sorgt f\u00fcr die Verbesserung der Qualit\u00e4t des Unterrichts um den Kindern ein besseres Lernen zu sichern.<\/p>\n<p>Es werden zus\u00e4tzliche Lehrer angestellt zur Entlastung \u00fcberf\u00fcllter Klassen. Wir f\u00fchren spielerische und motivierende Unterrichtsmethoden f\u00fcr Kinder ein, die \u00e4hnlich dem Entwicklungsansatz von Rudolf Steiner als &#8222;im Ansatz anthroposophisch&#8220; bezeichnet werden k\u00f6nnen.<\/p>\n<h4>Informatikkurse f\u00fcr Kinder<\/h4>\n<p>Informatikkurse erlauben den Kindern die Entwicklung zus\u00e4tzlicher Kenntnisse ..<\/p>\n<h4>Infrastruktur<\/h4>\n<p>Die Geb\u00e4ude sind oft bauf\u00e4llig. Humanium renoviert Kinderkrippen und Schulen, liefert p\u00e4dagogische Ausstattung, Geschirr, Wasserfilter, St\u00fchle ..  was zur Freude der Kinder beitr\u00e4gt und zu beachtlicher Lernerfolgs-Verbesserung.<\/p>\n<h4>Eltern- und Lehrerverband<\/h4>\n<p>Zur Sicherung des regelm\u00e4ssigen und langfristigen Schulbesuchs aller Kinder werden Eltern- und Lehrerverb\u00e4nde zur Betreuung in jedem Dorf gegr\u00fcndet &#8211; eine wichtige Methode um die ganze Familie in die Entwicklung der J\u00fcngsten miteinzubeziehen !<\/td>\n<\/tr>\n<\/tbody>\n<\/table>\n<table>\n<tbody>\n<tr>\n<td>\n<h3 style=\"margin-top: 5px; margin-bottom: 18px; line-height: 80px; text-align: left;\"><span><a href=\"https:\/\/www.humanium.org\/de\/category\/bildung\/\" target=\"_blank\"><img loading=\"lazy\" decoding=\"async\" class=\"size-full wp-image-4404 alignleft\" title=\"Aktualit\u00e4ten des Bildungsprogramms auf unserem Blog.\" src=\"https:\/\/www.humanium.org\/fr\/wp-content\/uploads\/blog.jpg\" alt=\"\" width=\"80\" height=\"80\" \/><\/a><a href=\"https:\/\/www.humanium.org\/de\/category\/bildung\/\" target=\"_blank\">Hier geht es zu den Aktualit\u00e4ten des Bildungsprogramms auf unserem Blog.<\/a><br \/>\n<\/span><\/h3>\n<\/td>\n<\/tr>\n<\/tbody>\n<\/table>\n","protected":false},"excerpt":{"rendered":"<p>Bildung Unser Bildungsprogramm Humanium baut Kinderkrippen, Schulen und Zentren zur schulischen Betreuung auf, um den regelm\u00e4ssigen und langfristigen Schulbesuch aller Kinder zu sichern. Ziele Den regelm\u00e4ssigen und dauerhaften Schulbesuch aller Kinder sichern und die Unterrichtsqualit\u00e4t verbessern, um an die \u00f6ffentlichen Schulen mindestens anzuschliessen. Durch hohe Unterrichtsqualit\u00e4t die dauerhafte Abschaffung von Kinderarbeit sichern. Unsere D\u00f6rfer werden [&hellip;]<\/p>\n","protected":false},"author":1,"featured_media":0,"parent":0,"menu_order":0,"comment_status":"closed","ping_status":"closed","template":"","meta":{"footnotes":""},"class_list":["post-197","page","type-page","status-publish","hentry"],"yoast_head":"<!-- This site is optimized with the Yoast SEO plugin v26.5 - https:\/\/yoast.com\/wordpress\/plugins\/seo\/ -->\n<title>Bildung - Humanium<\/title>\n<meta name=\"robots\" content=\"index, follow, max-snippet:-1, max-image-preview:large, max-video-preview:-1\" \/>\n<link rel=\"canonical\" href=\"https:\/\/www.humanium.org\/de\/bildung\/\" \/>\n<meta property=\"og:locale\" content=\"de_DE\" \/>\n<meta property=\"og:type\" content=\"article\" \/>\n<meta property=\"og:title\" content=\"Bildung - Humanium\" \/>\n<meta property=\"og:description\" content=\"Bildung Unser Bildungsprogramm Humanium baut Kinderkrippen, Schulen und Zentren zur schulischen Betreuung auf, um den regelm\u00e4ssigen und langfristigen Schulbesuch aller Kinder zu sichern. Ziele Den regelm\u00e4ssigen und dauerhaften Schulbesuch aller Kinder sichern und die Unterrichtsqualit\u00e4t verbessern, um an die \u00f6ffentlichen Schulen mindestens anzuschliessen. Durch hohe Unterrichtsqualit\u00e4t die dauerhafte Abschaffung von Kinderarbeit sichern. Unsere D\u00f6rfer werden [&hellip;]\" \/>\n<meta property=\"og:url\" content=\"https:\/\/www.humanium.org\/de\/bildung\/\" \/>\n<meta property=\"og:site_name\" content=\"Humanium\" \/>\n<meta property=\"article:modified_time\" content=\"2025-12-06T06:18:40+00:00\" \/>\n<meta name=\"twitter:card\" content=\"summary_large_image\" \/>\n<meta name=\"twitter:label1\" content=\"Gesch\u00e4tzte Lesezeit\" \/>\n\t<meta name=\"twitter:data1\" content=\"2\u00a0Minuten\" \/>\n<script type=\"application\/ld+json\" class=\"yoast-schema-graph\">{\"@context\":\"https:\/\/schema.org\",\"@graph\":[{\"@type\":\"WebPage\",\"@id\":\"https:\/\/www.humanium.org\/de\/bildung\/\",\"url\":\"https:\/\/www.humanium.org\/de\/bildung\/\",\"name\":\"Bildung - Humanium\",\"isPartOf\":{\"@id\":\"https:\/\/www.humanium.org\/de\/#website\"},\"primaryImageOfPage\":{\"@id\":\"https:\/\/www.humanium.org\/de\/bildung\/#primaryimage\"},\"image\":{\"@id\":\"https:\/\/www.humanium.org\/de\/bildung\/#primaryimage\"},\"thumbnailUrl\":\"https:\/\/www.humanium.org\/fr\/wp-content\/uploads\/blog.jpg\",\"datePublished\":\"2010-09-21T13:50:23+00:00\",\"dateModified\":\"2025-12-06T06:18:40+00:00\",\"breadcrumb\":{\"@id\":\"https:\/\/www.humanium.org\/de\/bildung\/#breadcrumb\"},\"inLanguage\":\"de\",\"potentialAction\":[{\"@type\":\"ReadAction\",\"target\":[\"https:\/\/www.humanium.org\/de\/bildung\/\"]}]},{\"@type\":\"ImageObject\",\"inLanguage\":\"de\",\"@id\":\"https:\/\/www.humanium.org\/de\/bildung\/#primaryimage\",\"url\":\"https:\/\/www.humanium.org\/fr\/wp-content\/uploads\/blog.jpg\",\"contentUrl\":\"https:\/\/www.humanium.org\/fr\/wp-content\/uploads\/blog.jpg\"},{\"@type\":\"BreadcrumbList\",\"@id\":\"https:\/\/www.humanium.org\/de\/bildung\/#breadcrumb\",\"itemListElement\":[{\"@type\":\"ListItem\",\"position\":1,\"name\":\"Home\",\"item\":\"https:\/\/www.humanium.org\/de\/\"},{\"@type\":\"ListItem\",\"position\":2,\"name\":\"Bildung\"}]},{\"@type\":\"WebSite\",\"@id\":\"https:\/\/www.humanium.org\/de\/#website\",\"url\":\"https:\/\/www.humanium.org\/de\/\",\"name\":\"Humanium\",\"description\":\"Kinder zuerst!\",\"potentialAction\":[{\"@type\":\"SearchAction\",\"target\":{\"@type\":\"EntryPoint\",\"urlTemplate\":\"https:\/\/www.humanium.org\/de\/?s={search_term_string}\"},\"query-input\":{\"@type\":\"PropertyValueSpecification\",\"valueRequired\":true,\"valueName\":\"search_term_string\"}}],\"inLanguage\":\"de\"}]}<\/script>\n<!-- \/ Yoast SEO plugin. -->","yoast_head_json":{"title":"Bildung - Humanium","robots":{"index":"index","follow":"follow","max-snippet":"max-snippet:-1","max-image-preview":"max-image-preview:large","max-video-preview":"max-video-preview:-1"},"canonical":"https:\/\/www.humanium.org\/de\/bildung\/","og_locale":"de_DE","og_type":"article","og_title":"Bildung - Humanium","og_description":"Bildung Unser Bildungsprogramm Humanium baut Kinderkrippen, Schulen und Zentren zur schulischen Betreuung auf, um den regelm\u00e4ssigen und langfristigen Schulbesuch aller Kinder zu sichern. Ziele Den regelm\u00e4ssigen und dauerhaften Schulbesuch aller Kinder sichern und die Unterrichtsqualit\u00e4t verbessern, um an die \u00f6ffentlichen Schulen mindestens anzuschliessen. Durch hohe Unterrichtsqualit\u00e4t die dauerhafte Abschaffung von Kinderarbeit sichern. Unsere D\u00f6rfer werden [&hellip;]","og_url":"https:\/\/www.humanium.org\/de\/bildung\/","og_site_name":"Humanium","article_modified_time":"2025-12-06T06:18:40+00:00","twitter_card":"summary_large_image","twitter_misc":{"Gesch\u00e4tzte Lesezeit":"2\u00a0Minuten"},"schema":{"@context":"https:\/\/schema.org","@graph":[{"@type":"WebPage","@id":"https:\/\/www.humanium.org\/de\/bildung\/","url":"https:\/\/www.humanium.org\/de\/bildung\/","name":"Bildung - Humanium","isPartOf":{"@id":"https:\/\/www.humanium.org\/de\/#website"},"primaryImageOfPage":{"@id":"https:\/\/www.humanium.org\/de\/bildung\/#primaryimage"},"image":{"@id":"https:\/\/www.humanium.org\/de\/bildung\/#primaryimage"},"thumbnailUrl":"https:\/\/www.humanium.org\/fr\/wp-content\/uploads\/blog.jpg","datePublished":"2010-09-21T13:50:23+00:00","dateModified":"2025-12-06T06:18:40+00:00","breadcrumb":{"@id":"https:\/\/www.humanium.org\/de\/bildung\/#breadcrumb"},"inLanguage":"de","potentialAction":[{"@type":"ReadAction","target":["https:\/\/www.humanium.org\/de\/bildung\/"]}]},{"@type":"ImageObject","inLanguage":"de","@id":"https:\/\/www.humanium.org\/de\/bildung\/#primaryimage","url":"https:\/\/www.humanium.org\/fr\/wp-content\/uploads\/blog.jpg","contentUrl":"https:\/\/www.humanium.org\/fr\/wp-content\/uploads\/blog.jpg"},{"@type":"BreadcrumbList","@id":"https:\/\/www.humanium.org\/de\/bildung\/#breadcrumb","itemListElement":[{"@type":"ListItem","position":1,"name":"Home","item":"https:\/\/www.humanium.org\/de\/"},{"@type":"ListItem","position":2,"name":"Bildung"}]},{"@type":"WebSite","@id":"https:\/\/www.humanium.org\/de\/#website","url":"https:\/\/www.humanium.org\/de\/","name":"Humanium","description":"Kinder zuerst!","potentialAction":[{"@type":"SearchAction","target":{"@type":"EntryPoint","urlTemplate":"https:\/\/www.humanium.org\/de\/?s={search_term_string}"},"query-input":{"@type":"PropertyValueSpecification","valueRequired":true,"valueName":"search_term_string"}}],"inLanguage":"de"}]}},"_links":{"self":[{"href":"https:\/\/www.humanium.org\/de\/wp-json\/wp\/v2\/pages\/197","targetHints":{"allow":["GET"]}}],"collection":[{"href":"https:\/\/www.humanium.org\/de\/wp-json\/wp\/v2\/pages"}],"about":[{"href":"https:\/\/www.humanium.org\/de\/wp-json\/wp\/v2\/types\/page"}],"author":[{"embeddable":true,"href":"https:\/\/www.humanium.org\/de\/wp-json\/wp\/v2\/users\/1"}],"replies":[{"embeddable":true,"href":"https:\/\/www.humanium.org\/de\/wp-json\/wp\/v2\/comments?post=197"}],"version-history":[{"count":11,"href":"https:\/\/www.humanium.org\/de\/wp-json\/wp\/v2\/pages\/197\/revisions"}],"predecessor-version":[{"id":20313,"href":"https:\/\/www.humanium.org\/de\/wp-json\/wp\/v2\/pages\/197\/revisions\/20313"}],"wp:attachment":[{"href":"https:\/\/www.humanium.org\/de\/wp-json\/wp\/v2\/media?parent=197"}],"curies":[{"name":"wp","href":"https:\/\/api.w.org\/{rel}","templated":true}]}}