{"id":1970,"date":"2013-08-08T14:25:31","date_gmt":"2013-08-08T14:25:31","guid":{"rendered":"http:\/\/www.humanium.org\/de\/?page_id=1970"},"modified":"2025-12-06T06:25:40","modified_gmt":"2025-12-06T06:25:40","slug":"rechtspflege-bei-kindern","status":"publish","type":"page","link":"https:\/\/www.humanium.org\/de\/rechtspflege-bei-kindern\/","title":{"rendered":"Rechtspflege bei Kindern"},"content":{"rendered":"<h1>Rechtspflege bei Kindern<\/h1>\n<hr align=\"left\" size=\"4\" width=\"30%\" \/>\n<h2 style=\"margin-bottom: 10px;\"><img loading=\"lazy\" decoding=\"async\" class=\"alignleft  wp-image-22795\" title=\"Was bedeutet Rechtspflege? \u00a9 Stockbyte\" alt=\"\" src=\"https:\/\/www.humanium.org\/fr\/wp-content\/uploads\/2012\/07\/balance_Stockbyte_gettyimage1-150x150.jpg\" width=\"140\" height=\"140\" \/><a href=\"https:\/\/www.humanium.org\/de\/was-ist-gerechtigkeit\/\">Was bedeutet Rechtspflege?<\/a><\/h2>\n<p>Es gibt zwei Formen der Rechtspflege. Die erste, traditionelle Rechtspflege nimmt ihren Ursprung von antiken, kleinen, sich selbst verwaltenden Gesellschaften und basiert auf Br\u00e4uchen und traditionellen \u00dcberzeugungen der Gemeinden. Moderne Rechtspflege, auf die sich die vorliegende Diskussion haupts\u00e4chlich bezieht, wird vom Staat verwaltet. Sie beinhaltet mehrere Stufen von der Gesetzes\u00fcbertretung zum Gerichtsurteil, mit dem Ziel, diejenigen, die gegen das Gesetz versto\u00dfen haben, zu bestrafen und die Opfer angemessen zu entsch\u00e4digen.<\/p>\n<hr \/>\n<h2 style=\"margin-bottom: 10px;\"><img loading=\"lazy\" decoding=\"async\" class=\"alignleft  wp-image-22796\" title=\"Internationale Richtlinien der Rechtspflege bei Kindern \u00a9 Photodisc\" alt=\"\" src=\"https:\/\/www.humanium.org\/fr\/wp-content\/uploads\/2012\/07\/marteau_sur_livres_photodisc_gettyimages-150x150.jpg\" width=\"140\" height=\"140\" \/><a href=\"https:\/\/www.humanium.org\/de\/internationale-regeln\/\">Internationale Richtlinien der Rechtspflege bei Kindern<\/a><\/h2>\n<p>Es gibt viele internationale Richtlinien, die sich mit der Rechtspflege bei Kindern befassen. Diese Richtlinien legen den Umgang der jeweiligen Staaten mit den Kindern fest, die auf irgendeine Art und Weise mit dem Rechtswesen in Ber\u00fchrung kommen. Bedauerlicherweise gelingt die Umsetzung aller dieser Richtlinien selten, obwohl sich fast alle L\u00e4nder zur Anerkennung dieser Rechte bereit erkl\u00e4rt haben.<\/p>\n<hr \/>\n<h2 style=\"margin-bottom: 10px;\"><img loading=\"lazy\" decoding=\"async\" class=\"alignleft  wp-image-22797\" title=\"Inwiefern sind Kinder vom Rechtswesen betroffen? \u00a9 Jamehand\" alt=\"\" src=\"https:\/\/www.humanium.org\/fr\/wp-content\/uploads\/2012\/07\/enfant_victime_Jamehand_flickr-150x150.jpg\" width=\"140\" height=\"140\" \/><a href=\"https:\/\/www.humanium.org\/de\/kinder-im-justizsystem\/\">Inwiefern sind Kinder vom Rechtswesen betroffen?<\/a><\/h2>\n<p>Kinder kommen aus vielen Gr\u00fcnden mit dem Justizsystem in Ber\u00fchrung: sie k\u00f6nnen mit dem Gesetz in Konflikt kommen oder sind auch Opfer und Zeugen von Straftaten. Kinder, die     mit dem Gesetz in Konflikt stehen, haben oft eine Regelwidrigkeit begangen. Da sie ein  &#8222;Kriminalit\u00e4tsrisiko\u201c darstellen, sind sie Opfer von ungerechtfertigten beh\u00f6rdlichen Ma\u00dfnahmen oder sind Illegale oder Asylbewerber.<\/p>\n<hr \/>\n<h2 style=\"margin-bottom: 10px;\"><img loading=\"lazy\" decoding=\"async\" class=\"alignleft  wp-image-22798\" title=\"Jugendstrafrecht \u00a9 Connie Coleman\" alt=\"\" src=\"https:\/\/www.humanium.org\/fr\/wp-content\/uploads\/2012\/07\/age_Connie_Coleman-150x132.jpg\" width=\"140\" height=\"140\" \/><a href=\"https:\/\/www.humanium.org\/de\/minderjahrigenrecht\/\">Jugendstrafrecht<\/a><\/h2>\n<p>Jugendrecht handelt von Kindern. Um ihre Rechte durchzusetzen, m\u00fcssen diese an ihre Bed\u00fcrfnisse angepasst werden, ob sie nun strafrechtlich verantwortlich sind oder nicht. Das Wohlergehen der Kinder ist von gr\u00f6\u00dfter Bedeutung und jede Entscheidung sollte gut durchdacht sein, um nicht ihren Interessen zu schaden oder sie zu gef\u00e4hrden. Das gerichtliche Verfahren muss schnell neutrale Entscheidungen treffen, die die Schwere der Straftat sowie den Kontext mit ber\u00fccksichtigen. Daf\u00fcr brauchen wir eine spezielle Justiz f\u00fcr Kinder als einen separaten Dienst mit entsprechend geschultem Personal. Ergangene Urteile k\u00f6nnen sehr unterschiedlich sein und h\u00e4ngen ab von der Art der Straftat, den Umst\u00e4nden  sowie dem Land, in dem die Verhandlung stattfindet. Im Idealfall ist es am besten,  eine Verhaftung zu vermeiden.<\/p>\n<hr \/>\n<h2 style=\"margin-bottom: 10px;\"><img loading=\"lazy\" decoding=\"async\" class=\"alignleft  wp-image-22799\" title=\"Inhaftierte Kinder \u00a9 Michel de Nijs\" alt=\"\" src=\"https:\/\/www.humanium.org\/fr\/wp-content\/uploads\/2012\/07\/enfant_prison_Michel_de_Nijs_gettyimage1-150x150.jpg\" width=\"140\" height=\"140\" \/><a href=\"https:\/\/www.humanium.org\/de\/inhaftierte-kinder\/\">Inhaftierte Kinder<\/a><\/h2>\n<p>Weltweit werden Kinder regelm\u00e4\u00dfig festgenommen. Das Alter und die Haftbedingungen sind unterschiedlich und variieren von Land zu Land. Ihre Interessen und Bed\u00fcrfnisse sollen zwar respektiert werden, und doch werden sie oft zum Opfer von Vernachl\u00e4ssigung und Missbrauch. In allen F\u00e4llen hat die Haft eine negative Auswirkung auf die Entwicklung und Zukunft der Kinder.<\/p>\n<hr \/>\n<h2 style=\"margin-bottom: 10px;\"><img loading=\"lazy\" decoding=\"async\" class=\"alignleft  wp-image-22861\" title=\"Die Auswirkungen einer Konfrontation der Kinder mit dem Rechtswesen \u00a9 Juanmonino (gettyimage)\" alt=\"\" src=\"https:\/\/www.humanium.org\/fr\/wp-content\/uploads\/2012\/07\/enfants_menottes_Juanmonino_gettyimage-e1343391017591.jpg\" width=\"140\" height=\"140\" \/><a href=\"https:\/\/www.humanium.org\/de\/auswirkungen\/\">Die Auswirkungen einer Konfrontation der Kinder mit dem Rechtswesen<\/a><\/h2>\n<p>Die Auswirkungen eines solchen Zusammentreffens konzentrieren sich auf Kinder, die mit dem Gesetz in Konflikt stehen  und die ihrer Freiheit beraubt wurden. Ob das Personal fair mit Justiz und Entscheidungen umgeht oder nicht, hat einen erheblichen Einfluss auf das Leben der Kinder.<\/p>\n<hr \/>\n<p>&nbsp;<\/p>\n<div id=\"toggle\"><\/div>\n<div id=\"sources_box\" style=\"display: none;\">\n<ul>\n<li><a title=\"R\u00e8gle de Beijing\" href=\"http:\/\/www.ohchr.org\/EN\/ProfessionalInterest\/Pages\/BeijingRules.aspx\" target=\"_blank\">Ensemble de r\u00e8gles minima des Nations Unies concernant l&#8217;administration de la justice pour mineurs (R\u00e8gles de Beijing)<\/a><\/li>\n<li><a title=\"Principes de Riyad\" href=\"http:\/\/www.ohchr.org\/EN\/ProfessionalInterest\/Pages\/PreventionOfJuvenileDelinquency.aspx\" target=\"_blank\">Principes directeurs des Nations Unies pour la pr\u00e9vention de la d\u00e9linquance juv\u00e9nile, (Principes de Riyad<\/a>)<\/li>\n<li>Directives relatives aux enfants dans le syst\u00e8me de la justice p\u00e9nale<\/li>\n<li><a title=\"R\u00e8gles de la Havane\" href=\"http:\/\/www.un.org\/en\/ga\/search\/view_doc.asp?symbol=A\/RES\/45\/113&amp;Lang=E&amp;Area=RESOLUTION\" target=\"_blank\">R\u00e8gles des Nations Unies pour la protection des mineurs priv\u00e9s de libert\u00e9 (R\u00e8gles de la Havane)<\/a><\/li>\n<li><a title=\"Lignes directrices de l'ONU en mati\u00e8re de justice des enfants t\u00e9moins et victimes\" href=\"http:\/\/www.unodc.org\/pdf\/criminal_justice\/Guidelines_F.pdf\" target=\"_blank\">Lignes directrices de l\u2019Organisation des Nations Unies en mati\u00e8re de justice dans les affaires impliquant les enfants victimes et t\u00e9moins d\u2019actes criminels<\/a>, (version pour enfant)<\/li>\n<li><a title=\"Indicateurs de la justice pour mineurs\" href=\"http:\/\/www.unodc.org\/documents\/justice-and-prison-reform\/08-55686_Ebook_french.pdf\" target=\"_blank\">Manuel de mesure des indicateurs de la justice pour mineurs<\/a><\/li>\n<li><a title=\"Children and justice during and after armed conflict\" href=\"http:\/\/www.crin.org\/en\/docs\/Children%20and%20Justice.pdf\" target=\"_blank\">Children and justice during and after armed conflict<\/a>, par le rapporteur sp\u00e9cial de l\u2019ONU, 2011<\/li>\n<li><a title=\"Enfants en prison en raison des circonstances\" href=\"http:\/\/www.quno.org\/\" target=\"_blank\">Quaker United Nations Office : Enfants en prison en raison des circonstances<\/a>, 2008<\/li>\n<li><a title=\"Justice or children\" href=\"https:\/\/www.unicef.org\/protection\/57929_57999.html\" target=\"_blank\">UNICEF : Justice for Children<\/a>, 2011<\/li>\n<li><a title=\"Traditional justice system\" href=\"https:\/\/www.unicef.org\/protection\/57929_57999.html\" target=\"_blank\">UNICEF : Traditional Justice Systems in the Pacific, Indonesia and Timor-Leste<\/a>, 2009<\/li>\n<li><a title=\"OIJJ\" href=\"http:\/\/www.oijj.org\/\" target=\"_blank\">Observatoire international de justice juv\u00e9nile <\/a><\/li>\n<li><a title=\"CRIN\" href=\"http:\/\/www.crin.org\/en\/library\/news-archive\/armed-conflict-uncertainty-remains-over-prosecuting-child-soldiers-war-crimes\" target=\"_blank\">SOS Children\u2019s villages Canada: Uncertainty remains over prosecuting child soldiers for war crimes<\/a>, 2011<\/li>\n<li><a title=\"Children still prison despite the law\" href=\"http:\/\/www.irinnews.org\/report\/93100\/drc-children-still-prison-despite-law\" target=\"_blank\">Irin newy : DRC &#8211; children still in prison despite law<\/a>, 2011<\/li>\n<li><a title=\"EJI\" href=\"https:\/\/eji.org\/children-prison\" target=\"_blank\">EJI : Children in Adult Prison<\/a><\/li>\n<li>Des Enfants en prison en Palestine et dans le monde, M\u00e9decine et Guerre Nucl\u00e9aire, Volume 20, No.3, 2005.<\/li>\n<li>DEI Pays-bas : KIDS BEHIND BARS A study on children in conflict with the law: towards investing in prevention, stopping incarceration and meeting international standards, 2003<\/li>\n<li><a title=\"NRV\" href=\"http:\/\/collectif-nrv.over-blog.fr\/article-on-ne-grandit-pas-en-prison-44726786.html\" target=\"_blank\">Collectif NRV : On ne grandit pas en prison !<\/a>, 2010<\/li>\n<li><a title=\"Enfants en prison au Sierra Leone\" href=\"http:\/\/worldpress.org\/Africa\/3712.cfm\" target=\"_blank\">Worldpress : The abandonned child of Sierra Leone<\/a>, 2011<\/li>\n<li>D\u00e9claration d&#8217;Amnesty International devant le Conseil des droits de l&#8217;homme, 2012<\/li>\n<li><a title=\"Death Penalty Database\" href=\"http:\/\/www.deathpenaltyworldwide.org\/\" target=\"_blank\">Death Penalty Database &#8211; Minors and death penalty<\/a><\/li>\n<li>The Psychological Effects of Imprisonment, 2000<\/li>\n<\/ul>\n<\/div>\n<p>&nbsp;<\/p>\n<div id=\"toggle\"><\/div>\n<div id=\"plus_loin_box\" style=\"display: none;\">\n<ul>\n<li><a title=\"Pas d&#039;enfant derri\u00e8re les barreaux\" href=\"http:\/\/www.dei-belgique.be\/fr\/\">DEI Belgien<\/a><\/li>\n<li><a title=\"International detention coalition\" href=\"https:\/\/www.crin.org\/en\/docs\/Campaign%20endorsment%20FR%20Version.pdf\" target=\"_blank\">International Detention coalition : p\u00e9tition contre l\u2019emprisonnement d\u2019enfants pour des raisons d\u2019immigration <\/a><\/li>\n<\/ul>\n<\/div>\n<p>&nbsp;<\/p>\n<table>\n<tbody style=\"background: #f9f9f9;\">\n<tr>\n<td>\n<div style=\"float: left; width: 55%;\">Geschrieben von : Marie Rivolet<br \/>\n\u00dcbersetzt von : Lena Kater<br \/>\nBewertet von : Tabea Wolf-Fourman<\/div>\n<\/td>\n<\/tr>\n<\/tbody>\n<\/table>\n<table>\n<tbody style=\"background: #f9f9f9;\">\n<tr>\n<td>\n<div style=\"float: left; width: 90%;\">Verfasst am 28. Juli 2013<\/div>\n<\/td>\n<\/tr>\n<\/tbody>\n<\/table>\n","protected":false},"excerpt":{"rendered":"<p>Rechtspflege bei Kindern Was bedeutet Rechtspflege? Es gibt zwei Formen der Rechtspflege. Die erste, traditionelle Rechtspflege nimmt ihren Ursprung von antiken, kleinen, sich selbst verwaltenden Gesellschaften und basiert auf Br\u00e4uchen und traditionellen \u00dcberzeugungen der Gemeinden. Moderne Rechtspflege, auf die sich die vorliegende Diskussion haupts\u00e4chlich bezieht, wird vom Staat verwaltet. Sie beinhaltet mehrere Stufen von der [&hellip;]<\/p>\n","protected":false},"author":1,"featured_media":0,"parent":0,"menu_order":0,"comment_status":"closed","ping_status":"closed","template":"","meta":{"footnotes":""},"class_list":["post-1970","page","type-page","status-publish","hentry"],"yoast_head":"<!-- This site is optimized with the Yoast SEO plugin v26.5 - https:\/\/yoast.com\/wordpress\/plugins\/seo\/ -->\n<title>Rechtspflege bei Kindern - Humanium<\/title>\n<meta name=\"robots\" content=\"index, follow, max-snippet:-1, max-image-preview:large, max-video-preview:-1\" \/>\n<link rel=\"canonical\" href=\"https:\/\/www.humanium.org\/de\/rechtspflege-bei-kindern\/\" \/>\n<meta property=\"og:locale\" content=\"de_DE\" \/>\n<meta property=\"og:type\" content=\"article\" \/>\n<meta property=\"og:title\" content=\"Rechtspflege bei Kindern - Humanium\" \/>\n<meta property=\"og:description\" content=\"Rechtspflege bei Kindern Was bedeutet Rechtspflege? Es gibt zwei Formen der Rechtspflege. Die erste, traditionelle Rechtspflege nimmt ihren Ursprung von antiken, kleinen, sich selbst verwaltenden Gesellschaften und basiert auf Br\u00e4uchen und traditionellen \u00dcberzeugungen der Gemeinden. Moderne Rechtspflege, auf die sich die vorliegende Diskussion haupts\u00e4chlich bezieht, wird vom Staat verwaltet. Sie beinhaltet mehrere Stufen von der [&hellip;]\" \/>\n<meta property=\"og:url\" content=\"https:\/\/www.humanium.org\/de\/rechtspflege-bei-kindern\/\" \/>\n<meta property=\"og:site_name\" content=\"Humanium\" \/>\n<meta property=\"article:modified_time\" content=\"2025-12-06T06:25:40+00:00\" \/>\n<meta name=\"twitter:card\" content=\"summary_large_image\" \/>\n<meta name=\"twitter:label1\" content=\"Gesch\u00e4tzte Lesezeit\" \/>\n\t<meta name=\"twitter:data1\" content=\"4\u00a0Minuten\" \/>\n<script type=\"application\/ld+json\" class=\"yoast-schema-graph\">{\"@context\":\"https:\/\/schema.org\",\"@graph\":[{\"@type\":\"WebPage\",\"@id\":\"https:\/\/www.humanium.org\/de\/rechtspflege-bei-kindern\/\",\"url\":\"https:\/\/www.humanium.org\/de\/rechtspflege-bei-kindern\/\",\"name\":\"Rechtspflege bei Kindern - Humanium\",\"isPartOf\":{\"@id\":\"https:\/\/www.humanium.org\/de\/#website\"},\"primaryImageOfPage\":{\"@id\":\"https:\/\/www.humanium.org\/de\/rechtspflege-bei-kindern\/#primaryimage\"},\"image\":{\"@id\":\"https:\/\/www.humanium.org\/de\/rechtspflege-bei-kindern\/#primaryimage\"},\"thumbnailUrl\":\"https:\/\/www.humanium.org\/fr\/wp-content\/uploads\/2012\/07\/balance_Stockbyte_gettyimage1-150x150.jpg\",\"datePublished\":\"2013-08-08T14:25:31+00:00\",\"dateModified\":\"2025-12-06T06:25:40+00:00\",\"breadcrumb\":{\"@id\":\"https:\/\/www.humanium.org\/de\/rechtspflege-bei-kindern\/#breadcrumb\"},\"inLanguage\":\"de\",\"potentialAction\":[{\"@type\":\"ReadAction\",\"target\":[\"https:\/\/www.humanium.org\/de\/rechtspflege-bei-kindern\/\"]}]},{\"@type\":\"ImageObject\",\"inLanguage\":\"de\",\"@id\":\"https:\/\/www.humanium.org\/de\/rechtspflege-bei-kindern\/#primaryimage\",\"url\":\"https:\/\/www.humanium.org\/fr\/wp-content\/uploads\/2012\/07\/balance_Stockbyte_gettyimage1-150x150.jpg\",\"contentUrl\":\"https:\/\/www.humanium.org\/fr\/wp-content\/uploads\/2012\/07\/balance_Stockbyte_gettyimage1-150x150.jpg\"},{\"@type\":\"BreadcrumbList\",\"@id\":\"https:\/\/www.humanium.org\/de\/rechtspflege-bei-kindern\/#breadcrumb\",\"itemListElement\":[{\"@type\":\"ListItem\",\"position\":1,\"name\":\"Home\",\"item\":\"https:\/\/www.humanium.org\/de\/\"},{\"@type\":\"ListItem\",\"position\":2,\"name\":\"Rechtspflege bei Kindern\"}]},{\"@type\":\"WebSite\",\"@id\":\"https:\/\/www.humanium.org\/de\/#website\",\"url\":\"https:\/\/www.humanium.org\/de\/\",\"name\":\"Humanium\",\"description\":\"Kinder zuerst!\",\"potentialAction\":[{\"@type\":\"SearchAction\",\"target\":{\"@type\":\"EntryPoint\",\"urlTemplate\":\"https:\/\/www.humanium.org\/de\/?s={search_term_string}\"},\"query-input\":{\"@type\":\"PropertyValueSpecification\",\"valueRequired\":true,\"valueName\":\"search_term_string\"}}],\"inLanguage\":\"de\"}]}<\/script>\n<!-- \/ Yoast SEO plugin. -->","yoast_head_json":{"title":"Rechtspflege bei Kindern - Humanium","robots":{"index":"index","follow":"follow","max-snippet":"max-snippet:-1","max-image-preview":"max-image-preview:large","max-video-preview":"max-video-preview:-1"},"canonical":"https:\/\/www.humanium.org\/de\/rechtspflege-bei-kindern\/","og_locale":"de_DE","og_type":"article","og_title":"Rechtspflege bei Kindern - Humanium","og_description":"Rechtspflege bei Kindern Was bedeutet Rechtspflege? Es gibt zwei Formen der Rechtspflege. Die erste, traditionelle Rechtspflege nimmt ihren Ursprung von antiken, kleinen, sich selbst verwaltenden Gesellschaften und basiert auf Br\u00e4uchen und traditionellen \u00dcberzeugungen der Gemeinden. Moderne Rechtspflege, auf die sich die vorliegende Diskussion haupts\u00e4chlich bezieht, wird vom Staat verwaltet. Sie beinhaltet mehrere Stufen von der [&hellip;]","og_url":"https:\/\/www.humanium.org\/de\/rechtspflege-bei-kindern\/","og_site_name":"Humanium","article_modified_time":"2025-12-06T06:25:40+00:00","twitter_card":"summary_large_image","twitter_misc":{"Gesch\u00e4tzte Lesezeit":"4\u00a0Minuten"},"schema":{"@context":"https:\/\/schema.org","@graph":[{"@type":"WebPage","@id":"https:\/\/www.humanium.org\/de\/rechtspflege-bei-kindern\/","url":"https:\/\/www.humanium.org\/de\/rechtspflege-bei-kindern\/","name":"Rechtspflege bei Kindern - Humanium","isPartOf":{"@id":"https:\/\/www.humanium.org\/de\/#website"},"primaryImageOfPage":{"@id":"https:\/\/www.humanium.org\/de\/rechtspflege-bei-kindern\/#primaryimage"},"image":{"@id":"https:\/\/www.humanium.org\/de\/rechtspflege-bei-kindern\/#primaryimage"},"thumbnailUrl":"https:\/\/www.humanium.org\/fr\/wp-content\/uploads\/2012\/07\/balance_Stockbyte_gettyimage1-150x150.jpg","datePublished":"2013-08-08T14:25:31+00:00","dateModified":"2025-12-06T06:25:40+00:00","breadcrumb":{"@id":"https:\/\/www.humanium.org\/de\/rechtspflege-bei-kindern\/#breadcrumb"},"inLanguage":"de","potentialAction":[{"@type":"ReadAction","target":["https:\/\/www.humanium.org\/de\/rechtspflege-bei-kindern\/"]}]},{"@type":"ImageObject","inLanguage":"de","@id":"https:\/\/www.humanium.org\/de\/rechtspflege-bei-kindern\/#primaryimage","url":"https:\/\/www.humanium.org\/fr\/wp-content\/uploads\/2012\/07\/balance_Stockbyte_gettyimage1-150x150.jpg","contentUrl":"https:\/\/www.humanium.org\/fr\/wp-content\/uploads\/2012\/07\/balance_Stockbyte_gettyimage1-150x150.jpg"},{"@type":"BreadcrumbList","@id":"https:\/\/www.humanium.org\/de\/rechtspflege-bei-kindern\/#breadcrumb","itemListElement":[{"@type":"ListItem","position":1,"name":"Home","item":"https:\/\/www.humanium.org\/de\/"},{"@type":"ListItem","position":2,"name":"Rechtspflege bei Kindern"}]},{"@type":"WebSite","@id":"https:\/\/www.humanium.org\/de\/#website","url":"https:\/\/www.humanium.org\/de\/","name":"Humanium","description":"Kinder zuerst!","potentialAction":[{"@type":"SearchAction","target":{"@type":"EntryPoint","urlTemplate":"https:\/\/www.humanium.org\/de\/?s={search_term_string}"},"query-input":{"@type":"PropertyValueSpecification","valueRequired":true,"valueName":"search_term_string"}}],"inLanguage":"de"}]}},"_links":{"self":[{"href":"https:\/\/www.humanium.org\/de\/wp-json\/wp\/v2\/pages\/1970","targetHints":{"allow":["GET"]}}],"collection":[{"href":"https:\/\/www.humanium.org\/de\/wp-json\/wp\/v2\/pages"}],"about":[{"href":"https:\/\/www.humanium.org\/de\/wp-json\/wp\/v2\/types\/page"}],"author":[{"embeddable":true,"href":"https:\/\/www.humanium.org\/de\/wp-json\/wp\/v2\/users\/1"}],"replies":[{"embeddable":true,"href":"https:\/\/www.humanium.org\/de\/wp-json\/wp\/v2\/comments?post=1970"}],"version-history":[{"count":16,"href":"https:\/\/www.humanium.org\/de\/wp-json\/wp\/v2\/pages\/1970\/revisions"}],"predecessor-version":[{"id":20728,"href":"https:\/\/www.humanium.org\/de\/wp-json\/wp\/v2\/pages\/1970\/revisions\/20728"}],"wp:attachment":[{"href":"https:\/\/www.humanium.org\/de\/wp-json\/wp\/v2\/media?parent=1970"}],"curies":[{"name":"wp","href":"https:\/\/api.w.org\/{rel}","templated":true}]}}