{"id":2059,"date":"2013-08-25T13:05:04","date_gmt":"2013-08-25T13:05:04","guid":{"rendered":"http:\/\/www.humanium.org\/de\/?page_id=2059"},"modified":"2025-10-19T10:36:11","modified_gmt":"2025-10-19T10:36:11","slug":"verstehen","status":"publish","type":"page","link":"https:\/\/www.humanium.org\/de\/verstehen\/","title":{"rendered":"Definitionen zum besseren Verst\u00e4ndnis der verschiedenen Rechte der Kinder"},"content":{"rendered":"\n<h1 class=\"wp-block-heading\">Definitionen zum besseren Verst\u00e4ndnis der verschiedenen Rechte der Kinder<\/h1>\n\n\n\n<p>Die Anwendung, Umsetzung und Auslegung der 8 fundamentalen Kinderrechte wird durch die <a href=\"https:\/\/www.humanium.org\/de\/die-richtlinien-der-kinderrechtskonvention\/\">4 Grunds\u00e4tze der Kinderrechtskonvention<\/a>, den Grunds\u00e4tzen der <a href=\"https:\/\/www.humanium.org\/de\/der-grundsatz-der-nichtdiskriminierung\/\">Nichtdiskriminierung<\/a>, <a href=\"https:\/\/www.humanium.org\/de\/der-grundsatz-des-wohl-des-kindes\/\">des &#8222;Wohl des Kindes&#8220;<\/a>, <a href=\"https:\/\/www.humanium.org\/de\/der-grundsatz-vom-leben-ueberleben-und-der-entwicklung\/\">vom Leben, \u00dcberleben und der Entwicklung<\/a> sowie der <a href=\"https:\/\/www.humanium.org\/de\/der-grundsatz-der-inklusion-und-mitbestimmung\/\">Inklusion und Mitbestimmung<\/a>, geleitet und bestimmt.<\/p>\n\n\n\n<div class=\"wp-block-media-text is-stacked-on-mobile\" style=\"grid-template-columns:18% auto\"><figure class=\"wp-block-media-text__media\"><img decoding=\"async\" src=\"https:\/\/www.humanium.org\/en\/wp-content\/uploads\/2025\/10\/shutterstock_1151340122_edited.jpeg\" alt=\"\" class=\"wp-image-84968 size-full\"\/><\/figure><div class=\"wp-block-media-text__content\">\n<h2 class=\"wp-block-heading\"><a href=\"https:\/\/www.humanium.org\/de\/recht-leben\/\"><a href=\"https:\/\/www.humanium.org\/de\/recht-leben\/\" target=\"_blank\" rel=\"noreferrer noopener\">Das Recht auf Leben<\/a><\/a><\/h2>\n\n\n\n<p>Das Recht auf Leben gilt als das grundlegendste Menschenrecht und umfasst den Schutz und die Erhaltung des Lebens f\u00fcr alle.<\/p>\n<\/div><\/div>\n\n\n\n<div class=\"wp-block-media-text is-stacked-on-mobile\" style=\"grid-template-columns:18% auto\"><figure class=\"wp-block-media-text__media\"><img decoding=\"async\" src=\"https:\/\/www.humanium.org\/en\/wp-content\/uploads\/2025\/10\/shutterstock_2212403943_edited.jpeg\" alt=\"\" class=\"wp-image-84969 size-full\"\/><\/figure><div class=\"wp-block-media-text__content\">\n<h2 class=\"wp-block-heading\"><a href=\"https:\/\/www.humanium.org\/de\/recht-bildung-weltweit\/\"><a href=\"https:\/\/www.humanium.org\/de\/recht-bildung-weltweit\/\" target=\"_blank\" rel=\"noreferrer noopener\">Das Recht auf Bildung<\/a><\/a><\/h2>\n\n\n\n<p>Jedes Kind hat das Recht auf eine hochwertige Bildung. Dieser Grundsatz ist in internationalen Vereinbarungen verankert und gilt als entscheidend f\u00fcr die individuelle und gesellschaftliche Entwicklung.<\/p>\n<\/div><\/div>\n\n\n\n<div class=\"wp-block-media-text is-stacked-on-mobile\" style=\"grid-template-columns:18% auto\"><figure class=\"wp-block-media-text__media\"><img decoding=\"async\" src=\"https:\/\/www.humanium.org\/en\/wp-content\/uploads\/2025\/10\/shutterstock_2137006005_edited.jpeg\" alt=\"\" class=\"wp-image-84970 size-full\"\/><\/figure><div class=\"wp-block-media-text__content\">\n<h2 class=\"wp-block-heading\"><a href=\"https:\/\/www.humanium.org\/de\/recht-nahrung\/\">Das Recht auf Nahrung<\/a><\/h2>\n\n\n\n<p>Das Recht auf angemessene Nahrung ist ein grundlegendes Menschenrecht. Ohne dieses Recht sind Kinder psychischen und physischen Gesundheitsrisiken ausgesetzt, die schlimmstenfalls lebensbedrohlich sein k\u00f6nnen.<\/p>\n<\/div><\/div>\n\n\n\n<div class=\"wp-block-media-text is-stacked-on-mobile\" style=\"grid-template-columns:18% auto\"><figure class=\"wp-block-media-text__media\"><img decoding=\"async\" src=\"https:\/\/www.humanium.org\/en\/wp-content\/uploads\/2025\/10\/shutterstock_1427743757_edited.jpeg\" alt=\"\" class=\"wp-image-84971 size-full\"\/><\/figure><div class=\"wp-block-media-text__content\">\n<h2 class=\"wp-block-heading\"><a href=\"https:\/\/www.humanium.org\/de\/recht-wasser\/\">Das Recht auf Wasser<\/a><\/h2>\n\n\n\n<p>Wasser ist ein grundlegendes Recht f\u00fcr alle, und doch wird seine Bedeutung oft \u00fcbersehen. F\u00fcr viele bleibt das Recht auf Wasser eher ein theoretisches Versprechen als eine gelebte Realit\u00e4t.<\/p>\n<\/div><\/div>\n\n\n\n<div class=\"wp-block-media-text is-stacked-on-mobile\" style=\"grid-template-columns:18% auto\"><figure class=\"wp-block-media-text__media\"><img decoding=\"async\" src=\"https:\/\/www.humanium.org\/en\/wp-content\/uploads\/2025\/10\/shutterstock_2012367962_edited.jpeg\" alt=\"\" class=\"wp-image-84972 size-full\"\/><\/figure><div class=\"wp-block-media-text__content\">\n<h2 class=\"wp-block-heading\"><a href=\"https:\/\/www.humanium.org\/en\/fundamental-rights-2\/health\/\"><a href=\"https:\/\/www.humanium.org\/de\/das-recht-auf-gesundheit\/\" target=\"_blank\" rel=\"noreferrer noopener\">Das Recht auf Gesundheit<\/a><\/a><\/h2>\n\n\n\n<p>Gem\u00e4\u00df der UN-Kinderrechtskonvention stellt das Recht auf Gesundheit ein grundlegendes Recht f\u00fcr jedes Kind dar. Die v\u00f6lkerrechtliche \u00dcbereinkunft sichert allen Kindern einen unver\u00e4u\u00dferlichen Anspruch auf den bestm\u00f6glichen Gesundheitsstandard zu.<\/p>\n<\/div><\/div>\n\n\n\n<div class=\"wp-block-media-text is-stacked-on-mobile\" style=\"grid-template-columns:18% auto\"><figure class=\"wp-block-media-text__media\"><img decoding=\"async\" src=\"https:\/\/www.humanium.org\/en\/wp-content\/uploads\/2025\/10\/shutterstock_2464725521_edited-2.jpeg\" alt=\"\" class=\"wp-image-84973 size-full\"\/><\/figure><div class=\"wp-block-media-text__content\">\n<h2 class=\"wp-block-heading\"><a href=\"https:\/\/www.humanium.org\/de\/recht-auf-identitat\/\">Das Recht auf Identit\u00e4t<\/a><\/h2>\n\n\n\n<p>Jedes Kind hat von Geburt an ein unver\u00e4u\u00dferliches Recht auf Identit\u00e4t. Dieses grundlegende Menschenrecht ist f\u00fcr Kinder von gro\u00dfer Bedeutung, da es ihre Existenz in der Gesellschaft best\u00e4tigt und ihre Einzigartigkeit anerkennt.<\/p>\n<\/div><\/div>\n\n\n\n<div class=\"wp-block-media-text is-stacked-on-mobile\" style=\"grid-template-columns:18% auto\"><figure class=\"wp-block-media-text__media\"><img decoding=\"async\" src=\"https:\/\/www.humanium.org\/en\/wp-content\/uploads\/2025\/10\/shutterstock_1776910436_edited.jpeg\" alt=\"\" class=\"wp-image-84974 size-full\"\/><\/figure><div class=\"wp-block-media-text__content\">\n<h2 class=\"wp-block-heading\"><a href=\"https:\/\/www.humanium.org\/de\/recht-freiheit\/\">Das Recht auf Freiheit<\/a><\/h2>\n\n\n\n<p>Das Recht auf Freiheit ist ein v\u00f6lkerrechtlich gesch\u00fctztes Grundrecht, das allen Menschen, auch Kindern, zusteht.<\/p>\n<\/div><\/div>\n\n\n\n<div class=\"wp-block-media-text is-stacked-on-mobile\" style=\"grid-template-columns:18% auto\"><figure class=\"wp-block-media-text__media\"><img decoding=\"async\" src=\"https:\/\/www.humanium.org\/en\/wp-content\/uploads\/2025\/10\/shutterstock_2610552077_edited.jpeg\" alt=\"\" class=\"wp-image-84975 size-full\"\/><\/figure><div class=\"wp-block-media-text__content\">\n<h2 class=\"wp-block-heading\"><a href=\"https:\/\/www.humanium.org\/de\/das-recht-auf-schutz\/\"><a href=\"https:\/\/www.humanium.org\/de\/das-recht-auf-schutz\/\" target=\"_blank\" rel=\"noreferrer noopener\">Das Recht auf Schutz<\/a><\/a><\/h2>\n\n\n\n<p>Alle Kinder haben Anspruch auf Grundrechte, die sie vor Leid, einschlie\u00dflich Missbrauch, Ausbeutung, Vernachl\u00e4ssigung und anderen Gefahren f\u00fcr ihr k\u00f6rperliches und geistiges Wohlbefinden, sch\u00fctzen.<\/p>\n<\/div><\/div>\n","protected":false},"excerpt":{"rendered":"<p>Definitionen zum besseren Verst\u00e4ndnis der verschiedenen Rechte der Kinder Die Anwendung, Umsetzung und Auslegung der 8 fundamentalen Kinderrechte wird durch die 4 Grunds\u00e4tze der Kinderrechtskonvention, den Grunds\u00e4tzen der Nichtdiskriminierung, des &#8222;Wohl des Kindes&#8220;, vom Leben, \u00dcberleben und der Entwicklung sowie der Inklusion und Mitbestimmung, geleitet und bestimmt. Das Recht auf Leben Das Recht auf Leben [&hellip;]<\/p>\n","protected":false},"author":1,"featured_media":0,"parent":0,"menu_order":0,"comment_status":"closed","ping_status":"closed","template":"","meta":{"footnotes":""},"class_list":["post-2059","page","type-page","status-publish","hentry"],"yoast_head":"<!-- This site is optimized with the Yoast SEO plugin v26.5 - https:\/\/yoast.com\/wordpress\/plugins\/seo\/ -->\n<title>Definitionen zum besseren Verst\u00e4ndnis der verschiedenen Rechte der Kinder - Humanium<\/title>\n<meta name=\"robots\" content=\"index, follow, max-snippet:-1, max-image-preview:large, max-video-preview:-1\" \/>\n<link rel=\"canonical\" href=\"https:\/\/www.humanium.org\/de\/verstehen\/\" \/>\n<meta property=\"og:locale\" content=\"de_DE\" \/>\n<meta property=\"og:type\" content=\"article\" \/>\n<meta property=\"og:title\" content=\"Definitionen zum besseren Verst\u00e4ndnis der verschiedenen Rechte der Kinder - Humanium\" \/>\n<meta property=\"og:description\" content=\"Definitionen zum besseren Verst\u00e4ndnis der verschiedenen Rechte der Kinder Die Anwendung, Umsetzung und Auslegung der 8 fundamentalen Kinderrechte wird durch die 4 Grunds\u00e4tze der Kinderrechtskonvention, den Grunds\u00e4tzen der Nichtdiskriminierung, des &#8222;Wohl des Kindes&#8220;, vom Leben, \u00dcberleben und der Entwicklung sowie der Inklusion und Mitbestimmung, geleitet und bestimmt. Das Recht auf Leben Das Recht auf Leben [&hellip;]\" \/>\n<meta property=\"og:url\" content=\"https:\/\/www.humanium.org\/de\/verstehen\/\" \/>\n<meta property=\"og:site_name\" content=\"Humanium\" \/>\n<meta property=\"article:modified_time\" content=\"2025-10-19T10:36:11+00:00\" \/>\n<meta name=\"twitter:card\" content=\"summary_large_image\" \/>\n<meta name=\"twitter:label1\" content=\"Gesch\u00e4tzte Lesezeit\" \/>\n\t<meta name=\"twitter:data1\" content=\"4\u00a0Minuten\" \/>\n<script type=\"application\/ld+json\" class=\"yoast-schema-graph\">{\"@context\":\"https:\/\/schema.org\",\"@graph\":[{\"@type\":\"WebPage\",\"@id\":\"https:\/\/www.humanium.org\/de\/verstehen\/\",\"url\":\"https:\/\/www.humanium.org\/de\/verstehen\/\",\"name\":\"Definitionen zum besseren Verst\u00e4ndnis der verschiedenen Rechte der Kinder - Humanium\",\"isPartOf\":{\"@id\":\"https:\/\/www.humanium.org\/de\/#website\"},\"primaryImageOfPage\":{\"@id\":\"https:\/\/www.humanium.org\/de\/verstehen\/#primaryimage\"},\"image\":{\"@id\":\"https:\/\/www.humanium.org\/de\/verstehen\/#primaryimage\"},\"thumbnailUrl\":\"https:\/\/www.humanium.org\/en\/wp-content\/uploads\/2025\/10\/shutterstock_1151340122_edited.jpeg\",\"datePublished\":\"2013-08-25T13:05:04+00:00\",\"dateModified\":\"2025-10-19T10:36:11+00:00\",\"breadcrumb\":{\"@id\":\"https:\/\/www.humanium.org\/de\/verstehen\/#breadcrumb\"},\"inLanguage\":\"de\",\"potentialAction\":[{\"@type\":\"ReadAction\",\"target\":[\"https:\/\/www.humanium.org\/de\/verstehen\/\"]}]},{\"@type\":\"ImageObject\",\"inLanguage\":\"de\",\"@id\":\"https:\/\/www.humanium.org\/de\/verstehen\/#primaryimage\",\"url\":\"https:\/\/www.humanium.org\/en\/wp-content\/uploads\/2025\/10\/shutterstock_1151340122_edited.jpeg\",\"contentUrl\":\"https:\/\/www.humanium.org\/en\/wp-content\/uploads\/2025\/10\/shutterstock_1151340122_edited.jpeg\"},{\"@type\":\"BreadcrumbList\",\"@id\":\"https:\/\/www.humanium.org\/de\/verstehen\/#breadcrumb\",\"itemListElement\":[{\"@type\":\"ListItem\",\"position\":1,\"name\":\"Home\",\"item\":\"https:\/\/www.humanium.org\/de\/\"},{\"@type\":\"ListItem\",\"position\":2,\"name\":\"Definitionen zum besseren Verst\u00e4ndnis der verschiedenen Rechte der Kinder\"}]},{\"@type\":\"WebSite\",\"@id\":\"https:\/\/www.humanium.org\/de\/#website\",\"url\":\"https:\/\/www.humanium.org\/de\/\",\"name\":\"Humanium\",\"description\":\"Kinder zuerst!\",\"potentialAction\":[{\"@type\":\"SearchAction\",\"target\":{\"@type\":\"EntryPoint\",\"urlTemplate\":\"https:\/\/www.humanium.org\/de\/?s={search_term_string}\"},\"query-input\":{\"@type\":\"PropertyValueSpecification\",\"valueRequired\":true,\"valueName\":\"search_term_string\"}}],\"inLanguage\":\"de\"}]}<\/script>\n<!-- \/ Yoast SEO plugin. -->","yoast_head_json":{"title":"Definitionen zum besseren Verst\u00e4ndnis der verschiedenen Rechte der Kinder - Humanium","robots":{"index":"index","follow":"follow","max-snippet":"max-snippet:-1","max-image-preview":"max-image-preview:large","max-video-preview":"max-video-preview:-1"},"canonical":"https:\/\/www.humanium.org\/de\/verstehen\/","og_locale":"de_DE","og_type":"article","og_title":"Definitionen zum besseren Verst\u00e4ndnis der verschiedenen Rechte der Kinder - Humanium","og_description":"Definitionen zum besseren Verst\u00e4ndnis der verschiedenen Rechte der Kinder Die Anwendung, Umsetzung und Auslegung der 8 fundamentalen Kinderrechte wird durch die 4 Grunds\u00e4tze der Kinderrechtskonvention, den Grunds\u00e4tzen der Nichtdiskriminierung, des &#8222;Wohl des Kindes&#8220;, vom Leben, \u00dcberleben und der Entwicklung sowie der Inklusion und Mitbestimmung, geleitet und bestimmt. Das Recht auf Leben Das Recht auf Leben [&hellip;]","og_url":"https:\/\/www.humanium.org\/de\/verstehen\/","og_site_name":"Humanium","article_modified_time":"2025-10-19T10:36:11+00:00","twitter_card":"summary_large_image","twitter_misc":{"Gesch\u00e4tzte Lesezeit":"4\u00a0Minuten"},"schema":{"@context":"https:\/\/schema.org","@graph":[{"@type":"WebPage","@id":"https:\/\/www.humanium.org\/de\/verstehen\/","url":"https:\/\/www.humanium.org\/de\/verstehen\/","name":"Definitionen zum besseren Verst\u00e4ndnis der verschiedenen Rechte der Kinder - Humanium","isPartOf":{"@id":"https:\/\/www.humanium.org\/de\/#website"},"primaryImageOfPage":{"@id":"https:\/\/www.humanium.org\/de\/verstehen\/#primaryimage"},"image":{"@id":"https:\/\/www.humanium.org\/de\/verstehen\/#primaryimage"},"thumbnailUrl":"https:\/\/www.humanium.org\/en\/wp-content\/uploads\/2025\/10\/shutterstock_1151340122_edited.jpeg","datePublished":"2013-08-25T13:05:04+00:00","dateModified":"2025-10-19T10:36:11+00:00","breadcrumb":{"@id":"https:\/\/www.humanium.org\/de\/verstehen\/#breadcrumb"},"inLanguage":"de","potentialAction":[{"@type":"ReadAction","target":["https:\/\/www.humanium.org\/de\/verstehen\/"]}]},{"@type":"ImageObject","inLanguage":"de","@id":"https:\/\/www.humanium.org\/de\/verstehen\/#primaryimage","url":"https:\/\/www.humanium.org\/en\/wp-content\/uploads\/2025\/10\/shutterstock_1151340122_edited.jpeg","contentUrl":"https:\/\/www.humanium.org\/en\/wp-content\/uploads\/2025\/10\/shutterstock_1151340122_edited.jpeg"},{"@type":"BreadcrumbList","@id":"https:\/\/www.humanium.org\/de\/verstehen\/#breadcrumb","itemListElement":[{"@type":"ListItem","position":1,"name":"Home","item":"https:\/\/www.humanium.org\/de\/"},{"@type":"ListItem","position":2,"name":"Definitionen zum besseren Verst\u00e4ndnis der verschiedenen Rechte der Kinder"}]},{"@type":"WebSite","@id":"https:\/\/www.humanium.org\/de\/#website","url":"https:\/\/www.humanium.org\/de\/","name":"Humanium","description":"Kinder zuerst!","potentialAction":[{"@type":"SearchAction","target":{"@type":"EntryPoint","urlTemplate":"https:\/\/www.humanium.org\/de\/?s={search_term_string}"},"query-input":{"@type":"PropertyValueSpecification","valueRequired":true,"valueName":"search_term_string"}}],"inLanguage":"de"}]}},"_links":{"self":[{"href":"https:\/\/www.humanium.org\/de\/wp-json\/wp\/v2\/pages\/2059","targetHints":{"allow":["GET"]}}],"collection":[{"href":"https:\/\/www.humanium.org\/de\/wp-json\/wp\/v2\/pages"}],"about":[{"href":"https:\/\/www.humanium.org\/de\/wp-json\/wp\/v2\/types\/page"}],"author":[{"embeddable":true,"href":"https:\/\/www.humanium.org\/de\/wp-json\/wp\/v2\/users\/1"}],"replies":[{"embeddable":true,"href":"https:\/\/www.humanium.org\/de\/wp-json\/wp\/v2\/comments?post=2059"}],"version-history":[{"count":12,"href":"https:\/\/www.humanium.org\/de\/wp-json\/wp\/v2\/pages\/2059\/revisions"}],"predecessor-version":[{"id":19037,"href":"https:\/\/www.humanium.org\/de\/wp-json\/wp\/v2\/pages\/2059\/revisions\/19037"}],"wp:attachment":[{"href":"https:\/\/www.humanium.org\/de\/wp-json\/wp\/v2\/media?parent=2059"}],"curies":[{"name":"wp","href":"https:\/\/api.w.org\/{rel}","templated":true}]}}