{"id":2084,"date":"2013-08-13T12:22:22","date_gmt":"2013-08-13T12:22:22","guid":{"rendered":"http:\/\/www.humanium.org\/de\/?page_id=2084"},"modified":"2024-05-18T07:23:41","modified_gmt":"2024-05-18T07:23:41","slug":"armut","status":"publish","type":"page","link":"https:\/\/www.humanium.org\/de\/themenschwerpunkte\/armut\/","title":{"rendered":"Armut"},"content":{"rendered":"\n<div class=\"wp-block-group\"><div class=\"wp-block-group__inner-container is-layout-constrained wp-block-group-is-layout-constrained\">\n<div class=\"wp-block-group\"><div class=\"wp-block-group__inner-container is-layout-constrained wp-block-group-is-layout-constrained\">\n<h1>Armut<\/h1>\n<hr align=\"left\" size=\"4\" width=\"20%\" \/>\n<h2 style=\"margin-bottom: 10px;\"><a href=\"https:\/\/www.humanium.org\/de\/kinderarmut\/\" target=\"_blank\" rel=\"noopener\"><img loading=\"lazy\" decoding=\"async\" class=\"wp-image-17666 alignleft\" src=\"https:\/\/www.humanium.org\/de\/wp-content\/uploads\/2024\/05\/Shutterstock_635352692-2-300x300.jpg\" alt=\"\" width=\"153\" height=\"153\" srcset=\"https:\/\/www.humanium.org\/de\/wp-content\/uploads\/2024\/05\/Shutterstock_635352692-2-300x300.jpg 300w, https:\/\/www.humanium.org\/de\/wp-content\/uploads\/2024\/05\/Shutterstock_635352692-2-150x150.jpg 150w, https:\/\/www.humanium.org\/de\/wp-content\/uploads\/2024\/05\/Shutterstock_635352692-2-768x768.jpg 768w, https:\/\/www.humanium.org\/de\/wp-content\/uploads\/2024\/05\/Shutterstock_635352692-2-830x830.jpg 830w, https:\/\/www.humanium.org\/de\/wp-content\/uploads\/2024\/05\/Shutterstock_635352692-2-230x230.jpg 230w, https:\/\/www.humanium.org\/de\/wp-content\/uploads\/2024\/05\/Shutterstock_635352692-2-350x350.jpg 350w, https:\/\/www.humanium.org\/de\/wp-content\/uploads\/2024\/05\/Shutterstock_635352692-2-480x480.jpg 480w, https:\/\/www.humanium.org\/de\/wp-content\/uploads\/2024\/05\/Shutterstock_635352692-2.jpg 900w\" sizes=\"auto, (max-width: 153px) 100vw, 153px\" \/>Arme Kinder<\/a><\/h2>\n<p style=\"margin-bottom: 1px;\">Kinderarmut ist f\u00fcr Millionen von Kindern auf der ganzen Welt eine schreckliche Realit\u00e4t. Sch\u00e4tzungen zufolge leben 385 Millionen Kinder in extremer Armut. Die Hauptursachen sind nach wie vor der Mangel an leistbarer Unterkunft, existierende Niedriglohnjobs und der fehlende Zugang zu grundlegenden Dingen.<\/p>\n<hr \/>\n<h2 style=\"margin-bottom: 10px;\"><a href=\"https:\/\/www.humanium.org\/de\/strasenkinder\/\" target=\"_blank\" rel=\"noopener\"><img loading=\"lazy\" decoding=\"async\" class=\"wp-image-17667 alignleft\" src=\"https:\/\/www.humanium.org\/de\/wp-content\/uploads\/2024\/05\/Shutterstock_331225082-300x300.jpg\" alt=\"\" width=\"154\" height=\"154\" srcset=\"https:\/\/www.humanium.org\/de\/wp-content\/uploads\/2024\/05\/Shutterstock_331225082-300x300.jpg 300w, https:\/\/www.humanium.org\/de\/wp-content\/uploads\/2024\/05\/Shutterstock_331225082-150x150.jpg 150w, https:\/\/www.humanium.org\/de\/wp-content\/uploads\/2024\/05\/Shutterstock_331225082-768x768.jpg 768w, https:\/\/www.humanium.org\/de\/wp-content\/uploads\/2024\/05\/Shutterstock_331225082-830x830.jpg 830w, https:\/\/www.humanium.org\/de\/wp-content\/uploads\/2024\/05\/Shutterstock_331225082-230x230.jpg 230w, https:\/\/www.humanium.org\/de\/wp-content\/uploads\/2024\/05\/Shutterstock_331225082-350x350.jpg 350w, https:\/\/www.humanium.org\/de\/wp-content\/uploads\/2024\/05\/Shutterstock_331225082-480x480.jpg 480w, https:\/\/www.humanium.org\/de\/wp-content\/uploads\/2024\/05\/Shutterstock_331225082.jpg 900w\" sizes=\"auto, (max-width: 154px) 100vw, 154px\" \/>Stra\u00dfenkinder<\/a><\/h2>\n<p>Aus zahlreichen Gr\u00fcnden \u2013 vor allem Armut, Krieg, fr\u00fchere Gewalt und Misshandlung, Ausbeutung und Verzweiflung \u2013 werden Kinder \u00fcberall auf der Welt obdachlos und m\u00fcssen sich auf der Stra\u00dfe durchschlagen.<\/p>\n<hr \/>\n<h2 style=\"margin-bottom: 10px;\"><a href=\"https:\/\/www.humanium.org\/de\/kinder-in-stadtischen-gebieten\/\" target=\"_blank\" rel=\"noopener\"><img loading=\"lazy\" decoding=\"async\" class=\" wp-image-17543 alignleft\" src=\"https:\/\/www.humanium.org\/de\/wp-content\/uploads\/2024\/04\/Shutterstock_1279710976-1-300x300.jpg\" alt=\"\" width=\"148\" height=\"148\" srcset=\"https:\/\/www.humanium.org\/de\/wp-content\/uploads\/2024\/04\/Shutterstock_1279710976-1-300x300.jpg 300w, https:\/\/www.humanium.org\/de\/wp-content\/uploads\/2024\/04\/Shutterstock_1279710976-1-150x150.jpg 150w, https:\/\/www.humanium.org\/de\/wp-content\/uploads\/2024\/04\/Shutterstock_1279710976-1-768x768.jpg 768w, https:\/\/www.humanium.org\/de\/wp-content\/uploads\/2024\/04\/Shutterstock_1279710976-1-830x830.jpg 830w, https:\/\/www.humanium.org\/de\/wp-content\/uploads\/2024\/04\/Shutterstock_1279710976-1-230x230.jpg 230w, https:\/\/www.humanium.org\/de\/wp-content\/uploads\/2024\/04\/Shutterstock_1279710976-1-350x350.jpg 350w, https:\/\/www.humanium.org\/de\/wp-content\/uploads\/2024\/04\/Shutterstock_1279710976-1-480x480.jpg 480w, https:\/\/www.humanium.org\/de\/wp-content\/uploads\/2024\/04\/Shutterstock_1279710976-1.jpg 900w\" sizes=\"auto, (max-width: 148px) 100vw, 148px\" \/>Kinder in st\u00e4dtischen Gebieten<\/a><\/h2>\n<p style=\"margin-bottom: 1px;\">Unterern\u00e4hrung, ungleiche Gesundheitsversorgung, ungleiche Bildungschancen, Luftverschmutzung und Stra\u00dfenverkehr sowie Gewalt und Missbrauch sind einige der schwerwiegenden Probleme, die Kinder in st\u00e4dtischen Gebieten betreffen.<\/p>\n<hr \/>\n<h2><img loading=\"lazy\" decoding=\"async\" class=\" wp-image-17561 alignleft\" src=\"https:\/\/www.humanium.org\/de\/wp-content\/uploads\/2024\/04\/Shutterstock_2440871751-1-300x300.jpg\" alt=\"\" width=\"150\" height=\"150\" srcset=\"https:\/\/www.humanium.org\/de\/wp-content\/uploads\/2024\/04\/Shutterstock_2440871751-1-300x300.jpg 300w, https:\/\/www.humanium.org\/de\/wp-content\/uploads\/2024\/04\/Shutterstock_2440871751-1-1024x1024.jpg 1024w, https:\/\/www.humanium.org\/de\/wp-content\/uploads\/2024\/04\/Shutterstock_2440871751-1-150x150.jpg 150w, https:\/\/www.humanium.org\/de\/wp-content\/uploads\/2024\/04\/Shutterstock_2440871751-1-768x768.jpg 768w, https:\/\/www.humanium.org\/de\/wp-content\/uploads\/2024\/04\/Shutterstock_2440871751-1-1536x1536.jpg 1536w, https:\/\/www.humanium.org\/de\/wp-content\/uploads\/2024\/04\/Shutterstock_2440871751-1-830x830.jpg 830w, https:\/\/www.humanium.org\/de\/wp-content\/uploads\/2024\/04\/Shutterstock_2440871751-1-230x230.jpg 230w, https:\/\/www.humanium.org\/de\/wp-content\/uploads\/2024\/04\/Shutterstock_2440871751-1-350x350.jpg 350w, https:\/\/www.humanium.org\/de\/wp-content\/uploads\/2024\/04\/Shutterstock_2440871751-1-480x480.jpg 480w, https:\/\/www.humanium.org\/de\/wp-content\/uploads\/2024\/04\/Shutterstock_2440871751-1.jpg 1575w\" sizes=\"auto, (max-width: 150px) 100vw, 150px\" \/><a href=\"https:\/\/www.humanium.org\/de\/kinder-im-laendlichen-raum\/\" target=\"_blank\" rel=\"noopener\">Kinder im l\u00e4ndlichen Raum<\/a><\/h2>\n<p>Die Herausforderungen, denen Kinder im l\u00e4ndlichen Raum begegnen, sind meist mit Armut, fehlendem Bildungszugang oder Transportzugang und Gewaltt\u00e4tigkeit verbunden.\u00a0<\/p>\n<hr \/>\n<\/div><\/div>\n<\/div><\/div>\n","protected":false},"excerpt":{"rendered":"<p>Armut Arme Kinder Kinderarmut ist f\u00fcr Millionen von Kindern auf der ganzen Welt eine schreckliche Realit\u00e4t. Sch\u00e4tzungen zufolge leben 385 Millionen Kinder in extremer Armut. Die Hauptursachen sind nach wie vor der Mangel an leistbarer Unterkunft, existierende Niedriglohnjobs und der fehlende Zugang zu grundlegenden Dingen. Stra\u00dfenkinder Aus zahlreichen Gr\u00fcnden \u2013 vor allem Armut, Krieg, fr\u00fchere [&hellip;]<\/p>\n","protected":false},"author":1,"featured_media":0,"parent":1858,"menu_order":0,"comment_status":"closed","ping_status":"closed","template":"","meta":{"footnotes":""},"class_list":["post-2084","page","type-page","status-publish","hentry"],"yoast_head":"<!-- This site is optimized with the Yoast SEO plugin v26.5 - https:\/\/yoast.com\/wordpress\/plugins\/seo\/ -->\n<title>Armut - Humanium<\/title>\n<meta name=\"robots\" content=\"index, follow, max-snippet:-1, max-image-preview:large, max-video-preview:-1\" \/>\n<link rel=\"canonical\" href=\"https:\/\/www.humanium.org\/de\/themenschwerpunkte\/armut\/\" \/>\n<meta property=\"og:locale\" content=\"de_DE\" \/>\n<meta property=\"og:type\" content=\"article\" \/>\n<meta property=\"og:title\" content=\"Armut - Humanium\" \/>\n<meta property=\"og:description\" content=\"Armut Arme Kinder Kinderarmut ist f\u00fcr Millionen von Kindern auf der ganzen Welt eine schreckliche Realit\u00e4t. Sch\u00e4tzungen zufolge leben 385 Millionen Kinder in extremer Armut. Die Hauptursachen sind nach wie vor der Mangel an leistbarer Unterkunft, existierende Niedriglohnjobs und der fehlende Zugang zu grundlegenden Dingen. Stra\u00dfenkinder Aus zahlreichen Gr\u00fcnden \u2013 vor allem Armut, Krieg, fr\u00fchere [&hellip;]\" \/>\n<meta property=\"og:url\" content=\"https:\/\/www.humanium.org\/de\/themenschwerpunkte\/armut\/\" \/>\n<meta property=\"og:site_name\" content=\"Humanium\" \/>\n<meta property=\"article:modified_time\" content=\"2024-05-18T07:23:41+00:00\" \/>\n<meta property=\"og:image\" content=\"https:\/\/www.humanium.org\/de\/wp-content\/uploads\/2024\/05\/Shutterstock_635352692-2-300x300.jpg\" \/>\n<meta name=\"twitter:card\" content=\"summary_large_image\" \/>\n<meta name=\"twitter:label1\" content=\"Gesch\u00e4tzte Lesezeit\" \/>\n\t<meta name=\"twitter:data1\" content=\"2\u00a0Minuten\" \/>\n<script type=\"application\/ld+json\" class=\"yoast-schema-graph\">{\"@context\":\"https:\/\/schema.org\",\"@graph\":[{\"@type\":\"WebPage\",\"@id\":\"https:\/\/www.humanium.org\/de\/themenschwerpunkte\/armut\/\",\"url\":\"https:\/\/www.humanium.org\/de\/themenschwerpunkte\/armut\/\",\"name\":\"Armut - Humanium\",\"isPartOf\":{\"@id\":\"https:\/\/www.humanium.org\/de\/#website\"},\"primaryImageOfPage\":{\"@id\":\"https:\/\/www.humanium.org\/de\/themenschwerpunkte\/armut\/#primaryimage\"},\"image\":{\"@id\":\"https:\/\/www.humanium.org\/de\/themenschwerpunkte\/armut\/#primaryimage\"},\"thumbnailUrl\":\"https:\/\/www.humanium.org\/de\/wp-content\/uploads\/2024\/05\/Shutterstock_635352692-2-300x300.jpg\",\"datePublished\":\"2013-08-13T12:22:22+00:00\",\"dateModified\":\"2024-05-18T07:23:41+00:00\",\"breadcrumb\":{\"@id\":\"https:\/\/www.humanium.org\/de\/themenschwerpunkte\/armut\/#breadcrumb\"},\"inLanguage\":\"de\",\"potentialAction\":[{\"@type\":\"ReadAction\",\"target\":[\"https:\/\/www.humanium.org\/de\/themenschwerpunkte\/armut\/\"]}]},{\"@type\":\"ImageObject\",\"inLanguage\":\"de\",\"@id\":\"https:\/\/www.humanium.org\/de\/themenschwerpunkte\/armut\/#primaryimage\",\"url\":\"https:\/\/www.humanium.org\/de\/wp-content\/uploads\/2024\/05\/Shutterstock_635352692-2.jpg\",\"contentUrl\":\"https:\/\/www.humanium.org\/de\/wp-content\/uploads\/2024\/05\/Shutterstock_635352692-2.jpg\",\"width\":900,\"height\":900},{\"@type\":\"BreadcrumbList\",\"@id\":\"https:\/\/www.humanium.org\/de\/themenschwerpunkte\/armut\/#breadcrumb\",\"itemListElement\":[{\"@type\":\"ListItem\",\"position\":1,\"name\":\"Home\",\"item\":\"https:\/\/www.humanium.org\/de\/\"},{\"@type\":\"ListItem\",\"position\":2,\"name\":\"Themenschwerpunkte\",\"item\":\"https:\/\/www.humanium.org\/de\/themenschwerpunkte\/\"},{\"@type\":\"ListItem\",\"position\":3,\"name\":\"Armut\"}]},{\"@type\":\"WebSite\",\"@id\":\"https:\/\/www.humanium.org\/de\/#website\",\"url\":\"https:\/\/www.humanium.org\/de\/\",\"name\":\"Humanium\",\"description\":\"Kinder zuerst!\",\"potentialAction\":[{\"@type\":\"SearchAction\",\"target\":{\"@type\":\"EntryPoint\",\"urlTemplate\":\"https:\/\/www.humanium.org\/de\/?s={search_term_string}\"},\"query-input\":{\"@type\":\"PropertyValueSpecification\",\"valueRequired\":true,\"valueName\":\"search_term_string\"}}],\"inLanguage\":\"de\"}]}<\/script>\n<!-- \/ Yoast SEO plugin. -->","yoast_head_json":{"title":"Armut - Humanium","robots":{"index":"index","follow":"follow","max-snippet":"max-snippet:-1","max-image-preview":"max-image-preview:large","max-video-preview":"max-video-preview:-1"},"canonical":"https:\/\/www.humanium.org\/de\/themenschwerpunkte\/armut\/","og_locale":"de_DE","og_type":"article","og_title":"Armut - Humanium","og_description":"Armut Arme Kinder Kinderarmut ist f\u00fcr Millionen von Kindern auf der ganzen Welt eine schreckliche Realit\u00e4t. Sch\u00e4tzungen zufolge leben 385 Millionen Kinder in extremer Armut. Die Hauptursachen sind nach wie vor der Mangel an leistbarer Unterkunft, existierende Niedriglohnjobs und der fehlende Zugang zu grundlegenden Dingen. Stra\u00dfenkinder Aus zahlreichen Gr\u00fcnden \u2013 vor allem Armut, Krieg, fr\u00fchere [&hellip;]","og_url":"https:\/\/www.humanium.org\/de\/themenschwerpunkte\/armut\/","og_site_name":"Humanium","article_modified_time":"2024-05-18T07:23:41+00:00","og_image":[{"url":"https:\/\/www.humanium.org\/de\/wp-content\/uploads\/2024\/05\/Shutterstock_635352692-2-300x300.jpg","type":"","width":"","height":""}],"twitter_card":"summary_large_image","twitter_misc":{"Gesch\u00e4tzte Lesezeit":"2\u00a0Minuten"},"schema":{"@context":"https:\/\/schema.org","@graph":[{"@type":"WebPage","@id":"https:\/\/www.humanium.org\/de\/themenschwerpunkte\/armut\/","url":"https:\/\/www.humanium.org\/de\/themenschwerpunkte\/armut\/","name":"Armut - Humanium","isPartOf":{"@id":"https:\/\/www.humanium.org\/de\/#website"},"primaryImageOfPage":{"@id":"https:\/\/www.humanium.org\/de\/themenschwerpunkte\/armut\/#primaryimage"},"image":{"@id":"https:\/\/www.humanium.org\/de\/themenschwerpunkte\/armut\/#primaryimage"},"thumbnailUrl":"https:\/\/www.humanium.org\/de\/wp-content\/uploads\/2024\/05\/Shutterstock_635352692-2-300x300.jpg","datePublished":"2013-08-13T12:22:22+00:00","dateModified":"2024-05-18T07:23:41+00:00","breadcrumb":{"@id":"https:\/\/www.humanium.org\/de\/themenschwerpunkte\/armut\/#breadcrumb"},"inLanguage":"de","potentialAction":[{"@type":"ReadAction","target":["https:\/\/www.humanium.org\/de\/themenschwerpunkte\/armut\/"]}]},{"@type":"ImageObject","inLanguage":"de","@id":"https:\/\/www.humanium.org\/de\/themenschwerpunkte\/armut\/#primaryimage","url":"https:\/\/www.humanium.org\/de\/wp-content\/uploads\/2024\/05\/Shutterstock_635352692-2.jpg","contentUrl":"https:\/\/www.humanium.org\/de\/wp-content\/uploads\/2024\/05\/Shutterstock_635352692-2.jpg","width":900,"height":900},{"@type":"BreadcrumbList","@id":"https:\/\/www.humanium.org\/de\/themenschwerpunkte\/armut\/#breadcrumb","itemListElement":[{"@type":"ListItem","position":1,"name":"Home","item":"https:\/\/www.humanium.org\/de\/"},{"@type":"ListItem","position":2,"name":"Themenschwerpunkte","item":"https:\/\/www.humanium.org\/de\/themenschwerpunkte\/"},{"@type":"ListItem","position":3,"name":"Armut"}]},{"@type":"WebSite","@id":"https:\/\/www.humanium.org\/de\/#website","url":"https:\/\/www.humanium.org\/de\/","name":"Humanium","description":"Kinder zuerst!","potentialAction":[{"@type":"SearchAction","target":{"@type":"EntryPoint","urlTemplate":"https:\/\/www.humanium.org\/de\/?s={search_term_string}"},"query-input":{"@type":"PropertyValueSpecification","valueRequired":true,"valueName":"search_term_string"}}],"inLanguage":"de"}]}},"_links":{"self":[{"href":"https:\/\/www.humanium.org\/de\/wp-json\/wp\/v2\/pages\/2084","targetHints":{"allow":["GET"]}}],"collection":[{"href":"https:\/\/www.humanium.org\/de\/wp-json\/wp\/v2\/pages"}],"about":[{"href":"https:\/\/www.humanium.org\/de\/wp-json\/wp\/v2\/types\/page"}],"author":[{"embeddable":true,"href":"https:\/\/www.humanium.org\/de\/wp-json\/wp\/v2\/users\/1"}],"replies":[{"embeddable":true,"href":"https:\/\/www.humanium.org\/de\/wp-json\/wp\/v2\/comments?post=2084"}],"version-history":[{"count":12,"href":"https:\/\/www.humanium.org\/de\/wp-json\/wp\/v2\/pages\/2084\/revisions"}],"predecessor-version":[{"id":17670,"href":"https:\/\/www.humanium.org\/de\/wp-json\/wp\/v2\/pages\/2084\/revisions\/17670"}],"up":[{"embeddable":true,"href":"https:\/\/www.humanium.org\/de\/wp-json\/wp\/v2\/pages\/1858"}],"wp:attachment":[{"href":"https:\/\/www.humanium.org\/de\/wp-json\/wp\/v2\/media?parent=2084"}],"curies":[{"name":"wp","href":"https:\/\/api.w.org\/{rel}","templated":true}]}}