{"id":2089,"date":"2013-08-13T12:32:26","date_gmt":"2013-08-13T12:32:26","guid":{"rendered":"http:\/\/www.humanium.org\/de\/?page_id=2089"},"modified":"2024-05-18T07:01:05","modified_gmt":"2024-05-18T07:01:05","slug":"ausbeutung","status":"publish","type":"page","link":"https:\/\/www.humanium.org\/de\/themenschwerpunkte\/ausbeutung\/","title":{"rendered":"Ausbeutung"},"content":{"rendered":"<h1>Ausbeutung<\/h1>\n<hr align=\"left\" size=\"4\" width=\"23%\" \/>\n<h2 style=\"margin-bottom: 10px;\"><a href=\"https:\/\/www.humanium.org\/de\/kinderhandel\/\" target=\"_blank\" rel=\"noopener\"><img loading=\"lazy\" decoding=\"async\" class=\"wp-image-17661 alignleft\" src=\"https:\/\/www.humanium.org\/de\/wp-content\/uploads\/2024\/05\/Shutterstock_2151684551-300x300.jpg\" alt=\"\" width=\"149\" height=\"149\" srcset=\"https:\/\/www.humanium.org\/de\/wp-content\/uploads\/2024\/05\/Shutterstock_2151684551-300x300.jpg 300w, https:\/\/www.humanium.org\/de\/wp-content\/uploads\/2024\/05\/Shutterstock_2151684551-150x150.jpg 150w, https:\/\/www.humanium.org\/de\/wp-content\/uploads\/2024\/05\/Shutterstock_2151684551-768x768.jpg 768w, https:\/\/www.humanium.org\/de\/wp-content\/uploads\/2024\/05\/Shutterstock_2151684551-830x830.jpg 830w, https:\/\/www.humanium.org\/de\/wp-content\/uploads\/2024\/05\/Shutterstock_2151684551-230x230.jpg 230w, https:\/\/www.humanium.org\/de\/wp-content\/uploads\/2024\/05\/Shutterstock_2151684551-350x350.jpg 350w, https:\/\/www.humanium.org\/de\/wp-content\/uploads\/2024\/05\/Shutterstock_2151684551-480x480.jpg 480w, https:\/\/www.humanium.org\/de\/wp-content\/uploads\/2024\/05\/Shutterstock_2151684551.jpg 900w\" sizes=\"auto, (max-width: 149px) 100vw, 149px\" \/>Kinderhandel<\/a><\/h2>\n<p style=\"margin-bottom: 1px;\">Jedes Jahr werden weltweit mehr als 10.000 Menschen als Opfer von Menschenhandel identifiziert. Darunter sollen 13% M\u00e4dchen und 9% Jungen sein.\u00a0Diese Zahlen spiegeln allerdings nur den geringen Anteil von identifizierten Opfern wider.<\/p>\n<hr \/>\n<h2 style=\"margin-bottom: 10px;\"><a href=\"https:\/\/www.humanium.org\/de\/kinderarbeit-2\/\" target=\"_blank\" rel=\"noopener\"><img loading=\"lazy\" decoding=\"async\" class=\"wp-image-17659 alignleft\" src=\"https:\/\/www.humanium.org\/de\/wp-content\/uploads\/2024\/05\/Shutterstock_1383560885-300x300.jpg\" alt=\"\" width=\"150\" height=\"150\" srcset=\"https:\/\/www.humanium.org\/de\/wp-content\/uploads\/2024\/05\/Shutterstock_1383560885-300x300.jpg 300w, https:\/\/www.humanium.org\/de\/wp-content\/uploads\/2024\/05\/Shutterstock_1383560885-150x150.jpg 150w, https:\/\/www.humanium.org\/de\/wp-content\/uploads\/2024\/05\/Shutterstock_1383560885-768x768.jpg 768w, https:\/\/www.humanium.org\/de\/wp-content\/uploads\/2024\/05\/Shutterstock_1383560885-830x830.jpg 830w, https:\/\/www.humanium.org\/de\/wp-content\/uploads\/2024\/05\/Shutterstock_1383560885-230x230.jpg 230w, https:\/\/www.humanium.org\/de\/wp-content\/uploads\/2024\/05\/Shutterstock_1383560885-350x350.jpg 350w, https:\/\/www.humanium.org\/de\/wp-content\/uploads\/2024\/05\/Shutterstock_1383560885-480x480.jpg 480w, https:\/\/www.humanium.org\/de\/wp-content\/uploads\/2024\/05\/Shutterstock_1383560885.jpg 900w\" sizes=\"auto, (max-width: 150px) 100vw, 150px\" \/>Kinderarbeit<\/a><\/h2>\n<p style=\"margin-bottom: 1px;\">Kinderarbeit erstreckt sich \u00fcber viele verschiedene Ecken auf der ganzen Welt und tritt oft in diversen Bereichen auf, die sch\u00e4dliche Folgen f\u00fcr das schulische, gesundheitliche und psychologische Wohlergehen der Kinder haben k\u00f6nnen.<\/p>\n<hr \/>\n<h2 style=\"margin-bottom: 10px;\"><a href=\"https:\/\/www.humanium.org\/de\/die-sexuelle-ausbeutung-von-kindern\/\" target=\"_blank\" rel=\"noopener\"><img loading=\"lazy\" decoding=\"async\" class=\"wp-image-17658 alignleft\" src=\"https:\/\/www.humanium.org\/de\/wp-content\/uploads\/2024\/05\/Shutterstock_524953141-1-300x300.jpg\" alt=\"\" width=\"154\" height=\"154\" srcset=\"https:\/\/www.humanium.org\/de\/wp-content\/uploads\/2024\/05\/Shutterstock_524953141-1-300x300.jpg 300w, https:\/\/www.humanium.org\/de\/wp-content\/uploads\/2024\/05\/Shutterstock_524953141-1-150x150.jpg 150w, https:\/\/www.humanium.org\/de\/wp-content\/uploads\/2024\/05\/Shutterstock_524953141-1-768x768.jpg 768w, https:\/\/www.humanium.org\/de\/wp-content\/uploads\/2024\/05\/Shutterstock_524953141-1-830x830.jpg 830w, https:\/\/www.humanium.org\/de\/wp-content\/uploads\/2024\/05\/Shutterstock_524953141-1-230x230.jpg 230w, https:\/\/www.humanium.org\/de\/wp-content\/uploads\/2024\/05\/Shutterstock_524953141-1-350x350.jpg 350w, https:\/\/www.humanium.org\/de\/wp-content\/uploads\/2024\/05\/Shutterstock_524953141-1-480x480.jpg 480w, https:\/\/www.humanium.org\/de\/wp-content\/uploads\/2024\/05\/Shutterstock_524953141-1.jpg 900w\" sizes=\"auto, (max-width: 154px) 100vw, 154px\" \/>Sexuelle Ausbeutung von Kindern<\/a><\/h2>\n<p style=\"margin-bottom: 1px;\">Sexueller Missbrauch von Kindern ist ein weltweites Ph\u00e4nomen, das Kinder und Jugendliche unabh\u00e4ngig von Religion, wirtschaftlicher oder sozialer Klasse, Geschlecht oder ethnischer Zugeh\u00f6rigkeit betrifft.<\/p>\n<hr \/>\n<h2 style=\"margin-bottom: 10px;\"><a href=\"https:\/\/www.humanium.org\/de\/kinderprostitution\/\" target=\"_blank\" rel=\"noopener\"><img loading=\"lazy\" decoding=\"async\" class=\"wp-image-17636 alignleft\" src=\"https:\/\/www.humanium.org\/de\/wp-content\/uploads\/2024\/05\/Shutterstock_728761390-300x300.jpg\" alt=\"\" width=\"155\" height=\"155\" srcset=\"https:\/\/www.humanium.org\/de\/wp-content\/uploads\/2024\/05\/Shutterstock_728761390-300x300.jpg 300w, https:\/\/www.humanium.org\/de\/wp-content\/uploads\/2024\/05\/Shutterstock_728761390-150x150.jpg 150w, https:\/\/www.humanium.org\/de\/wp-content\/uploads\/2024\/05\/Shutterstock_728761390-768x768.jpg 768w, https:\/\/www.humanium.org\/de\/wp-content\/uploads\/2024\/05\/Shutterstock_728761390-830x830.jpg 830w, https:\/\/www.humanium.org\/de\/wp-content\/uploads\/2024\/05\/Shutterstock_728761390-230x230.jpg 230w, https:\/\/www.humanium.org\/de\/wp-content\/uploads\/2024\/05\/Shutterstock_728761390-350x350.jpg 350w, https:\/\/www.humanium.org\/de\/wp-content\/uploads\/2024\/05\/Shutterstock_728761390-480x480.jpg 480w, https:\/\/www.humanium.org\/de\/wp-content\/uploads\/2024\/05\/Shutterstock_728761390.jpg 900w\" sizes=\"auto, (max-width: 155px) 100vw, 155px\" \/>Kinderprostitution<\/a><\/h2>\n<p style=\"margin-bottom: 1px;\">Jeden Tag sind Kinder in der ganzen Welt sch\u00e4dlichen Formen der Ausbeutung in der Prostitution ausgesetzt. Sie ist nicht auf eine bestimmte Region der Welt begrenzt und betrifft Jungen und M\u00e4dchen gleicherma\u00dfen.<\/p>\n<hr \/>\n","protected":false},"excerpt":{"rendered":"<p>Ausbeutung Kinderhandel Jedes Jahr werden weltweit mehr als 10.000 Menschen als Opfer von Menschenhandel identifiziert. Darunter sollen 13% M\u00e4dchen und 9% Jungen sein.\u00a0Diese Zahlen spiegeln allerdings nur den geringen Anteil von identifizierten Opfern wider. Kinderarbeit Kinderarbeit erstreckt sich \u00fcber viele verschiedene Ecken auf der ganzen Welt und tritt oft in diversen Bereichen auf, die sch\u00e4dliche [&hellip;]<\/p>\n","protected":false},"author":1,"featured_media":0,"parent":1858,"menu_order":0,"comment_status":"closed","ping_status":"closed","template":"","meta":{"footnotes":""},"class_list":["post-2089","page","type-page","status-publish","hentry"],"yoast_head":"<!-- This site is optimized with the Yoast SEO plugin v26.5 - https:\/\/yoast.com\/wordpress\/plugins\/seo\/ -->\n<title>Ausbeutung - Humanium<\/title>\n<meta name=\"robots\" content=\"index, follow, max-snippet:-1, max-image-preview:large, max-video-preview:-1\" \/>\n<link rel=\"canonical\" href=\"https:\/\/www.humanium.org\/de\/themenschwerpunkte\/ausbeutung\/\" \/>\n<meta property=\"og:locale\" content=\"de_DE\" \/>\n<meta property=\"og:type\" content=\"article\" \/>\n<meta property=\"og:title\" content=\"Ausbeutung - Humanium\" \/>\n<meta property=\"og:description\" content=\"Ausbeutung Kinderhandel Jedes Jahr werden weltweit mehr als 10.000 Menschen als Opfer von Menschenhandel identifiziert. Darunter sollen 13% M\u00e4dchen und 9% Jungen sein.\u00a0Diese Zahlen spiegeln allerdings nur den geringen Anteil von identifizierten Opfern wider. Kinderarbeit Kinderarbeit erstreckt sich \u00fcber viele verschiedene Ecken auf der ganzen Welt und tritt oft in diversen Bereichen auf, die sch\u00e4dliche [&hellip;]\" \/>\n<meta property=\"og:url\" content=\"https:\/\/www.humanium.org\/de\/themenschwerpunkte\/ausbeutung\/\" \/>\n<meta property=\"og:site_name\" content=\"Humanium\" \/>\n<meta property=\"article:modified_time\" content=\"2024-05-18T07:01:05+00:00\" \/>\n<meta property=\"og:image\" content=\"https:\/\/www.humanium.org\/de\/wp-content\/uploads\/2024\/05\/Shutterstock_2151684551-300x300.jpg\" \/>\n<meta name=\"twitter:card\" content=\"summary_large_image\" \/>\n<meta name=\"twitter:label1\" content=\"Gesch\u00e4tzte Lesezeit\" \/>\n\t<meta name=\"twitter:data1\" content=\"2\u00a0Minuten\" \/>\n<script type=\"application\/ld+json\" class=\"yoast-schema-graph\">{\"@context\":\"https:\/\/schema.org\",\"@graph\":[{\"@type\":\"WebPage\",\"@id\":\"https:\/\/www.humanium.org\/de\/themenschwerpunkte\/ausbeutung\/\",\"url\":\"https:\/\/www.humanium.org\/de\/themenschwerpunkte\/ausbeutung\/\",\"name\":\"Ausbeutung - Humanium\",\"isPartOf\":{\"@id\":\"https:\/\/www.humanium.org\/de\/#website\"},\"primaryImageOfPage\":{\"@id\":\"https:\/\/www.humanium.org\/de\/themenschwerpunkte\/ausbeutung\/#primaryimage\"},\"image\":{\"@id\":\"https:\/\/www.humanium.org\/de\/themenschwerpunkte\/ausbeutung\/#primaryimage\"},\"thumbnailUrl\":\"https:\/\/www.humanium.org\/de\/wp-content\/uploads\/2024\/05\/Shutterstock_2151684551-300x300.jpg\",\"datePublished\":\"2013-08-13T12:32:26+00:00\",\"dateModified\":\"2024-05-18T07:01:05+00:00\",\"breadcrumb\":{\"@id\":\"https:\/\/www.humanium.org\/de\/themenschwerpunkte\/ausbeutung\/#breadcrumb\"},\"inLanguage\":\"de\",\"potentialAction\":[{\"@type\":\"ReadAction\",\"target\":[\"https:\/\/www.humanium.org\/de\/themenschwerpunkte\/ausbeutung\/\"]}]},{\"@type\":\"ImageObject\",\"inLanguage\":\"de\",\"@id\":\"https:\/\/www.humanium.org\/de\/themenschwerpunkte\/ausbeutung\/#primaryimage\",\"url\":\"https:\/\/www.humanium.org\/de\/wp-content\/uploads\/2024\/05\/Shutterstock_2151684551.jpg\",\"contentUrl\":\"https:\/\/www.humanium.org\/de\/wp-content\/uploads\/2024\/05\/Shutterstock_2151684551.jpg\",\"width\":900,\"height\":900},{\"@type\":\"BreadcrumbList\",\"@id\":\"https:\/\/www.humanium.org\/de\/themenschwerpunkte\/ausbeutung\/#breadcrumb\",\"itemListElement\":[{\"@type\":\"ListItem\",\"position\":1,\"name\":\"Home\",\"item\":\"https:\/\/www.humanium.org\/de\/\"},{\"@type\":\"ListItem\",\"position\":2,\"name\":\"Themenschwerpunkte\",\"item\":\"https:\/\/www.humanium.org\/de\/themenschwerpunkte\/\"},{\"@type\":\"ListItem\",\"position\":3,\"name\":\"Ausbeutung\"}]},{\"@type\":\"WebSite\",\"@id\":\"https:\/\/www.humanium.org\/de\/#website\",\"url\":\"https:\/\/www.humanium.org\/de\/\",\"name\":\"Humanium\",\"description\":\"Kinder zuerst!\",\"potentialAction\":[{\"@type\":\"SearchAction\",\"target\":{\"@type\":\"EntryPoint\",\"urlTemplate\":\"https:\/\/www.humanium.org\/de\/?s={search_term_string}\"},\"query-input\":{\"@type\":\"PropertyValueSpecification\",\"valueRequired\":true,\"valueName\":\"search_term_string\"}}],\"inLanguage\":\"de\"}]}<\/script>\n<!-- \/ Yoast SEO plugin. -->","yoast_head_json":{"title":"Ausbeutung - Humanium","robots":{"index":"index","follow":"follow","max-snippet":"max-snippet:-1","max-image-preview":"max-image-preview:large","max-video-preview":"max-video-preview:-1"},"canonical":"https:\/\/www.humanium.org\/de\/themenschwerpunkte\/ausbeutung\/","og_locale":"de_DE","og_type":"article","og_title":"Ausbeutung - Humanium","og_description":"Ausbeutung Kinderhandel Jedes Jahr werden weltweit mehr als 10.000 Menschen als Opfer von Menschenhandel identifiziert. Darunter sollen 13% M\u00e4dchen und 9% Jungen sein.\u00a0Diese Zahlen spiegeln allerdings nur den geringen Anteil von identifizierten Opfern wider. Kinderarbeit Kinderarbeit erstreckt sich \u00fcber viele verschiedene Ecken auf der ganzen Welt und tritt oft in diversen Bereichen auf, die sch\u00e4dliche [&hellip;]","og_url":"https:\/\/www.humanium.org\/de\/themenschwerpunkte\/ausbeutung\/","og_site_name":"Humanium","article_modified_time":"2024-05-18T07:01:05+00:00","og_image":[{"url":"https:\/\/www.humanium.org\/de\/wp-content\/uploads\/2024\/05\/Shutterstock_2151684551-300x300.jpg","type":"","width":"","height":""}],"twitter_card":"summary_large_image","twitter_misc":{"Gesch\u00e4tzte Lesezeit":"2\u00a0Minuten"},"schema":{"@context":"https:\/\/schema.org","@graph":[{"@type":"WebPage","@id":"https:\/\/www.humanium.org\/de\/themenschwerpunkte\/ausbeutung\/","url":"https:\/\/www.humanium.org\/de\/themenschwerpunkte\/ausbeutung\/","name":"Ausbeutung - Humanium","isPartOf":{"@id":"https:\/\/www.humanium.org\/de\/#website"},"primaryImageOfPage":{"@id":"https:\/\/www.humanium.org\/de\/themenschwerpunkte\/ausbeutung\/#primaryimage"},"image":{"@id":"https:\/\/www.humanium.org\/de\/themenschwerpunkte\/ausbeutung\/#primaryimage"},"thumbnailUrl":"https:\/\/www.humanium.org\/de\/wp-content\/uploads\/2024\/05\/Shutterstock_2151684551-300x300.jpg","datePublished":"2013-08-13T12:32:26+00:00","dateModified":"2024-05-18T07:01:05+00:00","breadcrumb":{"@id":"https:\/\/www.humanium.org\/de\/themenschwerpunkte\/ausbeutung\/#breadcrumb"},"inLanguage":"de","potentialAction":[{"@type":"ReadAction","target":["https:\/\/www.humanium.org\/de\/themenschwerpunkte\/ausbeutung\/"]}]},{"@type":"ImageObject","inLanguage":"de","@id":"https:\/\/www.humanium.org\/de\/themenschwerpunkte\/ausbeutung\/#primaryimage","url":"https:\/\/www.humanium.org\/de\/wp-content\/uploads\/2024\/05\/Shutterstock_2151684551.jpg","contentUrl":"https:\/\/www.humanium.org\/de\/wp-content\/uploads\/2024\/05\/Shutterstock_2151684551.jpg","width":900,"height":900},{"@type":"BreadcrumbList","@id":"https:\/\/www.humanium.org\/de\/themenschwerpunkte\/ausbeutung\/#breadcrumb","itemListElement":[{"@type":"ListItem","position":1,"name":"Home","item":"https:\/\/www.humanium.org\/de\/"},{"@type":"ListItem","position":2,"name":"Themenschwerpunkte","item":"https:\/\/www.humanium.org\/de\/themenschwerpunkte\/"},{"@type":"ListItem","position":3,"name":"Ausbeutung"}]},{"@type":"WebSite","@id":"https:\/\/www.humanium.org\/de\/#website","url":"https:\/\/www.humanium.org\/de\/","name":"Humanium","description":"Kinder zuerst!","potentialAction":[{"@type":"SearchAction","target":{"@type":"EntryPoint","urlTemplate":"https:\/\/www.humanium.org\/de\/?s={search_term_string}"},"query-input":{"@type":"PropertyValueSpecification","valueRequired":true,"valueName":"search_term_string"}}],"inLanguage":"de"}]}},"_links":{"self":[{"href":"https:\/\/www.humanium.org\/de\/wp-json\/wp\/v2\/pages\/2089","targetHints":{"allow":["GET"]}}],"collection":[{"href":"https:\/\/www.humanium.org\/de\/wp-json\/wp\/v2\/pages"}],"about":[{"href":"https:\/\/www.humanium.org\/de\/wp-json\/wp\/v2\/types\/page"}],"author":[{"embeddable":true,"href":"https:\/\/www.humanium.org\/de\/wp-json\/wp\/v2\/users\/1"}],"replies":[{"embeddable":true,"href":"https:\/\/www.humanium.org\/de\/wp-json\/wp\/v2\/comments?post=2089"}],"version-history":[{"count":15,"href":"https:\/\/www.humanium.org\/de\/wp-json\/wp\/v2\/pages\/2089\/revisions"}],"predecessor-version":[{"id":17665,"href":"https:\/\/www.humanium.org\/de\/wp-json\/wp\/v2\/pages\/2089\/revisions\/17665"}],"up":[{"embeddable":true,"href":"https:\/\/www.humanium.org\/de\/wp-json\/wp\/v2\/pages\/1858"}],"wp:attachment":[{"href":"https:\/\/www.humanium.org\/de\/wp-json\/wp\/v2\/media?parent=2089"}],"curies":[{"name":"wp","href":"https:\/\/api.w.org\/{rel}","templated":true}]}}