{"id":2093,"date":"2013-08-13T12:41:27","date_gmt":"2013-08-13T12:41:27","guid":{"rendered":"http:\/\/www.humanium.org\/de\/?page_id=2093"},"modified":"2024-09-08T18:46:58","modified_gmt":"2024-09-08T18:46:58","slug":"gewalt","status":"publish","type":"page","link":"https:\/\/www.humanium.org\/de\/themenschwerpunkte\/gewalt\/","title":{"rendered":"Gewalt"},"content":{"rendered":"<h1>Gewalt<\/h1>\n<hr align=\"left\" size=\"4\" width=\"18%\" \/>\n<h2 style=\"margin-bottom: 10px;\"><strong><a href=\"https:\/\/www.humanium.org\/de\/kinder-in-kriegen\/\"><img loading=\"lazy\" decoding=\"async\" class=\"wp-image-17634 alignleft\" src=\"https:\/\/www.humanium.org\/de\/wp-content\/uploads\/2024\/05\/Small-image-300x300.jpg\" alt=\"\" width=\"157\" height=\"157\" srcset=\"https:\/\/www.humanium.org\/de\/wp-content\/uploads\/2024\/05\/Small-image-300x300.jpg 300w, https:\/\/www.humanium.org\/de\/wp-content\/uploads\/2024\/05\/Small-image-150x150.jpg 150w, https:\/\/www.humanium.org\/de\/wp-content\/uploads\/2024\/05\/Small-image-768x768.jpg 768w, https:\/\/www.humanium.org\/de\/wp-content\/uploads\/2024\/05\/Small-image-830x830.jpg 830w, https:\/\/www.humanium.org\/de\/wp-content\/uploads\/2024\/05\/Small-image-230x230.jpg 230w, https:\/\/www.humanium.org\/de\/wp-content\/uploads\/2024\/05\/Small-image-350x350.jpg 350w, https:\/\/www.humanium.org\/de\/wp-content\/uploads\/2024\/05\/Small-image-480x480.jpg 480w, https:\/\/www.humanium.org\/de\/wp-content\/uploads\/2024\/05\/Small-image.jpg 900w\" sizes=\"auto, (max-width: 157px) 100vw, 157px\" \/>Kinder im Krieg<\/a><\/strong><\/h2>\n<p style=\"margin-bottom: 1px;\">Sch\u00e4tzungen zufolge leben derzeit \u00fcber 400 Millionen Kinder in L\u00e4ndern, in denen Kriege oder andere Arten von Gewaltkonflikten herrschen, und sind unverh\u00e4ltnism\u00e4\u00dfig oft blutigen und gewaltt\u00e4tigen Verbrechen ausgesetzt.<\/p>\n<hr \/>\n<h2 style=\"margin-bottom: 10px;\"><strong><a href=\"https:\/\/www.humanium.org\/de\/kindersoldaten\/\"><img loading=\"lazy\" decoding=\"async\" class=\"wp-image-17747 alignleft\" src=\"https:\/\/www.humanium.org\/de\/wp-content\/uploads\/2024\/06\/Shutterstock_1186227025-1-300x300.jpg\" alt=\"\" width=\"162\" height=\"162\" srcset=\"https:\/\/www.humanium.org\/de\/wp-content\/uploads\/2024\/06\/Shutterstock_1186227025-1-300x300.jpg 300w, https:\/\/www.humanium.org\/de\/wp-content\/uploads\/2024\/06\/Shutterstock_1186227025-1-150x150.jpg 150w, https:\/\/www.humanium.org\/de\/wp-content\/uploads\/2024\/06\/Shutterstock_1186227025-1-768x768.jpg 768w, https:\/\/www.humanium.org\/de\/wp-content\/uploads\/2024\/06\/Shutterstock_1186227025-1-830x830.jpg 830w, https:\/\/www.humanium.org\/de\/wp-content\/uploads\/2024\/06\/Shutterstock_1186227025-1-230x230.jpg 230w, https:\/\/www.humanium.org\/de\/wp-content\/uploads\/2024\/06\/Shutterstock_1186227025-1-350x350.jpg 350w, https:\/\/www.humanium.org\/de\/wp-content\/uploads\/2024\/06\/Shutterstock_1186227025-1-480x480.jpg 480w, https:\/\/www.humanium.org\/de\/wp-content\/uploads\/2024\/06\/Shutterstock_1186227025-1.jpg 900w\" sizes=\"auto, (max-width: 162px) 100vw, 162px\" \/>Kindersoldaten<\/a><\/strong><\/h2>\n<p style=\"margin-bottom: 1px;\">Ein Kindersoldat ist eine Person unter achtzehn Jahren, die zur Teilnahme an bewaffneten Konflikten zwangsrekrutiert wird. Diese Kinder werden ohne Vorwarnung und ungerechterweise in Kriege verwickelt, oft infolge von Ursachen wie Armut, Gewalt oder mangelnder Bildung.<\/p>\n<hr \/>\n<h2 style=\"margin-bottom: 10px;\"><a href=\"https:\/\/www.humanium.org\/de\/misshandlung\/\"><strong><img loading=\"lazy\" decoding=\"async\" class=\" wp-image-17930 alignleft\" src=\"https:\/\/www.humanium.org\/de\/wp-content\/uploads\/2024\/09\/Shutterstock_710271955-300x300.jpg\" alt=\"\" width=\"159\" height=\"159\" srcset=\"https:\/\/www.humanium.org\/de\/wp-content\/uploads\/2024\/09\/Shutterstock_710271955-300x300.jpg 300w, https:\/\/www.humanium.org\/de\/wp-content\/uploads\/2024\/09\/Shutterstock_710271955-150x150.jpg 150w, https:\/\/www.humanium.org\/de\/wp-content\/uploads\/2024\/09\/Shutterstock_710271955-768x768.jpg 768w, https:\/\/www.humanium.org\/de\/wp-content\/uploads\/2024\/09\/Shutterstock_710271955-830x830.jpg 830w, https:\/\/www.humanium.org\/de\/wp-content\/uploads\/2024\/09\/Shutterstock_710271955-230x230.jpg 230w, https:\/\/www.humanium.org\/de\/wp-content\/uploads\/2024\/09\/Shutterstock_710271955-350x350.jpg 350w, https:\/\/www.humanium.org\/de\/wp-content\/uploads\/2024\/09\/Shutterstock_710271955-480x480.jpg 480w, https:\/\/www.humanium.org\/de\/wp-content\/uploads\/2024\/09\/Shutterstock_710271955.jpg 900w\" sizes=\"auto, (max-width: 159px) 100vw, 159px\" \/>Kindermisshandlung<\/strong><\/a><\/h2>\n<p style=\"margin-bottom: 1px;\">Kindesmisshandlung findet leider in der ganzen Welt statt, oft auch gerade dort, wo Kinder eigentlich gesch\u00fctzt sein sollten: zu Hause, in der Schule und Online. Der Missbrauch wird h\u00e4ufig von Menschen begangen, die das Vertrauen der Kinder gewonnen haben.<\/p>\n<hr \/>\n<h2 style=\"margin-bottom: 10px;\"><a href=\"https:\/\/www.humanium.org\/de\/mobbing-in-der-schule\/\"><img loading=\"lazy\" decoding=\"async\" class=\"wp-image-15146 alignleft\" src=\"https:\/\/www.humanium.org\/de\/wp-content\/uploads\/2021\/10\/shutterstock_1503499058_small-image.jpg\" alt=\"\" width=\"160\" height=\"160\" srcset=\"https:\/\/www.humanium.org\/de\/wp-content\/uploads\/2021\/10\/shutterstock_1503499058_small-image.jpg 200w, https:\/\/www.humanium.org\/de\/wp-content\/uploads\/2021\/10\/shutterstock_1503499058_small-image-150x150.jpg 150w\" sizes=\"auto, (max-width: 160px) 100vw, 160px\" \/> <strong>Mobbing in der Schule <\/strong><\/a><\/h2>\n<p style=\"margin-bottom: 1px;\">Jeden Tag sind Kinder auf der ganzen Welt sch\u00e4dlichen und sich st\u00e4ndig weiterentwickelnden Formen von Mobbing in Schulen ausgesetzt. Mobbing in der Schule ist eine gef\u00e4hrliche Beeintr\u00e4chtigung der kindlichen Entwicklung und wirkt sich negativ auf die psychische und physische Gesundheit der Kinder sowie auf ihre F\u00e4higkeit aus, schulische Herausforderungen zu bew\u00e4ltigen.<\/p>\n<h2 style=\"margin-bottom: 10px;\"><img loading=\"lazy\" decoding=\"async\" class=\" wp-image-15230 alignleft\" style=\"font-size: revert; color: initial;\" src=\"https:\/\/www.humanium.org\/de\/wp-content\/uploads\/2021\/10\/shutterstock_150543002_small-image.jpg\" alt=\"\" width=\"161\" height=\"161\" srcset=\"https:\/\/www.humanium.org\/de\/wp-content\/uploads\/2021\/10\/shutterstock_150543002_small-image.jpg 200w, https:\/\/www.humanium.org\/de\/wp-content\/uploads\/2021\/10\/shutterstock_150543002_small-image-150x150.jpg 150w\" sizes=\"auto, (max-width: 161px) 100vw, 161px\" \/><\/h2>\n<h2><strong><a href=\"https:\/\/www.humanium.org\/de\/schiesserei-an-einer-schule\/\">Schie\u00dferei an einer Schule<\/a><\/strong><\/h2>\n<p>Der Ausdruck \u201eSchie\u00dferei an einer Schule\u201c bezieht sich allgemein auf Gewalttaten, die von Sch\u00fc\u00adler*innen oder ehemaligen Sch\u00fcler*innen, aber auch durch externe Perso\u00adnen, unter der Verwendung von Schusswaffen, begangen werden.<\/p>\n","protected":false},"excerpt":{"rendered":"<p>Gewalt Kinder im Krieg Sch\u00e4tzungen zufolge leben derzeit \u00fcber 400 Millionen Kinder in L\u00e4ndern, in denen Kriege oder andere Arten von Gewaltkonflikten herrschen, und sind unverh\u00e4ltnism\u00e4\u00dfig oft blutigen und gewaltt\u00e4tigen Verbrechen ausgesetzt. Kindersoldaten Ein Kindersoldat ist eine Person unter achtzehn Jahren, die zur Teilnahme an bewaffneten Konflikten zwangsrekrutiert wird. Diese Kinder werden ohne Vorwarnung und [&hellip;]<\/p>\n","protected":false},"author":1,"featured_media":0,"parent":1858,"menu_order":0,"comment_status":"closed","ping_status":"closed","template":"","meta":{"footnotes":""},"class_list":["post-2093","page","type-page","status-publish","hentry"],"yoast_head":"<!-- This site is optimized with the Yoast SEO plugin v26.5 - https:\/\/yoast.com\/wordpress\/plugins\/seo\/ -->\n<title>Gewalt - Humanium<\/title>\n<meta name=\"robots\" content=\"index, follow, max-snippet:-1, max-image-preview:large, max-video-preview:-1\" \/>\n<link rel=\"canonical\" href=\"https:\/\/www.humanium.org\/de\/themenschwerpunkte\/gewalt\/\" \/>\n<meta property=\"og:locale\" content=\"de_DE\" \/>\n<meta property=\"og:type\" content=\"article\" \/>\n<meta property=\"og:title\" content=\"Gewalt - Humanium\" \/>\n<meta property=\"og:description\" content=\"Gewalt Kinder im Krieg Sch\u00e4tzungen zufolge leben derzeit \u00fcber 400 Millionen Kinder in L\u00e4ndern, in denen Kriege oder andere Arten von Gewaltkonflikten herrschen, und sind unverh\u00e4ltnism\u00e4\u00dfig oft blutigen und gewaltt\u00e4tigen Verbrechen ausgesetzt. Kindersoldaten Ein Kindersoldat ist eine Person unter achtzehn Jahren, die zur Teilnahme an bewaffneten Konflikten zwangsrekrutiert wird. Diese Kinder werden ohne Vorwarnung und [&hellip;]\" \/>\n<meta property=\"og:url\" content=\"https:\/\/www.humanium.org\/de\/themenschwerpunkte\/gewalt\/\" \/>\n<meta property=\"og:site_name\" content=\"Humanium\" \/>\n<meta property=\"article:modified_time\" content=\"2024-09-08T18:46:58+00:00\" \/>\n<meta property=\"og:image\" content=\"https:\/\/www.humanium.org\/de\/wp-content\/uploads\/2024\/05\/Small-image-300x300.jpg\" \/>\n<meta name=\"twitter:card\" content=\"summary_large_image\" \/>\n<meta name=\"twitter:label1\" content=\"Gesch\u00e4tzte Lesezeit\" \/>\n\t<meta name=\"twitter:data1\" content=\"3\u00a0Minuten\" \/>\n<script type=\"application\/ld+json\" class=\"yoast-schema-graph\">{\"@context\":\"https:\/\/schema.org\",\"@graph\":[{\"@type\":\"WebPage\",\"@id\":\"https:\/\/www.humanium.org\/de\/themenschwerpunkte\/gewalt\/\",\"url\":\"https:\/\/www.humanium.org\/de\/themenschwerpunkte\/gewalt\/\",\"name\":\"Gewalt - Humanium\",\"isPartOf\":{\"@id\":\"https:\/\/www.humanium.org\/de\/#website\"},\"primaryImageOfPage\":{\"@id\":\"https:\/\/www.humanium.org\/de\/themenschwerpunkte\/gewalt\/#primaryimage\"},\"image\":{\"@id\":\"https:\/\/www.humanium.org\/de\/themenschwerpunkte\/gewalt\/#primaryimage\"},\"thumbnailUrl\":\"https:\/\/www.humanium.org\/de\/wp-content\/uploads\/2024\/05\/Small-image-300x300.jpg\",\"datePublished\":\"2013-08-13T12:41:27+00:00\",\"dateModified\":\"2024-09-08T18:46:58+00:00\",\"breadcrumb\":{\"@id\":\"https:\/\/www.humanium.org\/de\/themenschwerpunkte\/gewalt\/#breadcrumb\"},\"inLanguage\":\"de\",\"potentialAction\":[{\"@type\":\"ReadAction\",\"target\":[\"https:\/\/www.humanium.org\/de\/themenschwerpunkte\/gewalt\/\"]}]},{\"@type\":\"ImageObject\",\"inLanguage\":\"de\",\"@id\":\"https:\/\/www.humanium.org\/de\/themenschwerpunkte\/gewalt\/#primaryimage\",\"url\":\"https:\/\/www.humanium.org\/de\/wp-content\/uploads\/2024\/05\/Small-image.jpg\",\"contentUrl\":\"https:\/\/www.humanium.org\/de\/wp-content\/uploads\/2024\/05\/Small-image.jpg\",\"width\":900,\"height\":900},{\"@type\":\"BreadcrumbList\",\"@id\":\"https:\/\/www.humanium.org\/de\/themenschwerpunkte\/gewalt\/#breadcrumb\",\"itemListElement\":[{\"@type\":\"ListItem\",\"position\":1,\"name\":\"Home\",\"item\":\"https:\/\/www.humanium.org\/de\/\"},{\"@type\":\"ListItem\",\"position\":2,\"name\":\"Themenschwerpunkte\",\"item\":\"https:\/\/www.humanium.org\/de\/themenschwerpunkte\/\"},{\"@type\":\"ListItem\",\"position\":3,\"name\":\"Gewalt\"}]},{\"@type\":\"WebSite\",\"@id\":\"https:\/\/www.humanium.org\/de\/#website\",\"url\":\"https:\/\/www.humanium.org\/de\/\",\"name\":\"Humanium\",\"description\":\"Kinder zuerst!\",\"potentialAction\":[{\"@type\":\"SearchAction\",\"target\":{\"@type\":\"EntryPoint\",\"urlTemplate\":\"https:\/\/www.humanium.org\/de\/?s={search_term_string}\"},\"query-input\":{\"@type\":\"PropertyValueSpecification\",\"valueRequired\":true,\"valueName\":\"search_term_string\"}}],\"inLanguage\":\"de\"}]}<\/script>\n<!-- \/ Yoast SEO plugin. -->","yoast_head_json":{"title":"Gewalt - Humanium","robots":{"index":"index","follow":"follow","max-snippet":"max-snippet:-1","max-image-preview":"max-image-preview:large","max-video-preview":"max-video-preview:-1"},"canonical":"https:\/\/www.humanium.org\/de\/themenschwerpunkte\/gewalt\/","og_locale":"de_DE","og_type":"article","og_title":"Gewalt - Humanium","og_description":"Gewalt Kinder im Krieg Sch\u00e4tzungen zufolge leben derzeit \u00fcber 400 Millionen Kinder in L\u00e4ndern, in denen Kriege oder andere Arten von Gewaltkonflikten herrschen, und sind unverh\u00e4ltnism\u00e4\u00dfig oft blutigen und gewaltt\u00e4tigen Verbrechen ausgesetzt. Kindersoldaten Ein Kindersoldat ist eine Person unter achtzehn Jahren, die zur Teilnahme an bewaffneten Konflikten zwangsrekrutiert wird. Diese Kinder werden ohne Vorwarnung und [&hellip;]","og_url":"https:\/\/www.humanium.org\/de\/themenschwerpunkte\/gewalt\/","og_site_name":"Humanium","article_modified_time":"2024-09-08T18:46:58+00:00","og_image":[{"url":"https:\/\/www.humanium.org\/de\/wp-content\/uploads\/2024\/05\/Small-image-300x300.jpg","type":"","width":"","height":""}],"twitter_card":"summary_large_image","twitter_misc":{"Gesch\u00e4tzte Lesezeit":"3\u00a0Minuten"},"schema":{"@context":"https:\/\/schema.org","@graph":[{"@type":"WebPage","@id":"https:\/\/www.humanium.org\/de\/themenschwerpunkte\/gewalt\/","url":"https:\/\/www.humanium.org\/de\/themenschwerpunkte\/gewalt\/","name":"Gewalt - Humanium","isPartOf":{"@id":"https:\/\/www.humanium.org\/de\/#website"},"primaryImageOfPage":{"@id":"https:\/\/www.humanium.org\/de\/themenschwerpunkte\/gewalt\/#primaryimage"},"image":{"@id":"https:\/\/www.humanium.org\/de\/themenschwerpunkte\/gewalt\/#primaryimage"},"thumbnailUrl":"https:\/\/www.humanium.org\/de\/wp-content\/uploads\/2024\/05\/Small-image-300x300.jpg","datePublished":"2013-08-13T12:41:27+00:00","dateModified":"2024-09-08T18:46:58+00:00","breadcrumb":{"@id":"https:\/\/www.humanium.org\/de\/themenschwerpunkte\/gewalt\/#breadcrumb"},"inLanguage":"de","potentialAction":[{"@type":"ReadAction","target":["https:\/\/www.humanium.org\/de\/themenschwerpunkte\/gewalt\/"]}]},{"@type":"ImageObject","inLanguage":"de","@id":"https:\/\/www.humanium.org\/de\/themenschwerpunkte\/gewalt\/#primaryimage","url":"https:\/\/www.humanium.org\/de\/wp-content\/uploads\/2024\/05\/Small-image.jpg","contentUrl":"https:\/\/www.humanium.org\/de\/wp-content\/uploads\/2024\/05\/Small-image.jpg","width":900,"height":900},{"@type":"BreadcrumbList","@id":"https:\/\/www.humanium.org\/de\/themenschwerpunkte\/gewalt\/#breadcrumb","itemListElement":[{"@type":"ListItem","position":1,"name":"Home","item":"https:\/\/www.humanium.org\/de\/"},{"@type":"ListItem","position":2,"name":"Themenschwerpunkte","item":"https:\/\/www.humanium.org\/de\/themenschwerpunkte\/"},{"@type":"ListItem","position":3,"name":"Gewalt"}]},{"@type":"WebSite","@id":"https:\/\/www.humanium.org\/de\/#website","url":"https:\/\/www.humanium.org\/de\/","name":"Humanium","description":"Kinder zuerst!","potentialAction":[{"@type":"SearchAction","target":{"@type":"EntryPoint","urlTemplate":"https:\/\/www.humanium.org\/de\/?s={search_term_string}"},"query-input":{"@type":"PropertyValueSpecification","valueRequired":true,"valueName":"search_term_string"}}],"inLanguage":"de"}]}},"_links":{"self":[{"href":"https:\/\/www.humanium.org\/de\/wp-json\/wp\/v2\/pages\/2093","targetHints":{"allow":["GET"]}}],"collection":[{"href":"https:\/\/www.humanium.org\/de\/wp-json\/wp\/v2\/pages"}],"about":[{"href":"https:\/\/www.humanium.org\/de\/wp-json\/wp\/v2\/types\/page"}],"author":[{"embeddable":true,"href":"https:\/\/www.humanium.org\/de\/wp-json\/wp\/v2\/users\/1"}],"replies":[{"embeddable":true,"href":"https:\/\/www.humanium.org\/de\/wp-json\/wp\/v2\/comments?post=2093"}],"version-history":[{"count":14,"href":"https:\/\/www.humanium.org\/de\/wp-json\/wp\/v2\/pages\/2093\/revisions"}],"predecessor-version":[{"id":17931,"href":"https:\/\/www.humanium.org\/de\/wp-json\/wp\/v2\/pages\/2093\/revisions\/17931"}],"up":[{"embeddable":true,"href":"https:\/\/www.humanium.org\/de\/wp-json\/wp\/v2\/pages\/1858"}],"wp:attachment":[{"href":"https:\/\/www.humanium.org\/de\/wp-json\/wp\/v2\/media?parent=2093"}],"curies":[{"name":"wp","href":"https:\/\/api.w.org\/{rel}","templated":true}]}}