{"id":2096,"date":"2013-08-13T12:48:52","date_gmt":"2013-08-13T12:48:52","guid":{"rendered":"http:\/\/www.humanium.org\/de\/?page_id=2096"},"modified":"2024-09-14T14:09:54","modified_gmt":"2024-09-14T14:09:54","slug":"focusdiskriminierung","status":"publish","type":"page","link":"https:\/\/www.humanium.org\/de\/themenschwerpunkte\/focusdiskriminierung\/","title":{"rendered":"Diskriminierung"},"content":{"rendered":"<h1>Diskriminierung<\/h1>\n<hr align=\"left\" size=\"4\" width=\"28%\" \/>\n<h2 style=\"margin-bottom: 10px;\"><a href=\"https:\/\/www.humanium.org\/de\/diskriminierung\/\"><img loading=\"lazy\" decoding=\"async\" class=\" wp-image-17692 alignleft\" src=\"https:\/\/www.humanium.org\/de\/wp-content\/uploads\/2024\/06\/Shutterstock_1661078926-300x300.jpg\" alt=\"\" width=\"148\" height=\"148\" srcset=\"https:\/\/www.humanium.org\/de\/wp-content\/uploads\/2024\/06\/Shutterstock_1661078926-300x300.jpg 300w, https:\/\/www.humanium.org\/de\/wp-content\/uploads\/2024\/06\/Shutterstock_1661078926-150x150.jpg 150w, https:\/\/www.humanium.org\/de\/wp-content\/uploads\/2024\/06\/Shutterstock_1661078926-768x768.jpg 768w, https:\/\/www.humanium.org\/de\/wp-content\/uploads\/2024\/06\/Shutterstock_1661078926-830x830.jpg 830w, https:\/\/www.humanium.org\/de\/wp-content\/uploads\/2024\/06\/Shutterstock_1661078926-230x230.jpg 230w, https:\/\/www.humanium.org\/de\/wp-content\/uploads\/2024\/06\/Shutterstock_1661078926-350x350.jpg 350w, https:\/\/www.humanium.org\/de\/wp-content\/uploads\/2024\/06\/Shutterstock_1661078926-480x480.jpg 480w, https:\/\/www.humanium.org\/de\/wp-content\/uploads\/2024\/06\/Shutterstock_1661078926.jpg 900w\" sizes=\"auto, (max-width: 148px) 100vw, 148px\" \/>Nichtdiskriminierung<\/a><\/h2>\n<p>Das Recht auf Nichtdiskriminierung ist ein komplexes und lebenswichtiges Recht, das einen Grundstein der Verwirklichung der Menschenrechte darstellt. Die UN-Kinderrechtskonvention ist von ihren Idealen getragen.<\/p>\n<hr \/>\n<h2 style=\"margin-bottom: 10px;\"><img loading=\"lazy\" decoding=\"async\" class=\" wp-image-17703 alignleft\" src=\"https:\/\/www.humanium.org\/de\/wp-content\/uploads\/2024\/06\/Shutterstock_1403939687-1-300x300.jpg\" alt=\"\" width=\"147\" height=\"147\" srcset=\"https:\/\/www.humanium.org\/de\/wp-content\/uploads\/2024\/06\/Shutterstock_1403939687-1-300x300.jpg 300w, https:\/\/www.humanium.org\/de\/wp-content\/uploads\/2024\/06\/Shutterstock_1403939687-1-150x150.jpg 150w, https:\/\/www.humanium.org\/de\/wp-content\/uploads\/2024\/06\/Shutterstock_1403939687-1-768x768.jpg 768w, https:\/\/www.humanium.org\/de\/wp-content\/uploads\/2024\/06\/Shutterstock_1403939687-1-830x830.jpg 830w, https:\/\/www.humanium.org\/de\/wp-content\/uploads\/2024\/06\/Shutterstock_1403939687-1-230x230.jpg 230w, https:\/\/www.humanium.org\/de\/wp-content\/uploads\/2024\/06\/Shutterstock_1403939687-1-350x350.jpg 350w, https:\/\/www.humanium.org\/de\/wp-content\/uploads\/2024\/06\/Shutterstock_1403939687-1-480x480.jpg 480w, https:\/\/www.humanium.org\/de\/wp-content\/uploads\/2024\/06\/Shutterstock_1403939687-1.jpg 900w\" sizes=\"auto, (max-width: 147px) 100vw, 147px\" \/><a href=\"https:\/\/www.humanium.org\/de\/kinder-von-minderheiten\/\">Kinder von Minderheiten<\/a><\/h2>\n<p style=\"margin-bottom: 1px;\">Auf der ganzen Welt werden Kinder diskriminiert, weil sie Teil einer Gruppe oder Gemeinschaft von Minderheiten sind. Wenn sie mehr als einer Minderheitengruppe angeh\u00f6ren, ist die Diskriminierung noch gr\u00f6\u00dfer.<\/p>\n<hr \/>\n<h2 style=\"margin-bottom: 1px;\"><img loading=\"lazy\" decoding=\"async\" class=\"wp-image-17784 alignleft\" src=\"https:\/\/www.humanium.org\/de\/wp-content\/uploads\/2024\/07\/Shutterstock_1072871408-300x300.jpg\" alt=\"\" width=\"152\" height=\"152\" srcset=\"https:\/\/www.humanium.org\/de\/wp-content\/uploads\/2024\/07\/Shutterstock_1072871408-300x300.jpg 300w, https:\/\/www.humanium.org\/de\/wp-content\/uploads\/2024\/07\/Shutterstock_1072871408-150x150.jpg 150w, https:\/\/www.humanium.org\/de\/wp-content\/uploads\/2024\/07\/Shutterstock_1072871408-768x768.jpg 768w, https:\/\/www.humanium.org\/de\/wp-content\/uploads\/2024\/07\/Shutterstock_1072871408-830x830.jpg 830w, https:\/\/www.humanium.org\/de\/wp-content\/uploads\/2024\/07\/Shutterstock_1072871408-230x230.jpg 230w, https:\/\/www.humanium.org\/de\/wp-content\/uploads\/2024\/07\/Shutterstock_1072871408-350x350.jpg 350w, https:\/\/www.humanium.org\/de\/wp-content\/uploads\/2024\/07\/Shutterstock_1072871408-480x480.jpg 480w, https:\/\/www.humanium.org\/de\/wp-content\/uploads\/2024\/07\/Shutterstock_1072871408.jpg 900w\" sizes=\"auto, (max-width: 152px) 100vw, 152px\" \/><a href=\"https:\/\/www.humanium.org\/de\/kinder-indigener-bevoelkerungsgruppen\/\"><span style=\"color: revert; font-size: revert; font-weight: revert;\">Kinder indigener Bev\u00f6lkerungsgruppen<\/span><\/a><\/h2>\n<p>Kinder indigener Bev\u00f6lkerungsgruppen haben bei der Durchsetzung ihrer Grundrechte mit zahlreichen Herausforderungen zu k\u00e4mpfen, u.a. Armut, Diskriminierung oder die Gef\u00e4hrdung ihrer Kultur.<\/p>\n<hr \/>\n<h2 style=\"margin-bottom: 10px;\"><a href=\"https:\/\/www.humanium.org\/de\/kinder-mit-behinderung\/\"><img loading=\"lazy\" decoding=\"async\" class=\" wp-image-17833 alignleft\" src=\"https:\/\/www.humanium.org\/de\/wp-content\/uploads\/2024\/08\/Shutterstock_2477075233-1-300x300.jpg\" alt=\"\" width=\"157\" height=\"157\" srcset=\"https:\/\/www.humanium.org\/de\/wp-content\/uploads\/2024\/08\/Shutterstock_2477075233-1-300x300.jpg 300w, https:\/\/www.humanium.org\/de\/wp-content\/uploads\/2024\/08\/Shutterstock_2477075233-1-150x150.jpg 150w, https:\/\/www.humanium.org\/de\/wp-content\/uploads\/2024\/08\/Shutterstock_2477075233-1-768x768.jpg 768w, https:\/\/www.humanium.org\/de\/wp-content\/uploads\/2024\/08\/Shutterstock_2477075233-1-830x830.jpg 830w, https:\/\/www.humanium.org\/de\/wp-content\/uploads\/2024\/08\/Shutterstock_2477075233-1-230x230.jpg 230w, https:\/\/www.humanium.org\/de\/wp-content\/uploads\/2024\/08\/Shutterstock_2477075233-1-350x350.jpg 350w, https:\/\/www.humanium.org\/de\/wp-content\/uploads\/2024\/08\/Shutterstock_2477075233-1-480x480.jpg 480w, https:\/\/www.humanium.org\/de\/wp-content\/uploads\/2024\/08\/Shutterstock_2477075233-1.jpg 900w\" sizes=\"auto, (max-width: 157px) 100vw, 157px\" \/>Behinderte Kinder<\/a><\/h2>\n<p style=\"margin-bottom: 1px;\">F\u00fcnfzehn Prozent der Weltbev\u00f6lkerung haben irgendeine Form von Behinderung. Kinder mit Behinderungen, die 240 Millionen aller behinderten Menschen weltweit ausmachen, geh\u00f6ren zu den am meisten ausgegrenzten Menschen in jeder Gesellschaft.<\/p>\n<hr \/>\n<h2><a href=\"https:\/\/www.humanium.org\/de\/die-rechte-von-madchen\/\"><img loading=\"lazy\" decoding=\"async\" class=\" wp-image-17932 alignleft\" src=\"https:\/\/www.humanium.org\/de\/wp-content\/uploads\/2024\/09\/Shutterstock_1207813390-300x300.jpg\" alt=\"\" width=\"156\" height=\"156\" srcset=\"https:\/\/www.humanium.org\/de\/wp-content\/uploads\/2024\/09\/Shutterstock_1207813390-300x300.jpg 300w, https:\/\/www.humanium.org\/de\/wp-content\/uploads\/2024\/09\/Shutterstock_1207813390-150x150.jpg 150w, https:\/\/www.humanium.org\/de\/wp-content\/uploads\/2024\/09\/Shutterstock_1207813390-768x768.jpg 768w, https:\/\/www.humanium.org\/de\/wp-content\/uploads\/2024\/09\/Shutterstock_1207813390-830x830.jpg 830w, https:\/\/www.humanium.org\/de\/wp-content\/uploads\/2024\/09\/Shutterstock_1207813390-230x230.jpg 230w, https:\/\/www.humanium.org\/de\/wp-content\/uploads\/2024\/09\/Shutterstock_1207813390-350x350.jpg 350w, https:\/\/www.humanium.org\/de\/wp-content\/uploads\/2024\/09\/Shutterstock_1207813390-480x480.jpg 480w, https:\/\/www.humanium.org\/de\/wp-content\/uploads\/2024\/09\/Shutterstock_1207813390.jpg 900w\" sizes=\"auto, (max-width: 156px) 100vw, 156px\" \/>Die Rechte von M\u00e4dchen<\/a><\/h2>\n<p>M\u00e4dchen haben das Recht, ihre Grundrechte im selben Ma\u00dfe in Anspruch zu nehmen wie Jungen. Die Realit\u00e4t sieht jedoch anders aus.<\/p>\n<hr \/>\n<h2><a href=\"https:\/\/www.humanium.org\/de\/lgbtq-kinder\/\"><img loading=\"lazy\" decoding=\"async\" class=\" wp-image-17954 alignleft\" src=\"https:\/\/www.humanium.org\/de\/wp-content\/uploads\/2024\/09\/Shutterstock_2175158991-1-300x300.jpg\" alt=\"\" width=\"158\" height=\"158\" srcset=\"https:\/\/www.humanium.org\/de\/wp-content\/uploads\/2024\/09\/Shutterstock_2175158991-1-300x300.jpg 300w, https:\/\/www.humanium.org\/de\/wp-content\/uploads\/2024\/09\/Shutterstock_2175158991-1-150x150.jpg 150w, https:\/\/www.humanium.org\/de\/wp-content\/uploads\/2024\/09\/Shutterstock_2175158991-1-768x768.jpg 768w, https:\/\/www.humanium.org\/de\/wp-content\/uploads\/2024\/09\/Shutterstock_2175158991-1-830x830.jpg 830w, https:\/\/www.humanium.org\/de\/wp-content\/uploads\/2024\/09\/Shutterstock_2175158991-1-230x230.jpg 230w, https:\/\/www.humanium.org\/de\/wp-content\/uploads\/2024\/09\/Shutterstock_2175158991-1-350x350.jpg 350w, https:\/\/www.humanium.org\/de\/wp-content\/uploads\/2024\/09\/Shutterstock_2175158991-1-480x480.jpg 480w, https:\/\/www.humanium.org\/de\/wp-content\/uploads\/2024\/09\/Shutterstock_2175158991-1.jpg 900w\" sizes=\"auto, (max-width: 158px) 100vw, 158px\" \/>LGBTQ+-Jugendliche<\/a><\/h2>\n<p>Junge Menschen in der LGBTQ-Gemeinschaft sind nicht nur Diskriminierung, Mobbing und sogar Gewalt aufgrund ihrer sexuellen Orientierung oder Geschlechtsidentit\u00e4t ausgesetzt, sondern auch Versuchen, ihre sexuelle Orientierung durch Therapie oder Religion zu \u00e4ndern.<\/p>\n","protected":false},"excerpt":{"rendered":"<p>Diskriminierung Nichtdiskriminierung Das Recht auf Nichtdiskriminierung ist ein komplexes und lebenswichtiges Recht, das einen Grundstein der Verwirklichung der Menschenrechte darstellt. Die UN-Kinderrechtskonvention ist von ihren Idealen getragen. Kinder von Minderheiten Auf der ganzen Welt werden Kinder diskriminiert, weil sie Teil einer Gruppe oder Gemeinschaft von Minderheiten sind. Wenn sie mehr als einer Minderheitengruppe angeh\u00f6ren, ist [&hellip;]<\/p>\n","protected":false},"author":1,"featured_media":0,"parent":1858,"menu_order":0,"comment_status":"closed","ping_status":"closed","template":"","meta":{"footnotes":""},"class_list":["post-2096","page","type-page","status-publish","hentry"],"yoast_head":"<!-- This site is optimized with the Yoast SEO plugin v26.5 - https:\/\/yoast.com\/wordpress\/plugins\/seo\/ -->\n<title>Diskriminierung - Humanium<\/title>\n<meta name=\"robots\" content=\"index, follow, max-snippet:-1, max-image-preview:large, max-video-preview:-1\" \/>\n<link rel=\"canonical\" href=\"https:\/\/www.humanium.org\/de\/themenschwerpunkte\/focusdiskriminierung\/\" \/>\n<meta property=\"og:locale\" content=\"de_DE\" \/>\n<meta property=\"og:type\" content=\"article\" \/>\n<meta property=\"og:title\" content=\"Diskriminierung - Humanium\" \/>\n<meta property=\"og:description\" content=\"Diskriminierung Nichtdiskriminierung Das Recht auf Nichtdiskriminierung ist ein komplexes und lebenswichtiges Recht, das einen Grundstein der Verwirklichung der Menschenrechte darstellt. Die UN-Kinderrechtskonvention ist von ihren Idealen getragen. Kinder von Minderheiten Auf der ganzen Welt werden Kinder diskriminiert, weil sie Teil einer Gruppe oder Gemeinschaft von Minderheiten sind. Wenn sie mehr als einer Minderheitengruppe angeh\u00f6ren, ist [&hellip;]\" \/>\n<meta property=\"og:url\" content=\"https:\/\/www.humanium.org\/de\/themenschwerpunkte\/focusdiskriminierung\/\" \/>\n<meta property=\"og:site_name\" content=\"Humanium\" \/>\n<meta property=\"article:modified_time\" content=\"2024-09-14T14:09:54+00:00\" \/>\n<meta property=\"og:image\" content=\"https:\/\/www.humanium.org\/de\/wp-content\/uploads\/2024\/06\/Shutterstock_1661078926-300x300.jpg\" \/>\n<meta name=\"twitter:card\" content=\"summary_large_image\" \/>\n<meta name=\"twitter:label1\" content=\"Gesch\u00e4tzte Lesezeit\" \/>\n\t<meta name=\"twitter:data1\" content=\"3\u00a0Minuten\" \/>\n<script type=\"application\/ld+json\" class=\"yoast-schema-graph\">{\"@context\":\"https:\/\/schema.org\",\"@graph\":[{\"@type\":\"WebPage\",\"@id\":\"https:\/\/www.humanium.org\/de\/themenschwerpunkte\/focusdiskriminierung\/\",\"url\":\"https:\/\/www.humanium.org\/de\/themenschwerpunkte\/focusdiskriminierung\/\",\"name\":\"Diskriminierung - Humanium\",\"isPartOf\":{\"@id\":\"https:\/\/www.humanium.org\/de\/#website\"},\"primaryImageOfPage\":{\"@id\":\"https:\/\/www.humanium.org\/de\/themenschwerpunkte\/focusdiskriminierung\/#primaryimage\"},\"image\":{\"@id\":\"https:\/\/www.humanium.org\/de\/themenschwerpunkte\/focusdiskriminierung\/#primaryimage\"},\"thumbnailUrl\":\"https:\/\/www.humanium.org\/de\/wp-content\/uploads\/2024\/06\/Shutterstock_1661078926-300x300.jpg\",\"datePublished\":\"2013-08-13T12:48:52+00:00\",\"dateModified\":\"2024-09-14T14:09:54+00:00\",\"breadcrumb\":{\"@id\":\"https:\/\/www.humanium.org\/de\/themenschwerpunkte\/focusdiskriminierung\/#breadcrumb\"},\"inLanguage\":\"de\",\"potentialAction\":[{\"@type\":\"ReadAction\",\"target\":[\"https:\/\/www.humanium.org\/de\/themenschwerpunkte\/focusdiskriminierung\/\"]}]},{\"@type\":\"ImageObject\",\"inLanguage\":\"de\",\"@id\":\"https:\/\/www.humanium.org\/de\/themenschwerpunkte\/focusdiskriminierung\/#primaryimage\",\"url\":\"https:\/\/www.humanium.org\/de\/wp-content\/uploads\/2024\/06\/Shutterstock_1661078926.jpg\",\"contentUrl\":\"https:\/\/www.humanium.org\/de\/wp-content\/uploads\/2024\/06\/Shutterstock_1661078926.jpg\",\"width\":900,\"height\":900},{\"@type\":\"BreadcrumbList\",\"@id\":\"https:\/\/www.humanium.org\/de\/themenschwerpunkte\/focusdiskriminierung\/#breadcrumb\",\"itemListElement\":[{\"@type\":\"ListItem\",\"position\":1,\"name\":\"Home\",\"item\":\"https:\/\/www.humanium.org\/de\/\"},{\"@type\":\"ListItem\",\"position\":2,\"name\":\"Themenschwerpunkte\",\"item\":\"https:\/\/www.humanium.org\/de\/themenschwerpunkte\/\"},{\"@type\":\"ListItem\",\"position\":3,\"name\":\"Diskriminierung\"}]},{\"@type\":\"WebSite\",\"@id\":\"https:\/\/www.humanium.org\/de\/#website\",\"url\":\"https:\/\/www.humanium.org\/de\/\",\"name\":\"Humanium\",\"description\":\"Kinder zuerst!\",\"potentialAction\":[{\"@type\":\"SearchAction\",\"target\":{\"@type\":\"EntryPoint\",\"urlTemplate\":\"https:\/\/www.humanium.org\/de\/?s={search_term_string}\"},\"query-input\":{\"@type\":\"PropertyValueSpecification\",\"valueRequired\":true,\"valueName\":\"search_term_string\"}}],\"inLanguage\":\"de\"}]}<\/script>\n<!-- \/ Yoast SEO plugin. -->","yoast_head_json":{"title":"Diskriminierung - Humanium","robots":{"index":"index","follow":"follow","max-snippet":"max-snippet:-1","max-image-preview":"max-image-preview:large","max-video-preview":"max-video-preview:-1"},"canonical":"https:\/\/www.humanium.org\/de\/themenschwerpunkte\/focusdiskriminierung\/","og_locale":"de_DE","og_type":"article","og_title":"Diskriminierung - Humanium","og_description":"Diskriminierung Nichtdiskriminierung Das Recht auf Nichtdiskriminierung ist ein komplexes und lebenswichtiges Recht, das einen Grundstein der Verwirklichung der Menschenrechte darstellt. Die UN-Kinderrechtskonvention ist von ihren Idealen getragen. Kinder von Minderheiten Auf der ganzen Welt werden Kinder diskriminiert, weil sie Teil einer Gruppe oder Gemeinschaft von Minderheiten sind. Wenn sie mehr als einer Minderheitengruppe angeh\u00f6ren, ist [&hellip;]","og_url":"https:\/\/www.humanium.org\/de\/themenschwerpunkte\/focusdiskriminierung\/","og_site_name":"Humanium","article_modified_time":"2024-09-14T14:09:54+00:00","og_image":[{"url":"https:\/\/www.humanium.org\/de\/wp-content\/uploads\/2024\/06\/Shutterstock_1661078926-300x300.jpg","type":"","width":"","height":""}],"twitter_card":"summary_large_image","twitter_misc":{"Gesch\u00e4tzte Lesezeit":"3\u00a0Minuten"},"schema":{"@context":"https:\/\/schema.org","@graph":[{"@type":"WebPage","@id":"https:\/\/www.humanium.org\/de\/themenschwerpunkte\/focusdiskriminierung\/","url":"https:\/\/www.humanium.org\/de\/themenschwerpunkte\/focusdiskriminierung\/","name":"Diskriminierung - Humanium","isPartOf":{"@id":"https:\/\/www.humanium.org\/de\/#website"},"primaryImageOfPage":{"@id":"https:\/\/www.humanium.org\/de\/themenschwerpunkte\/focusdiskriminierung\/#primaryimage"},"image":{"@id":"https:\/\/www.humanium.org\/de\/themenschwerpunkte\/focusdiskriminierung\/#primaryimage"},"thumbnailUrl":"https:\/\/www.humanium.org\/de\/wp-content\/uploads\/2024\/06\/Shutterstock_1661078926-300x300.jpg","datePublished":"2013-08-13T12:48:52+00:00","dateModified":"2024-09-14T14:09:54+00:00","breadcrumb":{"@id":"https:\/\/www.humanium.org\/de\/themenschwerpunkte\/focusdiskriminierung\/#breadcrumb"},"inLanguage":"de","potentialAction":[{"@type":"ReadAction","target":["https:\/\/www.humanium.org\/de\/themenschwerpunkte\/focusdiskriminierung\/"]}]},{"@type":"ImageObject","inLanguage":"de","@id":"https:\/\/www.humanium.org\/de\/themenschwerpunkte\/focusdiskriminierung\/#primaryimage","url":"https:\/\/www.humanium.org\/de\/wp-content\/uploads\/2024\/06\/Shutterstock_1661078926.jpg","contentUrl":"https:\/\/www.humanium.org\/de\/wp-content\/uploads\/2024\/06\/Shutterstock_1661078926.jpg","width":900,"height":900},{"@type":"BreadcrumbList","@id":"https:\/\/www.humanium.org\/de\/themenschwerpunkte\/focusdiskriminierung\/#breadcrumb","itemListElement":[{"@type":"ListItem","position":1,"name":"Home","item":"https:\/\/www.humanium.org\/de\/"},{"@type":"ListItem","position":2,"name":"Themenschwerpunkte","item":"https:\/\/www.humanium.org\/de\/themenschwerpunkte\/"},{"@type":"ListItem","position":3,"name":"Diskriminierung"}]},{"@type":"WebSite","@id":"https:\/\/www.humanium.org\/de\/#website","url":"https:\/\/www.humanium.org\/de\/","name":"Humanium","description":"Kinder zuerst!","potentialAction":[{"@type":"SearchAction","target":{"@type":"EntryPoint","urlTemplate":"https:\/\/www.humanium.org\/de\/?s={search_term_string}"},"query-input":{"@type":"PropertyValueSpecification","valueRequired":true,"valueName":"search_term_string"}}],"inLanguage":"de"}]}},"_links":{"self":[{"href":"https:\/\/www.humanium.org\/de\/wp-json\/wp\/v2\/pages\/2096","targetHints":{"allow":["GET"]}}],"collection":[{"href":"https:\/\/www.humanium.org\/de\/wp-json\/wp\/v2\/pages"}],"about":[{"href":"https:\/\/www.humanium.org\/de\/wp-json\/wp\/v2\/types\/page"}],"author":[{"embeddable":true,"href":"https:\/\/www.humanium.org\/de\/wp-json\/wp\/v2\/users\/1"}],"replies":[{"embeddable":true,"href":"https:\/\/www.humanium.org\/de\/wp-json\/wp\/v2\/comments?post=2096"}],"version-history":[{"count":19,"href":"https:\/\/www.humanium.org\/de\/wp-json\/wp\/v2\/pages\/2096\/revisions"}],"predecessor-version":[{"id":17956,"href":"https:\/\/www.humanium.org\/de\/wp-json\/wp\/v2\/pages\/2096\/revisions\/17956"}],"up":[{"embeddable":true,"href":"https:\/\/www.humanium.org\/de\/wp-json\/wp\/v2\/pages\/1858"}],"wp:attachment":[{"href":"https:\/\/www.humanium.org\/de\/wp-json\/wp\/v2\/media?parent=2096"}],"curies":[{"name":"wp","href":"https:\/\/api.w.org\/{rel}","templated":true}]}}