{"id":210,"date":"2010-09-21T13:52:47","date_gmt":"2010-09-21T13:52:47","guid":{"rendered":"http:\/\/www.humanium.org\/de\/"},"modified":"2025-12-06T06:18:41","modified_gmt":"2025-12-06T06:18:41","slug":"staatsburgerschaft","status":"publish","type":"page","link":"https:\/\/www.humanium.org\/de\/staatsburgerschaft\/","title":{"rendered":"Staatsb\u00fcrgererziehung"},"content":{"rendered":"<h1 style=\"margin-top: 5px; margin-bottom: 18px; line-height: 70px;\"><span><a href=\"https:\/\/www.humanium.org\/de\/category\/staatsbuergerschaft\/\" target=\"_blank\"><\/a>Staatsb\u00fcrgererziehung<\/span><\/h1>\n<h2>Die Aktivit\u00e4ten des Staatsb\u00fcrgererziehungsprogramms<\/h2>\n<p><strong>Die extreme Armut macht oft vergessen, dass die B\u00fcrgerrechte dennoch existieren. Wir wecken auf! Durch die aktive F\u00f6rderung partizipatorischer Demokratie in den D\u00f6rfern, werden sich unsere Beg\u00fcnstigten bewusst, dass auch sie Stimmrechte haben und entscheiden k\u00f6nnen ..<br \/>\n<\/strong><\/p>\n<table>\n<tbody>\n<tr>\n<td>\n<h2 style=\"font-size: 1.3em; margin-top: 5px; margin-bottom: 18px; line-height: 40px;\"><strong><\/strong><span style=\"color: #003366;\"><strong>Ziele<\/strong><\/span><\/h2>\n<ul>\n<li>Die partizipatorische Demokratie f\u00f6rdern.<\/li>\n<li>Die digitale Kluft verringern und den Zugang zu Informationen und Kommunikation sicherstellen.<\/li>\n<\/ul>\n<\/td>\n<\/tr>\n<\/tbody>\n<\/table>\n<table>\n<tbody>\n<tr>\n<td>\n<h2 style=\"font-size: 1.3em; margin-top: 5px; margin-bottom: 18px; line-height: 40px;\"><span style=\"color: #003366;\"><strong>Ansatz<\/strong><\/span><\/h2>\n<p>Die Gesamtheit des Projekts ber\u00fccksichtigt die partizipatorische Demokratie in systematischer Weise und auf allen Ebenen. Humanium handelt auch hier f\u00fcr und mit den Dorfbewohnern. Der Einsatz aller lokalen Akteure ist notwendig, da die Projekte langfristig auf Effizienz, Entwicklung, Autonomie und Verantwortung zielen. Du, Mensch, bist der Mittelpunkt des Lebens !<\/td>\n<\/tr>\n<\/tbody>\n<\/table>\n<table>\n<tbody>\n<tr>\n<td>\n<h2 style=\"font-size: 1.3em; margin-top: 5px; margin-bottom: 18px; line-height: 40px;\"><strong><\/strong><span style=\"color: #003366;\"><strong>Aktivit\u00e4ten<\/strong><\/span><\/h2>\n<h4>Das Komitee der &#8222;verantwortungsbewussten Regierung&#8220;<\/h4>\n<p>In den D\u00f6rfern werden Komitees der &#8222;verantwortungsbewussten Regierung&#8220; gegr\u00fcndet. Den Mitglieder wird beigebracht, wie Lokalpolitik funktioniert um sich engagieren zu k\u00f6nnen und sich seines Wertes und des Wertes anderer st\u00e4rker bewusst zu werden.<\/p>\n<h4>Das B\u00fcrgerzentrum<\/h4>\n<p>Humanium richtet in jedem Dorf ein B\u00fcrgerzentrum ein. Das ist ein Gemeinschaftszentrum, dass den Dorfbewohnern Zugang zu Computern sowie zu Informations- und Kommunikationsmitteln schafft.<\/p>\n<p>Es gibt  den Dorfbewohnern ebenfalls Gelegenheit, sich \u00fcber ihre Rechte zu informieren und orientiert sie bei Beh\u00f6rdeng\u00e4ngen. Schlie\u00dflich ist das Zentrum auch Bibliothek und ein Versammlungs- sowie Verhandlungsort f\u00fcr die Gemeinschaft.<\/p>\n<h4>Computerkurse f\u00fcr Erwachsene<\/h4>\n<p>Zur Verringerung der digitalen Kluft und zur Verbesserung aller Kenntnisse der Dorfbewohner, werden gratis Computerkurse angeboten. Die Dorfbewohner lernen, wie man mit einem Computer umgeht oder im Internet surft.<\/td>\n<\/tr>\n<\/tbody>\n<\/table>\n<table>\n<tbody>\n<tr>\n<td>\n<h3 style=\"margin-top: 5px; margin-bottom: 18px; line-height: 80px; text-align: left;\"><span><a href=\"https:\/\/www.humanium.org\/de\/category\/staatsbuergerschaft\/\" target=\"_blank\"><img loading=\"lazy\" decoding=\"async\" class=\"size-full wp-image-4404 alignleft\" title=\"Aktualit\u00e4ten des Staatsb\u00fcrgerschaftsprogramms auf unserem Blog.\" src=\"https:\/\/www.humanium.org\/fr\/wp-content\/uploads\/blog.jpg\" alt=\"\" width=\"80\" height=\"80\" \/><\/a><a href=\"https:\/\/www.humanium.org\/de\/category\/staatsbuergerschaft\/\" target=\"_blank\">Aktualit\u00e4ten des Staatsb\u00fcrgererziehungsprogramms<br \/>\n<\/a><\/span><\/h3>\n<\/td>\n<\/tr>\n<\/tbody>\n<\/table>\n","protected":false},"excerpt":{"rendered":"<p>Staatsb\u00fcrgererziehung Die Aktivit\u00e4ten des Staatsb\u00fcrgererziehungsprogramms Die extreme Armut macht oft vergessen, dass die B\u00fcrgerrechte dennoch existieren. Wir wecken auf! Durch die aktive F\u00f6rderung partizipatorischer Demokratie in den D\u00f6rfern, werden sich unsere Beg\u00fcnstigten bewusst, dass auch sie Stimmrechte haben und entscheiden k\u00f6nnen .. Ziele Die partizipatorische Demokratie f\u00f6rdern. Die digitale Kluft verringern und den Zugang zu [&hellip;]<\/p>\n","protected":false},"author":1,"featured_media":0,"parent":0,"menu_order":0,"comment_status":"closed","ping_status":"closed","template":"","meta":{"footnotes":""},"class_list":["post-210","page","type-page","status-publish","hentry"],"yoast_head":"<!-- This site is optimized with the Yoast SEO plugin v26.5 - https:\/\/yoast.com\/wordpress\/plugins\/seo\/ -->\n<title>Staatsb\u00fcrgererziehung - Humanium<\/title>\n<meta name=\"robots\" content=\"index, follow, max-snippet:-1, max-image-preview:large, max-video-preview:-1\" \/>\n<link rel=\"canonical\" href=\"https:\/\/www.humanium.org\/de\/staatsburgerschaft\/\" \/>\n<meta property=\"og:locale\" content=\"de_DE\" \/>\n<meta property=\"og:type\" content=\"article\" \/>\n<meta property=\"og:title\" content=\"Staatsb\u00fcrgererziehung - Humanium\" \/>\n<meta property=\"og:description\" content=\"Staatsb\u00fcrgererziehung Die Aktivit\u00e4ten des Staatsb\u00fcrgererziehungsprogramms Die extreme Armut macht oft vergessen, dass die B\u00fcrgerrechte dennoch existieren. Wir wecken auf! Durch die aktive F\u00f6rderung partizipatorischer Demokratie in den D\u00f6rfern, werden sich unsere Beg\u00fcnstigten bewusst, dass auch sie Stimmrechte haben und entscheiden k\u00f6nnen .. Ziele Die partizipatorische Demokratie f\u00f6rdern. Die digitale Kluft verringern und den Zugang zu [&hellip;]\" \/>\n<meta property=\"og:url\" content=\"https:\/\/www.humanium.org\/de\/staatsburgerschaft\/\" \/>\n<meta property=\"og:site_name\" content=\"Humanium\" \/>\n<meta property=\"article:modified_time\" content=\"2025-12-06T06:18:41+00:00\" \/>\n<meta name=\"twitter:card\" content=\"summary_large_image\" \/>\n<meta name=\"twitter:label1\" content=\"Gesch\u00e4tzte Lesezeit\" \/>\n\t<meta name=\"twitter:data1\" content=\"1\u00a0Minute\" \/>\n<script type=\"application\/ld+json\" class=\"yoast-schema-graph\">{\"@context\":\"https:\/\/schema.org\",\"@graph\":[{\"@type\":\"WebPage\",\"@id\":\"https:\/\/www.humanium.org\/de\/staatsburgerschaft\/\",\"url\":\"https:\/\/www.humanium.org\/de\/staatsburgerschaft\/\",\"name\":\"Staatsb\u00fcrgererziehung - Humanium\",\"isPartOf\":{\"@id\":\"https:\/\/www.humanium.org\/de\/#website\"},\"primaryImageOfPage\":{\"@id\":\"https:\/\/www.humanium.org\/de\/staatsburgerschaft\/#primaryimage\"},\"image\":{\"@id\":\"https:\/\/www.humanium.org\/de\/staatsburgerschaft\/#primaryimage\"},\"thumbnailUrl\":\"https:\/\/www.humanium.org\/fr\/wp-content\/uploads\/blog.jpg\",\"datePublished\":\"2010-09-21T13:52:47+00:00\",\"dateModified\":\"2025-12-06T06:18:41+00:00\",\"breadcrumb\":{\"@id\":\"https:\/\/www.humanium.org\/de\/staatsburgerschaft\/#breadcrumb\"},\"inLanguage\":\"de\",\"potentialAction\":[{\"@type\":\"ReadAction\",\"target\":[\"https:\/\/www.humanium.org\/de\/staatsburgerschaft\/\"]}]},{\"@type\":\"ImageObject\",\"inLanguage\":\"de\",\"@id\":\"https:\/\/www.humanium.org\/de\/staatsburgerschaft\/#primaryimage\",\"url\":\"https:\/\/www.humanium.org\/fr\/wp-content\/uploads\/blog.jpg\",\"contentUrl\":\"https:\/\/www.humanium.org\/fr\/wp-content\/uploads\/blog.jpg\"},{\"@type\":\"BreadcrumbList\",\"@id\":\"https:\/\/www.humanium.org\/de\/staatsburgerschaft\/#breadcrumb\",\"itemListElement\":[{\"@type\":\"ListItem\",\"position\":1,\"name\":\"Home\",\"item\":\"https:\/\/www.humanium.org\/de\/\"},{\"@type\":\"ListItem\",\"position\":2,\"name\":\"Staatsb\u00fcrgererziehung\"}]},{\"@type\":\"WebSite\",\"@id\":\"https:\/\/www.humanium.org\/de\/#website\",\"url\":\"https:\/\/www.humanium.org\/de\/\",\"name\":\"Humanium\",\"description\":\"Kinder zuerst!\",\"potentialAction\":[{\"@type\":\"SearchAction\",\"target\":{\"@type\":\"EntryPoint\",\"urlTemplate\":\"https:\/\/www.humanium.org\/de\/?s={search_term_string}\"},\"query-input\":{\"@type\":\"PropertyValueSpecification\",\"valueRequired\":true,\"valueName\":\"search_term_string\"}}],\"inLanguage\":\"de\"}]}<\/script>\n<!-- \/ Yoast SEO plugin. -->","yoast_head_json":{"title":"Staatsb\u00fcrgererziehung - Humanium","robots":{"index":"index","follow":"follow","max-snippet":"max-snippet:-1","max-image-preview":"max-image-preview:large","max-video-preview":"max-video-preview:-1"},"canonical":"https:\/\/www.humanium.org\/de\/staatsburgerschaft\/","og_locale":"de_DE","og_type":"article","og_title":"Staatsb\u00fcrgererziehung - Humanium","og_description":"Staatsb\u00fcrgererziehung Die Aktivit\u00e4ten des Staatsb\u00fcrgererziehungsprogramms Die extreme Armut macht oft vergessen, dass die B\u00fcrgerrechte dennoch existieren. Wir wecken auf! Durch die aktive F\u00f6rderung partizipatorischer Demokratie in den D\u00f6rfern, werden sich unsere Beg\u00fcnstigten bewusst, dass auch sie Stimmrechte haben und entscheiden k\u00f6nnen .. Ziele Die partizipatorische Demokratie f\u00f6rdern. Die digitale Kluft verringern und den Zugang zu [&hellip;]","og_url":"https:\/\/www.humanium.org\/de\/staatsburgerschaft\/","og_site_name":"Humanium","article_modified_time":"2025-12-06T06:18:41+00:00","twitter_card":"summary_large_image","twitter_misc":{"Gesch\u00e4tzte Lesezeit":"1\u00a0Minute"},"schema":{"@context":"https:\/\/schema.org","@graph":[{"@type":"WebPage","@id":"https:\/\/www.humanium.org\/de\/staatsburgerschaft\/","url":"https:\/\/www.humanium.org\/de\/staatsburgerschaft\/","name":"Staatsb\u00fcrgererziehung - Humanium","isPartOf":{"@id":"https:\/\/www.humanium.org\/de\/#website"},"primaryImageOfPage":{"@id":"https:\/\/www.humanium.org\/de\/staatsburgerschaft\/#primaryimage"},"image":{"@id":"https:\/\/www.humanium.org\/de\/staatsburgerschaft\/#primaryimage"},"thumbnailUrl":"https:\/\/www.humanium.org\/fr\/wp-content\/uploads\/blog.jpg","datePublished":"2010-09-21T13:52:47+00:00","dateModified":"2025-12-06T06:18:41+00:00","breadcrumb":{"@id":"https:\/\/www.humanium.org\/de\/staatsburgerschaft\/#breadcrumb"},"inLanguage":"de","potentialAction":[{"@type":"ReadAction","target":["https:\/\/www.humanium.org\/de\/staatsburgerschaft\/"]}]},{"@type":"ImageObject","inLanguage":"de","@id":"https:\/\/www.humanium.org\/de\/staatsburgerschaft\/#primaryimage","url":"https:\/\/www.humanium.org\/fr\/wp-content\/uploads\/blog.jpg","contentUrl":"https:\/\/www.humanium.org\/fr\/wp-content\/uploads\/blog.jpg"},{"@type":"BreadcrumbList","@id":"https:\/\/www.humanium.org\/de\/staatsburgerschaft\/#breadcrumb","itemListElement":[{"@type":"ListItem","position":1,"name":"Home","item":"https:\/\/www.humanium.org\/de\/"},{"@type":"ListItem","position":2,"name":"Staatsb\u00fcrgererziehung"}]},{"@type":"WebSite","@id":"https:\/\/www.humanium.org\/de\/#website","url":"https:\/\/www.humanium.org\/de\/","name":"Humanium","description":"Kinder zuerst!","potentialAction":[{"@type":"SearchAction","target":{"@type":"EntryPoint","urlTemplate":"https:\/\/www.humanium.org\/de\/?s={search_term_string}"},"query-input":{"@type":"PropertyValueSpecification","valueRequired":true,"valueName":"search_term_string"}}],"inLanguage":"de"}]}},"_links":{"self":[{"href":"https:\/\/www.humanium.org\/de\/wp-json\/wp\/v2\/pages\/210","targetHints":{"allow":["GET"]}}],"collection":[{"href":"https:\/\/www.humanium.org\/de\/wp-json\/wp\/v2\/pages"}],"about":[{"href":"https:\/\/www.humanium.org\/de\/wp-json\/wp\/v2\/types\/page"}],"author":[{"embeddable":true,"href":"https:\/\/www.humanium.org\/de\/wp-json\/wp\/v2\/users\/1"}],"replies":[{"embeddable":true,"href":"https:\/\/www.humanium.org\/de\/wp-json\/wp\/v2\/comments?post=210"}],"version-history":[{"count":8,"href":"https:\/\/www.humanium.org\/de\/wp-json\/wp\/v2\/pages\/210\/revisions"}],"predecessor-version":[{"id":20321,"href":"https:\/\/www.humanium.org\/de\/wp-json\/wp\/v2\/pages\/210\/revisions\/20321"}],"wp:attachment":[{"href":"https:\/\/www.humanium.org\/de\/wp-json\/wp\/v2\/media?parent=210"}],"curies":[{"name":"wp","href":"https:\/\/api.w.org\/{rel}","templated":true}]}}