{"id":2100,"date":"2013-08-13T12:56:07","date_gmt":"2013-08-13T12:56:07","guid":{"rendered":"http:\/\/www.humanium.org\/de\/?page_id=2100"},"modified":"2024-10-26T14:33:44","modified_gmt":"2024-10-26T14:33:44","slug":"kulturelle-praktiken","status":"publish","type":"page","link":"https:\/\/www.humanium.org\/de\/themenschwerpunkte\/kulturelle-praktiken\/","title":{"rendered":"Kulturelle Praktiken"},"content":{"rendered":"<h1>Kulturelle Praktiken<\/h1>\n<hr align=\"left\" size=\"4\" width=\"36%\" \/>\n<h2 style=\"margin-bottom: 10px;\"><a href=\"https:\/\/www.humanium.org\/de\/genitalverstummelung\/\"><img loading=\"lazy\" decoding=\"async\" class=\"wp-image-18026 alignleft\" src=\"https:\/\/www.humanium.org\/de\/wp-content\/uploads\/2024\/10\/Shutterstock_2095149223-1-300x300.jpg\" alt=\"\" width=\"142\" height=\"142\" srcset=\"https:\/\/www.humanium.org\/de\/wp-content\/uploads\/2024\/10\/Shutterstock_2095149223-1-300x300.jpg 300w, https:\/\/www.humanium.org\/de\/wp-content\/uploads\/2024\/10\/Shutterstock_2095149223-1-150x150.jpg 150w, https:\/\/www.humanium.org\/de\/wp-content\/uploads\/2024\/10\/Shutterstock_2095149223-1-768x768.jpg 768w, https:\/\/www.humanium.org\/de\/wp-content\/uploads\/2024\/10\/Shutterstock_2095149223-1-830x830.jpg 830w, https:\/\/www.humanium.org\/de\/wp-content\/uploads\/2024\/10\/Shutterstock_2095149223-1-230x230.jpg 230w, https:\/\/www.humanium.org\/de\/wp-content\/uploads\/2024\/10\/Shutterstock_2095149223-1-350x350.jpg 350w, https:\/\/www.humanium.org\/de\/wp-content\/uploads\/2024\/10\/Shutterstock_2095149223-1-480x480.jpg 480w, https:\/\/www.humanium.org\/de\/wp-content\/uploads\/2024\/10\/Shutterstock_2095149223-1.jpg 900w\" sizes=\"auto, (max-width: 142px) 100vw, 142px\" \/>Weibliche Genitalverst\u00fcmmelung (FMG)<\/a><\/h2>\n<p style=\"margin-bottom: 1px;\">FGM ist eine Form von Gewalt gegen M\u00e4dchen und Frauen und eine Form von Kindesmissbrauch, von der heute sch\u00e4tzungsweise 200 Millionen M\u00e4dchen und Frauen betroffen sind.<\/p>\n<hr \/>\n<h2 style=\"margin-bottom: 10px;\"><a href=\"https:\/\/www.humanium.org\/de\/kinderheirat\/\"><img loading=\"lazy\" decoding=\"async\" class=\"wp-image-17912 alignleft\" src=\"https:\/\/www.humanium.org\/de\/wp-content\/uploads\/2024\/09\/Shutterstock_2095149343-300x300.jpg\" alt=\"\" width=\"139\" height=\"139\" srcset=\"https:\/\/www.humanium.org\/de\/wp-content\/uploads\/2024\/09\/Shutterstock_2095149343-300x300.jpg 300w, https:\/\/www.humanium.org\/de\/wp-content\/uploads\/2024\/09\/Shutterstock_2095149343-150x150.jpg 150w, https:\/\/www.humanium.org\/de\/wp-content\/uploads\/2024\/09\/Shutterstock_2095149343-768x768.jpg 768w, https:\/\/www.humanium.org\/de\/wp-content\/uploads\/2024\/09\/Shutterstock_2095149343-830x830.jpg 830w, https:\/\/www.humanium.org\/de\/wp-content\/uploads\/2024\/09\/Shutterstock_2095149343-230x230.jpg 230w, https:\/\/www.humanium.org\/de\/wp-content\/uploads\/2024\/09\/Shutterstock_2095149343-350x350.jpg 350w, https:\/\/www.humanium.org\/de\/wp-content\/uploads\/2024\/09\/Shutterstock_2095149343-480x480.jpg 480w, https:\/\/www.humanium.org\/de\/wp-content\/uploads\/2024\/09\/Shutterstock_2095149343.jpg 900w\" sizes=\"auto, (max-width: 139px) 100vw, 139px\" \/>Kinderehen<\/a><\/h2>\n<p style=\"margin-bottom: 1px;\">Kinderehe oder offiziell \u201eKinder-, Fr\u00fch- und Zwangsheirat\u201c ist ein Begriff, der durch eine Vielzahl von sich \u00fcberschneidenden Faktoren bestimmt und erm\u00f6glicht wird, von denen die meisten mit allgemeineren gesellschaftlichen Normen und Bedingungen zusammenh\u00e4ngen.<\/p>\n<hr \/>\n<h2 style=\"margin-bottom: 10px;\"><a href=\"https:\/\/www.humanium.org\/de\/kinder-und-religionen\/\"><img loading=\"lazy\" decoding=\"async\" class=\" wp-image-18055 alignleft\" src=\"https:\/\/www.humanium.org\/de\/wp-content\/uploads\/2024\/10\/Shutterstock_1313369675-1-300x300.jpg\" alt=\"\" width=\"138\" height=\"138\" srcset=\"https:\/\/www.humanium.org\/de\/wp-content\/uploads\/2024\/10\/Shutterstock_1313369675-1-300x300.jpg 300w, https:\/\/www.humanium.org\/de\/wp-content\/uploads\/2024\/10\/Shutterstock_1313369675-1-150x150.jpg 150w, https:\/\/www.humanium.org\/de\/wp-content\/uploads\/2024\/10\/Shutterstock_1313369675-1-768x768.jpg 768w, https:\/\/www.humanium.org\/de\/wp-content\/uploads\/2024\/10\/Shutterstock_1313369675-1-830x830.jpg 830w, https:\/\/www.humanium.org\/de\/wp-content\/uploads\/2024\/10\/Shutterstock_1313369675-1-230x230.jpg 230w, https:\/\/www.humanium.org\/de\/wp-content\/uploads\/2024\/10\/Shutterstock_1313369675-1-350x350.jpg 350w, https:\/\/www.humanium.org\/de\/wp-content\/uploads\/2024\/10\/Shutterstock_1313369675-1-480x480.jpg 480w, https:\/\/www.humanium.org\/de\/wp-content\/uploads\/2024\/10\/Shutterstock_1313369675-1.jpg 900w\" sizes=\"auto, (max-width: 138px) 100vw, 138px\" \/>Kinder und Religionen<\/a><\/h2>\n<p style=\"margin-bottom: 1px;\">Forschungen haben ergeben, dass im Jahr 2050 voraussichtlich nur 13% der Weltbev\u00f6lkerung keiner Religion angeh\u00f6ren werden. Diese Studienerkenntnisse zeigen anschaulich, welch wichtige Rolle Religion bei der Gestaltung unserer Welt und unseres Lebens spielt. Sie hat daher direkte Auswirkungen auf Kinder.<\/p>\n<hr \/>\n<h2 style=\"margin-bottom: 10px;\"><a href=\"https:\/\/www.humanium.org\/de\/infantizid\/\"><img loading=\"lazy\" decoding=\"async\" class=\" wp-image-17780 alignleft\" src=\"https:\/\/www.humanium.org\/de\/wp-content\/uploads\/2024\/07\/Shutterstock_1659396958-1-300x300.jpg\" alt=\"\" width=\"142\" height=\"142\" srcset=\"https:\/\/www.humanium.org\/de\/wp-content\/uploads\/2024\/07\/Shutterstock_1659396958-1-300x300.jpg 300w, https:\/\/www.humanium.org\/de\/wp-content\/uploads\/2024\/07\/Shutterstock_1659396958-1-150x150.jpg 150w, https:\/\/www.humanium.org\/de\/wp-content\/uploads\/2024\/07\/Shutterstock_1659396958-1-768x768.jpg 768w, https:\/\/www.humanium.org\/de\/wp-content\/uploads\/2024\/07\/Shutterstock_1659396958-1-830x830.jpg 830w, https:\/\/www.humanium.org\/de\/wp-content\/uploads\/2024\/07\/Shutterstock_1659396958-1-230x230.jpg 230w, https:\/\/www.humanium.org\/de\/wp-content\/uploads\/2024\/07\/Shutterstock_1659396958-1-350x350.jpg 350w, https:\/\/www.humanium.org\/de\/wp-content\/uploads\/2024\/07\/Shutterstock_1659396958-1-480x480.jpg 480w, https:\/\/www.humanium.org\/de\/wp-content\/uploads\/2024\/07\/Shutterstock_1659396958-1.jpg 900w\" sizes=\"auto, (max-width: 142px) 100vw, 142px\" \/>Infantizid<\/a><\/h2>\n<p>Kindst\u00f6tung, oder Infantizid, die absichtliche Beendigung des Lebens eines sehr jungen Kindes, ist nach wie vor ein ersch\u00fctterndes und ergreifendes Thema in der heutigen Gesellschaft.<\/p>\n","protected":false},"excerpt":{"rendered":"<p>Kulturelle Praktiken Weibliche Genitalverst\u00fcmmelung (FMG) FGM ist eine Form von Gewalt gegen M\u00e4dchen und Frauen und eine Form von Kindesmissbrauch, von der heute sch\u00e4tzungsweise 200 Millionen M\u00e4dchen und Frauen betroffen sind. Kinderehen Kinderehe oder offiziell \u201eKinder-, Fr\u00fch- und Zwangsheirat\u201c ist ein Begriff, der durch eine Vielzahl von sich \u00fcberschneidenden Faktoren bestimmt und erm\u00f6glicht wird, von [&hellip;]<\/p>\n","protected":false},"author":1,"featured_media":0,"parent":1858,"menu_order":0,"comment_status":"closed","ping_status":"closed","template":"","meta":{"footnotes":""},"class_list":["post-2100","page","type-page","status-publish","hentry"],"yoast_head":"<!-- This site is optimized with the Yoast SEO plugin v26.5 - https:\/\/yoast.com\/wordpress\/plugins\/seo\/ -->\n<title>Kulturelle Praktiken - Humanium<\/title>\n<meta name=\"robots\" content=\"index, follow, max-snippet:-1, max-image-preview:large, max-video-preview:-1\" \/>\n<link rel=\"canonical\" href=\"https:\/\/www.humanium.org\/de\/themenschwerpunkte\/kulturelle-praktiken\/\" \/>\n<meta property=\"og:locale\" content=\"de_DE\" \/>\n<meta property=\"og:type\" content=\"article\" \/>\n<meta property=\"og:title\" content=\"Kulturelle Praktiken - Humanium\" \/>\n<meta property=\"og:description\" content=\"Kulturelle Praktiken Weibliche Genitalverst\u00fcmmelung (FMG) FGM ist eine Form von Gewalt gegen M\u00e4dchen und Frauen und eine Form von Kindesmissbrauch, von der heute sch\u00e4tzungsweise 200 Millionen M\u00e4dchen und Frauen betroffen sind. Kinderehen Kinderehe oder offiziell \u201eKinder-, Fr\u00fch- und Zwangsheirat\u201c ist ein Begriff, der durch eine Vielzahl von sich \u00fcberschneidenden Faktoren bestimmt und erm\u00f6glicht wird, von [&hellip;]\" \/>\n<meta property=\"og:url\" content=\"https:\/\/www.humanium.org\/de\/themenschwerpunkte\/kulturelle-praktiken\/\" \/>\n<meta property=\"og:site_name\" content=\"Humanium\" \/>\n<meta property=\"article:modified_time\" content=\"2024-10-26T14:33:44+00:00\" \/>\n<meta property=\"og:image\" content=\"https:\/\/www.humanium.org\/de\/wp-content\/uploads\/2024\/10\/Shutterstock_2095149223-1-300x300.jpg\" \/>\n<meta name=\"twitter:card\" content=\"summary_large_image\" \/>\n<meta name=\"twitter:label1\" content=\"Gesch\u00e4tzte Lesezeit\" \/>\n\t<meta name=\"twitter:data1\" content=\"2\u00a0Minuten\" \/>\n<script type=\"application\/ld+json\" class=\"yoast-schema-graph\">{\"@context\":\"https:\/\/schema.org\",\"@graph\":[{\"@type\":\"WebPage\",\"@id\":\"https:\/\/www.humanium.org\/de\/themenschwerpunkte\/kulturelle-praktiken\/\",\"url\":\"https:\/\/www.humanium.org\/de\/themenschwerpunkte\/kulturelle-praktiken\/\",\"name\":\"Kulturelle Praktiken - Humanium\",\"isPartOf\":{\"@id\":\"https:\/\/www.humanium.org\/de\/#website\"},\"primaryImageOfPage\":{\"@id\":\"https:\/\/www.humanium.org\/de\/themenschwerpunkte\/kulturelle-praktiken\/#primaryimage\"},\"image\":{\"@id\":\"https:\/\/www.humanium.org\/de\/themenschwerpunkte\/kulturelle-praktiken\/#primaryimage\"},\"thumbnailUrl\":\"https:\/\/www.humanium.org\/de\/wp-content\/uploads\/2024\/10\/Shutterstock_2095149223-1-300x300.jpg\",\"datePublished\":\"2013-08-13T12:56:07+00:00\",\"dateModified\":\"2024-10-26T14:33:44+00:00\",\"breadcrumb\":{\"@id\":\"https:\/\/www.humanium.org\/de\/themenschwerpunkte\/kulturelle-praktiken\/#breadcrumb\"},\"inLanguage\":\"de\",\"potentialAction\":[{\"@type\":\"ReadAction\",\"target\":[\"https:\/\/www.humanium.org\/de\/themenschwerpunkte\/kulturelle-praktiken\/\"]}]},{\"@type\":\"ImageObject\",\"inLanguage\":\"de\",\"@id\":\"https:\/\/www.humanium.org\/de\/themenschwerpunkte\/kulturelle-praktiken\/#primaryimage\",\"url\":\"https:\/\/www.humanium.org\/de\/wp-content\/uploads\/2024\/10\/Shutterstock_2095149223-1.jpg\",\"contentUrl\":\"https:\/\/www.humanium.org\/de\/wp-content\/uploads\/2024\/10\/Shutterstock_2095149223-1.jpg\",\"width\":900,\"height\":900},{\"@type\":\"BreadcrumbList\",\"@id\":\"https:\/\/www.humanium.org\/de\/themenschwerpunkte\/kulturelle-praktiken\/#breadcrumb\",\"itemListElement\":[{\"@type\":\"ListItem\",\"position\":1,\"name\":\"Home\",\"item\":\"https:\/\/www.humanium.org\/de\/\"},{\"@type\":\"ListItem\",\"position\":2,\"name\":\"Themenschwerpunkte\",\"item\":\"https:\/\/www.humanium.org\/de\/themenschwerpunkte\/\"},{\"@type\":\"ListItem\",\"position\":3,\"name\":\"Kulturelle Praktiken\"}]},{\"@type\":\"WebSite\",\"@id\":\"https:\/\/www.humanium.org\/de\/#website\",\"url\":\"https:\/\/www.humanium.org\/de\/\",\"name\":\"Humanium\",\"description\":\"Kinder zuerst!\",\"potentialAction\":[{\"@type\":\"SearchAction\",\"target\":{\"@type\":\"EntryPoint\",\"urlTemplate\":\"https:\/\/www.humanium.org\/de\/?s={search_term_string}\"},\"query-input\":{\"@type\":\"PropertyValueSpecification\",\"valueRequired\":true,\"valueName\":\"search_term_string\"}}],\"inLanguage\":\"de\"}]}<\/script>\n<!-- \/ Yoast SEO plugin. -->","yoast_head_json":{"title":"Kulturelle Praktiken - Humanium","robots":{"index":"index","follow":"follow","max-snippet":"max-snippet:-1","max-image-preview":"max-image-preview:large","max-video-preview":"max-video-preview:-1"},"canonical":"https:\/\/www.humanium.org\/de\/themenschwerpunkte\/kulturelle-praktiken\/","og_locale":"de_DE","og_type":"article","og_title":"Kulturelle Praktiken - Humanium","og_description":"Kulturelle Praktiken Weibliche Genitalverst\u00fcmmelung (FMG) FGM ist eine Form von Gewalt gegen M\u00e4dchen und Frauen und eine Form von Kindesmissbrauch, von der heute sch\u00e4tzungsweise 200 Millionen M\u00e4dchen und Frauen betroffen sind. Kinderehen Kinderehe oder offiziell \u201eKinder-, Fr\u00fch- und Zwangsheirat\u201c ist ein Begriff, der durch eine Vielzahl von sich \u00fcberschneidenden Faktoren bestimmt und erm\u00f6glicht wird, von [&hellip;]","og_url":"https:\/\/www.humanium.org\/de\/themenschwerpunkte\/kulturelle-praktiken\/","og_site_name":"Humanium","article_modified_time":"2024-10-26T14:33:44+00:00","og_image":[{"url":"https:\/\/www.humanium.org\/de\/wp-content\/uploads\/2024\/10\/Shutterstock_2095149223-1-300x300.jpg","type":"","width":"","height":""}],"twitter_card":"summary_large_image","twitter_misc":{"Gesch\u00e4tzte Lesezeit":"2\u00a0Minuten"},"schema":{"@context":"https:\/\/schema.org","@graph":[{"@type":"WebPage","@id":"https:\/\/www.humanium.org\/de\/themenschwerpunkte\/kulturelle-praktiken\/","url":"https:\/\/www.humanium.org\/de\/themenschwerpunkte\/kulturelle-praktiken\/","name":"Kulturelle Praktiken - Humanium","isPartOf":{"@id":"https:\/\/www.humanium.org\/de\/#website"},"primaryImageOfPage":{"@id":"https:\/\/www.humanium.org\/de\/themenschwerpunkte\/kulturelle-praktiken\/#primaryimage"},"image":{"@id":"https:\/\/www.humanium.org\/de\/themenschwerpunkte\/kulturelle-praktiken\/#primaryimage"},"thumbnailUrl":"https:\/\/www.humanium.org\/de\/wp-content\/uploads\/2024\/10\/Shutterstock_2095149223-1-300x300.jpg","datePublished":"2013-08-13T12:56:07+00:00","dateModified":"2024-10-26T14:33:44+00:00","breadcrumb":{"@id":"https:\/\/www.humanium.org\/de\/themenschwerpunkte\/kulturelle-praktiken\/#breadcrumb"},"inLanguage":"de","potentialAction":[{"@type":"ReadAction","target":["https:\/\/www.humanium.org\/de\/themenschwerpunkte\/kulturelle-praktiken\/"]}]},{"@type":"ImageObject","inLanguage":"de","@id":"https:\/\/www.humanium.org\/de\/themenschwerpunkte\/kulturelle-praktiken\/#primaryimage","url":"https:\/\/www.humanium.org\/de\/wp-content\/uploads\/2024\/10\/Shutterstock_2095149223-1.jpg","contentUrl":"https:\/\/www.humanium.org\/de\/wp-content\/uploads\/2024\/10\/Shutterstock_2095149223-1.jpg","width":900,"height":900},{"@type":"BreadcrumbList","@id":"https:\/\/www.humanium.org\/de\/themenschwerpunkte\/kulturelle-praktiken\/#breadcrumb","itemListElement":[{"@type":"ListItem","position":1,"name":"Home","item":"https:\/\/www.humanium.org\/de\/"},{"@type":"ListItem","position":2,"name":"Themenschwerpunkte","item":"https:\/\/www.humanium.org\/de\/themenschwerpunkte\/"},{"@type":"ListItem","position":3,"name":"Kulturelle Praktiken"}]},{"@type":"WebSite","@id":"https:\/\/www.humanium.org\/de\/#website","url":"https:\/\/www.humanium.org\/de\/","name":"Humanium","description":"Kinder zuerst!","potentialAction":[{"@type":"SearchAction","target":{"@type":"EntryPoint","urlTemplate":"https:\/\/www.humanium.org\/de\/?s={search_term_string}"},"query-input":{"@type":"PropertyValueSpecification","valueRequired":true,"valueName":"search_term_string"}}],"inLanguage":"de"}]}},"_links":{"self":[{"href":"https:\/\/www.humanium.org\/de\/wp-json\/wp\/v2\/pages\/2100","targetHints":{"allow":["GET"]}}],"collection":[{"href":"https:\/\/www.humanium.org\/de\/wp-json\/wp\/v2\/pages"}],"about":[{"href":"https:\/\/www.humanium.org\/de\/wp-json\/wp\/v2\/types\/page"}],"author":[{"embeddable":true,"href":"https:\/\/www.humanium.org\/de\/wp-json\/wp\/v2\/users\/1"}],"replies":[{"embeddable":true,"href":"https:\/\/www.humanium.org\/de\/wp-json\/wp\/v2\/comments?post=2100"}],"version-history":[{"count":13,"href":"https:\/\/www.humanium.org\/de\/wp-json\/wp\/v2\/pages\/2100\/revisions"}],"predecessor-version":[{"id":18058,"href":"https:\/\/www.humanium.org\/de\/wp-json\/wp\/v2\/pages\/2100\/revisions\/18058"}],"up":[{"embeddable":true,"href":"https:\/\/www.humanium.org\/de\/wp-json\/wp\/v2\/pages\/1858"}],"wp:attachment":[{"href":"https:\/\/www.humanium.org\/de\/wp-json\/wp\/v2\/media?parent=2100"}],"curies":[{"name":"wp","href":"https:\/\/api.w.org\/{rel}","templated":true}]}}