{"id":2105,"date":"2013-08-13T13:05:32","date_gmt":"2013-08-13T13:05:32","guid":{"rendered":"http:\/\/www.humanium.org\/de\/?page_id=2105"},"modified":"2024-12-21T15:04:28","modified_gmt":"2024-12-21T15:04:28","slug":"gesundheit","status":"publish","type":"page","link":"https:\/\/www.humanium.org\/de\/themenschwerpunkte\/gesundheit\/","title":{"rendered":"Gesundheit"},"content":{"rendered":"\n<h1 class=\"wp-block-heading\">Gesundheit<\/h1>\n\n\n\n<hr class=\"wp-block-separator has-alpha-channel-opacity\"\/>\n\n\n<div class=\"wp-block-image\">\n<figure class=\"alignleft size-full is-resized\"><img loading=\"lazy\" decoding=\"async\" width=\"900\" height=\"900\" src=\"https:\/\/www.humanium.org\/de\/wp-content\/uploads\/2024\/08\/Shutterstock_2416028877-1.jpg\" alt=\"\" class=\"wp-image-17891\" style=\"width:146px;height:auto\" srcset=\"https:\/\/www.humanium.org\/de\/wp-content\/uploads\/2024\/08\/Shutterstock_2416028877-1.jpg 900w, https:\/\/www.humanium.org\/de\/wp-content\/uploads\/2024\/08\/Shutterstock_2416028877-1-300x300.jpg 300w, https:\/\/www.humanium.org\/de\/wp-content\/uploads\/2024\/08\/Shutterstock_2416028877-1-150x150.jpg 150w, https:\/\/www.humanium.org\/de\/wp-content\/uploads\/2024\/08\/Shutterstock_2416028877-1-768x768.jpg 768w, https:\/\/www.humanium.org\/de\/wp-content\/uploads\/2024\/08\/Shutterstock_2416028877-1-830x830.jpg 830w, https:\/\/www.humanium.org\/de\/wp-content\/uploads\/2024\/08\/Shutterstock_2416028877-1-230x230.jpg 230w, https:\/\/www.humanium.org\/de\/wp-content\/uploads\/2024\/08\/Shutterstock_2416028877-1-350x350.jpg 350w, https:\/\/www.humanium.org\/de\/wp-content\/uploads\/2024\/08\/Shutterstock_2416028877-1-480x480.jpg 480w\" sizes=\"auto, (max-width: 900px) 100vw, 900px\" \/><\/figure>\n<\/div>\n\n\n<h2 class=\"wp-block-heading\"><a href=\"https:\/\/www.humanium.org\/de\/kindersterblichkeit\/\">S\u00e4uglingssterblichkeit<\/a><\/h2>\n\n\n\n<p>Dank einiger bemerkenswerter Bem\u00fchungen um ein nachhaltiges \u00dcberleben von Kindern hat man weltweit schlie\u00dflich das Recht eines jeden Kindes auf \u00dcberleben anerkannt und Schritte in die Wege geleitet, dieses Grundrecht f\u00fcr alle Kinder zu verwirklichen.<\/p>\n\n\n\n<hr class=\"wp-block-separator has-alpha-channel-opacity\"\/>\n\n\n<div class=\"wp-block-image\">\n<figure class=\"alignleft size-full is-resized\"><img loading=\"lazy\" decoding=\"async\" width=\"900\" height=\"900\" src=\"https:\/\/www.humanium.org\/de\/wp-content\/uploads\/2024\/11\/Shutterstock_758190052-1.jpg\" alt=\"\" class=\"wp-image-18083\" style=\"width:146px;height:auto\" srcset=\"https:\/\/www.humanium.org\/de\/wp-content\/uploads\/2024\/11\/Shutterstock_758190052-1.jpg 900w, https:\/\/www.humanium.org\/de\/wp-content\/uploads\/2024\/11\/Shutterstock_758190052-1-300x300.jpg 300w, https:\/\/www.humanium.org\/de\/wp-content\/uploads\/2024\/11\/Shutterstock_758190052-1-150x150.jpg 150w, https:\/\/www.humanium.org\/de\/wp-content\/uploads\/2024\/11\/Shutterstock_758190052-1-768x768.jpg 768w, https:\/\/www.humanium.org\/de\/wp-content\/uploads\/2024\/11\/Shutterstock_758190052-1-830x830.jpg 830w, https:\/\/www.humanium.org\/de\/wp-content\/uploads\/2024\/11\/Shutterstock_758190052-1-230x230.jpg 230w, https:\/\/www.humanium.org\/de\/wp-content\/uploads\/2024\/11\/Shutterstock_758190052-1-350x350.jpg 350w, https:\/\/www.humanium.org\/de\/wp-content\/uploads\/2024\/11\/Shutterstock_758190052-1-480x480.jpg 480w\" sizes=\"auto, (max-width: 900px) 100vw, 900px\" \/><\/figure>\n<\/div>\n\n\n<h2 class=\"wp-block-heading\"><a href=\"https:\/\/www.humanium.org\/de\/kinder-und-aids\/\">Kinder mit HIV\/AIDS<\/a><\/h2>\n\n\n\n<p>Das Humane Immundefizienz-Virus (HIV) und sein schwerstes Stadium \u2013 das erworbene Immunschw\u00e4chesyndrom (AIDS) \u2013 betreffen weltweit 39 Millionen Menschen. Davon sind 2,58 Millionen Kinder unter 19 Jahren.<\/p>\n\n\n\n<hr class=\"wp-block-separator has-alpha-channel-opacity\"\/>\n\n\n<div class=\"wp-block-image\">\n<figure class=\"alignleft size-full is-resized\"><img loading=\"lazy\" decoding=\"async\" width=\"900\" height=\"900\" src=\"https:\/\/www.humanium.org\/de\/wp-content\/uploads\/2024\/11\/Shutterstock_662071522-1.jpg\" alt=\"\" class=\"wp-image-18180\" style=\"width:146px;height:auto\" srcset=\"https:\/\/www.humanium.org\/de\/wp-content\/uploads\/2024\/11\/Shutterstock_662071522-1.jpg 900w, https:\/\/www.humanium.org\/de\/wp-content\/uploads\/2024\/11\/Shutterstock_662071522-1-300x300.jpg 300w, https:\/\/www.humanium.org\/de\/wp-content\/uploads\/2024\/11\/Shutterstock_662071522-1-150x150.jpg 150w, https:\/\/www.humanium.org\/de\/wp-content\/uploads\/2024\/11\/Shutterstock_662071522-1-768x768.jpg 768w, https:\/\/www.humanium.org\/de\/wp-content\/uploads\/2024\/11\/Shutterstock_662071522-1-830x830.jpg 830w, https:\/\/www.humanium.org\/de\/wp-content\/uploads\/2024\/11\/Shutterstock_662071522-1-230x230.jpg 230w, https:\/\/www.humanium.org\/de\/wp-content\/uploads\/2024\/11\/Shutterstock_662071522-1-350x350.jpg 350w, https:\/\/www.humanium.org\/de\/wp-content\/uploads\/2024\/11\/Shutterstock_662071522-1-480x480.jpg 480w\" sizes=\"auto, (max-width: 900px) 100vw, 900px\" \/><\/figure>\n<\/div>\n\n\n<h2 class=\"wp-block-heading\"><a href=\"https:\/\/www.humanium.org\/de\/selbstmord\/\">Selbstmord bei Kindern<\/a><\/h2>\n\n\n\n<p>In den letzten Jahren gab es einen alarmierenden und dramatischen Anstieg an Selbstmordversuchen bei Kindern und Jugendlichen auf der ganzen Welt.<\/p>\n\n\n\n<hr class=\"wp-block-separator has-alpha-channel-opacity\"\/>\n\n\n<div class=\"wp-block-image\">\n<figure class=\"alignleft size-full is-resized\"><img loading=\"lazy\" decoding=\"async\" width=\"900\" height=\"900\" src=\"https:\/\/www.humanium.org\/de\/wp-content\/uploads\/2024\/12\/Shutterstock_2059338980-2.jpg\" alt=\"\" class=\"wp-image-18222\" style=\"width:146px;height:auto\" srcset=\"https:\/\/www.humanium.org\/de\/wp-content\/uploads\/2024\/12\/Shutterstock_2059338980-2.jpg 900w, https:\/\/www.humanium.org\/de\/wp-content\/uploads\/2024\/12\/Shutterstock_2059338980-2-300x300.jpg 300w, https:\/\/www.humanium.org\/de\/wp-content\/uploads\/2024\/12\/Shutterstock_2059338980-2-150x150.jpg 150w, https:\/\/www.humanium.org\/de\/wp-content\/uploads\/2024\/12\/Shutterstock_2059338980-2-768x768.jpg 768w, https:\/\/www.humanium.org\/de\/wp-content\/uploads\/2024\/12\/Shutterstock_2059338980-2-830x830.jpg 830w, https:\/\/www.humanium.org\/de\/wp-content\/uploads\/2024\/12\/Shutterstock_2059338980-2-230x230.jpg 230w, https:\/\/www.humanium.org\/de\/wp-content\/uploads\/2024\/12\/Shutterstock_2059338980-2-350x350.jpg 350w, https:\/\/www.humanium.org\/de\/wp-content\/uploads\/2024\/12\/Shutterstock_2059338980-2-480x480.jpg 480w\" sizes=\"auto, (max-width: 900px) 100vw, 900px\" \/><\/figure>\n<\/div>\n\n\n<h2 class=\"wp-block-heading\"><a href=\"https:\/\/www.humanium.org\/de\/jugendsexualitat\/\">Jugendliche Sexualit\u00e4t<\/a><\/h2>\n\n\n\n<p>Das Entdecken und Ausleben der eigenen Sexualit\u00e4t ist ein nat\u00fcrlicher Teil der menschlichen Entwicklung, w\u00e4hrend in der Pubert\u00e4t, oder der Adoleszenz.<a href=\"https:\/\/www.humanium.org\/fr\/enfant-et-sida\/\"><\/a><a href=\"https:\/\/www.humanium.org\/fr\/enfant-et-sida\/\"><\/a><\/p>\n\n\n\n<hr class=\"wp-block-separator has-alpha-channel-opacity\"\/>\n\n\n<div class=\"wp-block-image\">\n<figure class=\"alignleft size-full is-resized\"><img loading=\"lazy\" decoding=\"async\" width=\"900\" height=\"900\" src=\"https:\/\/www.humanium.org\/de\/wp-content\/uploads\/2024\/10\/Small-image.jpg\" alt=\"\" class=\"wp-image-17997\" style=\"width:148px;height:auto\" srcset=\"https:\/\/www.humanium.org\/de\/wp-content\/uploads\/2024\/10\/Small-image.jpg 900w, https:\/\/www.humanium.org\/de\/wp-content\/uploads\/2024\/10\/Small-image-300x300.jpg 300w, https:\/\/www.humanium.org\/de\/wp-content\/uploads\/2024\/10\/Small-image-150x150.jpg 150w, https:\/\/www.humanium.org\/de\/wp-content\/uploads\/2024\/10\/Small-image-768x768.jpg 768w, https:\/\/www.humanium.org\/de\/wp-content\/uploads\/2024\/10\/Small-image-830x830.jpg 830w, https:\/\/www.humanium.org\/de\/wp-content\/uploads\/2024\/10\/Small-image-230x230.jpg 230w, https:\/\/www.humanium.org\/de\/wp-content\/uploads\/2024\/10\/Small-image-350x350.jpg 350w, https:\/\/www.humanium.org\/de\/wp-content\/uploads\/2024\/10\/Small-image-480x480.jpg 480w\" sizes=\"auto, (max-width: 900px) 100vw, 900px\" \/><\/figure>\n<\/div>\n\n\n<h2 class=\"wp-block-heading\"><a href=\"https:\/\/www.humanium.org\/de\/kinder-und-sucht\/\">Kinder und Sucht<\/a><\/h2>\n\n\n\n<p>Substanzmissbrauch bei Kindern ist ein weit verbreitetes, vielschichtiges Problem, das in einigen F\u00e4llen durch genetische Faktoren und die Erziehung in der Familie beeinflusst wird, aber gr\u00f6\u00dftenteils durch eine Exposition in der Jugend ausgel\u00f6st wird.<\/p>\n\n\n\n<hr class=\"wp-block-separator has-alpha-channel-opacity\"\/>\n\n\n<div class=\"wp-block-image\">\n<figure class=\"alignleft size-full is-resized\"><img loading=\"lazy\" decoding=\"async\" width=\"900\" height=\"900\" src=\"https:\/\/www.humanium.org\/de\/wp-content\/uploads\/2024\/12\/Shutterstock_2012367962-1.jpg\" alt=\"\" class=\"wp-image-18246\" style=\"width:148px;height:auto\" srcset=\"https:\/\/www.humanium.org\/de\/wp-content\/uploads\/2024\/12\/Shutterstock_2012367962-1.jpg 900w, https:\/\/www.humanium.org\/de\/wp-content\/uploads\/2024\/12\/Shutterstock_2012367962-1-300x300.jpg 300w, https:\/\/www.humanium.org\/de\/wp-content\/uploads\/2024\/12\/Shutterstock_2012367962-1-150x150.jpg 150w, https:\/\/www.humanium.org\/de\/wp-content\/uploads\/2024\/12\/Shutterstock_2012367962-1-768x768.jpg 768w, https:\/\/www.humanium.org\/de\/wp-content\/uploads\/2024\/12\/Shutterstock_2012367962-1-830x830.jpg 830w, https:\/\/www.humanium.org\/de\/wp-content\/uploads\/2024\/12\/Shutterstock_2012367962-1-230x230.jpg 230w, https:\/\/www.humanium.org\/de\/wp-content\/uploads\/2024\/12\/Shutterstock_2012367962-1-350x350.jpg 350w, https:\/\/www.humanium.org\/de\/wp-content\/uploads\/2024\/12\/Shutterstock_2012367962-1-480x480.jpg 480w\" sizes=\"auto, (max-width: 900px) 100vw, 900px\" \/><\/figure>\n<\/div>\n\n\n<h2 class=\"wp-block-heading\"><a href=\"https:\/\/www.humanium.org\/de\/kinderkrankheiten\/\">Kinderkrankheiten<\/a><\/h2>\n\n\n\n<p>Neben einem eingeschr\u00e4nkten Zugang zu medizinischer Versorgung sorgen auch Faktoren wie Mangelern\u00e4hrung, ein unzureichender Impfschutz und mangelnde Hygiene f\u00fcr einen Anstieg der Kinderkrankheiten und der Kindersterblichkeit.<\/p>\n\n\n\n<hr class=\"wp-block-separator has-alpha-channel-opacity\"\/>\n\n\n<div class=\"wp-block-image\">\n<figure class=\"alignleft size-full is-resized\"><img loading=\"lazy\" decoding=\"async\" width=\"1024\" height=\"683\" src=\"https:\/\/www.humanium.org\/de\/wp-content\/uploads\/2024\/02\/shutterstock_232819528-1024x683-1.jpg\" alt=\"\" class=\"wp-image-17392\" style=\"aspect-ratio:1;object-fit:cover;width:142px;height:auto\" srcset=\"https:\/\/www.humanium.org\/de\/wp-content\/uploads\/2024\/02\/shutterstock_232819528-1024x683-1.jpg 1024w, https:\/\/www.humanium.org\/de\/wp-content\/uploads\/2024\/02\/shutterstock_232819528-1024x683-1-300x200.jpg 300w, https:\/\/www.humanium.org\/de\/wp-content\/uploads\/2024\/02\/shutterstock_232819528-1024x683-1-768x512.jpg 768w, https:\/\/www.humanium.org\/de\/wp-content\/uploads\/2024\/02\/shutterstock_232819528-1024x683-1-830x554.jpg 830w, https:\/\/www.humanium.org\/de\/wp-content\/uploads\/2024\/02\/shutterstock_232819528-1024x683-1-230x153.jpg 230w, https:\/\/www.humanium.org\/de\/wp-content\/uploads\/2024\/02\/shutterstock_232819528-1024x683-1-350x233.jpg 350w, https:\/\/www.humanium.org\/de\/wp-content\/uploads\/2024\/02\/shutterstock_232819528-1024x683-1-480x320.jpg 480w, https:\/\/www.humanium.org\/de\/wp-content\/uploads\/2024\/02\/shutterstock_232819528-1024x683-1-272x182.jpg 272w\" sizes=\"auto, (max-width: 1024px) 100vw, 1024px\" \/><\/figure>\n<\/div>\n\n\n<h2 class=\"wp-block-heading\"><a href=\"https:\/\/www.humanium.org\/de\/ptbs-bei-kindern-und-jugendlichen\/?fbclid=IwAR3JvD-O4FOnVlr4lkcS57vPty5Y0NhY-KSYkg3-9T6gchI1dTGlxK9_6qI\">PTBS bei Kindern und Jugendlichen<\/a><\/h2>\n\n\n\n<p>Eine posttraumatische Belastungsst\u00f6rung (PTBS) in der Kindheit entsteht oft, nachdem ein Kind ein sehr belastendes Ereignis erlebt oder miterlebt hat.<\/p>\n","protected":false},"excerpt":{"rendered":"<p>Gesundheit S\u00e4uglingssterblichkeit Dank einiger bemerkenswerter Bem\u00fchungen um ein nachhaltiges \u00dcberleben von Kindern hat man weltweit schlie\u00dflich das Recht eines jeden Kindes auf \u00dcberleben anerkannt und Schritte in die Wege geleitet, dieses Grundrecht f\u00fcr alle Kinder zu verwirklichen. Kinder mit HIV\/AIDS Das Humane Immundefizienz-Virus (HIV) und sein schwerstes Stadium \u2013 das erworbene Immunschw\u00e4chesyndrom (AIDS) \u2013 betreffen [&hellip;]<\/p>\n","protected":false},"author":1,"featured_media":0,"parent":1858,"menu_order":0,"comment_status":"closed","ping_status":"closed","template":"","meta":{"footnotes":""},"class_list":["post-2105","page","type-page","status-publish","hentry"],"yoast_head":"<!-- This site is optimized with the Yoast SEO plugin v26.5 - https:\/\/yoast.com\/wordpress\/plugins\/seo\/ -->\n<title>Gesundheit - Humanium<\/title>\n<meta name=\"robots\" content=\"index, follow, max-snippet:-1, max-image-preview:large, max-video-preview:-1\" \/>\n<link rel=\"canonical\" href=\"https:\/\/www.humanium.org\/de\/themenschwerpunkte\/gesundheit\/\" \/>\n<meta property=\"og:locale\" content=\"de_DE\" \/>\n<meta property=\"og:type\" content=\"article\" \/>\n<meta property=\"og:title\" content=\"Gesundheit - Humanium\" \/>\n<meta property=\"og:description\" content=\"Gesundheit S\u00e4uglingssterblichkeit Dank einiger bemerkenswerter Bem\u00fchungen um ein nachhaltiges \u00dcberleben von Kindern hat man weltweit schlie\u00dflich das Recht eines jeden Kindes auf \u00dcberleben anerkannt und Schritte in die Wege geleitet, dieses Grundrecht f\u00fcr alle Kinder zu verwirklichen. Kinder mit HIV\/AIDS Das Humane Immundefizienz-Virus (HIV) und sein schwerstes Stadium \u2013 das erworbene Immunschw\u00e4chesyndrom (AIDS) \u2013 betreffen [&hellip;]\" \/>\n<meta property=\"og:url\" content=\"https:\/\/www.humanium.org\/de\/themenschwerpunkte\/gesundheit\/\" \/>\n<meta property=\"og:site_name\" content=\"Humanium\" \/>\n<meta property=\"article:modified_time\" content=\"2024-12-21T15:04:28+00:00\" \/>\n<meta property=\"og:image\" content=\"https:\/\/www.humanium.org\/de\/wp-content\/uploads\/2024\/08\/Shutterstock_2416028877-1.jpg\" \/>\n<meta name=\"twitter:card\" content=\"summary_large_image\" \/>\n<meta name=\"twitter:label1\" content=\"Gesch\u00e4tzte Lesezeit\" \/>\n\t<meta name=\"twitter:data1\" content=\"3\u00a0Minuten\" \/>\n<script type=\"application\/ld+json\" class=\"yoast-schema-graph\">{\"@context\":\"https:\/\/schema.org\",\"@graph\":[{\"@type\":\"WebPage\",\"@id\":\"https:\/\/www.humanium.org\/de\/themenschwerpunkte\/gesundheit\/\",\"url\":\"https:\/\/www.humanium.org\/de\/themenschwerpunkte\/gesundheit\/\",\"name\":\"Gesundheit - Humanium\",\"isPartOf\":{\"@id\":\"https:\/\/www.humanium.org\/de\/#website\"},\"primaryImageOfPage\":{\"@id\":\"https:\/\/www.humanium.org\/de\/themenschwerpunkte\/gesundheit\/#primaryimage\"},\"image\":{\"@id\":\"https:\/\/www.humanium.org\/de\/themenschwerpunkte\/gesundheit\/#primaryimage\"},\"thumbnailUrl\":\"https:\/\/www.humanium.org\/de\/wp-content\/uploads\/2024\/08\/Shutterstock_2416028877-1.jpg\",\"datePublished\":\"2013-08-13T13:05:32+00:00\",\"dateModified\":\"2024-12-21T15:04:28+00:00\",\"breadcrumb\":{\"@id\":\"https:\/\/www.humanium.org\/de\/themenschwerpunkte\/gesundheit\/#breadcrumb\"},\"inLanguage\":\"de\",\"potentialAction\":[{\"@type\":\"ReadAction\",\"target\":[\"https:\/\/www.humanium.org\/de\/themenschwerpunkte\/gesundheit\/\"]}]},{\"@type\":\"ImageObject\",\"inLanguage\":\"de\",\"@id\":\"https:\/\/www.humanium.org\/de\/themenschwerpunkte\/gesundheit\/#primaryimage\",\"url\":\"https:\/\/www.humanium.org\/de\/wp-content\/uploads\/2024\/08\/Shutterstock_2416028877-1.jpg\",\"contentUrl\":\"https:\/\/www.humanium.org\/de\/wp-content\/uploads\/2024\/08\/Shutterstock_2416028877-1.jpg\",\"width\":900,\"height\":900},{\"@type\":\"BreadcrumbList\",\"@id\":\"https:\/\/www.humanium.org\/de\/themenschwerpunkte\/gesundheit\/#breadcrumb\",\"itemListElement\":[{\"@type\":\"ListItem\",\"position\":1,\"name\":\"Home\",\"item\":\"https:\/\/www.humanium.org\/de\/\"},{\"@type\":\"ListItem\",\"position\":2,\"name\":\"Themenschwerpunkte\",\"item\":\"https:\/\/www.humanium.org\/de\/themenschwerpunkte\/\"},{\"@type\":\"ListItem\",\"position\":3,\"name\":\"Gesundheit\"}]},{\"@type\":\"WebSite\",\"@id\":\"https:\/\/www.humanium.org\/de\/#website\",\"url\":\"https:\/\/www.humanium.org\/de\/\",\"name\":\"Humanium\",\"description\":\"Kinder zuerst!\",\"potentialAction\":[{\"@type\":\"SearchAction\",\"target\":{\"@type\":\"EntryPoint\",\"urlTemplate\":\"https:\/\/www.humanium.org\/de\/?s={search_term_string}\"},\"query-input\":{\"@type\":\"PropertyValueSpecification\",\"valueRequired\":true,\"valueName\":\"search_term_string\"}}],\"inLanguage\":\"de\"}]}<\/script>\n<!-- \/ Yoast SEO plugin. -->","yoast_head_json":{"title":"Gesundheit - Humanium","robots":{"index":"index","follow":"follow","max-snippet":"max-snippet:-1","max-image-preview":"max-image-preview:large","max-video-preview":"max-video-preview:-1"},"canonical":"https:\/\/www.humanium.org\/de\/themenschwerpunkte\/gesundheit\/","og_locale":"de_DE","og_type":"article","og_title":"Gesundheit - Humanium","og_description":"Gesundheit S\u00e4uglingssterblichkeit Dank einiger bemerkenswerter Bem\u00fchungen um ein nachhaltiges \u00dcberleben von Kindern hat man weltweit schlie\u00dflich das Recht eines jeden Kindes auf \u00dcberleben anerkannt und Schritte in die Wege geleitet, dieses Grundrecht f\u00fcr alle Kinder zu verwirklichen. Kinder mit HIV\/AIDS Das Humane Immundefizienz-Virus (HIV) und sein schwerstes Stadium \u2013 das erworbene Immunschw\u00e4chesyndrom (AIDS) \u2013 betreffen [&hellip;]","og_url":"https:\/\/www.humanium.org\/de\/themenschwerpunkte\/gesundheit\/","og_site_name":"Humanium","article_modified_time":"2024-12-21T15:04:28+00:00","og_image":[{"url":"https:\/\/www.humanium.org\/de\/wp-content\/uploads\/2024\/08\/Shutterstock_2416028877-1.jpg","type":"","width":"","height":""}],"twitter_card":"summary_large_image","twitter_misc":{"Gesch\u00e4tzte Lesezeit":"3\u00a0Minuten"},"schema":{"@context":"https:\/\/schema.org","@graph":[{"@type":"WebPage","@id":"https:\/\/www.humanium.org\/de\/themenschwerpunkte\/gesundheit\/","url":"https:\/\/www.humanium.org\/de\/themenschwerpunkte\/gesundheit\/","name":"Gesundheit - Humanium","isPartOf":{"@id":"https:\/\/www.humanium.org\/de\/#website"},"primaryImageOfPage":{"@id":"https:\/\/www.humanium.org\/de\/themenschwerpunkte\/gesundheit\/#primaryimage"},"image":{"@id":"https:\/\/www.humanium.org\/de\/themenschwerpunkte\/gesundheit\/#primaryimage"},"thumbnailUrl":"https:\/\/www.humanium.org\/de\/wp-content\/uploads\/2024\/08\/Shutterstock_2416028877-1.jpg","datePublished":"2013-08-13T13:05:32+00:00","dateModified":"2024-12-21T15:04:28+00:00","breadcrumb":{"@id":"https:\/\/www.humanium.org\/de\/themenschwerpunkte\/gesundheit\/#breadcrumb"},"inLanguage":"de","potentialAction":[{"@type":"ReadAction","target":["https:\/\/www.humanium.org\/de\/themenschwerpunkte\/gesundheit\/"]}]},{"@type":"ImageObject","inLanguage":"de","@id":"https:\/\/www.humanium.org\/de\/themenschwerpunkte\/gesundheit\/#primaryimage","url":"https:\/\/www.humanium.org\/de\/wp-content\/uploads\/2024\/08\/Shutterstock_2416028877-1.jpg","contentUrl":"https:\/\/www.humanium.org\/de\/wp-content\/uploads\/2024\/08\/Shutterstock_2416028877-1.jpg","width":900,"height":900},{"@type":"BreadcrumbList","@id":"https:\/\/www.humanium.org\/de\/themenschwerpunkte\/gesundheit\/#breadcrumb","itemListElement":[{"@type":"ListItem","position":1,"name":"Home","item":"https:\/\/www.humanium.org\/de\/"},{"@type":"ListItem","position":2,"name":"Themenschwerpunkte","item":"https:\/\/www.humanium.org\/de\/themenschwerpunkte\/"},{"@type":"ListItem","position":3,"name":"Gesundheit"}]},{"@type":"WebSite","@id":"https:\/\/www.humanium.org\/de\/#website","url":"https:\/\/www.humanium.org\/de\/","name":"Humanium","description":"Kinder zuerst!","potentialAction":[{"@type":"SearchAction","target":{"@type":"EntryPoint","urlTemplate":"https:\/\/www.humanium.org\/de\/?s={search_term_string}"},"query-input":{"@type":"PropertyValueSpecification","valueRequired":true,"valueName":"search_term_string"}}],"inLanguage":"de"}]}},"_links":{"self":[{"href":"https:\/\/www.humanium.org\/de\/wp-json\/wp\/v2\/pages\/2105","targetHints":{"allow":["GET"]}}],"collection":[{"href":"https:\/\/www.humanium.org\/de\/wp-json\/wp\/v2\/pages"}],"about":[{"href":"https:\/\/www.humanium.org\/de\/wp-json\/wp\/v2\/types\/page"}],"author":[{"embeddable":true,"href":"https:\/\/www.humanium.org\/de\/wp-json\/wp\/v2\/users\/1"}],"replies":[{"embeddable":true,"href":"https:\/\/www.humanium.org\/de\/wp-json\/wp\/v2\/comments?post=2105"}],"version-history":[{"count":25,"href":"https:\/\/www.humanium.org\/de\/wp-json\/wp\/v2\/pages\/2105\/revisions"}],"predecessor-version":[{"id":18248,"href":"https:\/\/www.humanium.org\/de\/wp-json\/wp\/v2\/pages\/2105\/revisions\/18248"}],"up":[{"embeddable":true,"href":"https:\/\/www.humanium.org\/de\/wp-json\/wp\/v2\/pages\/1858"}],"wp:attachment":[{"href":"https:\/\/www.humanium.org\/de\/wp-json\/wp\/v2\/media?parent=2105"}],"curies":[{"name":"wp","href":"https:\/\/api.w.org\/{rel}","templated":true}]}}