{"id":2112,"date":"2013-08-13T13:18:27","date_gmt":"2013-08-13T13:18:27","guid":{"rendered":"http:\/\/www.humanium.org\/de\/?page_id=2112"},"modified":"2025-05-17T11:38:27","modified_gmt":"2025-05-17T11:38:27","slug":"isolation-und-entwurzelung","status":"publish","type":"page","link":"https:\/\/www.humanium.org\/de\/themenschwerpunkte\/isolation-und-entwurzelung\/","title":{"rendered":"Isolation und Entwurzelung"},"content":{"rendered":"<h1>Isolation und Entwurzelung<\/h1>\n<hr align=\"left\" size=\"4\" width=\"48%\" \/>\n<h2 style=\"margin-bottom: 10px;\"><a href=\"https:\/\/www.humanium.org\/de\/waisenkinder\/\"><img loading=\"lazy\" decoding=\"async\" class=\"wp-image-17977 alignleft\" src=\"https:\/\/www.humanium.org\/de\/wp-content\/uploads\/2024\/09\/Shutterstock_2500604267_small-image-300x300.jpg\" alt=\"\" width=\"141\" height=\"141\" srcset=\"https:\/\/www.humanium.org\/de\/wp-content\/uploads\/2024\/09\/Shutterstock_2500604267_small-image-300x300.jpg 300w, https:\/\/www.humanium.org\/de\/wp-content\/uploads\/2024\/09\/Shutterstock_2500604267_small-image-150x150.jpg 150w, https:\/\/www.humanium.org\/de\/wp-content\/uploads\/2024\/09\/Shutterstock_2500604267_small-image-768x768.jpg 768w, https:\/\/www.humanium.org\/de\/wp-content\/uploads\/2024\/09\/Shutterstock_2500604267_small-image-830x830.jpg 830w, https:\/\/www.humanium.org\/de\/wp-content\/uploads\/2024\/09\/Shutterstock_2500604267_small-image-230x230.jpg 230w, https:\/\/www.humanium.org\/de\/wp-content\/uploads\/2024\/09\/Shutterstock_2500604267_small-image-350x350.jpg 350w, https:\/\/www.humanium.org\/de\/wp-content\/uploads\/2024\/09\/Shutterstock_2500604267_small-image-480x480.jpg 480w, https:\/\/www.humanium.org\/de\/wp-content\/uploads\/2024\/09\/Shutterstock_2500604267_small-image.jpg 900w\" sizes=\"auto, (max-width: 141px) 100vw, 141px\" \/>Verwaiste Kinder<\/a><\/h2>\n<p style=\"margin-bottom: 1px;\">Sch\u00e4tzungen zufolge gibt es weltweit etwa 147 Millionen Waisenkinder. Dies ist zwar eine dokumentierte Statistik, jedoch besteht die allgemeine Bef\u00fcrchtung, dass die tats\u00e4chliche Zahl noch h\u00f6her sein k\u00f6nnte.<\/p>\n<hr \/>\n<h2 style=\"margin-bottom: 10px;\"><a href=\"https:\/\/www.humanium.org\/de\/vertriebene-kinder\/\"><img loading=\"lazy\" decoding=\"async\" class=\"wp-image-18273 alignleft\" src=\"https:\/\/www.humanium.org\/de\/wp-content\/uploads\/2025\/01\/Shutterstock_1769390042-1-300x300.jpg\" alt=\"\" width=\"145\" height=\"145\" srcset=\"https:\/\/www.humanium.org\/de\/wp-content\/uploads\/2025\/01\/Shutterstock_1769390042-1-300x300.jpg 300w, https:\/\/www.humanium.org\/de\/wp-content\/uploads\/2025\/01\/Shutterstock_1769390042-1-150x150.jpg 150w, https:\/\/www.humanium.org\/de\/wp-content\/uploads\/2025\/01\/Shutterstock_1769390042-1-768x768.jpg 768w, https:\/\/www.humanium.org\/de\/wp-content\/uploads\/2025\/01\/Shutterstock_1769390042-1-830x830.jpg 830w, https:\/\/www.humanium.org\/de\/wp-content\/uploads\/2025\/01\/Shutterstock_1769390042-1-230x230.jpg 230w, https:\/\/www.humanium.org\/de\/wp-content\/uploads\/2025\/01\/Shutterstock_1769390042-1-350x350.jpg 350w, https:\/\/www.humanium.org\/de\/wp-content\/uploads\/2025\/01\/Shutterstock_1769390042-1-480x480.jpg 480w, https:\/\/www.humanium.org\/de\/wp-content\/uploads\/2025\/01\/Shutterstock_1769390042-1.jpg 900w\" sizes=\"auto, (max-width: 145px) 100vw, 145px\" \/>Vertriebene Kinder<\/a><\/h2>\n<p style=\"margin-bottom: 1px;\">Jedes Jahr sind Millionen von Kindern gezwungen, aus ihrer Heimat zu fliehen und in unbekannten Gebieten Zuflucht zu suchen, u. a. aufgrund von Konflikten, Verzweiflung, drohender Gefahr und Klimawandel.<\/p>\n<hr \/>\n<h2 style=\"margin-bottom: 10px;\"><a href=\"https:\/\/www.humanium.org\/de\/verschwundene-kinder\/\"><img loading=\"lazy\" decoding=\"async\" class=\"wp-image-18277 alignleft\" src=\"https:\/\/www.humanium.org\/de\/wp-content\/uploads\/2025\/01\/Shutterstock_2269475509-1-300x300.jpg\" alt=\"\" width=\"146\" height=\"146\" srcset=\"https:\/\/www.humanium.org\/de\/wp-content\/uploads\/2025\/01\/Shutterstock_2269475509-1-300x300.jpg 300w, https:\/\/www.humanium.org\/de\/wp-content\/uploads\/2025\/01\/Shutterstock_2269475509-1-150x150.jpg 150w, https:\/\/www.humanium.org\/de\/wp-content\/uploads\/2025\/01\/Shutterstock_2269475509-1-768x768.jpg 768w, https:\/\/www.humanium.org\/de\/wp-content\/uploads\/2025\/01\/Shutterstock_2269475509-1-830x830.jpg 830w, https:\/\/www.humanium.org\/de\/wp-content\/uploads\/2025\/01\/Shutterstock_2269475509-1-230x230.jpg 230w, https:\/\/www.humanium.org\/de\/wp-content\/uploads\/2025\/01\/Shutterstock_2269475509-1-350x350.jpg 350w, https:\/\/www.humanium.org\/de\/wp-content\/uploads\/2025\/01\/Shutterstock_2269475509-1-480x480.jpg 480w, https:\/\/www.humanium.org\/de\/wp-content\/uploads\/2025\/01\/Shutterstock_2269475509-1.jpg 900w\" sizes=\"auto, (max-width: 146px) 100vw, 146px\" \/>Verschwundene Kinder<\/a><\/h2>\n<p style=\"margin-bottom: 1px;\">Unabh\u00e4ngig davon, ob Kinder ihr Zuhause ohne Erlaubnis verlassen, ob sie von einem Elternteil ohne die Zustimmung des anderen entf\u00fchrt werden oder ob sie von anderen gewaltsam entf\u00fchrt werden, bereiten diese Vorf\u00e4lle erhebliche Schwierigkeiten hinsichtlich der Pr\u00e4vention und Intervention.<\/p>\n<hr \/>\n<h2 style=\"margin-bottom: 10px;\"><a href=\"https:\/\/www.humanium.org\/de\/staatenlos-und-unsichtbar\/\"><img loading=\"lazy\" decoding=\"async\" class=\" wp-image-17936 alignleft\" src=\"https:\/\/www.humanium.org\/de\/wp-content\/uploads\/2024\/09\/Shutterstock_1664290708-300x300.jpg\" alt=\"\" width=\"140\" height=\"140\" srcset=\"https:\/\/www.humanium.org\/de\/wp-content\/uploads\/2024\/09\/Shutterstock_1664290708-300x300.jpg 300w, https:\/\/www.humanium.org\/de\/wp-content\/uploads\/2024\/09\/Shutterstock_1664290708-150x150.jpg 150w, https:\/\/www.humanium.org\/de\/wp-content\/uploads\/2024\/09\/Shutterstock_1664290708-768x768.jpg 768w, https:\/\/www.humanium.org\/de\/wp-content\/uploads\/2024\/09\/Shutterstock_1664290708-830x830.jpg 830w, https:\/\/www.humanium.org\/de\/wp-content\/uploads\/2024\/09\/Shutterstock_1664290708-230x230.jpg 230w, https:\/\/www.humanium.org\/de\/wp-content\/uploads\/2024\/09\/Shutterstock_1664290708-350x350.jpg 350w, https:\/\/www.humanium.org\/de\/wp-content\/uploads\/2024\/09\/Shutterstock_1664290708-480x480.jpg 480w, https:\/\/www.humanium.org\/de\/wp-content\/uploads\/2024\/09\/Shutterstock_1664290708.jpg 900w\" sizes=\"auto, (max-width: 140px) 100vw, 140px\" \/>Staatenlose und unsichtbare Kinder<\/a><\/h2>\n<p style=\"margin-bottom: 1px;\">Der erste Zustand, in dem sich staatenlose Kinder wiederfinden, ist der der Unsichtbarkeit. Weltweit haben rund 237 Millionen Kinder unter 5 Jahren keine Geburtsurkunde und sind dem Risiko der Staatenlosigkeit ausgesetzt.<\/p>\n<hr \/>\n<h2 style=\"margin-bottom: 10px;\"><a href=\"https:\/\/www.humanium.org\/de\/familie-und-rechte-von-kindern\/\"><img loading=\"lazy\" decoding=\"async\" class=\" wp-image-18295 alignleft\" src=\"https:\/\/www.humanium.org\/de\/wp-content\/uploads\/2025\/01\/Shutterstock_586587755-1-300x300.jpg\" alt=\"\" width=\"144\" height=\"144\" srcset=\"https:\/\/www.humanium.org\/de\/wp-content\/uploads\/2025\/01\/Shutterstock_586587755-1-300x300.jpg 300w, https:\/\/www.humanium.org\/de\/wp-content\/uploads\/2025\/01\/Shutterstock_586587755-1-150x150.jpg 150w, https:\/\/www.humanium.org\/de\/wp-content\/uploads\/2025\/01\/Shutterstock_586587755-1-768x768.jpg 768w, https:\/\/www.humanium.org\/de\/wp-content\/uploads\/2025\/01\/Shutterstock_586587755-1-830x830.jpg 830w, https:\/\/www.humanium.org\/de\/wp-content\/uploads\/2025\/01\/Shutterstock_586587755-1-230x230.jpg 230w, https:\/\/www.humanium.org\/de\/wp-content\/uploads\/2025\/01\/Shutterstock_586587755-1-350x350.jpg 350w, https:\/\/www.humanium.org\/de\/wp-content\/uploads\/2025\/01\/Shutterstock_586587755-1-480x480.jpg 480w, https:\/\/www.humanium.org\/de\/wp-content\/uploads\/2025\/01\/Shutterstock_586587755-1.jpg 900w\" sizes=\"auto, (max-width: 144px) 100vw, 144px\" \/>Familie und Rechte von Kindern<\/a><\/h2>\n<p style=\"margin-bottom: 1px;\">Jedes Kind hat das Recht, in einer Umgebung aufzuwachsen, wo es Gl\u00fcck, Liebe und Geborgenheit erf\u00e4hrt. Das ist jedoch nicht immer der Fall. Verschiedene Schwierigkeiten wie Gewalt, Armut und Bildungsdefizite stellen eine Bedrohung f\u00fcr die Entwicklung von Kindern dar.<\/p>\n<hr \/>\n<h2 style=\"margin-bottom: 10px;\"><a href=\"https:\/\/www.humanium.org\/de\/kindesentfuehrung-durch-einen-elternteil\/\"><img loading=\"lazy\" decoding=\"async\" class=\" wp-image-18519 alignleft\" src=\"https:\/\/www.humanium.org\/de\/wp-content\/uploads\/2025\/03\/Shutterstock_1218857530-1-300x300.jpg\" alt=\"\" width=\"147\" height=\"147\" srcset=\"https:\/\/www.humanium.org\/de\/wp-content\/uploads\/2025\/03\/Shutterstock_1218857530-1-300x300.jpg 300w, https:\/\/www.humanium.org\/de\/wp-content\/uploads\/2025\/03\/Shutterstock_1218857530-1-150x150.jpg 150w, https:\/\/www.humanium.org\/de\/wp-content\/uploads\/2025\/03\/Shutterstock_1218857530-1-768x768.jpg 768w, https:\/\/www.humanium.org\/de\/wp-content\/uploads\/2025\/03\/Shutterstock_1218857530-1-830x830.jpg 830w, https:\/\/www.humanium.org\/de\/wp-content\/uploads\/2025\/03\/Shutterstock_1218857530-1-230x230.jpg 230w, https:\/\/www.humanium.org\/de\/wp-content\/uploads\/2025\/03\/Shutterstock_1218857530-1-350x350.jpg 350w, https:\/\/www.humanium.org\/de\/wp-content\/uploads\/2025\/03\/Shutterstock_1218857530-1-480x480.jpg 480w, https:\/\/www.humanium.org\/de\/wp-content\/uploads\/2025\/03\/Shutterstock_1218857530-1.jpg 900w\" sizes=\"auto, (max-width: 147px) 100vw, 147px\" \/>Kindesentf\u00fchrung durch einen Elternteil<\/a><\/h2>\n<p>Entgegen der verbreiteten Meinung findet die Mehrzahl der Entf\u00fchrungen durch die Eltern statt. Kindesentf\u00fchrungen durch einen Elternteil sind auf eine Vielzahl von Faktoren zur\u00fcckzuf\u00fchren, die in den meisten F\u00e4llen auf sich verschlechternden Beziehungen, insbesondere bei internationalen Partnern, basieren.<\/p>\n<hr \/>\n<h2 style=\"margin-bottom: 10px;\"><img loading=\"lazy\" decoding=\"async\" class=\" wp-image-18589 alignleft\" src=\"https:\/\/www.humanium.org\/de\/wp-content\/uploads\/2025\/04\/Shutterstock_1142016008-1-300x300.jpg\" alt=\"\" width=\"156\" height=\"156\" srcset=\"https:\/\/www.humanium.org\/de\/wp-content\/uploads\/2025\/04\/Shutterstock_1142016008-1-300x300.jpg 300w, https:\/\/www.humanium.org\/de\/wp-content\/uploads\/2025\/04\/Shutterstock_1142016008-1-150x150.jpg 150w, https:\/\/www.humanium.org\/de\/wp-content\/uploads\/2025\/04\/Shutterstock_1142016008-1-768x768.jpg 768w, https:\/\/www.humanium.org\/de\/wp-content\/uploads\/2025\/04\/Shutterstock_1142016008-1-830x830.jpg 830w, https:\/\/www.humanium.org\/de\/wp-content\/uploads\/2025\/04\/Shutterstock_1142016008-1-230x230.jpg 230w, https:\/\/www.humanium.org\/de\/wp-content\/uploads\/2025\/04\/Shutterstock_1142016008-1-350x350.jpg 350w, https:\/\/www.humanium.org\/de\/wp-content\/uploads\/2025\/04\/Shutterstock_1142016008-1-480x480.jpg 480w, https:\/\/www.humanium.org\/de\/wp-content\/uploads\/2025\/04\/Shutterstock_1142016008-1.jpg 900w\" sizes=\"auto, (max-width: 156px) 100vw, 156px\" \/><a href=\"https:\/\/www.humanium.org\/de\/kinderadoption\/\"><span style=\"color: revert; font-size: revert; font-weight: revert;\">Kinderadoption<\/span><\/a><\/h2>\n<p>Die Adoption von Kindern ist ein rechtliches Verfahren, bei dem Familien dauerhaft die Verantwortung f\u00fcr Kinder \u00fcbernehmen, die nicht bei ihren leiblichen Eltern bleiben k\u00f6nnen. Dadurch wird ein stabiles Umfeld geschaffen, das f\u00fcr die Entwicklung der Kinder von entscheidender Bedeutung ist.<\/p>\n<hr \/>\n<h2 style=\"margin-bottom: 10px;\"><img loading=\"lazy\" decoding=\"async\" class=\" wp-image-18618 alignleft\" src=\"https:\/\/www.humanium.org\/de\/wp-content\/uploads\/2025\/05\/shutterstock_2500212333_edited-300x300.jpeg\" alt=\"\" width=\"159\" height=\"159\" srcset=\"https:\/\/www.humanium.org\/de\/wp-content\/uploads\/2025\/05\/shutterstock_2500212333_edited-300x300.jpeg 300w, https:\/\/www.humanium.org\/de\/wp-content\/uploads\/2025\/05\/shutterstock_2500212333_edited-150x150.jpeg 150w, https:\/\/www.humanium.org\/de\/wp-content\/uploads\/2025\/05\/shutterstock_2500212333_edited-230x230.jpeg 230w, https:\/\/www.humanium.org\/de\/wp-content\/uploads\/2025\/05\/shutterstock_2500212333_edited.jpeg 334w\" sizes=\"auto, (max-width: 159px) 100vw, 159px\" \/><a href=\"https:\/\/www.humanium.org\/de\/kinderpflege-kinder-in-pflegefamilien\/\">Kinderpflege\u00a0<\/a><\/h2>\n<p>\u00dcberall auf der Welt werden Kinder infolge einer Reihe von gef\u00e4hrdenden und st\u00f6renden Ereignissen von ihren Familien getrennt und in alternativer Betreuung untergebracht. Nationale Einrichtungen haben verschiedene formelle und informelle Strukturen zur Versorgung dieser Kinder geschaffen.<\/p>\n","protected":false},"excerpt":{"rendered":"<p>Isolation und Entwurzelung Verwaiste Kinder Sch\u00e4tzungen zufolge gibt es weltweit etwa 147 Millionen Waisenkinder. Dies ist zwar eine dokumentierte Statistik, jedoch besteht die allgemeine Bef\u00fcrchtung, dass die tats\u00e4chliche Zahl noch h\u00f6her sein k\u00f6nnte. Vertriebene Kinder Jedes Jahr sind Millionen von Kindern gezwungen, aus ihrer Heimat zu fliehen und in unbekannten Gebieten Zuflucht zu suchen, u. [&hellip;]<\/p>\n","protected":false},"author":1,"featured_media":0,"parent":1858,"menu_order":0,"comment_status":"closed","ping_status":"closed","template":"","meta":{"footnotes":""},"class_list":["post-2112","page","type-page","status-publish","hentry"],"yoast_head":"<!-- This site is optimized with the Yoast SEO plugin v26.5 - https:\/\/yoast.com\/wordpress\/plugins\/seo\/ -->\n<title>Isolation und Entwurzelung - Humanium<\/title>\n<meta name=\"robots\" content=\"index, follow, max-snippet:-1, max-image-preview:large, max-video-preview:-1\" \/>\n<link rel=\"canonical\" href=\"https:\/\/www.humanium.org\/de\/themenschwerpunkte\/isolation-und-entwurzelung\/\" \/>\n<meta property=\"og:locale\" content=\"de_DE\" \/>\n<meta property=\"og:type\" content=\"article\" \/>\n<meta property=\"og:title\" content=\"Isolation und Entwurzelung - Humanium\" \/>\n<meta property=\"og:description\" content=\"Isolation und Entwurzelung Verwaiste Kinder Sch\u00e4tzungen zufolge gibt es weltweit etwa 147 Millionen Waisenkinder. Dies ist zwar eine dokumentierte Statistik, jedoch besteht die allgemeine Bef\u00fcrchtung, dass die tats\u00e4chliche Zahl noch h\u00f6her sein k\u00f6nnte. Vertriebene Kinder Jedes Jahr sind Millionen von Kindern gezwungen, aus ihrer Heimat zu fliehen und in unbekannten Gebieten Zuflucht zu suchen, u. [&hellip;]\" \/>\n<meta property=\"og:url\" content=\"https:\/\/www.humanium.org\/de\/themenschwerpunkte\/isolation-und-entwurzelung\/\" \/>\n<meta property=\"og:site_name\" content=\"Humanium\" \/>\n<meta property=\"article:modified_time\" content=\"2025-05-17T11:38:27+00:00\" \/>\n<meta property=\"og:image\" content=\"https:\/\/www.humanium.org\/de\/wp-content\/uploads\/2024\/09\/Shutterstock_2500604267_small-image-300x300.jpg\" \/>\n<meta name=\"twitter:card\" content=\"summary_large_image\" \/>\n<meta name=\"twitter:label1\" content=\"Gesch\u00e4tzte Lesezeit\" \/>\n\t<meta name=\"twitter:data1\" content=\"4\u00a0Minuten\" \/>\n<script type=\"application\/ld+json\" class=\"yoast-schema-graph\">{\"@context\":\"https:\/\/schema.org\",\"@graph\":[{\"@type\":\"WebPage\",\"@id\":\"https:\/\/www.humanium.org\/de\/themenschwerpunkte\/isolation-und-entwurzelung\/\",\"url\":\"https:\/\/www.humanium.org\/de\/themenschwerpunkte\/isolation-und-entwurzelung\/\",\"name\":\"Isolation und Entwurzelung - Humanium\",\"isPartOf\":{\"@id\":\"https:\/\/www.humanium.org\/de\/#website\"},\"primaryImageOfPage\":{\"@id\":\"https:\/\/www.humanium.org\/de\/themenschwerpunkte\/isolation-und-entwurzelung\/#primaryimage\"},\"image\":{\"@id\":\"https:\/\/www.humanium.org\/de\/themenschwerpunkte\/isolation-und-entwurzelung\/#primaryimage\"},\"thumbnailUrl\":\"https:\/\/www.humanium.org\/de\/wp-content\/uploads\/2024\/09\/Shutterstock_2500604267_small-image-300x300.jpg\",\"datePublished\":\"2013-08-13T13:18:27+00:00\",\"dateModified\":\"2025-05-17T11:38:27+00:00\",\"breadcrumb\":{\"@id\":\"https:\/\/www.humanium.org\/de\/themenschwerpunkte\/isolation-und-entwurzelung\/#breadcrumb\"},\"inLanguage\":\"de\",\"potentialAction\":[{\"@type\":\"ReadAction\",\"target\":[\"https:\/\/www.humanium.org\/de\/themenschwerpunkte\/isolation-und-entwurzelung\/\"]}]},{\"@type\":\"ImageObject\",\"inLanguage\":\"de\",\"@id\":\"https:\/\/www.humanium.org\/de\/themenschwerpunkte\/isolation-und-entwurzelung\/#primaryimage\",\"url\":\"https:\/\/www.humanium.org\/de\/wp-content\/uploads\/2024\/09\/Shutterstock_2500604267_small-image.jpg\",\"contentUrl\":\"https:\/\/www.humanium.org\/de\/wp-content\/uploads\/2024\/09\/Shutterstock_2500604267_small-image.jpg\",\"width\":900,\"height\":900},{\"@type\":\"BreadcrumbList\",\"@id\":\"https:\/\/www.humanium.org\/de\/themenschwerpunkte\/isolation-und-entwurzelung\/#breadcrumb\",\"itemListElement\":[{\"@type\":\"ListItem\",\"position\":1,\"name\":\"Home\",\"item\":\"https:\/\/www.humanium.org\/de\/\"},{\"@type\":\"ListItem\",\"position\":2,\"name\":\"Themenschwerpunkte\",\"item\":\"https:\/\/www.humanium.org\/de\/themenschwerpunkte\/\"},{\"@type\":\"ListItem\",\"position\":3,\"name\":\"Isolation und Entwurzelung\"}]},{\"@type\":\"WebSite\",\"@id\":\"https:\/\/www.humanium.org\/de\/#website\",\"url\":\"https:\/\/www.humanium.org\/de\/\",\"name\":\"Humanium\",\"description\":\"Kinder zuerst!\",\"potentialAction\":[{\"@type\":\"SearchAction\",\"target\":{\"@type\":\"EntryPoint\",\"urlTemplate\":\"https:\/\/www.humanium.org\/de\/?s={search_term_string}\"},\"query-input\":{\"@type\":\"PropertyValueSpecification\",\"valueRequired\":true,\"valueName\":\"search_term_string\"}}],\"inLanguage\":\"de\"}]}<\/script>\n<!-- \/ Yoast SEO plugin. -->","yoast_head_json":{"title":"Isolation und Entwurzelung - Humanium","robots":{"index":"index","follow":"follow","max-snippet":"max-snippet:-1","max-image-preview":"max-image-preview:large","max-video-preview":"max-video-preview:-1"},"canonical":"https:\/\/www.humanium.org\/de\/themenschwerpunkte\/isolation-und-entwurzelung\/","og_locale":"de_DE","og_type":"article","og_title":"Isolation und Entwurzelung - Humanium","og_description":"Isolation und Entwurzelung Verwaiste Kinder Sch\u00e4tzungen zufolge gibt es weltweit etwa 147 Millionen Waisenkinder. Dies ist zwar eine dokumentierte Statistik, jedoch besteht die allgemeine Bef\u00fcrchtung, dass die tats\u00e4chliche Zahl noch h\u00f6her sein k\u00f6nnte. Vertriebene Kinder Jedes Jahr sind Millionen von Kindern gezwungen, aus ihrer Heimat zu fliehen und in unbekannten Gebieten Zuflucht zu suchen, u. [&hellip;]","og_url":"https:\/\/www.humanium.org\/de\/themenschwerpunkte\/isolation-und-entwurzelung\/","og_site_name":"Humanium","article_modified_time":"2025-05-17T11:38:27+00:00","og_image":[{"url":"https:\/\/www.humanium.org\/de\/wp-content\/uploads\/2024\/09\/Shutterstock_2500604267_small-image-300x300.jpg","type":"","width":"","height":""}],"twitter_card":"summary_large_image","twitter_misc":{"Gesch\u00e4tzte Lesezeit":"4\u00a0Minuten"},"schema":{"@context":"https:\/\/schema.org","@graph":[{"@type":"WebPage","@id":"https:\/\/www.humanium.org\/de\/themenschwerpunkte\/isolation-und-entwurzelung\/","url":"https:\/\/www.humanium.org\/de\/themenschwerpunkte\/isolation-und-entwurzelung\/","name":"Isolation und Entwurzelung - Humanium","isPartOf":{"@id":"https:\/\/www.humanium.org\/de\/#website"},"primaryImageOfPage":{"@id":"https:\/\/www.humanium.org\/de\/themenschwerpunkte\/isolation-und-entwurzelung\/#primaryimage"},"image":{"@id":"https:\/\/www.humanium.org\/de\/themenschwerpunkte\/isolation-und-entwurzelung\/#primaryimage"},"thumbnailUrl":"https:\/\/www.humanium.org\/de\/wp-content\/uploads\/2024\/09\/Shutterstock_2500604267_small-image-300x300.jpg","datePublished":"2013-08-13T13:18:27+00:00","dateModified":"2025-05-17T11:38:27+00:00","breadcrumb":{"@id":"https:\/\/www.humanium.org\/de\/themenschwerpunkte\/isolation-und-entwurzelung\/#breadcrumb"},"inLanguage":"de","potentialAction":[{"@type":"ReadAction","target":["https:\/\/www.humanium.org\/de\/themenschwerpunkte\/isolation-und-entwurzelung\/"]}]},{"@type":"ImageObject","inLanguage":"de","@id":"https:\/\/www.humanium.org\/de\/themenschwerpunkte\/isolation-und-entwurzelung\/#primaryimage","url":"https:\/\/www.humanium.org\/de\/wp-content\/uploads\/2024\/09\/Shutterstock_2500604267_small-image.jpg","contentUrl":"https:\/\/www.humanium.org\/de\/wp-content\/uploads\/2024\/09\/Shutterstock_2500604267_small-image.jpg","width":900,"height":900},{"@type":"BreadcrumbList","@id":"https:\/\/www.humanium.org\/de\/themenschwerpunkte\/isolation-und-entwurzelung\/#breadcrumb","itemListElement":[{"@type":"ListItem","position":1,"name":"Home","item":"https:\/\/www.humanium.org\/de\/"},{"@type":"ListItem","position":2,"name":"Themenschwerpunkte","item":"https:\/\/www.humanium.org\/de\/themenschwerpunkte\/"},{"@type":"ListItem","position":3,"name":"Isolation und Entwurzelung"}]},{"@type":"WebSite","@id":"https:\/\/www.humanium.org\/de\/#website","url":"https:\/\/www.humanium.org\/de\/","name":"Humanium","description":"Kinder zuerst!","potentialAction":[{"@type":"SearchAction","target":{"@type":"EntryPoint","urlTemplate":"https:\/\/www.humanium.org\/de\/?s={search_term_string}"},"query-input":{"@type":"PropertyValueSpecification","valueRequired":true,"valueName":"search_term_string"}}],"inLanguage":"de"}]}},"_links":{"self":[{"href":"https:\/\/www.humanium.org\/de\/wp-json\/wp\/v2\/pages\/2112","targetHints":{"allow":["GET"]}}],"collection":[{"href":"https:\/\/www.humanium.org\/de\/wp-json\/wp\/v2\/pages"}],"about":[{"href":"https:\/\/www.humanium.org\/de\/wp-json\/wp\/v2\/types\/page"}],"author":[{"embeddable":true,"href":"https:\/\/www.humanium.org\/de\/wp-json\/wp\/v2\/users\/1"}],"replies":[{"embeddable":true,"href":"https:\/\/www.humanium.org\/de\/wp-json\/wp\/v2\/comments?post=2112"}],"version-history":[{"count":18,"href":"https:\/\/www.humanium.org\/de\/wp-json\/wp\/v2\/pages\/2112\/revisions"}],"predecessor-version":[{"id":18620,"href":"https:\/\/www.humanium.org\/de\/wp-json\/wp\/v2\/pages\/2112\/revisions\/18620"}],"up":[{"embeddable":true,"href":"https:\/\/www.humanium.org\/de\/wp-json\/wp\/v2\/pages\/1858"}],"wp:attachment":[{"href":"https:\/\/www.humanium.org\/de\/wp-json\/wp\/v2\/media?parent=2112"}],"curies":[{"name":"wp","href":"https:\/\/api.w.org\/{rel}","templated":true}]}}