{"id":2138,"date":"2013-08-29T14:29:48","date_gmt":"2013-08-29T14:29:48","guid":{"rendered":"http:\/\/www.humanium.org\/de\/?page_id=2138"},"modified":"2017-10-04T08:45:16","modified_gmt":"2017-10-04T08:45:16","slug":"recht-nahrung-welt","status":"publish","type":"page","link":"https:\/\/www.humanium.org\/de\/recht-nahrung-welt\/","title":{"rendered":"Das Recht auf Nahrung weltweit"},"content":{"rendered":"<h1>Recht auf ausreichende Ern\u00e4hrung<\/h1>\n<h2>Die Ern\u00e4hrungssituation von Kindern in der Welt<\/h2>\n<p><strong>Das Recht von Kindern auf ausreichende Ern\u00e4hrung ist ein nach allen internationalen Standards anerkanntes Grundrecht. Trotzdem leiden nach wie vor Millionen von Kindern in der ganzen Welt an Unterern\u00e4hrung und Mangelern\u00e4hrung.<\/strong><\/p>\n<h3>Gr\u00fcnde f\u00fcr den weltweiten Nahrungsmangel<\/h3>\n<h4>Armut und Nahrungsmangel<\/h4>\n<p>Nahrungsmangel hat viele verschiedene Ursachen.<\/p>\n<p><img loading=\"lazy\" decoding=\"async\" class=\" wp-image-4608 alignright\" title=\"Kinder leider als Erste unter Nahrungsknappheit \u00a9 IRIN\/A.Emam\" alt=\"\" src=\"https:\/\/www.humanium.org\/en\/wp-content\/uploads\/portail-fr\/IRIN-amr-emam.jpg\" width=\"167\" height=\"255\" \/>Einer der wichtigsten Faktoren ist Armut, die sowohl Ursache als auch Folge der weltweiten Mangel- und Unterern\u00e4hrung ist. Menschen, die in Armut leben, haben nur selten Zugang zu vorhandenen Lebensmittelvorr\u00e4ten, weil ihnen dazu die finanziellen Mittel fehlen oder weil sie nicht die M\u00f6glichkeit haben, selbst Lebensmittel zu produzieren.<\/p>\n<p>Auch fehlendes Wissen dar\u00fcber, welche Ern\u00e4hrung f\u00fcr die k\u00f6rperliche und geistige Entwicklung von Kindern n\u00f6tig ist, f\u00fchrt oft zu Mangelern\u00e4hrung bei Kindern.<\/p>\n<h4>Lebensmittelknappheit infolge von politischer Instabilit\u00e4t und Klimaschwankungen<\/h4>\n<p><img loading=\"lazy\" decoding=\"async\" class=\"size-full wp-image-4603 alignleft\" title=\"Fehlende Lebensmittel sind oft eine Folge von Krisensituationen \u00a9 IRIN\" alt=\"\" src=\"https:\/\/www.humanium.org\/en\/wp-content\/uploads\/portail-fr\/IRIN-food.jpg\" width=\"253\" height=\"193\" \/>Lebensmittelknappheit ist eine der Hauptursachen des weltweiten Hungerleidens. Ganze Bev\u00f6lkerungsgruppen haben nicht genug zu essen.<\/p>\n<p>Konflikte, Kriege und Klimakatastrophen wie D\u00fcrren, Br\u00e4nde oder \u00dcberschwemmungen sorgen daf\u00fcr, dass Vorr\u00e4te ausgehen und Lebensmittelimporte unterbrochen werden.<\/p>\n<p>Doch nur in sehr armen L\u00e4ndern, denen die finanziellen Mittel fehlen, um die Sch\u00e4den der Katastrophe zu kompensieren, f\u00fchren diese Faktoren auch tats\u00e4chlich zu Lebensmittelknappheit und Hungersn\u00f6ten.<\/p>\n<h3>Aktuelle Umsetzung des Rechts auf ausreichende Ern\u00e4hrung<\/h3>\n<p>Aktuell sind mehr als eine Milliarde Menschen auf der ganzen Welt unterern\u00e4hrt, 800 Millionen von ihnen leiden an Mangelern\u00e4hrung.<\/p>\n<h4>Kinder leiden am st\u00e4rksten unter Armut und Nahrungsmangel<\/h4>\n<p><img loading=\"lazy\" decoding=\"async\" class=\" wp-image-4611 alignright\" title=\"Einige Regionen in Afrika sind nach wie vor st\u00e4rker vom Nahrungsmangel betroffen als andere \u00a9 UNESCO\/R.Dominique\" alt=\"\" src=\"https:\/\/www.humanium.org\/en\/wp-content\/uploads\/portail-fr\/UNESCO-R-Dominique-2.jpg\" width=\"272\" height=\"176\" \/><\/p>\n<p>In Entwicklungsl\u00e4ndern sind 146 Millionen Kinder unter f\u00fcnf Jahren untergewichtig. Das hei\u00dft, dass jedes vierte Kind weltweit an chronischer oder akuter Mangelern\u00e4hrung leidet.<\/p>\n<p>Am st\u00e4rksten von Nahrungsmangel betroffen sind die Regionen s\u00fcdlich der Sahara, S\u00fcdostasien, Ostasien und die Pazifikregion. Die Kindersterblichkeit erreicht immer wieder neue H\u00f6chstst\u00e4nde, besonders in der Sahelzone, wo 60% der Todesf\u00e4lle bei Kindern unter f\u00fcnf Jahren in eindeutigem Zusammenhang mit einer Mangelern\u00e4hrung stehen.<\/p>\n<h4>Die schweren Folgen von Nahrungsmangel f\u00fcr Kinder<\/h4>\n<p>Die Unterversorgung mit lebenswichtigen Spurenelementen ist jedes Jahr f\u00fcr den Tod oder eine dauerhafte k\u00f6rperliche Sch\u00e4digung von einer Millionen Kinder verantwortlich. Mehr als eine halbe Millionen Kinder erblinden aufgrund von Vitamin-A-Mangel, bei 40 bis 60% der Kinder in Entwicklungsl\u00e4ndern wird durch Eisenmangel die geistige Entwicklung verz\u00f6gert.<\/p>\n<p>Dar\u00fcber hinaus sterben j\u00e4hrlich mehr als f\u00fcnf Millionen Kinder an der doppelten Belastung durch Mangelern\u00e4hrung und h\u00e4ufig auftretende Krankheiten (Lungenentz\u00fcndung, Durchf\u00e4lle, Malaria, Masern); das hei\u00dft, alle sechs Sekunden stirbt auf diese Weise ein Kind.<\/p>\n<p>Auch wenn in den letzten zehn Monaten gute Fortschritte zur Verbesserung der Lebensmittelsicherheit gemacht werden konnten, m\u00fcssen nach wie vor viel zu viele Menschen an Hunger und Mangelern\u00e4hrung leiden.<br \/>\n<\/p>\n<div id=\"toggle\"><a onclick=\"show_voir_aussi('voir_aussi_box')\" href=\"javascript:show_voir_aussi(id)\"><\/a><\/div>\n<div id=\"voir_aussi_box\" style=\"display: none;\">\n<ul>\n<li><a href=\"https:\/\/www.humanium.org\/de\/recht-nahrung\/\">Das Recht auf Nahrung<\/a><\/li>\n<li><a href=\"https:\/\/www.humanium.org\/de\/ungleichverteilung-von-ressourcen-die-erklarung-der-nahrungsmittelkrise\/\">Ungleichverteilung von Ressourcen: Die Erkl\u00e4rung der Nahrungsmittelkrise<\/a><\/li>\n<li><a href=\"https:\/\/www.humanium.org\/de\/recht-nahrung-welt\/\">Die Ern\u00e4hrungssituation von Kindern in der Welt<\/a><\/li>\n<li><a href=\"https:\/\/www.humanium.org\/de\/verstehen\/\">Andere Grundrechte<\/a><\/li>\n<\/ul>\n<\/div>\n<p><\/p>\n<div id=\"toggle\"><\/div>\n<div id=\"sources_box\" style=\"display: none;\">\n<ul>\nSiehe verwendete Quellen f\u00fcr die Originalversion in Franz\u00f6sisch.\n<\/ul>\n<\/div>\n<p>&nbsp;<\/p>\n<table>\n<tbody style=\"background: #f9f9f9;\">\n<tr>\n<td>\n<div style=\"float: left; width: 90%;\">\u00dcbersetzt von : Deborah Leyendecker<br \/>\nBewertet von : Vanja Cakic<\/div>\n<\/td>\n<\/tr>\n<\/tbody>\n<\/table>\n<table>\n<tbody style=\"background: #f9f9f9;\">\n<tr>\n<td>\n<div style=\"float: left; width: 90%;\">Verfasst am 25. Juli 2013<\/div>\n<\/td>\n<\/tr>\n<\/tbody>\n<\/table>\n","protected":false},"excerpt":{"rendered":"<p>Recht auf ausreichende Ern\u00e4hrung Die Ern\u00e4hrungssituation von Kindern in der Welt Das Recht von Kindern auf ausreichende Ern\u00e4hrung ist ein nach allen internationalen Standards anerkanntes Grundrecht. Trotzdem leiden nach wie vor Millionen von Kindern in der ganzen Welt an Unterern\u00e4hrung und Mangelern\u00e4hrung. Gr\u00fcnde f\u00fcr den weltweiten Nahrungsmangel Armut und Nahrungsmangel Nahrungsmangel hat viele verschiedene Ursachen. [&hellip;]<\/p>\n","protected":false},"author":1,"featured_media":0,"parent":0,"menu_order":0,"comment_status":"closed","ping_status":"closed","template":"","meta":{"footnotes":""},"class_list":["post-2138","page","type-page","status-publish","hentry"],"yoast_head":"<!-- This site is optimized with the Yoast SEO plugin v26.5 - https:\/\/yoast.com\/wordpress\/plugins\/seo\/ -->\n<title>Das Recht auf Nahrung weltweit - Humanium<\/title>\n<meta name=\"robots\" content=\"index, follow, max-snippet:-1, max-image-preview:large, max-video-preview:-1\" \/>\n<link rel=\"canonical\" href=\"https:\/\/www.humanium.org\/de\/recht-nahrung-welt\/\" \/>\n<meta property=\"og:locale\" content=\"de_DE\" \/>\n<meta property=\"og:type\" content=\"article\" \/>\n<meta property=\"og:title\" content=\"Das Recht auf Nahrung weltweit - Humanium\" \/>\n<meta property=\"og:description\" content=\"Recht auf ausreichende Ern\u00e4hrung Die Ern\u00e4hrungssituation von Kindern in der Welt Das Recht von Kindern auf ausreichende Ern\u00e4hrung ist ein nach allen internationalen Standards anerkanntes Grundrecht. Trotzdem leiden nach wie vor Millionen von Kindern in der ganzen Welt an Unterern\u00e4hrung und Mangelern\u00e4hrung. Gr\u00fcnde f\u00fcr den weltweiten Nahrungsmangel Armut und Nahrungsmangel Nahrungsmangel hat viele verschiedene Ursachen. [&hellip;]\" \/>\n<meta property=\"og:url\" content=\"https:\/\/www.humanium.org\/de\/recht-nahrung-welt\/\" \/>\n<meta property=\"og:site_name\" content=\"Humanium\" \/>\n<meta property=\"article:modified_time\" content=\"2017-10-04T08:45:16+00:00\" \/>\n<meta property=\"og:image\" content=\"https:\/\/www.humanium.org\/en\/wp-content\/uploads\/portail-fr\/IRIN-amr-emam.jpg\" \/>\n<meta name=\"twitter:card\" content=\"summary_large_image\" \/>\n<meta name=\"twitter:label1\" content=\"Gesch\u00e4tzte Lesezeit\" \/>\n\t<meta name=\"twitter:data1\" content=\"3\u00a0Minuten\" \/>\n<script type=\"application\/ld+json\" class=\"yoast-schema-graph\">{\"@context\":\"https:\/\/schema.org\",\"@graph\":[{\"@type\":\"WebPage\",\"@id\":\"https:\/\/www.humanium.org\/de\/recht-nahrung-welt\/\",\"url\":\"https:\/\/www.humanium.org\/de\/recht-nahrung-welt\/\",\"name\":\"Das Recht auf Nahrung weltweit - Humanium\",\"isPartOf\":{\"@id\":\"https:\/\/www.humanium.org\/de\/#website\"},\"primaryImageOfPage\":{\"@id\":\"https:\/\/www.humanium.org\/de\/recht-nahrung-welt\/#primaryimage\"},\"image\":{\"@id\":\"https:\/\/www.humanium.org\/de\/recht-nahrung-welt\/#primaryimage\"},\"thumbnailUrl\":\"https:\/\/www.humanium.org\/en\/wp-content\/uploads\/portail-fr\/IRIN-amr-emam.jpg\",\"datePublished\":\"2013-08-29T14:29:48+00:00\",\"dateModified\":\"2017-10-04T08:45:16+00:00\",\"breadcrumb\":{\"@id\":\"https:\/\/www.humanium.org\/de\/recht-nahrung-welt\/#breadcrumb\"},\"inLanguage\":\"de\",\"potentialAction\":[{\"@type\":\"ReadAction\",\"target\":[\"https:\/\/www.humanium.org\/de\/recht-nahrung-welt\/\"]}]},{\"@type\":\"ImageObject\",\"inLanguage\":\"de\",\"@id\":\"https:\/\/www.humanium.org\/de\/recht-nahrung-welt\/#primaryimage\",\"url\":\"https:\/\/www.humanium.org\/en\/wp-content\/uploads\/portail-fr\/IRIN-amr-emam.jpg\",\"contentUrl\":\"https:\/\/www.humanium.org\/en\/wp-content\/uploads\/portail-fr\/IRIN-amr-emam.jpg\"},{\"@type\":\"BreadcrumbList\",\"@id\":\"https:\/\/www.humanium.org\/de\/recht-nahrung-welt\/#breadcrumb\",\"itemListElement\":[{\"@type\":\"ListItem\",\"position\":1,\"name\":\"Home\",\"item\":\"https:\/\/www.humanium.org\/de\/\"},{\"@type\":\"ListItem\",\"position\":2,\"name\":\"Das Recht auf Nahrung weltweit\"}]},{\"@type\":\"WebSite\",\"@id\":\"https:\/\/www.humanium.org\/de\/#website\",\"url\":\"https:\/\/www.humanium.org\/de\/\",\"name\":\"Humanium\",\"description\":\"Kinder zuerst!\",\"potentialAction\":[{\"@type\":\"SearchAction\",\"target\":{\"@type\":\"EntryPoint\",\"urlTemplate\":\"https:\/\/www.humanium.org\/de\/?s={search_term_string}\"},\"query-input\":{\"@type\":\"PropertyValueSpecification\",\"valueRequired\":true,\"valueName\":\"search_term_string\"}}],\"inLanguage\":\"de\"}]}<\/script>\n<!-- \/ Yoast SEO plugin. -->","yoast_head_json":{"title":"Das Recht auf Nahrung weltweit - Humanium","robots":{"index":"index","follow":"follow","max-snippet":"max-snippet:-1","max-image-preview":"max-image-preview:large","max-video-preview":"max-video-preview:-1"},"canonical":"https:\/\/www.humanium.org\/de\/recht-nahrung-welt\/","og_locale":"de_DE","og_type":"article","og_title":"Das Recht auf Nahrung weltweit - Humanium","og_description":"Recht auf ausreichende Ern\u00e4hrung Die Ern\u00e4hrungssituation von Kindern in der Welt Das Recht von Kindern auf ausreichende Ern\u00e4hrung ist ein nach allen internationalen Standards anerkanntes Grundrecht. Trotzdem leiden nach wie vor Millionen von Kindern in der ganzen Welt an Unterern\u00e4hrung und Mangelern\u00e4hrung. Gr\u00fcnde f\u00fcr den weltweiten Nahrungsmangel Armut und Nahrungsmangel Nahrungsmangel hat viele verschiedene Ursachen. [&hellip;]","og_url":"https:\/\/www.humanium.org\/de\/recht-nahrung-welt\/","og_site_name":"Humanium","article_modified_time":"2017-10-04T08:45:16+00:00","og_image":[{"url":"https:\/\/www.humanium.org\/en\/wp-content\/uploads\/portail-fr\/IRIN-amr-emam.jpg","type":"","width":"","height":""}],"twitter_card":"summary_large_image","twitter_misc":{"Gesch\u00e4tzte Lesezeit":"3\u00a0Minuten"},"schema":{"@context":"https:\/\/schema.org","@graph":[{"@type":"WebPage","@id":"https:\/\/www.humanium.org\/de\/recht-nahrung-welt\/","url":"https:\/\/www.humanium.org\/de\/recht-nahrung-welt\/","name":"Das Recht auf Nahrung weltweit - Humanium","isPartOf":{"@id":"https:\/\/www.humanium.org\/de\/#website"},"primaryImageOfPage":{"@id":"https:\/\/www.humanium.org\/de\/recht-nahrung-welt\/#primaryimage"},"image":{"@id":"https:\/\/www.humanium.org\/de\/recht-nahrung-welt\/#primaryimage"},"thumbnailUrl":"https:\/\/www.humanium.org\/en\/wp-content\/uploads\/portail-fr\/IRIN-amr-emam.jpg","datePublished":"2013-08-29T14:29:48+00:00","dateModified":"2017-10-04T08:45:16+00:00","breadcrumb":{"@id":"https:\/\/www.humanium.org\/de\/recht-nahrung-welt\/#breadcrumb"},"inLanguage":"de","potentialAction":[{"@type":"ReadAction","target":["https:\/\/www.humanium.org\/de\/recht-nahrung-welt\/"]}]},{"@type":"ImageObject","inLanguage":"de","@id":"https:\/\/www.humanium.org\/de\/recht-nahrung-welt\/#primaryimage","url":"https:\/\/www.humanium.org\/en\/wp-content\/uploads\/portail-fr\/IRIN-amr-emam.jpg","contentUrl":"https:\/\/www.humanium.org\/en\/wp-content\/uploads\/portail-fr\/IRIN-amr-emam.jpg"},{"@type":"BreadcrumbList","@id":"https:\/\/www.humanium.org\/de\/recht-nahrung-welt\/#breadcrumb","itemListElement":[{"@type":"ListItem","position":1,"name":"Home","item":"https:\/\/www.humanium.org\/de\/"},{"@type":"ListItem","position":2,"name":"Das Recht auf Nahrung weltweit"}]},{"@type":"WebSite","@id":"https:\/\/www.humanium.org\/de\/#website","url":"https:\/\/www.humanium.org\/de\/","name":"Humanium","description":"Kinder zuerst!","potentialAction":[{"@type":"SearchAction","target":{"@type":"EntryPoint","urlTemplate":"https:\/\/www.humanium.org\/de\/?s={search_term_string}"},"query-input":{"@type":"PropertyValueSpecification","valueRequired":true,"valueName":"search_term_string"}}],"inLanguage":"de"}]}},"_links":{"self":[{"href":"https:\/\/www.humanium.org\/de\/wp-json\/wp\/v2\/pages\/2138","targetHints":{"allow":["GET"]}}],"collection":[{"href":"https:\/\/www.humanium.org\/de\/wp-json\/wp\/v2\/pages"}],"about":[{"href":"https:\/\/www.humanium.org\/de\/wp-json\/wp\/v2\/types\/page"}],"author":[{"embeddable":true,"href":"https:\/\/www.humanium.org\/de\/wp-json\/wp\/v2\/users\/1"}],"replies":[{"embeddable":true,"href":"https:\/\/www.humanium.org\/de\/wp-json\/wp\/v2\/comments?post=2138"}],"version-history":[{"count":5,"href":"https:\/\/www.humanium.org\/de\/wp-json\/wp\/v2\/pages\/2138\/revisions"}],"predecessor-version":[{"id":10288,"href":"https:\/\/www.humanium.org\/de\/wp-json\/wp\/v2\/pages\/2138\/revisions\/10288"}],"wp:attachment":[{"href":"https:\/\/www.humanium.org\/de\/wp-json\/wp\/v2\/media?parent=2138"}],"curies":[{"name":"wp","href":"https:\/\/api.w.org\/{rel}","templated":true}]}}