{"id":2141,"date":"2013-08-29T13:57:01","date_gmt":"2013-08-29T13:57:01","guid":{"rendered":"http:\/\/www.humanium.org\/de\/?page_id=2141"},"modified":"2025-12-06T06:40:49","modified_gmt":"2025-12-06T06:40:49","slug":"recht-wasser-welt","status":"publish","type":"page","link":"https:\/\/www.humanium.org\/de\/recht-wasser-welt\/","title":{"rendered":"Das Recht auf Wasser weltweit"},"content":{"rendered":"<h1>Das Recht auf Wasser weltweit<\/h1>\n<h2>Heutzutage: Das Recht von Kindern auf Wasser<\/h2>\n<p><strong>Heutzutage sind mehr als 885 Millionen Menschen weltweit gezwungen Wasser zu trinken, das gef\u00e4hrlich f\u00fcr ihre Gesundheit ist. Mehr als 2,5 Milliarden Menschen (das sind fast 42 % der Weltbev\u00f6lkerung) haben keinen Zugang zu aufbereitetem Trinkwasser.<\/strong><\/p>\n<h3>Wasser und die Gesundheit von Kindern weltweit<\/h3>\n<h4>Die Lage<\/h4>\n<p><img loading=\"lazy\" decoding=\"async\" class=\"size-full wp-image-4552  alignleft\" title=\"Viele Kinder weltweit haben keinen Zugriff auf sauberes Wasser \u00a9 UNHCR\/N.Behring\" alt=\"\" src=\"https:\/\/www.humanium.org\/en\/wp-content\/uploads\/portail-fr\/UNHCR-N-Behring.jpg\" width=\"196\" height=\"141\" \/>Der Mangel an sauberem Wasser ist die traurige Wahrheit f\u00fcr Millionen von Kindern in Entwicklungsl\u00e4ndern. Ihre Gesundheit und Lebensqualit\u00e4t ist ernsthaft dadurch beeintr\u00e4chtigt.<\/p>\n<p>Jedes Jahr sterben 1,8 Million Kinder unter f\u00fcnf Jahren aufgrund von Krankheiten, die mit verschmutztem Wasser in Verbindung stehen. Alle 20 Minuten stirbt ein Kind.<\/p>\n<p>Die am meisten betroffenen Regionen, in denen 40 % der Kinder untrinkbares Wasser zu sich nehmen m\u00fcssen, sind Schwarzafrika und S\u00fcdostasien. 65 % der Kinder benutzen keine richtigen Toiletten. Mehr als eine von f\u00fcnf Personen muss drau\u00dfen die Notdurft verrichten. In der Folge f\u00fchrt dies zur Verschmutzung von Wasser und Land und zu schwerwiegenden Krankheiten.<\/p>\n<h4>Die Auswirkung auf das Leben der Kinder<\/h4>\n<p>Die Gesundheit von Kindern ist aufgrund von Krankheiten, die durch schmutziges Wasser verursacht werden, stark bedroht.<\/p>\n<p style=\"padding-left: 30px;\"><span style=\"color: #333333;\">\u2022 Alle drei Minuten stirbt ein Kind durch Durchfall oder \u00e4hnliche Krankheiten.<\/span><\/p>\n<p style=\"padding-left: 30px;\"><span style=\"color: #333333;\">\u2022 Tuberkulose, die einst als ausgel\u00f6scht galt, existiert weiterhin. 120.000 Kinder sterben jedes Jahr an Tuberkulose.<\/span><\/p>\n<p style=\"padding-left: 30px;\"><span style=\"color: #333333;\">\u2022 Jedes Jahr erkranken 88 Millionen Kinder unter 15 Jahren an Bilharziose, welche sich durch sch\u00e4dliche W\u00fcrmer in stehendem Wasser entwickelt.<\/span><\/p>\n<p><img loading=\"lazy\" decoding=\"async\" class=\"size-full wp-image-4635 alignright\" title=\"Kinder k\u00f6nnen aufgrund von fehlendem sauberen Trinkwasser schwer krank werden \u00a9 UN\/E.Debebe\" alt=\"\" src=\"https:\/\/www.humanium.org\/en\/wp-content\/uploads\/portail-fr\/48-UN-Photo-Eskinder-Debebe-.jpg\" width=\"218\" height=\"153\" \/><\/p>\n<p style=\"padding-left: 30px;\"><span style=\"color: #333333;\">\u2022 Hygiene-Aufkl\u00e4rungskampagnen k\u00f6nnten die Anzahl von Durchfallerkrankungen um bis zu 45 % verringern!<\/span><\/p>\n<p style=\"padding-left: 30px;\"><span style=\"color: #333333;\">\u2022 Der Zugang zu sauberen Wasser k\u00f6nnte die Kindersterberate um 50 % reduzieren!<\/span><\/p>\n<h3>Die Auswirkung auf die Bildung von Kindern<\/h3>\n<p>Der Mangel an Trinkwasser und sauberen Sanit\u00e4ranlagen hat noch weitere Folgen: mehr als die H\u00e4lfte der Grundschulen in manchen Entwicklungsl\u00e4ndern hat nicht die M\u00f6glichkeit sauberes Trinkwasser anzubieten. Zwei Drittel der Schulen sind nicht mit Waschbecken oder Toiletten ausgestattet. Desweiteren k\u00f6nnen Millionen von Kindern, insbesondere M\u00e4dchen, aufgrund der mangelnden Hygiene nicht regelm\u00e4\u00dfig die Schule besuchen.<\/p>\n<p><img loading=\"lazy\" decoding=\"async\" class=\"size-full wp-image-4555 alignleft\" title=\"Um Krankheiten zu vermeiden, brauchen Kinder einwandfreie Hygieneeinrichtungen \u00a9 UNHCR\/J.Redfern\" alt=\"\" src=\"https:\/\/www.humanium.org\/en\/wp-content\/uploads\/portail-fr\/UNHCR-J-Redfern.jpg\" width=\"168\" height=\"130\" \/>Jedes Jahr werden 443 Millionen Schultage wegen mangelhaften Einrichtungen, Krankheiten und unzureichender Hygiene verpasst. Die Schulbesuchquote ist in Schwarzafrika und S\u00fcdostasien am niedrigsten. Diese Regionen haben auch die h\u00f6chste Zahl an nicht gebildeten M\u00e4dchen, da es den Schulen an M\u00e4dchenwaschr\u00e4umen fehlt.<\/p>\n<div id=\"toggle\"><\/div>\n<div id=\"plus_loin_box\" style=\"display: none;\">\n<ul>\n<li><a href=\"https:\/\/www.humanium.org\/de\/recht-wasser\/\">Das Recht auf Wasser besser verstehen<\/a><\/li>\n<li><a href=\"https:\/\/www.humanium.org\/de\/grundsatzliches-wasser\/\">Wasser wie ein Krankheits\u00fcbertr\u00e4ger<\/a><\/li>\n<\/ul>\n<\/div>\n<p>&nbsp;<\/p>\n<div id=\"toggle\"><\/div>\n<div id=\"sources_box\" style=\"display: none;\">\n<ul>\n<li>Warum sauberes Trinkwasser so wichtig ist<\/li>\n<li><a href=\"https:\/\/www.unicef.org\/wash\/index_3951.html\" target=\"_blank\">UNICEF &#8211; Wasser wirkt <\/a><\/li>\n<li>UNESCO &#8211; Weltwassertag<\/li>\n<li><a href=\"http:\/\/hdr.undp.org\/en\/data\" target=\"_blank\">UNDP, internationalen Indikatoren f\u00fcr menschliche Entwicklung (auf Englisch)<\/a><\/li>\n<\/ul>\n<\/div>\n<p>&nbsp;<\/p>\n<table>\n<tbody style=\"background: #f9f9f9;\">\n<tr>\n<td>\n<div style=\"float: left; width: 90%;\">\u00dcbersetzt von : Johana Franz Palacios<br \/>\nBewertet von : Janina Cordes<\/div>\n<\/td>\n<\/tr>\n<\/tbody>\n<\/table>\n<table>\n<tbody style=\"background: #f9f9f9;\">\n<tr>\n<td>\n<div style=\"float: left; width: 90%;\">Verfasst am 25. Juli 2013<\/div>\n<\/td>\n<\/tr>\n<\/tbody>\n<\/table>\n","protected":false},"excerpt":{"rendered":"<p>Das Recht auf Wasser weltweit Heutzutage: Das Recht von Kindern auf Wasser Heutzutage sind mehr als 885 Millionen Menschen weltweit gezwungen Wasser zu trinken, das gef\u00e4hrlich f\u00fcr ihre Gesundheit ist. Mehr als 2,5 Milliarden Menschen (das sind fast 42 % der Weltbev\u00f6lkerung) haben keinen Zugang zu aufbereitetem Trinkwasser. Wasser und die Gesundheit von Kindern weltweit [&hellip;]<\/p>\n","protected":false},"author":1,"featured_media":0,"parent":0,"menu_order":0,"comment_status":"closed","ping_status":"closed","template":"","meta":{"footnotes":""},"class_list":["post-2141","page","type-page","status-publish","hentry"],"yoast_head":"<!-- This site is optimized with the Yoast SEO plugin v26.5 - https:\/\/yoast.com\/wordpress\/plugins\/seo\/ -->\n<title>Das Recht auf Wasser weltweit - Humanium<\/title>\n<meta name=\"robots\" content=\"index, follow, max-snippet:-1, max-image-preview:large, max-video-preview:-1\" \/>\n<link rel=\"canonical\" href=\"https:\/\/www.humanium.org\/de\/recht-wasser-welt\/\" \/>\n<meta property=\"og:locale\" content=\"de_DE\" \/>\n<meta property=\"og:type\" content=\"article\" \/>\n<meta property=\"og:title\" content=\"Das Recht auf Wasser weltweit - Humanium\" \/>\n<meta property=\"og:description\" content=\"Das Recht auf Wasser weltweit Heutzutage: Das Recht von Kindern auf Wasser Heutzutage sind mehr als 885 Millionen Menschen weltweit gezwungen Wasser zu trinken, das gef\u00e4hrlich f\u00fcr ihre Gesundheit ist. Mehr als 2,5 Milliarden Menschen (das sind fast 42 % der Weltbev\u00f6lkerung) haben keinen Zugang zu aufbereitetem Trinkwasser. Wasser und die Gesundheit von Kindern weltweit [&hellip;]\" \/>\n<meta property=\"og:url\" content=\"https:\/\/www.humanium.org\/de\/recht-wasser-welt\/\" \/>\n<meta property=\"og:site_name\" content=\"Humanium\" \/>\n<meta property=\"article:modified_time\" content=\"2025-12-06T06:40:49+00:00\" \/>\n<meta name=\"twitter:card\" content=\"summary_large_image\" \/>\n<meta name=\"twitter:label1\" content=\"Gesch\u00e4tzte Lesezeit\" \/>\n\t<meta name=\"twitter:data1\" content=\"2\u00a0Minuten\" \/>\n<script type=\"application\/ld+json\" class=\"yoast-schema-graph\">{\"@context\":\"https:\/\/schema.org\",\"@graph\":[{\"@type\":\"WebPage\",\"@id\":\"https:\/\/www.humanium.org\/de\/recht-wasser-welt\/\",\"url\":\"https:\/\/www.humanium.org\/de\/recht-wasser-welt\/\",\"name\":\"Das Recht auf Wasser weltweit - Humanium\",\"isPartOf\":{\"@id\":\"https:\/\/www.humanium.org\/de\/#website\"},\"primaryImageOfPage\":{\"@id\":\"https:\/\/www.humanium.org\/de\/recht-wasser-welt\/#primaryimage\"},\"image\":{\"@id\":\"https:\/\/www.humanium.org\/de\/recht-wasser-welt\/#primaryimage\"},\"thumbnailUrl\":\"https:\/\/www.humanium.org\/en\/wp-content\/uploads\/portail-fr\/UNHCR-N-Behring.jpg\",\"datePublished\":\"2013-08-29T13:57:01+00:00\",\"dateModified\":\"2025-12-06T06:40:49+00:00\",\"breadcrumb\":{\"@id\":\"https:\/\/www.humanium.org\/de\/recht-wasser-welt\/#breadcrumb\"},\"inLanguage\":\"de\",\"potentialAction\":[{\"@type\":\"ReadAction\",\"target\":[\"https:\/\/www.humanium.org\/de\/recht-wasser-welt\/\"]}]},{\"@type\":\"ImageObject\",\"inLanguage\":\"de\",\"@id\":\"https:\/\/www.humanium.org\/de\/recht-wasser-welt\/#primaryimage\",\"url\":\"https:\/\/www.humanium.org\/en\/wp-content\/uploads\/portail-fr\/UNHCR-N-Behring.jpg\",\"contentUrl\":\"https:\/\/www.humanium.org\/en\/wp-content\/uploads\/portail-fr\/UNHCR-N-Behring.jpg\"},{\"@type\":\"BreadcrumbList\",\"@id\":\"https:\/\/www.humanium.org\/de\/recht-wasser-welt\/#breadcrumb\",\"itemListElement\":[{\"@type\":\"ListItem\",\"position\":1,\"name\":\"Home\",\"item\":\"https:\/\/www.humanium.org\/de\/\"},{\"@type\":\"ListItem\",\"position\":2,\"name\":\"Das Recht auf Wasser weltweit\"}]},{\"@type\":\"WebSite\",\"@id\":\"https:\/\/www.humanium.org\/de\/#website\",\"url\":\"https:\/\/www.humanium.org\/de\/\",\"name\":\"Humanium\",\"description\":\"Kinder zuerst!\",\"potentialAction\":[{\"@type\":\"SearchAction\",\"target\":{\"@type\":\"EntryPoint\",\"urlTemplate\":\"https:\/\/www.humanium.org\/de\/?s={search_term_string}\"},\"query-input\":{\"@type\":\"PropertyValueSpecification\",\"valueRequired\":true,\"valueName\":\"search_term_string\"}}],\"inLanguage\":\"de\"}]}<\/script>\n<!-- \/ Yoast SEO plugin. -->","yoast_head_json":{"title":"Das Recht auf Wasser weltweit - Humanium","robots":{"index":"index","follow":"follow","max-snippet":"max-snippet:-1","max-image-preview":"max-image-preview:large","max-video-preview":"max-video-preview:-1"},"canonical":"https:\/\/www.humanium.org\/de\/recht-wasser-welt\/","og_locale":"de_DE","og_type":"article","og_title":"Das Recht auf Wasser weltweit - Humanium","og_description":"Das Recht auf Wasser weltweit Heutzutage: Das Recht von Kindern auf Wasser Heutzutage sind mehr als 885 Millionen Menschen weltweit gezwungen Wasser zu trinken, das gef\u00e4hrlich f\u00fcr ihre Gesundheit ist. Mehr als 2,5 Milliarden Menschen (das sind fast 42 % der Weltbev\u00f6lkerung) haben keinen Zugang zu aufbereitetem Trinkwasser. Wasser und die Gesundheit von Kindern weltweit [&hellip;]","og_url":"https:\/\/www.humanium.org\/de\/recht-wasser-welt\/","og_site_name":"Humanium","article_modified_time":"2025-12-06T06:40:49+00:00","twitter_card":"summary_large_image","twitter_misc":{"Gesch\u00e4tzte Lesezeit":"2\u00a0Minuten"},"schema":{"@context":"https:\/\/schema.org","@graph":[{"@type":"WebPage","@id":"https:\/\/www.humanium.org\/de\/recht-wasser-welt\/","url":"https:\/\/www.humanium.org\/de\/recht-wasser-welt\/","name":"Das Recht auf Wasser weltweit - Humanium","isPartOf":{"@id":"https:\/\/www.humanium.org\/de\/#website"},"primaryImageOfPage":{"@id":"https:\/\/www.humanium.org\/de\/recht-wasser-welt\/#primaryimage"},"image":{"@id":"https:\/\/www.humanium.org\/de\/recht-wasser-welt\/#primaryimage"},"thumbnailUrl":"https:\/\/www.humanium.org\/en\/wp-content\/uploads\/portail-fr\/UNHCR-N-Behring.jpg","datePublished":"2013-08-29T13:57:01+00:00","dateModified":"2025-12-06T06:40:49+00:00","breadcrumb":{"@id":"https:\/\/www.humanium.org\/de\/recht-wasser-welt\/#breadcrumb"},"inLanguage":"de","potentialAction":[{"@type":"ReadAction","target":["https:\/\/www.humanium.org\/de\/recht-wasser-welt\/"]}]},{"@type":"ImageObject","inLanguage":"de","@id":"https:\/\/www.humanium.org\/de\/recht-wasser-welt\/#primaryimage","url":"https:\/\/www.humanium.org\/en\/wp-content\/uploads\/portail-fr\/UNHCR-N-Behring.jpg","contentUrl":"https:\/\/www.humanium.org\/en\/wp-content\/uploads\/portail-fr\/UNHCR-N-Behring.jpg"},{"@type":"BreadcrumbList","@id":"https:\/\/www.humanium.org\/de\/recht-wasser-welt\/#breadcrumb","itemListElement":[{"@type":"ListItem","position":1,"name":"Home","item":"https:\/\/www.humanium.org\/de\/"},{"@type":"ListItem","position":2,"name":"Das Recht auf Wasser weltweit"}]},{"@type":"WebSite","@id":"https:\/\/www.humanium.org\/de\/#website","url":"https:\/\/www.humanium.org\/de\/","name":"Humanium","description":"Kinder zuerst!","potentialAction":[{"@type":"SearchAction","target":{"@type":"EntryPoint","urlTemplate":"https:\/\/www.humanium.org\/de\/?s={search_term_string}"},"query-input":{"@type":"PropertyValueSpecification","valueRequired":true,"valueName":"search_term_string"}}],"inLanguage":"de"}]}},"_links":{"self":[{"href":"https:\/\/www.humanium.org\/de\/wp-json\/wp\/v2\/pages\/2141","targetHints":{"allow":["GET"]}}],"collection":[{"href":"https:\/\/www.humanium.org\/de\/wp-json\/wp\/v2\/pages"}],"about":[{"href":"https:\/\/www.humanium.org\/de\/wp-json\/wp\/v2\/types\/page"}],"author":[{"embeddable":true,"href":"https:\/\/www.humanium.org\/de\/wp-json\/wp\/v2\/users\/1"}],"replies":[{"embeddable":true,"href":"https:\/\/www.humanium.org\/de\/wp-json\/wp\/v2\/comments?post=2141"}],"version-history":[{"count":9,"href":"https:\/\/www.humanium.org\/de\/wp-json\/wp\/v2\/pages\/2141\/revisions"}],"predecessor-version":[{"id":21336,"href":"https:\/\/www.humanium.org\/de\/wp-json\/wp\/v2\/pages\/2141\/revisions\/21336"}],"wp:attachment":[{"href":"https:\/\/www.humanium.org\/de\/wp-json\/wp\/v2\/media?parent=2141"}],"curies":[{"name":"wp","href":"https:\/\/api.w.org\/{rel}","templated":true}]}}