{"id":2152,"date":"2014-01-08T16:31:49","date_gmt":"2014-01-08T16:31:49","guid":{"rendered":"http:\/\/www.humanium.org\/de\/?page_id=2152"},"modified":"2017-10-04T09:11:49","modified_gmt":"2017-10-04T09:11:49","slug":"recht-schutz-weltweit","status":"publish","type":"page","link":"https:\/\/www.humanium.org\/de\/recht-schutz-weltweit\/","title":{"rendered":"Das Recht auf Schutz weltweit"},"content":{"rendered":"<h1>Das Recht auf Schutz weltweit<\/h1>\n<h2>\u00dcberblick \u00fcber das Recht des Kindes auf Schutz rund um den Globus<\/h2>\n<p><strong>In Industriestaaten ebenso wie in Entwicklungsl\u00e4ndern werden Kinder Opfer von Diskriminierung, Missbrauch und Ausbeutung, unabh\u00e4ngig davon, ob sie aus wohlhabenden oder \u00e4rmlichen Verh\u00e4ltnissen stammen, in Frieden und Sicherheit leben oder Gefahr- und Notsituationen ausgesetzt werden.<\/strong><\/p>\n<h3>Missbrauch: F\u00fcr Millionen von Kindern traurige Realit\u00e4t<\/h3>\n<h4>Gewalt und Ausbeutung von Kindern<\/h4>\n<p><img loading=\"lazy\" decoding=\"async\" class=\" wp-image-5049  alignright\" title=\"Weltweit arbeiten Millionen von Kindern unter unertr\u00e4glichen Bedingungen \u00a9 UN\/J.-P.Laffont\" alt=\"\" src=\"https:\/\/www.humanium.org\/en\/wp-content\/uploads\/portail-fr\/50-UN-Photo-Jean-Pierre-Laffont1.jpg\" width=\"209\" height=\"311\" \/>Zwischen 500 Millionen und 1,5 Milliarden Kinder werden j\u00e4hrlich Opfer von Gewalt. Zugleich werden etwa 150 Millionen M\u00e4dchen und 73 Millionen Jungen j\u00e4hrlich sexuell missbraucht. Die Mehrzahl dieser Missbrauchsf\u00e4lle findet im Familienkreis statt oderwenn Kinder zur Kinderarbeit gezwungen und ausgebeutet werden.<\/p>\n<p>Im Zusammenhang mit Kinderarbeit geraten Kinder h\u00e4ufig in die H\u00e4nde skrupelloser Arbeitgeber, die nicht davor zur\u00fcckschrecken, ihnen extrem schwierige und gef\u00e4hrliche Aufgaben zu erteilen, wie etwa das Tragen von schweren Lasten. H\u00e4ufig kommen sie hier auch mit giftigen Substanzen in Ber\u00fchrung. Zu den schlimmsten Formen der Ausbeutung geh\u00f6ren Kinder zu erniedrigenden Aktivit\u00e4ten, wie Prostitution und Pornografie zu zwingen.<\/p>\n<h4>Diskriminierung erh\u00f6ht das Risiko von Missbrauch<\/h4>\n<p>Diskriminierung aufgrund des Geschlechts, der sozialen Herkunft, der ethnischen Zugeh\u00f6rigkeit oder Behinderung sind Hauptfaktoren von Kindesmissbrauch. T\u00e4glich werden Millionen von Kindern unschuldige Opfer von Diskriminierung, erniedrigenden und beleidigenden Verbalattacken oder &#8211; schlimmer noch- -Opfer von Gewalttaten. Diese Kinder befinden sich oft in einem Zustand unglaublicher Verletzlichkeit, in dem sie niemanden haben, dem sie sich anvertrauen und sich selbst nicht verteidigen k\u00f6nnen. Diese Arten von Diskriminierung erleichtern die Ausbeutung.<br \/>\n<img loading=\"lazy\" decoding=\"async\" class=\" wp-image-4704 alignleft\" title=\"Diskriminierung erh\u00f6ht das Risiko von Gewalt \u00a9 IRIN\/J.Gutierrez\" alt=\"\" src=\"https:\/\/www.humanium.org\/en\/wp-content\/uploads\/portail-fr\/IRIN-J-Gutierrez.jpg\" width=\"215\" height=\"147\" \/>Deshalb werden die schlimmsten Arbeiten h\u00e4ufig eben jenen Kindern aufgezwungen, die Minderheiten angeh\u00f6ren oder aus einem anderen Grund marginalisiert werden.<\/p>\n<p>Jene Kinder, die von der Gesellschaft ausgeschlossen und marginalisiert werden, m\u00fcssen mit der Gleichg\u00fcltigkeit ihnen gegen\u00fcber leben und sind einem besonders gro\u00dfen Risiko ausgesetzt, schlecht behandelt zu werden. Des Weiteren m\u00fcssen behinderte Kinder aufgrund ihrer gr\u00f6\u00dferen Verletzlichkeit mit einem erh\u00f6hten Risiko leben, Opfer physischer Gewalt oder sexuellen Missbrauchs zu werden.<\/p>\n<h3>Kinder als Opfer von Krisensituationen<\/h3>\n<h4>Der Verlust eines sch\u00fctzenden Umfelds<\/h4>\n<p>In Krisensituationen fallen sch\u00fctzende Ma\u00dfnahmen h\u00e4ufig weg. In Situationen bewaffneter Konflikte und in Naturkatastrophen k\u00f6nnen Kinder daher h\u00e4ufig nicht von einem sch\u00fctzenden Umfeld profitieren, welches f\u00fcr ihr Wohlbefinden sorgt. In diesen F\u00e4llen leiden Kinder oftmals unter Nahrungsmittel- und Wasserknappheit und es fehlt ihnen an Pflege und Betreuung.<\/p>\n<p>Hinzu kommt, dass Erwachsene in Notsituationen meist gezwungen sind, sich auf eine Beilegung der Krise zu konzentrieren. In diesem Zusammenhang werden die Bed\u00fcrfnisse der Kinder vernachl\u00e4ssigt.. Dies f\u00fchrt dazu, dass Kinder sich weniger sicher f\u00fchlen und anf\u00e4lliger f\u00fcr Gewalt und andere Formen von Ausbeutung werden.<\/p>\n<h4>Die Auswirkungen von bewaffneten Konflikten auf Kinder<\/h4>\n<p><img loading=\"lazy\" decoding=\"async\" class=\" wp-image-4641 alignleft\" title=\"In Kriegssituationen werden Kinder zur Zielscheibe von Bombenangriffen \u00a9 IRIN\/S.Karam\" alt=\"\" src=\"https:\/\/www.humanium.org\/en\/wp-content\/uploads\/portail-fr\/IRIN-S-Karam.jpg\" width=\"246\" height=\"165\" \/>Bewaffnete Konflikte sind schlimme Zeiten f\u00fcr Kinder. \u00dcber zwei Millionen Kinder sind in bewaffneten Konflikten gestorben, sechs Millionen wurden verletzt oder sind lebenslang gel\u00e4hmt. Eine Million Kinder weltweit sind durch bewaffnete Konflikte zu Waisen geworden.<\/p>\n<p><img loading=\"lazy\" decoding=\"async\" class=\" wp-image-2190 alignright\" title=\"Kinder werden als Soldaten rekrutiert \u00a9 UN\" alt=\"\" src=\"https:\/\/www.humanium.org\/en\/wp-content\/uploads\/portail-fr\/28-afghanistanboy1.jpg\" width=\"234\" height=\"171\" \/>Zus\u00e4tzlich werden mehr als 300.000 Kindersoldaten in den Streitkr\u00e4ften eingesetzt. Diese Kinder werden t\u00e4glich Zeugen von Gr\u00e4ueltaten und \u00fcberleben die K\u00e4mpfe nur selten.<\/p>\n<p>Bewaffnete Konflikte sind zugleich auch eine h\u00e4ufige Ursache f\u00fcr Gewalttaten an jungen M\u00e4dchen und Jungen. In Kriegen vergehen sich die Konfliktparteien an Frauen und Kindern als Teil ihrer Strategie um ihre Gegner zu destabilisieren.<\/p>\n<p>Wenngleich diese Praktiken \u00f6ffentlich als grobe Verst\u00f6\u00dfe gegen Menschenrechte und Kriegsverbrechen erkl\u00e4rt wurden, sind sie in der Mehrheit der bewaffneten Konflikte dennoch an der Tagesordnung.<\/p>\n<div id=\"toggle\"><a onclick=\"show_voir_aussi('voir_aussi_box')\" href=\"javascript:show_voir_aussi(id)\"><\/a><\/div>\n<div id=\"voir_aussi_box\" style=\"display: none;\">\n<ul>\n<li><a href=\"https:\/\/www.humanium.org\/de\/das-recht-auf-schutz\/\">Das Kinderrecht auf Schutz verstehen<\/a><\/li>\n<li><a href=\"https:\/\/www.humanium.org\/de\/misshandlung\/\">Missbrauch<\/a><\/li>\n<li><a href=\"https:\/\/www.humanium.org\/de\/kinderarbeit-2\/\">Kinderarbeit<\/a><\/li>\n<li><a href=\"https:\/\/www.humanium.org\/de\/diskriminierung\/\">Nicht-Diskriminierung<\/a><\/li>\n<\/ul>\n<\/div>\n<p>&nbsp;<\/p>\n<div id=\"toggle\"><\/div>\n<div id=\"sources_box\" style=\"display: none;\">\n<ul>Siehe verwendete Quellen f\u00fcr die Originalversion in Franz\u00f6sisch.<\/ul>\n<\/div>\n<p>&nbsp;<\/p>\n<div id=\"toggle\"><\/div>\n<div id=\"plus_loin_box\" style=\"display: none;\">\n<ul>\n<li><a href=\"https:\/\/de.wikipedia.org\/wiki\/Jugendschutz\" target=\"_blank\">Jugendschutz, Wikipedia<\/a><\/li>\n<li>Deutsches Rotes Kreuz : Kinder in Kriegsgebieten<\/li>\n<li><a href=\"https:\/\/www.unicef.de\/informieren\/projekte\/unicef-ziele-110800\/kinderschutz-111250\" target=\"_blank\">Unicef : Kinder \u2013 Opfer und T\u00e4ter zugleich<\/a><\/li>\n<li>Unicef Report 2011: Kinder vor Gewalt sch\u00fctzen<\/li>\n<li><a href=\"https:\/\/www.unicef.org\/sowc2013\/\">Unicef: State of the world\u2019s children 2013: Children with disabilities<\/a><\/li>\n<li><a href=\"http:\/\/hdr.undp.org\/en\/data\" target=\"_blank\">UNDP : International human development indicators<\/a><\/li>\n<\/ul>\n<\/div>\n<p>&nbsp;<\/p>\n<table>\n<tbody style=\"background: #f9f9f9;\">\n<tr>\n<td>\n<div style=\"float: left; width: 90%;\">\u00dcbersetzt von : Elfi Klabunde<br \/>\nBewertet von : Michaela Dienhart<\/div>\n<\/td>\n<\/tr>\n<\/tbody>\n<\/table>\n<table>\n<tbody style=\"background: #f9f9f9;\">\n<tr>\n<td>\n<div style=\"float: left; width: 90%;\">Verfasst am 29. Juli 2013<\/div>\n<\/td>\n<\/tr>\n<\/tbody>\n<\/table>\n","protected":false},"excerpt":{"rendered":"<p>Das Recht auf Schutz weltweit \u00dcberblick \u00fcber das Recht des Kindes auf Schutz rund um den Globus In Industriestaaten ebenso wie in Entwicklungsl\u00e4ndern werden Kinder Opfer von Diskriminierung, Missbrauch und Ausbeutung, unabh\u00e4ngig davon, ob sie aus wohlhabenden oder \u00e4rmlichen Verh\u00e4ltnissen stammen, in Frieden und Sicherheit leben oder Gefahr- und Notsituationen ausgesetzt werden. Missbrauch: F\u00fcr Millionen [&hellip;]<\/p>\n","protected":false},"author":1,"featured_media":0,"parent":0,"menu_order":0,"comment_status":"closed","ping_status":"closed","template":"","meta":{"footnotes":""},"class_list":["post-2152","page","type-page","status-publish","hentry"],"yoast_head":"<!-- This site is optimized with the Yoast SEO plugin v26.5 - https:\/\/yoast.com\/wordpress\/plugins\/seo\/ -->\n<title>Das Recht auf Schutz weltweit - Humanium<\/title>\n<meta name=\"robots\" content=\"index, follow, max-snippet:-1, max-image-preview:large, max-video-preview:-1\" \/>\n<link rel=\"canonical\" href=\"https:\/\/www.humanium.org\/de\/recht-schutz-weltweit\/\" \/>\n<meta property=\"og:locale\" content=\"de_DE\" \/>\n<meta property=\"og:type\" content=\"article\" \/>\n<meta property=\"og:title\" content=\"Das Recht auf Schutz weltweit - Humanium\" \/>\n<meta property=\"og:description\" content=\"Das Recht auf Schutz weltweit \u00dcberblick \u00fcber das Recht des Kindes auf Schutz rund um den Globus In Industriestaaten ebenso wie in Entwicklungsl\u00e4ndern werden Kinder Opfer von Diskriminierung, Missbrauch und Ausbeutung, unabh\u00e4ngig davon, ob sie aus wohlhabenden oder \u00e4rmlichen Verh\u00e4ltnissen stammen, in Frieden und Sicherheit leben oder Gefahr- und Notsituationen ausgesetzt werden. Missbrauch: F\u00fcr Millionen [&hellip;]\" \/>\n<meta property=\"og:url\" content=\"https:\/\/www.humanium.org\/de\/recht-schutz-weltweit\/\" \/>\n<meta property=\"og:site_name\" content=\"Humanium\" \/>\n<meta property=\"article:modified_time\" content=\"2017-10-04T09:11:49+00:00\" \/>\n<meta property=\"og:image\" content=\"https:\/\/www.humanium.org\/en\/wp-content\/uploads\/portail-fr\/50-UN-Photo-Jean-Pierre-Laffont1.jpg\" \/>\n<meta name=\"twitter:card\" content=\"summary_large_image\" \/>\n<meta name=\"twitter:label1\" content=\"Gesch\u00e4tzte Lesezeit\" \/>\n\t<meta name=\"twitter:data1\" content=\"3\u00a0Minuten\" \/>\n<script type=\"application\/ld+json\" class=\"yoast-schema-graph\">{\"@context\":\"https:\/\/schema.org\",\"@graph\":[{\"@type\":\"WebPage\",\"@id\":\"https:\/\/www.humanium.org\/de\/recht-schutz-weltweit\/\",\"url\":\"https:\/\/www.humanium.org\/de\/recht-schutz-weltweit\/\",\"name\":\"Das Recht auf Schutz weltweit - Humanium\",\"isPartOf\":{\"@id\":\"https:\/\/www.humanium.org\/de\/#website\"},\"primaryImageOfPage\":{\"@id\":\"https:\/\/www.humanium.org\/de\/recht-schutz-weltweit\/#primaryimage\"},\"image\":{\"@id\":\"https:\/\/www.humanium.org\/de\/recht-schutz-weltweit\/#primaryimage\"},\"thumbnailUrl\":\"https:\/\/www.humanium.org\/en\/wp-content\/uploads\/portail-fr\/50-UN-Photo-Jean-Pierre-Laffont1.jpg\",\"datePublished\":\"2014-01-08T16:31:49+00:00\",\"dateModified\":\"2017-10-04T09:11:49+00:00\",\"breadcrumb\":{\"@id\":\"https:\/\/www.humanium.org\/de\/recht-schutz-weltweit\/#breadcrumb\"},\"inLanguage\":\"de\",\"potentialAction\":[{\"@type\":\"ReadAction\",\"target\":[\"https:\/\/www.humanium.org\/de\/recht-schutz-weltweit\/\"]}]},{\"@type\":\"ImageObject\",\"inLanguage\":\"de\",\"@id\":\"https:\/\/www.humanium.org\/de\/recht-schutz-weltweit\/#primaryimage\",\"url\":\"https:\/\/www.humanium.org\/en\/wp-content\/uploads\/portail-fr\/50-UN-Photo-Jean-Pierre-Laffont1.jpg\",\"contentUrl\":\"https:\/\/www.humanium.org\/en\/wp-content\/uploads\/portail-fr\/50-UN-Photo-Jean-Pierre-Laffont1.jpg\"},{\"@type\":\"BreadcrumbList\",\"@id\":\"https:\/\/www.humanium.org\/de\/recht-schutz-weltweit\/#breadcrumb\",\"itemListElement\":[{\"@type\":\"ListItem\",\"position\":1,\"name\":\"Home\",\"item\":\"https:\/\/www.humanium.org\/de\/\"},{\"@type\":\"ListItem\",\"position\":2,\"name\":\"Das Recht auf Schutz weltweit\"}]},{\"@type\":\"WebSite\",\"@id\":\"https:\/\/www.humanium.org\/de\/#website\",\"url\":\"https:\/\/www.humanium.org\/de\/\",\"name\":\"Humanium\",\"description\":\"Kinder zuerst!\",\"potentialAction\":[{\"@type\":\"SearchAction\",\"target\":{\"@type\":\"EntryPoint\",\"urlTemplate\":\"https:\/\/www.humanium.org\/de\/?s={search_term_string}\"},\"query-input\":{\"@type\":\"PropertyValueSpecification\",\"valueRequired\":true,\"valueName\":\"search_term_string\"}}],\"inLanguage\":\"de\"}]}<\/script>\n<!-- \/ Yoast SEO plugin. -->","yoast_head_json":{"title":"Das Recht auf Schutz weltweit - Humanium","robots":{"index":"index","follow":"follow","max-snippet":"max-snippet:-1","max-image-preview":"max-image-preview:large","max-video-preview":"max-video-preview:-1"},"canonical":"https:\/\/www.humanium.org\/de\/recht-schutz-weltweit\/","og_locale":"de_DE","og_type":"article","og_title":"Das Recht auf Schutz weltweit - Humanium","og_description":"Das Recht auf Schutz weltweit \u00dcberblick \u00fcber das Recht des Kindes auf Schutz rund um den Globus In Industriestaaten ebenso wie in Entwicklungsl\u00e4ndern werden Kinder Opfer von Diskriminierung, Missbrauch und Ausbeutung, unabh\u00e4ngig davon, ob sie aus wohlhabenden oder \u00e4rmlichen Verh\u00e4ltnissen stammen, in Frieden und Sicherheit leben oder Gefahr- und Notsituationen ausgesetzt werden. Missbrauch: F\u00fcr Millionen [&hellip;]","og_url":"https:\/\/www.humanium.org\/de\/recht-schutz-weltweit\/","og_site_name":"Humanium","article_modified_time":"2017-10-04T09:11:49+00:00","og_image":[{"url":"https:\/\/www.humanium.org\/en\/wp-content\/uploads\/portail-fr\/50-UN-Photo-Jean-Pierre-Laffont1.jpg","type":"","width":"","height":""}],"twitter_card":"summary_large_image","twitter_misc":{"Gesch\u00e4tzte Lesezeit":"3\u00a0Minuten"},"schema":{"@context":"https:\/\/schema.org","@graph":[{"@type":"WebPage","@id":"https:\/\/www.humanium.org\/de\/recht-schutz-weltweit\/","url":"https:\/\/www.humanium.org\/de\/recht-schutz-weltweit\/","name":"Das Recht auf Schutz weltweit - Humanium","isPartOf":{"@id":"https:\/\/www.humanium.org\/de\/#website"},"primaryImageOfPage":{"@id":"https:\/\/www.humanium.org\/de\/recht-schutz-weltweit\/#primaryimage"},"image":{"@id":"https:\/\/www.humanium.org\/de\/recht-schutz-weltweit\/#primaryimage"},"thumbnailUrl":"https:\/\/www.humanium.org\/en\/wp-content\/uploads\/portail-fr\/50-UN-Photo-Jean-Pierre-Laffont1.jpg","datePublished":"2014-01-08T16:31:49+00:00","dateModified":"2017-10-04T09:11:49+00:00","breadcrumb":{"@id":"https:\/\/www.humanium.org\/de\/recht-schutz-weltweit\/#breadcrumb"},"inLanguage":"de","potentialAction":[{"@type":"ReadAction","target":["https:\/\/www.humanium.org\/de\/recht-schutz-weltweit\/"]}]},{"@type":"ImageObject","inLanguage":"de","@id":"https:\/\/www.humanium.org\/de\/recht-schutz-weltweit\/#primaryimage","url":"https:\/\/www.humanium.org\/en\/wp-content\/uploads\/portail-fr\/50-UN-Photo-Jean-Pierre-Laffont1.jpg","contentUrl":"https:\/\/www.humanium.org\/en\/wp-content\/uploads\/portail-fr\/50-UN-Photo-Jean-Pierre-Laffont1.jpg"},{"@type":"BreadcrumbList","@id":"https:\/\/www.humanium.org\/de\/recht-schutz-weltweit\/#breadcrumb","itemListElement":[{"@type":"ListItem","position":1,"name":"Home","item":"https:\/\/www.humanium.org\/de\/"},{"@type":"ListItem","position":2,"name":"Das Recht auf Schutz weltweit"}]},{"@type":"WebSite","@id":"https:\/\/www.humanium.org\/de\/#website","url":"https:\/\/www.humanium.org\/de\/","name":"Humanium","description":"Kinder zuerst!","potentialAction":[{"@type":"SearchAction","target":{"@type":"EntryPoint","urlTemplate":"https:\/\/www.humanium.org\/de\/?s={search_term_string}"},"query-input":{"@type":"PropertyValueSpecification","valueRequired":true,"valueName":"search_term_string"}}],"inLanguage":"de"}]}},"_links":{"self":[{"href":"https:\/\/www.humanium.org\/de\/wp-json\/wp\/v2\/pages\/2152","targetHints":{"allow":["GET"]}}],"collection":[{"href":"https:\/\/www.humanium.org\/de\/wp-json\/wp\/v2\/pages"}],"about":[{"href":"https:\/\/www.humanium.org\/de\/wp-json\/wp\/v2\/types\/page"}],"author":[{"embeddable":true,"href":"https:\/\/www.humanium.org\/de\/wp-json\/wp\/v2\/users\/1"}],"replies":[{"embeddable":true,"href":"https:\/\/www.humanium.org\/de\/wp-json\/wp\/v2\/comments?post=2152"}],"version-history":[{"count":12,"href":"https:\/\/www.humanium.org\/de\/wp-json\/wp\/v2\/pages\/2152\/revisions"}],"predecessor-version":[{"id":10383,"href":"https:\/\/www.humanium.org\/de\/wp-json\/wp\/v2\/pages\/2152\/revisions\/10383"}],"wp:attachment":[{"href":"https:\/\/www.humanium.org\/de\/wp-json\/wp\/v2\/media?parent=2152"}],"curies":[{"name":"wp","href":"https:\/\/api.w.org\/{rel}","templated":true}]}}