{"id":2158,"date":"2013-09-06T10:59:29","date_gmt":"2013-09-06T10:59:29","guid":{"rendered":"http:\/\/www.humanium.org\/de\/?page_id=2158"},"modified":"2025-12-06T06:28:47","modified_gmt":"2025-12-06T06:28:47","slug":"recht-identitat-weltweit","status":"publish","type":"page","link":"https:\/\/www.humanium.org\/de\/recht-identitat-weltweit\/","title":{"rendered":"Das Recht auf eine Identit\u00e4t weltweit"},"content":{"rendered":"<h1>Recht auf eine Identit\u00e4t \u2013 die globale Situation<\/h1>\n<h2>Ein weltweiter Blick auf die Identit\u00e4tsrechte des Kindes<\/h2>\n<p><strong>J\u00e4hrlich werden Millionen von Kindern auf der ganzen Welt um das Recht auf eine legale Identit\u00e4t beraubt. Im Jahr 2007 wurden \u00fcber 51 Millionen Kinder bei ihrer Geburt nicht registriert, fast die H\u00e4lfte dieser jungen Menschen stammt aus Entwicklungsl\u00e4ndern.<\/strong><\/p>\n<h3>Das Scheitern der Geburtenregistrierung<\/h3>\n<h4>Welche Regionen sind am st\u00e4rksten betroffen?<\/h4>\n<p><img loading=\"lazy\" decoding=\"async\" class=\"alignleft\" title=\"In Afrika und S\u00fcdostasien werden viele S\u00e4uglinge bei ihrer Geburt nicht registriert - \u00a9 IRIN\/M.Deghati\" alt=\"\" src=\"https:\/\/www.humanium.org\/fr\/wp-content\/uploads\/IRIN-M-Deghati.jpg\" width=\"224\" height=\"189\" \/>Die Mehrzahl der nichtregistrierten Kinder kommt aus S\u00fcdostasien, zum gegenw\u00e4rtigen Zeitpunkt sind dies \u00fcber 24 Millionen. An zweiter Stelle steht Subsahara-Afrika, wo nahezu 20 Millionen Kinder ohne Geburtsurkunde leben. In diesen beiden Regionen hat fast jedes dritte Kind keine legale Existenz. In einigen L\u00e4ndern ist die Situation noch gravierender, insbesondere in Somalia und Liberia, wo gerade einmal 3% der Kinder unter 5 Jahren gesetzlich mit ihrem Namen und ihrer Nationalit\u00e4t erfasst sind. In anderen L\u00e4ndern wie beispielsweise Afghanistan, Bangladesh, \u00c4thiopien und Tansania liegt die Quote der Kinder, die bei ihrer Geburt registriert werden, unter 10%.<\/p>\n<h4>Wen trifft es am schlimmsten?<\/h4>\n<p>Kinder aus armen und marginalisierten Schichten sind von diesem Problem besonders <img loading=\"lazy\" decoding=\"async\" class=\"alignright\" title=\"In l\u00e4ndlichen Gegenden liegen die Regierungszentren zur Geburtsregistrierung zu weit von den Familien entfernt - \u00a9 UNESCO\/M.Georges\" alt=\"\" src=\"https:\/\/www.humanium.org\/fr\/wp-content\/uploads\/UNESCO-M-Georges-3.jpg\" width=\"191\" height=\"300\" \/>betroffen. Stammen sie aus benachteiligten Familien und\/oder leben in l\u00e4ndlichen Gebieten, dann laufen sie doppelt so h\u00e4ufig Gefahr, nicht registriert zu werden.<\/p>\n<p>Meist werden Kinder aufgrund weiter Entfernung zu den Geburtsregistern und den damit verbundenen unerschwinglichen Kosten nicht registriert. Zudem sind sich bildungsschwache Eltern in der Regel nicht bewusst, wie wichtig die Geburtsregistrierung f\u00fcr das zuk\u00fcnftige Wohl ihrer Kinder ist. Denn Kinder ohne legale Identit\u00e4t fallen oft aus der Gemeinschaft und werden zu Opfern von Prostitution, Sklaverei und Ausbeutung.<\/p>\n<h3>Die unsichtbaren Kinder der Welt<\/h3>\n<h4>Stra\u00dfenkinder und Hausangestellte im Kindesalter<\/h4>\n<p>In allen gro\u00dfen St\u00e4dten dieser Welt, sogar in den reichsten, gibt es Kinder, die ein unsichtbares Leben f\u00fchren. Diese Kinder sind meistens zwischen 10 und 15 Jahren alt, aber es ist nicht ungew\u00f6hnlich, dass sich auch Sechsj\u00e4hrige unter ihnen befinden. Der Gro\u00dfteil von ihnen kommt aus sehr \u00e4rmlichen Verh\u00e4ltnissen und\/oder aus Familien mit nur einem Elternteil. Im schlimmsten Fall sind sie sogar verwaist und verlassen. Sie arbeiten, um ihre Familie zu unterst\u00fctzen, oder, sofern sie denn keinen Familienkontakt mehr haben, um ihr eigens \u00dcberleben.<\/p>\n<p><img loading=\"lazy\" decoding=\"async\" class=\"alignleft\" title=\"Stra\u00dfenkinder sind oft auf sich selbst gestellt  - \u00a9 IRIN\/A.Emam\" alt=\"\" src=\"https:\/\/www.humanium.org\/fr\/wp-content\/uploads\/IRIN-A-Emam.jpg\" width=\"256\" height=\"173\" \/>Da sie von der Regierung \u00fcberhaupt nicht registriert werden, leben diese Kinder oft auf den Stra\u00dfen, arbeiten und leben am Rande der Gesellschaft \u2013 eine Gesellschaft, mit der die Kinder zwar jeden Tag interagieren, zu der sie jedoch nie geh\u00f6ren werden.<\/p>\n<p>Von ihrer Geburt an sind sie einem Leben voller Schwierigkeiten vollkommen ausgesetzt. Sie werden eine Kindheit ohne regelm\u00e4\u00dfigen Schulbesuch, Beaufsichtigung durch einen Erwachsenen oder medizinische Versorgung erfahren. Ohne jeglichen Schutz sind sie wehrlos gegen\u00fcber den schlimmsten Formen von Ausbeutung und Misshandlungen, denn ihr Verschwinden bleibt unbemerkt.<\/p>\n<p>Die genaue Anzahl von Kindern, die auf der Stra\u00dfe leben, l\u00e4sst sich nur schwer bestimmen. Momentan geht man von 120 Millionen Stra\u00dfenkindern weltweit aus, davon entfallen allein die H\u00e4lfte auf Lateinamerika und 30% auf S\u00fcdostasien.<\/p>\n<h4>Vertriebenen- und Fl\u00fcchtlingskinder<\/h4>\n<p>Internationale und nationale bewaffnete Konflikte sowie durch den Klimawandel bedingte Naturkatastrophen zwingen ganze Gemeinschaften aus Angst um ihre eigene Sicherheit ihr Zuhause zu verlassen. Seit 2006 mussten sch\u00e4tzungsweise 20 Millionen Kinder mit ihren Familien aus ihrer Heimat fl\u00fcchten.<\/p>\n<p>Durch diese Vertreibungen verlieren Familien vielfach ihre amtlichen Unterlagen <img loading=\"lazy\" decoding=\"async\" class=\"alignright\" title=\"Vertriebenen- und Fl\u00fcchtlingskinder verlieren h\u00e4ufig ihre Identit\u00e4tsnachweise - \u00a9 UN\/L.Powell\" alt=\"\" src=\"https:\/\/www.humanium.org\/fr\/wp-content\/uploads\/12-UN-Photo-Luke-Powell.jpg\" width=\"206\" height=\"213\" \/>(Geburtsurkunden, Identit\u00e4tsnachweise). Das macht es f\u00fcr sie noch schwieriger, ihre Kinder registrieren zu lassen und wichtige Dokumente zur Identit\u00e4t zu erhalten.<\/p>\n<p>Fl\u00fcchtlingsfamilien werden oft gegen ihren Willen getrennt und sind nicht im Besitz irgendeines rechtm\u00e4\u00dfigen Nachweises, um ihre Angeh\u00f6rigen auffinden zu k\u00f6nnen.<\/p>\n<p>Jedes Jahr f\u00fchren kriegerische Auseinandersetzungen und Naturkatastrophen dazu, dass Tausende von Kindern ihre legale Identit\u00e4t verlieren und somit voll und ganz auf sich selbst gestellt sind. Durch den Verlust ihrer legalen Identit\u00e4t und die Trennung von ihren Familienmitgliedern sind sie folglich gro\u00dfen Gefahren ausgesetzt. Sie werden zu idealen Zielscheiben f\u00fcr Kinderhandel, Vergewaltigung, Prostitution und milit\u00e4rische Rekrutierung. Dies sind schwerere Verst\u00f6\u00dfe gegen ihre grundlegendsten Menschenrechte und geschieht in einer Kultur v\u00f6lliger Straffreiheit.<\/p>\n<div id=\"toggle\"><\/div>\n<div id=\"plus_loin_box\" style=\"display: none;\">\n<ul>\n<li><a title=\"Das Recht der Kinder auf Identit\u00e4t verstehen\" href=\"https:\/\/www.humanium.org\/de\/recht-auf-identitat\/\">Das Recht der Kinder auf Identit\u00e4t verstehen<\/a><\/li>\n<li><a title=\"Staatenlos und unsichtbar\" href=\"https:\/\/www.humanium.org\/de\/staatenlos-und-unsichtbar\/\">Staatenlos und unsichtbar<\/a><\/li>\n<\/ul>\n<\/div>\n<p>&nbsp;<\/p>\n<div id=\"toggle\"><\/div>\n<div id=\"sources_box\" style=\"display: none;\">\n<ul>\n<li><a title=\"Unicef Geburtenregistrierung\" href=\"https:\/\/www.unicef.ch\/de\/so-helfen-wir\/programme\/geburtenregistrierung\" target=\"_blank\">Unicef, Geburtenregistrierung<\/a><\/li>\n<li>Empfehlungen des Europarates zur Staatsangeh\u00f6rigkeit von Kindern<\/li>\n<\/ul>\n<\/div>\n<p>&nbsp;<\/p>\n<div id=\"toggle\"><a onclick=\"show_voir_aussi('voir_aussi_box')\" href=\"javascript:show_voir_aussi(id)\"><\/a><\/div>\n<div id=\"voir_aussi_box\" style=\"display: none;\">\n<ul>\n<li><a title=\"Unicef Excluded and Invisible\" href=\"https:\/\/www.unicef.org\/sowc06\/pdfs\/sowc06_fullreport.pdf\" target=\"_blank\">Unicef, Ausgeschlossen und unsichtbar<\/a><\/li>\n<li><a title=\"Unicef the Rights start to live\" href=\"https:\/\/www.unicef.org\/publications\/files\/R55BirthReg10a.pdf\" target=\"_blank\">Unicef, Die \u201cRechte\u201d Start ins Leben, 2005<\/a><\/li>\n<li><a title=\"UNHCR Separated from parents, child refugees present unique protection needs\" href=\"http:\/\/www.unhcr.org\/490088624.html\" target=\"_blank\">UNHCR, Kinderfl\u00fcchtlinge<\/a><\/li>\n<li><a title=\"UNDP International Human Development Indicators\" href=\"http:\/\/hdr.undp.org\/en\/data\" target=\"_blank\">UNDP, Bericht \u00fcber die menschliche Entwicklung<\/a><\/li>\n<li>WHO, Weltgesundheitsstatistiken 2010<\/li>\n<\/ul>\n<\/div>\n<p>&nbsp;<\/p>\n<table>\n<tbody style=\"background: #f9f9f9;\">\n<tr>\n<td>\n<div style=\"float: left; width: 90%;\">\u00dcbersetzt von : Nina Peiris<br \/>\nBewertet von : Nele Feuchter<\/div>\n<\/td>\n<\/tr>\n<\/tbody>\n<\/table>\n<table>\n<tbody style=\"background: #f9f9f9;\">\n<tr>\n<td>\n<div style=\"float: left; width: 90%;\">Verfasst am 21. August 2013<\/div>\n<\/td>\n<\/tr>\n<\/tbody>\n<\/table>\n","protected":false},"excerpt":{"rendered":"<p>Recht auf eine Identit\u00e4t \u2013 die globale Situation Ein weltweiter Blick auf die Identit\u00e4tsrechte des Kindes J\u00e4hrlich werden Millionen von Kindern auf der ganzen Welt um das Recht auf eine legale Identit\u00e4t beraubt. Im Jahr 2007 wurden \u00fcber 51 Millionen Kinder bei ihrer Geburt nicht registriert, fast die H\u00e4lfte dieser jungen Menschen stammt aus Entwicklungsl\u00e4ndern. [&hellip;]<\/p>\n","protected":false},"author":1,"featured_media":0,"parent":0,"menu_order":0,"comment_status":"closed","ping_status":"closed","template":"","meta":{"footnotes":""},"class_list":["post-2158","page","type-page","status-publish","hentry"],"yoast_head":"<!-- This site is optimized with the Yoast SEO plugin v26.5 - https:\/\/yoast.com\/wordpress\/plugins\/seo\/ -->\n<title>Das Recht auf eine Identit\u00e4t weltweit - Humanium<\/title>\n<meta name=\"robots\" content=\"index, follow, max-snippet:-1, max-image-preview:large, max-video-preview:-1\" \/>\n<link rel=\"canonical\" href=\"https:\/\/www.humanium.org\/de\/recht-identitat-weltweit\/\" \/>\n<meta property=\"og:locale\" content=\"de_DE\" \/>\n<meta property=\"og:type\" content=\"article\" \/>\n<meta property=\"og:title\" content=\"Das Recht auf eine Identit\u00e4t weltweit - Humanium\" \/>\n<meta property=\"og:description\" content=\"Recht auf eine Identit\u00e4t \u2013 die globale Situation Ein weltweiter Blick auf die Identit\u00e4tsrechte des Kindes J\u00e4hrlich werden Millionen von Kindern auf der ganzen Welt um das Recht auf eine legale Identit\u00e4t beraubt. Im Jahr 2007 wurden \u00fcber 51 Millionen Kinder bei ihrer Geburt nicht registriert, fast die H\u00e4lfte dieser jungen Menschen stammt aus Entwicklungsl\u00e4ndern. [&hellip;]\" \/>\n<meta property=\"og:url\" content=\"https:\/\/www.humanium.org\/de\/recht-identitat-weltweit\/\" \/>\n<meta property=\"og:site_name\" content=\"Humanium\" \/>\n<meta property=\"article:modified_time\" content=\"2025-12-06T06:28:47+00:00\" \/>\n<meta property=\"og:image\" content=\"https:\/\/www.humanium.org\/fr\/wp-content\/uploads\/IRIN-M-Deghati.jpg\" \/>\n<meta name=\"twitter:card\" content=\"summary_large_image\" \/>\n<meta name=\"twitter:label1\" content=\"Gesch\u00e4tzte Lesezeit\" \/>\n\t<meta name=\"twitter:data1\" content=\"4\u00a0Minuten\" \/>\n<script type=\"application\/ld+json\" class=\"yoast-schema-graph\">{\"@context\":\"https:\/\/schema.org\",\"@graph\":[{\"@type\":\"WebPage\",\"@id\":\"https:\/\/www.humanium.org\/de\/recht-identitat-weltweit\/\",\"url\":\"https:\/\/www.humanium.org\/de\/recht-identitat-weltweit\/\",\"name\":\"Das Recht auf eine Identit\u00e4t weltweit - Humanium\",\"isPartOf\":{\"@id\":\"https:\/\/www.humanium.org\/de\/#website\"},\"primaryImageOfPage\":{\"@id\":\"https:\/\/www.humanium.org\/de\/recht-identitat-weltweit\/#primaryimage\"},\"image\":{\"@id\":\"https:\/\/www.humanium.org\/de\/recht-identitat-weltweit\/#primaryimage\"},\"thumbnailUrl\":\"https:\/\/www.humanium.org\/fr\/wp-content\/uploads\/IRIN-M-Deghati.jpg\",\"datePublished\":\"2013-09-06T10:59:29+00:00\",\"dateModified\":\"2025-12-06T06:28:47+00:00\",\"breadcrumb\":{\"@id\":\"https:\/\/www.humanium.org\/de\/recht-identitat-weltweit\/#breadcrumb\"},\"inLanguage\":\"de\",\"potentialAction\":[{\"@type\":\"ReadAction\",\"target\":[\"https:\/\/www.humanium.org\/de\/recht-identitat-weltweit\/\"]}]},{\"@type\":\"ImageObject\",\"inLanguage\":\"de\",\"@id\":\"https:\/\/www.humanium.org\/de\/recht-identitat-weltweit\/#primaryimage\",\"url\":\"https:\/\/www.humanium.org\/fr\/wp-content\/uploads\/IRIN-M-Deghati.jpg\",\"contentUrl\":\"https:\/\/www.humanium.org\/fr\/wp-content\/uploads\/IRIN-M-Deghati.jpg\"},{\"@type\":\"BreadcrumbList\",\"@id\":\"https:\/\/www.humanium.org\/de\/recht-identitat-weltweit\/#breadcrumb\",\"itemListElement\":[{\"@type\":\"ListItem\",\"position\":1,\"name\":\"Home\",\"item\":\"https:\/\/www.humanium.org\/de\/\"},{\"@type\":\"ListItem\",\"position\":2,\"name\":\"Das Recht auf eine Identit\u00e4t weltweit\"}]},{\"@type\":\"WebSite\",\"@id\":\"https:\/\/www.humanium.org\/de\/#website\",\"url\":\"https:\/\/www.humanium.org\/de\/\",\"name\":\"Humanium\",\"description\":\"Kinder zuerst!\",\"potentialAction\":[{\"@type\":\"SearchAction\",\"target\":{\"@type\":\"EntryPoint\",\"urlTemplate\":\"https:\/\/www.humanium.org\/de\/?s={search_term_string}\"},\"query-input\":{\"@type\":\"PropertyValueSpecification\",\"valueRequired\":true,\"valueName\":\"search_term_string\"}}],\"inLanguage\":\"de\"}]}<\/script>\n<!-- \/ Yoast SEO plugin. -->","yoast_head_json":{"title":"Das Recht auf eine Identit\u00e4t weltweit - Humanium","robots":{"index":"index","follow":"follow","max-snippet":"max-snippet:-1","max-image-preview":"max-image-preview:large","max-video-preview":"max-video-preview:-1"},"canonical":"https:\/\/www.humanium.org\/de\/recht-identitat-weltweit\/","og_locale":"de_DE","og_type":"article","og_title":"Das Recht auf eine Identit\u00e4t weltweit - Humanium","og_description":"Recht auf eine Identit\u00e4t \u2013 die globale Situation Ein weltweiter Blick auf die Identit\u00e4tsrechte des Kindes J\u00e4hrlich werden Millionen von Kindern auf der ganzen Welt um das Recht auf eine legale Identit\u00e4t beraubt. Im Jahr 2007 wurden \u00fcber 51 Millionen Kinder bei ihrer Geburt nicht registriert, fast die H\u00e4lfte dieser jungen Menschen stammt aus Entwicklungsl\u00e4ndern. [&hellip;]","og_url":"https:\/\/www.humanium.org\/de\/recht-identitat-weltweit\/","og_site_name":"Humanium","article_modified_time":"2025-12-06T06:28:47+00:00","og_image":[{"url":"https:\/\/www.humanium.org\/fr\/wp-content\/uploads\/IRIN-M-Deghati.jpg","type":"","width":"","height":""}],"twitter_card":"summary_large_image","twitter_misc":{"Gesch\u00e4tzte Lesezeit":"4\u00a0Minuten"},"schema":{"@context":"https:\/\/schema.org","@graph":[{"@type":"WebPage","@id":"https:\/\/www.humanium.org\/de\/recht-identitat-weltweit\/","url":"https:\/\/www.humanium.org\/de\/recht-identitat-weltweit\/","name":"Das Recht auf eine Identit\u00e4t weltweit - Humanium","isPartOf":{"@id":"https:\/\/www.humanium.org\/de\/#website"},"primaryImageOfPage":{"@id":"https:\/\/www.humanium.org\/de\/recht-identitat-weltweit\/#primaryimage"},"image":{"@id":"https:\/\/www.humanium.org\/de\/recht-identitat-weltweit\/#primaryimage"},"thumbnailUrl":"https:\/\/www.humanium.org\/fr\/wp-content\/uploads\/IRIN-M-Deghati.jpg","datePublished":"2013-09-06T10:59:29+00:00","dateModified":"2025-12-06T06:28:47+00:00","breadcrumb":{"@id":"https:\/\/www.humanium.org\/de\/recht-identitat-weltweit\/#breadcrumb"},"inLanguage":"de","potentialAction":[{"@type":"ReadAction","target":["https:\/\/www.humanium.org\/de\/recht-identitat-weltweit\/"]}]},{"@type":"ImageObject","inLanguage":"de","@id":"https:\/\/www.humanium.org\/de\/recht-identitat-weltweit\/#primaryimage","url":"https:\/\/www.humanium.org\/fr\/wp-content\/uploads\/IRIN-M-Deghati.jpg","contentUrl":"https:\/\/www.humanium.org\/fr\/wp-content\/uploads\/IRIN-M-Deghati.jpg"},{"@type":"BreadcrumbList","@id":"https:\/\/www.humanium.org\/de\/recht-identitat-weltweit\/#breadcrumb","itemListElement":[{"@type":"ListItem","position":1,"name":"Home","item":"https:\/\/www.humanium.org\/de\/"},{"@type":"ListItem","position":2,"name":"Das Recht auf eine Identit\u00e4t weltweit"}]},{"@type":"WebSite","@id":"https:\/\/www.humanium.org\/de\/#website","url":"https:\/\/www.humanium.org\/de\/","name":"Humanium","description":"Kinder zuerst!","potentialAction":[{"@type":"SearchAction","target":{"@type":"EntryPoint","urlTemplate":"https:\/\/www.humanium.org\/de\/?s={search_term_string}"},"query-input":{"@type":"PropertyValueSpecification","valueRequired":true,"valueName":"search_term_string"}}],"inLanguage":"de"}]}},"_links":{"self":[{"href":"https:\/\/www.humanium.org\/de\/wp-json\/wp\/v2\/pages\/2158","targetHints":{"allow":["GET"]}}],"collection":[{"href":"https:\/\/www.humanium.org\/de\/wp-json\/wp\/v2\/pages"}],"about":[{"href":"https:\/\/www.humanium.org\/de\/wp-json\/wp\/v2\/types\/page"}],"author":[{"embeddable":true,"href":"https:\/\/www.humanium.org\/de\/wp-json\/wp\/v2\/users\/1"}],"replies":[{"embeddable":true,"href":"https:\/\/www.humanium.org\/de\/wp-json\/wp\/v2\/comments?post=2158"}],"version-history":[{"count":13,"href":"https:\/\/www.humanium.org\/de\/wp-json\/wp\/v2\/pages\/2158\/revisions"}],"predecessor-version":[{"id":21023,"href":"https:\/\/www.humanium.org\/de\/wp-json\/wp\/v2\/pages\/2158\/revisions\/21023"}],"wp:attachment":[{"href":"https:\/\/www.humanium.org\/de\/wp-json\/wp\/v2\/media?parent=2158"}],"curies":[{"name":"wp","href":"https:\/\/api.w.org\/{rel}","templated":true}]}}