{"id":2240,"date":"2013-08-26T13:13:22","date_gmt":"2013-08-26T13:13:22","guid":{"rendered":"http:\/\/www.humanium.org\/de\/?page_id=2240"},"modified":"2021-09-08T10:14:28","modified_gmt":"2021-09-08T10:14:28","slug":"konvention","status":"publish","type":"page","link":"https:\/\/www.humanium.org\/de\/konvention\/","title":{"rendered":"Kinderrechtskonvention"},"content":{"rendered":"\n<h1 class=\"wp-block-heading\">Kinderrechtskonvention<\/h1>\n\n\n\n<h2 class=\"wp-block-heading\">Pr\u00e4sentation des internationalen \u00dcbereinkommens \u00fcber die Rechte des Kindes<\/h2>\n\n\n\n<p><strong>Die internationale Kinderrechtskonvention oder das \u00dcbereinkommen \u00fcber die Rechte des Kindes ist ein internationales Abkommen, das am 20. November 1989 von der Generalversammlung der Vereinten Nationen verabschiedet wurde.<\/strong><\/p>\n\n\n\n<h3 class=\"wp-block-heading\">Was ist die Kinderrechtskonvention ?<\/h3>\n\n\n\n<ul class=\"wp-block-list\"><li><a href=\"https:\/\/www.humanium.org\/de\/kinderrechte\/\">Definition der Kinderrechte<\/a><\/li><li><a href=\"https:\/\/www.humanium.org\/de\/definition-der-kinderrechtskonvention\/\">Definition der Konvention<\/a><\/li><li><a href=\"https:\/\/www.humanium.org\/de\/zeil-der-konvention\/\">Das Ziel der Konvention<\/a><\/li><li><a href=\"https:\/\/www.humanium.org\/de\/die-richtlinien-der-kinderrechtskonvention\/\" target=\"_blank\" rel=\"noreferrer noopener\">Die Richtlinien der Kinderrechtskonvention<\/a><\/li><\/ul>\n\n\n\n<h3 class=\"wp-block-heading\">Texte der Konvention<\/h3>\n\n\n\n<ul class=\"wp-block-list\"><li><a href=\"https:\/\/www.humanium.org\/de\/konvention-rechte-kindes\/\">Vollst\u00e4ndiger Text<\/a><\/li><li><a href=\"https:\/\/www.humanium.org\/de\/ausgewahlte-auszuge\/\">Ausgew\u00e4hlte Ausz\u00fcge<\/a><\/li><li><a href=\"https:\/\/www.humanium.org\/de\/die-internationale-konvention-der-kinderrechte-text-angepasst-fur-kinder-ab-10-jahren\/\">Kinderfreundliche Version f\u00fcr Kinder ab 10 Jahren<\/a><\/li><\/ul>\n\n\n\n<h3 class=\"wp-block-heading\">Geschichte der Konvention<\/h3>\n\n\n\n<ul class=\"wp-block-list\"><li><a href=\"https:\/\/www.humanium.org\/de\/geschichte-kinderrechte\/\">Geschichte der Kinderrechte<\/a><\/li><li><a href=\"https:\/\/www.humanium.org\/de\/die-entstehung-der-verhandlungen\/\">Entstehen der Konvention<\/a><\/li><li><a href=\"https:\/\/www.humanium.org\/de\/verabschiedung-ubereinkommens\/\">Verabschiedung der Konvention am 20. November 1989<\/a><\/li><li><a href=\"https:\/\/www.humanium.org\/de\/vertragsstaaten-beteiligte-der-konvention\/\">Unterzeichnerl\u00e4nder der Konvention und Mitwirken anderer Organe der UN<\/a><\/li><\/ul>\n\n\n\n<h3 class=\"wp-block-heading\">Ausschuss f\u00fcr die Rechte des Kindes<\/h3>\n\n\n\n<ul class=\"wp-block-list\"><li><a href=\"https:\/\/www.humanium.org\/de\/ausschuss-rolle\/\">Entstehung und Funktion des Ausschusses<\/a><\/li><li><a href=\"https:\/\/www.humanium.org\/de\/analyse-der-berichte-und-der-kommunikation_der-ausschuss-fur-die-rechte-des-kindes\/\">Pr\u00fcfung der Berichte und der Kommunikation<\/a><\/li><li><a href=\"https:\/\/www.humanium.org\/de\/rolle-und-zustandigkeiten-allgemeine-bemerkungen-und-diskussionstage_der-ausschuss-fur-die-rechte-des-kindes\/\">\u00dcberwachungst\u00e4tigkeiten und Generalversammlungen<\/a><\/li><li><a href=\"https:\/\/www.humanium.org\/de\/grenzen-des-ausschusses\/\">Grenzen des Ausschusses<\/a><\/li><\/ul>\n\n\n\n<h3 class=\"wp-block-heading\">Protokolle der Konvention<\/h3>\n\n\n\n<ul class=\"wp-block-list\"><li><a href=\"https:\/\/www.humanium.org\/de\/protokoll-beteiligung-von-kindern-konflikten\/\">Zusatzprotokoll zur Beteiligung von Kindern an bewaffneten Konflikten, 2000<\/a><\/li><li><a href=\"https:\/\/www.humanium.org\/de\/zusatzprotokoll-zur-kinderrechts-konvention-betreffend-kinderhandel-kinderprostitution-und-kinderpornographie-2000\/\">Zusatzprotokoll zu Kinderhandel, Kinderprostitution und Kinderpornographie, 2000<\/a><\/li><li><a href=\"https:\/\/www.humanium.org\/de\/fakultativprotokoll-zum-ubereinkommen-uber-die-rechte-des-kindes-betreffend-ein-individualbeschwerdeverfahren\/\">Zusatzprotokoll zum Vorbringen einer Individualbeschwerde vor dem Ausschuss f\u00fcr die Rechte des Kindes, 2011<\/a><\/li><\/ul>\n","protected":false},"excerpt":{"rendered":"<p>Kinderrechtskonvention Pr\u00e4sentation des internationalen \u00dcbereinkommens \u00fcber die Rechte des Kindes Die internationale Kinderrechtskonvention oder das \u00dcbereinkommen \u00fcber die Rechte des Kindes ist ein internationales Abkommen, das am 20. November 1989 von der Generalversammlung der Vereinten Nationen verabschiedet wurde. Was ist die Kinderrechtskonvention ? Definition der Kinderrechte Definition der Konvention Das Ziel der Konvention Die Richtlinien [&hellip;]<\/p>\n","protected":false},"author":1,"featured_media":0,"parent":0,"menu_order":0,"comment_status":"closed","ping_status":"closed","template":"","meta":{"footnotes":""},"class_list":["post-2240","page","type-page","status-publish","hentry"],"yoast_head":"<!-- This site is optimized with the Yoast SEO plugin v26.5 - https:\/\/yoast.com\/wordpress\/plugins\/seo\/ -->\n<title>Kinderrechtskonvention - Humanium<\/title>\n<meta name=\"robots\" content=\"index, follow, max-snippet:-1, max-image-preview:large, max-video-preview:-1\" \/>\n<link rel=\"canonical\" href=\"https:\/\/www.humanium.org\/de\/konvention\/\" \/>\n<meta property=\"og:locale\" content=\"de_DE\" \/>\n<meta property=\"og:type\" content=\"article\" \/>\n<meta property=\"og:title\" content=\"Kinderrechtskonvention - Humanium\" \/>\n<meta property=\"og:description\" content=\"Kinderrechtskonvention Pr\u00e4sentation des internationalen \u00dcbereinkommens \u00fcber die Rechte des Kindes Die internationale Kinderrechtskonvention oder das \u00dcbereinkommen \u00fcber die Rechte des Kindes ist ein internationales Abkommen, das am 20. November 1989 von der Generalversammlung der Vereinten Nationen verabschiedet wurde. Was ist die Kinderrechtskonvention ? Definition der Kinderrechte Definition der Konvention Das Ziel der Konvention Die Richtlinien [&hellip;]\" \/>\n<meta property=\"og:url\" content=\"https:\/\/www.humanium.org\/de\/konvention\/\" \/>\n<meta property=\"og:site_name\" content=\"Humanium\" \/>\n<meta property=\"article:modified_time\" content=\"2021-09-08T10:14:28+00:00\" \/>\n<meta name=\"twitter:card\" content=\"summary_large_image\" \/>\n<meta name=\"twitter:label1\" content=\"Gesch\u00e4tzte Lesezeit\" \/>\n\t<meta name=\"twitter:data1\" content=\"1\u00a0Minute\" \/>\n<script type=\"application\/ld+json\" class=\"yoast-schema-graph\">{\"@context\":\"https:\/\/schema.org\",\"@graph\":[{\"@type\":\"WebPage\",\"@id\":\"https:\/\/www.humanium.org\/de\/konvention\/\",\"url\":\"https:\/\/www.humanium.org\/de\/konvention\/\",\"name\":\"Kinderrechtskonvention - Humanium\",\"isPartOf\":{\"@id\":\"https:\/\/www.humanium.org\/de\/#website\"},\"datePublished\":\"2013-08-26T13:13:22+00:00\",\"dateModified\":\"2021-09-08T10:14:28+00:00\",\"breadcrumb\":{\"@id\":\"https:\/\/www.humanium.org\/de\/konvention\/#breadcrumb\"},\"inLanguage\":\"de\",\"potentialAction\":[{\"@type\":\"ReadAction\",\"target\":[\"https:\/\/www.humanium.org\/de\/konvention\/\"]}]},{\"@type\":\"BreadcrumbList\",\"@id\":\"https:\/\/www.humanium.org\/de\/konvention\/#breadcrumb\",\"itemListElement\":[{\"@type\":\"ListItem\",\"position\":1,\"name\":\"Home\",\"item\":\"https:\/\/www.humanium.org\/de\/\"},{\"@type\":\"ListItem\",\"position\":2,\"name\":\"Kinderrechtskonvention\"}]},{\"@type\":\"WebSite\",\"@id\":\"https:\/\/www.humanium.org\/de\/#website\",\"url\":\"https:\/\/www.humanium.org\/de\/\",\"name\":\"Humanium\",\"description\":\"Kinder zuerst!\",\"potentialAction\":[{\"@type\":\"SearchAction\",\"target\":{\"@type\":\"EntryPoint\",\"urlTemplate\":\"https:\/\/www.humanium.org\/de\/?s={search_term_string}\"},\"query-input\":{\"@type\":\"PropertyValueSpecification\",\"valueRequired\":true,\"valueName\":\"search_term_string\"}}],\"inLanguage\":\"de\"}]}<\/script>\n<!-- \/ Yoast SEO plugin. -->","yoast_head_json":{"title":"Kinderrechtskonvention - Humanium","robots":{"index":"index","follow":"follow","max-snippet":"max-snippet:-1","max-image-preview":"max-image-preview:large","max-video-preview":"max-video-preview:-1"},"canonical":"https:\/\/www.humanium.org\/de\/konvention\/","og_locale":"de_DE","og_type":"article","og_title":"Kinderrechtskonvention - Humanium","og_description":"Kinderrechtskonvention Pr\u00e4sentation des internationalen \u00dcbereinkommens \u00fcber die Rechte des Kindes Die internationale Kinderrechtskonvention oder das \u00dcbereinkommen \u00fcber die Rechte des Kindes ist ein internationales Abkommen, das am 20. November 1989 von der Generalversammlung der Vereinten Nationen verabschiedet wurde. Was ist die Kinderrechtskonvention ? Definition der Kinderrechte Definition der Konvention Das Ziel der Konvention Die Richtlinien [&hellip;]","og_url":"https:\/\/www.humanium.org\/de\/konvention\/","og_site_name":"Humanium","article_modified_time":"2021-09-08T10:14:28+00:00","twitter_card":"summary_large_image","twitter_misc":{"Gesch\u00e4tzte Lesezeit":"1\u00a0Minute"},"schema":{"@context":"https:\/\/schema.org","@graph":[{"@type":"WebPage","@id":"https:\/\/www.humanium.org\/de\/konvention\/","url":"https:\/\/www.humanium.org\/de\/konvention\/","name":"Kinderrechtskonvention - Humanium","isPartOf":{"@id":"https:\/\/www.humanium.org\/de\/#website"},"datePublished":"2013-08-26T13:13:22+00:00","dateModified":"2021-09-08T10:14:28+00:00","breadcrumb":{"@id":"https:\/\/www.humanium.org\/de\/konvention\/#breadcrumb"},"inLanguage":"de","potentialAction":[{"@type":"ReadAction","target":["https:\/\/www.humanium.org\/de\/konvention\/"]}]},{"@type":"BreadcrumbList","@id":"https:\/\/www.humanium.org\/de\/konvention\/#breadcrumb","itemListElement":[{"@type":"ListItem","position":1,"name":"Home","item":"https:\/\/www.humanium.org\/de\/"},{"@type":"ListItem","position":2,"name":"Kinderrechtskonvention"}]},{"@type":"WebSite","@id":"https:\/\/www.humanium.org\/de\/#website","url":"https:\/\/www.humanium.org\/de\/","name":"Humanium","description":"Kinder zuerst!","potentialAction":[{"@type":"SearchAction","target":{"@type":"EntryPoint","urlTemplate":"https:\/\/www.humanium.org\/de\/?s={search_term_string}"},"query-input":{"@type":"PropertyValueSpecification","valueRequired":true,"valueName":"search_term_string"}}],"inLanguage":"de"}]}},"_links":{"self":[{"href":"https:\/\/www.humanium.org\/de\/wp-json\/wp\/v2\/pages\/2240","targetHints":{"allow":["GET"]}}],"collection":[{"href":"https:\/\/www.humanium.org\/de\/wp-json\/wp\/v2\/pages"}],"about":[{"href":"https:\/\/www.humanium.org\/de\/wp-json\/wp\/v2\/types\/page"}],"author":[{"embeddable":true,"href":"https:\/\/www.humanium.org\/de\/wp-json\/wp\/v2\/users\/1"}],"replies":[{"embeddable":true,"href":"https:\/\/www.humanium.org\/de\/wp-json\/wp\/v2\/comments?post=2240"}],"version-history":[{"count":7,"href":"https:\/\/www.humanium.org\/de\/wp-json\/wp\/v2\/pages\/2240\/revisions"}],"predecessor-version":[{"id":15074,"href":"https:\/\/www.humanium.org\/de\/wp-json\/wp\/v2\/pages\/2240\/revisions\/15074"}],"wp:attachment":[{"href":"https:\/\/www.humanium.org\/de\/wp-json\/wp\/v2\/media?parent=2240"}],"curies":[{"name":"wp","href":"https:\/\/api.w.org\/{rel}","templated":true}]}}