{"id":2248,"date":"2013-08-29T13:59:30","date_gmt":"2013-08-29T13:59:30","guid":{"rendered":"http:\/\/www.humanium.org\/de\/?page_id=2248"},"modified":"2025-12-06T06:40:49","modified_gmt":"2025-12-06T06:40:49","slug":"grundsatzliches-wasser","status":"publish","type":"page","link":"https:\/\/www.humanium.org\/de\/grundsatzliches-wasser\/","title":{"rendered":"Wasser wie ein Krankheits\u00fcbertr\u00e4ger"},"content":{"rendered":"<h1>Das Recht auf Wasser verstehen<\/h1>\n<h2>Wasser wie ein Krankheits\u00fcbertr\u00e4ger<\/h2>\n<p><strong>Wasser ist einer der gr\u00f6\u00dften Krankheits\u00fcbertr\u00e4ger der Welt, obwohl es f\u00fcr das menschliche Leben unabdinglich ist. \u00dcber 2,2 Millionen Menschen sterben jedes Jahr an verschmutztem Wasser.<\/strong><\/p>\n<h3>Krankheiten, welche durch Wasser \u00fcbertragen werden<\/h3>\n<p><img loading=\"lazy\" decoding=\"async\" class=\"alignright  wp-image-5150\" title=\"Der Verbrauch von durch menschliche Abf\u00e4lle und Chemikalien verschmutztem Wasser kann schwerwiegende gesundheitliche Folgen haben.\" alt=\"\" src=\"https:\/\/www.humanium.org\/fr\/wp-content\/uploads\/m-pollution_de_l_eau_en_asie2.jpg\" width=\"204\" height=\"134\" \/>Diese Krankheiten werden durch verschmutztes Wasser verursacht, das menschliche, tierische oder chemische Abf\u00e4lle beinhaltet:<\/p>\n<p style=\"padding-left: 30px;\">\u2022 <em>Krankheiten, die im Zusammenhang mit Wasserverschmutzung stehen und durch einen Mangel an angemessenen sanit\u00e4ren Einrichtungen hervorgerufen werden<\/em>: F\u00e4kalien werden durch das Abflie\u00dfen oder das Versickern von Frischwasserquellen transportiert, wodurch sowohl Trinkwasser als auch Nahrungsmittel verunreinigt werden. Typische Krankheitserscheinungen sind Cholera, Typhus, Polio, Meningitis, Hepatitis A und E, und Durchfall.<\/p>\n<p style=\"padding-left: 30px;\">\u2022 <em>Krankheiten, die im Zusammenhang mit Wasserverschmutzung stehen und durch Chemikalien hervorgerufen werden<\/em>: Die folgenden Stoffe werden nicht vom K\u00f6rper ausgeschieden und k\u00f6nnen somit giftig sein, falls sie in gro\u00dfen Mengen eingenommen werden:<\/p>\n<p style=\"padding-left: 60px;\">&#8211; Blei kann Bleivergiftung sowie einige k\u00f6rperliche Dysfunktionen (reproduktive St\u00f6rungen, Nierenversagen, etc.) hervorrufen.<\/p>\n<p style=\"padding-left: 60px;\">&#8211; Nitrat kann zu Blutvergiftung f\u00fchren, die besonders bei S\u00e4uglingen verheerend ist.<\/p>\n<p style=\"padding-left: 60px;\">&#8211; Pestizide k\u00f6nnen bewirken, dass bestimmte Krebsarten und neurologische Krankheiten auftreten.<\/p>\n<p style=\"padding-left: 60px;\">&#8211; Schlie\u00dflich ist auch Arsen ein potentieller Krebserreger.<\/p>\n<p>Die Einrichtung von Trinkwasserkan\u00e4len und angemessenen Sanit\u00e4ranlagen verlangsamt die Ausbreitung dieser Krankheiten.<\/p>\n<h3>Krankheiten, die durch mit Wasser assoziierten Vektoren \u00fcbertragen werden<\/h3>\n<p><img loading=\"lazy\" decoding=\"async\" class=\"alignleft size-full wp-image-5149\" title=\"Manche Erkrankungen im Zusammenhang mit Wasser werden durch M\u00fccken \u00fcbertragen.\" alt=\"\" src=\"https:\/\/www.humanium.org\/fr\/wp-content\/uploads\/moustique.jpg\" width=\"137\" height=\"95\" \/>Diese Krankheiten werden von Insekten (M\u00fccken, Tsetse-Fliegen, etc.) und anderen Tieren, die in der N\u00e4he von verschmutztem Wasser angesiedelt sind, \u00fcbertragen.<\/p>\n<p>Die wichtigsten Krankheiten, die durch Insekten \u00fcbertragen werden, sind Malaria, Gelbfieber, Dengue-Fieber, Schlafkrankheit, und Filariose.<\/p>\n<p>Es ist schwierig, gegen die Ausbreitung dieser Krankheiten zu k\u00e4mpfen. Dazu wurden verschiedene Techniken entwickelt. Z.B die Einf\u00fchrung von nat\u00fcrlichen Feinden und sterilen Insekten oder die Nutzung von biologischen Praktiken zum Ablassen von Wasser, damit kein stehendes Wasser vorhanden ist.<\/p>\n<h3>Krankheiten, die durch das Fehlen von Wasser und Hygiene verursacht werden<\/h3>\n<p>Einige Infektionen und Krankheiten verbreiten sich durch einen Mangel an Wasser, welcher wiederum mangelnde Hygiene als Konsequenz hat.<\/p>\n<p>Meistens sind folgende Krankheiten anzutreffen: Trachom, Tuberkulose, Tetanus, Keuchhusten und Diphtherie.<\/p>\n<p>Die Versorgung mit Trinkwasser und eine hygienische Erziehung k\u00f6nnen den Ausbruch dieser Krankheiten verhindern.<\/p>\n<h3>Krankheiten mit aquatischem Ursprung<\/h3>\n<p><img loading=\"lazy\" decoding=\"async\" class=\" wp-image-5148 alignright\" title=\"Einige Krankheiten werden durch in stehendem Wasser lebende Parasiten hervorgerufen \u00a9 UNESCO\/R. Dominique\" alt=\"\" src=\"https:\/\/www.humanium.org\/fr\/wp-content\/uploads\/UNESCO-R-Dominique-11.jpg\" width=\"126\" height=\"199\" \/>Diese Krankheiten werden durch aquatische Organismen (vorwiegend W\u00fcrmer) ausgel\u00f6st, die Menschen entweder durch direkte Einnahme oder durch Eindringen in deren Haut befallen.<\/p>\n<p>Die wichtigsten Erkrankungen sind der wasserbasierte Guinea-Wurm (Drakunkulose), Paragonimiasis, Clonorchiasis und Bilharziose. Diese Krankheiten sind in der Regel nicht t\u00f6dlich, k\u00f6nnen aber \u00e4u\u00dferst schmerzhaft sein und folgenschwere Erkrankungen bei Patienten ausl\u00f6sen.<\/p>\n<p>Diese Krankheiten k\u00f6nnen durch das Waschen von Lebensmitteln und Gem\u00fcse sowie durch die Vermeidung von Barfu\u00dfgehen in stehenden Gew\u00e4ssern verhindert werden.<\/p>\n<p>&nbsp;<\/p>\n<div id=\"toggle\"><a onclick=\"show_voir_aussi('voir_aussi_box')\" href=\"javascript:show_voir_aussi(id)\"><\/a><\/div>\n<div id=\"voir_aussi_box\" style=\"display: none;\">\n<ul>\n<li><a href=\"https:\/\/www.humanium.org\/de\/recht-wasser-welt\/\">Das Recht auf Wasser weltweit<\/a><\/li>\n<li><a href=\"https:\/\/www.humanium.org\/de\/recht-wasser\/\">Das Recht auf Wasser<\/a><\/li>\n<\/ul>\n<\/div>\n<p>&nbsp;<\/p>\n<div id=\"toggle\"><\/div>\n<div id=\"sources_box\" style=\"display: none;\">\n<p><strong>Artikel:<\/strong><\/p>\n<ul>\n<li>&#8222;UNICEF: Kinder in Afrika am st\u00e4rksten von Malaria betroffen&#8220;, March 2010, UNICEF<\/li>\n<li>\u00abTuberkulose, die vergessene Krankheit\u00bb, 24. M\u00e4rz 2005, aktualisiert am 9. August 2007, Ziel Gesundheit.<\/li>\n<\/ul>\n<p><strong>Ver\u00f6ffentlichungen:<\/strong><\/p>\n<ul>\n<li><a href=\"http:\/\/www.hrea.org\/?doc_id=840\" target=\"_blank\">Human Rights Education Associates, Nahrung und Wasser (eng);<\/a><\/li>\n<li>Weltgesundheitsorganisation: Wasser bezogene Krankheiten &#8211; Informationsblatt<\/li>\n<\/ul>\n<p><strong>Berichte:<\/strong><\/p>\n<ul>\n<li>Weltgesundheitsorganisation, Gesundheitsstatistik 2010<\/li>\n<li><a href=\"https:\/\/www.humanium.org\/fr\/wp-content\/uploads\/unicef-progress-for-children-2006.pdf\" target=\"_blank\">UNICEF, Ein Fortschritt f\u00fcr Kinder, Ein Bericht \u00fcber Wasser- und Sanit\u00e4tsversorgung (eng)<\/a><\/li>\n<\/ul>\n<\/div>\n<p>&nbsp;<\/p>\n<div id=\"toggle\"><\/div>\n<div id=\"plus_loin_box\" style=\"display: none;\">\n<ul>\n<li>Wasser, sanit\u00e4re Grundversorgung und Hygiene (eng)<\/li>\n<li>Kontrolliertes Trinkwasser ist unabl\u00e4ssig (fr);<\/li>\n<li>Weltgesundheitsorganisation, Gedenken an das Wasser f\u00fcr das Leben, 2005 &#8211; 2015 (eng)<\/li>\n<li>Weltweites Programm f\u00fcr die Bewertung von Wasser (eng)<\/li>\n<\/ul>\n<\/div>\n<p>&nbsp;<\/p>\n<table>\n<tbody style=\"background: #f9f9f9;\">\n<tr>\n<td>\n<div style=\"float: left; width: 90%;\">\u00dcbersetzt von : Johanna Schenner<br \/>\nBewertet von : Claudia Blaser<\/div>\n<\/td>\n<\/tr>\n<\/tbody>\n<\/table>\n<table>\n<tbody style=\"background: #f9f9f9;\">\n<tr>\n<td>\n<div style=\"float: left; width: 90%;\">Verfasst am 27. August 2013<\/div>\n<\/td>\n<\/tr>\n<\/tbody>\n<\/table>\n","protected":false},"excerpt":{"rendered":"<p>Das Recht auf Wasser verstehen Wasser wie ein Krankheits\u00fcbertr\u00e4ger Wasser ist einer der gr\u00f6\u00dften Krankheits\u00fcbertr\u00e4ger der Welt, obwohl es f\u00fcr das menschliche Leben unabdinglich ist. \u00dcber 2,2 Millionen Menschen sterben jedes Jahr an verschmutztem Wasser. Krankheiten, welche durch Wasser \u00fcbertragen werden Diese Krankheiten werden durch verschmutztes Wasser verursacht, das menschliche, tierische oder chemische Abf\u00e4lle beinhaltet: [&hellip;]<\/p>\n","protected":false},"author":1,"featured_media":0,"parent":0,"menu_order":0,"comment_status":"closed","ping_status":"closed","template":"","meta":{"footnotes":""},"class_list":["post-2248","page","type-page","status-publish","hentry"],"yoast_head":"<!-- This site is optimized with the Yoast SEO plugin v26.5 - https:\/\/yoast.com\/wordpress\/plugins\/seo\/ -->\n<title>Wasser wie ein Krankheits\u00fcbertr\u00e4ger - Humanium<\/title>\n<meta name=\"robots\" content=\"index, follow, max-snippet:-1, max-image-preview:large, max-video-preview:-1\" \/>\n<link rel=\"canonical\" href=\"https:\/\/www.humanium.org\/de\/grundsatzliches-wasser\/\" \/>\n<meta property=\"og:locale\" content=\"de_DE\" \/>\n<meta property=\"og:type\" content=\"article\" \/>\n<meta property=\"og:title\" content=\"Wasser wie ein Krankheits\u00fcbertr\u00e4ger - Humanium\" \/>\n<meta property=\"og:description\" content=\"Das Recht auf Wasser verstehen Wasser wie ein Krankheits\u00fcbertr\u00e4ger Wasser ist einer der gr\u00f6\u00dften Krankheits\u00fcbertr\u00e4ger der Welt, obwohl es f\u00fcr das menschliche Leben unabdinglich ist. \u00dcber 2,2 Millionen Menschen sterben jedes Jahr an verschmutztem Wasser. Krankheiten, welche durch Wasser \u00fcbertragen werden Diese Krankheiten werden durch verschmutztes Wasser verursacht, das menschliche, tierische oder chemische Abf\u00e4lle beinhaltet: [&hellip;]\" \/>\n<meta property=\"og:url\" content=\"https:\/\/www.humanium.org\/de\/grundsatzliches-wasser\/\" \/>\n<meta property=\"og:site_name\" content=\"Humanium\" \/>\n<meta property=\"article:modified_time\" content=\"2025-12-06T06:40:49+00:00\" \/>\n<meta name=\"twitter:card\" content=\"summary_large_image\" \/>\n<meta name=\"twitter:label1\" content=\"Gesch\u00e4tzte Lesezeit\" \/>\n\t<meta name=\"twitter:data1\" content=\"3\u00a0Minuten\" \/>\n<script type=\"application\/ld+json\" class=\"yoast-schema-graph\">{\"@context\":\"https:\/\/schema.org\",\"@graph\":[{\"@type\":\"WebPage\",\"@id\":\"https:\/\/www.humanium.org\/de\/grundsatzliches-wasser\/\",\"url\":\"https:\/\/www.humanium.org\/de\/grundsatzliches-wasser\/\",\"name\":\"Wasser wie ein Krankheits\u00fcbertr\u00e4ger - Humanium\",\"isPartOf\":{\"@id\":\"https:\/\/www.humanium.org\/de\/#website\"},\"primaryImageOfPage\":{\"@id\":\"https:\/\/www.humanium.org\/de\/grundsatzliches-wasser\/#primaryimage\"},\"image\":{\"@id\":\"https:\/\/www.humanium.org\/de\/grundsatzliches-wasser\/#primaryimage\"},\"thumbnailUrl\":\"https:\/\/www.humanium.org\/fr\/wp-content\/uploads\/m-pollution_de_l_eau_en_asie2.jpg\",\"datePublished\":\"2013-08-29T13:59:30+00:00\",\"dateModified\":\"2025-12-06T06:40:49+00:00\",\"breadcrumb\":{\"@id\":\"https:\/\/www.humanium.org\/de\/grundsatzliches-wasser\/#breadcrumb\"},\"inLanguage\":\"de\",\"potentialAction\":[{\"@type\":\"ReadAction\",\"target\":[\"https:\/\/www.humanium.org\/de\/grundsatzliches-wasser\/\"]}]},{\"@type\":\"ImageObject\",\"inLanguage\":\"de\",\"@id\":\"https:\/\/www.humanium.org\/de\/grundsatzliches-wasser\/#primaryimage\",\"url\":\"https:\/\/www.humanium.org\/fr\/wp-content\/uploads\/m-pollution_de_l_eau_en_asie2.jpg\",\"contentUrl\":\"https:\/\/www.humanium.org\/fr\/wp-content\/uploads\/m-pollution_de_l_eau_en_asie2.jpg\"},{\"@type\":\"BreadcrumbList\",\"@id\":\"https:\/\/www.humanium.org\/de\/grundsatzliches-wasser\/#breadcrumb\",\"itemListElement\":[{\"@type\":\"ListItem\",\"position\":1,\"name\":\"Home\",\"item\":\"https:\/\/www.humanium.org\/de\/\"},{\"@type\":\"ListItem\",\"position\":2,\"name\":\"Wasser wie ein Krankheits\u00fcbertr\u00e4ger\"}]},{\"@type\":\"WebSite\",\"@id\":\"https:\/\/www.humanium.org\/de\/#website\",\"url\":\"https:\/\/www.humanium.org\/de\/\",\"name\":\"Humanium\",\"description\":\"Kinder zuerst!\",\"potentialAction\":[{\"@type\":\"SearchAction\",\"target\":{\"@type\":\"EntryPoint\",\"urlTemplate\":\"https:\/\/www.humanium.org\/de\/?s={search_term_string}\"},\"query-input\":{\"@type\":\"PropertyValueSpecification\",\"valueRequired\":true,\"valueName\":\"search_term_string\"}}],\"inLanguage\":\"de\"}]}<\/script>\n<!-- \/ Yoast SEO plugin. -->","yoast_head_json":{"title":"Wasser wie ein Krankheits\u00fcbertr\u00e4ger - Humanium","robots":{"index":"index","follow":"follow","max-snippet":"max-snippet:-1","max-image-preview":"max-image-preview:large","max-video-preview":"max-video-preview:-1"},"canonical":"https:\/\/www.humanium.org\/de\/grundsatzliches-wasser\/","og_locale":"de_DE","og_type":"article","og_title":"Wasser wie ein Krankheits\u00fcbertr\u00e4ger - Humanium","og_description":"Das Recht auf Wasser verstehen Wasser wie ein Krankheits\u00fcbertr\u00e4ger Wasser ist einer der gr\u00f6\u00dften Krankheits\u00fcbertr\u00e4ger der Welt, obwohl es f\u00fcr das menschliche Leben unabdinglich ist. \u00dcber 2,2 Millionen Menschen sterben jedes Jahr an verschmutztem Wasser. Krankheiten, welche durch Wasser \u00fcbertragen werden Diese Krankheiten werden durch verschmutztes Wasser verursacht, das menschliche, tierische oder chemische Abf\u00e4lle beinhaltet: [&hellip;]","og_url":"https:\/\/www.humanium.org\/de\/grundsatzliches-wasser\/","og_site_name":"Humanium","article_modified_time":"2025-12-06T06:40:49+00:00","twitter_card":"summary_large_image","twitter_misc":{"Gesch\u00e4tzte Lesezeit":"3\u00a0Minuten"},"schema":{"@context":"https:\/\/schema.org","@graph":[{"@type":"WebPage","@id":"https:\/\/www.humanium.org\/de\/grundsatzliches-wasser\/","url":"https:\/\/www.humanium.org\/de\/grundsatzliches-wasser\/","name":"Wasser wie ein Krankheits\u00fcbertr\u00e4ger - Humanium","isPartOf":{"@id":"https:\/\/www.humanium.org\/de\/#website"},"primaryImageOfPage":{"@id":"https:\/\/www.humanium.org\/de\/grundsatzliches-wasser\/#primaryimage"},"image":{"@id":"https:\/\/www.humanium.org\/de\/grundsatzliches-wasser\/#primaryimage"},"thumbnailUrl":"https:\/\/www.humanium.org\/fr\/wp-content\/uploads\/m-pollution_de_l_eau_en_asie2.jpg","datePublished":"2013-08-29T13:59:30+00:00","dateModified":"2025-12-06T06:40:49+00:00","breadcrumb":{"@id":"https:\/\/www.humanium.org\/de\/grundsatzliches-wasser\/#breadcrumb"},"inLanguage":"de","potentialAction":[{"@type":"ReadAction","target":["https:\/\/www.humanium.org\/de\/grundsatzliches-wasser\/"]}]},{"@type":"ImageObject","inLanguage":"de","@id":"https:\/\/www.humanium.org\/de\/grundsatzliches-wasser\/#primaryimage","url":"https:\/\/www.humanium.org\/fr\/wp-content\/uploads\/m-pollution_de_l_eau_en_asie2.jpg","contentUrl":"https:\/\/www.humanium.org\/fr\/wp-content\/uploads\/m-pollution_de_l_eau_en_asie2.jpg"},{"@type":"BreadcrumbList","@id":"https:\/\/www.humanium.org\/de\/grundsatzliches-wasser\/#breadcrumb","itemListElement":[{"@type":"ListItem","position":1,"name":"Home","item":"https:\/\/www.humanium.org\/de\/"},{"@type":"ListItem","position":2,"name":"Wasser wie ein Krankheits\u00fcbertr\u00e4ger"}]},{"@type":"WebSite","@id":"https:\/\/www.humanium.org\/de\/#website","url":"https:\/\/www.humanium.org\/de\/","name":"Humanium","description":"Kinder zuerst!","potentialAction":[{"@type":"SearchAction","target":{"@type":"EntryPoint","urlTemplate":"https:\/\/www.humanium.org\/de\/?s={search_term_string}"},"query-input":{"@type":"PropertyValueSpecification","valueRequired":true,"valueName":"search_term_string"}}],"inLanguage":"de"}]}},"_links":{"self":[{"href":"https:\/\/www.humanium.org\/de\/wp-json\/wp\/v2\/pages\/2248","targetHints":{"allow":["GET"]}}],"collection":[{"href":"https:\/\/www.humanium.org\/de\/wp-json\/wp\/v2\/pages"}],"about":[{"href":"https:\/\/www.humanium.org\/de\/wp-json\/wp\/v2\/types\/page"}],"author":[{"embeddable":true,"href":"https:\/\/www.humanium.org\/de\/wp-json\/wp\/v2\/users\/1"}],"replies":[{"embeddable":true,"href":"https:\/\/www.humanium.org\/de\/wp-json\/wp\/v2\/comments?post=2248"}],"version-history":[{"count":16,"href":"https:\/\/www.humanium.org\/de\/wp-json\/wp\/v2\/pages\/2248\/revisions"}],"predecessor-version":[{"id":21337,"href":"https:\/\/www.humanium.org\/de\/wp-json\/wp\/v2\/pages\/2248\/revisions\/21337"}],"wp:attachment":[{"href":"https:\/\/www.humanium.org\/de\/wp-json\/wp\/v2\/media?parent=2248"}],"curies":[{"name":"wp","href":"https:\/\/api.w.org\/{rel}","templated":true}]}}