{"id":2344,"date":"2013-08-29T13:42:47","date_gmt":"2013-08-29T13:42:47","guid":{"rendered":"http:\/\/www.humanium.org\/de\/?page_id=2344"},"modified":"2017-10-04T08:45:24","modified_gmt":"2017-10-04T08:45:24","slug":"beschrankungen-freiheit","status":"publish","type":"page","link":"https:\/\/www.humanium.org\/de\/beschrankungen-freiheit\/","title":{"rendered":"Das Recht auf Freiheit verstehen : Beschr\u00e4nkungen der Freiheiten des Einzelnen"},"content":{"rendered":"<h1>Das Recht auf Freiheit verstehen<\/h1>\n<h2>Beschr\u00e4nkungen der Freiheiten des Einzelnen<\/h2>\n<p><img loading=\"lazy\" decoding=\"async\" class=\"alignleft size-full wp-image-5290\" title=\"Wie Erwachsene haben auch Kinder gewisse Freiheiten.  Allerdings sind diese Freiheiten begrenzt- \u00a9 Dalbera\" alt=\"\" src=\"https:\/\/www.humanium.org\/fr\/wp-content\/uploads\/dalbera.jpg\" width=\"146\" height=\"195\" \/>Freiheiten, welche sowohl f\u00fcr Erwachsene als auch f\u00fcr Kinder als anerkannt gelten, sind allgemein bekannt als fundamentale Rechte , d.h. es handelt sich um Rechte, zu deren Genuss die Bev\u00f6lkerung uneingeschr\u00e4nkt und ohne staatliche Einmischung berechtigt ist.<br \/>\nNichtsdestotrotz kommt es im Zusammenhang mit der Notwendigkeit der Wahrung \u00f6ffentlicher Ordnung, nationaler Sicherheit, dem Erhalt moralischer Werte sowie dem Respekt gegen\u00fcber der Rechte unserer Mitmenschen zwangsl\u00e4ufig zu einigen Einschr\u00e4nkungen was die ordnungsgem\u00e4\u00dfe Wahrnehmung dieser Rechte betrifft.<\/p>\n<p>\u2022 Allein die <strong>Gedanken-, Gewissens-, und Meinungsfreiheit<\/strong> unterliegt keinen echten Beschr\u00e4nkungen. Jeder einzelne Mensch ist frei zu denken, was immer sie oder er m\u00f6chte, ohne Gefahr zu laufen, von Seiten der Regierung beeintr\u00e4chtigt zu werden, vorausgesetzt diese Meinung bleibt privat.<\/p>\n<p>\u2022 Die <strong>freie Meinungs\u00e4u\u00dferung<\/strong> ist eingeschr\u00e4nkt, insbesondere wenn diese die Verletzung moralischer Werte und den Austausch von Nachrichten betrifft, die Hass und Gewalt sch\u00fcren (z.B. Rassismus, Diskriminierung usw.)<\/p>\n<p>\u2022Der <strong>Zugang zu Informationen<\/strong> betrifft einen bedeutenden Aspekt des Rechtes auf freien Austausch von Ideen und Informationen. Heutzutage ist es wichtig, dass Kindern dieses Recht garantiert wird, wenn auch unter der Voraussetzung, dass sie vor jenen Informationen und Ideengut gesch\u00fctzt werden, die eine sch\u00e4dliche Auswirkung auf ihre psychologische Entwicklung haben k\u00f6nnten. Neue Kommunikationstechniken, das Verschwinden von Tabus und die weiter zunehmende Informationsverbreitung, die dazu f\u00fchrt, dass die Realit\u00e4t und weltweit geschehene Gr\u00e4ueltaten \u00fcberall und f\u00fcr alle Menschen zug\u00e4nglich sind und sichtbar werden, kann junge Menschen dazu anregen, extreme Verhaltensweisen anzunehmen. Aus diesem Grund ist es n\u00f6tig, bestimmte Informationen zu filtern und einzugrenzen und jungen Menschen jene Art von Informationen zug\u00e4nglich zu machen, die in erster Linie unterhaltsam und wertvoll f\u00fcr ihre Entwicklung sind.<\/p>\n<p>\u2022 <strong>Religionsfreiheit<\/strong> ist kein uneingeschr\u00e4nkt wirkendesRecht und kann unter dem Umstand, dass die Aus\u00fcbenden einer Religion eine Gef\u00e4hrdung der \u00f6ffentlichen Ordnung oder der Rechte des Einzelnen darstellen, eingeschr\u00e4nkt werden. Solange dies nicht der Fall ist, darf die Wahl der Religion eines Menschen keinerlei Einschr\u00e4nkungen unterliegen.<\/p>\n<div id=\"toggle\"><a onclick=\"show_voir_aussi('voir_aussi_box')\" href=\"javascript:show_voir_aussi(id)\"><\/a><\/div>\n<div id=\"voir_aussi_box\" style=\"display: none;\">\n<ul>\n<li><a href=\"https:\/\/www.humanium.org\/de\/recht-freiheit\/\">Das Recht auf Freiheit verstehen<\/a><\/li>\n<li><a href=\"https:\/\/www.humanium.org\/de\/recht-freiheit-weltweit\/\">Das Recht auf Freiheit weltweit<\/a><\/li>\n<li><a href=\"https:\/\/www.humanium.org\/de\/verstehen\/\">Andere grundlegende Rechte<\/a><\/li>\n<\/ul>\n<\/div>\n<p>&nbsp;<\/p>\n<div id=\"toggle\"><\/div>\n<div id=\"plus_loin_box\" style=\"display: none;\">\n<ul>\n<li><a href=\"http:\/\/www.pdhre.org\/IARF-manual.pdf\" target=\"_blank\">Religions- und Glaubensfreiheit: ein essenzielles Menschenrecht<\/a><\/li>\n<\/ul>\n<\/div>\n<p>&nbsp;<\/p>\n<table>\n<tbody style=\"background: #f9f9f9;\">\n<tr>\n<td>\n<div style=\"float: left; width: 90%;\">\u00dcbersetzt von : Anna Maria Theren<br \/>\nBewertet von : Johana Franz Palacios<\/div>\n<\/td>\n<\/tr>\n<\/tbody>\n<\/table>\n<table>\n<tbody style=\"background: #f9f9f9;\">\n<tr>\n<td>\n<div style=\"float: left; width: 90%;\">Verfasst am 28. August 2013<\/div>\n<\/td>\n<\/tr>\n<\/tbody>\n<\/table>\n","protected":false},"excerpt":{"rendered":"<p>Das Recht auf Freiheit verstehen Beschr\u00e4nkungen der Freiheiten des Einzelnen Freiheiten, welche sowohl f\u00fcr Erwachsene als auch f\u00fcr Kinder als anerkannt gelten, sind allgemein bekannt als fundamentale Rechte , d.h. es handelt sich um Rechte, zu deren Genuss die Bev\u00f6lkerung uneingeschr\u00e4nkt und ohne staatliche Einmischung berechtigt ist. Nichtsdestotrotz kommt es im Zusammenhang mit der Notwendigkeit [&hellip;]<\/p>\n","protected":false},"author":1,"featured_media":0,"parent":0,"menu_order":0,"comment_status":"closed","ping_status":"closed","template":"","meta":{"footnotes":""},"class_list":["post-2344","page","type-page","status-publish","hentry"],"yoast_head":"<!-- This site is optimized with the Yoast SEO plugin v26.5 - https:\/\/yoast.com\/wordpress\/plugins\/seo\/ -->\n<title>Das Recht auf Freiheit verstehen : Beschr\u00e4nkungen der Freiheiten des Einzelnen - Humanium<\/title>\n<meta name=\"robots\" content=\"index, follow, max-snippet:-1, max-image-preview:large, max-video-preview:-1\" \/>\n<link rel=\"canonical\" href=\"https:\/\/www.humanium.org\/de\/beschrankungen-freiheit\/\" \/>\n<meta property=\"og:locale\" content=\"de_DE\" \/>\n<meta property=\"og:type\" content=\"article\" \/>\n<meta property=\"og:title\" content=\"Das Recht auf Freiheit verstehen : Beschr\u00e4nkungen der Freiheiten des Einzelnen - Humanium\" \/>\n<meta property=\"og:description\" content=\"Das Recht auf Freiheit verstehen Beschr\u00e4nkungen der Freiheiten des Einzelnen Freiheiten, welche sowohl f\u00fcr Erwachsene als auch f\u00fcr Kinder als anerkannt gelten, sind allgemein bekannt als fundamentale Rechte , d.h. es handelt sich um Rechte, zu deren Genuss die Bev\u00f6lkerung uneingeschr\u00e4nkt und ohne staatliche Einmischung berechtigt ist. Nichtsdestotrotz kommt es im Zusammenhang mit der Notwendigkeit [&hellip;]\" \/>\n<meta property=\"og:url\" content=\"https:\/\/www.humanium.org\/de\/beschrankungen-freiheit\/\" \/>\n<meta property=\"og:site_name\" content=\"Humanium\" \/>\n<meta property=\"article:modified_time\" content=\"2017-10-04T08:45:24+00:00\" \/>\n<meta property=\"og:image\" content=\"https:\/\/www.humanium.org\/fr\/wp-content\/uploads\/dalbera.jpg\" \/>\n<meta name=\"twitter:card\" content=\"summary_large_image\" \/>\n<meta name=\"twitter:label1\" content=\"Gesch\u00e4tzte Lesezeit\" \/>\n\t<meta name=\"twitter:data1\" content=\"2\u00a0Minuten\" \/>\n<script type=\"application\/ld+json\" class=\"yoast-schema-graph\">{\"@context\":\"https:\/\/schema.org\",\"@graph\":[{\"@type\":\"WebPage\",\"@id\":\"https:\/\/www.humanium.org\/de\/beschrankungen-freiheit\/\",\"url\":\"https:\/\/www.humanium.org\/de\/beschrankungen-freiheit\/\",\"name\":\"Das Recht auf Freiheit verstehen : Beschr\u00e4nkungen der Freiheiten des Einzelnen - Humanium\",\"isPartOf\":{\"@id\":\"https:\/\/www.humanium.org\/de\/#website\"},\"primaryImageOfPage\":{\"@id\":\"https:\/\/www.humanium.org\/de\/beschrankungen-freiheit\/#primaryimage\"},\"image\":{\"@id\":\"https:\/\/www.humanium.org\/de\/beschrankungen-freiheit\/#primaryimage\"},\"thumbnailUrl\":\"https:\/\/www.humanium.org\/fr\/wp-content\/uploads\/dalbera.jpg\",\"datePublished\":\"2013-08-29T13:42:47+00:00\",\"dateModified\":\"2017-10-04T08:45:24+00:00\",\"breadcrumb\":{\"@id\":\"https:\/\/www.humanium.org\/de\/beschrankungen-freiheit\/#breadcrumb\"},\"inLanguage\":\"de\",\"potentialAction\":[{\"@type\":\"ReadAction\",\"target\":[\"https:\/\/www.humanium.org\/de\/beschrankungen-freiheit\/\"]}]},{\"@type\":\"ImageObject\",\"inLanguage\":\"de\",\"@id\":\"https:\/\/www.humanium.org\/de\/beschrankungen-freiheit\/#primaryimage\",\"url\":\"https:\/\/www.humanium.org\/fr\/wp-content\/uploads\/dalbera.jpg\",\"contentUrl\":\"https:\/\/www.humanium.org\/fr\/wp-content\/uploads\/dalbera.jpg\"},{\"@type\":\"BreadcrumbList\",\"@id\":\"https:\/\/www.humanium.org\/de\/beschrankungen-freiheit\/#breadcrumb\",\"itemListElement\":[{\"@type\":\"ListItem\",\"position\":1,\"name\":\"Home\",\"item\":\"https:\/\/www.humanium.org\/de\/\"},{\"@type\":\"ListItem\",\"position\":2,\"name\":\"Das Recht auf Freiheit verstehen : Beschr\u00e4nkungen der Freiheiten des Einzelnen\"}]},{\"@type\":\"WebSite\",\"@id\":\"https:\/\/www.humanium.org\/de\/#website\",\"url\":\"https:\/\/www.humanium.org\/de\/\",\"name\":\"Humanium\",\"description\":\"Kinder zuerst!\",\"potentialAction\":[{\"@type\":\"SearchAction\",\"target\":{\"@type\":\"EntryPoint\",\"urlTemplate\":\"https:\/\/www.humanium.org\/de\/?s={search_term_string}\"},\"query-input\":{\"@type\":\"PropertyValueSpecification\",\"valueRequired\":true,\"valueName\":\"search_term_string\"}}],\"inLanguage\":\"de\"}]}<\/script>\n<!-- \/ Yoast SEO plugin. -->","yoast_head_json":{"title":"Das Recht auf Freiheit verstehen : Beschr\u00e4nkungen der Freiheiten des Einzelnen - Humanium","robots":{"index":"index","follow":"follow","max-snippet":"max-snippet:-1","max-image-preview":"max-image-preview:large","max-video-preview":"max-video-preview:-1"},"canonical":"https:\/\/www.humanium.org\/de\/beschrankungen-freiheit\/","og_locale":"de_DE","og_type":"article","og_title":"Das Recht auf Freiheit verstehen : Beschr\u00e4nkungen der Freiheiten des Einzelnen - Humanium","og_description":"Das Recht auf Freiheit verstehen Beschr\u00e4nkungen der Freiheiten des Einzelnen Freiheiten, welche sowohl f\u00fcr Erwachsene als auch f\u00fcr Kinder als anerkannt gelten, sind allgemein bekannt als fundamentale Rechte , d.h. es handelt sich um Rechte, zu deren Genuss die Bev\u00f6lkerung uneingeschr\u00e4nkt und ohne staatliche Einmischung berechtigt ist. Nichtsdestotrotz kommt es im Zusammenhang mit der Notwendigkeit [&hellip;]","og_url":"https:\/\/www.humanium.org\/de\/beschrankungen-freiheit\/","og_site_name":"Humanium","article_modified_time":"2017-10-04T08:45:24+00:00","og_image":[{"url":"https:\/\/www.humanium.org\/fr\/wp-content\/uploads\/dalbera.jpg","type":"","width":"","height":""}],"twitter_card":"summary_large_image","twitter_misc":{"Gesch\u00e4tzte Lesezeit":"2\u00a0Minuten"},"schema":{"@context":"https:\/\/schema.org","@graph":[{"@type":"WebPage","@id":"https:\/\/www.humanium.org\/de\/beschrankungen-freiheit\/","url":"https:\/\/www.humanium.org\/de\/beschrankungen-freiheit\/","name":"Das Recht auf Freiheit verstehen : Beschr\u00e4nkungen der Freiheiten des Einzelnen - Humanium","isPartOf":{"@id":"https:\/\/www.humanium.org\/de\/#website"},"primaryImageOfPage":{"@id":"https:\/\/www.humanium.org\/de\/beschrankungen-freiheit\/#primaryimage"},"image":{"@id":"https:\/\/www.humanium.org\/de\/beschrankungen-freiheit\/#primaryimage"},"thumbnailUrl":"https:\/\/www.humanium.org\/fr\/wp-content\/uploads\/dalbera.jpg","datePublished":"2013-08-29T13:42:47+00:00","dateModified":"2017-10-04T08:45:24+00:00","breadcrumb":{"@id":"https:\/\/www.humanium.org\/de\/beschrankungen-freiheit\/#breadcrumb"},"inLanguage":"de","potentialAction":[{"@type":"ReadAction","target":["https:\/\/www.humanium.org\/de\/beschrankungen-freiheit\/"]}]},{"@type":"ImageObject","inLanguage":"de","@id":"https:\/\/www.humanium.org\/de\/beschrankungen-freiheit\/#primaryimage","url":"https:\/\/www.humanium.org\/fr\/wp-content\/uploads\/dalbera.jpg","contentUrl":"https:\/\/www.humanium.org\/fr\/wp-content\/uploads\/dalbera.jpg"},{"@type":"BreadcrumbList","@id":"https:\/\/www.humanium.org\/de\/beschrankungen-freiheit\/#breadcrumb","itemListElement":[{"@type":"ListItem","position":1,"name":"Home","item":"https:\/\/www.humanium.org\/de\/"},{"@type":"ListItem","position":2,"name":"Das Recht auf Freiheit verstehen : Beschr\u00e4nkungen der Freiheiten des Einzelnen"}]},{"@type":"WebSite","@id":"https:\/\/www.humanium.org\/de\/#website","url":"https:\/\/www.humanium.org\/de\/","name":"Humanium","description":"Kinder zuerst!","potentialAction":[{"@type":"SearchAction","target":{"@type":"EntryPoint","urlTemplate":"https:\/\/www.humanium.org\/de\/?s={search_term_string}"},"query-input":{"@type":"PropertyValueSpecification","valueRequired":true,"valueName":"search_term_string"}}],"inLanguage":"de"}]}},"_links":{"self":[{"href":"https:\/\/www.humanium.org\/de\/wp-json\/wp\/v2\/pages\/2344","targetHints":{"allow":["GET"]}}],"collection":[{"href":"https:\/\/www.humanium.org\/de\/wp-json\/wp\/v2\/pages"}],"about":[{"href":"https:\/\/www.humanium.org\/de\/wp-json\/wp\/v2\/types\/page"}],"author":[{"embeddable":true,"href":"https:\/\/www.humanium.org\/de\/wp-json\/wp\/v2\/users\/1"}],"replies":[{"embeddable":true,"href":"https:\/\/www.humanium.org\/de\/wp-json\/wp\/v2\/comments?post=2344"}],"version-history":[{"count":5,"href":"https:\/\/www.humanium.org\/de\/wp-json\/wp\/v2\/pages\/2344\/revisions"}],"predecessor-version":[{"id":10328,"href":"https:\/\/www.humanium.org\/de\/wp-json\/wp\/v2\/pages\/2344\/revisions\/10328"}],"wp:attachment":[{"href":"https:\/\/www.humanium.org\/de\/wp-json\/wp\/v2\/media?parent=2344"}],"curies":[{"name":"wp","href":"https:\/\/api.w.org\/{rel}","templated":true}]}}