{"id":2348,"date":"2013-09-19T09:05:16","date_gmt":"2013-09-19T09:05:16","guid":{"rendered":"http:\/\/www.humanium.org\/de\/?page_id=2348"},"modified":"2025-12-06T06:22:57","modified_gmt":"2025-12-06T06:22:57","slug":"ubereinkommen-uber-das-verbot-und-unverzugliche-massnahmen-zur-beseitigung-der-schlimmsten-formen-der-kinderarbeit-nr-182","status":"publish","type":"page","link":"https:\/\/www.humanium.org\/de\/ubereinkommen-uber-das-verbot-und-unverzugliche-massnahmen-zur-beseitigung-der-schlimmsten-formen-der-kinderarbeit-nr-182\/","title":{"rendered":"\u00dcbereinkommen \u00fcber das Verbot und unverz\u00fcgliche Massnahmen zur Beseitigung der schlimmsten Formen der Kinderarbeit (Nr. 182)"},"content":{"rendered":"<h2 style=\"text-align: left;\"><span style=\"color: #800000;\"><img loading=\"lazy\" decoding=\"async\" class=\"alignright size-full wp-image-972\" title=\"ODT\" src=\"https:\/\/www.humanium.org\/fr\/wp-content\/uploads\/logo-odt.gif\" alt=\"\" width=\"28\" height=\"24\" \/><img loading=\"lazy\" decoding=\"async\" class=\"alignright size-full wp-image-974\" title=\"WORD\" src=\"https:\/\/www.humanium.org\/fr\/wp-content\/uploads\/logo-word.gif\" alt=\"\" width=\"24\" height=\"24\" \/><img loading=\"lazy\" decoding=\"async\" class=\"alignright size-full wp-image-973\" title=\"PDF\" src=\"https:\/\/www.humanium.org\/fr\/wp-content\/uploads\/logo-pdf.gif\" alt=\"\" width=\"24\" height=\"24\" \/>\u00dcbereinkommen \u00fcber das Verbot und unverz\u00fcgliche Massnahmen zur Beseitigung der schlimmsten Formen der Kinderarbeit (Nr. 182)<\/span><\/h2>\n<h3><span style=\"color: #800000;\"><span style=\"color: #800000;\">Abgeschlossen in Genf am 17. Juni 1999 (vollst\u00e4ndigen)<\/span><\/span><\/h3>\n<p style=\"text-align: left;\">Die Allgemeine Konferenz der Internationalen Arbeitsorganisation,<\/p>\n<p style=\"text-align: left;\">die vom Verwaltungsrat des Internationalen Arbeitsamtes nach Genf einberufen wurde und am 1.\u00a0Juni 1999 zu ihrer 87.\u00a0Tagung zusammengetreten ist,<\/p>\n<p style=\"text-align: left;\">verweist auf die Notwendigkeit, neue Urkunden zum Verbot und zur Beseitigung der schlimmsten Formen der Kinderarbeit als vorrangiges Ziel nationaler und internationaler Massnahmen, einschliesslich der internationalen Zusammenarbeit und Unterst\u00fctzung, anzunehmen, um das \u00dcbereinkommen und die Empfehlung \u00fcber das Mindestalter f\u00fcr die Zulassung zur Besch\u00e4ftigung, 1973, zu erg\u00e4nzen, die weiterhin grundlegende Urkunden \u00fcber die Kinderarbeit sind,<\/p>\n<p style=\"text-align: left;\">stellt fest, dass die wirksame Beseitigung der schlimmsten Formen der Kinderarbeit unverz\u00fcgliche und umfassende Massnahmen erfordert, wobei die Bedeutung der unentgeltlichen Grundbildung und die Notwendigkeit zu ber\u00fccksichtigen sind, die betreffenden Kinder aus jeder Arbeit dieser Art herauszuholen und ihre Rehabilitation und soziale Eingliederung unter gleichzeitigem Eingehen auf die Bed\u00fcrfnisse ihrer Familien vorzusehen,<\/p>\n<p style=\"text-align: left;\">verweist auf die von der Internationalen Arbeitskonferenz auf ihrer 83.\u00a0Tagung im Jahr 1996 angenommene Entschliessung \u00fcber die Abschaffung der Kinderarbeit,<\/p>\n<p style=\"text-align: left;\">erkennt an, dass Kinderarbeit zu einem grossen Teil durch Armut verursacht wird und dass die langfristige L\u00f6sung in nachhaltigem Wirtschaftswachstum liegt, das zu sozialem Fortschritt, insbesondere zur Linderung von Armut und zu universeller Bildung, f\u00fchrt,<\/p>\n<p style=\"text-align: left;\">verweist auf die von der Generalversammlung der Vereinten Nationen am 20.\u00a0November 1989 verabschiedete Konvention \u00fcber die Rechte des Kindes,<\/p>\n<p style=\"text-align: left;\">verweist auf die von der Internationalen Arbeitskonferenz auf ihrer 86.\u00a0Tagung im Jahr 1998 angenommene Erkl\u00e4rung der IAO \u00fcber grundlegende Prinzipien und Rechte bei der Arbeit und ihre Folgemassnahmen,<\/p>\n<p style=\"text-align: left;\">weist darauf hin, dass einige der schlimmsten Formen der Kinderarbeit Gegenstand anderer internationaler Instrumente sind, insbesondere des \u00dcbereinkommens \u00fcber Zwangsarbeit, 1930, und des Zusatz\u00fcbereinkommens der Vereinten Nationen \u00fcber die Abschaffung der Sklaverei, des Sklavenhandels und sklaverei\u00e4hnlicher Einrichtungen und Praktiken, 1956,<\/p>\n<p style=\"text-align: left;\">hat beschlossen, verschiedene Antr\u00e4ge anzunehmen betreffend Kinderarbeit, eine Frage, die den vierten Gegenstand ihrer Tagesordnung bildet, und<\/p>\n<p style=\"text-align: left;\">dabei bestimmt, dass diese Antr\u00e4ge die Form eines internationalen \u00dcbereinkommens erhalten sollen.<\/p>\n<p style=\"text-align: left;\">Die Konferenz nimmt heute, am 17.\u00a0Juni 1999, das folgende \u00dcbereinkommen an, das als \u00dcbereinkommen \u00fcber die schlimmsten Formen der Kinderarbeit, 1999, bezeichnet wird.<\/p>\n<h3 style=\"text-align: left;\"><span style=\"color: #003366;\"><strong>Artikel 1<\/strong><\/span><\/h3>\n<p style=\"text-align: left;\">Jedes Mitglied, das dieses \u00dcbereinkommen ratifiziert, hat unverz\u00fcgliche und wirksame Massnahmen zu treffen, um sicherzustellen, dass die schlimmsten Formen der Kinderarbeit vordringlich verboten und beseitigt werden.<\/p>\n<h3 style=\"text-align: left;\"><span style=\"color: #003366;\"><strong>Artikel 2<\/strong><\/span><\/h3>\n<p style=\"text-align: left;\">Im Sinne dieses \u00dcbereinkommens gilt der Ausdruck \u00abKind\u00bb f\u00fcr alle Personen unter 18\u00a0Jahren.<\/p>\n<h3 style=\"text-align: left;\"><span style=\"color: #003366;\"><strong>Artikel 3<\/strong><\/span><\/h3>\n<p style=\"text-align: left;\">Im Sinne dieses \u00dcbereinkommens umfasst der Ausdruck \u00abdie schlimmsten Formen der Kinderarbeit\u00bb:<\/p>\n<p>a) alle Formen der Sklaverei oder alle sklaverei\u00e4hnlichen Praktiken, wie den Verkauf von Kindern und den Kinderhandel, Schuldknechtschaft und Leibeigenschaft sowie Zwangs- oder Pflichtarbeit, einschliesslich der Zwangs- oder Pflichtrekrutierung von Kindern f\u00fcr den Einsatz in bewaffneten Konflikten;<\/p>\n<p>b) das Heranziehen, Vermitteln oder Anbieten eines Kindes zur Prostitution, zur Herstellung von Pornografie oder zu pornografischen Darbietungen;<\/p>\n<p>c) das Heranziehen, Vermitteln oder Anbieten eines Kindes zu unerlaubten T\u00e4tigkeiten, insbesondere zur Gewinnung von und zum Handel mit Drogen, wie diese in den einschl\u00e4gigen internationalen \u00dcbereink\u00fcnften definiert sind;<\/p>\n<p>d) Arbeit, die ihrer Natur nach oder auf Grund der Umst\u00e4nde, unter denen sie verrichtet wird, voraussichtlich f\u00fcr die Gesundheit, die Sicherheit oder die Sittlichkeit von Kindern sch\u00e4dlich ist.<\/p>\n<h3 style=\"text-align: left;\"><span style=\"color: #003366;\"><strong>Artikel 4<\/strong><\/span><\/h3>\n<p style=\"text-align: left;\">1. Die unter Artikel\u00a03\u00a0d) erw\u00e4hnten Arten von Arbeit sind durch die innerstaatliche Gesetzgebung oder durch die zust\u00e4ndige Stelle nach Beratung mit den in Betracht kommenden Verb\u00e4nden der Arbeitgeber und der Arbeitnehmer zu bestimmen, wobei die einschl\u00e4gigen internationalen Normen zu ber\u00fccksichtigen sind, insbesondere die Abs\u00e4tze\u00a03 und 4 der Empfehlung betreffend die schlimmsten Formen der Kinderarbeit, 1999.<\/p>\n<p>2. Die zust\u00e4ndige Stelle hat nach Beratung mit den in Betracht kommenden Verb\u00e4nden der Arbeitgeber und der Arbeitnehmer zu ermitteln, wo die so bestimmten Arten von Arbeit vorkommen.<\/p>\n<p>3. Das Verzeichnis der gem\u00e4ss Absatz\u00a01 dieses Artikels bestimmten Arten von Arbeit ist von der zust\u00e4ndigen Stelle in Beratung mit den in Betracht kommenden Verb\u00e4nden der Arbeitgeber und der Arbeitnehmer regelm\u00e4ssig zu \u00fcberpr\u00fcfen und erforderlichenfalls zu revidieren.<\/p>\n<h3 style=\"text-align: left;\"><span style=\"color: #003366;\"><strong>Artikel 5<\/strong><\/span><\/h3>\n<p style=\"text-align: left;\">Jedes Mitglied hat nach Beratung mit den Arbeitgeber- und Arbeitnehmerverb\u00e4nden geeignete Mechanismen zur \u00dcberwachung der Durchf\u00fchrung der Bestimmungen zur Umsetzung dieses \u00dcbereinkommens einzurichten oder zu bezeichnen.<\/p>\n<h3 style=\"text-align: left;\"><span style=\"color: #003366;\"><strong>Artikel 6<\/strong><\/span><\/h3>\n<p style=\"text-align: left;\">1. Jedes Mitglied hat Aktionsprogramme zur vorrangigen Beseitigung der schlimmsten Formen der Kinderarbeit zu planen und durchzuf\u00fchren.<\/p>\n<p>2. Solche Aktionsprogramme sind in Beratung mit den einschl\u00e4gigen staatlichen Einrichtungen sowie den Arbeitgeber- und Arbeitnehmerverb\u00e4nden zu planen und durchzuf\u00fchren, wobei gegebenenfalls die Auffassungen anderer in Betracht kommender Gruppen zu ber\u00fccksichtigen sind.<\/p>\n<h3 style=\"text-align: left;\"><span style=\"color: #003366;\"><strong>Artikel 7<\/strong><\/span><\/h3>\n<p style=\"text-align: left;\">1. Jedes Mitglied hat alle erforderlichen Massnahmen zu treffen, um die wirksame Durchf\u00fchrung und Durchsetzung der Bestimmungen zur Umsetzung dieses \u00dcbereinkommens sicherzustellen, einschliesslich der Festsetzung und Anwendung von strafrechtlichen Massnahmen oder gegebenenfalls anderen Zwangsmassnahmen.<\/p>\n<p>2. Jedes Mitglied hat unter Ber\u00fccksichtigung der Bedeutung der Schulbildung f\u00fcr die Beseitigung der Kinderarbeit wirksame Massnahmen innerhalb einer bestimmten Frist zu treffen, um:<\/p>\n<p>a) den Einsatz von Kindern bei den schlimmsten Formen der Kinderarbeit zu verhindern;<\/p>\n<p>b) die erforderliche und geeignete unmittelbare Unterst\u00fctzung f\u00fcr das Herausholen von Kindern aus den schlimmsten Formen der Kinderarbeit und f\u00fcr ihre Rehabilitation und soziale Eingliederung zu gew\u00e4hren;<\/p>\n<p>c) allen aus den schlimmsten Formen der Kinderarbeit herausgeholten Kindern den Zugang zur unentgeltlichen Grundbildung und, wann immer m\u00f6glich und zweckm\u00e4ssig, zur Berufsbildung zu gew\u00e4hrleisten;<\/p>\n<p>d) besonders gef\u00e4hrdete Kinder zu ermitteln und zu erreichen; und<\/p>\n<p>e) der besonderen Lage von M\u00e4dchen Rechnung zu tragen.<\/p>\n<p>3. Jedes Mitglied hat die zust\u00e4ndige Stelle zu bezeichnen, die f\u00fcr die Durchf\u00fchrung der Bestimmungen zur Umsetzung dieses \u00dcbereinkommens verantwortlich ist.<\/p>\n<h3 style=\"text-align: left;\"><span style=\"color: #003366;\"><strong>Artikel 8<\/strong><\/span><\/h3>\n<p style=\"text-align: left;\">Die Mitglieder haben geeignete Schritte zu unternehmen, um sich gegenseitig bei der Durchf\u00fchrung der Bestimmungen dieses \u00dcbereinkommens zu helfen, und zwar durch verst\u00e4rkte internationale Zusammenarbeit und\/oder Hilfeleistung, einschliesslich der Unterst\u00fctzung f\u00fcr die soziale und wirtschaftliche Entwicklung, f\u00fcr Programme zur Beseitigung von Armut und f\u00fcr universelle Bildung.<\/p>\n<h3 style=\"text-align: left;\"><span style=\"color: #003366;\"><strong>Artikel 9<\/strong><\/span><\/h3>\n<p style=\"text-align: left;\">Die f\u00f6rmlichen Ratifikationen dieses \u00dcbereinkommens sind dem Generaldirektor des Internationalen Arbeitsamtes zur Eintragung mitzuteilen.<\/p>\n<h3 style=\"text-align: left;\"><span style=\"color: #003366;\"><strong>Artikel 10<\/strong><\/span><\/h3>\n<p style=\"text-align: left;\">1.\tDieses \u00dcbereinkommen bindet nur diejenigen Mitglieder der Internationalen Arbeitsorganisation, deren Ratifikation durch den Generaldirektor des Internationalen Arbeitsamtes eingetragen ist.<\/p>\n<p>2. Es tritt, zw\u00f6lf Monate nachdem die Ratifikationen zweier Mitglieder durch den Generaldirektor eingetragen worden sind, in Kraft.<\/p>\n<p>3. In der Folge tritt dieses \u00dcbereinkommen f\u00fcr jedes Mitglied zw\u00f6lf Monate nach der Eintragung seiner Ratifikation in Kraft.<\/p>\n<h3 style=\"text-align: left;\"><span style=\"color: #003366;\"><strong>Artikel 11<\/strong><\/span><\/h3>\n<p style=\"text-align: left;\">1. Jedes Mitglied, das dieses \u00dcbereinkommen ratifiziert hat, kann es nach Ablauf von zehn Jahren seit seinem erstmaligen Inkrafttreten durch f\u00f6rmliche Mitteilung an den Generaldirektor des Internationalen Arbeitsamtes k\u00fcndigen. Die K\u00fcndigung wird von diesem eingetragen. Sie wird erst ein Jahr nach der Eintragung wirksam.<\/p>\n<p>2. Jedes Mitglied, das dieses \u00dcbereinkommen ratifiziert hat und binnen eines Jahres nach Ablauf der in Absatz\u00a01 genannten zehn Jahre von dem in diesem Artikel vorgesehenen K\u00fcndigungsrecht keinen Gebrauch macht, bleibt f\u00fcr weitere zehn Jahre gebunden. In der Folge kann es dieses \u00dcbereinkommen jeweils nach Ablauf von zehn Jahren nach Massgabe dieses Artikels k\u00fcndigen.<\/p>\n<h3 style=\"text-align: left;\"><span style=\"color: #003366;\"><strong>Artikel 12<\/strong><\/span><\/h3>\n<p style=\"text-align: left;\">1. Der Generaldirektor des Internationalen Arbeitsamtes gibt allen Mitgliedern der Internationalen Arbeitsorganisation Kenntnis von der Eintragung aller Ratifikationen und K\u00fcndigungen, die ihm von den Mitgliedern der Organisation mitgeteilt werden.<\/p>\n<p>2. Der Generaldirektor wird die Mitglieder der Organisation, wenn er ihnen von der Eintragung der zweiten Ratifikation, die ihm mitgeteilt wird, Kenntnis gibt, auf den Zeitpunkt aufmerksam machen, zu dem dieses \u00dcbereinkommen in Kraft tritt.<\/p>\n<h3 style=\"text-align: left;\"><span style=\"color: #003366;\"><strong>Artikel 13<\/strong><\/span><\/h3>\n<p style=\"text-align: left;\">Der Generaldirektor des Internationalen Arbeitsamtes \u00fcbermittelt dem Generalsekret\u00e4r der Vereinten Nationen zur Eintragung nach Artikel\u00a0102 der Charta der Vereinten Nationen vom 26. Juni 1945 \u00a0vollst\u00e4ndige Ausk\u00fcnfte \u00fcber alle von ihm nach Massgabe der vorausgehenden Artikel eingetragenen Ratifikationen und K\u00fcndigungen.<\/p>\n<h3 style=\"text-align: left;\"><span style=\"color: #003366;\"><strong>Artikel 14<\/strong><\/span><\/h3>\n<p style=\"text-align: left;\">Der Verwaltungsrat des Internationalen Arbeitsamtes erstattet der Allgemeinen Konferenz, wann immer er es f\u00fcr n\u00f6tig erachtet, einen Bericht \u00fcber die Durchf\u00fchrung dieses \u00dcbereinkommens und pr\u00fcft, ob die Frage seiner g\u00e4nzlichen oder teilweisen Neufassung auf die Tagesordnung der Konferenz gesetzt werden soll.<\/p>\n<h3 style=\"text-align: left;\"><span style=\"color: #003366;\"><strong>Artikel 15<\/strong><\/span><\/h3>\n<p style=\"text-align: left;\">1. Nimmt die Konferenz ein neues \u00dcbereinkommen an, welches das vorliegende \u00dcbereinkommen ganz oder teilweise neu fasst, und sieht das neue \u00dcbereinkommen nichts anderes vor, so gilt Folgendes:<\/p>\n<p>a) Die Ratifikation des neu gefassten \u00dcbereinkommens durch ein Mitglied hat ungeachtet des Artikels\u00a011 ohne weiteres die Wirkung einer sofortigen K\u00fcndigung des vorliegenden \u00dcbereinkommens, sofern das neu gefasste \u00dcbereinkommen in Kraft getreten ist.<\/p>\n<p>b) Vom Zeitpunkt des Inkrafttretens des neu gefassten \u00dcbereinkommens an kann das vorliegende \u00dcbereinkommen von den Mitgliedern nicht mehr ratifiziert werden.<\/p>\n<p>2. In jedem Fall bleibt das vorliegende \u00dcbereinkommen nach Form und Inhalt f\u00fcr diejenigen Mitglieder in Kraft, die dieses, nicht jedoch das neu gefasste \u00dcbereinkommen ratifiziert haben.<\/p>\n","protected":false},"excerpt":{"rendered":"<p>\u00dcbereinkommen \u00fcber das Verbot und unverz\u00fcgliche Massnahmen zur Beseitigung der schlimmsten Formen der Kinderarbeit (Nr. 182) Abgeschlossen in Genf am 17. Juni 1999 (vollst\u00e4ndigen) Die Allgemeine Konferenz der Internationalen Arbeitsorganisation, die vom Verwaltungsrat des Internationalen Arbeitsamtes nach Genf einberufen wurde und am 1.\u00a0Juni 1999 zu ihrer 87.\u00a0Tagung zusammengetreten ist, verweist auf die Notwendigkeit, neue Urkunden [&hellip;]<\/p>\n","protected":false},"author":1,"featured_media":0,"parent":0,"menu_order":0,"comment_status":"closed","ping_status":"closed","template":"","meta":{"footnotes":""},"class_list":["post-2348","page","type-page","status-publish","hentry"],"yoast_head":"<!-- This site is optimized with the Yoast SEO plugin v26.5 - https:\/\/yoast.com\/wordpress\/plugins\/seo\/ -->\n<title>\u00dcbereinkommen \u00fcber das Verbot und unverz\u00fcgliche Massnahmen zur Beseitigung der schlimmsten Formen der Kinderarbeit (Nr. 182) - Humanium<\/title>\n<meta name=\"robots\" content=\"index, follow, max-snippet:-1, max-image-preview:large, max-video-preview:-1\" \/>\n<link rel=\"canonical\" href=\"https:\/\/www.humanium.org\/de\/ubereinkommen-uber-das-verbot-und-unverzugliche-massnahmen-zur-beseitigung-der-schlimmsten-formen-der-kinderarbeit-nr-182\/\" \/>\n<meta property=\"og:locale\" content=\"de_DE\" \/>\n<meta property=\"og:type\" content=\"article\" \/>\n<meta property=\"og:title\" content=\"\u00dcbereinkommen \u00fcber das Verbot und unverz\u00fcgliche Massnahmen zur Beseitigung der schlimmsten Formen der Kinderarbeit (Nr. 182) - Humanium\" \/>\n<meta property=\"og:description\" content=\"\u00dcbereinkommen \u00fcber das Verbot und unverz\u00fcgliche Massnahmen zur Beseitigung der schlimmsten Formen der Kinderarbeit (Nr. 182) Abgeschlossen in Genf am 17. Juni 1999 (vollst\u00e4ndigen) Die Allgemeine Konferenz der Internationalen Arbeitsorganisation, die vom Verwaltungsrat des Internationalen Arbeitsamtes nach Genf einberufen wurde und am 1.\u00a0Juni 1999 zu ihrer 87.\u00a0Tagung zusammengetreten ist, verweist auf die Notwendigkeit, neue Urkunden [&hellip;]\" \/>\n<meta property=\"og:url\" content=\"https:\/\/www.humanium.org\/de\/ubereinkommen-uber-das-verbot-und-unverzugliche-massnahmen-zur-beseitigung-der-schlimmsten-formen-der-kinderarbeit-nr-182\/\" \/>\n<meta property=\"og:site_name\" content=\"Humanium\" \/>\n<meta property=\"article:modified_time\" content=\"2025-12-06T06:22:57+00:00\" \/>\n<meta name=\"twitter:card\" content=\"summary_large_image\" \/>\n<meta name=\"twitter:label1\" content=\"Gesch\u00e4tzte Lesezeit\" \/>\n\t<meta name=\"twitter:data1\" content=\"7\u00a0Minuten\" \/>\n<script type=\"application\/ld+json\" class=\"yoast-schema-graph\">{\"@context\":\"https:\/\/schema.org\",\"@graph\":[{\"@type\":\"WebPage\",\"@id\":\"https:\/\/www.humanium.org\/de\/ubereinkommen-uber-das-verbot-und-unverzugliche-massnahmen-zur-beseitigung-der-schlimmsten-formen-der-kinderarbeit-nr-182\/\",\"url\":\"https:\/\/www.humanium.org\/de\/ubereinkommen-uber-das-verbot-und-unverzugliche-massnahmen-zur-beseitigung-der-schlimmsten-formen-der-kinderarbeit-nr-182\/\",\"name\":\"\u00dcbereinkommen \u00fcber das Verbot und unverz\u00fcgliche Massnahmen zur Beseitigung der schlimmsten Formen der Kinderarbeit (Nr. 182) - Humanium\",\"isPartOf\":{\"@id\":\"https:\/\/www.humanium.org\/de\/#website\"},\"primaryImageOfPage\":{\"@id\":\"https:\/\/www.humanium.org\/de\/ubereinkommen-uber-das-verbot-und-unverzugliche-massnahmen-zur-beseitigung-der-schlimmsten-formen-der-kinderarbeit-nr-182\/#primaryimage\"},\"image\":{\"@id\":\"https:\/\/www.humanium.org\/de\/ubereinkommen-uber-das-verbot-und-unverzugliche-massnahmen-zur-beseitigung-der-schlimmsten-formen-der-kinderarbeit-nr-182\/#primaryimage\"},\"thumbnailUrl\":\"https:\/\/www.humanium.org\/fr\/wp-content\/uploads\/logo-odt.gif\",\"datePublished\":\"2013-09-19T09:05:16+00:00\",\"dateModified\":\"2025-12-06T06:22:57+00:00\",\"breadcrumb\":{\"@id\":\"https:\/\/www.humanium.org\/de\/ubereinkommen-uber-das-verbot-und-unverzugliche-massnahmen-zur-beseitigung-der-schlimmsten-formen-der-kinderarbeit-nr-182\/#breadcrumb\"},\"inLanguage\":\"de\",\"potentialAction\":[{\"@type\":\"ReadAction\",\"target\":[\"https:\/\/www.humanium.org\/de\/ubereinkommen-uber-das-verbot-und-unverzugliche-massnahmen-zur-beseitigung-der-schlimmsten-formen-der-kinderarbeit-nr-182\/\"]}]},{\"@type\":\"ImageObject\",\"inLanguage\":\"de\",\"@id\":\"https:\/\/www.humanium.org\/de\/ubereinkommen-uber-das-verbot-und-unverzugliche-massnahmen-zur-beseitigung-der-schlimmsten-formen-der-kinderarbeit-nr-182\/#primaryimage\",\"url\":\"https:\/\/www.humanium.org\/fr\/wp-content\/uploads\/logo-odt.gif\",\"contentUrl\":\"https:\/\/www.humanium.org\/fr\/wp-content\/uploads\/logo-odt.gif\"},{\"@type\":\"BreadcrumbList\",\"@id\":\"https:\/\/www.humanium.org\/de\/ubereinkommen-uber-das-verbot-und-unverzugliche-massnahmen-zur-beseitigung-der-schlimmsten-formen-der-kinderarbeit-nr-182\/#breadcrumb\",\"itemListElement\":[{\"@type\":\"ListItem\",\"position\":1,\"name\":\"Home\",\"item\":\"https:\/\/www.humanium.org\/de\/\"},{\"@type\":\"ListItem\",\"position\":2,\"name\":\"\u00dcbereinkommen \u00fcber das Verbot und unverz\u00fcgliche Massnahmen zur Beseitigung der schlimmsten Formen der Kinderarbeit (Nr. 182)\"}]},{\"@type\":\"WebSite\",\"@id\":\"https:\/\/www.humanium.org\/de\/#website\",\"url\":\"https:\/\/www.humanium.org\/de\/\",\"name\":\"Humanium\",\"description\":\"Kinder zuerst!\",\"potentialAction\":[{\"@type\":\"SearchAction\",\"target\":{\"@type\":\"EntryPoint\",\"urlTemplate\":\"https:\/\/www.humanium.org\/de\/?s={search_term_string}\"},\"query-input\":{\"@type\":\"PropertyValueSpecification\",\"valueRequired\":true,\"valueName\":\"search_term_string\"}}],\"inLanguage\":\"de\"}]}<\/script>\n<!-- \/ Yoast SEO plugin. -->","yoast_head_json":{"title":"\u00dcbereinkommen \u00fcber das Verbot und unverz\u00fcgliche Massnahmen zur Beseitigung der schlimmsten Formen der Kinderarbeit (Nr. 182) - Humanium","robots":{"index":"index","follow":"follow","max-snippet":"max-snippet:-1","max-image-preview":"max-image-preview:large","max-video-preview":"max-video-preview:-1"},"canonical":"https:\/\/www.humanium.org\/de\/ubereinkommen-uber-das-verbot-und-unverzugliche-massnahmen-zur-beseitigung-der-schlimmsten-formen-der-kinderarbeit-nr-182\/","og_locale":"de_DE","og_type":"article","og_title":"\u00dcbereinkommen \u00fcber das Verbot und unverz\u00fcgliche Massnahmen zur Beseitigung der schlimmsten Formen der Kinderarbeit (Nr. 182) - Humanium","og_description":"\u00dcbereinkommen \u00fcber das Verbot und unverz\u00fcgliche Massnahmen zur Beseitigung der schlimmsten Formen der Kinderarbeit (Nr. 182) Abgeschlossen in Genf am 17. Juni 1999 (vollst\u00e4ndigen) Die Allgemeine Konferenz der Internationalen Arbeitsorganisation, die vom Verwaltungsrat des Internationalen Arbeitsamtes nach Genf einberufen wurde und am 1.\u00a0Juni 1999 zu ihrer 87.\u00a0Tagung zusammengetreten ist, verweist auf die Notwendigkeit, neue Urkunden [&hellip;]","og_url":"https:\/\/www.humanium.org\/de\/ubereinkommen-uber-das-verbot-und-unverzugliche-massnahmen-zur-beseitigung-der-schlimmsten-formen-der-kinderarbeit-nr-182\/","og_site_name":"Humanium","article_modified_time":"2025-12-06T06:22:57+00:00","twitter_card":"summary_large_image","twitter_misc":{"Gesch\u00e4tzte Lesezeit":"7\u00a0Minuten"},"schema":{"@context":"https:\/\/schema.org","@graph":[{"@type":"WebPage","@id":"https:\/\/www.humanium.org\/de\/ubereinkommen-uber-das-verbot-und-unverzugliche-massnahmen-zur-beseitigung-der-schlimmsten-formen-der-kinderarbeit-nr-182\/","url":"https:\/\/www.humanium.org\/de\/ubereinkommen-uber-das-verbot-und-unverzugliche-massnahmen-zur-beseitigung-der-schlimmsten-formen-der-kinderarbeit-nr-182\/","name":"\u00dcbereinkommen \u00fcber das Verbot und unverz\u00fcgliche Massnahmen zur Beseitigung der schlimmsten Formen der Kinderarbeit (Nr. 182) - Humanium","isPartOf":{"@id":"https:\/\/www.humanium.org\/de\/#website"},"primaryImageOfPage":{"@id":"https:\/\/www.humanium.org\/de\/ubereinkommen-uber-das-verbot-und-unverzugliche-massnahmen-zur-beseitigung-der-schlimmsten-formen-der-kinderarbeit-nr-182\/#primaryimage"},"image":{"@id":"https:\/\/www.humanium.org\/de\/ubereinkommen-uber-das-verbot-und-unverzugliche-massnahmen-zur-beseitigung-der-schlimmsten-formen-der-kinderarbeit-nr-182\/#primaryimage"},"thumbnailUrl":"https:\/\/www.humanium.org\/fr\/wp-content\/uploads\/logo-odt.gif","datePublished":"2013-09-19T09:05:16+00:00","dateModified":"2025-12-06T06:22:57+00:00","breadcrumb":{"@id":"https:\/\/www.humanium.org\/de\/ubereinkommen-uber-das-verbot-und-unverzugliche-massnahmen-zur-beseitigung-der-schlimmsten-formen-der-kinderarbeit-nr-182\/#breadcrumb"},"inLanguage":"de","potentialAction":[{"@type":"ReadAction","target":["https:\/\/www.humanium.org\/de\/ubereinkommen-uber-das-verbot-und-unverzugliche-massnahmen-zur-beseitigung-der-schlimmsten-formen-der-kinderarbeit-nr-182\/"]}]},{"@type":"ImageObject","inLanguage":"de","@id":"https:\/\/www.humanium.org\/de\/ubereinkommen-uber-das-verbot-und-unverzugliche-massnahmen-zur-beseitigung-der-schlimmsten-formen-der-kinderarbeit-nr-182\/#primaryimage","url":"https:\/\/www.humanium.org\/fr\/wp-content\/uploads\/logo-odt.gif","contentUrl":"https:\/\/www.humanium.org\/fr\/wp-content\/uploads\/logo-odt.gif"},{"@type":"BreadcrumbList","@id":"https:\/\/www.humanium.org\/de\/ubereinkommen-uber-das-verbot-und-unverzugliche-massnahmen-zur-beseitigung-der-schlimmsten-formen-der-kinderarbeit-nr-182\/#breadcrumb","itemListElement":[{"@type":"ListItem","position":1,"name":"Home","item":"https:\/\/www.humanium.org\/de\/"},{"@type":"ListItem","position":2,"name":"\u00dcbereinkommen \u00fcber das Verbot und unverz\u00fcgliche Massnahmen zur Beseitigung der schlimmsten Formen der Kinderarbeit (Nr. 182)"}]},{"@type":"WebSite","@id":"https:\/\/www.humanium.org\/de\/#website","url":"https:\/\/www.humanium.org\/de\/","name":"Humanium","description":"Kinder zuerst!","potentialAction":[{"@type":"SearchAction","target":{"@type":"EntryPoint","urlTemplate":"https:\/\/www.humanium.org\/de\/?s={search_term_string}"},"query-input":{"@type":"PropertyValueSpecification","valueRequired":true,"valueName":"search_term_string"}}],"inLanguage":"de"}]}},"_links":{"self":[{"href":"https:\/\/www.humanium.org\/de\/wp-json\/wp\/v2\/pages\/2348","targetHints":{"allow":["GET"]}}],"collection":[{"href":"https:\/\/www.humanium.org\/de\/wp-json\/wp\/v2\/pages"}],"about":[{"href":"https:\/\/www.humanium.org\/de\/wp-json\/wp\/v2\/types\/page"}],"author":[{"embeddable":true,"href":"https:\/\/www.humanium.org\/de\/wp-json\/wp\/v2\/users\/1"}],"replies":[{"embeddable":true,"href":"https:\/\/www.humanium.org\/de\/wp-json\/wp\/v2\/comments?post=2348"}],"version-history":[{"count":5,"href":"https:\/\/www.humanium.org\/de\/wp-json\/wp\/v2\/pages\/2348\/revisions"}],"predecessor-version":[{"id":20623,"href":"https:\/\/www.humanium.org\/de\/wp-json\/wp\/v2\/pages\/2348\/revisions\/20623"}],"wp:attachment":[{"href":"https:\/\/www.humanium.org\/de\/wp-json\/wp\/v2\/media?parent=2348"}],"curies":[{"name":"wp","href":"https:\/\/api.w.org\/{rel}","templated":true}]}}