{"id":235,"date":"2010-09-23T20:07:41","date_gmt":"2010-09-23T20:07:41","guid":{"rendered":"http:\/\/www.humanium.org\/de\/"},"modified":"2025-12-06T06:18:42","modified_gmt":"2025-12-06T06:18:42","slug":"warum","status":"publish","type":"page","link":"https:\/\/www.humanium.org\/de\/warum\/","title":{"rendered":"Warum eine Patenschaft f\u00fcr ein Kind \u00fcbernehmen ?"},"content":{"rendered":"<h1><a href=\"https:\/\/www.humanium.org\/de\/jetzt\/\"><\/a>Warum eine Patenschaft f\u00fcr ein Kind \u00fcbernehmen ?<\/h1>\n<h2>Eine Patenschaft f\u00fcr ein Kind, heisst ihm erm\u00f6glichen, ein kindgerechtes Leben zu f\u00fchren !<\/h2>\n<p style=\"text-align: left;\">Eine Patenschaft f\u00fcr ein Kind bei Humanium erm\u00f6glicht es, allen Bed\u00fcrfnissen des Kindes gerecht zu werden.<\/p>\n<div style=\"float: left; width: 49%;\">\n<table style=\"height: 38px;\" width=\"150\">\n<tbody>\n<tr style=\"text-align: justify;\">\n<td>\n<h3>Bildung<\/h3>\n<p style=\"text-align: left;\"><span style=\"text-align: justify;\"><\/span>Zur Schule gehen und von einer qualitativ guten Ausbildung profitieren.<\/p>\n<p>&nbsp;<\/td>\n<\/tr>\n<\/tbody>\n<\/table>\n<\/div>\n<div style=\"float: right; width: 49%;\">\n<table style=\"height: 38px;\" width=\"150\">\n<tbody>\n<tr>\n<td>\n<h3>Gesundheit<\/h3>\n<p style=\"text-align: left;\">Zugang zu den Gesundheitsvorsorge haben und vor Krankheiten gesch\u00fctzt sein.<\/p>\n<\/td>\n<\/tr>\n<\/tbody>\n<\/table>\n<\/div>\n<div style=\"float: left; width: 49%;\">\n<table style=\"height: 38px;\" width=\"150\">\n<tbody>\n<tr style=\"text-align: justify;\">\n<td>\n<h3>Mikrofinanz<\/h3>\n<p style=\"text-align: left;\"><span style=\"text-align: justify;\"><\/span>Sich satt essen und den M\u00fcttern ein geregeltes Einkommen garantieren.<\/p>\n<p>&nbsp;<\/td>\n<\/tr>\n<\/tbody>\n<\/table>\n<\/div>\n<div style=\"float: right; width: 49%;\">\n<table style=\"height: 38px;\" width=\"150\">\n<tbody>\n<tr>\n<td>\n<h3>Menschenrechte<\/h3>\n<p style=\"text-align: left;\">Bewirken, dass seine fundamentalen Rechte geachtet und respektiert werden.<\/p>\n<\/td>\n<\/tr>\n<\/tbody>\n<\/table>\n<\/div>\n<div style=\"float: left; width: 49%;\">\n<table style=\"height: 38px;\" width=\"150\">\n<tbody>\n<tr style=\"text-align: justify;\">\n<td>\n<h3>Umwelt<\/h3>\n<p style=\"text-align: left;\"><span style=\"text-align: justify;\"><\/span>In einer gesunden und angenehmen Umwelt leben und aufwachsen.<\/p>\n<p>&nbsp;<\/td>\n<\/tr>\n<\/tbody>\n<\/table>\n<\/div>\n<div style=\"float: right; width: 49%;\">\n<table style=\"height: 38px;\" width=\"150\">\n<tbody>\n<tr>\n<td>\n<h3>Staatsb\u00fcrgererziehung<\/h3>\n<p style=\"text-align: left;\">Aktiv sein Leben gestalten und selbst entscheiden.<\/p>\n<\/td>\n<\/tr>\n<\/tbody>\n<\/table>\n<\/div>\n<div style=\"float: left; width: 49%;\">\n<table style=\"height: 38px;\" width=\"150\">\n<tbody>\n<tr style=\"text-align: justify;\">\n<td>\n<h3>Frieden<\/h3>\n<p style=\"text-align: left;\"><span style=\"text-align: justify;\"><\/span>Frei von Gewalt leben.<\/p>\n<p>&nbsp;<\/td>\n<\/tr>\n<\/tbody>\n<\/table>\n<\/div>\n<div style=\"float: left; width: 100%;\"><span style=\"color: #ffffff;\">.<\/span><\/div>\n<table style=\"height: 70px;\" width=\"640\">\n<tbody>\n<tr>\n<td>\n<ul>\n<li><a href=\"https:\/\/www.humanium.org\/de\/pate-werden-2\/verstehen\/\">Die Patenschaft verstehen<\/a><\/li>\n<li><a href=\"https:\/\/www.humanium.org\/de\/pate-werden-2\/sponsor-with-humanium\/\">Die Vorteile der Kinderpatenschaft mit Humanium<\/a><\/li>\n<li><a href=\"https:\/\/www.humanium.org\/de\/jetzt\/\">Ab sofort Pate werden<\/a><\/li>\n<\/ul>\n<\/td>\n<\/tr>\n<\/tbody>\n<\/table>\n","protected":false},"excerpt":{"rendered":"<p>Warum eine Patenschaft f\u00fcr ein Kind \u00fcbernehmen ? Eine Patenschaft f\u00fcr ein Kind, heisst ihm erm\u00f6glichen, ein kindgerechtes Leben zu f\u00fchren ! Eine Patenschaft f\u00fcr ein Kind bei Humanium erm\u00f6glicht es, allen Bed\u00fcrfnissen des Kindes gerecht zu werden. Bildung Zur Schule gehen und von einer qualitativ guten Ausbildung profitieren. &nbsp; Gesundheit Zugang zu den Gesundheitsvorsorge [&hellip;]<\/p>\n","protected":false},"author":1,"featured_media":0,"parent":0,"menu_order":0,"comment_status":"closed","ping_status":"closed","template":"","meta":{"footnotes":""},"class_list":["post-235","page","type-page","status-publish","hentry"],"yoast_head":"<!-- This site is optimized with the Yoast SEO plugin v26.5 - https:\/\/yoast.com\/wordpress\/plugins\/seo\/ -->\n<title>Warum eine Patenschaft f\u00fcr ein Kind \u00fcbernehmen ? - Humanium<\/title>\n<meta name=\"robots\" content=\"index, follow, max-snippet:-1, max-image-preview:large, max-video-preview:-1\" \/>\n<link rel=\"canonical\" href=\"https:\/\/www.humanium.org\/de\/warum\/\" \/>\n<meta property=\"og:locale\" content=\"de_DE\" \/>\n<meta property=\"og:type\" content=\"article\" \/>\n<meta property=\"og:title\" content=\"Warum eine Patenschaft f\u00fcr ein Kind \u00fcbernehmen ? - Humanium\" \/>\n<meta property=\"og:description\" content=\"Warum eine Patenschaft f\u00fcr ein Kind \u00fcbernehmen ? Eine Patenschaft f\u00fcr ein Kind, heisst ihm erm\u00f6glichen, ein kindgerechtes Leben zu f\u00fchren ! Eine Patenschaft f\u00fcr ein Kind bei Humanium erm\u00f6glicht es, allen Bed\u00fcrfnissen des Kindes gerecht zu werden. Bildung Zur Schule gehen und von einer qualitativ guten Ausbildung profitieren. &nbsp; Gesundheit Zugang zu den Gesundheitsvorsorge [&hellip;]\" \/>\n<meta property=\"og:url\" content=\"https:\/\/www.humanium.org\/de\/warum\/\" \/>\n<meta property=\"og:site_name\" content=\"Humanium\" \/>\n<meta property=\"article:modified_time\" content=\"2025-12-06T06:18:42+00:00\" \/>\n<meta name=\"twitter:card\" content=\"summary_large_image\" \/>\n<meta name=\"twitter:label1\" content=\"Gesch\u00e4tzte Lesezeit\" \/>\n\t<meta name=\"twitter:data1\" content=\"1\u00a0Minute\" \/>\n<script type=\"application\/ld+json\" class=\"yoast-schema-graph\">{\"@context\":\"https:\/\/schema.org\",\"@graph\":[{\"@type\":\"WebPage\",\"@id\":\"https:\/\/www.humanium.org\/de\/warum\/\",\"url\":\"https:\/\/www.humanium.org\/de\/warum\/\",\"name\":\"Warum eine Patenschaft f\u00fcr ein Kind \u00fcbernehmen ? - Humanium\",\"isPartOf\":{\"@id\":\"https:\/\/www.humanium.org\/de\/#website\"},\"datePublished\":\"2010-09-23T20:07:41+00:00\",\"dateModified\":\"2025-12-06T06:18:42+00:00\",\"breadcrumb\":{\"@id\":\"https:\/\/www.humanium.org\/de\/warum\/#breadcrumb\"},\"inLanguage\":\"de\",\"potentialAction\":[{\"@type\":\"ReadAction\",\"target\":[\"https:\/\/www.humanium.org\/de\/warum\/\"]}]},{\"@type\":\"BreadcrumbList\",\"@id\":\"https:\/\/www.humanium.org\/de\/warum\/#breadcrumb\",\"itemListElement\":[{\"@type\":\"ListItem\",\"position\":1,\"name\":\"Home\",\"item\":\"https:\/\/www.humanium.org\/de\/\"},{\"@type\":\"ListItem\",\"position\":2,\"name\":\"Warum eine Patenschaft f\u00fcr ein Kind \u00fcbernehmen ?\"}]},{\"@type\":\"WebSite\",\"@id\":\"https:\/\/www.humanium.org\/de\/#website\",\"url\":\"https:\/\/www.humanium.org\/de\/\",\"name\":\"Humanium\",\"description\":\"Kinder zuerst!\",\"potentialAction\":[{\"@type\":\"SearchAction\",\"target\":{\"@type\":\"EntryPoint\",\"urlTemplate\":\"https:\/\/www.humanium.org\/de\/?s={search_term_string}\"},\"query-input\":{\"@type\":\"PropertyValueSpecification\",\"valueRequired\":true,\"valueName\":\"search_term_string\"}}],\"inLanguage\":\"de\"}]}<\/script>\n<!-- \/ Yoast SEO plugin. -->","yoast_head_json":{"title":"Warum eine Patenschaft f\u00fcr ein Kind \u00fcbernehmen ? - Humanium","robots":{"index":"index","follow":"follow","max-snippet":"max-snippet:-1","max-image-preview":"max-image-preview:large","max-video-preview":"max-video-preview:-1"},"canonical":"https:\/\/www.humanium.org\/de\/warum\/","og_locale":"de_DE","og_type":"article","og_title":"Warum eine Patenschaft f\u00fcr ein Kind \u00fcbernehmen ? - Humanium","og_description":"Warum eine Patenschaft f\u00fcr ein Kind \u00fcbernehmen ? Eine Patenschaft f\u00fcr ein Kind, heisst ihm erm\u00f6glichen, ein kindgerechtes Leben zu f\u00fchren ! Eine Patenschaft f\u00fcr ein Kind bei Humanium erm\u00f6glicht es, allen Bed\u00fcrfnissen des Kindes gerecht zu werden. Bildung Zur Schule gehen und von einer qualitativ guten Ausbildung profitieren. &nbsp; Gesundheit Zugang zu den Gesundheitsvorsorge [&hellip;]","og_url":"https:\/\/www.humanium.org\/de\/warum\/","og_site_name":"Humanium","article_modified_time":"2025-12-06T06:18:42+00:00","twitter_card":"summary_large_image","twitter_misc":{"Gesch\u00e4tzte Lesezeit":"1\u00a0Minute"},"schema":{"@context":"https:\/\/schema.org","@graph":[{"@type":"WebPage","@id":"https:\/\/www.humanium.org\/de\/warum\/","url":"https:\/\/www.humanium.org\/de\/warum\/","name":"Warum eine Patenschaft f\u00fcr ein Kind \u00fcbernehmen ? - Humanium","isPartOf":{"@id":"https:\/\/www.humanium.org\/de\/#website"},"datePublished":"2010-09-23T20:07:41+00:00","dateModified":"2025-12-06T06:18:42+00:00","breadcrumb":{"@id":"https:\/\/www.humanium.org\/de\/warum\/#breadcrumb"},"inLanguage":"de","potentialAction":[{"@type":"ReadAction","target":["https:\/\/www.humanium.org\/de\/warum\/"]}]},{"@type":"BreadcrumbList","@id":"https:\/\/www.humanium.org\/de\/warum\/#breadcrumb","itemListElement":[{"@type":"ListItem","position":1,"name":"Home","item":"https:\/\/www.humanium.org\/de\/"},{"@type":"ListItem","position":2,"name":"Warum eine Patenschaft f\u00fcr ein Kind \u00fcbernehmen ?"}]},{"@type":"WebSite","@id":"https:\/\/www.humanium.org\/de\/#website","url":"https:\/\/www.humanium.org\/de\/","name":"Humanium","description":"Kinder zuerst!","potentialAction":[{"@type":"SearchAction","target":{"@type":"EntryPoint","urlTemplate":"https:\/\/www.humanium.org\/de\/?s={search_term_string}"},"query-input":{"@type":"PropertyValueSpecification","valueRequired":true,"valueName":"search_term_string"}}],"inLanguage":"de"}]}},"_links":{"self":[{"href":"https:\/\/www.humanium.org\/de\/wp-json\/wp\/v2\/pages\/235","targetHints":{"allow":["GET"]}}],"collection":[{"href":"https:\/\/www.humanium.org\/de\/wp-json\/wp\/v2\/pages"}],"about":[{"href":"https:\/\/www.humanium.org\/de\/wp-json\/wp\/v2\/types\/page"}],"author":[{"embeddable":true,"href":"https:\/\/www.humanium.org\/de\/wp-json\/wp\/v2\/users\/1"}],"replies":[{"embeddable":true,"href":"https:\/\/www.humanium.org\/de\/wp-json\/wp\/v2\/comments?post=235"}],"version-history":[{"count":20,"href":"https:\/\/www.humanium.org\/de\/wp-json\/wp\/v2\/pages\/235\/revisions"}],"predecessor-version":[{"id":20335,"href":"https:\/\/www.humanium.org\/de\/wp-json\/wp\/v2\/pages\/235\/revisions\/20335"}],"wp:attachment":[{"href":"https:\/\/www.humanium.org\/de\/wp-json\/wp\/v2\/media?parent=235"}],"curies":[{"name":"wp","href":"https:\/\/api.w.org\/{rel}","templated":true}]}}