{"id":2366,"date":"2013-08-29T12:26:02","date_gmt":"2013-08-29T12:26:02","guid":{"rendered":"http:\/\/www.humanium.org\/de\/?page_id=2366"},"modified":"2021-09-08T09:46:30","modified_gmt":"2021-09-08T09:46:30","slug":"ausschuss-rolle","status":"publish","type":"page","link":"https:\/\/www.humanium.org\/de\/ausschuss-rolle\/","title":{"rendered":"Ausschuss f\u00fcr die Rechte des Kindes : Entstehen und Funktionieren"},"content":{"rendered":"<h1>Ausschuss f\u00fcr die Rechte des Kindes<\/h1>\n<h2>Entstehung und Funktion<\/h2>\n<p><strong>Der Ausschuss f\u00fcr die Rechte des Kindes ist das Organ, welches die Umsetzung des \u00dcbereinkommens \u00fcber die Rechte des Kindes \u00fcberwacht. Der Ausschuss wurde am 27. Februar 1991 gem\u00e4ss entsprechender Bestimmungen des \u00dcbereinkommens ins Leben gerufen.<\/strong><\/p>\n<h3>Die Etablierung des Ausschusses<\/h3>\n<p><img loading=\"lazy\" decoding=\"async\" class=\" wp-image-5042 alignright\" title=\"Die Aufgabe des Ausschusses ist die \u00dcberwachung der Umsetzung des \u00dcbereinkommens \u00fcber die Rechte des Kindes \u00a9 UN\" src=\"https:\/\/www.humanium.org\/fr\/wp-content\/uploads\/16-UN-Photo-x1.jpg\" alt=\"\" width=\"165\" height=\"210\" \/>Als das \u00dcbereinkommen in den 1980er-Jahren ratifiziert wurde, schlug Polen die Gr\u00fcndung eines \u00dcberwachungsmechanismus vor, welches von jedem Mitgliedsstaat die Einreichung regelm\u00e4ssiger Berichte an den UN-Wirtschafts- und Sozialrat forderte. Dieser Vorschlag wurde zwar zur\u00fcckgewiesen, setzte allerdings eine Diskussion \u00fcber einen Ausschuss f\u00fcr die Rechte des Kindes in Gang.<\/p>\n<p>Infolgedessen wurde das \u00dcbereinkommen um drei Artikel erweitert, in denen die Gr\u00fcndung, die Zusammensetzung, sowie die Arbeitsweise und Aufgaben des Ausschusses festgelegt wurden.<\/p>\n<p>Die Wahl der Ausschussmitglieder begann nach der Ratifizierung des \u00dcbereinkommens am 20. November 1989. Die Vertreter aller Vertragsstaaten des \u00dcbereinkommens kamen zusammen, um die Mitglieder des Ausschusses f\u00fcr die Rechte des Kindes zu w\u00e4hlen. Der Ausschuss wurde am 27. Februar 1991 offiziell gegr\u00fcndet.<\/p>\n<h3>Die Zusammensetzung und Arbeitsweise des Ausschusses<\/h3>\n<p>Artikel 43 des Internationalen \u00dcbereinkommens \u00fcber die Rechte des Kindes regelt die Zusammensetzung und Arbeitsweise des Ausschusses f\u00fcr die Rechte des Kindes:<\/p>\n<p>Der Ausschuss ist ein unabh\u00e4ngiges und internationales Organ, welches die Einhaltung des \u00dcbereinkommens \u00fcber die Rechte des Kindes in den Mitgliedstaaten beaufsichtigt. Er besteht aus 18 selbstst\u00e4ndigen Experten f\u00fcr Kinderrechte, die hohe moralische Werte besitzen.<br \/>\nDer Ausschuss trifft sich j\u00e4hrlich drei Mal (im Januar, Mai und September) f\u00fcr jeweils drei Wochen in Genf.<\/p>\n<p style=\"text-align: center;\"><img loading=\"lazy\" decoding=\"async\" class=\"size-full wp-image-5037 aligncenter\" title=\"Die aktuellen Mitglieder des Ausschusses f\u00fcr die Rechte des Kindes \u00a9 UN\" src=\"https:\/\/www.humanium.org\/fr\/wp-content\/uploads\/un-crc.jpg\" alt=\"\" width=\"300\" height=\"141\" \/>Der Ausschuss \u00fcberwacht die Durchsetzung des \u00dcbereinkommens und unterst\u00fctzt die Vertragsstaaten bei der Umsetzung, indem er mit anderen UN-Organen und Nichtstaatlichen Organisationen zusammenarbeitet und Informationen \u00fcber Kinderrechte herausgibt.<\/p>\n<div id=\"toggle\"><\/div>\n<div id=\"voir_aussi_box\" style=\"display: none;\">\n<ul>\n<li><a href=\"https:\/\/www.humanium.org\/de\/analyse-der-berichte-und-der-kommunikation_der-ausschuss-fur-die-rechte-des-kindes\/\">Funktion und Kompetenzen des Ausschusses: Pr\u00fcfung der Berichte und der Kommunikation<\/a><\/li>\n<li><a href=\"https:\/\/www.humanium.org\/de\/rolle-und-zustandigkeiten-allgemeine-bemerkungen-und-diskussionstage_der-ausschuss-fur-die-rechte-des-kindes\/\">Funktion und Kompetenzen des Ausschusses: Allgemeine Bemerkungen und Diskussionstage<\/a><\/li>\n<li><a href=\"https:\/\/www.humanium.org\/de\/grenzen-des-ausschusses\/\">Grenzen des Ausschusses<\/a><\/li>\n<\/ul>\n<\/div>\n<div id=\"toggle\"><\/div>\n<div id=\"sources_box\" style=\"display: none;\">\n<ul>Siehe verwendete Quellen f\u00fcr die Originalversion in Franz\u00f6sisch.<\/ul>\n<\/div>\n<table>\n<tbody style=\"background: #f9f9f9;\">\n<tr>\n<td>\n<div style=\"float: left; width: 90%;\">\u00dcbersetzt von : Alexandra Reuer<br \/>\nBewertet von : Ana Prundaru<\/div>\n<\/td>\n<\/tr>\n<\/tbody>\n<\/table>\n<table>\n<tbody style=\"background: #f9f9f9;\">\n<tr>\n<td>\n<div style=\"float: left; width: 90%;\">Verfasst am 29. August 2013<\/div>\n<\/td>\n<\/tr>\n<\/tbody>\n<\/table>\n","protected":false},"excerpt":{"rendered":"<p>Ausschuss f\u00fcr die Rechte des Kindes Entstehung und Funktion Der Ausschuss f\u00fcr die Rechte des Kindes ist das Organ, welches die Umsetzung des \u00dcbereinkommens \u00fcber die Rechte des Kindes \u00fcberwacht. Der Ausschuss wurde am 27. Februar 1991 gem\u00e4ss entsprechender Bestimmungen des \u00dcbereinkommens ins Leben gerufen. Die Etablierung des Ausschusses Als das \u00dcbereinkommen in den 1980er-Jahren [&hellip;]<\/p>\n","protected":false},"author":1,"featured_media":0,"parent":0,"menu_order":0,"comment_status":"closed","ping_status":"closed","template":"","meta":{"footnotes":""},"class_list":["post-2366","page","type-page","status-publish","hentry"],"yoast_head":"<!-- This site is optimized with the Yoast SEO plugin v26.5 - https:\/\/yoast.com\/wordpress\/plugins\/seo\/ -->\n<title>Ausschuss f\u00fcr die Rechte des Kindes : Entstehen und Funktionieren - Humanium<\/title>\n<meta name=\"robots\" content=\"index, follow, max-snippet:-1, max-image-preview:large, max-video-preview:-1\" \/>\n<link rel=\"canonical\" href=\"https:\/\/www.humanium.org\/de\/ausschuss-rolle\/\" \/>\n<meta property=\"og:locale\" content=\"de_DE\" \/>\n<meta property=\"og:type\" content=\"article\" \/>\n<meta property=\"og:title\" content=\"Ausschuss f\u00fcr die Rechte des Kindes : Entstehen und Funktionieren - Humanium\" \/>\n<meta property=\"og:description\" content=\"Ausschuss f\u00fcr die Rechte des Kindes Entstehung und Funktion Der Ausschuss f\u00fcr die Rechte des Kindes ist das Organ, welches die Umsetzung des \u00dcbereinkommens \u00fcber die Rechte des Kindes \u00fcberwacht. Der Ausschuss wurde am 27. Februar 1991 gem\u00e4ss entsprechender Bestimmungen des \u00dcbereinkommens ins Leben gerufen. Die Etablierung des Ausschusses Als das \u00dcbereinkommen in den 1980er-Jahren [&hellip;]\" \/>\n<meta property=\"og:url\" content=\"https:\/\/www.humanium.org\/de\/ausschuss-rolle\/\" \/>\n<meta property=\"og:site_name\" content=\"Humanium\" \/>\n<meta property=\"article:modified_time\" content=\"2021-09-08T09:46:30+00:00\" \/>\n<meta property=\"og:image\" content=\"https:\/\/www.humanium.org\/fr\/wp-content\/uploads\/16-UN-Photo-x1.jpg\" \/>\n<meta name=\"twitter:card\" content=\"summary_large_image\" \/>\n<meta name=\"twitter:label1\" content=\"Gesch\u00e4tzte Lesezeit\" \/>\n\t<meta name=\"twitter:data1\" content=\"2\u00a0Minuten\" \/>\n<script type=\"application\/ld+json\" class=\"yoast-schema-graph\">{\"@context\":\"https:\/\/schema.org\",\"@graph\":[{\"@type\":\"WebPage\",\"@id\":\"https:\/\/www.humanium.org\/de\/ausschuss-rolle\/\",\"url\":\"https:\/\/www.humanium.org\/de\/ausschuss-rolle\/\",\"name\":\"Ausschuss f\u00fcr die Rechte des Kindes : Entstehen und Funktionieren - Humanium\",\"isPartOf\":{\"@id\":\"https:\/\/www.humanium.org\/de\/#website\"},\"primaryImageOfPage\":{\"@id\":\"https:\/\/www.humanium.org\/de\/ausschuss-rolle\/#primaryimage\"},\"image\":{\"@id\":\"https:\/\/www.humanium.org\/de\/ausschuss-rolle\/#primaryimage\"},\"thumbnailUrl\":\"https:\/\/www.humanium.org\/fr\/wp-content\/uploads\/16-UN-Photo-x1.jpg\",\"datePublished\":\"2013-08-29T12:26:02+00:00\",\"dateModified\":\"2021-09-08T09:46:30+00:00\",\"breadcrumb\":{\"@id\":\"https:\/\/www.humanium.org\/de\/ausschuss-rolle\/#breadcrumb\"},\"inLanguage\":\"de\",\"potentialAction\":[{\"@type\":\"ReadAction\",\"target\":[\"https:\/\/www.humanium.org\/de\/ausschuss-rolle\/\"]}]},{\"@type\":\"ImageObject\",\"inLanguage\":\"de\",\"@id\":\"https:\/\/www.humanium.org\/de\/ausschuss-rolle\/#primaryimage\",\"url\":\"https:\/\/www.humanium.org\/fr\/wp-content\/uploads\/16-UN-Photo-x1.jpg\",\"contentUrl\":\"https:\/\/www.humanium.org\/fr\/wp-content\/uploads\/16-UN-Photo-x1.jpg\"},{\"@type\":\"BreadcrumbList\",\"@id\":\"https:\/\/www.humanium.org\/de\/ausschuss-rolle\/#breadcrumb\",\"itemListElement\":[{\"@type\":\"ListItem\",\"position\":1,\"name\":\"Home\",\"item\":\"https:\/\/www.humanium.org\/de\/\"},{\"@type\":\"ListItem\",\"position\":2,\"name\":\"Ausschuss f\u00fcr die Rechte des Kindes : Entstehen und Funktionieren\"}]},{\"@type\":\"WebSite\",\"@id\":\"https:\/\/www.humanium.org\/de\/#website\",\"url\":\"https:\/\/www.humanium.org\/de\/\",\"name\":\"Humanium\",\"description\":\"Kinder zuerst!\",\"potentialAction\":[{\"@type\":\"SearchAction\",\"target\":{\"@type\":\"EntryPoint\",\"urlTemplate\":\"https:\/\/www.humanium.org\/de\/?s={search_term_string}\"},\"query-input\":{\"@type\":\"PropertyValueSpecification\",\"valueRequired\":true,\"valueName\":\"search_term_string\"}}],\"inLanguage\":\"de\"}]}<\/script>\n<!-- \/ Yoast SEO plugin. -->","yoast_head_json":{"title":"Ausschuss f\u00fcr die Rechte des Kindes : Entstehen und Funktionieren - Humanium","robots":{"index":"index","follow":"follow","max-snippet":"max-snippet:-1","max-image-preview":"max-image-preview:large","max-video-preview":"max-video-preview:-1"},"canonical":"https:\/\/www.humanium.org\/de\/ausschuss-rolle\/","og_locale":"de_DE","og_type":"article","og_title":"Ausschuss f\u00fcr die Rechte des Kindes : Entstehen und Funktionieren - Humanium","og_description":"Ausschuss f\u00fcr die Rechte des Kindes Entstehung und Funktion Der Ausschuss f\u00fcr die Rechte des Kindes ist das Organ, welches die Umsetzung des \u00dcbereinkommens \u00fcber die Rechte des Kindes \u00fcberwacht. Der Ausschuss wurde am 27. Februar 1991 gem\u00e4ss entsprechender Bestimmungen des \u00dcbereinkommens ins Leben gerufen. Die Etablierung des Ausschusses Als das \u00dcbereinkommen in den 1980er-Jahren [&hellip;]","og_url":"https:\/\/www.humanium.org\/de\/ausschuss-rolle\/","og_site_name":"Humanium","article_modified_time":"2021-09-08T09:46:30+00:00","og_image":[{"url":"https:\/\/www.humanium.org\/fr\/wp-content\/uploads\/16-UN-Photo-x1.jpg","type":"","width":"","height":""}],"twitter_card":"summary_large_image","twitter_misc":{"Gesch\u00e4tzte Lesezeit":"2\u00a0Minuten"},"schema":{"@context":"https:\/\/schema.org","@graph":[{"@type":"WebPage","@id":"https:\/\/www.humanium.org\/de\/ausschuss-rolle\/","url":"https:\/\/www.humanium.org\/de\/ausschuss-rolle\/","name":"Ausschuss f\u00fcr die Rechte des Kindes : Entstehen und Funktionieren - Humanium","isPartOf":{"@id":"https:\/\/www.humanium.org\/de\/#website"},"primaryImageOfPage":{"@id":"https:\/\/www.humanium.org\/de\/ausschuss-rolle\/#primaryimage"},"image":{"@id":"https:\/\/www.humanium.org\/de\/ausschuss-rolle\/#primaryimage"},"thumbnailUrl":"https:\/\/www.humanium.org\/fr\/wp-content\/uploads\/16-UN-Photo-x1.jpg","datePublished":"2013-08-29T12:26:02+00:00","dateModified":"2021-09-08T09:46:30+00:00","breadcrumb":{"@id":"https:\/\/www.humanium.org\/de\/ausschuss-rolle\/#breadcrumb"},"inLanguage":"de","potentialAction":[{"@type":"ReadAction","target":["https:\/\/www.humanium.org\/de\/ausschuss-rolle\/"]}]},{"@type":"ImageObject","inLanguage":"de","@id":"https:\/\/www.humanium.org\/de\/ausschuss-rolle\/#primaryimage","url":"https:\/\/www.humanium.org\/fr\/wp-content\/uploads\/16-UN-Photo-x1.jpg","contentUrl":"https:\/\/www.humanium.org\/fr\/wp-content\/uploads\/16-UN-Photo-x1.jpg"},{"@type":"BreadcrumbList","@id":"https:\/\/www.humanium.org\/de\/ausschuss-rolle\/#breadcrumb","itemListElement":[{"@type":"ListItem","position":1,"name":"Home","item":"https:\/\/www.humanium.org\/de\/"},{"@type":"ListItem","position":2,"name":"Ausschuss f\u00fcr die Rechte des Kindes : Entstehen und Funktionieren"}]},{"@type":"WebSite","@id":"https:\/\/www.humanium.org\/de\/#website","url":"https:\/\/www.humanium.org\/de\/","name":"Humanium","description":"Kinder zuerst!","potentialAction":[{"@type":"SearchAction","target":{"@type":"EntryPoint","urlTemplate":"https:\/\/www.humanium.org\/de\/?s={search_term_string}"},"query-input":{"@type":"PropertyValueSpecification","valueRequired":true,"valueName":"search_term_string"}}],"inLanguage":"de"}]}},"_links":{"self":[{"href":"https:\/\/www.humanium.org\/de\/wp-json\/wp\/v2\/pages\/2366","targetHints":{"allow":["GET"]}}],"collection":[{"href":"https:\/\/www.humanium.org\/de\/wp-json\/wp\/v2\/pages"}],"about":[{"href":"https:\/\/www.humanium.org\/de\/wp-json\/wp\/v2\/types\/page"}],"author":[{"embeddable":true,"href":"https:\/\/www.humanium.org\/de\/wp-json\/wp\/v2\/users\/1"}],"replies":[{"embeddable":true,"href":"https:\/\/www.humanium.org\/de\/wp-json\/wp\/v2\/comments?post=2366"}],"version-history":[{"count":5,"href":"https:\/\/www.humanium.org\/de\/wp-json\/wp\/v2\/pages\/2366\/revisions"}],"predecessor-version":[{"id":15049,"href":"https:\/\/www.humanium.org\/de\/wp-json\/wp\/v2\/pages\/2366\/revisions\/15049"}],"wp:attachment":[{"href":"https:\/\/www.humanium.org\/de\/wp-json\/wp\/v2\/media?parent=2366"}],"curies":[{"name":"wp","href":"https:\/\/api.w.org\/{rel}","templated":true}]}}