{"id":237,"date":"2010-09-23T20:08:07","date_gmt":"2010-09-23T20:08:07","guid":{"rendered":"http:\/\/www.humanium.org\/de\/"},"modified":"2025-12-06T06:18:42","modified_gmt":"2025-12-06T06:18:42","slug":"verstehen","status":"publish","type":"page","link":"https:\/\/www.humanium.org\/de\/pate-werden-2\/verstehen\/","title":{"rendered":"Die Patenschaft verstehen"},"content":{"rendered":"<h1><a href=\"https:\/\/www.humanium.org\/de\/jetzt\/\"><\/a>Verstehen<\/h1>\n<h2>Die Patenschaft verstehen<\/h2>\n<p>Eine Patenschaft f\u00fcr ein Kind zu \u00fcbernehmen ist eine wichtige Entscheidung: Es geht um das Wohlergehen und die Zukunft eines Kindes.<\/p>\n<p>Die Patenschaft eines Kindes ist ein g\u00e4ngiges Hilfsmittel, welches Spender\/Innen die M\u00f6glichkeit bietet, gezielt zu helfen um die Bedingungen des Lebens der am Meisten benachteiligten Kinder nachhaltig zu verbessern.<\/p>\n<p>&nbsp;<\/p>\n<p><span style=\"color: #003366;\"><strong>Es gibt zwei Hauptsysteme von Patenschaften :<\/strong><\/span><\/p>\n<p>&gt; <strong>Die individuelle und namentliche Patenschaft :<\/strong> Es wird einem einzelnen Kind geholfen.<\/p>\n<p>&gt; <strong>Die kollektive Patenschaft :<\/strong> Es wird allen Kindern im gleichen Projekt in einer Dorfgemeinschaft <span style=\"text-decoration: underline;\">gemeinsam<\/span> geholfen.<\/p>\n<p>Humanium bietet keine individuellen und namentlichen Patenschaften sondern ausschliesslich <span style=\"text-decoration: underline;\">kollektive Patenschaften<\/span>.<\/p>\n<p>Wir meinen, dass die Patenschaft mit Humanium ethisch und verantwortungsbewusst ist. Sie beg\u00fcnstigt nicht gewisse Kinder zum Nachteil der anderen, sondern achtet darauf, dass alle Kinder untereinander gleich behandelt werden und \u00fcber die gleichen Chancen und M\u00f6glichkeiten verf\u00fcgen um ihre Zukunft aufzubauen.<\/p>\n<p>&nbsp;<\/p>\n<div style=\"float: left; width: 100%;\"><span style=\"color: #ffffff;\">.<\/span><\/div>\n<table style=\"height: 70px;\" width=\"640\">\n<tbody>\n<tr>\n<td>\n<ul>\n<li><a href=\"https:\/\/www.humanium.org\/de\/pate-werden-2\/verstehen\/warum-bietet-humanium-nicht-individuelle-namentliche-patenschaften-an\/\">Warum bietet Humanium keine individuellen oder nominativen Patenschaften an ? <\/a><\/li>\n<li><a href=\"https:\/\/www.humanium.org\/de\/pate-werden-2\/verstehen\/ethical-and-responsible-sponsorship\/\">Ethische und verantwortungsbewusste Patenschaft mit Humanium<\/a><\/li>\n<li><a href=\"https:\/\/www.humanium.org\/de\/pate-werden-2\/sponsor-with-humanium\/\">Die Vorteile der Kinderpatenschaft mit Humanium<\/a><\/li>\n<li><a href=\"https:\/\/www.humanium.org\/de\/jetzt\/\">Ab sofort: Pate werden !<\/a><\/li>\n<\/ul>\n<\/td>\n<\/tr>\n<\/tbody>\n<\/table>\n","protected":false},"excerpt":{"rendered":"<p>Verstehen Die Patenschaft verstehen Eine Patenschaft f\u00fcr ein Kind zu \u00fcbernehmen ist eine wichtige Entscheidung: Es geht um das Wohlergehen und die Zukunft eines Kindes. Die Patenschaft eines Kindes ist ein g\u00e4ngiges Hilfsmittel, welches Spender\/Innen die M\u00f6glichkeit bietet, gezielt zu helfen um die Bedingungen des Lebens der am Meisten benachteiligten Kinder nachhaltig zu verbessern. &nbsp; [&hellip;]<\/p>\n","protected":false},"author":1,"featured_media":0,"parent":7513,"menu_order":0,"comment_status":"closed","ping_status":"closed","template":"","meta":{"footnotes":""},"class_list":["post-237","page","type-page","status-publish","hentry"],"yoast_head":"<!-- This site is optimized with the Yoast SEO plugin v26.5 - https:\/\/yoast.com\/wordpress\/plugins\/seo\/ -->\n<title>Die Patenschaft verstehen - Humanium<\/title>\n<meta name=\"robots\" content=\"index, follow, max-snippet:-1, max-image-preview:large, max-video-preview:-1\" \/>\n<link rel=\"canonical\" href=\"https:\/\/www.humanium.org\/de\/pate-werden-2\/verstehen\/\" \/>\n<meta property=\"og:locale\" content=\"de_DE\" \/>\n<meta property=\"og:type\" content=\"article\" \/>\n<meta property=\"og:title\" content=\"Die Patenschaft verstehen - Humanium\" \/>\n<meta property=\"og:description\" content=\"Verstehen Die Patenschaft verstehen Eine Patenschaft f\u00fcr ein Kind zu \u00fcbernehmen ist eine wichtige Entscheidung: Es geht um das Wohlergehen und die Zukunft eines Kindes. Die Patenschaft eines Kindes ist ein g\u00e4ngiges Hilfsmittel, welches Spender\/Innen die M\u00f6glichkeit bietet, gezielt zu helfen um die Bedingungen des Lebens der am Meisten benachteiligten Kinder nachhaltig zu verbessern. &nbsp; [&hellip;]\" \/>\n<meta property=\"og:url\" content=\"https:\/\/www.humanium.org\/de\/pate-werden-2\/verstehen\/\" \/>\n<meta property=\"og:site_name\" content=\"Humanium\" \/>\n<meta property=\"article:modified_time\" content=\"2025-12-06T06:18:42+00:00\" \/>\n<meta name=\"twitter:card\" content=\"summary_large_image\" \/>\n<meta name=\"twitter:label1\" content=\"Gesch\u00e4tzte Lesezeit\" \/>\n\t<meta name=\"twitter:data1\" content=\"1\u00a0Minute\" \/>\n<script type=\"application\/ld+json\" class=\"yoast-schema-graph\">{\"@context\":\"https:\/\/schema.org\",\"@graph\":[{\"@type\":\"WebPage\",\"@id\":\"https:\/\/www.humanium.org\/de\/pate-werden-2\/verstehen\/\",\"url\":\"https:\/\/www.humanium.org\/de\/pate-werden-2\/verstehen\/\",\"name\":\"Die Patenschaft verstehen - Humanium\",\"isPartOf\":{\"@id\":\"https:\/\/www.humanium.org\/de\/#website\"},\"datePublished\":\"2010-09-23T20:08:07+00:00\",\"dateModified\":\"2025-12-06T06:18:42+00:00\",\"breadcrumb\":{\"@id\":\"https:\/\/www.humanium.org\/de\/pate-werden-2\/verstehen\/#breadcrumb\"},\"inLanguage\":\"de\",\"potentialAction\":[{\"@type\":\"ReadAction\",\"target\":[\"https:\/\/www.humanium.org\/de\/pate-werden-2\/verstehen\/\"]}]},{\"@type\":\"BreadcrumbList\",\"@id\":\"https:\/\/www.humanium.org\/de\/pate-werden-2\/verstehen\/#breadcrumb\",\"itemListElement\":[{\"@type\":\"ListItem\",\"position\":1,\"name\":\"Home\",\"item\":\"https:\/\/www.humanium.org\/de\/\"},{\"@type\":\"ListItem\",\"position\":2,\"name\":\"Pate werden &#8211; Ethisch verantwortliche Patenschaft\",\"item\":\"https:\/\/www.humanium.org\/de\/pate-werden-2\/\"},{\"@type\":\"ListItem\",\"position\":3,\"name\":\"Die Patenschaft verstehen\"}]},{\"@type\":\"WebSite\",\"@id\":\"https:\/\/www.humanium.org\/de\/#website\",\"url\":\"https:\/\/www.humanium.org\/de\/\",\"name\":\"Humanium\",\"description\":\"Kinder zuerst!\",\"potentialAction\":[{\"@type\":\"SearchAction\",\"target\":{\"@type\":\"EntryPoint\",\"urlTemplate\":\"https:\/\/www.humanium.org\/de\/?s={search_term_string}\"},\"query-input\":{\"@type\":\"PropertyValueSpecification\",\"valueRequired\":true,\"valueName\":\"search_term_string\"}}],\"inLanguage\":\"de\"}]}<\/script>\n<!-- \/ Yoast SEO plugin. -->","yoast_head_json":{"title":"Die Patenschaft verstehen - Humanium","robots":{"index":"index","follow":"follow","max-snippet":"max-snippet:-1","max-image-preview":"max-image-preview:large","max-video-preview":"max-video-preview:-1"},"canonical":"https:\/\/www.humanium.org\/de\/pate-werden-2\/verstehen\/","og_locale":"de_DE","og_type":"article","og_title":"Die Patenschaft verstehen - Humanium","og_description":"Verstehen Die Patenschaft verstehen Eine Patenschaft f\u00fcr ein Kind zu \u00fcbernehmen ist eine wichtige Entscheidung: Es geht um das Wohlergehen und die Zukunft eines Kindes. Die Patenschaft eines Kindes ist ein g\u00e4ngiges Hilfsmittel, welches Spender\/Innen die M\u00f6glichkeit bietet, gezielt zu helfen um die Bedingungen des Lebens der am Meisten benachteiligten Kinder nachhaltig zu verbessern. &nbsp; [&hellip;]","og_url":"https:\/\/www.humanium.org\/de\/pate-werden-2\/verstehen\/","og_site_name":"Humanium","article_modified_time":"2025-12-06T06:18:42+00:00","twitter_card":"summary_large_image","twitter_misc":{"Gesch\u00e4tzte Lesezeit":"1\u00a0Minute"},"schema":{"@context":"https:\/\/schema.org","@graph":[{"@type":"WebPage","@id":"https:\/\/www.humanium.org\/de\/pate-werden-2\/verstehen\/","url":"https:\/\/www.humanium.org\/de\/pate-werden-2\/verstehen\/","name":"Die Patenschaft verstehen - Humanium","isPartOf":{"@id":"https:\/\/www.humanium.org\/de\/#website"},"datePublished":"2010-09-23T20:08:07+00:00","dateModified":"2025-12-06T06:18:42+00:00","breadcrumb":{"@id":"https:\/\/www.humanium.org\/de\/pate-werden-2\/verstehen\/#breadcrumb"},"inLanguage":"de","potentialAction":[{"@type":"ReadAction","target":["https:\/\/www.humanium.org\/de\/pate-werden-2\/verstehen\/"]}]},{"@type":"BreadcrumbList","@id":"https:\/\/www.humanium.org\/de\/pate-werden-2\/verstehen\/#breadcrumb","itemListElement":[{"@type":"ListItem","position":1,"name":"Home","item":"https:\/\/www.humanium.org\/de\/"},{"@type":"ListItem","position":2,"name":"Pate werden &#8211; Ethisch verantwortliche Patenschaft","item":"https:\/\/www.humanium.org\/de\/pate-werden-2\/"},{"@type":"ListItem","position":3,"name":"Die Patenschaft verstehen"}]},{"@type":"WebSite","@id":"https:\/\/www.humanium.org\/de\/#website","url":"https:\/\/www.humanium.org\/de\/","name":"Humanium","description":"Kinder zuerst!","potentialAction":[{"@type":"SearchAction","target":{"@type":"EntryPoint","urlTemplate":"https:\/\/www.humanium.org\/de\/?s={search_term_string}"},"query-input":{"@type":"PropertyValueSpecification","valueRequired":true,"valueName":"search_term_string"}}],"inLanguage":"de"}]}},"_links":{"self":[{"href":"https:\/\/www.humanium.org\/de\/wp-json\/wp\/v2\/pages\/237","targetHints":{"allow":["GET"]}}],"collection":[{"href":"https:\/\/www.humanium.org\/de\/wp-json\/wp\/v2\/pages"}],"about":[{"href":"https:\/\/www.humanium.org\/de\/wp-json\/wp\/v2\/types\/page"}],"author":[{"embeddable":true,"href":"https:\/\/www.humanium.org\/de\/wp-json\/wp\/v2\/users\/1"}],"replies":[{"embeddable":true,"href":"https:\/\/www.humanium.org\/de\/wp-json\/wp\/v2\/comments?post=237"}],"version-history":[{"count":8,"href":"https:\/\/www.humanium.org\/de\/wp-json\/wp\/v2\/pages\/237\/revisions"}],"predecessor-version":[{"id":20336,"href":"https:\/\/www.humanium.org\/de\/wp-json\/wp\/v2\/pages\/237\/revisions\/20336"}],"up":[{"embeddable":true,"href":"https:\/\/www.humanium.org\/de\/wp-json\/wp\/v2\/pages\/7513"}],"wp:attachment":[{"href":"https:\/\/www.humanium.org\/de\/wp-json\/wp\/v2\/media?parent=237"}],"curies":[{"name":"wp","href":"https:\/\/api.w.org\/{rel}","templated":true}]}}