{"id":2370,"date":"2013-08-29T12:36:10","date_gmt":"2013-08-29T12:36:10","guid":{"rendered":"http:\/\/www.humanium.org\/de\/?page_id=2370"},"modified":"2017-10-04T08:45:17","modified_gmt":"2017-10-04T08:45:17","slug":"verabschiedung-ubereinkommens","status":"publish","type":"page","link":"https:\/\/www.humanium.org\/de\/verabschiedung-ubereinkommens\/","title":{"rendered":"Verabschiedung des \u00dcbereinkommens"},"content":{"rendered":"<h1>Das \u00dcbereinkommen \u00fcber die Rechte des Kindes (UN-Kinderrechtskonvention)<\/h1>\n<h2>Verabschiedung des \u00dcbereinkommens<\/h2>\n<p><strong>Am 20. November 1989 verabschiedete die Generalversammlung der Vereinten Nationen auf Empfehlung der Kommission f\u00fcr soziale und humanit\u00e4re Angelegenheiten das \u00dcbereinkommen \u00fcber die Rechte des Kindes und legte es zur Unterschrift, Ratifizierung und Anerkennung durch die Staaten vor.<\/strong><\/p>\n<p>Der Text der Konvention (54 Artikel) wurde in New York von allen Mitgliedsstaaten der Vereinten Nationen einstimmig durch Akklamation (ohne Abstimmung) in der Resolution 44\/25 angenommen.<\/p>\n<p><img loading=\"lazy\" decoding=\"async\" class=\"alignleft size-full wp-image-5552\" title=\"Verabschiedung des \u00dcbereinkommens \u00fcber die Rechte des Kindes durch die Generalversammlung der Vereinten Nationen am 20. November 1989\" alt=\"\" src=\"https:\/\/www.humanium.org\/fr\/wp-content\/uploads\/AG-ONU-CIDE-20-11-1989.jpg\" width=\"224\" height=\"125\" \/>Das Jahr 1989 wurde aus symbolischen Gr\u00fcnden gew\u00e4hlt, da es das 30. Jubil\u00e4um der Erkl\u00e4rung \u00fcber die Rechte des Kindes und das 10. Jubil\u00e4um des Internationalen Jahres des Kindes ist.<\/p>\n<p>Der Text der Konvention von 1989 reicht weiter als die Erkl\u00e4rung von 1959: Sie beinhaltet neue Rechte und erkennt erstmals das Kind selbst als Rechtsperson an.<\/p>\n<div id=\"toggle\"><a onclick=\"show_voir_aussi('voir_aussi_box')\" href=\"javascript:show_voir_aussi(id)\"><\/a><\/div>\n<div id=\"voir_aussi_box\" style=\"display: none;\">\n<ul>\n<li><a href=\"https:\/\/www.humanium.org\/de\/konvention\/\">Konvention \u00fcber die Rechte des Kindes<\/a><\/li>\n<li><a href=\"https:\/\/www.humanium.org\/de\/geschichte-kinderrechte\/\">Historischer \u00dcberblick \u00fcber die Entwicklung der Kinderrechte<\/a><\/li>\n<li><a href=\"https:\/\/www.humanium.org\/de\/die-entstehung-der-verhandlungen\/\">Die Entstehung der Verhandlungen<\/a><\/li>\n<li><a href=\"https:\/\/www.humanium.org\/de\/vertragsstaaten-beteiligte-der-konvention\/\">Vertragsstaaten und Beteiligte der Konvention<\/a><\/li>\n<li><a href=\"https:\/\/www.humanium.org\/de\/andere-texte\/\">Texte bez\u00fcglich Kinderrechte<\/a><\/li>\n<li><a href=\"https:\/\/www.humanium.org\/de\/gesetzesnormen\/\">Gesetzesnormen der Kinderrechte<\/a><\/li>\n<li><a href=\"https:\/\/www.humanium.org\/de\/kinderrechte-kritisch-betrachtet\/\">Kinderrechte kritisch betrachtet<\/a><\/li>\n<li><a href=\"https:\/\/www.humanium.org\/de\/der-internationale-kindertag\/\">Der internationale Kindertag<\/a><\/li>\n<\/ul>\n<\/div>\n<p>&nbsp;<\/p>\n<div id=\"toggle\"><\/div>\n<div id=\"sources_box\" style=\"display: none;\">\n<ul>\nSiehe verwendete Quellen f\u00fcr die Originalversion in Franz\u00f6sisch.\n<\/ul>\n<\/div>\n<p>&nbsp;<\/p>\n<table>\n<tbody style=\"background: #f9f9f9;\">\n<tr>\n<td>\n<div style=\"float: left; width: 90%;\">\u00dcbersetzt von : Anna Pallaske<br \/>\nBewertet von : Nadine Cesson<\/div>\n<\/td>\n<\/tr>\n<\/tbody>\n<\/table>\n<table>\n<tbody style=\"background: #f9f9f9;\">\n<tr>\n<td>\n<div style=\"float: left; width: 90%;\">Verfasst am 29. August 2013<\/div>\n<\/td>\n<\/tr>\n<\/tbody>\n<\/table>\n","protected":false},"excerpt":{"rendered":"<p>Das \u00dcbereinkommen \u00fcber die Rechte des Kindes (UN-Kinderrechtskonvention) Verabschiedung des \u00dcbereinkommens Am 20. November 1989 verabschiedete die Generalversammlung der Vereinten Nationen auf Empfehlung der Kommission f\u00fcr soziale und humanit\u00e4re Angelegenheiten das \u00dcbereinkommen \u00fcber die Rechte des Kindes und legte es zur Unterschrift, Ratifizierung und Anerkennung durch die Staaten vor. Der Text der Konvention (54 Artikel) [&hellip;]<\/p>\n","protected":false},"author":1,"featured_media":0,"parent":0,"menu_order":0,"comment_status":"closed","ping_status":"closed","template":"","meta":{"footnotes":""},"class_list":["post-2370","page","type-page","status-publish","hentry"],"yoast_head":"<!-- This site is optimized with the Yoast SEO plugin v26.5 - https:\/\/yoast.com\/wordpress\/plugins\/seo\/ -->\n<title>Verabschiedung des \u00dcbereinkommens - Humanium<\/title>\n<meta name=\"robots\" content=\"index, follow, max-snippet:-1, max-image-preview:large, max-video-preview:-1\" \/>\n<link rel=\"canonical\" href=\"https:\/\/www.humanium.org\/de\/verabschiedung-ubereinkommens\/\" \/>\n<meta property=\"og:locale\" content=\"de_DE\" \/>\n<meta property=\"og:type\" content=\"article\" \/>\n<meta property=\"og:title\" content=\"Verabschiedung des \u00dcbereinkommens - Humanium\" \/>\n<meta property=\"og:description\" content=\"Das \u00dcbereinkommen \u00fcber die Rechte des Kindes (UN-Kinderrechtskonvention) Verabschiedung des \u00dcbereinkommens Am 20. November 1989 verabschiedete die Generalversammlung der Vereinten Nationen auf Empfehlung der Kommission f\u00fcr soziale und humanit\u00e4re Angelegenheiten das \u00dcbereinkommen \u00fcber die Rechte des Kindes und legte es zur Unterschrift, Ratifizierung und Anerkennung durch die Staaten vor. Der Text der Konvention (54 Artikel) [&hellip;]\" \/>\n<meta property=\"og:url\" content=\"https:\/\/www.humanium.org\/de\/verabschiedung-ubereinkommens\/\" \/>\n<meta property=\"og:site_name\" content=\"Humanium\" \/>\n<meta property=\"article:modified_time\" content=\"2017-10-04T08:45:17+00:00\" \/>\n<meta property=\"og:image\" content=\"https:\/\/www.humanium.org\/fr\/wp-content\/uploads\/AG-ONU-CIDE-20-11-1989.jpg\" \/>\n<meta name=\"twitter:card\" content=\"summary_large_image\" \/>\n<meta name=\"twitter:label1\" content=\"Gesch\u00e4tzte Lesezeit\" \/>\n\t<meta name=\"twitter:data1\" content=\"1\u00a0Minute\" \/>\n<script type=\"application\/ld+json\" class=\"yoast-schema-graph\">{\"@context\":\"https:\/\/schema.org\",\"@graph\":[{\"@type\":\"WebPage\",\"@id\":\"https:\/\/www.humanium.org\/de\/verabschiedung-ubereinkommens\/\",\"url\":\"https:\/\/www.humanium.org\/de\/verabschiedung-ubereinkommens\/\",\"name\":\"Verabschiedung des \u00dcbereinkommens - Humanium\",\"isPartOf\":{\"@id\":\"https:\/\/www.humanium.org\/de\/#website\"},\"primaryImageOfPage\":{\"@id\":\"https:\/\/www.humanium.org\/de\/verabschiedung-ubereinkommens\/#primaryimage\"},\"image\":{\"@id\":\"https:\/\/www.humanium.org\/de\/verabschiedung-ubereinkommens\/#primaryimage\"},\"thumbnailUrl\":\"https:\/\/www.humanium.org\/fr\/wp-content\/uploads\/AG-ONU-CIDE-20-11-1989.jpg\",\"datePublished\":\"2013-08-29T12:36:10+00:00\",\"dateModified\":\"2017-10-04T08:45:17+00:00\",\"breadcrumb\":{\"@id\":\"https:\/\/www.humanium.org\/de\/verabschiedung-ubereinkommens\/#breadcrumb\"},\"inLanguage\":\"de\",\"potentialAction\":[{\"@type\":\"ReadAction\",\"target\":[\"https:\/\/www.humanium.org\/de\/verabschiedung-ubereinkommens\/\"]}]},{\"@type\":\"ImageObject\",\"inLanguage\":\"de\",\"@id\":\"https:\/\/www.humanium.org\/de\/verabschiedung-ubereinkommens\/#primaryimage\",\"url\":\"https:\/\/www.humanium.org\/fr\/wp-content\/uploads\/AG-ONU-CIDE-20-11-1989.jpg\",\"contentUrl\":\"https:\/\/www.humanium.org\/fr\/wp-content\/uploads\/AG-ONU-CIDE-20-11-1989.jpg\"},{\"@type\":\"BreadcrumbList\",\"@id\":\"https:\/\/www.humanium.org\/de\/verabschiedung-ubereinkommens\/#breadcrumb\",\"itemListElement\":[{\"@type\":\"ListItem\",\"position\":1,\"name\":\"Home\",\"item\":\"https:\/\/www.humanium.org\/de\/\"},{\"@type\":\"ListItem\",\"position\":2,\"name\":\"Verabschiedung des \u00dcbereinkommens\"}]},{\"@type\":\"WebSite\",\"@id\":\"https:\/\/www.humanium.org\/de\/#website\",\"url\":\"https:\/\/www.humanium.org\/de\/\",\"name\":\"Humanium\",\"description\":\"Kinder zuerst!\",\"potentialAction\":[{\"@type\":\"SearchAction\",\"target\":{\"@type\":\"EntryPoint\",\"urlTemplate\":\"https:\/\/www.humanium.org\/de\/?s={search_term_string}\"},\"query-input\":{\"@type\":\"PropertyValueSpecification\",\"valueRequired\":true,\"valueName\":\"search_term_string\"}}],\"inLanguage\":\"de\"}]}<\/script>\n<!-- \/ Yoast SEO plugin. -->","yoast_head_json":{"title":"Verabschiedung des \u00dcbereinkommens - Humanium","robots":{"index":"index","follow":"follow","max-snippet":"max-snippet:-1","max-image-preview":"max-image-preview:large","max-video-preview":"max-video-preview:-1"},"canonical":"https:\/\/www.humanium.org\/de\/verabschiedung-ubereinkommens\/","og_locale":"de_DE","og_type":"article","og_title":"Verabschiedung des \u00dcbereinkommens - Humanium","og_description":"Das \u00dcbereinkommen \u00fcber die Rechte des Kindes (UN-Kinderrechtskonvention) Verabschiedung des \u00dcbereinkommens Am 20. November 1989 verabschiedete die Generalversammlung der Vereinten Nationen auf Empfehlung der Kommission f\u00fcr soziale und humanit\u00e4re Angelegenheiten das \u00dcbereinkommen \u00fcber die Rechte des Kindes und legte es zur Unterschrift, Ratifizierung und Anerkennung durch die Staaten vor. Der Text der Konvention (54 Artikel) [&hellip;]","og_url":"https:\/\/www.humanium.org\/de\/verabschiedung-ubereinkommens\/","og_site_name":"Humanium","article_modified_time":"2017-10-04T08:45:17+00:00","og_image":[{"url":"https:\/\/www.humanium.org\/fr\/wp-content\/uploads\/AG-ONU-CIDE-20-11-1989.jpg","type":"","width":"","height":""}],"twitter_card":"summary_large_image","twitter_misc":{"Gesch\u00e4tzte Lesezeit":"1\u00a0Minute"},"schema":{"@context":"https:\/\/schema.org","@graph":[{"@type":"WebPage","@id":"https:\/\/www.humanium.org\/de\/verabschiedung-ubereinkommens\/","url":"https:\/\/www.humanium.org\/de\/verabschiedung-ubereinkommens\/","name":"Verabschiedung des \u00dcbereinkommens - Humanium","isPartOf":{"@id":"https:\/\/www.humanium.org\/de\/#website"},"primaryImageOfPage":{"@id":"https:\/\/www.humanium.org\/de\/verabschiedung-ubereinkommens\/#primaryimage"},"image":{"@id":"https:\/\/www.humanium.org\/de\/verabschiedung-ubereinkommens\/#primaryimage"},"thumbnailUrl":"https:\/\/www.humanium.org\/fr\/wp-content\/uploads\/AG-ONU-CIDE-20-11-1989.jpg","datePublished":"2013-08-29T12:36:10+00:00","dateModified":"2017-10-04T08:45:17+00:00","breadcrumb":{"@id":"https:\/\/www.humanium.org\/de\/verabschiedung-ubereinkommens\/#breadcrumb"},"inLanguage":"de","potentialAction":[{"@type":"ReadAction","target":["https:\/\/www.humanium.org\/de\/verabschiedung-ubereinkommens\/"]}]},{"@type":"ImageObject","inLanguage":"de","@id":"https:\/\/www.humanium.org\/de\/verabschiedung-ubereinkommens\/#primaryimage","url":"https:\/\/www.humanium.org\/fr\/wp-content\/uploads\/AG-ONU-CIDE-20-11-1989.jpg","contentUrl":"https:\/\/www.humanium.org\/fr\/wp-content\/uploads\/AG-ONU-CIDE-20-11-1989.jpg"},{"@type":"BreadcrumbList","@id":"https:\/\/www.humanium.org\/de\/verabschiedung-ubereinkommens\/#breadcrumb","itemListElement":[{"@type":"ListItem","position":1,"name":"Home","item":"https:\/\/www.humanium.org\/de\/"},{"@type":"ListItem","position":2,"name":"Verabschiedung des \u00dcbereinkommens"}]},{"@type":"WebSite","@id":"https:\/\/www.humanium.org\/de\/#website","url":"https:\/\/www.humanium.org\/de\/","name":"Humanium","description":"Kinder zuerst!","potentialAction":[{"@type":"SearchAction","target":{"@type":"EntryPoint","urlTemplate":"https:\/\/www.humanium.org\/de\/?s={search_term_string}"},"query-input":{"@type":"PropertyValueSpecification","valueRequired":true,"valueName":"search_term_string"}}],"inLanguage":"de"}]}},"_links":{"self":[{"href":"https:\/\/www.humanium.org\/de\/wp-json\/wp\/v2\/pages\/2370","targetHints":{"allow":["GET"]}}],"collection":[{"href":"https:\/\/www.humanium.org\/de\/wp-json\/wp\/v2\/pages"}],"about":[{"href":"https:\/\/www.humanium.org\/de\/wp-json\/wp\/v2\/types\/page"}],"author":[{"embeddable":true,"href":"https:\/\/www.humanium.org\/de\/wp-json\/wp\/v2\/users\/1"}],"replies":[{"embeddable":true,"href":"https:\/\/www.humanium.org\/de\/wp-json\/wp\/v2\/comments?post=2370"}],"version-history":[{"count":4,"href":"https:\/\/www.humanium.org\/de\/wp-json\/wp\/v2\/pages\/2370\/revisions"}],"predecessor-version":[{"id":10318,"href":"https:\/\/www.humanium.org\/de\/wp-json\/wp\/v2\/pages\/2370\/revisions\/10318"}],"wp:attachment":[{"href":"https:\/\/www.humanium.org\/de\/wp-json\/wp\/v2\/media?parent=2370"}],"curies":[{"name":"wp","href":"https:\/\/api.w.org\/{rel}","templated":true}]}}