{"id":2374,"date":"2013-08-29T13:13:26","date_gmt":"2013-08-29T13:13:26","guid":{"rendered":"http:\/\/www.humanium.org\/de\/?page_id=2374"},"modified":"2017-10-04T09:14:52","modified_gmt":"2017-10-04T09:14:52","slug":"erklarung-menschenrechte-1948","status":"publish","type":"page","link":"https:\/\/www.humanium.org\/de\/erklarung-menschenrechte-1948\/","title":{"rendered":"Allgemeine Erkl\u00e4rung der Menschenrechte, 1948"},"content":{"rendered":"<h1><a href=\"https:\/\/www.humanium.org\/de\/erklarung-menschenrechte\/\"><span style=\"color: #800000;\">Allgemeine Erkl\u00e4rung der Menschenrechte, 1948<\/span><\/a><\/h1>\n<h2>\u00dcber die Erkl\u00e4rung<\/h2>\n<p><strong>Im Jahr 1948 verabschiedete die Generalversammlung der Vereinten Nationen die <a href=\"https:\/\/www.humanium.org\/de\/erklarung-menschenrechte\/\">Allgemeine Erkl\u00e4rung der Menschenrechte<\/a>, welche eine \u201cgemeinsame Errungenschaft aller V\u00f6lker und aller Nationen\u201c darstellt.<\/strong><\/p>\n<h3>Was sind Menschenrechte?<\/h3>\n<p>Menschenrechte sind \u201edie Anerkennung der unantastbaren W\u00fcrde aller Menschen\u201c (1). Frei von Diskriminierung, Ungleichheit oder Unterschieden irgendeiner Art, ist die menschliche W\u00fcrde universell, gleich und unantastbar.<\/p>\n<blockquote><p>\u201cAlle Menschen sind von Geburt an frei und gleich in ihrer W\u00fcrde und ihren Rechten.\u201d<\/p><\/blockquote>\n<p>\u00dcber dieses Konzept hinaus, sind Menschenrechte in verschiedenen Rechtsgrundlagen aufgegriffen und definiert worden. Diese zielen zumeist darauf ab, die W\u00fcrde des Menschen zu garantieren und in die Realit\u00e4t umzusetzen.<\/p>\n<h3>Ursprung der Allgemeinen Erkl\u00e4rung der Menschenrechte<\/h3>\n<p><img loading=\"lazy\" decoding=\"async\" class=\"alignright size-full wp-image-2848\" title=\"-\tEleanor Roosevelt, Vorsitzender der Menschenrechtskommission der Vereinten Nationen, h\u00e4lt die Allgemeine Erkl\u00e4rung der Menschenrechte in den H\u00e4nden, 1. November 1949 - UN Photo\/x.\" alt=\"\" src=\"https:\/\/www.humanium.org\/fr\/wp-content\/uploads\/eleanor-roosevelt.jpg\" width=\"239\" height=\"181\" \/>Zu Zeiten der Aufkl\u00e4rung begannen Philosophen, sich mit den Menschenrechten auseinander zu setzen. In seinem Werk \u201cVom Gesellschaftsvertrag oder Prinzipien des Staatsrechts\u201d (I, 4) suchte der franz\u00f6sische Philosoph Rousseau nach \u201ceiner Form des Zusammenschlusses\u2026durch die doch jeder, indem er sich mit allen vereinigt, nur sich selbst gehorcht und genauso frei bleibt wie zuvor&#8220;.<\/p>\n<p>Der Text der <a href=\"https:\/\/www.humanium.org\/de\/erklarung-menschenrechte\/\">Allgemeinen Erkl\u00e4rung der Menschenrechte<\/a> von 1948 ist inspiriert von der franz\u00f6sischen Erkl\u00e4rung der Menschen- und B\u00fcrgerechte von 1789.<\/p>\n<p>Nach den Schrecken des Zweiten Weltkriegs beschloss die internationale Gemeinschaft, eine internationale Charta von Rechten zu verfassen, die eben jene Werte st\u00e4rken sollte, welche im Kampf gegen die Nationalsozialisten vorgebracht worden waren.<\/p>\n<p>Mit dem Verfassen dieser Charta wurde ein Komitee betraut, dessen Vorsitz Eleanor Roosevelt innehatte. Die Mitglieder stammten aus 18 L\u00e4ndern. Der Kanadier John Peters Humphrey verfasste einen ersten Entwurf, der anschlie\u00dfend von dem Franzosen Ren\u00e9 Cassin \u00fcberarbeitet wurde. Die endg\u00fcltige Version des Textes ist pragmatisch und das Ergebnis zahlreicher politischer Kompromisse, welche in dem Bestreben entstanden sind, weitreichende Zustimmung zu erlangen.<\/p>\n<p><img loading=\"lazy\" decoding=\"async\" class=\"alignleft  wp-image-3008\" title=\"-\tDer Palais Chaillot in Paris zu Zeiten der Verabschiedung der Allgemeinen Erkl\u00e4rung der Menschenrechte 1948.\" alt=\"\" src=\"https:\/\/www.humanium.org\/fr\/wp-content\/uploads\/palais-chaillot-1948-B.jpg\" width=\"217\" height=\"173\" \/>Die <a href=\"https:\/\/www.humanium.org\/de\/erklarung-menschenrechte\/\">Allgemeine Erkl\u00e4rung der Menschenrechte<\/a> wurde am 10. Dezember 1948 von der Generalversammlung der Vereinten Nationen verabschiedet.<\/p>\n<p>Keiner der damaligen 56 Mitgliedstaaten der Vereinten Nationen stimmte gegen den Text, jedoch enthielten sich S\u00fcdafrika, Saudi Arabien und die Sowjetunion ihrer Stimme.<\/p>\n<blockquote><p>\u201cIn Mitten des Kalten Krieges und angesichts eines wachsenden Widerstandes gegen den Kolonialismus dauerte es zwei Jahre bis die Vereinten Nationen sich darauf verst\u00e4ndigten, den Vertrag als rechtlich bindend einzustufen.\u201d(1)<\/p>\n<\/blockquote>\n<h3>Inhalt der Allgemeinen Erkl\u00e4rung der Menschenrechte<\/h3>\n<p><img loading=\"lazy\" decoding=\"async\" class=\"alignright  wp-image-2983\" title=\"-\tFotografie eines Plakats der Allgemeinen Erkl\u00e4rung der Menschenrechte aufgenommen am 1. November 1949 - UN Photo\/x.\" alt=\"\" src=\"https:\/\/www.humanium.org\/fr\/wp-content\/uploads\/poster-declaration-droits-homme_un-photo-x.jpg\" width=\"160\" height=\"183\" \/>Die Allgemeine Erkl\u00e4rung der Menschenrechte ist \u201eeine gemeinsame Errungenschaft aller V\u00f6lker und aller Nationen\u201c.<\/p>\n<p>Die Allgemeine Erkl\u00e4rung der Menschenrechte besagt, dass \u201cMutterschaft und Kindheit das Recht auf besondere Zuwendung und Unterst\u00fctzung\u201d haben und beschreibt die Familie als \u201cdie nat\u00fcrliche und grundlegende Gruppenform in einer Gesellschaft\u201d.<\/p>\n<p>Wenngleich Kinder selten in dem Text erw\u00e4hnt werden, ist die Erkl\u00e4rung dennoch ein richtungsweisendes Dokument. Aufgrund ihrer weitreichenden Auswirkungen auf alle Menschen, darunter auch Kinder, hat die Erkl\u00e4rung gro\u00dfe Bedeutung erlangt. Dies gilt im Besonderen deshalb, da Kinderrechte auf Menschenrechten basieren.<\/p>\n<p><object width=\"640\" height=\"385\" classid=\"clsid:d27cdb6e-ae6d-11cf-96b8-444553540000\" codebase=\"http:\/\/download.macromedia.com\/pub\/shockwave\/cabs\/flash\/swflash.cab#version=6,0,40,0\"><param name=\"allowFullScreen\" value=\"true\" \/><param name=\"allowscriptaccess\" value=\"always\" \/><param name=\"src\" value=\"http:\/\/www.youtube.com\/v\/AFmGZy4JXxc&amp;hl=fr_FR&amp;fs=1?rel=0\" \/><param name=\"allowfullscreen\" value=\"true\" \/><embed width=\"640\" height=\"385\" type=\"application\/x-shockwave-flash\" src=\"http:\/\/www.youtube.com\/v\/AFmGZy4JXxc&amp;hl=fr_FR&amp;fs=1?rel=0\" allowFullScreen=\"true\" allowscriptaccess=\"always\" allowfullscreen=\"true\" \/><\/object><\/p>\n<p>Die Erkl\u00e4rung der Rechte des Kindes von 1959 unterstreicht die Einzigartigkeit der Kindheit und weist auf die Wichtigkeit der Kinderrechte hin.<\/p>\n<p><a href=\"https:\/\/www.humanium.org\/de\/erklarung-menschenrechte\/\"><img loading=\"lazy\" decoding=\"async\" class=\"aligncenter\" title=\"Texte int\u00e9gral de la D\u00e9claration de Gen\u00e8ve de 1924\" alt=\"\" src=\"https:\/\/www.humanium.org\/fr\/wp-content\/uploads\/le-texte.gif\" width=\"67\" height=\"30\" \/><\/a><\/p>\n<div id=\"toggle\"><a onclick=\"show_voir_aussi('voir_aussi_box')\" href=\"javascript:show_voir_aussi(id)\"><\/a><\/div>\n<div id=\"voir_aussi_box\" style=\"display: none;\">\n<ul>\n<li><a href=\"https:\/\/www.humanium.org\/de\/erklarung-menschenrechte\/\">Allgemeine Erkl\u00e4rung der Menschenrechte<\/a><\/li>\n<li><a href=\"https:\/\/www.humanium.org\/de\/gesetzesnormen\/\">Standardtexte zu Kinderrechten<\/a><\/li>\n<\/ul>\n<\/div>\n<p>&nbsp;<\/p>\n<div id=\"toggle\"><\/div>\n<div id=\"plus_loin_box\" style=\"display: none;\">\n<ul>\n<li><a href=\"https:\/\/de.wikipedia.org\/wiki\/Allgemeine_Erkl%C3%A4rung_der_Menschenrechte\">Wikipedia: Allgemeine Erkl\u00e4rung der Menschenrechte<\/a><\/li>\n<li><a href=\"https:\/\/de.wikipedia.org\/wiki\/Menschenrechte\">Wikipedia: Menschenrechte<\/a><\/li>\n<li>Vereinte Nationen: Allgemeine Erkl\u00e4rung der Menschenrechte<\/li>\n<li>UNICEF: Zur Lage der Kinder in der Welt 2013<\/li>\n<\/ul>\n<\/div>\n<p>&nbsp;<\/p>\n<table>\n<tbody style=\"background: #f9f9f9;\">\n<tr>\n<td>\n<div style=\"float: left; width: 90%;\">\u00dcbersetzt von : Elfi Klabunde<br \/>\nBewertet von : Katrin Glatzer<\/div>\n<\/td>\n<\/tr>\n<\/tbody>\n<\/table>\n<table>\n<tbody style=\"background: #f9f9f9;\">\n<tr>\n<td>\n<div style=\"float: left; width: 90%;\">Verfasst am 29. August 2013<\/div>\n<\/td>\n<\/tr>\n<\/tbody>\n<\/table>\n","protected":false},"excerpt":{"rendered":"<p>Allgemeine Erkl\u00e4rung der Menschenrechte, 1948 \u00dcber die Erkl\u00e4rung Im Jahr 1948 verabschiedete die Generalversammlung der Vereinten Nationen die Allgemeine Erkl\u00e4rung der Menschenrechte, welche eine \u201cgemeinsame Errungenschaft aller V\u00f6lker und aller Nationen\u201c darstellt. Was sind Menschenrechte? Menschenrechte sind \u201edie Anerkennung der unantastbaren W\u00fcrde aller Menschen\u201c (1). Frei von Diskriminierung, Ungleichheit oder Unterschieden irgendeiner Art, ist die [&hellip;]<\/p>\n","protected":false},"author":1,"featured_media":0,"parent":0,"menu_order":0,"comment_status":"closed","ping_status":"closed","template":"","meta":{"footnotes":""},"class_list":["post-2374","page","type-page","status-publish","hentry"],"yoast_head":"<!-- This site is optimized with the Yoast SEO plugin v26.5 - https:\/\/yoast.com\/wordpress\/plugins\/seo\/ -->\n<title>Allgemeine Erkl\u00e4rung der Menschenrechte, 1948 - Humanium<\/title>\n<meta name=\"robots\" content=\"index, follow, max-snippet:-1, max-image-preview:large, max-video-preview:-1\" \/>\n<link rel=\"canonical\" href=\"https:\/\/www.humanium.org\/de\/erklarung-menschenrechte-1948\/\" \/>\n<meta property=\"og:locale\" content=\"de_DE\" \/>\n<meta property=\"og:type\" content=\"article\" \/>\n<meta property=\"og:title\" content=\"Allgemeine Erkl\u00e4rung der Menschenrechte, 1948 - Humanium\" \/>\n<meta property=\"og:description\" content=\"Allgemeine Erkl\u00e4rung der Menschenrechte, 1948 \u00dcber die Erkl\u00e4rung Im Jahr 1948 verabschiedete die Generalversammlung der Vereinten Nationen die Allgemeine Erkl\u00e4rung der Menschenrechte, welche eine \u201cgemeinsame Errungenschaft aller V\u00f6lker und aller Nationen\u201c darstellt. Was sind Menschenrechte? Menschenrechte sind \u201edie Anerkennung der unantastbaren W\u00fcrde aller Menschen\u201c (1). Frei von Diskriminierung, Ungleichheit oder Unterschieden irgendeiner Art, ist die [&hellip;]\" \/>\n<meta property=\"og:url\" content=\"https:\/\/www.humanium.org\/de\/erklarung-menschenrechte-1948\/\" \/>\n<meta property=\"og:site_name\" content=\"Humanium\" \/>\n<meta property=\"article:modified_time\" content=\"2017-10-04T09:14:52+00:00\" \/>\n<meta property=\"og:image\" content=\"https:\/\/www.humanium.org\/fr\/wp-content\/uploads\/eleanor-roosevelt.jpg\" \/>\n<meta name=\"twitter:card\" content=\"summary_large_image\" \/>\n<meta name=\"twitter:label1\" content=\"Gesch\u00e4tzte Lesezeit\" \/>\n\t<meta name=\"twitter:data1\" content=\"3\u00a0Minuten\" \/>\n<script type=\"application\/ld+json\" class=\"yoast-schema-graph\">{\"@context\":\"https:\/\/schema.org\",\"@graph\":[{\"@type\":\"WebPage\",\"@id\":\"https:\/\/www.humanium.org\/de\/erklarung-menschenrechte-1948\/\",\"url\":\"https:\/\/www.humanium.org\/de\/erklarung-menschenrechte-1948\/\",\"name\":\"Allgemeine Erkl\u00e4rung der Menschenrechte, 1948 - Humanium\",\"isPartOf\":{\"@id\":\"https:\/\/www.humanium.org\/de\/#website\"},\"primaryImageOfPage\":{\"@id\":\"https:\/\/www.humanium.org\/de\/erklarung-menschenrechte-1948\/#primaryimage\"},\"image\":{\"@id\":\"https:\/\/www.humanium.org\/de\/erklarung-menschenrechte-1948\/#primaryimage\"},\"thumbnailUrl\":\"https:\/\/www.humanium.org\/fr\/wp-content\/uploads\/eleanor-roosevelt.jpg\",\"datePublished\":\"2013-08-29T13:13:26+00:00\",\"dateModified\":\"2017-10-04T09:14:52+00:00\",\"breadcrumb\":{\"@id\":\"https:\/\/www.humanium.org\/de\/erklarung-menschenrechte-1948\/#breadcrumb\"},\"inLanguage\":\"de\",\"potentialAction\":[{\"@type\":\"ReadAction\",\"target\":[\"https:\/\/www.humanium.org\/de\/erklarung-menschenrechte-1948\/\"]}]},{\"@type\":\"ImageObject\",\"inLanguage\":\"de\",\"@id\":\"https:\/\/www.humanium.org\/de\/erklarung-menschenrechte-1948\/#primaryimage\",\"url\":\"https:\/\/www.humanium.org\/fr\/wp-content\/uploads\/eleanor-roosevelt.jpg\",\"contentUrl\":\"https:\/\/www.humanium.org\/fr\/wp-content\/uploads\/eleanor-roosevelt.jpg\"},{\"@type\":\"BreadcrumbList\",\"@id\":\"https:\/\/www.humanium.org\/de\/erklarung-menschenrechte-1948\/#breadcrumb\",\"itemListElement\":[{\"@type\":\"ListItem\",\"position\":1,\"name\":\"Home\",\"item\":\"https:\/\/www.humanium.org\/de\/\"},{\"@type\":\"ListItem\",\"position\":2,\"name\":\"Allgemeine Erkl\u00e4rung der Menschenrechte, 1948\"}]},{\"@type\":\"WebSite\",\"@id\":\"https:\/\/www.humanium.org\/de\/#website\",\"url\":\"https:\/\/www.humanium.org\/de\/\",\"name\":\"Humanium\",\"description\":\"Kinder zuerst!\",\"potentialAction\":[{\"@type\":\"SearchAction\",\"target\":{\"@type\":\"EntryPoint\",\"urlTemplate\":\"https:\/\/www.humanium.org\/de\/?s={search_term_string}\"},\"query-input\":{\"@type\":\"PropertyValueSpecification\",\"valueRequired\":true,\"valueName\":\"search_term_string\"}}],\"inLanguage\":\"de\"}]}<\/script>\n<!-- \/ Yoast SEO plugin. -->","yoast_head_json":{"title":"Allgemeine Erkl\u00e4rung der Menschenrechte, 1948 - Humanium","robots":{"index":"index","follow":"follow","max-snippet":"max-snippet:-1","max-image-preview":"max-image-preview:large","max-video-preview":"max-video-preview:-1"},"canonical":"https:\/\/www.humanium.org\/de\/erklarung-menschenrechte-1948\/","og_locale":"de_DE","og_type":"article","og_title":"Allgemeine Erkl\u00e4rung der Menschenrechte, 1948 - Humanium","og_description":"Allgemeine Erkl\u00e4rung der Menschenrechte, 1948 \u00dcber die Erkl\u00e4rung Im Jahr 1948 verabschiedete die Generalversammlung der Vereinten Nationen die Allgemeine Erkl\u00e4rung der Menschenrechte, welche eine \u201cgemeinsame Errungenschaft aller V\u00f6lker und aller Nationen\u201c darstellt. Was sind Menschenrechte? Menschenrechte sind \u201edie Anerkennung der unantastbaren W\u00fcrde aller Menschen\u201c (1). Frei von Diskriminierung, Ungleichheit oder Unterschieden irgendeiner Art, ist die [&hellip;]","og_url":"https:\/\/www.humanium.org\/de\/erklarung-menschenrechte-1948\/","og_site_name":"Humanium","article_modified_time":"2017-10-04T09:14:52+00:00","og_image":[{"url":"https:\/\/www.humanium.org\/fr\/wp-content\/uploads\/eleanor-roosevelt.jpg","type":"","width":"","height":""}],"twitter_card":"summary_large_image","twitter_misc":{"Gesch\u00e4tzte Lesezeit":"3\u00a0Minuten"},"schema":{"@context":"https:\/\/schema.org","@graph":[{"@type":"WebPage","@id":"https:\/\/www.humanium.org\/de\/erklarung-menschenrechte-1948\/","url":"https:\/\/www.humanium.org\/de\/erklarung-menschenrechte-1948\/","name":"Allgemeine Erkl\u00e4rung der Menschenrechte, 1948 - Humanium","isPartOf":{"@id":"https:\/\/www.humanium.org\/de\/#website"},"primaryImageOfPage":{"@id":"https:\/\/www.humanium.org\/de\/erklarung-menschenrechte-1948\/#primaryimage"},"image":{"@id":"https:\/\/www.humanium.org\/de\/erklarung-menschenrechte-1948\/#primaryimage"},"thumbnailUrl":"https:\/\/www.humanium.org\/fr\/wp-content\/uploads\/eleanor-roosevelt.jpg","datePublished":"2013-08-29T13:13:26+00:00","dateModified":"2017-10-04T09:14:52+00:00","breadcrumb":{"@id":"https:\/\/www.humanium.org\/de\/erklarung-menschenrechte-1948\/#breadcrumb"},"inLanguage":"de","potentialAction":[{"@type":"ReadAction","target":["https:\/\/www.humanium.org\/de\/erklarung-menschenrechte-1948\/"]}]},{"@type":"ImageObject","inLanguage":"de","@id":"https:\/\/www.humanium.org\/de\/erklarung-menschenrechte-1948\/#primaryimage","url":"https:\/\/www.humanium.org\/fr\/wp-content\/uploads\/eleanor-roosevelt.jpg","contentUrl":"https:\/\/www.humanium.org\/fr\/wp-content\/uploads\/eleanor-roosevelt.jpg"},{"@type":"BreadcrumbList","@id":"https:\/\/www.humanium.org\/de\/erklarung-menschenrechte-1948\/#breadcrumb","itemListElement":[{"@type":"ListItem","position":1,"name":"Home","item":"https:\/\/www.humanium.org\/de\/"},{"@type":"ListItem","position":2,"name":"Allgemeine Erkl\u00e4rung der Menschenrechte, 1948"}]},{"@type":"WebSite","@id":"https:\/\/www.humanium.org\/de\/#website","url":"https:\/\/www.humanium.org\/de\/","name":"Humanium","description":"Kinder zuerst!","potentialAction":[{"@type":"SearchAction","target":{"@type":"EntryPoint","urlTemplate":"https:\/\/www.humanium.org\/de\/?s={search_term_string}"},"query-input":{"@type":"PropertyValueSpecification","valueRequired":true,"valueName":"search_term_string"}}],"inLanguage":"de"}]}},"_links":{"self":[{"href":"https:\/\/www.humanium.org\/de\/wp-json\/wp\/v2\/pages\/2374","targetHints":{"allow":["GET"]}}],"collection":[{"href":"https:\/\/www.humanium.org\/de\/wp-json\/wp\/v2\/pages"}],"about":[{"href":"https:\/\/www.humanium.org\/de\/wp-json\/wp\/v2\/types\/page"}],"author":[{"embeddable":true,"href":"https:\/\/www.humanium.org\/de\/wp-json\/wp\/v2\/users\/1"}],"replies":[{"embeddable":true,"href":"https:\/\/www.humanium.org\/de\/wp-json\/wp\/v2\/comments?post=2374"}],"version-history":[{"count":7,"href":"https:\/\/www.humanium.org\/de\/wp-json\/wp\/v2\/pages\/2374\/revisions"}],"predecessor-version":[{"id":10430,"href":"https:\/\/www.humanium.org\/de\/wp-json\/wp\/v2\/pages\/2374\/revisions\/10430"}],"wp:attachment":[{"href":"https:\/\/www.humanium.org\/de\/wp-json\/wp\/v2\/media?parent=2374"}],"curies":[{"name":"wp","href":"https:\/\/api.w.org\/{rel}","templated":true}]}}