{"id":2379,"date":"2013-08-29T13:25:08","date_gmt":"2013-08-29T13:25:08","guid":{"rendered":"http:\/\/www.humanium.org\/de\/?page_id=2379"},"modified":"2017-06-14T11:09:37","modified_gmt":"2017-06-14T11:09:37","slug":"gesetzesnormen","status":"publish","type":"page","link":"https:\/\/www.humanium.org\/de\/gesetzesnormen\/","title":{"rendered":"Gesetzesnormen der Kinderrechte"},"content":{"rendered":"<h1>Gesetzesnormen der Kinderrechte<\/h1>\n<h2>Die wichtigsten internationalen Gesetzestexte bez\u00fcglich der Kinderrechte:<\/h2>\n<ul>\n<ul>\n<li><strong>1924 <a href=\"https:\/\/www.humanium.org\/de\/uber-die-genfer-erklarung-uber-die-rechte-des-kindes-1924\/\">Genfer Erkl\u00e4rung \u00fcber die Rechte des Kindes<\/a><\/strong><\/li>\n<\/ul>\n<\/ul>\n<h5>\u00ab Die Menschheit muss ihren Kindern das Bestm\u00f6gliche geben. \u00bb Erstmalig erkennt der V\u00f6lkerbund spezifische Rechte f\u00fcr Kinder an.<\/h5>\n<ul>\n<ul>\n<li><strong>1948 <a href=\"https:\/\/www.humanium.org\/de\/erklarung-menschenrechte-1948\/\">Allgemeine Erkl\u00e4rung der Menschenrechte<\/a><\/strong><\/li>\n<\/ul>\n<\/ul>\n<h5>\u00ab Jedes menschliche Wesen wird in Freiheit und W\u00fcrde und mit den gleichen Rechten geboren. \u00bb Kinder haben ein Recht \u00ab auf besondere Hilfe und Beistand. \u00bb<\/h5>\n<ul>\n<ul>\n<li><strong>1959 <a href=\"https:\/\/www.humanium.org\/de\/erklarung-der-rechte-des-kindes-1959\/\">Erkl\u00e4rung der Rechte des Kindes<\/a><\/strong><\/li>\n<\/ul>\n<\/ul>\n<h5>Erstmalig erkennen L\u00e4nder unterschiedlicher Kulturen allgemeing\u00fcltige Grundsatzregeln der Rechte des Kindes an.<\/h5>\n<ul>\n<ul>\n<li><strong>1966 <a href=\"https:\/\/www.humanium.org\/de\/die-internationalen-pakte-von-1966\/\">Internationales Abkommen<\/a><\/strong><\/li>\n<\/ul>\n<\/ul>\n<h5>Kinder sollen vor Ausbeutung gesch\u00fctzt werden und ein Recht auf Bildung haben.<\/h5>\n<ul>\n<ul>\n<li><strong>1973 <a href=\"https:\/\/www.humanium.org\/de\/ubereinkommen-nr-138-uber-das-mindestalter-fur-die-zulassung-von-beschaftigung-1973\/\">\u00dcbereinkommen Nr. 138 \u00fcber das Mindestalter f\u00fcr die Zulassung zur Besch\u00e4ftigung<\/a><\/strong><\/li>\n<\/ul>\n<\/ul>\n<h5>Das Internationale Arbeitsabkommen legt ein Mindestalter von 18 Jahren fest und dass k\u00f6rperliche und seelische Gesundheit und Sicherheit gew\u00e4hrleistet sein m\u00fcssen.<\/h5>\n<ul>\n<ul>\n<li><strong>1989 <a href=\"https:\/\/www.humanium.org\/de\/konvention\/\">UN-Kinderrechtskonvention<\/a> (englisch: Convention on the Rights of the Child, CRC)<\/strong><\/li>\n<\/ul>\n<\/ul>\n<h5>Ein f\u00fcr alle Staaten rechtsverbindlicher Text, der die zivilen, politischen, sozialen, \u00f6konomischen und kulturellen Rechte des Kindes vereinbart. Es ist DIE Gesetzesnorm, was die Rechte des Kindes betrifft.<\/h5>\n<ul>\n<ul>\n<li><strong>1999 <a href=\"https:\/\/www.humanium.org\/de\/konvention-182\/\"><strong>\u00dcbereinkommen Nr. 182 \u00fcber die schlimmsten Formen der Kinderarbeit<\/strong><\/a><\/strong><\/li>\n<\/ul>\n<\/ul>\n<h5>Gegen die schlimmsten Formen der Kinderarbeit muss man angehen und sie verbieten.<\/h5>\n<ul>\n<ul>\n<li><strong>2000 <a href=\"https:\/\/www.humanium.org\/de\/protokoll-beteiligung-von-kindern-konflikten\/\">Fakultativprotokoll zur CRC bez\u00fcglich Kinderbeteiligung an bewaffneten Konflikten<\/a><\/strong><\/li>\n<\/ul>\n<\/ul>\n<h5>Schutz der Kinder in Kriegssituationen und bewaffneten Gewaltskonflikten.<\/h5>\n<ul>\n<ul>\n<li><strong>2000 <a href=\"https:\/\/www.humanium.org\/de\/zusatzprotokoll-zur-kinderrechts-konvention-betreffend-kinderhandel-kinderprostitution-und-kinderpornographie-2000\/\">Fakultativprotokoll zur CRC bez\u00fcglich Kinderhandel, Kinderprostitution und Kinderpornographie<\/a><\/strong><\/li>\n<\/ul>\n<\/ul>\n<h5 style=\"text-align: left;\">Ein besonderer Schutz gegen die sexuelle Ausbeutung von Kindern.<\/h5>\n<ul>\n<ul>\n<li><strong>2011 <a href=\"https:\/\/www.humanium.org\/de\/fakultativprotokoll-zum-ubereinkommen-uber-die-rechte-des-kindes-betreffend-ein-individualbeschwerdeverfahren\/\">Fakultativprotokoll zur CRC betreffend ein Individualbeschwerdeverfahren<\/a><\/strong><\/li>\n<\/ul>\n<\/ul>\n<h5 style=\"text-align: left;\">Ein spezielles Verfahren, dass den Kindern und ihren Vertretern erm\u00f6glicht, Klage einzureichen.<\/h5>\n","protected":false},"excerpt":{"rendered":"<p>Gesetzesnormen der Kinderrechte Die wichtigsten internationalen Gesetzestexte bez\u00fcglich der Kinderrechte: 1924 Genfer Erkl\u00e4rung \u00fcber die Rechte des Kindes \u00ab Die Menschheit muss ihren Kindern das Bestm\u00f6gliche geben. \u00bb Erstmalig erkennt der V\u00f6lkerbund spezifische Rechte f\u00fcr Kinder an. 1948 Allgemeine Erkl\u00e4rung der Menschenrechte \u00ab Jedes menschliche Wesen wird in Freiheit und W\u00fcrde und mit den gleichen [&hellip;]<\/p>\n","protected":false},"author":1,"featured_media":0,"parent":0,"menu_order":0,"comment_status":"closed","ping_status":"closed","template":"","meta":{"footnotes":""},"class_list":["post-2379","page","type-page","status-publish","hentry"],"yoast_head":"<!-- This site is optimized with the Yoast SEO plugin v26.5 - https:\/\/yoast.com\/wordpress\/plugins\/seo\/ -->\n<title>Gesetzesnormen der Kinderrechte - Humanium<\/title>\n<meta name=\"robots\" content=\"index, follow, max-snippet:-1, max-image-preview:large, max-video-preview:-1\" \/>\n<link rel=\"canonical\" href=\"https:\/\/www.humanium.org\/de\/gesetzesnormen\/\" \/>\n<meta property=\"og:locale\" content=\"de_DE\" \/>\n<meta property=\"og:type\" content=\"article\" \/>\n<meta property=\"og:title\" content=\"Gesetzesnormen der Kinderrechte - Humanium\" \/>\n<meta property=\"og:description\" content=\"Gesetzesnormen der Kinderrechte Die wichtigsten internationalen Gesetzestexte bez\u00fcglich der Kinderrechte: 1924 Genfer Erkl\u00e4rung \u00fcber die Rechte des Kindes \u00ab Die Menschheit muss ihren Kindern das Bestm\u00f6gliche geben. \u00bb Erstmalig erkennt der V\u00f6lkerbund spezifische Rechte f\u00fcr Kinder an. 1948 Allgemeine Erkl\u00e4rung der Menschenrechte \u00ab Jedes menschliche Wesen wird in Freiheit und W\u00fcrde und mit den gleichen [&hellip;]\" \/>\n<meta property=\"og:url\" content=\"https:\/\/www.humanium.org\/de\/gesetzesnormen\/\" \/>\n<meta property=\"og:site_name\" content=\"Humanium\" \/>\n<meta property=\"article:modified_time\" content=\"2017-06-14T11:09:37+00:00\" \/>\n<meta name=\"twitter:card\" content=\"summary_large_image\" \/>\n<meta name=\"twitter:label1\" content=\"Gesch\u00e4tzte Lesezeit\" \/>\n\t<meta name=\"twitter:data1\" content=\"1\u00a0Minute\" \/>\n<script type=\"application\/ld+json\" class=\"yoast-schema-graph\">{\"@context\":\"https:\/\/schema.org\",\"@graph\":[{\"@type\":\"WebPage\",\"@id\":\"https:\/\/www.humanium.org\/de\/gesetzesnormen\/\",\"url\":\"https:\/\/www.humanium.org\/de\/gesetzesnormen\/\",\"name\":\"Gesetzesnormen der Kinderrechte - Humanium\",\"isPartOf\":{\"@id\":\"https:\/\/www.humanium.org\/de\/#website\"},\"datePublished\":\"2013-08-29T13:25:08+00:00\",\"dateModified\":\"2017-06-14T11:09:37+00:00\",\"breadcrumb\":{\"@id\":\"https:\/\/www.humanium.org\/de\/gesetzesnormen\/#breadcrumb\"},\"inLanguage\":\"de\",\"potentialAction\":[{\"@type\":\"ReadAction\",\"target\":[\"https:\/\/www.humanium.org\/de\/gesetzesnormen\/\"]}]},{\"@type\":\"BreadcrumbList\",\"@id\":\"https:\/\/www.humanium.org\/de\/gesetzesnormen\/#breadcrumb\",\"itemListElement\":[{\"@type\":\"ListItem\",\"position\":1,\"name\":\"Home\",\"item\":\"https:\/\/www.humanium.org\/de\/\"},{\"@type\":\"ListItem\",\"position\":2,\"name\":\"Gesetzesnormen der Kinderrechte\"}]},{\"@type\":\"WebSite\",\"@id\":\"https:\/\/www.humanium.org\/de\/#website\",\"url\":\"https:\/\/www.humanium.org\/de\/\",\"name\":\"Humanium\",\"description\":\"Kinder zuerst!\",\"potentialAction\":[{\"@type\":\"SearchAction\",\"target\":{\"@type\":\"EntryPoint\",\"urlTemplate\":\"https:\/\/www.humanium.org\/de\/?s={search_term_string}\"},\"query-input\":{\"@type\":\"PropertyValueSpecification\",\"valueRequired\":true,\"valueName\":\"search_term_string\"}}],\"inLanguage\":\"de\"}]}<\/script>\n<!-- \/ Yoast SEO plugin. -->","yoast_head_json":{"title":"Gesetzesnormen der Kinderrechte - Humanium","robots":{"index":"index","follow":"follow","max-snippet":"max-snippet:-1","max-image-preview":"max-image-preview:large","max-video-preview":"max-video-preview:-1"},"canonical":"https:\/\/www.humanium.org\/de\/gesetzesnormen\/","og_locale":"de_DE","og_type":"article","og_title":"Gesetzesnormen der Kinderrechte - Humanium","og_description":"Gesetzesnormen der Kinderrechte Die wichtigsten internationalen Gesetzestexte bez\u00fcglich der Kinderrechte: 1924 Genfer Erkl\u00e4rung \u00fcber die Rechte des Kindes \u00ab Die Menschheit muss ihren Kindern das Bestm\u00f6gliche geben. \u00bb Erstmalig erkennt der V\u00f6lkerbund spezifische Rechte f\u00fcr Kinder an. 1948 Allgemeine Erkl\u00e4rung der Menschenrechte \u00ab Jedes menschliche Wesen wird in Freiheit und W\u00fcrde und mit den gleichen [&hellip;]","og_url":"https:\/\/www.humanium.org\/de\/gesetzesnormen\/","og_site_name":"Humanium","article_modified_time":"2017-06-14T11:09:37+00:00","twitter_card":"summary_large_image","twitter_misc":{"Gesch\u00e4tzte Lesezeit":"1\u00a0Minute"},"schema":{"@context":"https:\/\/schema.org","@graph":[{"@type":"WebPage","@id":"https:\/\/www.humanium.org\/de\/gesetzesnormen\/","url":"https:\/\/www.humanium.org\/de\/gesetzesnormen\/","name":"Gesetzesnormen der Kinderrechte - Humanium","isPartOf":{"@id":"https:\/\/www.humanium.org\/de\/#website"},"datePublished":"2013-08-29T13:25:08+00:00","dateModified":"2017-06-14T11:09:37+00:00","breadcrumb":{"@id":"https:\/\/www.humanium.org\/de\/gesetzesnormen\/#breadcrumb"},"inLanguage":"de","potentialAction":[{"@type":"ReadAction","target":["https:\/\/www.humanium.org\/de\/gesetzesnormen\/"]}]},{"@type":"BreadcrumbList","@id":"https:\/\/www.humanium.org\/de\/gesetzesnormen\/#breadcrumb","itemListElement":[{"@type":"ListItem","position":1,"name":"Home","item":"https:\/\/www.humanium.org\/de\/"},{"@type":"ListItem","position":2,"name":"Gesetzesnormen der Kinderrechte"}]},{"@type":"WebSite","@id":"https:\/\/www.humanium.org\/de\/#website","url":"https:\/\/www.humanium.org\/de\/","name":"Humanium","description":"Kinder zuerst!","potentialAction":[{"@type":"SearchAction","target":{"@type":"EntryPoint","urlTemplate":"https:\/\/www.humanium.org\/de\/?s={search_term_string}"},"query-input":{"@type":"PropertyValueSpecification","valueRequired":true,"valueName":"search_term_string"}}],"inLanguage":"de"}]}},"_links":{"self":[{"href":"https:\/\/www.humanium.org\/de\/wp-json\/wp\/v2\/pages\/2379","targetHints":{"allow":["GET"]}}],"collection":[{"href":"https:\/\/www.humanium.org\/de\/wp-json\/wp\/v2\/pages"}],"about":[{"href":"https:\/\/www.humanium.org\/de\/wp-json\/wp\/v2\/types\/page"}],"author":[{"embeddable":true,"href":"https:\/\/www.humanium.org\/de\/wp-json\/wp\/v2\/users\/1"}],"replies":[{"embeddable":true,"href":"https:\/\/www.humanium.org\/de\/wp-json\/wp\/v2\/comments?post=2379"}],"version-history":[{"count":2,"href":"https:\/\/www.humanium.org\/de\/wp-json\/wp\/v2\/pages\/2379\/revisions"}],"predecessor-version":[{"id":9290,"href":"https:\/\/www.humanium.org\/de\/wp-json\/wp\/v2\/pages\/2379\/revisions\/9290"}],"wp:attachment":[{"href":"https:\/\/www.humanium.org\/de\/wp-json\/wp\/v2\/media?parent=2379"}],"curies":[{"name":"wp","href":"https:\/\/api.w.org\/{rel}","templated":true}]}}