{"id":2407,"date":"2013-08-29T14:53:26","date_gmt":"2013-08-29T14:53:26","guid":{"rendered":"http:\/\/www.humanium.org\/de\/?page_id=2407"},"modified":"2025-12-06T06:22:57","modified_gmt":"2025-12-06T06:22:57","slug":"andere-texte","status":"publish","type":"page","link":"https:\/\/www.humanium.org\/de\/andere-texte\/","title":{"rendered":"Andere Texte bez\u00fcglich Kinderrechte"},"content":{"rendered":"<h1><span style=\"color: #800000;\">Andere Texte bez\u00fcglich Kinderrechte<\/span><\/h1>\n<table>\n<tbody>\n<tr>\n<td>\n<h3><span style=\"color: #003366;\">Regionale \u00dcbereinkommen<\/span><\/h3>\n<ul>\n<li>1994 <a href=\"https:\/\/www.humanium.org\/en\/inter-american-convention-on-forced-disappearance-of-persons\/\">Interamerikanisches \u00dcbereinkommen gegen das Verschwindenlassen von Menschen (nur Englisch)<\/a><\/li>\n<\/ul>\n<ul>\n<li>1996 <a href=\"https:\/\/www.humanium.org\/de\/europaisches-ubereinkommen-ausubung-kinderrechten\/\">Europ\u00e4isches \u00dcbereinkommen \u00fcber die Aus\u00fcbung von Kinderrechten<\/a><\/li>\n<\/ul>\n<ul>\n<li>1999 <a href=\"https:\/\/www.humanium.org\/en\/african-charter-on-the-rights-and-welfare-of-the-child\/\">Afrikanische Charta \u00fcber die Rechte und das Wohlergehen des Kindes (nur Englisch)<\/a><\/li>\n<\/ul>\n<ul>\n<li>2007 <a href=\"https:\/\/www.humanium.org\/de\/ubereinkommen-europarats-sexueller-missbrauch\/\">\u00dcbereinkommen des Europarates zum Schutz von Kindern vor sexueller Ausbeutung und sexuellem Missbrauch<\/a><\/li>\n<\/ul>\n<\/td>\n<\/tr>\n<\/tbody>\n<\/table>\n<table>\n<tbody>\n<tr>\n<td>\n<h3><span style=\"color: #003366;\">Bildung und Entwicklung<\/span><\/h3>\n<ul>\n<li>1986 <a href=\"https:\/\/www.humanium.org\/de\/erklarung-entwicklung\/\">Erkl\u00e4rung \u00fcber das Recht auf Entwicklung<\/a><\/li>\n<\/ul>\n<ul>\n<li>1990 Erkl\u00e4rung der Weltkonferenz \u201cBildung f\u00fcr Alle\u201d (nur auf Englisch)<\/li>\n<\/ul>\n<\/td>\n<\/tr>\n<\/tbody>\n<\/table>\n<table>\n<tbody>\n<tr>\n<td>\n<h3><span style=\"color: #000000;\">Kinder und bewaffnete Konflikte, humanit\u00e4res V\u00f6lkerrecht<\/span><\/h3>\n<ul>\n<li>1949 <a href=\"https:\/\/www.humanium.org\/de\/genfer-abkommen-uber-den-schutz-von-zivilpersonen-in-kriegszeiten\/\">Genfer Abkommen zum Schutz von Zivilpersonen in Kriegszeiten (IV. Genfer Abkommen)<\/a><\/li>\n<\/ul>\n<ul>\n<li>1951 <span style=\"color: #000000;\"><a href=\"https:\/\/www.humanium.org\/de\/abkommen-uber-die-rechtsstellung-der-fluchtlinge\/\">Abkommen \u00fcber die Rechtsstellung der Fl\u00fcchtlinge<\/a><\/span><\/li>\n<\/ul>\n<ul>\n<li>1977 <a href=\"https:\/\/www.humanium.org\/de\/zusatzprotokoll-opfer-internationaler-bewaffneter-konflikte-protokoll\/\">Zusatzprotokoll zu den Genfer Abkommen vom 12. August 1949 \u00fcber den Schutz der Opfer internationaler bewaffneter Konflikte (Protokoll I)<\/a><\/li>\n<\/ul>\n<ul>\n<li>1977 <a href=\"https:\/\/www.humanium.org\/de\/zusatzprotokoll-zu-den-genfer-abkommen-vom-12-august-1949-uber-den-schutz-der-opfer-nicht-internationaler-bewaffneter-konflikte-protokoll-ii\/\">Zusatzprotokoll zu den Genfer Abkommen vom 12. August 1949 \u00fcber den Schutz der Opfer nicht internationaler bewaffneter Konflikte (Protokoll II)<\/a><\/li>\n<\/ul>\n<ul>\n<li>2007 <a href=\"https:\/\/www.humanium.org\/de\/pariser-prinzipien-gegen-die-rechtswidrige-rekrutierung-von-kindern-fur-streitkrafte-oder-bewaffnete-gruppen-sowie-die-pariser-grundsatze-und-leitlinien-zu-kindern-die-streitkraften-oder-bewaffneten\/\">Pariser Prinzipien und Grunds\u00e4tze gegen die rechtswidrige Rekrutierung von Kindern f\u00fcr Streitkr\u00e4fte oder bewaffnete Gruppen<\/a><\/li>\n<\/ul>\n<\/td>\n<\/tr>\n<\/tbody>\n<\/table>\n<table>\n<tbody>\n<tr>\n<td>\n<h3><span style=\"color: #003366;\">Kinder und Nichtdiskriminierung<\/span><\/h3>\n<ul>\n<li>1965 <a href=\"https:\/\/www.humanium.org\/de\/internationales-ubereinkommen-zur-beseitigung-jeder-form-von-rassendiskriminierung\/\">\u00dcbereinkommen zur Beseitigung jeder Form von Rassendiskriminierung<\/a><\/li>\n<\/ul>\n<ul>\n<li>1979 <a href=\"https:\/\/www.humanium.org\/de\/konvention-beseitigung-jeder-form-von-diskriminierung-der-frau\/\">\u00dcbereinkommen zur Beseitigung jeder Form von Diskriminierung der Frau<\/a><\/li>\n<\/ul>\n<ul>\n<li>1995 <a href=\"https:\/\/www.humanium.org\/de\/erklarung-beijing\/\">Vierte Weltfrauenkonferenz, Erkl\u00e4rung von Peking<\/a><\/li>\n<\/ul>\n<\/td>\n<\/tr>\n<\/tbody>\n<\/table>\n<table>\n<tbody>\n<tr>\n<td>\n<h3><span style=\"color: #003366;\">Weitere Texte<\/span><\/h3>\n<ul>\n<li>1980 Haager \u00dcbereinkommen \u00fcber die zivilrechtlichen Aspekte internationaler Kindesentf\u00fchrung<\/li>\n<\/ul>\n<ul>\n<li>1990 <a href=\"https:\/\/www.humanium.org\/de\/regeln-der-vereinten-nationen-zum-schutz-von-jugendlichen-unter-freiheitsentzug\/\">Regeln der Vereinten Nationen zum Schutz von Jugendlichen unter Freiheitsentzug<\/a><\/li>\n<\/ul>\n<ul>\n<li>1993 <a href=\"https:\/\/www.humanium.org\/de\/ubereinkommen-uber-den-schutz-von-kindern-und-die-zusammenarbeit-auf-dem-gebiet-der-internationalen-adoption-2-2\/\">Haager \u00dcbereinkommen \u00fcber den Schutz von Kindern und die Zusammenarbeit auf dem Gebiet der internationalen Adoption<\/a><\/li>\n<\/ul>\n<\/td>\n<\/tr>\n<\/tbody>\n<\/table>\n","protected":false},"excerpt":{"rendered":"<p>Andere Texte bez\u00fcglich Kinderrechte Regionale \u00dcbereinkommen 1994 Interamerikanisches \u00dcbereinkommen gegen das Verschwindenlassen von Menschen (nur Englisch) 1996 Europ\u00e4isches \u00dcbereinkommen \u00fcber die Aus\u00fcbung von Kinderrechten 1999 Afrikanische Charta \u00fcber die Rechte und das Wohlergehen des Kindes (nur Englisch) 2007 \u00dcbereinkommen des Europarates zum Schutz von Kindern vor sexueller Ausbeutung und sexuellem Missbrauch Bildung und Entwicklung 1986 [&hellip;]<\/p>\n","protected":false},"author":1,"featured_media":0,"parent":0,"menu_order":0,"comment_status":"closed","ping_status":"closed","template":"","meta":{"footnotes":""},"class_list":["post-2407","page","type-page","status-publish","hentry"],"yoast_head":"<!-- This site is optimized with the Yoast SEO plugin v26.5 - https:\/\/yoast.com\/wordpress\/plugins\/seo\/ -->\n<title>Andere Texte bez\u00fcglich Kinderrechte - Humanium<\/title>\n<meta name=\"robots\" content=\"index, follow, max-snippet:-1, max-image-preview:large, max-video-preview:-1\" \/>\n<link rel=\"canonical\" href=\"https:\/\/www.humanium.org\/de\/andere-texte\/\" \/>\n<meta property=\"og:locale\" content=\"de_DE\" \/>\n<meta property=\"og:type\" content=\"article\" \/>\n<meta property=\"og:title\" content=\"Andere Texte bez\u00fcglich Kinderrechte - Humanium\" \/>\n<meta property=\"og:description\" content=\"Andere Texte bez\u00fcglich Kinderrechte Regionale \u00dcbereinkommen 1994 Interamerikanisches \u00dcbereinkommen gegen das Verschwindenlassen von Menschen (nur Englisch) 1996 Europ\u00e4isches \u00dcbereinkommen \u00fcber die Aus\u00fcbung von Kinderrechten 1999 Afrikanische Charta \u00fcber die Rechte und das Wohlergehen des Kindes (nur Englisch) 2007 \u00dcbereinkommen des Europarates zum Schutz von Kindern vor sexueller Ausbeutung und sexuellem Missbrauch Bildung und Entwicklung 1986 [&hellip;]\" \/>\n<meta property=\"og:url\" content=\"https:\/\/www.humanium.org\/de\/andere-texte\/\" \/>\n<meta property=\"og:site_name\" content=\"Humanium\" \/>\n<meta property=\"article:modified_time\" content=\"2025-12-06T06:22:57+00:00\" \/>\n<meta name=\"twitter:card\" content=\"summary_large_image\" \/>\n<meta name=\"twitter:label1\" content=\"Gesch\u00e4tzte Lesezeit\" \/>\n\t<meta name=\"twitter:data1\" content=\"1\u00a0Minute\" \/>\n<script type=\"application\/ld+json\" class=\"yoast-schema-graph\">{\"@context\":\"https:\/\/schema.org\",\"@graph\":[{\"@type\":\"WebPage\",\"@id\":\"https:\/\/www.humanium.org\/de\/andere-texte\/\",\"url\":\"https:\/\/www.humanium.org\/de\/andere-texte\/\",\"name\":\"Andere Texte bez\u00fcglich Kinderrechte - Humanium\",\"isPartOf\":{\"@id\":\"https:\/\/www.humanium.org\/de\/#website\"},\"datePublished\":\"2013-08-29T14:53:26+00:00\",\"dateModified\":\"2025-12-06T06:22:57+00:00\",\"breadcrumb\":{\"@id\":\"https:\/\/www.humanium.org\/de\/andere-texte\/#breadcrumb\"},\"inLanguage\":\"de\",\"potentialAction\":[{\"@type\":\"ReadAction\",\"target\":[\"https:\/\/www.humanium.org\/de\/andere-texte\/\"]}]},{\"@type\":\"BreadcrumbList\",\"@id\":\"https:\/\/www.humanium.org\/de\/andere-texte\/#breadcrumb\",\"itemListElement\":[{\"@type\":\"ListItem\",\"position\":1,\"name\":\"Home\",\"item\":\"https:\/\/www.humanium.org\/de\/\"},{\"@type\":\"ListItem\",\"position\":2,\"name\":\"Andere Texte bez\u00fcglich Kinderrechte\"}]},{\"@type\":\"WebSite\",\"@id\":\"https:\/\/www.humanium.org\/de\/#website\",\"url\":\"https:\/\/www.humanium.org\/de\/\",\"name\":\"Humanium\",\"description\":\"Kinder zuerst!\",\"potentialAction\":[{\"@type\":\"SearchAction\",\"target\":{\"@type\":\"EntryPoint\",\"urlTemplate\":\"https:\/\/www.humanium.org\/de\/?s={search_term_string}\"},\"query-input\":{\"@type\":\"PropertyValueSpecification\",\"valueRequired\":true,\"valueName\":\"search_term_string\"}}],\"inLanguage\":\"de\"}]}<\/script>\n<!-- \/ Yoast SEO plugin. -->","yoast_head_json":{"title":"Andere Texte bez\u00fcglich Kinderrechte - Humanium","robots":{"index":"index","follow":"follow","max-snippet":"max-snippet:-1","max-image-preview":"max-image-preview:large","max-video-preview":"max-video-preview:-1"},"canonical":"https:\/\/www.humanium.org\/de\/andere-texte\/","og_locale":"de_DE","og_type":"article","og_title":"Andere Texte bez\u00fcglich Kinderrechte - Humanium","og_description":"Andere Texte bez\u00fcglich Kinderrechte Regionale \u00dcbereinkommen 1994 Interamerikanisches \u00dcbereinkommen gegen das Verschwindenlassen von Menschen (nur Englisch) 1996 Europ\u00e4isches \u00dcbereinkommen \u00fcber die Aus\u00fcbung von Kinderrechten 1999 Afrikanische Charta \u00fcber die Rechte und das Wohlergehen des Kindes (nur Englisch) 2007 \u00dcbereinkommen des Europarates zum Schutz von Kindern vor sexueller Ausbeutung und sexuellem Missbrauch Bildung und Entwicklung 1986 [&hellip;]","og_url":"https:\/\/www.humanium.org\/de\/andere-texte\/","og_site_name":"Humanium","article_modified_time":"2025-12-06T06:22:57+00:00","twitter_card":"summary_large_image","twitter_misc":{"Gesch\u00e4tzte Lesezeit":"1\u00a0Minute"},"schema":{"@context":"https:\/\/schema.org","@graph":[{"@type":"WebPage","@id":"https:\/\/www.humanium.org\/de\/andere-texte\/","url":"https:\/\/www.humanium.org\/de\/andere-texte\/","name":"Andere Texte bez\u00fcglich Kinderrechte - Humanium","isPartOf":{"@id":"https:\/\/www.humanium.org\/de\/#website"},"datePublished":"2013-08-29T14:53:26+00:00","dateModified":"2025-12-06T06:22:57+00:00","breadcrumb":{"@id":"https:\/\/www.humanium.org\/de\/andere-texte\/#breadcrumb"},"inLanguage":"de","potentialAction":[{"@type":"ReadAction","target":["https:\/\/www.humanium.org\/de\/andere-texte\/"]}]},{"@type":"BreadcrumbList","@id":"https:\/\/www.humanium.org\/de\/andere-texte\/#breadcrumb","itemListElement":[{"@type":"ListItem","position":1,"name":"Home","item":"https:\/\/www.humanium.org\/de\/"},{"@type":"ListItem","position":2,"name":"Andere Texte bez\u00fcglich Kinderrechte"}]},{"@type":"WebSite","@id":"https:\/\/www.humanium.org\/de\/#website","url":"https:\/\/www.humanium.org\/de\/","name":"Humanium","description":"Kinder zuerst!","potentialAction":[{"@type":"SearchAction","target":{"@type":"EntryPoint","urlTemplate":"https:\/\/www.humanium.org\/de\/?s={search_term_string}"},"query-input":{"@type":"PropertyValueSpecification","valueRequired":true,"valueName":"search_term_string"}}],"inLanguage":"de"}]}},"_links":{"self":[{"href":"https:\/\/www.humanium.org\/de\/wp-json\/wp\/v2\/pages\/2407","targetHints":{"allow":["GET"]}}],"collection":[{"href":"https:\/\/www.humanium.org\/de\/wp-json\/wp\/v2\/pages"}],"about":[{"href":"https:\/\/www.humanium.org\/de\/wp-json\/wp\/v2\/types\/page"}],"author":[{"embeddable":true,"href":"https:\/\/www.humanium.org\/de\/wp-json\/wp\/v2\/users\/1"}],"replies":[{"embeddable":true,"href":"https:\/\/www.humanium.org\/de\/wp-json\/wp\/v2\/comments?post=2407"}],"version-history":[{"count":6,"href":"https:\/\/www.humanium.org\/de\/wp-json\/wp\/v2\/pages\/2407\/revisions"}],"predecessor-version":[{"id":20627,"href":"https:\/\/www.humanium.org\/de\/wp-json\/wp\/v2\/pages\/2407\/revisions\/20627"}],"wp:attachment":[{"href":"https:\/\/www.humanium.org\/de\/wp-json\/wp\/v2\/media?parent=2407"}],"curies":[{"name":"wp","href":"https:\/\/api.w.org\/{rel}","templated":true}]}}