{"id":2432,"date":"2013-08-30T14:35:16","date_gmt":"2013-08-30T14:35:16","guid":{"rendered":"http:\/\/www.humanium.org\/de\/?page_id=2432"},"modified":"2025-12-06T06:22:58","modified_gmt":"2025-12-06T06:22:58","slug":"erklarung-beijing","status":"publish","type":"page","link":"https:\/\/www.humanium.org\/de\/erklarung-beijing\/","title":{"rendered":"Erkl\u00e4rung von Beijing"},"content":{"rendered":"<h2><span style=\"color: #800000;\"><a href=\"https:\/\/www.humanium.org\/de\/wp-content\/uploads\/2013\/08\/Erkla\u0308rung-von-Beijing.odt\" target=\"_blank\" rel=\"noopener noreferrer\"><img loading=\"lazy\" decoding=\"async\" class=\"alignright size-full wp-image-972\" title=\"ODT\" src=\"https:\/\/www.humanium.org\/fr\/wp-content\/uploads\/logo-odt.gif\" alt=\"\" width=\"28\" height=\"24\" \/><\/a><img loading=\"lazy\" decoding=\"async\" class=\"alignright size-full wp-image-974\" title=\"WORD\" src=\"https:\/\/www.humanium.org\/fr\/wp-content\/uploads\/logo-word.gif\" alt=\"\" width=\"24\" height=\"24\" \/><img loading=\"lazy\" decoding=\"async\" class=\"alignright size-full wp-image-973\" title=\"PDF\" src=\"https:\/\/www.humanium.org\/fr\/wp-content\/uploads\/logo-pdf.gif\" alt=\"\" width=\"24\" height=\"24\" \/>Erkl\u00e4rung von Beijing<\/span><\/h2>\n<h3><span style=\"color: #800000;\"><span style=\"color: #800000;\">15. September 1995 (volltext)<\/span><br \/>\n<\/span><\/h3>\n<h3 style=\"text-align: left;\"><span style=\"color: #000080;\">Weltfrauenkonferenz<\/span><\/h3>\n<p style=\"text-align: left;\">Wir, die an der Vierten Weltfrauenkonferenz teilnehmenden Regierungen, versammelt hier in Beijing im September 1995, im f\u00fcnfzigsten Gr\u00fcndungsjahr der Vereinten Nationen,entschlossen, im Interesse der gesamten Menschheit die Ziele der Gleichberechtigung, der Entwicklung und des Friedens f\u00fcr alle Frauen in der ganzen Welt zu f\u00f6rdern,<\/p>\n<p style=\"text-align: left;\">in Anerkennung der Stimme der Frauen der Welt und in Kenntnis der Vielfalt der Frauen, ihrer Rollen und ihrer Lebensumst\u00e4nde sowie in Ehrung der Frauen, die Wegbereiterinnen waren, und befl\u00fcgelt von der Hoffnung, die die Jugend der Welt verk\u00f6rpert,<\/p>\n<p style=\"text-align: left;\">erkennen an, da\u00df sich der Status der Frau in den letzten zehn Jahren in mancher wichtigen Hinsicht verbessert hat, da\u00df jedoch nicht \u00fcberall in gleichem Ma\u00df Fortschritte erzielt wurden, da\u00df zwischen Frauen und M\u00e4nnern nach wie vor Ungleichheiten bestehen und da\u00df es noch gro\u00dfe Hindernisse zu bew\u00e4ltigen gilt, die ernste Folgen f\u00fcr das Wohl aller Menschen haben,<\/p>\n<p style=\"text-align: left;\">erkennen au\u00dferdem an, da\u00df diese Situation durch die wachsende Armut versch\u00e4rft wird, die das Leben der Mehrheit der Menschen in der Welt und insbesondere der Frauen und Kinder beeintr\u00e4chtigt und deren Ursachen auf nationaler wie auch auf internationaler Ebene zu suchen sind,<\/p>\n<p style=\"text-align: left;\">verpflichten uns vorbehaltlos, uns diesen Beschr\u00e4nkungen und Hindernissen zu stellen und so den Aufstieg und die Machtgleichstellung der Frauen in der ganzen Welt weiter zu f\u00f6rdern, und stimmen darin \u00fcberein, da\u00df hierzu jetzt und bis in das n\u00e4chste Jahrhundert hinein dringende Ma\u00dfnahmen erforderlich sind, die von einem Geist der Entschlossenheit, der Hoffnung, der Zusammenarbeit und der Solidarit\u00e4t getragen sind.<\/p>\n<h3 style=\"text-align: left;\"><strong><span style=\"color: #000080;\">Wir bekr\u00e4ftigen unsere Verpflichtung:<\/span><\/strong><\/h3>\n<p style=\"text-align: left;\">auf die Gleichberechtigung von Frauen und M\u00e4nnern und die ihnen innewohnende Menschenw\u00fcrde und auf die sonstigen in der Charta der Vereinten Nationen verankerten Ziele und Grunds\u00e4tze, auf die Allgemeine Erkl\u00e4rung der Menschenrechte und die anderen internationalen Dokumente auf dem Gebiet der Menschenrechte, insbesondere die Konvention \u00fcber die Beseitigung jeder Form von Diskriminierung der Frau und die Konvention \u00fcber die Rechte des Kindes sowie die Erkl\u00e4rung \u00fcber die Beseitigung der Gewalt gegen Frauen und die Erkl\u00e4rung \u00fcber das Recht auf Entwicklung;<\/p>\n<p style=\"text-align: left;\">zur Gew\u00e4hrleistung der vollen Verwirklichung der Menschenrechte von Frauen und M\u00e4dchen als unver\u00e4u\u00dferlicher, fester und unteilbarer Bestandteil aller Menschenrechte und Grundfreiheiten;<\/p>\n<p style=\"text-align: left;\">auf dem Konsens und den Fortschritten aufzubauen, die bei fr\u00fcheren Konferenzen und Gipfeltreffen der Vereinten Nationen &#8211; \u00fcber die Frau 1985 in Nairobi, \u00fcber Kinder 1990 in New York, \u00fcber Umwelt und Entwicklung 1992 in Rio de Janeiro, \u00fcber die Menschenrechte 1993 in Wien, \u00fcber Bev\u00f6lkerung und Entwicklung 1994 in Kairo und \u00fcber soziale Entwicklung 1995 in Kopenhagen &#8211; im Hinblick auf die Herbeif\u00fchrung von Gleichberechtigung, Entwicklung und Frieden erzielt wurden;<\/p>\n<p style=\"text-align: left;\">auf die volle und wirksame Umsetzung der Zukunftsstrategien von Nairobi zur F\u00f6rderung der Frau;<\/p>\n<p style=\"text-align: left;\">auf die St\u00e4rkung der Macht und die F\u00f6rderung der Frau, unter Einschlu\u00df ihres Rechts auf Gedanken-, Gewissens-, Religions- und Weltanschauungsfreiheit, als Beitrag zur Deckung der moralischen, ethischen, spirituellen und geistigen Bed\u00fcrfnisse von Frauen und M\u00e4nnern, ob einzeln oder gemeinschaftlich mit anderen, wodurch ihnen die M\u00f6glichkeit gew\u00e4hrleistet wird, sich in der Gesellschaft voll zu entfalten und ihr Leben nach ihren eigenen Bestrebungen zu gestalten.<\/p>\n<h3 style=\"text-align: left;\"><strong><span style=\"color: #000080;\"> Wir sind davon \u00fcberzeugt:<\/span><\/strong><\/h3>\n<p style=\"text-align: left;\">da\u00df die Machtgleichstellung der Frau und ihre gleichberechtigte und volle Teilhabe an allen Bereichen der Gesellschaft, so auch ihre Teilhabe an den Entscheidungsprozessen und ihr Zugang zu Macht, f\u00fcr die Herbeif\u00fchrung von Gleichberechtigung, Entwicklung und Frieden von grundlegender Wichtigkeit sind;<\/p>\n<p style=\"text-align: left;\">da\u00df die Rechte der Frau Menschenrechte sind;<\/p>\n<p style=\"text-align: left;\">da\u00df gleiche Rechte, gleiche Chancen und gleicher Zugang zu Ressourcen, die gleiche Verteilung der Familienaufgaben und eine harmonische Partnerschaft von Mann und Frau f\u00fcr ihr Wohl und das Wohl ihrer Familie sowie f\u00fcr die Konsolidierung der Demokratie von ma\u00dfgeblicher Bedeutung sind;<\/p>\n<p style=\"text-align: left;\">da\u00df die Einbeziehung der Frau in die wirtschaftliche und soziale Entwicklung, ihre Chancengleichheit sowie die volle und gleichberechtigte Teilhabe von Frauen und M\u00e4nnern als Tr\u00e4ger und Nutznie\u00dfer einer auf den Menschen ausgerichteten bestandf\u00e4higen Entwicklung Voraussetzung f\u00fcr die Beseitigung der Armut auf der Grundlage eines nachhaltigen Wirtschaftswachstums, einer sozialen Entwicklung, des Umweltschutzes und sozialer Gerechtigkeit ist;<\/p>\n<p style=\"text-align: left;\">da\u00df die ausdr\u00fcckliche Anerkennung und Bekr\u00e4ftigung des Rechtes aller Frauen, \u00fcber alle Aspekte ihrer Gesundheit, insbesondere ihre eigene Fruchtbarkeit, zu bestimmen, eine Grundvoraussetzung ihrer Machtgleichstellung ist;<\/p>\n<p style=\"text-align: left;\">da\u00df Frieden auf lokaler, nationaler, regionaler und weltweiter Ebene erreichbar ist und unaufl\u00f6slich mit der F\u00f6rderung der Frauen verkn\u00fcpft ist, da diese eine wesentliche Kraft darstellen, wenn es um F\u00fchrerschaft, Konfliktbeilegung und die F\u00f6rderung eines dauerhaften Friedens auf allen Ebenen geht;<\/p>\n<p style=\"text-align: left;\">da\u00df es unbedingt notwendig ist, auf allen Ebenen unter voller Mitwirkung der Frauen wirksame, effiziente und einander gegenseitig verst\u00e4rkende Politiken und Programme, namentlich Entwicklungspolitiken und -programme, die die unterschiedliche Situation von Frauen und M\u00e4nnern ber\u00fccksichtigen, auszuarbeiten, durchzuf\u00fchren und zu \u00fcberwachen, mit denen die Machtgleichstellung und F\u00f6rderung der Frau beg\u00fcnstigt wird;<\/p>\n<p style=\"text-align: left;\">da\u00df die Mitwirkung und der Beitrag aller Akteure der B\u00fcrgergesellschaft, insbesondere von Frauengruppen und -netzwerken sowie von anderen nichtstaatlichen Organisationen und lokalen Organisationen der Gemeinwesen unter voller Achtung ihrer Autonomie in Zusammenarbeit mit den Regierungen f\u00fcr die wirksame Umsetzung der Aktionsplattform und f\u00fcr deren Folgeproze\u00df wichtig sind;<\/p>\n<p style=\"text-align: left;\">da\u00df die Umsetzung der Aktionsplattform Engagement von seiten der Regierungen und der internationalen Gemeinschaft erfordert. Indem sich die Regierungen und die internationale Gemeinschaft auf nationaler und internationaler Ebene, so auch auf dieser Konferenz, zu Ma\u00dfnahmen verpflichten, erkennen sie die Notwendigkeit an, vorrangige Ma\u00dfnahmen zur Machtgleichstellung und F\u00f6rderung der Frau zu ergreifen.<\/p>\n<h3 style=\"text-align: left;\"><strong><span style=\"color: #000080;\">Wir sind entschlossen:<\/span><\/strong><\/h3>\n<p style=\"text-align: left;\">verst\u00e4rkte Anstrengungen zu unternehmen und Ma\u00dfnahmen zu treffen, damit die Ziele der Zukunftsstrategien von Nairobi zur F\u00f6rderung der Frau bis zum Ende dieses Jahrhunderts erreicht werden;<\/p>\n<p style=\"text-align: left;\">sicherzustellen, da\u00df Frauen und M\u00e4dchen alle Menschenrechte und Grundfreiheiten uneingeschr\u00e4nkt wahrnehmen k\u00f6nnen, und wirksame Ma\u00dfnahmen zur Verh\u00fctung von Verletzungen dieser Rechte und Freiheiten zu ergreifen;<\/p>\n<p style=\"text-align: left;\">alles Erforderliche zu tun, um alle Formen der Diskriminierung von Frauen und M\u00e4dchen zu beseitigen, und alle Hindernisse aus dem Weg zu r\u00e4umen, die sich der Gleichberechtigung der Geschlechter und der F\u00f6rderung und Machtgleichstellung der Frau entgegenstellen;<\/p>\n<p style=\"text-align: left;\">die M\u00e4nner zu ermutigen, sich voll an allen Ma\u00dfnahmen zur Herstellung von Gleichberechtigung zu beteiligen;<\/p>\n<p style=\"text-align: left;\">die wirtschaftliche Unabh\u00e4ngigkeit der Frau, insbesondere ihre Erwerbst\u00e4tigkeit, zu f\u00f6rdern und die best\u00e4ndige und zunehmende Belastung der Frau durch Armut zu beseitigen, indem wir die strukturellen Ursachen der Armut durch eine \u00c4nderung der Wirtschaftsstrukturen ausr\u00e4umen und so sicherstellen, da\u00df alle Frauen, einschlie\u00dflich der Frauen in l\u00e4ndlichen Gebieten, als wichtige Tr\u00e4gerinnen der Entwicklung gleichberechtigten Zugang zu Produktivressourcen, Chancen und \u00f6ffentlichen Dienstleistungen haben;<\/p>\n<p style=\"text-align: left;\">eine bestandf\u00e4hige Entwicklung zu f\u00f6rdern, in deren Mittelpunkt der Mensch steht, namentlich ein nachhaltiges Wirtschaftswachstum, indem wir f\u00fcr die Grundbildung, die lebenslange Weiterbildung, die Alphabetisierung und Ausbildung sowie die prim\u00e4re Gesundheitsversorgung von M\u00e4dchen und Frauen sorgen;<\/p>\n<p style=\"text-align: left;\">positive Ma\u00dfnahmen zu ergreifen, um im Interesse der F\u00f6rderung der Frau Frieden zu gew\u00e4hrleisten und in Anerkennung der f\u00fchrenden Rolle der Frauen in der Friedensbewegung aktiv auf eine allgemeine und vollst\u00e4ndige Abr\u00fcstung unter strenger und wirksamer internationaler Kontrolle hinzuarbeiten und die Verhandlungen zum unverz\u00fcglichen Abschlu\u00df eines universalen und multilateral und wirksam verifizierbaren Vertrags \u00fcber das umfassende Verbot von Kernversuchen zu unterst\u00fctzen, der zur nuklearen Abr\u00fcstung und zur Verh\u00fctung der Verbreitung von Kernwaffen unter allen Aspekten beitr\u00e4gt;<\/p>\n<p style=\"text-align: left;\">jede Form von Gewalt gegen Frauen und M\u00e4dchen zu verhindern und zu beseitigen;<\/p>\n<p style=\"text-align: left;\">den gleichberechtigten Zugang von Frauen und M\u00e4nnern zu Bildung und Gesundheitsversorgung sowie ihre diesbez\u00fcgliche Gleichbehandlung zu gew\u00e4hrleisten und die sexuelle und reproduktive Gesundheit von Frauen sowie ihre Bildung zu verbessern;<\/p>\n<p style=\"text-align: left;\">alle Menschenrechte von Frauen und M\u00e4dchen zu f\u00f6rdern und zu sch\u00fctzen;<\/p>\n<p style=\"text-align: left;\">verst\u00e4rkte Anstrengungen zu unternehmen, um sicherzustellen, da\u00df alle Frauen und M\u00e4dchen, die sich aufgrund von Faktoren wie Rasse, Alter, Sprache, ethnische Herkunft, Kultur, Religion oder Behinderung oder aufgrund ihrer Zugeh\u00f6rigkeit zur autochthonen Bev\u00f6lkerung in mehrfacher Hinsicht Hindernissen gegen\u00fcbersehen, was ihre Machtgleichstellung und F\u00f6rderung betrifft, alle Menschenrechte und Grundfreiheiten gleichberechtigt wahrnehmen k\u00f6nnen;<\/p>\n<p style=\"text-align: left;\">die Achtung vor dem V\u00f6lkerrecht, namentlich auch vor dem humanit\u00e4ren Recht, zu gew\u00e4hrleisten, damit insbesondere Frauen und M\u00e4dchen Schutz zuteil wird;<\/p>\n<p style=\"text-align: left;\">die Voraussetzungen daf\u00fcr zu schaffen, da\u00df M\u00e4dchen und Frauen jeden Alters ihre M\u00f6glichkeiten voll zur Entfaltung bringen k\u00f6nnen, daf\u00fcr zu sorgen, da\u00df sie voll und gleichberechtigt am Aufbau einer besseren Welt f\u00fcr alle mitwirken, und ihre Rolle im Entwicklungsproze\u00df zu st\u00e4rken.<\/p>\n<h3 style=\"text-align: left;\"><strong><span style=\"color: #000080;\"> Wir sind entschlossen,<\/span><\/strong><\/h3>\n<p style=\"text-align: left;\">sicherzustellen, da\u00df die Frau gleichen Zugang zu wirtschaftlichen Ressourcen, namentlich Grund und Boden, Krediten, Wissenschaft und Technologie, Berufsausbildung, Information, Kommunikation und zu den M\u00e4rkten erh\u00e4lt, als Mittel zur F\u00f6rderung des Aufstiegs und der Machtgleichstellung von Frauen und M\u00e4dchen, so auch dadurch, da\u00df sie unter anderem auf dem Weg der internationalen Zusammenarbeit besser in die Lage versetzt werden, die Vorteile aus dem gleichen Zugang zu diesen Ressourcen wahrzunehmen;<\/p>\n<p style=\"text-align: left;\">den Erfolg der Aktionsplattform sicherzustellen, wozu ein starkes Engagement seitens der Regierungen, der internationalen Organisationen und von Institutionen auf allen Ebenen notwendig sein wird. Wir sind fest davon \u00fcberzeugt, da\u00df die wirtschaftliche und soziale Entwicklung und der Schutz der Umwelt einander bedingende und gegenseitig verst\u00e4rkende Bestandteile einer bestandf\u00e4higen Entwicklung sind, die den Rahmen unserer Anstrengungen zur Herbeif\u00fchrung einer h\u00f6heren Lebensqualit\u00e4t f\u00fcr alle Menschen bildet. Eine ausgewogene soziale Entwicklung, die der Bef\u00e4higung der Armen, insbesondere der in Armut lebenden Frauen, zur nachhaltigen Nutzung der Umweltressourcen Rechnung tr\u00e4gt, ist ein notwendiges Fundament einer bestandf\u00e4higen Entwicklung. Wir erkennen au\u00dferdem an, da\u00df ein breites und nachhaltiges Wirtschaftswachstum im Kontext einer bestandf\u00e4higen Entwicklung notwendig ist, um sozialer Entwicklung und sozialer Gerechtigkeit Bestand zu verleihen. F\u00fcr den Erfolg der Aktionsplattform wird au\u00dferdem folgendes erforderlich sein: die Mobilisierung angemessener Mittel auf nationaler und internationaler Ebene sowie neuer und zus\u00e4tzlicher Mittel zugunsten der Entwicklungsl\u00e4nder aus allen zur Verf\u00fcgung stehenden Finanzierungsmechanismen, so auch aus multilateralen, bilateralen und privaten Quellen f\u00fcr die F\u00f6rderung der Frau; Finanzmittel zur St\u00e4rkung der Kapazit\u00e4t der nationalen, subregionalen, regionalen und internationalen Institutionen; das entschlossene Eintreten f\u00fcr gleiche Rechte, gleiche Pflichten und gleiche Chancen sowie die gleichberechtigte Mitwirkung von Frauen und M\u00e4nnern in allen nationalen, regionalen und internationalen Organen und an grundsatzpolitischen Entscheidungsprozessen; und die Schaffung beziehungsweise St\u00e4rkung von Einrichtungen auf allen Ebenen, die den Frauen der Welt Rechenschaft abzulegen haben;<\/p>\n<p style=\"text-align: left;\">den Erfolg der Aktionsplattform auch in den Umbruchl\u00e4ndern sicherzustellen, wozu eine st\u00e4ndige internationale Zusammenarbeit und Unterst\u00fctzung notwendig sein wird.<\/p>\n<p style=\"text-align: left;\">Wir verabschieden hiermit die nachstehende Aktionsplattform und verpflichten uns als Regierungen zu ihrer Umsetzung, bei der wir daf\u00fcr Sorge tragen werden, da\u00df in allen unseren Politiken und Programmen eine geschlechtsbezogene Perspektive zum Ausdruck kommt. Wir fordern das System der Vereinten Nationen, die regionalen und internationalen Finanzinstitutionen, andere in Betracht kommende regionale und internationale Institutionen und alle Frauen und M\u00e4nner sowie die nichtstaatlichen Organisationen, unter voller Achtung ihrer Autonomie, und alle Teile der B\u00fcrgergesellschaft in Zusammenarbeit mit den Regierungen nachdr\u00fccklich auf, sich voll auf diese Aktionsplattform zu verpflichten und zu ihrer Umsetzung beizutragen.<\/p>\n<p>&nbsp;<\/p>\n<div id=\"toggle\"><a><\/a><\/div>\n<div id=\"voir_aussi_box\" style=\"display: none;\">\n<ul>\n<li><a href=\"https:\/\/www.humanium.org\/de\/andere-texte\/\">Referenznormen f\u00fcr Kinderrechte<\/a><\/li>\n<li><a href=\"https:\/\/www.humanium.org\/de\/andere-texte\/\">Andere Texte bez\u00fcglich Kinderrechte<\/a><\/li>\n<\/ul>\n<\/div>\n<p>&nbsp;<\/p>\n","protected":false},"excerpt":{"rendered":"<p>Erkl\u00e4rung von Beijing 15. September 1995 (volltext) Weltfrauenkonferenz Wir, die an der Vierten Weltfrauenkonferenz teilnehmenden Regierungen, versammelt hier in Beijing im September 1995, im f\u00fcnfzigsten Gr\u00fcndungsjahr der Vereinten Nationen,entschlossen, im Interesse der gesamten Menschheit die Ziele der Gleichberechtigung, der Entwicklung und des Friedens f\u00fcr alle Frauen in der ganzen Welt zu f\u00f6rdern, in Anerkennung der [&hellip;]<\/p>\n","protected":false},"author":1,"featured_media":0,"parent":0,"menu_order":0,"comment_status":"closed","ping_status":"closed","template":"","meta":{"footnotes":""},"class_list":["post-2432","page","type-page","status-publish","hentry"],"yoast_head":"<!-- This site is optimized with the Yoast SEO plugin v26.5 - https:\/\/yoast.com\/wordpress\/plugins\/seo\/ -->\n<title>Erkl\u00e4rung von Beijing - Humanium<\/title>\n<meta name=\"robots\" content=\"index, follow, max-snippet:-1, max-image-preview:large, max-video-preview:-1\" \/>\n<link rel=\"canonical\" href=\"https:\/\/www.humanium.org\/de\/erklarung-beijing\/\" \/>\n<meta property=\"og:locale\" content=\"de_DE\" \/>\n<meta property=\"og:type\" content=\"article\" \/>\n<meta property=\"og:title\" content=\"Erkl\u00e4rung von Beijing - Humanium\" \/>\n<meta property=\"og:description\" content=\"Erkl\u00e4rung von Beijing 15. September 1995 (volltext) Weltfrauenkonferenz Wir, die an der Vierten Weltfrauenkonferenz teilnehmenden Regierungen, versammelt hier in Beijing im September 1995, im f\u00fcnfzigsten Gr\u00fcndungsjahr der Vereinten Nationen,entschlossen, im Interesse der gesamten Menschheit die Ziele der Gleichberechtigung, der Entwicklung und des Friedens f\u00fcr alle Frauen in der ganzen Welt zu f\u00f6rdern, in Anerkennung der [&hellip;]\" \/>\n<meta property=\"og:url\" content=\"https:\/\/www.humanium.org\/de\/erklarung-beijing\/\" \/>\n<meta property=\"og:site_name\" content=\"Humanium\" \/>\n<meta property=\"article:modified_time\" content=\"2025-12-06T06:22:58+00:00\" \/>\n<meta name=\"twitter:card\" content=\"summary_large_image\" \/>\n<meta name=\"twitter:label1\" content=\"Gesch\u00e4tzte Lesezeit\" \/>\n\t<meta name=\"twitter:data1\" content=\"9\u00a0Minuten\" \/>\n<script type=\"application\/ld+json\" class=\"yoast-schema-graph\">{\"@context\":\"https:\/\/schema.org\",\"@graph\":[{\"@type\":\"WebPage\",\"@id\":\"https:\/\/www.humanium.org\/de\/erklarung-beijing\/\",\"url\":\"https:\/\/www.humanium.org\/de\/erklarung-beijing\/\",\"name\":\"Erkl\u00e4rung von Beijing - Humanium\",\"isPartOf\":{\"@id\":\"https:\/\/www.humanium.org\/de\/#website\"},\"primaryImageOfPage\":{\"@id\":\"https:\/\/www.humanium.org\/de\/erklarung-beijing\/#primaryimage\"},\"image\":{\"@id\":\"https:\/\/www.humanium.org\/de\/erklarung-beijing\/#primaryimage\"},\"thumbnailUrl\":\"https:\/\/www.humanium.org\/fr\/wp-content\/uploads\/logo-odt.gif\",\"datePublished\":\"2013-08-30T14:35:16+00:00\",\"dateModified\":\"2025-12-06T06:22:58+00:00\",\"breadcrumb\":{\"@id\":\"https:\/\/www.humanium.org\/de\/erklarung-beijing\/#breadcrumb\"},\"inLanguage\":\"de\",\"potentialAction\":[{\"@type\":\"ReadAction\",\"target\":[\"https:\/\/www.humanium.org\/de\/erklarung-beijing\/\"]}]},{\"@type\":\"ImageObject\",\"inLanguage\":\"de\",\"@id\":\"https:\/\/www.humanium.org\/de\/erklarung-beijing\/#primaryimage\",\"url\":\"https:\/\/www.humanium.org\/fr\/wp-content\/uploads\/logo-odt.gif\",\"contentUrl\":\"https:\/\/www.humanium.org\/fr\/wp-content\/uploads\/logo-odt.gif\"},{\"@type\":\"BreadcrumbList\",\"@id\":\"https:\/\/www.humanium.org\/de\/erklarung-beijing\/#breadcrumb\",\"itemListElement\":[{\"@type\":\"ListItem\",\"position\":1,\"name\":\"Home\",\"item\":\"https:\/\/www.humanium.org\/de\/\"},{\"@type\":\"ListItem\",\"position\":2,\"name\":\"Erkl\u00e4rung von Beijing\"}]},{\"@type\":\"WebSite\",\"@id\":\"https:\/\/www.humanium.org\/de\/#website\",\"url\":\"https:\/\/www.humanium.org\/de\/\",\"name\":\"Humanium\",\"description\":\"Kinder zuerst!\",\"potentialAction\":[{\"@type\":\"SearchAction\",\"target\":{\"@type\":\"EntryPoint\",\"urlTemplate\":\"https:\/\/www.humanium.org\/de\/?s={search_term_string}\"},\"query-input\":{\"@type\":\"PropertyValueSpecification\",\"valueRequired\":true,\"valueName\":\"search_term_string\"}}],\"inLanguage\":\"de\"}]}<\/script>\n<!-- \/ Yoast SEO plugin. -->","yoast_head_json":{"title":"Erkl\u00e4rung von Beijing - Humanium","robots":{"index":"index","follow":"follow","max-snippet":"max-snippet:-1","max-image-preview":"max-image-preview:large","max-video-preview":"max-video-preview:-1"},"canonical":"https:\/\/www.humanium.org\/de\/erklarung-beijing\/","og_locale":"de_DE","og_type":"article","og_title":"Erkl\u00e4rung von Beijing - Humanium","og_description":"Erkl\u00e4rung von Beijing 15. September 1995 (volltext) Weltfrauenkonferenz Wir, die an der Vierten Weltfrauenkonferenz teilnehmenden Regierungen, versammelt hier in Beijing im September 1995, im f\u00fcnfzigsten Gr\u00fcndungsjahr der Vereinten Nationen,entschlossen, im Interesse der gesamten Menschheit die Ziele der Gleichberechtigung, der Entwicklung und des Friedens f\u00fcr alle Frauen in der ganzen Welt zu f\u00f6rdern, in Anerkennung der [&hellip;]","og_url":"https:\/\/www.humanium.org\/de\/erklarung-beijing\/","og_site_name":"Humanium","article_modified_time":"2025-12-06T06:22:58+00:00","twitter_card":"summary_large_image","twitter_misc":{"Gesch\u00e4tzte Lesezeit":"9\u00a0Minuten"},"schema":{"@context":"https:\/\/schema.org","@graph":[{"@type":"WebPage","@id":"https:\/\/www.humanium.org\/de\/erklarung-beijing\/","url":"https:\/\/www.humanium.org\/de\/erklarung-beijing\/","name":"Erkl\u00e4rung von Beijing - Humanium","isPartOf":{"@id":"https:\/\/www.humanium.org\/de\/#website"},"primaryImageOfPage":{"@id":"https:\/\/www.humanium.org\/de\/erklarung-beijing\/#primaryimage"},"image":{"@id":"https:\/\/www.humanium.org\/de\/erklarung-beijing\/#primaryimage"},"thumbnailUrl":"https:\/\/www.humanium.org\/fr\/wp-content\/uploads\/logo-odt.gif","datePublished":"2013-08-30T14:35:16+00:00","dateModified":"2025-12-06T06:22:58+00:00","breadcrumb":{"@id":"https:\/\/www.humanium.org\/de\/erklarung-beijing\/#breadcrumb"},"inLanguage":"de","potentialAction":[{"@type":"ReadAction","target":["https:\/\/www.humanium.org\/de\/erklarung-beijing\/"]}]},{"@type":"ImageObject","inLanguage":"de","@id":"https:\/\/www.humanium.org\/de\/erklarung-beijing\/#primaryimage","url":"https:\/\/www.humanium.org\/fr\/wp-content\/uploads\/logo-odt.gif","contentUrl":"https:\/\/www.humanium.org\/fr\/wp-content\/uploads\/logo-odt.gif"},{"@type":"BreadcrumbList","@id":"https:\/\/www.humanium.org\/de\/erklarung-beijing\/#breadcrumb","itemListElement":[{"@type":"ListItem","position":1,"name":"Home","item":"https:\/\/www.humanium.org\/de\/"},{"@type":"ListItem","position":2,"name":"Erkl\u00e4rung von Beijing"}]},{"@type":"WebSite","@id":"https:\/\/www.humanium.org\/de\/#website","url":"https:\/\/www.humanium.org\/de\/","name":"Humanium","description":"Kinder zuerst!","potentialAction":[{"@type":"SearchAction","target":{"@type":"EntryPoint","urlTemplate":"https:\/\/www.humanium.org\/de\/?s={search_term_string}"},"query-input":{"@type":"PropertyValueSpecification","valueRequired":true,"valueName":"search_term_string"}}],"inLanguage":"de"}]}},"_links":{"self":[{"href":"https:\/\/www.humanium.org\/de\/wp-json\/wp\/v2\/pages\/2432","targetHints":{"allow":["GET"]}}],"collection":[{"href":"https:\/\/www.humanium.org\/de\/wp-json\/wp\/v2\/pages"}],"about":[{"href":"https:\/\/www.humanium.org\/de\/wp-json\/wp\/v2\/types\/page"}],"author":[{"embeddable":true,"href":"https:\/\/www.humanium.org\/de\/wp-json\/wp\/v2\/users\/1"}],"replies":[{"embeddable":true,"href":"https:\/\/www.humanium.org\/de\/wp-json\/wp\/v2\/comments?post=2432"}],"version-history":[{"count":5,"href":"https:\/\/www.humanium.org\/de\/wp-json\/wp\/v2\/pages\/2432\/revisions"}],"predecessor-version":[{"id":20632,"href":"https:\/\/www.humanium.org\/de\/wp-json\/wp\/v2\/pages\/2432\/revisions\/20632"}],"wp:attachment":[{"href":"https:\/\/www.humanium.org\/de\/wp-json\/wp\/v2\/media?parent=2432"}],"curies":[{"name":"wp","href":"https:\/\/api.w.org\/{rel}","templated":true}]}}