{"id":244,"date":"2010-09-27T08:06:00","date_gmt":"2010-09-27T08:06:00","guid":{"rendered":"http:\/\/www.humanium.org\/de\/"},"modified":"2025-12-06T06:18:44","modified_gmt":"2025-12-06T06:18:44","slug":"warum-bietet-humanium-nicht-individuelle-namentliche-patenschaften-an","status":"publish","type":"page","link":"https:\/\/www.humanium.org\/de\/pate-werden-2\/verstehen\/warum-bietet-humanium-nicht-individuelle-namentliche-patenschaften-an\/","title":{"rendered":"Warum bietet Humanium nicht individuelle namentliche Patenschaften an?"},"content":{"rendered":"<h1><a href=\"https:\/\/www.humanium.org\/de\/jetzt\/\"><\/a>Besser verstehen<\/h1>\n<h2>Warum bietet Humanium nicht individuelle namentliche Patenschaften an?<\/h2>\n<p>Die individuelle Patenschaft beinhaltet, aus unserer Sicht, viele Nachteile f\u00fcr das Patenkind, wie auch f\u00fcr den Paten und die Organisation.<strong><span style=\"color: #003366;\"> <\/span><\/strong><\/p>\n<h3>&gt; Die Nachteile einer privilegierten Beziehung Pate\/Patenkind<\/h3>\n<h4>Die unbefriedigten Erwartungen<\/h4>\n<p>Die Besonderheit der individuellen Patenschaft ist, dass sich eine pers\u00f6nliche Beziehung zwischen dem Paten und dem Patenkind bildet. Diese Beziehung, oftmals als Gewinn f\u00fcr das Kind und den Paten empfunden, kann jedoch Erwartungen seitens des Patenkindes und dem Paten wecken, die nicht erf\u00fcllt werden k\u00f6nnen. Beiderseits k\u00f6nnen falsche Hoffnungen entstehen, und das Kind l\u00e4uft auf die Gefahr hinaus entt\u00e4uscht zu werden.<\/p>\n<h4>Eine zerbrechliche Hilfe<\/h4>\n<p>Konkret kann die individuelle Patenschaft schwerwiegende Probleme f\u00fcr das Kind mit sich bringen, wenn der Pate abspringt. Falls sich der Pate tats\u00e4chlich entscheidet seine Patenschaft zu beenden und die Organisation findet keinen Paten der einspringt, kann sich das Kind von einem Tag auf den anderen ohne Hilfe wiederfinden und alle seine Bem\u00fchungen waren vergeblich.<\/p>\n<h4>Der Einfluss der Paten<\/h4>\n<h4><span style=\"color: #000000;\">Die Paten k\u00f6nnen glauben, dass sie ein legales Recht auf die Kinder haben, oder zumindest auf deren pers\u00f6nliche oder spirituelle Entwicklung. Au\u00dferdem bestehen viele Organisationen  auf eine religi\u00f6se Erziehung der Patenkinder, damit sie zur selben Religion wie ihre Paten orientiert sind.<\/span><strong><span style=\"color: #333333;\"> <\/span><\/strong><\/h4>\n<h4>Ein Austausch von unpassenden Briefen<\/h4>\n<p>Trotz der h\u00e4ufigen Lesekontrolle der NGO-Mitglieder kann der Briefaustausch zwischen dem Paten und dem Kind kulturell unangemessen sein. Es stimmt, dass in vielen F\u00e4llen der Briefaustausch nicht den kulturellen Hintergrund des Kindes ber\u00fccksichtigt und daher f\u00fcr kulturelle Verwirrung des Patenkindes sorgt.<strong><span style=\"color: #003366;\"> <\/span><\/strong><\/p>\n<h3>&gt; Nur das Patenkind erh\u00e4lt Hilfe .. was Konsequenzen hat ..<\/h3>\n<h4>Neid und Eifersucht<\/h4>\n<p>Ein anderer Nachteil der individuellen namentlichen Patenschaft ist, dass es sich nur auf ein einzelnes Kind bezieht. Diese Art von Patenschaft kann daher die Eifersucht der anderen Kinder mit sich ziehen, welche selbst keine Hilfe empfangen. Diese patenlosen Kinder k\u00f6nnen sich daher zu \u201eunw\u00fcrdig\u201c f\u00fchlen, um Hilfe zu erhalten, und ihr Selbstvertrauen kann darunter leiden. Hinzu kommt noch, dass in einer Klasse der Lehrer h\u00e4ufig geneigt ist das Patenkind eher zu f\u00f6rdern und somit die anderen vernachl\u00e4ssigt.<\/p>\n<p>Das Patenkind selbst kann sich schuldig gegen\u00fcber den Anderen f\u00fchlen. Diese Begebenheiten ziehen daher eher die Fortdauer der Ungleichheit nach sich und der Weiterentwicklung der Gemeinschaft ist nicht geholfen.<\/p>\n<h4>Famili\u00e4re Spannungen<\/h4>\n<p>Mit der individuellen Patenschaft k\u00f6nnen sich die Eltern des Patenkindes gedem\u00fctigt f\u00fchlen, da sie nicht f\u00fcr die Bed\u00fcrfnisse ihres Kindes aufkommen k\u00f6nnen und es einem Fremden \u00fcberlassen. Es kann sie auch frustrieren, dass nur eines ihrer Kinder Hilfe bekommt. Auch die Geschwister des Patenkindes k\u00f6nnen Eifersuchtsgef\u00fchle entwickeln. Demzufolge kann das Patenkind sich von der Familie und den Freunden ausgeschlossen f\u00fchlen.<\/p>\n<h4>Unwirksamkeit der Hilfe<\/h4>\n<p>In den meisten F\u00e4llen kann das Patenkind, nach seinem Studium, keine Arbeitsstelle seiner Ausbildung entsprechend in seinem Dorf finden. Daher ist es h\u00e4ufig gezwungen sein Dorf zu verlassen, um in der Stadt zu arbeiten, dies tr\u00e4gt also nicht zur Unterst\u00fctzung seines Dorfes bei. Er kann es jedoch bevorzugen in seinem Dorf zu bleiben, und ist dann aber frustriert keinen, nach all seinen Bem\u00fchungen, entsprechenden  Beruf zu finden. Was wiederum bewirkt, dass die anderen Kinder des Dorfes entmutigt ihrer schulischen Laufbahn entgegensehen. Auch m\u00f6glich, dass die Patenkinder sich verpflichtet f\u00fchlen ihr Studium weiterzuf\u00fchren, um die Hilfe weiterhin zu bekommen, es aber f\u00fcr sie und ihrer Familie vom Vorteil w\u00e4re, dass sie einen n\u00fctzlichen Beruf in ihrem Dorf lernen und fr\u00fch m\u00f6glichst anfangen zu arbeiten.<\/p>\n<h3>&gt; Die individuelle namentliche Patenschaft : ein Abh\u00e4ngigkeitsrisiko<\/h3>\n<h4>Paternalistische Beziehung<\/h4>\n<p>Die Beziehung zwischen dem Paten und dem Patenkind ist oft auf ein paternalistisches Verh\u00e4ltnis aufgebaut. In der Tat kann der Pate versuchen einen gewissen Einfluss, ja sogar Autorit\u00e4t auf das Kind auszu\u00fcben. Die Eigeninitiativen vom Kind werden nicht ermutigt, man bleibt in einer Beziehung in der der \u201eReiche\u201c dem \u201eArmen\u201c hilft. Au\u00dferdem wird seitens der NGO in den meisten F\u00e4llen darauf bestanden, dass das Kind regelm\u00e4\u00dfig an seinen Paten schreibt und seine Dankbarkeit bekundet. Dieses Verh\u00e4ltnis l\u00e4sst das negative Bild \u00fcber die Bewohner der Dritten Welt fortbestehen, als passive und auf Hilfe angewiesene Menschen.<\/p>\n<h4>Eine Hemmnis der lokalen Initiativen<\/h4>\n<p>Mit der individuellen Patenschaft werden die Familien nicht ermutigt, dauerhafte Initiativen zu ergreifen um der Armut zu entkommen. Dieses Geld was \u201evom Himmel kommt\u201c l\u00f6st bei den Familien eher das Gegenteil aus. Die individuelle Patenschaft ist in der Tat eine Form von Hilfestellung die keine dauerhafte Entwicklung f\u00fcr die D\u00f6rfer mit sich bringt.<\/p>\n<p>Die individuelle Patenschaft kann also Eifersucht und Neid im Umfeld des Kindes verursachen, sie ist im sozialen Umfeld schlecht integriert und stellt in Betracht der Dauerhaftigkeit Probleme dar.<\/p>\n<p><strong>Humanium engagiert sich die Ethik zum Schutz des Kindes und gew\u00e4hrleistet eine dauerhafte, wirksame und faire Patenschaft ! <\/strong><\/p>\n<div style=\"float: left; width: 100%;\"><span style=\"color: #ffffff;\">.<\/span><\/div>\n<table style=\"height: 70px;\" width=\"640\">\n<tbody>\n<tr>\n<td>\n<ul>\n<li> <a href=\"https:\/\/www.humanium.org\/de\/pate-werden-2\/verstehen\/ethical-and-responsible-sponsorship\/\">Ethische und verantwortungsvolle Patenschaft mit Humanium.<\/a><\/li>\n<li> <a href=\"https:\/\/www.humanium.org\/de\/pate-werden-2\/sponsor-with-humanium\/\">Die Vorteile der Kinderpatenschaft mit Humanium<\/a><\/li>\n<li> <a href=\"https:\/\/www.humanium.org\/de\/jetzt\/\">Ab sofort Pate werden !<\/a><\/li>\n<\/ul>\n<\/td>\n<\/tr>\n<\/tbody>\n<\/table>\n","protected":false},"excerpt":{"rendered":"<p>Besser verstehen Warum bietet Humanium nicht individuelle namentliche Patenschaften an? Die individuelle Patenschaft beinhaltet, aus unserer Sicht, viele Nachteile f\u00fcr das Patenkind, wie auch f\u00fcr den Paten und die Organisation. &gt; Die Nachteile einer privilegierten Beziehung Pate\/Patenkind Die unbefriedigten Erwartungen Die Besonderheit der individuellen Patenschaft ist, dass sich eine pers\u00f6nliche Beziehung zwischen dem Paten und [&hellip;]<\/p>\n","protected":false},"author":1,"featured_media":0,"parent":237,"menu_order":0,"comment_status":"closed","ping_status":"closed","template":"","meta":{"footnotes":""},"class_list":["post-244","page","type-page","status-publish","hentry"],"yoast_head":"<!-- This site is optimized with the Yoast SEO plugin v26.5 - https:\/\/yoast.com\/wordpress\/plugins\/seo\/ -->\n<title>Warum bietet Humanium nicht individuelle namentliche Patenschaften an? - Humanium<\/title>\n<meta name=\"robots\" content=\"index, follow, max-snippet:-1, max-image-preview:large, max-video-preview:-1\" \/>\n<link rel=\"canonical\" href=\"https:\/\/www.humanium.org\/de\/pate-werden-2\/verstehen\/warum-bietet-humanium-nicht-individuelle-namentliche-patenschaften-an\/\" \/>\n<meta property=\"og:locale\" content=\"de_DE\" \/>\n<meta property=\"og:type\" content=\"article\" \/>\n<meta property=\"og:title\" content=\"Warum bietet Humanium nicht individuelle namentliche Patenschaften an? - Humanium\" \/>\n<meta property=\"og:description\" content=\"Besser verstehen Warum bietet Humanium nicht individuelle namentliche Patenschaften an? Die individuelle Patenschaft beinhaltet, aus unserer Sicht, viele Nachteile f\u00fcr das Patenkind, wie auch f\u00fcr den Paten und die Organisation. &gt; Die Nachteile einer privilegierten Beziehung Pate\/Patenkind Die unbefriedigten Erwartungen Die Besonderheit der individuellen Patenschaft ist, dass sich eine pers\u00f6nliche Beziehung zwischen dem Paten und [&hellip;]\" \/>\n<meta property=\"og:url\" content=\"https:\/\/www.humanium.org\/de\/pate-werden-2\/verstehen\/warum-bietet-humanium-nicht-individuelle-namentliche-patenschaften-an\/\" \/>\n<meta property=\"og:site_name\" content=\"Humanium\" \/>\n<meta property=\"article:modified_time\" content=\"2025-12-06T06:18:44+00:00\" \/>\n<meta name=\"twitter:card\" content=\"summary_large_image\" \/>\n<meta name=\"twitter:label1\" content=\"Gesch\u00e4tzte Lesezeit\" \/>\n\t<meta name=\"twitter:data1\" content=\"4\u00a0Minuten\" \/>\n<script type=\"application\/ld+json\" class=\"yoast-schema-graph\">{\"@context\":\"https:\/\/schema.org\",\"@graph\":[{\"@type\":\"WebPage\",\"@id\":\"https:\/\/www.humanium.org\/de\/pate-werden-2\/verstehen\/warum-bietet-humanium-nicht-individuelle-namentliche-patenschaften-an\/\",\"url\":\"https:\/\/www.humanium.org\/de\/pate-werden-2\/verstehen\/warum-bietet-humanium-nicht-individuelle-namentliche-patenschaften-an\/\",\"name\":\"Warum bietet Humanium nicht individuelle namentliche Patenschaften an? - Humanium\",\"isPartOf\":{\"@id\":\"https:\/\/www.humanium.org\/de\/#website\"},\"datePublished\":\"2010-09-27T08:06:00+00:00\",\"dateModified\":\"2025-12-06T06:18:44+00:00\",\"breadcrumb\":{\"@id\":\"https:\/\/www.humanium.org\/de\/pate-werden-2\/verstehen\/warum-bietet-humanium-nicht-individuelle-namentliche-patenschaften-an\/#breadcrumb\"},\"inLanguage\":\"de\",\"potentialAction\":[{\"@type\":\"ReadAction\",\"target\":[\"https:\/\/www.humanium.org\/de\/pate-werden-2\/verstehen\/warum-bietet-humanium-nicht-individuelle-namentliche-patenschaften-an\/\"]}]},{\"@type\":\"BreadcrumbList\",\"@id\":\"https:\/\/www.humanium.org\/de\/pate-werden-2\/verstehen\/warum-bietet-humanium-nicht-individuelle-namentliche-patenschaften-an\/#breadcrumb\",\"itemListElement\":[{\"@type\":\"ListItem\",\"position\":1,\"name\":\"Home\",\"item\":\"https:\/\/www.humanium.org\/de\/\"},{\"@type\":\"ListItem\",\"position\":2,\"name\":\"Pate werden &#8211; Ethisch verantwortliche Patenschaft\",\"item\":\"https:\/\/www.humanium.org\/de\/pate-werden-2\/\"},{\"@type\":\"ListItem\",\"position\":3,\"name\":\"Die Patenschaft verstehen\",\"item\":\"https:\/\/www.humanium.org\/de\/pate-werden-2\/verstehen\/\"},{\"@type\":\"ListItem\",\"position\":4,\"name\":\"Warum bietet Humanium nicht individuelle namentliche Patenschaften an?\"}]},{\"@type\":\"WebSite\",\"@id\":\"https:\/\/www.humanium.org\/de\/#website\",\"url\":\"https:\/\/www.humanium.org\/de\/\",\"name\":\"Humanium\",\"description\":\"Kinder zuerst!\",\"potentialAction\":[{\"@type\":\"SearchAction\",\"target\":{\"@type\":\"EntryPoint\",\"urlTemplate\":\"https:\/\/www.humanium.org\/de\/?s={search_term_string}\"},\"query-input\":{\"@type\":\"PropertyValueSpecification\",\"valueRequired\":true,\"valueName\":\"search_term_string\"}}],\"inLanguage\":\"de\"}]}<\/script>\n<!-- \/ Yoast SEO plugin. -->","yoast_head_json":{"title":"Warum bietet Humanium nicht individuelle namentliche Patenschaften an? - Humanium","robots":{"index":"index","follow":"follow","max-snippet":"max-snippet:-1","max-image-preview":"max-image-preview:large","max-video-preview":"max-video-preview:-1"},"canonical":"https:\/\/www.humanium.org\/de\/pate-werden-2\/verstehen\/warum-bietet-humanium-nicht-individuelle-namentliche-patenschaften-an\/","og_locale":"de_DE","og_type":"article","og_title":"Warum bietet Humanium nicht individuelle namentliche Patenschaften an? - Humanium","og_description":"Besser verstehen Warum bietet Humanium nicht individuelle namentliche Patenschaften an? Die individuelle Patenschaft beinhaltet, aus unserer Sicht, viele Nachteile f\u00fcr das Patenkind, wie auch f\u00fcr den Paten und die Organisation. &gt; Die Nachteile einer privilegierten Beziehung Pate\/Patenkind Die unbefriedigten Erwartungen Die Besonderheit der individuellen Patenschaft ist, dass sich eine pers\u00f6nliche Beziehung zwischen dem Paten und [&hellip;]","og_url":"https:\/\/www.humanium.org\/de\/pate-werden-2\/verstehen\/warum-bietet-humanium-nicht-individuelle-namentliche-patenschaften-an\/","og_site_name":"Humanium","article_modified_time":"2025-12-06T06:18:44+00:00","twitter_card":"summary_large_image","twitter_misc":{"Gesch\u00e4tzte Lesezeit":"4\u00a0Minuten"},"schema":{"@context":"https:\/\/schema.org","@graph":[{"@type":"WebPage","@id":"https:\/\/www.humanium.org\/de\/pate-werden-2\/verstehen\/warum-bietet-humanium-nicht-individuelle-namentliche-patenschaften-an\/","url":"https:\/\/www.humanium.org\/de\/pate-werden-2\/verstehen\/warum-bietet-humanium-nicht-individuelle-namentliche-patenschaften-an\/","name":"Warum bietet Humanium nicht individuelle namentliche Patenschaften an? - Humanium","isPartOf":{"@id":"https:\/\/www.humanium.org\/de\/#website"},"datePublished":"2010-09-27T08:06:00+00:00","dateModified":"2025-12-06T06:18:44+00:00","breadcrumb":{"@id":"https:\/\/www.humanium.org\/de\/pate-werden-2\/verstehen\/warum-bietet-humanium-nicht-individuelle-namentliche-patenschaften-an\/#breadcrumb"},"inLanguage":"de","potentialAction":[{"@type":"ReadAction","target":["https:\/\/www.humanium.org\/de\/pate-werden-2\/verstehen\/warum-bietet-humanium-nicht-individuelle-namentliche-patenschaften-an\/"]}]},{"@type":"BreadcrumbList","@id":"https:\/\/www.humanium.org\/de\/pate-werden-2\/verstehen\/warum-bietet-humanium-nicht-individuelle-namentliche-patenschaften-an\/#breadcrumb","itemListElement":[{"@type":"ListItem","position":1,"name":"Home","item":"https:\/\/www.humanium.org\/de\/"},{"@type":"ListItem","position":2,"name":"Pate werden &#8211; Ethisch verantwortliche Patenschaft","item":"https:\/\/www.humanium.org\/de\/pate-werden-2\/"},{"@type":"ListItem","position":3,"name":"Die Patenschaft verstehen","item":"https:\/\/www.humanium.org\/de\/pate-werden-2\/verstehen\/"},{"@type":"ListItem","position":4,"name":"Warum bietet Humanium nicht individuelle namentliche Patenschaften an?"}]},{"@type":"WebSite","@id":"https:\/\/www.humanium.org\/de\/#website","url":"https:\/\/www.humanium.org\/de\/","name":"Humanium","description":"Kinder zuerst!","potentialAction":[{"@type":"SearchAction","target":{"@type":"EntryPoint","urlTemplate":"https:\/\/www.humanium.org\/de\/?s={search_term_string}"},"query-input":{"@type":"PropertyValueSpecification","valueRequired":true,"valueName":"search_term_string"}}],"inLanguage":"de"}]}},"_links":{"self":[{"href":"https:\/\/www.humanium.org\/de\/wp-json\/wp\/v2\/pages\/244","targetHints":{"allow":["GET"]}}],"collection":[{"href":"https:\/\/www.humanium.org\/de\/wp-json\/wp\/v2\/pages"}],"about":[{"href":"https:\/\/www.humanium.org\/de\/wp-json\/wp\/v2\/types\/page"}],"author":[{"embeddable":true,"href":"https:\/\/www.humanium.org\/de\/wp-json\/wp\/v2\/users\/1"}],"replies":[{"embeddable":true,"href":"https:\/\/www.humanium.org\/de\/wp-json\/wp\/v2\/comments?post=244"}],"version-history":[{"count":9,"href":"https:\/\/www.humanium.org\/de\/wp-json\/wp\/v2\/pages\/244\/revisions"}],"predecessor-version":[{"id":20348,"href":"https:\/\/www.humanium.org\/de\/wp-json\/wp\/v2\/pages\/244\/revisions\/20348"}],"up":[{"embeddable":true,"href":"https:\/\/www.humanium.org\/de\/wp-json\/wp\/v2\/pages\/237"}],"wp:attachment":[{"href":"https:\/\/www.humanium.org\/de\/wp-json\/wp\/v2\/media?parent=244"}],"curies":[{"name":"wp","href":"https:\/\/api.w.org\/{rel}","templated":true}]}}