{"id":2448,"date":"2013-09-01T15:29:33","date_gmt":"2013-09-01T15:29:33","guid":{"rendered":"http:\/\/www.humanium.org\/de\/?page_id=2448"},"modified":"2017-10-04T09:15:26","modified_gmt":"2017-10-04T09:15:26","slug":"konvention-182","status":"publish","type":"page","link":"https:\/\/www.humanium.org\/de\/konvention-182\/","title":{"rendered":"Konvention 182 \u00fcber die schlimmsten Formen von Kinderarbeit, 1999"},"content":{"rendered":"<h1><span style=\"color: #800000;\">Konvention 182 \u00fcber die schlimmsten Formen von Kinderarbeit, 1999<\/span><\/h1>\n<h2>\u00dcber das Abkommen<\/h2>\n<p><img loading=\"lazy\" decoding=\"async\" class=\"size-full wp-image-3870 alignright\" title=\"OIT\" alt=\"\" src=\"https:\/\/www.humanium.org\/fr\/wp-content\/uploads\/OIT.jpg\" width=\"83\" height=\"80\" \/><\/p>\n<p><strong><a href=\"https:\/\/www.humanium.org\/de\/ubereinkommen-uber-das-verbot-und-unverzugliche-massnahmen-zur-beseitigung-der-schlimmsten-formen-der-kinderarbeit-nr-182\/\">Die Konvention 182<\/a> wurde von der Internationalen Arbeitsorganisation (ILO) vorgestellt und am 17. Juni 1999 in Genf von deren Mitgliedern einstimmig angenommen.<\/strong><\/p>\n<h3>Die Urspr\u00fcnge der Konvention 182<\/h3>\n<p>Nach Angaben der ILO sind mehr als 250 Millionen Kinder zwischen 5 und 14 Jahren dazu gezwungen zu arbeiten um zu \u00fcberleben und ihre Familien zu versorgen. \u00dcber 70% von ihnen arbeiten unter gef\u00e4hrlichen Bedingungen.<\/p>\n<p><img loading=\"lazy\" decoding=\"async\" class=\" wp-image-3987 alignleft\" title=\"\u2212\tMillionen von Kindern arbeiten t\u00e4glich unter grausamen Bedingungen \u00a9 UN\/J.-P.Laffont\" alt=\"\" src=\"https:\/\/www.humanium.org\/fr\/wp-content\/uploads\/15-UN-Photo-Jean-Pierre-Laffont.jpg\" width=\"147\" height=\"217\" \/><\/p>\n<p>Dar\u00fcber hinaus erfassen diese Statistiken nicht die \u201eunsichtbaren\u201c Kinderarbeiter, von denen es Millionen gibt und die versteckt von ihren Arbeitgebern Arbeitsbedingungen ausgesetzt sind, die an Sklaverei grenzen.<\/p>\n<p>Diese alarmierende Situation hat die ILO dazu gebracht, eine neue Konvention und eine Reihe von Handlungspl\u00e4nen einzuf\u00fchren, die darauf abzielen, die schlimmsten Formen der Kinderarbeit zu beseitigen.<\/p>\n<p><a href=\"https:\/\/www.humanium.org\/de\/ubereinkommen-uber-das-verbot-und-unverzugliche-massnahmen-zur-beseitigung-der-schlimmsten-formen-der-kinderarbeit-nr-182\/\">Konvention 182 \u00fcber die schlimmsten Formen von Kinderarbeit<\/a> und Empfehlung R190 \u00fcber die unverz\u00fcglichen Ma\u00dfnahmen, die erforderlich sind um sie abzuschaffen, wurden von den Mitgliedern der ILO am 17. Juni 1999 einstimmig angenommen, bevor sie am 19. November 2000 in Kraft traten.<\/p>\n<h3>Inhalt der Konvention<\/h3>\n<p>Die <a href=\"https:\/\/www.humanium.org\/de\/ubereinkommen-uber-das-verbot-und-unverzugliche-massnahmen-zur-beseitigung-der-schlimmsten-formen-der-kinderarbeit-nr-182\/\">Konvention 182<\/a> hebt die 5 schlimmsten Formen von Arbeit hervor, die beseitigt werden m\u00fcssen um den Kampf gegen die Kinderarbeit voran zu bringen. Es handelt sich dabei um die Folgenden:<\/p>\n<p><img loading=\"lazy\" decoding=\"async\" class=\" wp-image-3991 alignright\" title=\"\u2212\tDie Konvention macht besonders Arbeit, die wahrscheinlich die Gesundheit, Sicherheit und Moral von  Kindern sch\u00e4digt ungesetzlich \u00a9 UN\/J.-P.Laffont\" alt=\"\" src=\"https:\/\/www.humanium.org\/fr\/wp-content\/uploads\/50-UN-Photo-Jean-Pierre-Laffont.jpg\" width=\"175\" height=\"258\" \/><\/p>\n<ul>\n<li>Sklaverei oder \u00e4hnliche Vorgehensweisen wie der Verkauf oder Handel mit Kindern oder das Benutzen von Kindern in Schuldknechtschaft oder Leibeigenschaft;<\/li>\n<li>Verbindliche oder erzwungene Arbeiten, einschlie\u00dflich dem verpflichtenden Rekrutieren von Kindern, um sie in bewaffneten Konflikten einzusetzen;<\/li>\n<li>Das Anwerben, Nutzen oder Anbieten von Kindern zur Beteiligung an Prostitution, pornographischem Material und pornographischen Darbietungen;<\/li>\n<li>Das Nutzen, Anwerben oder Anbieten von Kindern f\u00fcr illegale Handlungen, besonders in der Produktion oder dem Handel von Drogen, gem\u00e4\u00df den Bestimmungen in den entsprechenden internationalen Vertr\u00e4gen;<\/li>\n<li>Arbeit, die von ihrem Wesen her oder durch die Bedingungen unter denen sie ausgef\u00fchrt wird, wahrscheinlich die Gesundheit, Sicherheit oder Moral der Kinder gef\u00e4hrdet.<\/li>\n<\/ul>\n<p>Das International Programme on the Elimination of Child Labour (IPEC), 1992 von der ILO gegr\u00fcndet, unterst\u00fctzt die Mitgliedsstaaten dabei, die notwendigen Ma\u00dfnahmen zur Abschaffung der schlimmsten Formen von Arbeit zu ergreifen. Gleichzeitig zeigt das IPEC F\u00e4lle von (Menschenrechts-)Verletzungen durch Kinderarbeit auf, in denen die Opfer unterst\u00fctzt werden k\u00f6nnen und ma\u00dfgeschneiderte L\u00f6sungen f\u00fcr die jeweiligen Situationen angeboten werden k\u00f6nnen.<\/p>\n<p><a href=\"https:\/\/www.humanium.org\/de\/ubereinkommen-uber-das-verbot-und-unverzugliche-massnahmen-zur-beseitigung-der-schlimmsten-formen-der-kinderarbeit-nr-182\/\"><img loading=\"lazy\" decoding=\"async\" class=\"aligncenter\" title=\"Texte int\u00e9gral de la D\u00e9claration de Gen\u00e8ve de 1924\" alt=\"\" src=\"https:\/\/www.humanium.org\/fr\/wp-content\/uploads\/le-texte.gif\" width=\"67\" height=\"30\" \/><\/a><\/p>\n<div id=\"toggle\"><a onclick=\"show_voir_aussi('voir_aussi_box')\" href=\"javascript:show_voir_aussi(id)\"><\/a><\/div>\n<div id=\"voir_aussi_box\" style=\"display: none;\">\n<ul>\n<li><a href=\"https:\/\/www.humanium.org\/de\/ubereinkommen-uber-das-verbot-und-unverzugliche-massnahmen-zur-beseitigung-der-schlimmsten-formen-der-kinderarbeit-nr-182\/\">Konvention 182 \u00fcber die schlimmsten Formen von Kinderarbeit, 1999<\/a><\/li>\n<li><a href=\"https:\/\/www.humanium.org\/de\/kinderarbeit-2\/\">Kinderarbeit<\/a><\/li>\n<li><a href=\"https:\/\/www.humanium.org\/de\/gesetzesnormen\/\">Gesetzesnormen der Kinderrechte<\/a><\/li>\n<\/ul>\n<\/div>\n<p>&nbsp;<\/p>\n<div id=\"toggle\"><\/div>\n<div id=\"plus_loin_box\" style=\"display: none;\">\n<ul>\n<li>ILO, Programme on the Elimination of Child Labour<\/li>\n<li>Signatory States of the 138 Convention<\/li>\n<\/ul>\n<\/div>\n<p>&nbsp;<\/p>\n<table>\n<tbody style=\"background: #f9f9f9;\">\n<tr>\n<td>\n<div style=\"float: left; width: 90%;\">\u00dcbersetzt von : Brigitte Winterl<br \/>\nBewertet von : Anna Maria Theren<\/div>\n<\/td>\n<\/tr>\n<\/tbody>\n<\/table>\n<table>\n<tbody style=\"background: #f9f9f9;\">\n<tr>\n<td>\n<div style=\"float: left; width: 90%;\">Verfasst am 1. September 2013<\/div>\n<\/td>\n<\/tr>\n<\/tbody>\n<\/table>\n","protected":false},"excerpt":{"rendered":"<p>Konvention 182 \u00fcber die schlimmsten Formen von Kinderarbeit, 1999 \u00dcber das Abkommen Die Konvention 182 wurde von der Internationalen Arbeitsorganisation (ILO) vorgestellt und am 17. Juni 1999 in Genf von deren Mitgliedern einstimmig angenommen. Die Urspr\u00fcnge der Konvention 182 Nach Angaben der ILO sind mehr als 250 Millionen Kinder zwischen 5 und 14 Jahren dazu [&hellip;]<\/p>\n","protected":false},"author":1,"featured_media":0,"parent":0,"menu_order":0,"comment_status":"closed","ping_status":"closed","template":"","meta":{"footnotes":""},"class_list":["post-2448","page","type-page","status-publish","hentry"],"yoast_head":"<!-- This site is optimized with the Yoast SEO plugin v26.5 - https:\/\/yoast.com\/wordpress\/plugins\/seo\/ -->\n<title>Konvention 182 \u00fcber die schlimmsten Formen von Kinderarbeit, 1999 - Humanium<\/title>\n<meta name=\"robots\" content=\"index, follow, max-snippet:-1, max-image-preview:large, max-video-preview:-1\" \/>\n<link rel=\"canonical\" href=\"https:\/\/www.humanium.org\/de\/konvention-182\/\" \/>\n<meta property=\"og:locale\" content=\"de_DE\" \/>\n<meta property=\"og:type\" content=\"article\" \/>\n<meta property=\"og:title\" content=\"Konvention 182 \u00fcber die schlimmsten Formen von Kinderarbeit, 1999 - Humanium\" \/>\n<meta property=\"og:description\" content=\"Konvention 182 \u00fcber die schlimmsten Formen von Kinderarbeit, 1999 \u00dcber das Abkommen Die Konvention 182 wurde von der Internationalen Arbeitsorganisation (ILO) vorgestellt und am 17. Juni 1999 in Genf von deren Mitgliedern einstimmig angenommen. Die Urspr\u00fcnge der Konvention 182 Nach Angaben der ILO sind mehr als 250 Millionen Kinder zwischen 5 und 14 Jahren dazu [&hellip;]\" \/>\n<meta property=\"og:url\" content=\"https:\/\/www.humanium.org\/de\/konvention-182\/\" \/>\n<meta property=\"og:site_name\" content=\"Humanium\" \/>\n<meta property=\"article:modified_time\" content=\"2017-10-04T09:15:26+00:00\" \/>\n<meta property=\"og:image\" content=\"https:\/\/www.humanium.org\/fr\/wp-content\/uploads\/OIT.jpg\" \/>\n<meta name=\"twitter:card\" content=\"summary_large_image\" \/>\n<meta name=\"twitter:label1\" content=\"Gesch\u00e4tzte Lesezeit\" \/>\n\t<meta name=\"twitter:data1\" content=\"2\u00a0Minuten\" \/>\n<script type=\"application\/ld+json\" class=\"yoast-schema-graph\">{\"@context\":\"https:\/\/schema.org\",\"@graph\":[{\"@type\":\"WebPage\",\"@id\":\"https:\/\/www.humanium.org\/de\/konvention-182\/\",\"url\":\"https:\/\/www.humanium.org\/de\/konvention-182\/\",\"name\":\"Konvention 182 \u00fcber die schlimmsten Formen von Kinderarbeit, 1999 - Humanium\",\"isPartOf\":{\"@id\":\"https:\/\/www.humanium.org\/de\/#website\"},\"primaryImageOfPage\":{\"@id\":\"https:\/\/www.humanium.org\/de\/konvention-182\/#primaryimage\"},\"image\":{\"@id\":\"https:\/\/www.humanium.org\/de\/konvention-182\/#primaryimage\"},\"thumbnailUrl\":\"https:\/\/www.humanium.org\/fr\/wp-content\/uploads\/OIT.jpg\",\"datePublished\":\"2013-09-01T15:29:33+00:00\",\"dateModified\":\"2017-10-04T09:15:26+00:00\",\"breadcrumb\":{\"@id\":\"https:\/\/www.humanium.org\/de\/konvention-182\/#breadcrumb\"},\"inLanguage\":\"de\",\"potentialAction\":[{\"@type\":\"ReadAction\",\"target\":[\"https:\/\/www.humanium.org\/de\/konvention-182\/\"]}]},{\"@type\":\"ImageObject\",\"inLanguage\":\"de\",\"@id\":\"https:\/\/www.humanium.org\/de\/konvention-182\/#primaryimage\",\"url\":\"https:\/\/www.humanium.org\/fr\/wp-content\/uploads\/OIT.jpg\",\"contentUrl\":\"https:\/\/www.humanium.org\/fr\/wp-content\/uploads\/OIT.jpg\"},{\"@type\":\"BreadcrumbList\",\"@id\":\"https:\/\/www.humanium.org\/de\/konvention-182\/#breadcrumb\",\"itemListElement\":[{\"@type\":\"ListItem\",\"position\":1,\"name\":\"Home\",\"item\":\"https:\/\/www.humanium.org\/de\/\"},{\"@type\":\"ListItem\",\"position\":2,\"name\":\"Konvention 182 \u00fcber die schlimmsten Formen von Kinderarbeit, 1999\"}]},{\"@type\":\"WebSite\",\"@id\":\"https:\/\/www.humanium.org\/de\/#website\",\"url\":\"https:\/\/www.humanium.org\/de\/\",\"name\":\"Humanium\",\"description\":\"Kinder zuerst!\",\"potentialAction\":[{\"@type\":\"SearchAction\",\"target\":{\"@type\":\"EntryPoint\",\"urlTemplate\":\"https:\/\/www.humanium.org\/de\/?s={search_term_string}\"},\"query-input\":{\"@type\":\"PropertyValueSpecification\",\"valueRequired\":true,\"valueName\":\"search_term_string\"}}],\"inLanguage\":\"de\"}]}<\/script>\n<!-- \/ Yoast SEO plugin. -->","yoast_head_json":{"title":"Konvention 182 \u00fcber die schlimmsten Formen von Kinderarbeit, 1999 - Humanium","robots":{"index":"index","follow":"follow","max-snippet":"max-snippet:-1","max-image-preview":"max-image-preview:large","max-video-preview":"max-video-preview:-1"},"canonical":"https:\/\/www.humanium.org\/de\/konvention-182\/","og_locale":"de_DE","og_type":"article","og_title":"Konvention 182 \u00fcber die schlimmsten Formen von Kinderarbeit, 1999 - Humanium","og_description":"Konvention 182 \u00fcber die schlimmsten Formen von Kinderarbeit, 1999 \u00dcber das Abkommen Die Konvention 182 wurde von der Internationalen Arbeitsorganisation (ILO) vorgestellt und am 17. Juni 1999 in Genf von deren Mitgliedern einstimmig angenommen. Die Urspr\u00fcnge der Konvention 182 Nach Angaben der ILO sind mehr als 250 Millionen Kinder zwischen 5 und 14 Jahren dazu [&hellip;]","og_url":"https:\/\/www.humanium.org\/de\/konvention-182\/","og_site_name":"Humanium","article_modified_time":"2017-10-04T09:15:26+00:00","og_image":[{"url":"https:\/\/www.humanium.org\/fr\/wp-content\/uploads\/OIT.jpg","type":"","width":"","height":""}],"twitter_card":"summary_large_image","twitter_misc":{"Gesch\u00e4tzte Lesezeit":"2\u00a0Minuten"},"schema":{"@context":"https:\/\/schema.org","@graph":[{"@type":"WebPage","@id":"https:\/\/www.humanium.org\/de\/konvention-182\/","url":"https:\/\/www.humanium.org\/de\/konvention-182\/","name":"Konvention 182 \u00fcber die schlimmsten Formen von Kinderarbeit, 1999 - Humanium","isPartOf":{"@id":"https:\/\/www.humanium.org\/de\/#website"},"primaryImageOfPage":{"@id":"https:\/\/www.humanium.org\/de\/konvention-182\/#primaryimage"},"image":{"@id":"https:\/\/www.humanium.org\/de\/konvention-182\/#primaryimage"},"thumbnailUrl":"https:\/\/www.humanium.org\/fr\/wp-content\/uploads\/OIT.jpg","datePublished":"2013-09-01T15:29:33+00:00","dateModified":"2017-10-04T09:15:26+00:00","breadcrumb":{"@id":"https:\/\/www.humanium.org\/de\/konvention-182\/#breadcrumb"},"inLanguage":"de","potentialAction":[{"@type":"ReadAction","target":["https:\/\/www.humanium.org\/de\/konvention-182\/"]}]},{"@type":"ImageObject","inLanguage":"de","@id":"https:\/\/www.humanium.org\/de\/konvention-182\/#primaryimage","url":"https:\/\/www.humanium.org\/fr\/wp-content\/uploads\/OIT.jpg","contentUrl":"https:\/\/www.humanium.org\/fr\/wp-content\/uploads\/OIT.jpg"},{"@type":"BreadcrumbList","@id":"https:\/\/www.humanium.org\/de\/konvention-182\/#breadcrumb","itemListElement":[{"@type":"ListItem","position":1,"name":"Home","item":"https:\/\/www.humanium.org\/de\/"},{"@type":"ListItem","position":2,"name":"Konvention 182 \u00fcber die schlimmsten Formen von Kinderarbeit, 1999"}]},{"@type":"WebSite","@id":"https:\/\/www.humanium.org\/de\/#website","url":"https:\/\/www.humanium.org\/de\/","name":"Humanium","description":"Kinder zuerst!","potentialAction":[{"@type":"SearchAction","target":{"@type":"EntryPoint","urlTemplate":"https:\/\/www.humanium.org\/de\/?s={search_term_string}"},"query-input":{"@type":"PropertyValueSpecification","valueRequired":true,"valueName":"search_term_string"}}],"inLanguage":"de"}]}},"_links":{"self":[{"href":"https:\/\/www.humanium.org\/de\/wp-json\/wp\/v2\/pages\/2448","targetHints":{"allow":["GET"]}}],"collection":[{"href":"https:\/\/www.humanium.org\/de\/wp-json\/wp\/v2\/pages"}],"about":[{"href":"https:\/\/www.humanium.org\/de\/wp-json\/wp\/v2\/types\/page"}],"author":[{"embeddable":true,"href":"https:\/\/www.humanium.org\/de\/wp-json\/wp\/v2\/users\/1"}],"replies":[{"embeddable":true,"href":"https:\/\/www.humanium.org\/de\/wp-json\/wp\/v2\/comments?post=2448"}],"version-history":[{"count":5,"href":"https:\/\/www.humanium.org\/de\/wp-json\/wp\/v2\/pages\/2448\/revisions"}],"predecessor-version":[{"id":10434,"href":"https:\/\/www.humanium.org\/de\/wp-json\/wp\/v2\/pages\/2448\/revisions\/10434"}],"wp:attachment":[{"href":"https:\/\/www.humanium.org\/de\/wp-json\/wp\/v2\/media?parent=2448"}],"curies":[{"name":"wp","href":"https:\/\/api.w.org\/{rel}","templated":true}]}}