{"id":2451,"date":"2013-09-03T16:14:12","date_gmt":"2013-09-03T16:14:12","guid":{"rendered":"http:\/\/www.humanium.org\/de\/?page_id=2451"},"modified":"2017-10-04T09:15:17","modified_gmt":"2017-10-04T09:15:17","slug":"recht-leben-welt","status":"publish","type":"page","link":"https:\/\/www.humanium.org\/de\/recht-leben-welt\/","title":{"rendered":"Das Recht auf Leben weltweit"},"content":{"rendered":"<h1>Das Recht auf Leben in der Welt<\/h1>\n<h2>Die Situation des Rechts von Kindern auf Leben in der Welt<\/h2>\n<p><strong>Das Recht von Kindern auf Leben, zu \u00fcberleben und sich zu entwickeln, ist ein fundamentales Recht, das von allen internationalen Menschenrechts- und Kinderrechtsvertr\u00e4gen anerkannt wird. Trotzdem verlieren Kinder t\u00e4glich ihr Leben\u2026<\/strong><\/p>\n<h3>Das Recht von Kindern auf Leben hinterfragen<\/h3>\n<p>In vielen L\u00e4ndern wird das Recht von Kindern auf Leben nicht effektiv garantiert. Millionen von Kindern werden jedes Jahr umgebracht, ohne dass die T\u00e4ter rechtlich verfolgt werden.<\/p>\n<p>Zwei Themen stehen im Zentrum der Bedenken der internationalen Gemeinschaft \u2013 geschlechtsselektiver Kindsmord und Todesstrafe f\u00fcr jugendliche Straft\u00e4ter.<\/p>\n<h4>Geschlechtsselektive Kindsmorde<\/h4>\n<p><img loading=\"lazy\" decoding=\"async\" class=\" wp-image-4593 alignright\" title=\"Diskriminierung von M\u00e4dchen ist ein gro\u00dfes Problem in Asien \u00a9 UNESCO\/M.Georges\" alt=\"\" src=\"https:\/\/www.humanium.org\/fr\/wp-content\/uploads\/UNESCO-M-Georges-2.jpg\" width=\"206\" height=\"281\" \/>In einigen L\u00e4ndern, vor allem in Indien, China und Japan, die werden Jungen gegen\u00fcber M\u00e4dchen aufgrund von Tradition und Religion bevorzugt.<\/p>\n<p>In diesen Gesellschaften spielen M\u00e4nner eine bedeutende Rolle, da sie die Einzigen sind, die Familieneigentum erben und den Familiennamen weitergeben k\u00f6nnen.<\/p>\n<p>Im Gegenzug wird die Geburt eines M\u00e4dchens als schwere finanzielle Belastung gesehen. Daher w\u00fcnschen sich Eltern S\u00f6hne, um das \u00dcberleben und den Fortbestand der Familie zu sichern.<\/p>\n<p>In der Konsequenz generiert der Vorzug von Jungen besorgniserregnde Verhaltensweisen. Eltern beseitigen vors\u00e4tzlich sowohl ungeborene M\u00e4dchen durch Abtreibungen als auch schon geborene M\u00e4dchen.<\/p>\n<p>Geschlechtsselektive Abtreibungen und Kindsmorde z\u00e4hlen weltweit zu verbotenen Praktiken. Trotzdem sind sie heute noch g\u00e4ngige Praktiken. Aufgrund der heutigen Ausbreitung dieser Praktiken wird ein Mangel von mehr als einer Millionen Frauen in Asien angenommen. Dieser Mangel resultiert in einem realen Ungleichgewicht im weltweiten Geschlechterverh\u00e4ltnis.<\/p>\n<h4>Todesstrafe f\u00fcr Minderj\u00e4hrige<\/h4>\n<p>S\u00e4mtliche internationale Vertr\u00e4ge verbieten strikt die Todesstrafe f\u00fcr Kinder unter 18 Jahren. Ein solches Urteil ist gegen\u00fcber Kindern eine grausame und unverh\u00e4ltnism\u00e4ssige Strafe.<\/p>\n<p>Kinder k\u00f6nnen aufgrund ihrer Unreife und Verletzbarkeit nicht auf die selbe Art und Weise behandelt werden wie Erwachsene. Ihr Mangel an gesundem Urteilsverm\u00f6gen und Schwierigkeiten Gut und B\u00f6se voneinander zu unterscheiden, erkl\u00e4rt, warum Taten von Kindern nicht mit der selben Strenge beurteilt werden k\u00f6nnen, die f\u00fcr Erwachsene angewendet wird.<\/p>\n<p><img loading=\"lazy\" decoding=\"async\" class=\" wp-image-4588 alignleft\" title=\"Manche Kinder in der Welt sind inhaftiert und zu schweren Strafen verurteilt \u00a9 UNHCR\/Manual\" alt=\"\" src=\"https:\/\/www.humanium.org\/fr\/wp-content\/uploads\/UNHCR-Manual.jpg\" width=\"182\" height=\"124\" \/>Zum heutigen Zeitpunkt gibt es f\u00fcnf L\u00e4nder in der Welt, die die Todesstrafe f\u00fcr Minderj\u00e4hrige vollziehen. Diese sind der Iran, Saudi Arabien, Pakistan, der Sudan und Yemen. Diese L\u00e4nder werden von der internationalen Gemeinschaft einer intensiven \u00dcberpr\u00fcfung unterzogen, um diese Strafe zu eliminieren.<\/p>\n<h3>Die Schwierigkeit das Recht von Kindern auf Leben und Entwicklung zu garantieren<\/h3>\n<p>Jedes Jahr sterben rund 10 Millionen Kinder unter 5 Jahre an Krankheiten, die h\u00e4tten verhindert oder behandelt werden k\u00f6nnen.<\/p>\n<p>L\u00e4nder k\u00f6nnten dem Tod von Millionen von Kindern weltweit vorbeugen, indem sie diesen Kindern das Recht zum \u00dcberleben und zur Entwicklung garantieren w\u00fcrden. F\u00fcr manche L\u00e4nder ist es nicht immer einfach dieses Recht zu garantieren. Das Recht zu \u00dcberleben und sich zu entwickeln ist sehr eng verbunden mit dem Grad der wirtschaftlichen Entwicklung eines Landes.<\/p>\n<h4>Die Schwierigkeit dieses Recht in Entwicklungsl\u00e4ndern zu garantieren<\/h4>\n<p><img loading=\"lazy\" decoding=\"async\" class=\" wp-image-4597 alignright\" title=\"In Entwicklungsl\u00e4ndern haben viele Kinder keinen Zugang zu Trinkwasser und ad\u00e4quaten Hygieneeinrichtungen \u00a9 UNESCO\/R.Dominique\" alt=\"\" src=\"https:\/\/www.humanium.org\/fr\/wp-content\/uploads\/UNESCO-R-Dominique-1.jpg\" width=\"233\" height=\"350\" \/>In L\u00e4ndern, die bisher kein ausreichendes Niveau an wirtschaflticher Entwicklung erreicht haben, liegt die Lebensqualit\u00e4t der Menschen im Allgemeinen unter der Armutsgrenze.<\/p>\n<p>Als Konsequenz daraus haben viele Kinder nicht das Gl\u00fcck eine Umwelt zu genie\u00dfen, die vorteilhaft f\u00fcr ihre Entwicklung ist. F\u00fcr diese L\u00e4nder ist es oft schwierig Grundleistungen zur Verf\u00fcgung zu stellen, die die Betreuung und den Schutz von Kindern sichern.<\/p>\n<p>Millionen von Kindern in diesen L\u00e4ndern gehen nicht zur Schule und m\u00fcssen im fr\u00fchen Alter anfangen zu arbeiten, was sie daran hindert sich zu entwicklen und selbst zu verwirklichen.<\/p>\n<p>Schlimmer noch: weltweit leiden Millionen von Kindern an Unterern\u00e4hrung, Mangel an Trinkwasser und ausreichender Abwasserversorgung. Diese Kinder sterben an Krankheiten, wie Lungenentz\u00fcndung, Durchfall oder Malaria, die zu verhindern gewesen w\u00e4ren.<\/p>\n<h4>Ein Recht, das in entwickleten L\u00e4ndern einfacher zu garantieren ist<\/h4>\n<p>In entwickelten L\u00e4ndern ist die Lebensqualit\u00e4t der Menschen schon ausreichend hoch. Die meisten Kinder haben sowohl Zugang zu allen Rechten, die ihre Entwicklung erm\u00f6glichen, als auch zu Aufsichts- und Schutzleistungen, die von diesen L\u00e4ndern angeboten werden. Den Kindern wird es erm\u00f6glicht, unter positiven Bedingungen aufzuwachsen, sich zu entwickeln und zu entfalten.<\/p>\n<div id=\"toggle\"><a onclick=\"show_voir_aussi('voir_aussi_box')\" href=\"javascript:show_voir_aussi(id)\"><\/a><\/div>\n<div id=\"voir_aussi_box\" style=\"display: none;\">\n<ul>\n<li><a href=\"https:\/\/www.humanium.org\/de\/recht-leben\/\">Das Recht auf Leben verstehen<\/a><\/li>\n<li>Lesen Sie mehr \u00fcber die Lebensbedingungen von Kindern in der Welt<\/li>\n<\/ul>\n<\/div>\n<p>&nbsp;<\/p>\n<div id=\"toggle\"><\/div>\n<div id=\"plus_loin_box\" style=\"display: none;\">\n<ul>\n<li><a href=\"http:\/\/www.hrea.org\/?doc_id=427\">HREA, das Recht auf Leben<\/a><\/li>\n<li><a href=\"http:\/\/www.claiminghumanrights.org\/right_to_life.html?L=0\">Menschenrechte einfordern : das Recht auf Leben<\/a><\/li>\n<li><a href=\"https:\/\/de.wikipedia.org\/wiki\/Recht_auf_Leben\">Wikipedia, das Recht auf Leben<\/a><\/li>\n<\/ul>\n<\/div>\n<p>&nbsp;<\/p>\n<div id=\"toggle\"><\/div>\n<div id=\"sources_box\" style=\"display: none;\">\n<ul>\n<li><a href=\"https:\/\/www.unicef.org\/rightsite\/sowc\/pdfs\/SOWC_Spec%20Ed_CRC_Main%20Report_EN_090409.pdf\">Unicef, Status der Kinder in der Welt 2010<\/a><\/li>\n<li><a href=\"https:\/\/www.unicef.org\/sowc08\/docs\/sowc08.pdf\">Unicef, Status der Kinder in der Welt 2008, \u00dcberlebenschancen von Kindern<\/a><\/li>\n<li><a href=\"http:\/\/hdr.undp.org\/en\/data\">UNDP, Indikatoren zur internationalen menschlichen Entwicklung<\/a><\/li>\n<\/ul>\n<\/div>\n<p>&nbsp;<\/p>\n<table>\n<tbody style=\"background: #f9f9f9;\">\n<tr>\n<td>\n<div style=\"float: left; width: 90%;\">\u00dcbersetzt von : Andrea Quaden<br \/>\nBewertet von : Nick Meyer-Welz<\/div>\n<\/td>\n<\/tr>\n<\/tbody>\n<\/table>\n<table>\n<tbody style=\"background: #f9f9f9;\">\n<tr>\n<td>\n<div style=\"float: left; width: 90%;\">Verfasst am 1. September 2013<\/div>\n<\/td>\n<\/tr>\n<\/tbody>\n<\/table>\n","protected":false},"excerpt":{"rendered":"<p>Das Recht auf Leben in der Welt Die Situation des Rechts von Kindern auf Leben in der Welt Das Recht von Kindern auf Leben, zu \u00fcberleben und sich zu entwickeln, ist ein fundamentales Recht, das von allen internationalen Menschenrechts- und Kinderrechtsvertr\u00e4gen anerkannt wird. Trotzdem verlieren Kinder t\u00e4glich ihr Leben\u2026 Das Recht von Kindern auf Leben [&hellip;]<\/p>\n","protected":false},"author":1,"featured_media":0,"parent":0,"menu_order":0,"comment_status":"closed","ping_status":"closed","template":"","meta":{"footnotes":""},"class_list":["post-2451","page","type-page","status-publish","hentry"],"yoast_head":"<!-- This site is optimized with the Yoast SEO plugin v26.5 - https:\/\/yoast.com\/wordpress\/plugins\/seo\/ -->\n<title>Das Recht auf Leben weltweit - Humanium<\/title>\n<meta name=\"robots\" content=\"index, follow, max-snippet:-1, max-image-preview:large, max-video-preview:-1\" \/>\n<link rel=\"canonical\" href=\"https:\/\/www.humanium.org\/de\/recht-leben-welt\/\" \/>\n<meta property=\"og:locale\" content=\"de_DE\" \/>\n<meta property=\"og:type\" content=\"article\" \/>\n<meta property=\"og:title\" content=\"Das Recht auf Leben weltweit - Humanium\" \/>\n<meta property=\"og:description\" content=\"Das Recht auf Leben in der Welt Die Situation des Rechts von Kindern auf Leben in der Welt Das Recht von Kindern auf Leben, zu \u00fcberleben und sich zu entwickeln, ist ein fundamentales Recht, das von allen internationalen Menschenrechts- und Kinderrechtsvertr\u00e4gen anerkannt wird. Trotzdem verlieren Kinder t\u00e4glich ihr Leben\u2026 Das Recht von Kindern auf Leben [&hellip;]\" \/>\n<meta property=\"og:url\" content=\"https:\/\/www.humanium.org\/de\/recht-leben-welt\/\" \/>\n<meta property=\"og:site_name\" content=\"Humanium\" \/>\n<meta property=\"article:modified_time\" content=\"2017-10-04T09:15:17+00:00\" \/>\n<meta property=\"og:image\" content=\"https:\/\/www.humanium.org\/fr\/wp-content\/uploads\/UNESCO-M-Georges-2.jpg\" \/>\n<meta name=\"twitter:card\" content=\"summary_large_image\" \/>\n<meta name=\"twitter:label1\" content=\"Gesch\u00e4tzte Lesezeit\" \/>\n\t<meta name=\"twitter:data1\" content=\"4\u00a0Minuten\" \/>\n<script type=\"application\/ld+json\" class=\"yoast-schema-graph\">{\"@context\":\"https:\/\/schema.org\",\"@graph\":[{\"@type\":\"WebPage\",\"@id\":\"https:\/\/www.humanium.org\/de\/recht-leben-welt\/\",\"url\":\"https:\/\/www.humanium.org\/de\/recht-leben-welt\/\",\"name\":\"Das Recht auf Leben weltweit - Humanium\",\"isPartOf\":{\"@id\":\"https:\/\/www.humanium.org\/de\/#website\"},\"primaryImageOfPage\":{\"@id\":\"https:\/\/www.humanium.org\/de\/recht-leben-welt\/#primaryimage\"},\"image\":{\"@id\":\"https:\/\/www.humanium.org\/de\/recht-leben-welt\/#primaryimage\"},\"thumbnailUrl\":\"https:\/\/www.humanium.org\/fr\/wp-content\/uploads\/UNESCO-M-Georges-2.jpg\",\"datePublished\":\"2013-09-03T16:14:12+00:00\",\"dateModified\":\"2017-10-04T09:15:17+00:00\",\"breadcrumb\":{\"@id\":\"https:\/\/www.humanium.org\/de\/recht-leben-welt\/#breadcrumb\"},\"inLanguage\":\"de\",\"potentialAction\":[{\"@type\":\"ReadAction\",\"target\":[\"https:\/\/www.humanium.org\/de\/recht-leben-welt\/\"]}]},{\"@type\":\"ImageObject\",\"inLanguage\":\"de\",\"@id\":\"https:\/\/www.humanium.org\/de\/recht-leben-welt\/#primaryimage\",\"url\":\"https:\/\/www.humanium.org\/fr\/wp-content\/uploads\/UNESCO-M-Georges-2.jpg\",\"contentUrl\":\"https:\/\/www.humanium.org\/fr\/wp-content\/uploads\/UNESCO-M-Georges-2.jpg\"},{\"@type\":\"BreadcrumbList\",\"@id\":\"https:\/\/www.humanium.org\/de\/recht-leben-welt\/#breadcrumb\",\"itemListElement\":[{\"@type\":\"ListItem\",\"position\":1,\"name\":\"Home\",\"item\":\"https:\/\/www.humanium.org\/de\/\"},{\"@type\":\"ListItem\",\"position\":2,\"name\":\"Das Recht auf Leben weltweit\"}]},{\"@type\":\"WebSite\",\"@id\":\"https:\/\/www.humanium.org\/de\/#website\",\"url\":\"https:\/\/www.humanium.org\/de\/\",\"name\":\"Humanium\",\"description\":\"Kinder zuerst!\",\"potentialAction\":[{\"@type\":\"SearchAction\",\"target\":{\"@type\":\"EntryPoint\",\"urlTemplate\":\"https:\/\/www.humanium.org\/de\/?s={search_term_string}\"},\"query-input\":{\"@type\":\"PropertyValueSpecification\",\"valueRequired\":true,\"valueName\":\"search_term_string\"}}],\"inLanguage\":\"de\"}]}<\/script>\n<!-- \/ Yoast SEO plugin. -->","yoast_head_json":{"title":"Das Recht auf Leben weltweit - Humanium","robots":{"index":"index","follow":"follow","max-snippet":"max-snippet:-1","max-image-preview":"max-image-preview:large","max-video-preview":"max-video-preview:-1"},"canonical":"https:\/\/www.humanium.org\/de\/recht-leben-welt\/","og_locale":"de_DE","og_type":"article","og_title":"Das Recht auf Leben weltweit - Humanium","og_description":"Das Recht auf Leben in der Welt Die Situation des Rechts von Kindern auf Leben in der Welt Das Recht von Kindern auf Leben, zu \u00fcberleben und sich zu entwickeln, ist ein fundamentales Recht, das von allen internationalen Menschenrechts- und Kinderrechtsvertr\u00e4gen anerkannt wird. Trotzdem verlieren Kinder t\u00e4glich ihr Leben\u2026 Das Recht von Kindern auf Leben [&hellip;]","og_url":"https:\/\/www.humanium.org\/de\/recht-leben-welt\/","og_site_name":"Humanium","article_modified_time":"2017-10-04T09:15:17+00:00","og_image":[{"url":"https:\/\/www.humanium.org\/fr\/wp-content\/uploads\/UNESCO-M-Georges-2.jpg","type":"","width":"","height":""}],"twitter_card":"summary_large_image","twitter_misc":{"Gesch\u00e4tzte Lesezeit":"4\u00a0Minuten"},"schema":{"@context":"https:\/\/schema.org","@graph":[{"@type":"WebPage","@id":"https:\/\/www.humanium.org\/de\/recht-leben-welt\/","url":"https:\/\/www.humanium.org\/de\/recht-leben-welt\/","name":"Das Recht auf Leben weltweit - Humanium","isPartOf":{"@id":"https:\/\/www.humanium.org\/de\/#website"},"primaryImageOfPage":{"@id":"https:\/\/www.humanium.org\/de\/recht-leben-welt\/#primaryimage"},"image":{"@id":"https:\/\/www.humanium.org\/de\/recht-leben-welt\/#primaryimage"},"thumbnailUrl":"https:\/\/www.humanium.org\/fr\/wp-content\/uploads\/UNESCO-M-Georges-2.jpg","datePublished":"2013-09-03T16:14:12+00:00","dateModified":"2017-10-04T09:15:17+00:00","breadcrumb":{"@id":"https:\/\/www.humanium.org\/de\/recht-leben-welt\/#breadcrumb"},"inLanguage":"de","potentialAction":[{"@type":"ReadAction","target":["https:\/\/www.humanium.org\/de\/recht-leben-welt\/"]}]},{"@type":"ImageObject","inLanguage":"de","@id":"https:\/\/www.humanium.org\/de\/recht-leben-welt\/#primaryimage","url":"https:\/\/www.humanium.org\/fr\/wp-content\/uploads\/UNESCO-M-Georges-2.jpg","contentUrl":"https:\/\/www.humanium.org\/fr\/wp-content\/uploads\/UNESCO-M-Georges-2.jpg"},{"@type":"BreadcrumbList","@id":"https:\/\/www.humanium.org\/de\/recht-leben-welt\/#breadcrumb","itemListElement":[{"@type":"ListItem","position":1,"name":"Home","item":"https:\/\/www.humanium.org\/de\/"},{"@type":"ListItem","position":2,"name":"Das Recht auf Leben weltweit"}]},{"@type":"WebSite","@id":"https:\/\/www.humanium.org\/de\/#website","url":"https:\/\/www.humanium.org\/de\/","name":"Humanium","description":"Kinder zuerst!","potentialAction":[{"@type":"SearchAction","target":{"@type":"EntryPoint","urlTemplate":"https:\/\/www.humanium.org\/de\/?s={search_term_string}"},"query-input":{"@type":"PropertyValueSpecification","valueRequired":true,"valueName":"search_term_string"}}],"inLanguage":"de"}]}},"_links":{"self":[{"href":"https:\/\/www.humanium.org\/de\/wp-json\/wp\/v2\/pages\/2451","targetHints":{"allow":["GET"]}}],"collection":[{"href":"https:\/\/www.humanium.org\/de\/wp-json\/wp\/v2\/pages"}],"about":[{"href":"https:\/\/www.humanium.org\/de\/wp-json\/wp\/v2\/types\/page"}],"author":[{"embeddable":true,"href":"https:\/\/www.humanium.org\/de\/wp-json\/wp\/v2\/users\/1"}],"replies":[{"embeddable":true,"href":"https:\/\/www.humanium.org\/de\/wp-json\/wp\/v2\/comments?post=2451"}],"version-history":[{"count":10,"href":"https:\/\/www.humanium.org\/de\/wp-json\/wp\/v2\/pages\/2451\/revisions"}],"predecessor-version":[{"id":10433,"href":"https:\/\/www.humanium.org\/de\/wp-json\/wp\/v2\/pages\/2451\/revisions\/10433"}],"wp:attachment":[{"href":"https:\/\/www.humanium.org\/de\/wp-json\/wp\/v2\/media?parent=2451"}],"curies":[{"name":"wp","href":"https:\/\/api.w.org\/{rel}","templated":true}]}}