{"id":2461,"date":"2013-09-01T18:27:06","date_gmt":"2013-09-01T18:27:06","guid":{"rendered":"http:\/\/www.humanium.org\/de\/?page_id=2461"},"modified":"2017-10-04T08:45:16","modified_gmt":"2017-10-04T08:45:16","slug":"mangelernahrung-probleme","status":"publish","type":"page","link":"https:\/\/www.humanium.org\/de\/mangelernahrung-probleme\/","title":{"rendered":"Mit Mangelern\u00e4hrung verbundene Probleme"},"content":{"rendered":"<h2><span style=\"color: #800000;\">Mit Mangelern\u00e4hrung verbundene Probleme<\/span><\/h2>\n<h3><span style=\"color: #800000;\"><span style=\"color: #003366;\">\u00dcberern\u00e4hrung und Mangelern\u00e4hrung<\/span><br \/>\n<\/span><\/h3>\n<p style=\"text-align: left;\">In vielen L\u00e4ndern besteht seit Jahrzehnten Nahrungsmittelsicherheit. In diesen L\u00e4ndern hatte die Bev\u00f6lkerung nie Schwierigkeiten mit der Verf\u00fcgbarkeit oder dem Zugang zu den ben\u00f6tigten Nahrungsmitteln.<\/p>\n<p style=\"text-align: left;\">Zus\u00e4tzlich verbinden Menschen &#8211; insbesondere Kinder &#8211; Nahrung mit Vergn\u00fcgen und vergessen dabei den t\u00e4glichen N\u00e4hrstoffbedarf. Das f\u00fchrt dazu, dassFast Food, s\u00fc\u00dfe Limonaden und fett- und kohlehydratreiche Lebensmittel zu den Lieblingsspeisen und -getr\u00e4nken der Kinder und Jugendlichen werden. \u00dcberm\u00e4\u00dfiger Genuss von Nahrungsmitteln haben sich immer mehr verbreitet und gef\u00e4hrden die Gesundheit von Kindern und Erwachsenen.<\/p>\n<p style=\"text-align: left;\">Eine unmittelbare Folge dieses \u00dcberma\u00dfes ist Fettleibigkeit. Starkes \u00dcbergewicht f\u00f6rdert entscheidend das Risiko, bestimmte Krankheiten zu entwickeln, beispielsweise: Bluthochdruck, erh\u00f6hter Cholesterinspiegel, durch das \u00dcbergewicht eingeschr\u00e4nktes Wachstum, Infarkte, Herz-Kreislaufprobleme, &#8230;<\/p>\n<p style=\"text-align: left;\">Die mit \u00fcberm\u00e4\u00dfigem Essen verbundene \u00dcber- und Mangelern\u00e4hrung betrifft nicht nur Industriel\u00e4nder. Eine betr\u00e4chtliche Zahl von Entwicklungsl\u00e4ndern ist heute gleicherma\u00dfen mit dem Problem der Unter- und dem Problem der \u00dcberern\u00e4hrung konfrontiert.<\/p>\n<h3 style=\"text-align: left;\"><span style=\"color: #003366;\">Unterern\u00e4hrung und Mangelern\u00e4hrung<\/span><\/h3>\n<figure id=\"attachment_2171\" aria-describedby=\"caption-attachment-2171\" style=\"width: 161px\" class=\"wp-caption alignright\"><img loading=\"lazy\" decoding=\"async\" class=\"size-full wp-image-2171 \" title=\"Mangelern\u00e4hrung behindert die richtige Entwicklung bei Kindern \u00a9 UN\/E.Debebe\" alt=\"\" src=\"https:\/\/www.humanium.org\/fr\/wp-content\/uploads\/UN-Photo-Eskinder-Debebe.jpg\" width=\"161\" height=\"198\" \/><figcaption id=\"caption-attachment-2171\" class=\"wp-caption-text\">\u00a9 UN\/E.Debebe<\/figcaption><\/figure>\n<p style=\"text-align: left;\">Durch eine angemessene und ausgewogene Ern\u00e4hrung kann Unterern\u00e4hrung und Mangelern\u00e4hrung vermieden werden. Bei unter 2100 kcal t\u00e4glich gilt man als unterern\u00e4hrt und Hunger leidend.<\/p>\n<p style=\"text-align: left;\">Unterern\u00e4hrte Kinder leiden in der Regel auch an Mangelern\u00e4hrung. Ein Kind, das wesentliche Nahrungsmittel nicht erh\u00e4lt, leidet unter Umst\u00e4nden an Mangelern\u00e4hrung und kann in der Folge schwerwiegenden Gesundheitsproblemen, die seine Entwicklung behindern k\u00f6nnen, ausgesetzt sein.<\/p>\n<p style=\"text-align: left;\"><em>Es gibt 2 Typen von Mangelern\u00e4hrung: <\/em><\/p>\n<p style=\"text-align: left;\">\u2022 <em>Die chronische Mangelern\u00e4hrung<\/em> zeichnet sich durch ein verz\u00f6gertes Wachstum des Kindes aus, dessen K\u00f6rpergr\u00f6\u00dfe unter der f\u00fcr sein Alter entsprechenden Gr\u00f6\u00dfe liegt.<\/p>\n<p style=\"text-align: left;\"><em>\u2022 Die akute Mangelern\u00e4hrung<\/em> zeichnet sich durch ein f\u00fcr die K\u00f6rpergr\u00f6\u00dfe des Kindes unzureichendes K\u00f6rpergewicht aus (Abmagerung). Die akute Mangelern\u00e4hrung kann je nach Gewicht des Kindes leicht oder schwer sein.<\/p>\n<p style=\"text-align: left;\">Unter- und Mangelern\u00e4hrung haben bei Kindern, insbesondere in sehr jungem Alter, schwerwiegende Folgen f\u00fcr die Gesundheit.<\/p>\n<h3 style=\"text-align: left;\"><span style=\"color: #003366;\">Die drei wichtigsten M\u00e4ngel an Vitaminen und Spurenelementen:<\/span><\/h3>\n<p style=\"text-align: left;\"><strong><em>Eisenmangel<\/em><\/strong> kann Probleme bei Wachstum und geistiger Entwicklung hervorrufen, das Immunsystem schw\u00e4chen und zu einer h\u00f6heren Anf\u00e4lligkeit der betroffenen K\u00f6rperregionen gegen\u00fcber Krankheiten wie Lungenentz\u00fcndung, Durchfall, Malaria, Masern und AIDS f\u00fchren.<\/p>\n<p style=\"text-align: left;\">Eisen ist in Nahrungsmitteln wie rotem Fleisch, bestimmten Fischarten, getrockneten Fr\u00fcchten, bestimmtem Getreide und dunkelgr\u00fcnem Gem\u00fcse enthalten.<\/p>\n<p style=\"text-align: left;\"><em><strong>Jodmangel<\/strong><\/em> kann zu irreversiblen Gehirnsch\u00e4den f\u00fchren, die geistige Behinderungen beim Kind zur Folge haben. Fehlende Jodzufuhr kann au\u00dferdem die Bildung eines Kropfs (Anschwellen der Schilddr\u00fcse) und bestimmter anderer Schilddr\u00fcsenerkrankungen hervorrufen.<\/p>\n<p style=\"text-align: left;\">Jod ist haupts\u00e4chlich in Salz, Algen, Fischen und Meeresfr\u00fcchten, aber auch in bestimmtem Gem\u00fcse wie gr\u00fcnen Bohnen enthalten.<\/p>\n<p style=\"text-align: left;\"><strong><em>Vitamin-A-Mangel<\/em><\/strong> kann bei Kindern zur Erblindung oder zum Tod f\u00fchren. Vitamin A1 (Retinol) ist in Lebensmitteln tierischen Ursprungs wie zum Beispiel Leber, fettem Fisch oder Lebertran enthalten. Provitamin A (das zu den Carotinoiden geh\u00f6rt) findet sich in Lebensmitteln pflanzlichen Ursprungs wie Karotten, Spinat, Brokkoli, Orangen oder Mangos.<\/p>\n<p style=\"text-align: left;\">Langfristiger Mangel an Vitaminen oder Spurenelementen ist bei Kindern im Alter von unter f\u00fcnf Jahren oft t\u00f6dlich.<\/p>\n<figure id=\"attachment_2162\" aria-describedby=\"caption-attachment-2162\" style=\"width: 182px\" class=\"wp-caption alignleft\"><img loading=\"lazy\" decoding=\"async\" class=\"size-full wp-image-2162  \" title=\"Mangel an Vitaminen oder Spurenelementen schr\u00e4nkt die Konzentration und die Lernf\u00e4higkeit bei Kindern ein. \u00a9 UN\/S.Paris\" alt=\"\" src=\"https:\/\/www.humanium.org\/fr\/wp-content\/uploads\/UN-Photo-Sophia-Paris-2.jpg\" width=\"182\" height=\"133\" \/><figcaption id=\"caption-attachment-2162\" class=\"wp-caption-text\">\u00a9 UN\/S.Paris<\/figcaption><\/figure>\n<p style=\"text-align: left;\">Mangel an anderen Vitaminen (Vitamin B1, Vitamin B2 usw.) kann die Entwicklung des Kindes behindern. Diese Nahrungsdefizite f\u00fchren h\u00e4ufig zu Konzentrations- oder Lernschwierigkeiten, die eine erh\u00f6hte Quote von Schulabbr\u00fcchen oder Analphabetismus zur Folge haben.<\/p>\n<h3 style=\"text-align: left;\"><span style=\"color: #003366;\">Mangelern\u00e4hrung und HIV\/AIDS<\/span><\/h3>\n<p style=\"text-align: left;\">In den Entwicklungsl\u00e4ndern ist die Bev\u00f6lkerung &#8211; und sind insbesondere Kinder &#8211; einem erh\u00f6hten HIV- bzw. AIDS-Risiko ausgesetzt. Dieses Risiko ist aus sozialen und medizinischen Gr\u00fcnden erh\u00f6ht: Die Armut treibt die Menschen \u2013 M\u00e4nner, Frauen, M\u00e4dchen und Jungen \u2013 in die Prostitution, wodurch sie versuchen Geld zu verdienen, um ihre Bed\u00fcrfnisse stillen zu k\u00f6nnen. In der Regel sind diese Menschen nicht hinreichend \u00fcber die Risiken und Folgen ungesch\u00fctzten Geschlechtsverkehrs aufgekl\u00e4rt. Dar\u00fcber hinaus bringen viele mit HIV infizierte Frauen HIV-positive Kinder zur Welt, deren \u00dcberlebenschancen geringer sind.<\/p>\n<figure id=\"attachment_2200\" aria-describedby=\"caption-attachment-2200\" style=\"width: 163px\" class=\"wp-caption alignright\"><img loading=\"lazy\" decoding=\"async\" class=\"size-full wp-image-2200 \" title=\"An Mangelern\u00e4hrung leidende Kinder sind anf\u00e4lliger. \u00a9 UN\/S.Lwin\" alt=\"\" src=\"https:\/\/www.humanium.org\/fr\/wp-content\/uploads\/UN-Photo-Saw-Lwin.jpg\" width=\"163\" height=\"242\" \/><figcaption id=\"caption-attachment-2200\" class=\"wp-caption-text\">\u00a9 UN\/S.Lwin<\/figcaption><\/figure>\n<p style=\"text-align: left;\">Au\u00dferdem ist das Immunsystem der Kinder, die unter Mangelern\u00e4hrung leiden, geschw\u00e4cht und sie sind anf\u00e4lliger gegen\u00fcber Infektionen; insbesondere gegen\u00fcber HIV\/AIDS. Was das HIV angeht, so handelt es sich dabei \u2013 wie schon der Name \u201eHumanes Immundefizienz-Virus\u201c besagt \u2013 um ein Virus, das auch das Immunsystem der Betroffenen schw\u00e4cht und die Verwertung der in der Nahrung enthaltenen N\u00e4hrstoffe behindert. Das HIV-Virus f\u00fchrt daneben zu einem erh\u00f6hten energetischen Grundumsatz. Daher m\u00fcssen an HIV\/AIDS erkrankte Personen mehr Kalorien zu sich nehmen, um dem erh\u00f6hten Bedarf ihres K\u00f6rpers gerecht zu werden. Jedoch leiden mit HIV\/AIDS infizierte Menschen in den Entwicklungsl\u00e4ndern ohnehin schon an Mangelern\u00e4hrung und haben somit keinen Zugang zu ad\u00e4quater Nahrung um die verschiedenen M\u00e4ngel an Vitaminen oder Spurenelementen, die sich im K\u00f6rper angeh\u00e4uft haben, auszugleichen.<\/p>\n<p style=\"text-align: left;\">Mangelern\u00e4hrung in Verbindung mit HIV\/AIDS verschlimmert den Gesundheitszustand der Kinder betr\u00e4chtlich. Da sie \u00e4u\u00dferst anf\u00e4llig und entkr\u00e4ftet sind, erkranken die Kinder in der Regel an den mit der Mangelern\u00e4hrung verbundenen Krankheiten oder an s\u00e4mtlichen anderen &#8211; selbst harmlosen &#8211; Infektionen.<\/p>\n<div id=\"toggle\"><a onclick=\"show_voir_aussi('voir_aussi_box')\" href=\"javascript:show_voir_aussi(id)\"><\/a><\/div>\n<div id=\"voir_aussi_box\" style=\"display: none;\">\n<ul>\n<li><a href=\"https:\/\/www.humanium.org\/de\/recht-nahrung\/\">Das Recht auf Nahrung<\/a><\/li>\n<li><a href=\"https:\/\/www.humanium.org\/de\/recht-nahrung-welt\/\">Die Situation des Rechts auf Nahrung in der Welt<\/a><\/li>\n<li><a href=\"https:\/\/www.humanium.org\/de\/ungleichverteilung-von-ressourcen-die-erklarung-der-nahrungsmittelkrise\/\">Ungleichverteilung von Ressourcen: Die Erkl\u00e4rung der Nahrungsmittelkrise<\/a><\/li>\n<li><a href=\"https:\/\/www.humanium.org\/de\/verstehen\/\">Andere Grundrechte<\/a><\/li>\n<\/ul>\n<\/div>\n<p>&nbsp;<br \/>\n<\/p>\n<div id=\"toggle\"><\/div>\n<div id=\"sources_box\" style=\"display: none;\">\n<ul>\nSiehe verwendete Quellen f\u00fcr die Originalversion in Franz\u00f6sisch.\n<\/ul>\n<\/div>\n<\/ul>\n<\/div>\n<p>&nbsp;<\/p>\n<table>\n<tbody style=\"background: #f9f9f9;\">\n<tr>\n<td>\n<div style=\"float: left; width: 90%;\">\u00dcbersetzt von : Jeannette Nitschze<br \/>\nBewertet von : Sandra Dismar<\/div>\n<\/td>\n<\/tr>\n<\/tbody>\n<\/table>\n<table>\n<tbody style=\"background: #f9f9f9;\">\n<tr>\n<td>\n<div style=\"float: left; width: 90%;\">Verfasst am 1. September 2013<\/div>\n<\/td>\n<\/tr>\n<\/tbody>\n<\/table>\n","protected":false},"excerpt":{"rendered":"<p>Mit Mangelern\u00e4hrung verbundene Probleme \u00dcberern\u00e4hrung und Mangelern\u00e4hrung In vielen L\u00e4ndern besteht seit Jahrzehnten Nahrungsmittelsicherheit. In diesen L\u00e4ndern hatte die Bev\u00f6lkerung nie Schwierigkeiten mit der Verf\u00fcgbarkeit oder dem Zugang zu den ben\u00f6tigten Nahrungsmitteln. Zus\u00e4tzlich verbinden Menschen &#8211; insbesondere Kinder &#8211; Nahrung mit Vergn\u00fcgen und vergessen dabei den t\u00e4glichen N\u00e4hrstoffbedarf. Das f\u00fchrt dazu, dassFast Food, s\u00fc\u00dfe Limonaden [&hellip;]<\/p>\n","protected":false},"author":1,"featured_media":0,"parent":0,"menu_order":0,"comment_status":"closed","ping_status":"closed","template":"","meta":{"footnotes":""},"class_list":["post-2461","page","type-page","status-publish","hentry"],"yoast_head":"<!-- This site is optimized with the Yoast SEO plugin v26.5 - https:\/\/yoast.com\/wordpress\/plugins\/seo\/ -->\n<title>Mit Mangelern\u00e4hrung verbundene Probleme - Humanium<\/title>\n<meta name=\"robots\" content=\"index, follow, max-snippet:-1, max-image-preview:large, max-video-preview:-1\" \/>\n<link rel=\"canonical\" href=\"https:\/\/www.humanium.org\/de\/mangelernahrung-probleme\/\" \/>\n<meta property=\"og:locale\" content=\"de_DE\" \/>\n<meta property=\"og:type\" content=\"article\" \/>\n<meta property=\"og:title\" content=\"Mit Mangelern\u00e4hrung verbundene Probleme - Humanium\" \/>\n<meta property=\"og:description\" content=\"Mit Mangelern\u00e4hrung verbundene Probleme \u00dcberern\u00e4hrung und Mangelern\u00e4hrung In vielen L\u00e4ndern besteht seit Jahrzehnten Nahrungsmittelsicherheit. In diesen L\u00e4ndern hatte die Bev\u00f6lkerung nie Schwierigkeiten mit der Verf\u00fcgbarkeit oder dem Zugang zu den ben\u00f6tigten Nahrungsmitteln. Zus\u00e4tzlich verbinden Menschen &#8211; insbesondere Kinder &#8211; Nahrung mit Vergn\u00fcgen und vergessen dabei den t\u00e4glichen N\u00e4hrstoffbedarf. Das f\u00fchrt dazu, dassFast Food, s\u00fc\u00dfe Limonaden [&hellip;]\" \/>\n<meta property=\"og:url\" content=\"https:\/\/www.humanium.org\/de\/mangelernahrung-probleme\/\" \/>\n<meta property=\"og:site_name\" content=\"Humanium\" \/>\n<meta property=\"article:modified_time\" content=\"2017-10-04T08:45:16+00:00\" \/>\n<meta property=\"og:image\" content=\"https:\/\/www.humanium.org\/fr\/wp-content\/uploads\/UN-Photo-Eskinder-Debebe.jpg\" \/>\n<meta name=\"twitter:card\" content=\"summary_large_image\" \/>\n<meta name=\"twitter:label1\" content=\"Gesch\u00e4tzte Lesezeit\" \/>\n\t<meta name=\"twitter:data1\" content=\"5\u00a0Minuten\" \/>\n<script type=\"application\/ld+json\" class=\"yoast-schema-graph\">{\"@context\":\"https:\/\/schema.org\",\"@graph\":[{\"@type\":\"WebPage\",\"@id\":\"https:\/\/www.humanium.org\/de\/mangelernahrung-probleme\/\",\"url\":\"https:\/\/www.humanium.org\/de\/mangelernahrung-probleme\/\",\"name\":\"Mit Mangelern\u00e4hrung verbundene Probleme - Humanium\",\"isPartOf\":{\"@id\":\"https:\/\/www.humanium.org\/de\/#website\"},\"primaryImageOfPage\":{\"@id\":\"https:\/\/www.humanium.org\/de\/mangelernahrung-probleme\/#primaryimage\"},\"image\":{\"@id\":\"https:\/\/www.humanium.org\/de\/mangelernahrung-probleme\/#primaryimage\"},\"thumbnailUrl\":\"https:\/\/www.humanium.org\/fr\/wp-content\/uploads\/UN-Photo-Eskinder-Debebe.jpg\",\"datePublished\":\"2013-09-01T18:27:06+00:00\",\"dateModified\":\"2017-10-04T08:45:16+00:00\",\"breadcrumb\":{\"@id\":\"https:\/\/www.humanium.org\/de\/mangelernahrung-probleme\/#breadcrumb\"},\"inLanguage\":\"de\",\"potentialAction\":[{\"@type\":\"ReadAction\",\"target\":[\"https:\/\/www.humanium.org\/de\/mangelernahrung-probleme\/\"]}]},{\"@type\":\"ImageObject\",\"inLanguage\":\"de\",\"@id\":\"https:\/\/www.humanium.org\/de\/mangelernahrung-probleme\/#primaryimage\",\"url\":\"https:\/\/www.humanium.org\/fr\/wp-content\/uploads\/UN-Photo-Eskinder-Debebe.jpg\",\"contentUrl\":\"https:\/\/www.humanium.org\/fr\/wp-content\/uploads\/UN-Photo-Eskinder-Debebe.jpg\"},{\"@type\":\"BreadcrumbList\",\"@id\":\"https:\/\/www.humanium.org\/de\/mangelernahrung-probleme\/#breadcrumb\",\"itemListElement\":[{\"@type\":\"ListItem\",\"position\":1,\"name\":\"Home\",\"item\":\"https:\/\/www.humanium.org\/de\/\"},{\"@type\":\"ListItem\",\"position\":2,\"name\":\"Mit Mangelern\u00e4hrung verbundene Probleme\"}]},{\"@type\":\"WebSite\",\"@id\":\"https:\/\/www.humanium.org\/de\/#website\",\"url\":\"https:\/\/www.humanium.org\/de\/\",\"name\":\"Humanium\",\"description\":\"Kinder zuerst!\",\"potentialAction\":[{\"@type\":\"SearchAction\",\"target\":{\"@type\":\"EntryPoint\",\"urlTemplate\":\"https:\/\/www.humanium.org\/de\/?s={search_term_string}\"},\"query-input\":{\"@type\":\"PropertyValueSpecification\",\"valueRequired\":true,\"valueName\":\"search_term_string\"}}],\"inLanguage\":\"de\"}]}<\/script>\n<!-- \/ Yoast SEO plugin. -->","yoast_head_json":{"title":"Mit Mangelern\u00e4hrung verbundene Probleme - Humanium","robots":{"index":"index","follow":"follow","max-snippet":"max-snippet:-1","max-image-preview":"max-image-preview:large","max-video-preview":"max-video-preview:-1"},"canonical":"https:\/\/www.humanium.org\/de\/mangelernahrung-probleme\/","og_locale":"de_DE","og_type":"article","og_title":"Mit Mangelern\u00e4hrung verbundene Probleme - Humanium","og_description":"Mit Mangelern\u00e4hrung verbundene Probleme \u00dcberern\u00e4hrung und Mangelern\u00e4hrung In vielen L\u00e4ndern besteht seit Jahrzehnten Nahrungsmittelsicherheit. In diesen L\u00e4ndern hatte die Bev\u00f6lkerung nie Schwierigkeiten mit der Verf\u00fcgbarkeit oder dem Zugang zu den ben\u00f6tigten Nahrungsmitteln. Zus\u00e4tzlich verbinden Menschen &#8211; insbesondere Kinder &#8211; Nahrung mit Vergn\u00fcgen und vergessen dabei den t\u00e4glichen N\u00e4hrstoffbedarf. Das f\u00fchrt dazu, dassFast Food, s\u00fc\u00dfe Limonaden [&hellip;]","og_url":"https:\/\/www.humanium.org\/de\/mangelernahrung-probleme\/","og_site_name":"Humanium","article_modified_time":"2017-10-04T08:45:16+00:00","og_image":[{"url":"https:\/\/www.humanium.org\/fr\/wp-content\/uploads\/UN-Photo-Eskinder-Debebe.jpg","type":"","width":"","height":""}],"twitter_card":"summary_large_image","twitter_misc":{"Gesch\u00e4tzte Lesezeit":"5\u00a0Minuten"},"schema":{"@context":"https:\/\/schema.org","@graph":[{"@type":"WebPage","@id":"https:\/\/www.humanium.org\/de\/mangelernahrung-probleme\/","url":"https:\/\/www.humanium.org\/de\/mangelernahrung-probleme\/","name":"Mit Mangelern\u00e4hrung verbundene Probleme - Humanium","isPartOf":{"@id":"https:\/\/www.humanium.org\/de\/#website"},"primaryImageOfPage":{"@id":"https:\/\/www.humanium.org\/de\/mangelernahrung-probleme\/#primaryimage"},"image":{"@id":"https:\/\/www.humanium.org\/de\/mangelernahrung-probleme\/#primaryimage"},"thumbnailUrl":"https:\/\/www.humanium.org\/fr\/wp-content\/uploads\/UN-Photo-Eskinder-Debebe.jpg","datePublished":"2013-09-01T18:27:06+00:00","dateModified":"2017-10-04T08:45:16+00:00","breadcrumb":{"@id":"https:\/\/www.humanium.org\/de\/mangelernahrung-probleme\/#breadcrumb"},"inLanguage":"de","potentialAction":[{"@type":"ReadAction","target":["https:\/\/www.humanium.org\/de\/mangelernahrung-probleme\/"]}]},{"@type":"ImageObject","inLanguage":"de","@id":"https:\/\/www.humanium.org\/de\/mangelernahrung-probleme\/#primaryimage","url":"https:\/\/www.humanium.org\/fr\/wp-content\/uploads\/UN-Photo-Eskinder-Debebe.jpg","contentUrl":"https:\/\/www.humanium.org\/fr\/wp-content\/uploads\/UN-Photo-Eskinder-Debebe.jpg"},{"@type":"BreadcrumbList","@id":"https:\/\/www.humanium.org\/de\/mangelernahrung-probleme\/#breadcrumb","itemListElement":[{"@type":"ListItem","position":1,"name":"Home","item":"https:\/\/www.humanium.org\/de\/"},{"@type":"ListItem","position":2,"name":"Mit Mangelern\u00e4hrung verbundene Probleme"}]},{"@type":"WebSite","@id":"https:\/\/www.humanium.org\/de\/#website","url":"https:\/\/www.humanium.org\/de\/","name":"Humanium","description":"Kinder zuerst!","potentialAction":[{"@type":"SearchAction","target":{"@type":"EntryPoint","urlTemplate":"https:\/\/www.humanium.org\/de\/?s={search_term_string}"},"query-input":{"@type":"PropertyValueSpecification","valueRequired":true,"valueName":"search_term_string"}}],"inLanguage":"de"}]}},"_links":{"self":[{"href":"https:\/\/www.humanium.org\/de\/wp-json\/wp\/v2\/pages\/2461","targetHints":{"allow":["GET"]}}],"collection":[{"href":"https:\/\/www.humanium.org\/de\/wp-json\/wp\/v2\/pages"}],"about":[{"href":"https:\/\/www.humanium.org\/de\/wp-json\/wp\/v2\/types\/page"}],"author":[{"embeddable":true,"href":"https:\/\/www.humanium.org\/de\/wp-json\/wp\/v2\/users\/1"}],"replies":[{"embeddable":true,"href":"https:\/\/www.humanium.org\/de\/wp-json\/wp\/v2\/comments?post=2461"}],"version-history":[{"count":4,"href":"https:\/\/www.humanium.org\/de\/wp-json\/wp\/v2\/pages\/2461\/revisions"}],"predecessor-version":[{"id":10291,"href":"https:\/\/www.humanium.org\/de\/wp-json\/wp\/v2\/pages\/2461\/revisions\/10291"}],"wp:attachment":[{"href":"https:\/\/www.humanium.org\/de\/wp-json\/wp\/v2\/media?parent=2461"}],"curies":[{"name":"wp","href":"https:\/\/api.w.org\/{rel}","templated":true}]}}