{"id":2470,"date":"2013-09-02T07:33:20","date_gmt":"2013-09-02T07:33:20","guid":{"rendered":"http:\/\/www.humanium.org\/de\/?page_id=2470"},"modified":"2025-12-06T06:22:58","modified_gmt":"2025-12-06T06:22:58","slug":"zusatzprotokoll-zu-den-genfer-abkommen-vom-12-august-1949-uber-den-schutz-der-opfer-nicht-internationaler-bewaffneter-konflikte-protokoll-ii","status":"publish","type":"page","link":"https:\/\/www.humanium.org\/de\/zusatzprotokoll-zu-den-genfer-abkommen-vom-12-august-1949-uber-den-schutz-der-opfer-nicht-internationaler-bewaffneter-konflikte-protokoll-ii\/","title":{"rendered":"Zusatzprotokoll zu den Genfer Abkommen vom 12. August 1949 \u00fcber den Schutz der Opfer nicht internationaler bewaffneter Konflikte (Protokoll II)"},"content":{"rendered":"<h2><span style=\"color: #800000;\"><img loading=\"lazy\" decoding=\"async\" class=\"alignright size-full wp-image-972\" title=\"ODT\" src=\"https:\/\/www.humanium.org\/fr\/wp-content\/uploads\/logo-odt.gif\" alt=\"\" width=\"28\" height=\"24\" \/><img loading=\"lazy\" decoding=\"async\" class=\"alignright size-full wp-image-974\" title=\"WORD\" src=\"https:\/\/www.humanium.org\/fr\/wp-content\/uploads\/logo-word.gif\" alt=\"\" width=\"24\" height=\"24\" \/><img loading=\"lazy\" decoding=\"async\" class=\"alignright size-full wp-image-973\" title=\"PDF\" src=\"https:\/\/www.humanium.org\/fr\/wp-content\/uploads\/logo-pdf.gif\" alt=\"\" width=\"24\" height=\"24\" \/>Zusatzprotokoll zu den Genfer Abkommen vom 12. August 1949 \u00fcber den Schutz der Opfer nicht internationaler bewaffneter Konflikte (Protokoll II) <\/span><\/h2>\n<h3><span style=\"color: #800000;\">8. Juni 1977<\/span><\/h3>\n<h3><span style=\"color: #800000;\"><span style=\"color: #800000;\">Artikel \u00fcber den Schutz von Kindern<\/span><br \/>\n<\/span><\/h3>\n<h3 style=\"text-align: left;\"><strong><span style=\"color: #003366;\">Teil II : Menschliche Behandlung <\/span><\/strong><\/h3>\n<h3 style=\"text-align: left;\"><strong><span style=\"color: #003366;\">Artikel 4 &#8211; Grundlegende Garantien<\/span><\/strong><\/h3>\n<p style=\"text-align: left;\">1. Alle Personen, die nicht unmittelbar oder nicht mehr an Feindseligkeiten teilnehmen, haben, gleichviel ob ihnen die Freiheit entzogen ist oder nicht, Anspruch auf Achtung ihrer Person, ihrer Ehre, ihrer \u00dcberzeugungen und ihrer religi\u00f6sen Gepflogenheiten. Sie werden unter allen Umst\u00e4nden mit Menschlichkeit und ohne jede nachteilige Unterscheidung behandelt. Es ist verboten, den Befehl zu erteilen, niemanden am Leben zu lassen.<\/p>\n<p style=\"text-align: left;\">2. Unbeschadet der allgemeinen G\u00fcltigkeit der vorstehenden Bestimmungen sind<br \/>\nund bleiben in Bezug auf die in Absatz 1 genannten Personen jederzeit und \u00fcberall verboten :<\/p>\n<p style=\"text-align: left;\">a) Angriffe auf das Leben, die Gesundheit und das k\u00f6rperliche oder geistige<br \/>\nWohlbefinden von Personen, insbesondere vors\u00e4tzliche T\u00f6tung und grausame Behandlung wie Folter, Verst\u00fcmmelung oder jede Art von k\u00f6rperlicher Z\u00fcchtigung;<\/p>\n<p style=\"text-align: left;\">b) Kollektivstrafen;<\/p>\n<p style=\"text-align: left;\">c) Geiselnahme;<\/p>\n<p style=\"text-align: left;\">d) terroristische Handlungen;<\/p>\n<p style=\"text-align: left;\">e) Beeintr\u00e4chtigung der pers\u00f6nlichen W\u00fcrde, insbesondere entw\u00fcrdigende und<br \/>\nerniedrigende Behandlung, Vergewaltigung, N\u00f6tigung zur Prostitution und unz\u00fcchtige Handlungen jeder Art;<\/p>\n<p style=\"text-align: left;\">f) Sklaverei und Sklavenhandel in allen ihren Formen;<\/p>\n<p style=\"text-align: left;\">g) Pl\u00fcnderung;<\/p>\n<p style=\"text-align: left;\">h) die Androhung einer dieser Handlungen.<\/p>\n<p style=\"text-align: left;\">3. Kindern wird die Pflege und Hilfe zuteil, deren sie bed\u00fcrfen, insbesondere :<\/p>\n<p style=\"text-align: left;\">a) erhalten sie die Erziehung, einschliesslich der religi\u00f6sen und sittlichen Erziehung, die den W\u00fcnschen ihrer Eltern oder \u2013 bei deren Fehlen \u2013 der Personen entspricht, die f\u00fcr sie zu sorgen haben;<\/p>\n<p style=\"text-align: left;\">b) werden alle geeigneten Massnahmen getroffen, um die Zusammenf\u00fchrung von vor\u00fcbergehend getrennten Familien zu erleichtern;<\/p>\n<p style=\"text-align: left;\">c) d\u00fcrfen Kinder unter f\u00fcnfzehn Jahren weder in Streitkr\u00e4fte oder bewaffnete<br \/>\nGruppen eingegliedert werden noch darf ihnen die Teilnahme an Feindseligkeiten erlaubt werden;<\/p>\n<p style=\"text-align: left;\">d) gilt der in diesem Art. f\u00fcr Kinder unter f\u00fcnfzehn Jahren vorgesehene besondere Schutz auch dann f\u00fcr sie, wenn sie trotz der Bestimmungen des Buchstabens c unmittelbar an Feindseligkeiten teilnehmen und gefangen genommen werden; ;<\/p>\n<p style=\"text-align: left;\">e) werden bei Bedarf Massnahmen getroffen \u2013 nach M\u00f6glichkeit mit Zustimmung der Eltern oder der Personen, die nach Gesetz oder Brauch in erster Linie f\u00fcr die Kinder zu sorgen haben, um diese vor\u00fcbergehend aus dem Gebiet, in dem Feindseligkeiten stattfinden, in ein sichereres Gebiet des Landes zu evakuieren und ihnen die f\u00fcr ihre Sicherheit und ihr Wohlergehen verantwortlichen Personen mitzugeben.<\/p>\n","protected":false},"excerpt":{"rendered":"<p>Zusatzprotokoll zu den Genfer Abkommen vom 12. August 1949 \u00fcber den Schutz der Opfer nicht internationaler bewaffneter Konflikte (Protokoll II) 8. Juni 1977 Artikel \u00fcber den Schutz von Kindern Teil II : Menschliche Behandlung Artikel 4 &#8211; Grundlegende Garantien 1. Alle Personen, die nicht unmittelbar oder nicht mehr an Feindseligkeiten teilnehmen, haben, gleichviel ob ihnen [&hellip;]<\/p>\n","protected":false},"author":1,"featured_media":0,"parent":0,"menu_order":0,"comment_status":"closed","ping_status":"closed","template":"","meta":{"footnotes":""},"class_list":["post-2470","page","type-page","status-publish","hentry"],"yoast_head":"<!-- This site is optimized with the Yoast SEO plugin v26.5 - https:\/\/yoast.com\/wordpress\/plugins\/seo\/ -->\n<title>Zusatzprotokoll zu den Genfer Abkommen vom 12. August 1949 \u00fcber den Schutz der Opfer nicht internationaler bewaffneter Konflikte (Protokoll II) - Humanium<\/title>\n<meta name=\"robots\" content=\"index, follow, max-snippet:-1, max-image-preview:large, max-video-preview:-1\" \/>\n<link rel=\"canonical\" href=\"https:\/\/www.humanium.org\/de\/zusatzprotokoll-zu-den-genfer-abkommen-vom-12-august-1949-uber-den-schutz-der-opfer-nicht-internationaler-bewaffneter-konflikte-protokoll-ii\/\" \/>\n<meta property=\"og:locale\" content=\"de_DE\" \/>\n<meta property=\"og:type\" content=\"article\" \/>\n<meta property=\"og:title\" content=\"Zusatzprotokoll zu den Genfer Abkommen vom 12. August 1949 \u00fcber den Schutz der Opfer nicht internationaler bewaffneter Konflikte (Protokoll II) - Humanium\" \/>\n<meta property=\"og:description\" content=\"Zusatzprotokoll zu den Genfer Abkommen vom 12. August 1949 \u00fcber den Schutz der Opfer nicht internationaler bewaffneter Konflikte (Protokoll II) 8. Juni 1977 Artikel \u00fcber den Schutz von Kindern Teil II : Menschliche Behandlung Artikel 4 &#8211; Grundlegende Garantien 1. Alle Personen, die nicht unmittelbar oder nicht mehr an Feindseligkeiten teilnehmen, haben, gleichviel ob ihnen [&hellip;]\" \/>\n<meta property=\"og:url\" content=\"https:\/\/www.humanium.org\/de\/zusatzprotokoll-zu-den-genfer-abkommen-vom-12-august-1949-uber-den-schutz-der-opfer-nicht-internationaler-bewaffneter-konflikte-protokoll-ii\/\" \/>\n<meta property=\"og:site_name\" content=\"Humanium\" \/>\n<meta property=\"article:modified_time\" content=\"2025-12-06T06:22:58+00:00\" \/>\n<meta name=\"twitter:card\" content=\"summary_large_image\" \/>\n<meta name=\"twitter:label1\" content=\"Gesch\u00e4tzte Lesezeit\" \/>\n\t<meta name=\"twitter:data1\" content=\"2\u00a0Minuten\" \/>\n<script type=\"application\/ld+json\" class=\"yoast-schema-graph\">{\"@context\":\"https:\/\/schema.org\",\"@graph\":[{\"@type\":\"WebPage\",\"@id\":\"https:\/\/www.humanium.org\/de\/zusatzprotokoll-zu-den-genfer-abkommen-vom-12-august-1949-uber-den-schutz-der-opfer-nicht-internationaler-bewaffneter-konflikte-protokoll-ii\/\",\"url\":\"https:\/\/www.humanium.org\/de\/zusatzprotokoll-zu-den-genfer-abkommen-vom-12-august-1949-uber-den-schutz-der-opfer-nicht-internationaler-bewaffneter-konflikte-protokoll-ii\/\",\"name\":\"Zusatzprotokoll zu den Genfer Abkommen vom 12. August 1949 \u00fcber den Schutz der Opfer nicht internationaler bewaffneter Konflikte (Protokoll II) - Humanium\",\"isPartOf\":{\"@id\":\"https:\/\/www.humanium.org\/de\/#website\"},\"primaryImageOfPage\":{\"@id\":\"https:\/\/www.humanium.org\/de\/zusatzprotokoll-zu-den-genfer-abkommen-vom-12-august-1949-uber-den-schutz-der-opfer-nicht-internationaler-bewaffneter-konflikte-protokoll-ii\/#primaryimage\"},\"image\":{\"@id\":\"https:\/\/www.humanium.org\/de\/zusatzprotokoll-zu-den-genfer-abkommen-vom-12-august-1949-uber-den-schutz-der-opfer-nicht-internationaler-bewaffneter-konflikte-protokoll-ii\/#primaryimage\"},\"thumbnailUrl\":\"https:\/\/www.humanium.org\/fr\/wp-content\/uploads\/logo-odt.gif\",\"datePublished\":\"2013-09-02T07:33:20+00:00\",\"dateModified\":\"2025-12-06T06:22:58+00:00\",\"breadcrumb\":{\"@id\":\"https:\/\/www.humanium.org\/de\/zusatzprotokoll-zu-den-genfer-abkommen-vom-12-august-1949-uber-den-schutz-der-opfer-nicht-internationaler-bewaffneter-konflikte-protokoll-ii\/#breadcrumb\"},\"inLanguage\":\"de\",\"potentialAction\":[{\"@type\":\"ReadAction\",\"target\":[\"https:\/\/www.humanium.org\/de\/zusatzprotokoll-zu-den-genfer-abkommen-vom-12-august-1949-uber-den-schutz-der-opfer-nicht-internationaler-bewaffneter-konflikte-protokoll-ii\/\"]}]},{\"@type\":\"ImageObject\",\"inLanguage\":\"de\",\"@id\":\"https:\/\/www.humanium.org\/de\/zusatzprotokoll-zu-den-genfer-abkommen-vom-12-august-1949-uber-den-schutz-der-opfer-nicht-internationaler-bewaffneter-konflikte-protokoll-ii\/#primaryimage\",\"url\":\"https:\/\/www.humanium.org\/fr\/wp-content\/uploads\/logo-odt.gif\",\"contentUrl\":\"https:\/\/www.humanium.org\/fr\/wp-content\/uploads\/logo-odt.gif\"},{\"@type\":\"BreadcrumbList\",\"@id\":\"https:\/\/www.humanium.org\/de\/zusatzprotokoll-zu-den-genfer-abkommen-vom-12-august-1949-uber-den-schutz-der-opfer-nicht-internationaler-bewaffneter-konflikte-protokoll-ii\/#breadcrumb\",\"itemListElement\":[{\"@type\":\"ListItem\",\"position\":1,\"name\":\"Home\",\"item\":\"https:\/\/www.humanium.org\/de\/\"},{\"@type\":\"ListItem\",\"position\":2,\"name\":\"Zusatzprotokoll zu den Genfer Abkommen vom 12. August 1949 \u00fcber den Schutz der Opfer nicht internationaler bewaffneter Konflikte (Protokoll II)\"}]},{\"@type\":\"WebSite\",\"@id\":\"https:\/\/www.humanium.org\/de\/#website\",\"url\":\"https:\/\/www.humanium.org\/de\/\",\"name\":\"Humanium\",\"description\":\"Kinder zuerst!\",\"potentialAction\":[{\"@type\":\"SearchAction\",\"target\":{\"@type\":\"EntryPoint\",\"urlTemplate\":\"https:\/\/www.humanium.org\/de\/?s={search_term_string}\"},\"query-input\":{\"@type\":\"PropertyValueSpecification\",\"valueRequired\":true,\"valueName\":\"search_term_string\"}}],\"inLanguage\":\"de\"}]}<\/script>\n<!-- \/ Yoast SEO plugin. -->","yoast_head_json":{"title":"Zusatzprotokoll zu den Genfer Abkommen vom 12. August 1949 \u00fcber den Schutz der Opfer nicht internationaler bewaffneter Konflikte (Protokoll II) - Humanium","robots":{"index":"index","follow":"follow","max-snippet":"max-snippet:-1","max-image-preview":"max-image-preview:large","max-video-preview":"max-video-preview:-1"},"canonical":"https:\/\/www.humanium.org\/de\/zusatzprotokoll-zu-den-genfer-abkommen-vom-12-august-1949-uber-den-schutz-der-opfer-nicht-internationaler-bewaffneter-konflikte-protokoll-ii\/","og_locale":"de_DE","og_type":"article","og_title":"Zusatzprotokoll zu den Genfer Abkommen vom 12. August 1949 \u00fcber den Schutz der Opfer nicht internationaler bewaffneter Konflikte (Protokoll II) - Humanium","og_description":"Zusatzprotokoll zu den Genfer Abkommen vom 12. August 1949 \u00fcber den Schutz der Opfer nicht internationaler bewaffneter Konflikte (Protokoll II) 8. Juni 1977 Artikel \u00fcber den Schutz von Kindern Teil II : Menschliche Behandlung Artikel 4 &#8211; Grundlegende Garantien 1. Alle Personen, die nicht unmittelbar oder nicht mehr an Feindseligkeiten teilnehmen, haben, gleichviel ob ihnen [&hellip;]","og_url":"https:\/\/www.humanium.org\/de\/zusatzprotokoll-zu-den-genfer-abkommen-vom-12-august-1949-uber-den-schutz-der-opfer-nicht-internationaler-bewaffneter-konflikte-protokoll-ii\/","og_site_name":"Humanium","article_modified_time":"2025-12-06T06:22:58+00:00","twitter_card":"summary_large_image","twitter_misc":{"Gesch\u00e4tzte Lesezeit":"2\u00a0Minuten"},"schema":{"@context":"https:\/\/schema.org","@graph":[{"@type":"WebPage","@id":"https:\/\/www.humanium.org\/de\/zusatzprotokoll-zu-den-genfer-abkommen-vom-12-august-1949-uber-den-schutz-der-opfer-nicht-internationaler-bewaffneter-konflikte-protokoll-ii\/","url":"https:\/\/www.humanium.org\/de\/zusatzprotokoll-zu-den-genfer-abkommen-vom-12-august-1949-uber-den-schutz-der-opfer-nicht-internationaler-bewaffneter-konflikte-protokoll-ii\/","name":"Zusatzprotokoll zu den Genfer Abkommen vom 12. August 1949 \u00fcber den Schutz der Opfer nicht internationaler bewaffneter Konflikte (Protokoll II) - Humanium","isPartOf":{"@id":"https:\/\/www.humanium.org\/de\/#website"},"primaryImageOfPage":{"@id":"https:\/\/www.humanium.org\/de\/zusatzprotokoll-zu-den-genfer-abkommen-vom-12-august-1949-uber-den-schutz-der-opfer-nicht-internationaler-bewaffneter-konflikte-protokoll-ii\/#primaryimage"},"image":{"@id":"https:\/\/www.humanium.org\/de\/zusatzprotokoll-zu-den-genfer-abkommen-vom-12-august-1949-uber-den-schutz-der-opfer-nicht-internationaler-bewaffneter-konflikte-protokoll-ii\/#primaryimage"},"thumbnailUrl":"https:\/\/www.humanium.org\/fr\/wp-content\/uploads\/logo-odt.gif","datePublished":"2013-09-02T07:33:20+00:00","dateModified":"2025-12-06T06:22:58+00:00","breadcrumb":{"@id":"https:\/\/www.humanium.org\/de\/zusatzprotokoll-zu-den-genfer-abkommen-vom-12-august-1949-uber-den-schutz-der-opfer-nicht-internationaler-bewaffneter-konflikte-protokoll-ii\/#breadcrumb"},"inLanguage":"de","potentialAction":[{"@type":"ReadAction","target":["https:\/\/www.humanium.org\/de\/zusatzprotokoll-zu-den-genfer-abkommen-vom-12-august-1949-uber-den-schutz-der-opfer-nicht-internationaler-bewaffneter-konflikte-protokoll-ii\/"]}]},{"@type":"ImageObject","inLanguage":"de","@id":"https:\/\/www.humanium.org\/de\/zusatzprotokoll-zu-den-genfer-abkommen-vom-12-august-1949-uber-den-schutz-der-opfer-nicht-internationaler-bewaffneter-konflikte-protokoll-ii\/#primaryimage","url":"https:\/\/www.humanium.org\/fr\/wp-content\/uploads\/logo-odt.gif","contentUrl":"https:\/\/www.humanium.org\/fr\/wp-content\/uploads\/logo-odt.gif"},{"@type":"BreadcrumbList","@id":"https:\/\/www.humanium.org\/de\/zusatzprotokoll-zu-den-genfer-abkommen-vom-12-august-1949-uber-den-schutz-der-opfer-nicht-internationaler-bewaffneter-konflikte-protokoll-ii\/#breadcrumb","itemListElement":[{"@type":"ListItem","position":1,"name":"Home","item":"https:\/\/www.humanium.org\/de\/"},{"@type":"ListItem","position":2,"name":"Zusatzprotokoll zu den Genfer Abkommen vom 12. August 1949 \u00fcber den Schutz der Opfer nicht internationaler bewaffneter Konflikte (Protokoll II)"}]},{"@type":"WebSite","@id":"https:\/\/www.humanium.org\/de\/#website","url":"https:\/\/www.humanium.org\/de\/","name":"Humanium","description":"Kinder zuerst!","potentialAction":[{"@type":"SearchAction","target":{"@type":"EntryPoint","urlTemplate":"https:\/\/www.humanium.org\/de\/?s={search_term_string}"},"query-input":{"@type":"PropertyValueSpecification","valueRequired":true,"valueName":"search_term_string"}}],"inLanguage":"de"}]}},"_links":{"self":[{"href":"https:\/\/www.humanium.org\/de\/wp-json\/wp\/v2\/pages\/2470","targetHints":{"allow":["GET"]}}],"collection":[{"href":"https:\/\/www.humanium.org\/de\/wp-json\/wp\/v2\/pages"}],"about":[{"href":"https:\/\/www.humanium.org\/de\/wp-json\/wp\/v2\/types\/page"}],"author":[{"embeddable":true,"href":"https:\/\/www.humanium.org\/de\/wp-json\/wp\/v2\/users\/1"}],"replies":[{"embeddable":true,"href":"https:\/\/www.humanium.org\/de\/wp-json\/wp\/v2\/comments?post=2470"}],"version-history":[{"count":5,"href":"https:\/\/www.humanium.org\/de\/wp-json\/wp\/v2\/pages\/2470\/revisions"}],"predecessor-version":[{"id":20635,"href":"https:\/\/www.humanium.org\/de\/wp-json\/wp\/v2\/pages\/2470\/revisions\/20635"}],"wp:attachment":[{"href":"https:\/\/www.humanium.org\/de\/wp-json\/wp\/v2\/media?parent=2470"}],"curies":[{"name":"wp","href":"https:\/\/api.w.org\/{rel}","templated":true}]}}