{"id":2479,"date":"2013-09-02T13:09:18","date_gmt":"2013-09-02T13:09:18","guid":{"rendered":"http:\/\/www.humanium.org\/de\/?page_id=2479"},"modified":"2025-12-05T07:16:37","modified_gmt":"2025-12-05T07:16:37","slug":"protokoll-beteiligung-von-kindern-konflikten","status":"publish","type":"page","link":"https:\/\/www.humanium.org\/de\/protokoll-beteiligung-von-kindern-konflikten\/","title":{"rendered":"Das Fakultativprotokoll zu dem \u00dcbereinkommen \u00fcber die Rechte des Kindes, betreffend die Beteiligung von Kindern an bewaffneten Konflikten"},"content":{"rendered":"<h1><a href=\"https:\/\/www.humanium.org\/de\/fakultativprotokoll-zum-ubereinkommen-uber-die-rechte-des-kindes-betreffend-die-beteiligung-von-kindern-an-bewaffneten-konflikten\/\">Das Fakultativprotokoll zu dem \u00dcbereinkommen \u00fcber die Rechte des Kindes betreffend die Beteiligung von Kindern an bewaffneten Konflikten<\/a><\/h1>\n<h2>Einleitung zum Protokoll<\/h2>\n<p><strong>Das Fakultativprotokoll zu dem \u00dcbereinkommen \u00fcber die Rechte des Kindes betreffend die Beteiligung von Kindern an bewaffneten Konflikten wurde am 25. Mai 2000 von der Generalversammelung der Vereinten Nationen in New York verabschiedet.<\/strong><\/p>\n<h3>Der Ausgangspunkt des Fakultativprotokolls (zu dem \u00dcbereinkommen \u00fcber die Rechte des Kindes betreffend die Beteiligung von Kindern an bewaffneten Konflikten)<\/h3>\n<p>In den 1990er Jahren fanden viele B\u00fcrgerkriege, insbesondere jene in Subsahara-Afrika, unter massivem Einsatz von Kindern in bewaffneten Konfliktparteien statt.<\/p>\n<p><img loading=\"lazy\" decoding=\"async\" class=\"size-full wp-image-4147 alignright\" title=\"Kindersoldat \u00a9 UNICEF\" src=\"https:\/\/www.humanium.org\/fr\/wp-content\/uploads\/unicef-enfant-soldat.jpg\" alt=\"\" width=\"249\" height=\"168\" \/><\/p>\n<p>Es war eine neue Art von Streitkr\u00e4ften, die in diesen Konflikten in Erscheinung trat: Kindersoldaten. Die Bilder dieser Kinder mit Waffen schufen weltweit ein Bewusstsein f\u00fcr dieses Problem und f\u00fchrten zur Emp\u00f6rung der internationalen Gemeinschaft, die dann eilig reagierte.<\/p>\n<p>Zwar stellte die Genfer Konvention von 1949 Kinder unter besonderen Schutz, der Fall von Kindersoldaten wurde hierbei jedoch nicht ber\u00fccksichtigt, wodurch eine rechtliche L\u00fccke entstand.<\/p>\n<p>Die erste Organisation, die reagierte, war die ILO (Internationale Arbeitsorganisation): In der <a href=\"https:\/\/www.humanium.org\/de\/konvention-182\/\">Konvention 182<\/a> \u00fcber die schlimmsten Formen von Kinderarbeit wird die Rekrutierung von Kindersoldaten in bewaffneten Konflikten als eine der schlimmsten Formen von Ausbeutung definiert.<\/p>\n<p>Sp\u00e4ter verabschiedete der Sicherheitsrat der Vereinten Nationen mehrere Resolutionen, in denen Kinderarbeit in bewaffneten Konflikten verurteilt und als schwerwiegende Verletzung der Menschenrechte bezeichnet wird.<\/p>\n<p>Die Autoren der internationalen <a href=\"https:\/\/www.humanium.org\/de\/konvention-rechte-kindes\/\">Kinderrechtskonvention von 1989<\/a> riefen das Problem in Artikel 38 in Erinnerung; das Rekrutieren von Kindern wird jedoch nicht grunds\u00e4tzlich verboten, sondern lediglich durch das Einf\u00fchren eines Mindestalters von 15 Jahren begrenzt:<\/p>\n<blockquote><p>&#8222;2. \u201eDie Vertragsstaaten treffen alle durchf\u00fchrbaren Ma\u00dfnahmen, um sicherzustellen, dass Personen, die das f\u00fcnfzehnte Lebensjahr noch nicht vollendet haben, nicht unmittelbar an Kampfhandlungen teilnehmen.<br \/>\n3. Die Vertragsstaaten nehmen davon Abstand, Personen, die das f\u00fcnfzehnte Lebensjahr noch nicht vollendet haben, in ihre Streitkr\u00e4fte einzuziehen. Werden Personen in die Streitkr\u00e4fte eingezogen, die zwar das f\u00fcnfzehnte, nicht aber das achtzehnte Lebensjahr vollendet haben, so bem\u00fchen sich die Vertragsstaaten, vorrangig die jeweils \u00e4ltesten einzuziehen.\u201c<\/p><\/blockquote>\n<p>Um diesen Artikel gerade zu r\u00fccken, verabschiedeten die Vereinten Nationen das Fakultativprotokoll zu dem \u00dcbereinkommen \u00fcber die Rechte des Kindes betreffend die Beteiligung von Kindern an bewaffneten Konflikten.<\/p>\n<p>Es wurde am 25. Mai 2000 zusammen mit dem Fakultativprotokoll zu dem \u00dcbereinkommen \u00fcber die Rechte des Kindes betreffend Kinderhandel, Kinderprostitution und Kinderpornografie verabschiedet und trat am 12. Februar 2002 in Kraft.<\/p>\n<h3>Inhalt des Protokolls<\/h3>\n<p>Das Fakultativprotokoll zu dem \u00dcbereinkommen \u00fcber die Rechte des Kindes betreffend die Beteiligung von Kindern an bewaffneten Konflikten verbietet die Rekrutierung von Kindersoldaten eindeutig. Fortan haben die Vertragsstaaten die Pflicht und die \u00f6ffentliche Verantwortung, den Einzug von Soldaten unter 18 Jahren zu verbieten.<\/p>\n<p><img loading=\"lazy\" decoding=\"async\" class=\" wp-image-4092 alignleft\" title=\"Kinder sind verletzlich und h\u00e4ufig die ersten Opfer bewaffneter Konflikte \u00a9 Belgisches Rotes Kreuz\" src=\"https:\/\/www.humanium.org\/fr\/wp-content\/uploads\/Croix-rouge-de-belgique-enfant-soldat.jpg\" alt=\"\" width=\"220\" height=\"156\" \/><\/p>\n<p>Das Protokoll erinnert daran, dass Kinder weder \u00fcber die n\u00f6tige k\u00f6rperliche, noch mentale Reife verf\u00fcgen, um den Ernst und die Konsequenzen ihrer Meldung f\u00fcr den Kriegsdienst verstehen zu k\u00f6nnen.<\/p>\n<p>Das Protokoll verurteilt das Ph\u00e4nomen der Kindersoldaten und nimmt eine umfangreiche Definition des Begriffes vor, um eine gr\u00f6\u00dftm\u00f6gliche Anzahl von Kindern zu sch\u00fctzen, die an bewaffneten Konflikten beteiligt sind. Demzufolge kann ein Kindersoldat ein sexueller oder h\u00e4uslicher Sklave, ein Koch, ein Wachposten oder ein Kampfmittelbeseitiger oder \u00e4hnliches sein, der freiwillig oder unfreiwillig rekrutiert wurde.<\/p>\n<p><a title=\"Voll Text\" href=\"https:\/\/www.humanium.org\/de\/fakultativprotokoll-zum-ubereinkommen-uber-die-rechte-des-kindes-betreffend-die-beteiligung-von-kindern-an-bewaffneten-konflikten\/\"><img loading=\"lazy\" decoding=\"async\" class=\"aligncenter\" title=\"Voll Text Genf Erkl\u00e4rung\" src=\"https:\/\/www.humanium.org\/fr\/wp-content\/uploads\/le-texte.gif\" alt=\"\" width=\"67\" height=\"30\" \/><\/a><\/p>\n<div id=\"toggle\"><\/div>\n<div id=\"voir_aussi_box\" style=\"display: none;\">\n<ul>\n<li><a href=\"https:\/\/www.humanium.org\/de\/fakultativprotokoll-zum-ubereinkommen-uber-die-rechte-des-kindes-betreffend-die-beteiligung-von-kindern-an-bewaffneten-konflikten\/\">Das Fakultativprotokoll zu dem \u00dcbereinkommen \u00fcber die Rechte des Kindes betreffend die Beteiligung von Kindern an bewaffneten Konflikten<\/a><\/li>\n<li><a href=\"https:\/\/www.humanium.org\/de\/zusatzprotokoll-zur-kinderrechts-konvention-betreffend-kinderhandel-kinderprostitution-und-kinderpornographie-2000\/\">Fakultativprotokoll zu dem \u00dcbereinkommen \u00fcber die Rechte des Kindes, betreffend Kinderhandel, Kinderprostitution und Kinderpornografie<\/a><\/li>\n<li><a href=\"https:\/\/www.humanium.org\/de\/fakultativprotokoll-zum-ubereinkommen-uber-die-rechte-des-kindes-betreffend-ein-individualbeschwerdeverfahren\/\">Fakultativprotokoll der Kinderrechtskonvention zum Beschwerdeverfahren vor dem Komitee der Kinderrechte, 2011<\/a><\/li>\n<li><a href=\"https:\/\/www.humanium.org\/de\/gesetzesnormen\/\">Andere Gesetzesnormen der Kinderrechte<\/a><\/li>\n<\/ul>\n<\/div>\n<div id=\"toggle\"><\/div>\n<div id=\"plus_loin_box\" style=\"display: none;\">\n<ul>\n<li>Child Soldiers International (CSI)<\/li>\n<li><a href=\"https:\/\/www.icrc.org\/eng\/resources\/documents\/statement\/children-statement-060207.htm\">ICRC (International Committee of the Red Cross), Nein zur Rekrutierung von Kindersoldaten<\/a><\/li>\n<li><a href=\"http:\/\/www.ohchr.org\/EN\/HRBodies\/CRC\/Study\/Pages\/StudyViolenceChildren.aspx\" target=\"_blank\" rel=\"noopener noreferrer\">OHCHR, Studie \u00fcber Gewalt gegen Kinder<\/a><\/li>\n<li><a href=\"https:\/\/www.humanium.org\/de\/kindersoldaten\/\">Humanium, Kindersoldat<\/a><\/li>\n<\/ul>\n<\/div>\n<div id=\"toggle\"><\/div>\n<div id=\"sources_box\" style=\"display: none;\">\n<ul>Siehe verwendete Quellen f\u00fcr die Originalversion in Franz\u00f6sisch.<\/ul>\n<\/div>\n<table>\n<tbody style=\"background: #f9f9f9;\">\n<tr>\n<td>\n<div style=\"float: left; width: 90%;\">\u00dcbersetzt von : Simon T\u00e4nzer<br \/>\nBewertet von : Elfi Klabunde<\/div>\n<\/td>\n<\/tr>\n<\/tbody>\n<\/table>\n<table>\n<tbody style=\"background: #f9f9f9;\">\n<tr>\n<td>\n<div style=\"float: left; width: 90%;\">Verfasst am 2. September 2013<\/div>\n<\/td>\n<\/tr>\n<\/tbody>\n<\/table>\n","protected":false},"excerpt":{"rendered":"<p>Das Fakultativprotokoll zu dem \u00dcbereinkommen \u00fcber die Rechte des Kindes betreffend die Beteiligung von Kindern an bewaffneten Konflikten Einleitung zum Protokoll Das Fakultativprotokoll zu dem \u00dcbereinkommen \u00fcber die Rechte des Kindes betreffend die Beteiligung von Kindern an bewaffneten Konflikten wurde am 25. Mai 2000 von der Generalversammelung der Vereinten Nationen in New York verabschiedet. Der [&hellip;]<\/p>\n","protected":false},"author":1,"featured_media":0,"parent":0,"menu_order":0,"comment_status":"closed","ping_status":"closed","template":"","meta":{"footnotes":""},"class_list":["post-2479","page","type-page","status-publish","hentry"],"yoast_head":"<!-- This site is optimized with the Yoast SEO plugin v26.5 - https:\/\/yoast.com\/wordpress\/plugins\/seo\/ -->\n<title>Das Fakultativprotokoll zu dem \u00dcbereinkommen \u00fcber die Rechte des Kindes, betreffend die Beteiligung von Kindern an bewaffneten Konflikten - Humanium<\/title>\n<meta name=\"robots\" content=\"index, follow, max-snippet:-1, max-image-preview:large, max-video-preview:-1\" \/>\n<link rel=\"canonical\" href=\"https:\/\/www.humanium.org\/de\/protokoll-beteiligung-von-kindern-konflikten\/\" \/>\n<meta property=\"og:locale\" content=\"de_DE\" \/>\n<meta property=\"og:type\" content=\"article\" \/>\n<meta property=\"og:title\" content=\"Das Fakultativprotokoll zu dem \u00dcbereinkommen \u00fcber die Rechte des Kindes, betreffend die Beteiligung von Kindern an bewaffneten Konflikten - Humanium\" \/>\n<meta property=\"og:description\" content=\"Das Fakultativprotokoll zu dem \u00dcbereinkommen \u00fcber die Rechte des Kindes betreffend die Beteiligung von Kindern an bewaffneten Konflikten Einleitung zum Protokoll Das Fakultativprotokoll zu dem \u00dcbereinkommen \u00fcber die Rechte des Kindes betreffend die Beteiligung von Kindern an bewaffneten Konflikten wurde am 25. Mai 2000 von der Generalversammelung der Vereinten Nationen in New York verabschiedet. Der [&hellip;]\" \/>\n<meta property=\"og:url\" content=\"https:\/\/www.humanium.org\/de\/protokoll-beteiligung-von-kindern-konflikten\/\" \/>\n<meta property=\"og:site_name\" content=\"Humanium\" \/>\n<meta property=\"article:modified_time\" content=\"2025-12-05T07:16:37+00:00\" \/>\n<meta name=\"twitter:card\" content=\"summary_large_image\" \/>\n<meta name=\"twitter:label1\" content=\"Gesch\u00e4tzte Lesezeit\" \/>\n\t<meta name=\"twitter:data1\" content=\"4\u00a0Minuten\" \/>\n<script type=\"application\/ld+json\" class=\"yoast-schema-graph\">{\"@context\":\"https:\/\/schema.org\",\"@graph\":[{\"@type\":\"WebPage\",\"@id\":\"https:\/\/www.humanium.org\/de\/protokoll-beteiligung-von-kindern-konflikten\/\",\"url\":\"https:\/\/www.humanium.org\/de\/protokoll-beteiligung-von-kindern-konflikten\/\",\"name\":\"Das Fakultativprotokoll zu dem \u00dcbereinkommen \u00fcber die Rechte des Kindes, betreffend die Beteiligung von Kindern an bewaffneten Konflikten - Humanium\",\"isPartOf\":{\"@id\":\"https:\/\/www.humanium.org\/de\/#website\"},\"primaryImageOfPage\":{\"@id\":\"https:\/\/www.humanium.org\/de\/protokoll-beteiligung-von-kindern-konflikten\/#primaryimage\"},\"image\":{\"@id\":\"https:\/\/www.humanium.org\/de\/protokoll-beteiligung-von-kindern-konflikten\/#primaryimage\"},\"thumbnailUrl\":\"https:\/\/www.humanium.org\/fr\/wp-content\/uploads\/unicef-enfant-soldat.jpg\",\"datePublished\":\"2013-09-02T13:09:18+00:00\",\"dateModified\":\"2025-12-05T07:16:37+00:00\",\"breadcrumb\":{\"@id\":\"https:\/\/www.humanium.org\/de\/protokoll-beteiligung-von-kindern-konflikten\/#breadcrumb\"},\"inLanguage\":\"de\",\"potentialAction\":[{\"@type\":\"ReadAction\",\"target\":[\"https:\/\/www.humanium.org\/de\/protokoll-beteiligung-von-kindern-konflikten\/\"]}]},{\"@type\":\"ImageObject\",\"inLanguage\":\"de\",\"@id\":\"https:\/\/www.humanium.org\/de\/protokoll-beteiligung-von-kindern-konflikten\/#primaryimage\",\"url\":\"https:\/\/www.humanium.org\/fr\/wp-content\/uploads\/unicef-enfant-soldat.jpg\",\"contentUrl\":\"https:\/\/www.humanium.org\/fr\/wp-content\/uploads\/unicef-enfant-soldat.jpg\"},{\"@type\":\"BreadcrumbList\",\"@id\":\"https:\/\/www.humanium.org\/de\/protokoll-beteiligung-von-kindern-konflikten\/#breadcrumb\",\"itemListElement\":[{\"@type\":\"ListItem\",\"position\":1,\"name\":\"Home\",\"item\":\"https:\/\/www.humanium.org\/de\/\"},{\"@type\":\"ListItem\",\"position\":2,\"name\":\"Das Fakultativprotokoll zu dem \u00dcbereinkommen \u00fcber die Rechte des Kindes, betreffend die Beteiligung von Kindern an bewaffneten Konflikten\"}]},{\"@type\":\"WebSite\",\"@id\":\"https:\/\/www.humanium.org\/de\/#website\",\"url\":\"https:\/\/www.humanium.org\/de\/\",\"name\":\"Humanium\",\"description\":\"Kinder zuerst!\",\"potentialAction\":[{\"@type\":\"SearchAction\",\"target\":{\"@type\":\"EntryPoint\",\"urlTemplate\":\"https:\/\/www.humanium.org\/de\/?s={search_term_string}\"},\"query-input\":{\"@type\":\"PropertyValueSpecification\",\"valueRequired\":true,\"valueName\":\"search_term_string\"}}],\"inLanguage\":\"de\"}]}<\/script>\n<!-- \/ Yoast SEO plugin. -->","yoast_head_json":{"title":"Das Fakultativprotokoll zu dem \u00dcbereinkommen \u00fcber die Rechte des Kindes, betreffend die Beteiligung von Kindern an bewaffneten Konflikten - Humanium","robots":{"index":"index","follow":"follow","max-snippet":"max-snippet:-1","max-image-preview":"max-image-preview:large","max-video-preview":"max-video-preview:-1"},"canonical":"https:\/\/www.humanium.org\/de\/protokoll-beteiligung-von-kindern-konflikten\/","og_locale":"de_DE","og_type":"article","og_title":"Das Fakultativprotokoll zu dem \u00dcbereinkommen \u00fcber die Rechte des Kindes, betreffend die Beteiligung von Kindern an bewaffneten Konflikten - Humanium","og_description":"Das Fakultativprotokoll zu dem \u00dcbereinkommen \u00fcber die Rechte des Kindes betreffend die Beteiligung von Kindern an bewaffneten Konflikten Einleitung zum Protokoll Das Fakultativprotokoll zu dem \u00dcbereinkommen \u00fcber die Rechte des Kindes betreffend die Beteiligung von Kindern an bewaffneten Konflikten wurde am 25. Mai 2000 von der Generalversammelung der Vereinten Nationen in New York verabschiedet. Der [&hellip;]","og_url":"https:\/\/www.humanium.org\/de\/protokoll-beteiligung-von-kindern-konflikten\/","og_site_name":"Humanium","article_modified_time":"2025-12-05T07:16:37+00:00","twitter_card":"summary_large_image","twitter_misc":{"Gesch\u00e4tzte Lesezeit":"4\u00a0Minuten"},"schema":{"@context":"https:\/\/schema.org","@graph":[{"@type":"WebPage","@id":"https:\/\/www.humanium.org\/de\/protokoll-beteiligung-von-kindern-konflikten\/","url":"https:\/\/www.humanium.org\/de\/protokoll-beteiligung-von-kindern-konflikten\/","name":"Das Fakultativprotokoll zu dem \u00dcbereinkommen \u00fcber die Rechte des Kindes, betreffend die Beteiligung von Kindern an bewaffneten Konflikten - Humanium","isPartOf":{"@id":"https:\/\/www.humanium.org\/de\/#website"},"primaryImageOfPage":{"@id":"https:\/\/www.humanium.org\/de\/protokoll-beteiligung-von-kindern-konflikten\/#primaryimage"},"image":{"@id":"https:\/\/www.humanium.org\/de\/protokoll-beteiligung-von-kindern-konflikten\/#primaryimage"},"thumbnailUrl":"https:\/\/www.humanium.org\/fr\/wp-content\/uploads\/unicef-enfant-soldat.jpg","datePublished":"2013-09-02T13:09:18+00:00","dateModified":"2025-12-05T07:16:37+00:00","breadcrumb":{"@id":"https:\/\/www.humanium.org\/de\/protokoll-beteiligung-von-kindern-konflikten\/#breadcrumb"},"inLanguage":"de","potentialAction":[{"@type":"ReadAction","target":["https:\/\/www.humanium.org\/de\/protokoll-beteiligung-von-kindern-konflikten\/"]}]},{"@type":"ImageObject","inLanguage":"de","@id":"https:\/\/www.humanium.org\/de\/protokoll-beteiligung-von-kindern-konflikten\/#primaryimage","url":"https:\/\/www.humanium.org\/fr\/wp-content\/uploads\/unicef-enfant-soldat.jpg","contentUrl":"https:\/\/www.humanium.org\/fr\/wp-content\/uploads\/unicef-enfant-soldat.jpg"},{"@type":"BreadcrumbList","@id":"https:\/\/www.humanium.org\/de\/protokoll-beteiligung-von-kindern-konflikten\/#breadcrumb","itemListElement":[{"@type":"ListItem","position":1,"name":"Home","item":"https:\/\/www.humanium.org\/de\/"},{"@type":"ListItem","position":2,"name":"Das Fakultativprotokoll zu dem \u00dcbereinkommen \u00fcber die Rechte des Kindes, betreffend die Beteiligung von Kindern an bewaffneten Konflikten"}]},{"@type":"WebSite","@id":"https:\/\/www.humanium.org\/de\/#website","url":"https:\/\/www.humanium.org\/de\/","name":"Humanium","description":"Kinder zuerst!","potentialAction":[{"@type":"SearchAction","target":{"@type":"EntryPoint","urlTemplate":"https:\/\/www.humanium.org\/de\/?s={search_term_string}"},"query-input":{"@type":"PropertyValueSpecification","valueRequired":true,"valueName":"search_term_string"}}],"inLanguage":"de"}]}},"_links":{"self":[{"href":"https:\/\/www.humanium.org\/de\/wp-json\/wp\/v2\/pages\/2479","targetHints":{"allow":["GET"]}}],"collection":[{"href":"https:\/\/www.humanium.org\/de\/wp-json\/wp\/v2\/pages"}],"about":[{"href":"https:\/\/www.humanium.org\/de\/wp-json\/wp\/v2\/types\/page"}],"author":[{"embeddable":true,"href":"https:\/\/www.humanium.org\/de\/wp-json\/wp\/v2\/users\/1"}],"replies":[{"embeddable":true,"href":"https:\/\/www.humanium.org\/de\/wp-json\/wp\/v2\/comments?post=2479"}],"version-history":[{"count":9,"href":"https:\/\/www.humanium.org\/de\/wp-json\/wp\/v2\/pages\/2479\/revisions"}],"predecessor-version":[{"id":19485,"href":"https:\/\/www.humanium.org\/de\/wp-json\/wp\/v2\/pages\/2479\/revisions\/19485"}],"wp:attachment":[{"href":"https:\/\/www.humanium.org\/de\/wp-json\/wp\/v2\/media?parent=2479"}],"curies":[{"name":"wp","href":"https:\/\/api.w.org\/{rel}","templated":true}]}}