{"id":2508,"date":"2013-09-27T15:18:51","date_gmt":"2013-09-27T15:18:51","guid":{"rendered":"http:\/\/www.humanium.org\/de\/?page_id=2508"},"modified":"2017-10-04T09:22:01","modified_gmt":"2017-10-04T09:22:01","slug":"recht-gesundheit-welt","status":"publish","type":"page","link":"https:\/\/www.humanium.org\/de\/recht-gesundheit-welt\/","title":{"rendered":"Das Recht auf Gesundheit weltweit"},"content":{"rendered":"<h1>Das Recht auf Gesundheit weltweit<\/h1>\n<h2>Das Recht auf Gesundheitsversorgung und die Situation der Kinder weltweit<\/h2>\n<p><strong>Selbst jetzt ist das Recht auf Gesundheitsversorgung keine Wirklichkeit f\u00fcr Millionen von Kindern weltweit \u2013 im Besonderen in den Entwicklungsl\u00e4ndern. Jedes Jahr sterben mehr als 13 Millionen Kinder unter 5 Jahren an Krankheiten, die fr\u00fchzeitig h\u00e4tten vermieden oder behandelt werden k\u00f6nnen.<\/strong><\/p>\n<h3>Ungleichheit beim Zugang zur Gesundheitsversorgung<\/h3>\n<h4>Die Armen in der Bev\u00f6lkerung sind besonders betroffen<\/h4>\n<p><img loading=\"lazy\" decoding=\"async\" class=\" wp-image-4667 alignright\" title=\"Arme sind einem h\u00f6heren Gesundheitsrisiko ausgesetzt \u00a9 IRIN\/T.Ridley\" alt=\"\" src=\"https:\/\/www.humanium.org\/fr\/wp-content\/uploads\/IRIN-T-Ridley.jpg\" width=\"205\" height=\"136\" \/>Die Armen in der Bev\u00f6lkerung sind einem hohen Risiko an Nahrungsknappheit, fehlendem Trinkwasser und einer schlechten Sanit\u00e4rversorgung ausgesetzt.<\/p>\n<p>Daher sind sie und ihre Kinder besonders gef\u00e4hrdet, krank zu werden.<\/p>\n<p>Ansteckende Krankheiten sind vor allem f\u00fcr Kindern gef\u00e4hrlich, die an Mangelern\u00e4hrung leiden und \/ oder keinen Zugang zu sauberem Trinkwasser haben. Schwarzafrika und S\u00fcdasien sind von diesem Problem besonders betroffen. In diesen beiden Regionen, in den 5 L\u00e4ndern Indien, Nigeria, der Demokratischen Republik Kongo, Pakistan und \u00c4thiopien werden mehr als die H\u00e4lfte der Todesf\u00e4lle von Kindern weltweit verzeichnet (d.h. mehr als 6 Millionen).<\/p>\n<h4>Gesundheitsversorgung und Medizin sind f\u00fcr Millionen von Menschen unbezahlbar<\/h4>\n<p><img loading=\"lazy\" decoding=\"async\" class=\" wp-image-4646 alignleft\" title=\"Medizin ist f\u00fcr die meisten Entwicklungsl\u00e4nder zu teuer geworden \u00a9 Labo\" alt=\"\" src=\"https:\/\/www.humanium.org\/fr\/wp-content\/uploads\/ETF1-medoc.jpg\" width=\"182\" height=\"122\" \/>In vielen L\u00e4ndern gibt es f\u00fcr die Bev\u00f6lkerung keinen Krankenversicherungsschutz. Das bedeutet, dass sie keinen Zugang zu Gesundheitsversorgung haben, die \u00fcber ihre finanziellen Mittel hinaus geht. Daher m\u00fcssen einige Menschen jahrelang sparen, bis sie einen Arzt oder Spezialisten konsultieren k\u00f6nnen.<\/p>\n<p>Zudem versch\u00e4rfen die gro\u00dfen Pharmaunternehmen mit extremen Preisen die prek\u00e4re Situation der ohnehin schon gef\u00e4hrdeten Bev\u00f6lkerungsschichten \u2013 die den gr\u00f6\u00dften Bedarf an Medizin haben.<\/p>\n<p>Auch in diesem Moment hat mehr als ein Drittel der Weltbev\u00f6lkerung aufgrund der hohen Preise keinen Zugang zu Medizin, die grundlegend wichtig f\u00fcr ihre Gesundheit und ihr \u00dcberleben ist.<\/p>\n<h3>Die Problematik des Zugangs zur Gesundheitsversorgung in Entwicklungsl\u00e4ndern<\/h3>\n<h4>Das Versagen des Gesundheitssystems<\/h4>\n<p><img loading=\"lazy\" decoding=\"async\" class=\" wp-image-4647 alignright\" title=\"Entwicklungsl\u00e4ndern fehlt es an qualifiziertem medizinischen Personal \u00a9 IRIN\/M.Deghati\" alt=\"\" src=\"https:\/\/www.humanium.org\/fr\/wp-content\/uploads\/IRINM-Deghati.jpg\" width=\"209\" height=\"140\" \/>In den Entwicklungsl\u00e4ndern sind die Impfraten sehr niedrig. 2009 hatten 24 Millionen Kinder aus den \u00e4rmsten L\u00e4ndern keinen Zugang zu grundlegenden Impfungen. Und das, obwohl die Impfung dieser Kinder die Sterberate durch ansteckende Krankheiten um 45% verringern k\u00f6nnte.<\/p>\n<p>Zudem haben diese L\u00e4nder in der Regel nicht genug medizinisches Personal und medizinische Ausstattung, um den Zugang zur Gesundheitsversorgung denjenigen zu gew\u00e4hrleisten, die ihn am meisten brauchen. Die L\u00e4nder in Schwarzafrika und S\u00fcdostasien z\u00e4hlen lediglich einen Arzt auf 2000 Einwohner \u2013 sechsmal weniger als in den entwickelten L\u00e4ndern. Au\u00dferdem kann nicht jeder versorgt werden und viele Kinder sterben aufgrund der fehlenden Krankenschutzversicherung oder der langen Wartezeit bis zur Untersuchung und notwendigen Pflege.<\/p>\n<h4>Schlechte Gesundheitsversorgung f\u00fcr M\u00fctter und Kinder<\/h4>\n<p><img loading=\"lazy\" decoding=\"async\" class=\" wp-image-4644   alignleft\" title=\"In armen Regionen erhalten nur wenige Frauen Hilfe w\u00e4hrend der Geburt \u00a9 IRIN\/A.Dawi\" alt=\"\" src=\"https:\/\/www.humanium.org\/fr\/wp-content\/uploads\/IRIN-A-Dawi.jpg\" width=\"231\" height=\"175\" \/>In armen Regionen sind Schwangerschaft und Geburt h\u00e4ufig mit sehr hohem Risiko f\u00fcr die Gesundheit der M\u00fctter und Kinder verbunden.<\/p>\n<p>Sehr wenige haben Zugang zu regelm\u00e4\u00dfigen Vorsorgeuntersuchungen und Informationen \u00fcber ihren Gesundheitszustand und den ihres Kindes. Komplikationen w\u00e4hrend der Schwangerschaft, die in den Vorsorgeuntersuchungen fr\u00fchzeitig h\u00e4tten erkannt und behandelt werden k\u00f6nnen, k\u00f6nnen zum Tod der Mutter und \/ oder des Kindes f\u00fchren.<\/p>\n<p>Auch jetzt sind immer noch 40% der M\u00fctter, die ihr Kind zur Welt bringen ohne medizinische Unterst\u00fctzung. Zudem sterben viele und lassen ein Neugeborenes zur\u00fcck, das damit einem zehnfach h\u00f6heren Risiko ausgesetzt ist, noch vor seinem 5. Geburtstag zu sterben.<\/p>\n<div id=\"toggle\"><a onclick=\"show_voir_aussi('voir_aussi_box')\" href=\"javascript:show_voir_aussi(id)\"><\/a><\/div>\n<div id=\"voir_aussi_box\" style=\"display: none;\">\n<ul>\n<li><a href=\"https:\/\/www.humanium.org\/de\/das-recht-auf-gesundheit\/\">Das Recht auf Gesundheit verstehen<\/a><\/li>\n<li><a href=\"https:\/\/www.humanium.org\/de\/verstehen\/\">Andere Grundrechte<\/a><\/li>\n<\/ul>\n<\/div>\n<p>&nbsp;<\/p>\n<div id=\"toggle\"><\/div>\n<div id=\"plus_loin_box\" style=\"display: none;\">\n<ul>\n<li><a href=\"http:\/\/www.who.int\/mediacentre\/factsheets\/fs323\/en\/\">WHO, Das Recht auf Gesundheit<\/a><\/li>\n<li><a href=\"http:\/\/www.who.int\/gender-equity-rights\/en\/\">WHO, Gesundheit und Menschenrechte<\/a><\/li>\n<li><a href=\"https:\/\/de.wikipedia.org\/wiki\/Gesundheit\">Wikipedia, Gesundheit<\/a><\/li>\n<li><a href=\"https:\/\/www.unicef.org\/rightsite\/sowc\/pdfs\/SOWC_Spec%20Ed_CRC_Main%20Report_EN_090409.pdf\">Unicef, Situation der Kinder weltweit 2010<\/a><\/li>\n<li><a href=\"https:\/\/www.unicef.org\/sowc09\/docs\/SOWC09-FullReport-EN.pdf\">Unicef, Situation der Kinder weltweit 2009 : Gesundheit von M\u00fcttern und Neugeborenen<\/a><\/li>\n<li><a href=\"http:\/\/hdr.undp.org\/en\/data\">UNDP, Internationale Indikatoren f\u00fcr die Entwicklung<\/a><\/li>\n<\/ul>\n<\/div>\n<p>&nbsp;<\/p>\n<table>\n<tbody style=\"background: #f9f9f9;\">\n<tr>\n<td>\n<div style=\"float: left; width: 90%;\">\u00dcbersetzt von : Janina Cordes<br \/>\nBewertet von : Nathalie Ferner<\/div>\n<\/td>\n<\/tr>\n<\/tbody>\n<\/table>\n<table>\n<tbody style=\"background: #f9f9f9;\">\n<tr>\n<td>\n<div style=\"float: left; width: 90%;\">Verfasst am 3. September 2013<\/div>\n<\/td>\n<\/tr>\n<\/tbody>\n<\/table>\n","protected":false},"excerpt":{"rendered":"<p>Das Recht auf Gesundheit weltweit Das Recht auf Gesundheitsversorgung und die Situation der Kinder weltweit Selbst jetzt ist das Recht auf Gesundheitsversorgung keine Wirklichkeit f\u00fcr Millionen von Kindern weltweit \u2013 im Besonderen in den Entwicklungsl\u00e4ndern. Jedes Jahr sterben mehr als 13 Millionen Kinder unter 5 Jahren an Krankheiten, die fr\u00fchzeitig h\u00e4tten vermieden oder behandelt werden [&hellip;]<\/p>\n","protected":false},"author":1,"featured_media":0,"parent":0,"menu_order":0,"comment_status":"closed","ping_status":"closed","template":"","meta":{"footnotes":""},"class_list":["post-2508","page","type-page","status-publish","hentry"],"yoast_head":"<!-- This site is optimized with the Yoast SEO plugin v26.5 - https:\/\/yoast.com\/wordpress\/plugins\/seo\/ -->\n<title>Das Recht auf Gesundheit weltweit - Humanium<\/title>\n<meta name=\"robots\" content=\"index, follow, max-snippet:-1, max-image-preview:large, max-video-preview:-1\" \/>\n<link rel=\"canonical\" href=\"https:\/\/www.humanium.org\/de\/recht-gesundheit-welt\/\" \/>\n<meta property=\"og:locale\" content=\"de_DE\" \/>\n<meta property=\"og:type\" content=\"article\" \/>\n<meta property=\"og:title\" content=\"Das Recht auf Gesundheit weltweit - Humanium\" \/>\n<meta property=\"og:description\" content=\"Das Recht auf Gesundheit weltweit Das Recht auf Gesundheitsversorgung und die Situation der Kinder weltweit Selbst jetzt ist das Recht auf Gesundheitsversorgung keine Wirklichkeit f\u00fcr Millionen von Kindern weltweit \u2013 im Besonderen in den Entwicklungsl\u00e4ndern. Jedes Jahr sterben mehr als 13 Millionen Kinder unter 5 Jahren an Krankheiten, die fr\u00fchzeitig h\u00e4tten vermieden oder behandelt werden [&hellip;]\" \/>\n<meta property=\"og:url\" content=\"https:\/\/www.humanium.org\/de\/recht-gesundheit-welt\/\" \/>\n<meta property=\"og:site_name\" content=\"Humanium\" \/>\n<meta property=\"article:modified_time\" content=\"2017-10-04T09:22:01+00:00\" \/>\n<meta property=\"og:image\" content=\"https:\/\/www.humanium.org\/fr\/wp-content\/uploads\/IRIN-T-Ridley.jpg\" \/>\n<meta name=\"twitter:card\" content=\"summary_large_image\" \/>\n<meta name=\"twitter:label1\" content=\"Gesch\u00e4tzte Lesezeit\" \/>\n\t<meta name=\"twitter:data1\" content=\"3\u00a0Minuten\" \/>\n<script type=\"application\/ld+json\" class=\"yoast-schema-graph\">{\"@context\":\"https:\/\/schema.org\",\"@graph\":[{\"@type\":\"WebPage\",\"@id\":\"https:\/\/www.humanium.org\/de\/recht-gesundheit-welt\/\",\"url\":\"https:\/\/www.humanium.org\/de\/recht-gesundheit-welt\/\",\"name\":\"Das Recht auf Gesundheit weltweit - Humanium\",\"isPartOf\":{\"@id\":\"https:\/\/www.humanium.org\/de\/#website\"},\"primaryImageOfPage\":{\"@id\":\"https:\/\/www.humanium.org\/de\/recht-gesundheit-welt\/#primaryimage\"},\"image\":{\"@id\":\"https:\/\/www.humanium.org\/de\/recht-gesundheit-welt\/#primaryimage\"},\"thumbnailUrl\":\"https:\/\/www.humanium.org\/fr\/wp-content\/uploads\/IRIN-T-Ridley.jpg\",\"datePublished\":\"2013-09-27T15:18:51+00:00\",\"dateModified\":\"2017-10-04T09:22:01+00:00\",\"breadcrumb\":{\"@id\":\"https:\/\/www.humanium.org\/de\/recht-gesundheit-welt\/#breadcrumb\"},\"inLanguage\":\"de\",\"potentialAction\":[{\"@type\":\"ReadAction\",\"target\":[\"https:\/\/www.humanium.org\/de\/recht-gesundheit-welt\/\"]}]},{\"@type\":\"ImageObject\",\"inLanguage\":\"de\",\"@id\":\"https:\/\/www.humanium.org\/de\/recht-gesundheit-welt\/#primaryimage\",\"url\":\"https:\/\/www.humanium.org\/fr\/wp-content\/uploads\/IRIN-T-Ridley.jpg\",\"contentUrl\":\"https:\/\/www.humanium.org\/fr\/wp-content\/uploads\/IRIN-T-Ridley.jpg\"},{\"@type\":\"BreadcrumbList\",\"@id\":\"https:\/\/www.humanium.org\/de\/recht-gesundheit-welt\/#breadcrumb\",\"itemListElement\":[{\"@type\":\"ListItem\",\"position\":1,\"name\":\"Home\",\"item\":\"https:\/\/www.humanium.org\/de\/\"},{\"@type\":\"ListItem\",\"position\":2,\"name\":\"Das Recht auf Gesundheit weltweit\"}]},{\"@type\":\"WebSite\",\"@id\":\"https:\/\/www.humanium.org\/de\/#website\",\"url\":\"https:\/\/www.humanium.org\/de\/\",\"name\":\"Humanium\",\"description\":\"Kinder zuerst!\",\"potentialAction\":[{\"@type\":\"SearchAction\",\"target\":{\"@type\":\"EntryPoint\",\"urlTemplate\":\"https:\/\/www.humanium.org\/de\/?s={search_term_string}\"},\"query-input\":{\"@type\":\"PropertyValueSpecification\",\"valueRequired\":true,\"valueName\":\"search_term_string\"}}],\"inLanguage\":\"de\"}]}<\/script>\n<!-- \/ Yoast SEO plugin. -->","yoast_head_json":{"title":"Das Recht auf Gesundheit weltweit - Humanium","robots":{"index":"index","follow":"follow","max-snippet":"max-snippet:-1","max-image-preview":"max-image-preview:large","max-video-preview":"max-video-preview:-1"},"canonical":"https:\/\/www.humanium.org\/de\/recht-gesundheit-welt\/","og_locale":"de_DE","og_type":"article","og_title":"Das Recht auf Gesundheit weltweit - Humanium","og_description":"Das Recht auf Gesundheit weltweit Das Recht auf Gesundheitsversorgung und die Situation der Kinder weltweit Selbst jetzt ist das Recht auf Gesundheitsversorgung keine Wirklichkeit f\u00fcr Millionen von Kindern weltweit \u2013 im Besonderen in den Entwicklungsl\u00e4ndern. Jedes Jahr sterben mehr als 13 Millionen Kinder unter 5 Jahren an Krankheiten, die fr\u00fchzeitig h\u00e4tten vermieden oder behandelt werden [&hellip;]","og_url":"https:\/\/www.humanium.org\/de\/recht-gesundheit-welt\/","og_site_name":"Humanium","article_modified_time":"2017-10-04T09:22:01+00:00","og_image":[{"url":"https:\/\/www.humanium.org\/fr\/wp-content\/uploads\/IRIN-T-Ridley.jpg","type":"","width":"","height":""}],"twitter_card":"summary_large_image","twitter_misc":{"Gesch\u00e4tzte Lesezeit":"3\u00a0Minuten"},"schema":{"@context":"https:\/\/schema.org","@graph":[{"@type":"WebPage","@id":"https:\/\/www.humanium.org\/de\/recht-gesundheit-welt\/","url":"https:\/\/www.humanium.org\/de\/recht-gesundheit-welt\/","name":"Das Recht auf Gesundheit weltweit - Humanium","isPartOf":{"@id":"https:\/\/www.humanium.org\/de\/#website"},"primaryImageOfPage":{"@id":"https:\/\/www.humanium.org\/de\/recht-gesundheit-welt\/#primaryimage"},"image":{"@id":"https:\/\/www.humanium.org\/de\/recht-gesundheit-welt\/#primaryimage"},"thumbnailUrl":"https:\/\/www.humanium.org\/fr\/wp-content\/uploads\/IRIN-T-Ridley.jpg","datePublished":"2013-09-27T15:18:51+00:00","dateModified":"2017-10-04T09:22:01+00:00","breadcrumb":{"@id":"https:\/\/www.humanium.org\/de\/recht-gesundheit-welt\/#breadcrumb"},"inLanguage":"de","potentialAction":[{"@type":"ReadAction","target":["https:\/\/www.humanium.org\/de\/recht-gesundheit-welt\/"]}]},{"@type":"ImageObject","inLanguage":"de","@id":"https:\/\/www.humanium.org\/de\/recht-gesundheit-welt\/#primaryimage","url":"https:\/\/www.humanium.org\/fr\/wp-content\/uploads\/IRIN-T-Ridley.jpg","contentUrl":"https:\/\/www.humanium.org\/fr\/wp-content\/uploads\/IRIN-T-Ridley.jpg"},{"@type":"BreadcrumbList","@id":"https:\/\/www.humanium.org\/de\/recht-gesundheit-welt\/#breadcrumb","itemListElement":[{"@type":"ListItem","position":1,"name":"Home","item":"https:\/\/www.humanium.org\/de\/"},{"@type":"ListItem","position":2,"name":"Das Recht auf Gesundheit weltweit"}]},{"@type":"WebSite","@id":"https:\/\/www.humanium.org\/de\/#website","url":"https:\/\/www.humanium.org\/de\/","name":"Humanium","description":"Kinder zuerst!","potentialAction":[{"@type":"SearchAction","target":{"@type":"EntryPoint","urlTemplate":"https:\/\/www.humanium.org\/de\/?s={search_term_string}"},"query-input":{"@type":"PropertyValueSpecification","valueRequired":true,"valueName":"search_term_string"}}],"inLanguage":"de"}]}},"_links":{"self":[{"href":"https:\/\/www.humanium.org\/de\/wp-json\/wp\/v2\/pages\/2508","targetHints":{"allow":["GET"]}}],"collection":[{"href":"https:\/\/www.humanium.org\/de\/wp-json\/wp\/v2\/pages"}],"about":[{"href":"https:\/\/www.humanium.org\/de\/wp-json\/wp\/v2\/types\/page"}],"author":[{"embeddable":true,"href":"https:\/\/www.humanium.org\/de\/wp-json\/wp\/v2\/users\/1"}],"replies":[{"embeddable":true,"href":"https:\/\/www.humanium.org\/de\/wp-json\/wp\/v2\/comments?post=2508"}],"version-history":[{"count":9,"href":"https:\/\/www.humanium.org\/de\/wp-json\/wp\/v2\/pages\/2508\/revisions"}],"predecessor-version":[{"id":10437,"href":"https:\/\/www.humanium.org\/de\/wp-json\/wp\/v2\/pages\/2508\/revisions\/10437"}],"wp:attachment":[{"href":"https:\/\/www.humanium.org\/de\/wp-json\/wp\/v2\/media?parent=2508"}],"curies":[{"name":"wp","href":"https:\/\/api.w.org\/{rel}","templated":true}]}}