{"id":2568,"date":"2013-09-19T08:35:27","date_gmt":"2013-09-19T08:35:27","guid":{"rendered":"http:\/\/www.humanium.org\/de\/?page_id=2568"},"modified":"2025-12-06T06:23:00","modified_gmt":"2025-12-06T06:23:00","slug":"die-internationalen-pakte-von-1966","status":"publish","type":"page","link":"https:\/\/www.humanium.org\/de\/die-internationalen-pakte-von-1966\/","title":{"rendered":"Die Internationalen Pakte von 1966"},"content":{"rendered":"<h1>Die Internationalen Pakte von 1966<\/h1>\n<h2>\u00dcbersicht<\/h2>\n<p><strong>Am 16. Dezember 1966 verabschiedete die Vollversammlung der Vereinten Nationen mit ihrer Resolution 2200 A (XXI) zwei Abkommen: den <a href=\"https:\/\/www.humanium.org\/de\/pakt-burgerliche-politische-rechte\/\">Internationalen Pakt \u00fcber b\u00fcrgerliche und politische Rechte<\/a> (IPBPR) und den <a href=\"https:\/\/www.humanium.org\/de\/internationaler-pakt-wirtschaftliche-soziale-kulturelle-rechte\/\">Internationalen Pakt \u00fcber wirtschaftliche, soziale und kulturelle Rechte<\/a> (IPWSKR). Diese Abkommen heben die Allgemeine Erkl\u00e4rung der Menschenrechte von 1948 auf ein neues rechtliches Niveau.<\/strong><\/p>\n<h3>Was sind b\u00fcrgerliche und politische Rechte?<\/h3>\n<p>Die b\u00fcrgerlichen und politischen Rechte sind Menschenrechte, die die sogenannten \u201eFreiheitsrechte\u201c betreffen. Diese Rechte verbieten es einem Staat, in die Freiheit eines jeden Menschen einzugreifen.<br \/>\nHistorisch betrachtet erm\u00f6glichten diese Rechte die Anerkennung des menschlichen Individuums und seiner Freiheiten, insbesondere seiner B\u00fcrgerrechte und des Schutzes der k\u00f6rperlichen Unversehrtheit.<br \/>\nHinzu kommen individuelle Freiheiten wie die Rede- und Gedankenfreiheit, das Recht auf Schutz vor Folter und Sklaverei und das Recht zu w\u00e4hlen.<\/p>\n<h3>Was sind wirtschaftliche, soziale und kulturelle Rechte?<\/h3>\n<p>Die wirtschaftlichen, sozialen und kulturellen Rechte sind Menschenrechte, denen sich die Staaten verschrieben haben. Das hei\u00dft, es ist Aufgabe des Staates, entsprechende Ma\u00dfnahmen zu ergreifen oder zu verst\u00e4rken, um die Einhaltung dieser Rechte zu gew\u00e4hrleisten (anders also als bei den b\u00fcrgerlichen und politischen Rechten).<br \/>\nDiese Rechte garantieren jedem Menschen einen angemessenen Lebensstandard und sollen gleichzeitig f\u00fcr eine fortlaufende Verbesserung der Lebensbedingungen sorgen.<br \/>\nDas gleiche Dokument enth\u00e4lt auch das Recht auf Gesundheit, auf Bildung, auf Arbeit und auf soziale Absicherung.<\/p>\n<h3>Die Verabschiedung der Abkommen<\/h3>\n<p>Nach der Verabschiedung der\u00a0<a href=\"https:\/\/www.humanium.org\/de\/erklarung-menschenrechte-1948\/\">Allgemeinen Erkl\u00e4rung der Menschenrechte<\/a>\u00a0am 10. Dezember 1948 beauftragte die Vollversammlung den Menschenrechtsausschuss mit der Ausarbeitung eines Pakts.<br \/>\nZiel war es, einen Text mit Rechtsverbindlichkeit zu schaffen, der die Menschenrechtserkl\u00e4rung vervollst\u00e4ndigen und st\u00e4rken w\u00fcrde, da diese vorerst nur Feststellungscharakter hatte. Der zu verfassende Text sollte alle Menschenrechte (wirtschaftliche, b\u00fcrgerliche, politische, soziale und kulturelle Rechte) und die Gleichstellung der Geschlechter umfassen.<\/p>\n<p>W\u00e4hrend der Entwicklung des Projekts kam es immer wieder zu deutlichen Meinungsverschiedenheiten zwischen den Staaten, die die ideologischen Auseinandersetzungen der damaligen Zeit widerspiegelten. W\u00e4hrend die kapitalistisch gepr\u00e4gten Staaten ein besonderes Augenmerk auf die Freiheitsrechte legten, bestanden die kommunistisch gepr\u00e4gten Staaten auf einer Verankerung der wirtschaftlichen, sozialen und kulturellen Rechte.<\/p>\n<p>Aufgrund dieser Zerw\u00fcrfnisse sah sich die Vollversammlung schlie\u00dflich gezwungen, 1951 zwei verschiedene Abkommen zu verfassen. Der Ausschuss arbeitete daraufhin einen Pakt \u00fcber b\u00fcrgerliche und politische Rechte und einen weiteren \u00fcber wirtschaftliche, soziale und kulturelle Rechte aus.<\/p>\n<p>Trotz fortbestehender Uneinigkeit zwischen den Staaten wurden beide Abkommen am 16. Dezember 1966 verabschiedet.<br \/>\n1976, nach 10 Jahren, traten beide Abkommen schlie\u00dflich in Kraft: am 3. Januar der <a href=\"https:\/\/www.humanium.org\/de\/internationaler-pakt-wirtschaftliche-soziale-kulturelle-rechte\/\">Internationale Pakt \u00fcber wirtschaftliche, soziale und kulturelle Rechte <\/a> und am 23. M\u00e4rz der <a href=\"https:\/\/www.humanium.org\/de\/pakt-burgerliche-politische-rechte\/\">Internationale Pakt \u00fcber b\u00fcrgerliche und politische Rechte<\/a>.<\/p>\n<h3>Inhalt der Abkommen<\/h3>\n<p>Die Abkommen bilden zusammen mit der <a href=\"https:\/\/www.humanium.org\/de\/erklarung-menschenrechte-1948\/\">Allgemeinen Erkl\u00e4rung der Menschenrechte<\/a>\u00a0die \u201eCharta der Menschenrechte\u201c. Diese drei grundlegenden Texte sch\u00fctzen die Menschenrechte.<br \/>\nBeide Abkommen enthalten Vorgaben zur Zusammengeh\u00f6rigkeit der Dokumente. So wird insbesondere in der Pr\u00e4ambel festgehalten, dass beide Rechtspakte untrennbar voneinander zu betrachten sind.<br \/>\nDas Prinzip der Untrennbarkeit und der wechselseitigen Abh\u00e4ngigkeit der Menschenrechte wurde sp\u00e4ter bei der Weltmenschenrechtskonferenz mit der Erkl\u00e4rung und dem Aktionsprogramm von Wien am 25. Juni 1993 feierlich verabschiedet.<br \/>\nBeide Abkommen beinhalten das Recht auf Selbstbestimmung und Gleichstellung der Geschlechter sowie den Zugang zu grundlegenden Menschenrechten (Artikel 3).<br \/>\nAu\u00dferdem sch\u00fctzt der <a href=\"https:\/\/www.humanium.org\/de\/pakt-burgerliche-politische-rechte\/\">Internationale Pakt \u00fcber b\u00fcrgerliche und politische Rechte<\/a>:<\/p>\n<ul>\n<li>das Recht auf Leben (Artikel 6);<\/li>\n<li>das Recht auf Schutz vor Folter oder einer anderen grausamen, unmenschlichen oder erniedrigenden Behandlung (Artikel 7);<\/li>\n<li>das Recht auf Schutz vor Sklaverei (Artikel 8);<\/li>\n<li>das Recht auf pers\u00f6nliche Freiheit und Sicherheit und damit den Schutz vor willk\u00fcrlicher Festnahme und Haft (Artikel 9)<\/li>\n<li>das Recht auf Gleichheit vor dem Gesetz und das Recht auf einen fairen Prozess (Artikel 14);<\/li>\n<li>individuelle Freiheiten wie Freiz\u00fcgigkeit, Gedanken-, Gewissens- und Religionsfreiheit sowie Redefreiheit (Artikel 18);<\/li>\n<li>das Recht, bei allgemeinen und direkten Wahlen zu w\u00e4hlen und gew\u00e4hlt zu werden (Artikel 25).<\/li>\n<\/ul>\n<p>Der <a href=\"https:\/\/www.humanium.org\/de\/internationaler-pakt-wirtschaftliche-soziale-kulturelle-rechte\/\">Internationale Pakt \u00fcber wirtschaftliche, soziale und kulturelle Rechte<\/a>\u00a0sch\u00fctzt auch:<\/p>\n<ul>\n<li>das Recht auf Arbeit (Artikel 6);<\/li>\n<li>das Recht auf einen angemessenen Lebensstandard (Artikel 11);<\/li>\n<li>das Recht auf ein erreichbares H\u00f6chstma\u00df an Gesundheit (Artikel 12);<\/li>\n<li>das Recht auf Bildung (Artikel 13);<\/li>\n<li>das Recht auf unentgeltliche, allgemeine Grundschuldbildung (Artikel 14);<\/li>\n<li>die kulturellen Rechte (Artikel 15).<\/li>\n<\/ul>\n<h3>Die Bedeutung der Abkommen f\u00fcr die Rechte des Kindes<\/h3>\n<p>In beiden internationalen Pakten wird auch Bezug auf die Rechte des Kindes genommen, die in der\u00a0<a href=\"https:\/\/www.humanium.org\/de\/erklarung-menschenrechte-1948\/\">Allgemeinen Erkl\u00e4rung der Menschenrechte<\/a>, der Genfer Erkl\u00e4rung von 1924 und der Erkl\u00e4rung der Rechte des Kindes von 1959 festgehalten werden.<br \/>\nArtikel 24 des\u00a0<a href=\"https:\/\/www.humanium.org\/de\/pakt-burgerliche-politische-rechte\/\">Internationalen Pakts \u00fcber die b\u00fcrgerlichen und politischen Rechte<\/a>\u00a0schreibt die Rechte des Kindes auf Schutz, das Recht auf einen Namen und das Recht auf eine Staatsangeh\u00f6rigkeit fest:<\/p>\n<blockquote><p>\u201eJedes Kind hat ohne Diskriminierung hinsichtlich der Rasse, der Hautfarbe, des Geschlechts,<br \/>\nder Sprache, der Religion, der nationalen oder sozialen Herkunft, des Verm\u00f6gens oder der Geburt,<br \/>\ndas Recht auf diejenigen Schutzma\u00dfnahmen durch seine Familie, die Gesellschaft und den Staat,<br \/>\ndie seine Rechtsstellung als Minderj\u00e4hriger erfordert.\u201c<\/p><\/blockquote>\n<p>Artikel 10 des\u00a0<a href=\"https:\/\/www.humanium.org\/de\/internationaler-pakt-wirtschaftliche-soziale-kulturelle-rechte\/\">Internationalen Pakts \u00fcber wirtschaftliche, soziale und kulturelle Rechte<\/a>\u00a0beinhaltet die Rechte des Kindes auf Schutz vor Ausbeutung und die Verpflichtung des Staates, eine Altersgrenze festzulegen, unterhalb derer die Besch\u00e4ftigung von Kindern verboten ist.<br \/>\nIn Artikel 12 desselben Pakts ist der Anspruch eines Kindes auf medizinische Versorgung im Krankheitsfall verankert.<br \/>\nUnd Artikel 13 beinhaltet schlie\u00dflich das Recht auf Bildung und unentgeltliche, allgemeine Grundschulbildung f\u00fcr jedes Kind:<\/p>\n<blockquote><p>\u201eDie Vertragsstaaten [\u2026] stimmen \u00fcberein, dass die Bildung auf die volle Entfaltung der menschlichen Pers\u00f6nlichkeit und des Bewusstseins ihrer W\u00fcrde gerichtet sein und die Achtung vor den Menschenrechten und Grundfreiheiten st\u00e4rken muss.\u201c<\/p><\/blockquote>\n<p>Die Bekr\u00e4ftigung dieser Rechte ist ein wichtiger Fortschritt f\u00fcr den Schutz der Rechte des Kindes. Das Recht auf Schutz, das Recht auf eine Identit\u00e4t, das Recht auf eine vern\u00fcnftige Ausbildung und das Recht auf Schutz vor Ausbeutung geh\u00f6ren ohne Zweifel zu den wichtigsten Rechten der Kinder.<br \/>\nVor Verabschiedung dieser internationalen Abkommen wurden diese Rechte nur durch Erkl\u00e4rungen gesch\u00fctzt. Mit Inkrafttreten der Abkommen erhalten die Rechte nun auch Rechtsverbindlichkeit. Somit sind alle Staaten, die die Erkl\u00e4rung unterzeichnet haben, auch rechtlich verpflichtet, diese Rechte aller Kinder in ihrem rechtlichen Zust\u00e4ndigkeitsbereich zu beachten.<\/p>\n<h3>\u00dcberwachungsmechanismen<\/h3>\n<p>F\u00fcr beide Abkommen wurden \u00dcberwachungsmechanismen entwickelt, damit die Umsetzung der Rechte durch die Staaten \u00fcberpr\u00fcft werden kann.<\/p>\n<h4>Der Menschenrechtsausschuss<\/h4>\n<p>Der Menschenrechtsausschuss der Vereinten Nationen wurde durch Artikel 28 des\u00a0<a href=\"https:\/\/www.humanium.org\/de\/pakt-burgerliche-politische-rechte\/\">Internationalen Pakts \u00fcber die b\u00fcrgerlichen und politischen Rechte<\/a>\u00a0ins Leben gerufen und nahm 1976, unmittelbar nach Verabschiedung des Pakts, seine Arbeit auf.<br \/>\nDer Ausschuss, der aus 18 unabh\u00e4ngigen Experten besteht, ist daf\u00fcr zust\u00e4ndig, die Staaten bei der Umsetzung der Bestimmungen des Pakts zu \u00fcberwachen.<br \/>\nAusschusssitzungen finden dreimal pro Jahr entweder in Genf oder New York statt. Dann wird kontrolliert, ob die Staaten wie vereinbart regelm\u00e4\u00dfig ihre Berichte (alle vier Jahre) eingereicht haben und welche Bem\u00fchungen sie zur Umsetzung des Pakts unternommen haben. Dar\u00fcber hinaus muss jeder Staat, der dem Pakt neu beitritt, dem Ausschuss einen Erstbericht zur aktuellen nationalen Lage vorlegen.<br \/>\nDer Ausschuss kann Mitteilungen von Staaten annehmen, die Verst\u00f6\u00dfe anderer Staaten gegen die Bestimmungen des Pakts melden wollen (Artikel 41). Das erste Fakultativprotokoll des Pakts erkl\u00e4rt au\u00dferdem die Zust\u00e4ndigkeit des Ausschusses, sich mit Mitteilungen von Privatpersonen zu befassen, die sich auf den Versto\u00df eines Staates gegen die Bestimmungen des Pakts beziehen (Artikel 14).<br \/>\nDas zweite Fakultativprotokoll des Pakts beinhaltet die Abschaffung der Todesstrafe in den Staaten, die den Pakt unterzeichnet haben.<br \/>\nEin letzter Zust\u00e4ndigkeitsbereich des Ausschusses ist die Formulierung allgemeiner Kommentare, die eine Auslegung der Bestimmungen vereinfachen und den Staaten als Hilfestellung bei der Umsetzung des Pakts dienen.<\/p>\n<h4>Der Ausschuss f\u00fcr wirtschaftliche, soziale und kulturelle Rechte<\/h4>\n<p>Der Ausschuss f\u00fcr wirtschaftliche, soziale und kulturelle Rechte wurde nicht aufgrund einer Bestimmung im\u00a0<a href=\"https:\/\/www.humanium.org\/de\/internationaler-pakt-wirtschaftliche-soziale-kulturelle-rechte\/\">Internationalen Pakt \u00fcber die wirtschaftlichen, sozialen und kulturellen Rechte<\/a>\u00a0gegr\u00fcndet, sondern auf Veranlassung des Wirtschafts- und Sozialrates der Vereinten Nationen in seiner Resolution 1985\/17 vom 28. Mai 1985. Gem\u00e4\u00df dem vierten Teil des Pakts ist der Rat zust\u00e4ndig f\u00fcr die Kontrolle seiner Umsetzung. Doch da der Rat bereits f\u00fcr sehr viele Bereiche zust\u00e4ndig war, wurde 1985 die Gr\u00fcndung des Ausschusses beschlossen, der fortan die Umsetzung des Pakts \u00fcberwachen sollte.<br \/>\nDer Ausschuss setzt sich aus 18 unabh\u00e4ngigen Experten zusammen, die sich zweimal j\u00e4hrlich zu Sitzungen in Genf treffen. Wie auch beim Menschenrechtsausschuss m\u00fcssen die Staaten regelm\u00e4\u00dfig Berichte (alle 5 Jahre) sowie einen Erstbericht zwei Jahre nach Beitritt zum Pakt einreichen. Auch kann der Ausschuss aufgrund dieser Berichte allgemeine Kommentare formulieren.<br \/>\nDar\u00fcber hinaus kann der Ausschuss Mitteilungen von Staaten pr\u00fcfen. Mit Blick auf individuelle Beschwerden hat die Vollversammlung ein Fakultativprotokoll verabschiedet (Resolution A\/RES\/63\/117 GA), das ein solches Verfahren erm\u00f6glicht. Das entsprechende Protokoll wurde im Juni 2008 vom Menschenrechtsausschuss angenommen und wurde im September 2009 den Staaten zur Unterzeichnung vorgelegt.<\/p>\n<p style=\"text-align: center;\"><strong>Internationale Pakt \u00fcber b\u00fcrgerliche und politische Rechte<\/strong><\/p>\n<p style=\"text-align: center;\"><a href=\"https:\/\/www.humanium.org\/de\/pakt-burgerliche-politische-rechte\/\"><img loading=\"lazy\" decoding=\"async\" class=\"aligncenter size-full wp-image-2641\" title=\"Le Texte\" alt=\"\" src=\"https:\/\/www.humanium.org\/fr\/wp-content\/uploads\/le-texte.gif\" width=\"67\" height=\"30\" \/><\/a><strong>\u00a0<\/strong><\/p>\n<p style=\"text-align: center;\"><strong>Internationale Pakt \u00fcber wirtschaftliche, soziale und kulturelle Rechte<\/strong><\/p>\n<p style=\"text-align: center;\"><a href=\"https:\/\/www.humanium.org\/de\/internationaler-pakt-wirtschaftliche-soziale-kulturelle-rechte\/\"><em><em><em><img loading=\"lazy\" decoding=\"async\" class=\"aligncenter size-full wp-image-2641\" title=\"Le Texte\" alt=\"\" src=\"https:\/\/www.humanium.org\/fr\/wp-content\/uploads\/le-texte.gif\" width=\"67\" height=\"30\" \/><\/em><\/em><\/em><\/a><\/p>\n<p>&nbsp;<\/p>\n<div id=\"toggle\"><a onclick=\"show_voir_aussi('voir_aussi_box')\" href=\"javascript:show_voir_aussi(id)\"><\/a><\/div>\n<div id=\"voir_aussi_box\" style=\"display: none;\">\n<ul>\n<li><a href=\"https:\/\/www.humanium.org\/de\/pakt-burgerliche-politische-rechte\/\">Internationalen Pakt \u00fcber b\u00fcrgerliche und politische Rechte 1966<\/a><\/li>\n<li><a href=\"https:\/\/www.humanium.org\/de\/internationaler-pakt-wirtschaftliche-soziale-kulturelle-rechte\/\">Internationalen Pakt \u00fcber wirtschaftliche, soziale und kulturelle Rechte<\/a><\/li>\n<li><a href=\"https:\/\/www.humanium.org\/de\/gesetzesnormen\/\" target=\"_self\/\">Gesetzesnormen der Kinderrechte<\/a><\/li>\n<\/ul>\n<\/div>\n<p>&nbsp;<\/p>\n<div id=\"toggle\"><\/div>\n<div id=\"sources_box\" style=\"display: none;\">\n<p><strong>Ouvrages :<\/strong><\/p>\n<ul>\n<li>Marie-Christine Lebreton, L&#8217;enfant et la responsabilit\u00e9 civile, Publications de l&#8217;Universit\u00e9 de Rouen, Rouen, 1999 (fr).<\/li>\n<\/ul>\n<p><strong>Publications :<\/strong><\/p>\n<ul>\n<li style=\"text-align: left;\"><a href=\"http:\/\/www.crisp.be\/\" target=\"_blank\">CRIP, Centre de recherche et d\u2019information socio-politique, Vocabulaire politique : droits civils et politiques (fr)<\/a>;<\/li>\n<li style=\"text-align: left;\"><a href=\"http:\/\/www.crisp.be\/\" target=\"_blank\">CRIP, Centre de recherche et d\u2019information socio-politique, Vocabulaire politique : droits \u00e9conomiques et sociaux (fr)<\/a>;<\/li>\n<li style=\"text-align: left;\"><a href=\"http:\/\/www.un.org\/depts\/german\/menschenrechte\/ccpr-c-3-rev8.pdf\" target=\"_blank\">Internationaler Pakt \u00fcber b\u00fcrgerliche und politische, Verfahrensordnung des Menschenrechtsausschusses<\/a>;<\/li>\n<li style=\"text-align: left;\"><a href=\"https:\/\/treaties.un.org\/Pages\/ViewDetails.aspx?src=TREATY&amp;mtdsg_no=IV-4&amp;chapter=4&amp;lang=fr&amp;clang=_fr\" target=\"_blank\">United Nations, Treaty Collection, International Covenant on Civil and Political Rights (eng)<\/a>;<\/li>\n<li style=\"text-align: left;\"><a href=\"https:\/\/treaties.un.org\/Pages\/ViewDetails.aspx?src=TREATY&amp;mtdsg_no=IV-3&amp;chapter=4&amp;lang=en\" target=\"_blank\">United Nations, Treaty Collection, International Covenant on Economic, Social and Cultural Rights (eng)<\/a>;<\/li>\n<li><a href=\"https:\/\/www.ritimo.org\/Les-droits-economiques-sociaux-et-culturels-des-droits-a-affirmer-et-a\" target=\"_blank\">Ritimo, Les Droit \u00e9conomiques, sociaux et culturels (fr)<\/a>;<\/li>\n<li style=\"text-align: left;\"><a href=\"http:\/\/www.ohchr.org\/EN\/HRBodies\/CESCR\/Pages\/CESCRIndex.aspx\">OHCHR, Committee on Economic, Social and Cultural Rights (eng)<\/a>.<\/li>\n<\/ul>\n<\/div>\n<p>&nbsp;<\/p>\n<div id=\"toggle\"><\/div>\n<div id=\"plus_loin_box\" style=\"display: none;\">\n<ul>\n<ul>\n<li style=\"text-align: left;\"><a href=\"http:\/\/www.ohchr.org\/Documents\/Publications\/FactSheet15rev.1en.pdf\" target=\"_blank\">OHCHR, Fact Sheet No. 15 (Rev.1), Civil and Political Rights: The Human Rights Committee (eng)<\/a>;<\/li>\n<li style=\"text-align: left;\"><a href=\"https:\/\/www.humanium.org\/de\/die-internationalen-pakte-von-1966\/\" target=\"_blank\">Office of the United Nations High Commissioner for Human Rights, Human Rights Committee, Members (eng)<\/a>.<\/li>\n<\/ul>\n<\/ul>\n<p>&nbsp;<\/p>\n<\/div>\n","protected":false},"excerpt":{"rendered":"<p>Die Internationalen Pakte von 1966 \u00dcbersicht Am 16. Dezember 1966 verabschiedete die Vollversammlung der Vereinten Nationen mit ihrer Resolution 2200 A (XXI) zwei Abkommen: den Internationalen Pakt \u00fcber b\u00fcrgerliche und politische Rechte (IPBPR) und den Internationalen Pakt \u00fcber wirtschaftliche, soziale und kulturelle Rechte (IPWSKR). Diese Abkommen heben die Allgemeine Erkl\u00e4rung der Menschenrechte von 1948 auf [&hellip;]<\/p>\n","protected":false},"author":1,"featured_media":0,"parent":0,"menu_order":0,"comment_status":"closed","ping_status":"closed","template":"","meta":{"footnotes":""},"class_list":["post-2568","page","type-page","status-publish","hentry"],"yoast_head":"<!-- This site is optimized with the Yoast SEO plugin v26.5 - https:\/\/yoast.com\/wordpress\/plugins\/seo\/ -->\n<title>Die Internationalen Pakte von 1966 - Humanium<\/title>\n<meta name=\"robots\" content=\"index, follow, max-snippet:-1, max-image-preview:large, max-video-preview:-1\" \/>\n<link rel=\"canonical\" href=\"https:\/\/www.humanium.org\/de\/die-internationalen-pakte-von-1966\/\" \/>\n<meta property=\"og:locale\" content=\"de_DE\" \/>\n<meta property=\"og:type\" content=\"article\" \/>\n<meta property=\"og:title\" content=\"Die Internationalen Pakte von 1966 - Humanium\" \/>\n<meta property=\"og:description\" content=\"Die Internationalen Pakte von 1966 \u00dcbersicht Am 16. Dezember 1966 verabschiedete die Vollversammlung der Vereinten Nationen mit ihrer Resolution 2200 A (XXI) zwei Abkommen: den Internationalen Pakt \u00fcber b\u00fcrgerliche und politische Rechte (IPBPR) und den Internationalen Pakt \u00fcber wirtschaftliche, soziale und kulturelle Rechte (IPWSKR). Diese Abkommen heben die Allgemeine Erkl\u00e4rung der Menschenrechte von 1948 auf [&hellip;]\" \/>\n<meta property=\"og:url\" content=\"https:\/\/www.humanium.org\/de\/die-internationalen-pakte-von-1966\/\" \/>\n<meta property=\"og:site_name\" content=\"Humanium\" \/>\n<meta property=\"article:modified_time\" content=\"2025-12-06T06:23:00+00:00\" \/>\n<meta name=\"twitter:card\" content=\"summary_large_image\" \/>\n<meta name=\"twitter:label1\" content=\"Gesch\u00e4tzte Lesezeit\" \/>\n\t<meta name=\"twitter:data1\" content=\"8\u00a0Minuten\" \/>\n<script type=\"application\/ld+json\" class=\"yoast-schema-graph\">{\"@context\":\"https:\/\/schema.org\",\"@graph\":[{\"@type\":\"WebPage\",\"@id\":\"https:\/\/www.humanium.org\/de\/die-internationalen-pakte-von-1966\/\",\"url\":\"https:\/\/www.humanium.org\/de\/die-internationalen-pakte-von-1966\/\",\"name\":\"Die Internationalen Pakte von 1966 - Humanium\",\"isPartOf\":{\"@id\":\"https:\/\/www.humanium.org\/de\/#website\"},\"primaryImageOfPage\":{\"@id\":\"https:\/\/www.humanium.org\/de\/die-internationalen-pakte-von-1966\/#primaryimage\"},\"image\":{\"@id\":\"https:\/\/www.humanium.org\/de\/die-internationalen-pakte-von-1966\/#primaryimage\"},\"thumbnailUrl\":\"https:\/\/www.humanium.org\/fr\/wp-content\/uploads\/le-texte.gif\",\"datePublished\":\"2013-09-19T08:35:27+00:00\",\"dateModified\":\"2025-12-06T06:23:00+00:00\",\"breadcrumb\":{\"@id\":\"https:\/\/www.humanium.org\/de\/die-internationalen-pakte-von-1966\/#breadcrumb\"},\"inLanguage\":\"de\",\"potentialAction\":[{\"@type\":\"ReadAction\",\"target\":[\"https:\/\/www.humanium.org\/de\/die-internationalen-pakte-von-1966\/\"]}]},{\"@type\":\"ImageObject\",\"inLanguage\":\"de\",\"@id\":\"https:\/\/www.humanium.org\/de\/die-internationalen-pakte-von-1966\/#primaryimage\",\"url\":\"https:\/\/www.humanium.org\/fr\/wp-content\/uploads\/le-texte.gif\",\"contentUrl\":\"https:\/\/www.humanium.org\/fr\/wp-content\/uploads\/le-texte.gif\"},{\"@type\":\"BreadcrumbList\",\"@id\":\"https:\/\/www.humanium.org\/de\/die-internationalen-pakte-von-1966\/#breadcrumb\",\"itemListElement\":[{\"@type\":\"ListItem\",\"position\":1,\"name\":\"Home\",\"item\":\"https:\/\/www.humanium.org\/de\/\"},{\"@type\":\"ListItem\",\"position\":2,\"name\":\"Die Internationalen Pakte von 1966\"}]},{\"@type\":\"WebSite\",\"@id\":\"https:\/\/www.humanium.org\/de\/#website\",\"url\":\"https:\/\/www.humanium.org\/de\/\",\"name\":\"Humanium\",\"description\":\"Kinder zuerst!\",\"potentialAction\":[{\"@type\":\"SearchAction\",\"target\":{\"@type\":\"EntryPoint\",\"urlTemplate\":\"https:\/\/www.humanium.org\/de\/?s={search_term_string}\"},\"query-input\":{\"@type\":\"PropertyValueSpecification\",\"valueRequired\":true,\"valueName\":\"search_term_string\"}}],\"inLanguage\":\"de\"}]}<\/script>\n<!-- \/ Yoast SEO plugin. -->","yoast_head_json":{"title":"Die Internationalen Pakte von 1966 - Humanium","robots":{"index":"index","follow":"follow","max-snippet":"max-snippet:-1","max-image-preview":"max-image-preview:large","max-video-preview":"max-video-preview:-1"},"canonical":"https:\/\/www.humanium.org\/de\/die-internationalen-pakte-von-1966\/","og_locale":"de_DE","og_type":"article","og_title":"Die Internationalen Pakte von 1966 - Humanium","og_description":"Die Internationalen Pakte von 1966 \u00dcbersicht Am 16. Dezember 1966 verabschiedete die Vollversammlung der Vereinten Nationen mit ihrer Resolution 2200 A (XXI) zwei Abkommen: den Internationalen Pakt \u00fcber b\u00fcrgerliche und politische Rechte (IPBPR) und den Internationalen Pakt \u00fcber wirtschaftliche, soziale und kulturelle Rechte (IPWSKR). Diese Abkommen heben die Allgemeine Erkl\u00e4rung der Menschenrechte von 1948 auf [&hellip;]","og_url":"https:\/\/www.humanium.org\/de\/die-internationalen-pakte-von-1966\/","og_site_name":"Humanium","article_modified_time":"2025-12-06T06:23:00+00:00","twitter_card":"summary_large_image","twitter_misc":{"Gesch\u00e4tzte Lesezeit":"8\u00a0Minuten"},"schema":{"@context":"https:\/\/schema.org","@graph":[{"@type":"WebPage","@id":"https:\/\/www.humanium.org\/de\/die-internationalen-pakte-von-1966\/","url":"https:\/\/www.humanium.org\/de\/die-internationalen-pakte-von-1966\/","name":"Die Internationalen Pakte von 1966 - Humanium","isPartOf":{"@id":"https:\/\/www.humanium.org\/de\/#website"},"primaryImageOfPage":{"@id":"https:\/\/www.humanium.org\/de\/die-internationalen-pakte-von-1966\/#primaryimage"},"image":{"@id":"https:\/\/www.humanium.org\/de\/die-internationalen-pakte-von-1966\/#primaryimage"},"thumbnailUrl":"https:\/\/www.humanium.org\/fr\/wp-content\/uploads\/le-texte.gif","datePublished":"2013-09-19T08:35:27+00:00","dateModified":"2025-12-06T06:23:00+00:00","breadcrumb":{"@id":"https:\/\/www.humanium.org\/de\/die-internationalen-pakte-von-1966\/#breadcrumb"},"inLanguage":"de","potentialAction":[{"@type":"ReadAction","target":["https:\/\/www.humanium.org\/de\/die-internationalen-pakte-von-1966\/"]}]},{"@type":"ImageObject","inLanguage":"de","@id":"https:\/\/www.humanium.org\/de\/die-internationalen-pakte-von-1966\/#primaryimage","url":"https:\/\/www.humanium.org\/fr\/wp-content\/uploads\/le-texte.gif","contentUrl":"https:\/\/www.humanium.org\/fr\/wp-content\/uploads\/le-texte.gif"},{"@type":"BreadcrumbList","@id":"https:\/\/www.humanium.org\/de\/die-internationalen-pakte-von-1966\/#breadcrumb","itemListElement":[{"@type":"ListItem","position":1,"name":"Home","item":"https:\/\/www.humanium.org\/de\/"},{"@type":"ListItem","position":2,"name":"Die Internationalen Pakte von 1966"}]},{"@type":"WebSite","@id":"https:\/\/www.humanium.org\/de\/#website","url":"https:\/\/www.humanium.org\/de\/","name":"Humanium","description":"Kinder zuerst!","potentialAction":[{"@type":"SearchAction","target":{"@type":"EntryPoint","urlTemplate":"https:\/\/www.humanium.org\/de\/?s={search_term_string}"},"query-input":{"@type":"PropertyValueSpecification","valueRequired":true,"valueName":"search_term_string"}}],"inLanguage":"de"}]}},"_links":{"self":[{"href":"https:\/\/www.humanium.org\/de\/wp-json\/wp\/v2\/pages\/2568","targetHints":{"allow":["GET"]}}],"collection":[{"href":"https:\/\/www.humanium.org\/de\/wp-json\/wp\/v2\/pages"}],"about":[{"href":"https:\/\/www.humanium.org\/de\/wp-json\/wp\/v2\/types\/page"}],"author":[{"embeddable":true,"href":"https:\/\/www.humanium.org\/de\/wp-json\/wp\/v2\/users\/1"}],"replies":[{"embeddable":true,"href":"https:\/\/www.humanium.org\/de\/wp-json\/wp\/v2\/comments?post=2568"}],"version-history":[{"count":15,"href":"https:\/\/www.humanium.org\/de\/wp-json\/wp\/v2\/pages\/2568\/revisions"}],"predecessor-version":[{"id":20654,"href":"https:\/\/www.humanium.org\/de\/wp-json\/wp\/v2\/pages\/2568\/revisions\/20654"}],"wp:attachment":[{"href":"https:\/\/www.humanium.org\/de\/wp-json\/wp\/v2\/media?parent=2568"}],"curies":[{"name":"wp","href":"https:\/\/api.w.org\/{rel}","templated":true}]}}