{"id":257,"date":"2010-09-27T13:41:50","date_gmt":"2010-09-27T13:41:50","guid":{"rendered":"http:\/\/www.humanium.org\/de\/"},"modified":"2017-07-06T09:21:32","modified_gmt":"2017-07-06T09:21:32","slug":"copyright","status":"publish","type":"page","link":"https:\/\/www.humanium.org\/de\/copyright\/","title":{"rendered":"Copyright"},"content":{"rendered":"<h1 style=\"margin-bottom: 50px;\">Copyright \u00a9 Humanium &#8211; Alle Rechte vorbehalten<\/h1>\n<p><strong>1) Kommerzielle Nutzung :<\/strong> Ohne vorherige Genehmigung von Humanium ist es verboten, s\u00e4mtliche Elemente (Texte, Fotos, Filme, Grafiken, Logo, Name &#8222;Humanium&#8220; etc.) dieser Internetseite vollst\u00e4ndig oder auszugsweise zu verwenden, zu kopieren oder zu ver\u00f6ffentlichen.<\/p>\n<p><strong>2) Pers\u00f6nliche und akademische Nutzung :<\/strong> Die Dokumente k\u00f6nnen auszugsweise verwendet werden, wenn ausdr\u00fccklich auf die Quelle und das Copyright hingewiesen wird. Bei einer Nutzung im Internet muss neben den genannten Informationen auch ein gut sichtbarer Link hinterlegt sein. Au\u00dferdem m\u00fcssen Zitate verlinkt sein oder eine genaue Referenz enthalten.<\/p>\n<p>Wichtig: die vorliegenden Informationen der Internetseite spiegeln nicht unbedingt die offizielle Meinung von Humanium wider, sondern es kann sich auch um Augenzeugenberichte und Meinungen der Mitarbeiter oder Projektbeg\u00fcnstigten handeln.<\/p>\n<p><strong><\/strong><\/p>\n","protected":false},"excerpt":{"rendered":"<p>Copyright \u00a9 Humanium &#8211; Alle Rechte vorbehalten 1) Kommerzielle Nutzung : Ohne vorherige Genehmigung von Humanium ist es verboten, s\u00e4mtliche Elemente (Texte, Fotos, Filme, Grafiken, Logo, Name &#8222;Humanium&#8220; etc.) dieser Internetseite vollst\u00e4ndig oder auszugsweise zu verwenden, zu kopieren oder zu ver\u00f6ffentlichen. 2) Pers\u00f6nliche und akademische Nutzung : Die Dokumente k\u00f6nnen auszugsweise verwendet werden, wenn ausdr\u00fccklich [&hellip;]<\/p>\n","protected":false},"author":1,"featured_media":0,"parent":0,"menu_order":0,"comment_status":"closed","ping_status":"closed","template":"","meta":{"footnotes":""},"class_list":["post-257","page","type-page","status-publish","hentry"],"yoast_head":"<!-- This site is optimized with the Yoast SEO plugin v26.5 - https:\/\/yoast.com\/wordpress\/plugins\/seo\/ -->\n<title>Copyright - Humanium<\/title>\n<meta name=\"robots\" content=\"index, follow, max-snippet:-1, max-image-preview:large, max-video-preview:-1\" \/>\n<link rel=\"canonical\" href=\"https:\/\/www.humanium.org\/de\/copyright\/\" \/>\n<meta property=\"og:locale\" content=\"de_DE\" \/>\n<meta property=\"og:type\" content=\"article\" \/>\n<meta property=\"og:title\" content=\"Copyright - Humanium\" \/>\n<meta property=\"og:description\" content=\"Copyright \u00a9 Humanium &#8211; Alle Rechte vorbehalten 1) Kommerzielle Nutzung : Ohne vorherige Genehmigung von Humanium ist es verboten, s\u00e4mtliche Elemente (Texte, Fotos, Filme, Grafiken, Logo, Name &#8222;Humanium&#8220; etc.) dieser Internetseite vollst\u00e4ndig oder auszugsweise zu verwenden, zu kopieren oder zu ver\u00f6ffentlichen. 2) Pers\u00f6nliche und akademische Nutzung : Die Dokumente k\u00f6nnen auszugsweise verwendet werden, wenn ausdr\u00fccklich [&hellip;]\" \/>\n<meta property=\"og:url\" content=\"https:\/\/www.humanium.org\/de\/copyright\/\" \/>\n<meta property=\"og:site_name\" content=\"Humanium\" \/>\n<meta property=\"article:modified_time\" content=\"2017-07-06T09:21:32+00:00\" \/>\n<meta name=\"twitter:card\" content=\"summary_large_image\" \/>\n<meta name=\"twitter:label1\" content=\"Gesch\u00e4tzte Lesezeit\" \/>\n\t<meta name=\"twitter:data1\" content=\"1\u00a0Minute\" \/>\n<script type=\"application\/ld+json\" class=\"yoast-schema-graph\">{\"@context\":\"https:\/\/schema.org\",\"@graph\":[{\"@type\":\"WebPage\",\"@id\":\"https:\/\/www.humanium.org\/de\/copyright\/\",\"url\":\"https:\/\/www.humanium.org\/de\/copyright\/\",\"name\":\"Copyright - Humanium\",\"isPartOf\":{\"@id\":\"https:\/\/www.humanium.org\/de\/#website\"},\"datePublished\":\"2010-09-27T13:41:50+00:00\",\"dateModified\":\"2017-07-06T09:21:32+00:00\",\"breadcrumb\":{\"@id\":\"https:\/\/www.humanium.org\/de\/copyright\/#breadcrumb\"},\"inLanguage\":\"de\",\"potentialAction\":[{\"@type\":\"ReadAction\",\"target\":[\"https:\/\/www.humanium.org\/de\/copyright\/\"]}]},{\"@type\":\"BreadcrumbList\",\"@id\":\"https:\/\/www.humanium.org\/de\/copyright\/#breadcrumb\",\"itemListElement\":[{\"@type\":\"ListItem\",\"position\":1,\"name\":\"Home\",\"item\":\"https:\/\/www.humanium.org\/de\/\"},{\"@type\":\"ListItem\",\"position\":2,\"name\":\"Copyright\"}]},{\"@type\":\"WebSite\",\"@id\":\"https:\/\/www.humanium.org\/de\/#website\",\"url\":\"https:\/\/www.humanium.org\/de\/\",\"name\":\"Humanium\",\"description\":\"Kinder zuerst!\",\"potentialAction\":[{\"@type\":\"SearchAction\",\"target\":{\"@type\":\"EntryPoint\",\"urlTemplate\":\"https:\/\/www.humanium.org\/de\/?s={search_term_string}\"},\"query-input\":{\"@type\":\"PropertyValueSpecification\",\"valueRequired\":true,\"valueName\":\"search_term_string\"}}],\"inLanguage\":\"de\"}]}<\/script>\n<!-- \/ Yoast SEO plugin. -->","yoast_head_json":{"title":"Copyright - Humanium","robots":{"index":"index","follow":"follow","max-snippet":"max-snippet:-1","max-image-preview":"max-image-preview:large","max-video-preview":"max-video-preview:-1"},"canonical":"https:\/\/www.humanium.org\/de\/copyright\/","og_locale":"de_DE","og_type":"article","og_title":"Copyright - Humanium","og_description":"Copyright \u00a9 Humanium &#8211; Alle Rechte vorbehalten 1) Kommerzielle Nutzung : Ohne vorherige Genehmigung von Humanium ist es verboten, s\u00e4mtliche Elemente (Texte, Fotos, Filme, Grafiken, Logo, Name &#8222;Humanium&#8220; etc.) dieser Internetseite vollst\u00e4ndig oder auszugsweise zu verwenden, zu kopieren oder zu ver\u00f6ffentlichen. 2) Pers\u00f6nliche und akademische Nutzung : Die Dokumente k\u00f6nnen auszugsweise verwendet werden, wenn ausdr\u00fccklich [&hellip;]","og_url":"https:\/\/www.humanium.org\/de\/copyright\/","og_site_name":"Humanium","article_modified_time":"2017-07-06T09:21:32+00:00","twitter_card":"summary_large_image","twitter_misc":{"Gesch\u00e4tzte Lesezeit":"1\u00a0Minute"},"schema":{"@context":"https:\/\/schema.org","@graph":[{"@type":"WebPage","@id":"https:\/\/www.humanium.org\/de\/copyright\/","url":"https:\/\/www.humanium.org\/de\/copyright\/","name":"Copyright - Humanium","isPartOf":{"@id":"https:\/\/www.humanium.org\/de\/#website"},"datePublished":"2010-09-27T13:41:50+00:00","dateModified":"2017-07-06T09:21:32+00:00","breadcrumb":{"@id":"https:\/\/www.humanium.org\/de\/copyright\/#breadcrumb"},"inLanguage":"de","potentialAction":[{"@type":"ReadAction","target":["https:\/\/www.humanium.org\/de\/copyright\/"]}]},{"@type":"BreadcrumbList","@id":"https:\/\/www.humanium.org\/de\/copyright\/#breadcrumb","itemListElement":[{"@type":"ListItem","position":1,"name":"Home","item":"https:\/\/www.humanium.org\/de\/"},{"@type":"ListItem","position":2,"name":"Copyright"}]},{"@type":"WebSite","@id":"https:\/\/www.humanium.org\/de\/#website","url":"https:\/\/www.humanium.org\/de\/","name":"Humanium","description":"Kinder zuerst!","potentialAction":[{"@type":"SearchAction","target":{"@type":"EntryPoint","urlTemplate":"https:\/\/www.humanium.org\/de\/?s={search_term_string}"},"query-input":{"@type":"PropertyValueSpecification","valueRequired":true,"valueName":"search_term_string"}}],"inLanguage":"de"}]}},"_links":{"self":[{"href":"https:\/\/www.humanium.org\/de\/wp-json\/wp\/v2\/pages\/257","targetHints":{"allow":["GET"]}}],"collection":[{"href":"https:\/\/www.humanium.org\/de\/wp-json\/wp\/v2\/pages"}],"about":[{"href":"https:\/\/www.humanium.org\/de\/wp-json\/wp\/v2\/types\/page"}],"author":[{"embeddable":true,"href":"https:\/\/www.humanium.org\/de\/wp-json\/wp\/v2\/users\/1"}],"replies":[{"embeddable":true,"href":"https:\/\/www.humanium.org\/de\/wp-json\/wp\/v2\/comments?post=257"}],"version-history":[{"count":1,"href":"https:\/\/www.humanium.org\/de\/wp-json\/wp\/v2\/pages\/257\/revisions"}],"predecessor-version":[{"id":8064,"href":"https:\/\/www.humanium.org\/de\/wp-json\/wp\/v2\/pages\/257\/revisions\/8064"}],"wp:attachment":[{"href":"https:\/\/www.humanium.org\/de\/wp-json\/wp\/v2\/media?parent=257"}],"curies":[{"name":"wp","href":"https:\/\/api.w.org\/{rel}","templated":true}]}}