{"id":259,"date":"2010-09-27T13:45:04","date_gmt":"2010-09-27T13:45:04","guid":{"rendered":"http:\/\/www.humanium.org\/de\/"},"modified":"2018-01-21T18:10:29","modified_gmt":"2018-01-21T18:10:29","slug":"datenschutzerklarung","status":"publish","type":"page","link":"https:\/\/www.humanium.org\/de\/datenschutzerklarung\/","title":{"rendered":"Datenschutz"},"content":{"rendered":"<h1>Datenschutzerkl\u00e4rung &#8211; Humanium<\/h1>\n<p>Version Januar 2018<\/p>\n<p><strong>Ihre Privatsph\u00e4re ist Humanium e.V. wichtig. Der Zweck dieser Datenschuzerkl\u00e4rung ist es, Ihnen Verst\u00e4ndnis davon zu vermitteln, wie wir mit Ihnen zusammenarbeiten und Ihnen die M\u00f6glichkeit geben, sich jederzeit f\u00fcr eine anderen Umgang zu entscheiden. Sie sind jetzt und in Zukunft immer Herr\/Frau Ihrer personenbezogenen Daten.<\/strong><\/p>\n<p>&nbsp;<\/p>\n<h2>Einleitung<\/h2>\n<p>Artikel 4 der Datenschutz-Grundverordnung definiert \u201cpersonenbezogene Daten\u201d als alle Informationen, die sich auf eine bestimmte oder bestimmbare nat\u00fcrliche Person (betroffene Person) beziehen; als identifizierbar wird eine Person angesehen, die direkt oder indirekt und insbesondere mittels Zuordnung zu einer Kennung wie einem Namen, zu einer Identifikationsnummer, zu ortsbezogenen Daten, zu einer Online-Kennung oder in Bezug auf ein oder mehrere spezifische Merkmale identifiziert werden kann, die Ausdruck der physischen, psychologischen, genetischen, mentalen, wirtschaftlichen, kulturellen oder sozialen Identit\u00e4t dieser nat\u00fcrlichen Person sind.<\/p>\n<p>Bitte beachten Sie: Humaniums Webseite beinhaltet Verlinkungen zu anderen Webseiten. Humanium ist weder f\u00fcr die Praktiken und den Datenschutz auf diesen Seiten, noch f\u00fcr deren Inhalte oder Arbeitsweisen verantwortlich. Sie k\u00f6nnen sich jedoch sicher sein, dass wir die Datenschutzerkl\u00e4rungen dieser Webseiten lesen, bevor wir mit ihnen interagieren und empfehlen Ihnen, dies ebenfalls zu tun, bevor Sie diese Webseiten nutzen.<\/p>\n<p>&nbsp;<\/p>\n<h2>Welche Informationen wir erhalten<\/h2>\n<h3>Personenbezogene Daten<\/h3>\n<p>Wir sammlen keinerlei personenbezogene Daten von den Besuchern unserer Webseite, es sei denn sie stellen sie uns ausdr\u00fccklich und bewusst zur Verf\u00fcgung. Es werden von Ihnen keine personenbezogenen Daten erhoben, wenn Sie unserer Webseite einen Besuch abstatten, aber wir arbeiten mit Google Analytics (https:\/\/www.google.com\/intl\/de\/policies\/privacy\/) und mit Facebook Pixel (https:\/\/www.facebook.com\/legal\/FB_Work_Privacy), deren Funktionsweisen und Datenschutzrichtlinien auf den Webseiten zur Verf\u00fcgung stehen m\u00fcssen.<\/p>\n<p>Es gibt zwei M\u00f6glichkeiten, wie Sie uns ausdr\u00fccklich und bewusst pers\u00f6nliche Informationen geben bzw. uns deren Erhebung erlauben k\u00f6nnen.<\/p>\n<p>&nbsp;<\/p>\n<h3>E-Mail oder Newsletter-Anmeldung<\/h3>\n<p>Unsere Webseite enth\u00e4lt Verlinkungen, die es Ihnen erm\u00f6glichen, mit uns per E-Mail in Kontakt zu treten, um Fragen zu stellen, Informationen oder Dokumente anzufordern oder uns Ihre Kommentare und Vorschl\u00e4ge mitzuteilen. Wenn Sie sich registrieren, m\u00fcssen Sie deutlich machen, ob Sie eine solche Form der Kontaktaufnahme w\u00fcnschen. Falls sie dies akzeptieren, werden wir Sie nach weiteren Informationen \u2013 etwa Ihrem Namen oder einer Telefonnummer \u2013 fragen, um Ihre Anfrage beantworten zu k\u00f6nnen.<\/p>\n<p>Wir werden Ihnen ausschlie\u00dflich dann Informationen zu unseren Projekten zusenden, wenn Sie uns daf\u00fcr die Erlaubnis gegeben haben. Sie k\u00f6nnen Ihre Entscheidung jederzeit widerrufen und sich mithilfe des Links in unseren E-Mails (normalerweise finden Sie diesen am Ende der E-Mail) oder indem Sie unseren Vorstandsvorsitzenden und Rechtsanwalt unter arndt.soret@humanium.org kontaktieren und \/ oder sich vom Newsletter-Versand abmelden. Unsere Datenschutzbeauftragte ist Marie-Jo Raisin: mraisin@humanium.org, Letztere bitte auf Englisch oder Franz\u00f6sisch anschreiben.<\/p>\n<p>&nbsp;<\/p>\n<h2>Wie wir Ihre Daten nutzen<\/h2>\n<p>Wenn Sie Humanium pers\u00f6nliche Informationen \u00fcbermitteln, behandeln wir diese in \u00dcbereinstimmung mit unseren rechtlichen Verpflichtungen.<\/p>\n<p>Grunds\u00e4tzlich nutzen wir die Daten, die Sie uns geben, um:<br \/>\n\u2022 mit Ihnen zu kommunizieren<br \/>\n\u2022 Sie mit Informationen \u00fcber Humanium und unsere Projekte zu versorgen.<\/p>\n<p>Bitte beachten Sie: Falls Sie Ihre Kreditkarten-Nummer angeben, wird diese nicht Humanium, sondern nur Ihrer Bank und dem Zahlungsprovider \u00fcbermittelt.<\/p>\n<p>&nbsp;<\/p>\n<h3>Datenverwahrung<\/h3>\n<p>Wir stellen sicher, dass alle personenbezogenen Daten in \u00dcbereinstimmung mit den rechlichen Bedingungen, zu denen Humanium sich verpflichtet hat (Deutsche Datenschutzgesetze und, \u00fcber unsere Dachorganisation \u201cHumanium Schweiz\u201d, Gesetzeslage in der Schweiz, insbesondere das Bundesgesetz \u00fcber den Datenschutz, https:\/\/www.admin.ch\/opc\/de\/classified-compilation\/19920153\/index.html), sicher verwahrt werden.<br \/>\nF\u00fcr den Fall, dass Sie sich bei uns um eine Anstellung bewerben und Ihren Lebenslauf angeben, behandeln wir die dort aufgef\u00fchrten Informationen streng vertraulich. Ihr Lebenslauf und Ihre E-Mail-Adresse werden gel\u00f6scht, wenn es nicht zu einem Arbeitsverh\u00e4ltnis kommt, andernfalls behalten wir die Daten f\u00fcr die Dauer Ihrer Anstellung bei uns und warden innerhalb der gestzlichen Fristen hernach gel\u00f6scht.<\/p>\n<p>&nbsp;<\/p>\n<h3>Beantwortung von Anfragen und Updates<\/h3>\n<p>Wir beantworten grunds\u00e4tzlich alle Fragen und Gesuche, die wir zu Humanium und unseren Projekten erhalten, per E-Mail. Wir nutzen diese E-Mails auch, um Verbesserungen f\u00fcr unsere Projekte oder unsere Webseite zu erreichen. Wir speichern regelm\u00e4\u00dfig Kontaktdaten, um individuelle Updates oder andere relevante Informationen bez\u00fcglich unserer Projekte zu versenden.<\/p>\n<p>&nbsp;<\/p>\n<h3>Weitergabe von pers\u00f6nlichen Daten<\/h3>\n<p>Ihre pers\u00f6nlichen Daten sind bei Humanium sicher und wir geben sie keinesfalls an Dritte weiter.<br \/>\nBitte seien Sie versichert, dass wir Sicherheitsma\u00dfnahmen ergriffen haben, die den Verlust, Diebstahl oder die Ver\u00e4nderung der Daten verhindern, die Sie uns zur Verf\u00fcgung gestellt haben. Wie bei allen Datentransaktionen im Internet bleibt jedoch auch bei der \u00dcbermittlung pers\u00f6nlicher Daten ein Restrisiko.<\/p>\n<p>Wenn Sie auf Ihre pers\u00f6nlichen Daten zugreifen m\u00f6chten, kontaktieren Sie uns unter arndt.soret@humanium.org oder contact@humanium.org mit dem Betreff \u201cDatenschutz\u201d.<\/p>\n<p>Sie k\u00f6nnen \u00fcber Ihre pers\u00f6nlichen Daten bestimmen und k\u00f6nnen fordern, dass jede inkorrekte Information \u00fcber Sie berichtigt wird. Wir m\u00f6chten Sie ermutigen, dies zu tun, nicht zuletzt auch, um uns zu guten H\u00fctern Ihrer Daten zu machen.<\/p>\n<p>&nbsp;<\/p>\n<h3>\u00c4nderungen der Datenschutzrichtlinie<\/h3>\n<p>Jegliche \u00c4nderung an dieser Richtlinie wird per E-Mail \/ Newsletter ver\u00f6ffentlich.<br \/>\nLetzte \u00c4nderung am 21. Januar 2018.<\/p>\n","protected":false},"excerpt":{"rendered":"<p>Datenschutzerkl\u00e4rung &#8211; Humanium Version Januar 2018 Ihre Privatsph\u00e4re ist Humanium e.V. wichtig. Der Zweck dieser Datenschuzerkl\u00e4rung ist es, Ihnen Verst\u00e4ndnis davon zu vermitteln, wie wir mit Ihnen zusammenarbeiten und Ihnen die M\u00f6glichkeit geben, sich jederzeit f\u00fcr eine anderen Umgang zu entscheiden. Sie sind jetzt und in Zukunft immer Herr\/Frau Ihrer personenbezogenen Daten. &nbsp; Einleitung Artikel [&hellip;]<\/p>\n","protected":false},"author":1,"featured_media":0,"parent":0,"menu_order":0,"comment_status":"closed","ping_status":"closed","template":"","meta":{"footnotes":""},"class_list":["post-259","page","type-page","status-publish","hentry"],"yoast_head":"<!-- This site is optimized with the Yoast SEO plugin v26.5 - https:\/\/yoast.com\/wordpress\/plugins\/seo\/ -->\n<title>Datenschutz - Humanium<\/title>\n<meta name=\"description\" content=\"Ihre Privatsph\u00e4re ist Humanium e.V. wichtig. Der Zweck dieser Datenschuzerkl\u00e4rung ist es, Ihnen Verst\u00e4ndnis davon zu vermitteln, wie wir mit Ihnen zusammenarbeiten und Ihnen die M\u00f6glichkeit geben, sich jederzeit f\u00fcr eine anderen Umgang zu entscheiden.\" \/>\n<meta name=\"robots\" content=\"index, follow, max-snippet:-1, max-image-preview:large, max-video-preview:-1\" \/>\n<link rel=\"canonical\" href=\"https:\/\/www.humanium.org\/de\/datenschutzerklarung\/\" \/>\n<meta property=\"og:locale\" content=\"de_DE\" \/>\n<meta property=\"og:type\" content=\"article\" \/>\n<meta property=\"og:title\" content=\"Datenschutz - Humanium\" \/>\n<meta property=\"og:description\" content=\"Ihre Privatsph\u00e4re ist Humanium e.V. wichtig. Der Zweck dieser Datenschuzerkl\u00e4rung ist es, Ihnen Verst\u00e4ndnis davon zu vermitteln, wie wir mit Ihnen zusammenarbeiten und Ihnen die M\u00f6glichkeit geben, sich jederzeit f\u00fcr eine anderen Umgang zu entscheiden.\" \/>\n<meta property=\"og:url\" content=\"https:\/\/www.humanium.org\/de\/datenschutzerklarung\/\" \/>\n<meta property=\"og:site_name\" content=\"Humanium\" \/>\n<meta property=\"article:modified_time\" content=\"2018-01-21T18:10:29+00:00\" \/>\n<meta name=\"twitter:card\" content=\"summary_large_image\" \/>\n<meta name=\"twitter:label1\" content=\"Gesch\u00e4tzte Lesezeit\" \/>\n\t<meta name=\"twitter:data1\" content=\"4\u00a0Minuten\" \/>\n<script type=\"application\/ld+json\" class=\"yoast-schema-graph\">{\"@context\":\"https:\/\/schema.org\",\"@graph\":[{\"@type\":\"WebPage\",\"@id\":\"https:\/\/www.humanium.org\/de\/datenschutzerklarung\/\",\"url\":\"https:\/\/www.humanium.org\/de\/datenschutzerklarung\/\",\"name\":\"Datenschutz - Humanium\",\"isPartOf\":{\"@id\":\"https:\/\/www.humanium.org\/de\/#website\"},\"datePublished\":\"2010-09-27T13:45:04+00:00\",\"dateModified\":\"2018-01-21T18:10:29+00:00\",\"description\":\"Ihre Privatsph\u00e4re ist Humanium e.V. wichtig. Der Zweck dieser Datenschuzerkl\u00e4rung ist es, Ihnen Verst\u00e4ndnis davon zu vermitteln, wie wir mit Ihnen zusammenarbeiten und Ihnen die M\u00f6glichkeit geben, sich jederzeit f\u00fcr eine anderen Umgang zu entscheiden.\",\"breadcrumb\":{\"@id\":\"https:\/\/www.humanium.org\/de\/datenschutzerklarung\/#breadcrumb\"},\"inLanguage\":\"de\",\"potentialAction\":[{\"@type\":\"ReadAction\",\"target\":[\"https:\/\/www.humanium.org\/de\/datenschutzerklarung\/\"]}]},{\"@type\":\"BreadcrumbList\",\"@id\":\"https:\/\/www.humanium.org\/de\/datenschutzerklarung\/#breadcrumb\",\"itemListElement\":[{\"@type\":\"ListItem\",\"position\":1,\"name\":\"Home\",\"item\":\"https:\/\/www.humanium.org\/de\/\"},{\"@type\":\"ListItem\",\"position\":2,\"name\":\"Datenschutz\"}]},{\"@type\":\"WebSite\",\"@id\":\"https:\/\/www.humanium.org\/de\/#website\",\"url\":\"https:\/\/www.humanium.org\/de\/\",\"name\":\"Humanium\",\"description\":\"Kinder zuerst!\",\"potentialAction\":[{\"@type\":\"SearchAction\",\"target\":{\"@type\":\"EntryPoint\",\"urlTemplate\":\"https:\/\/www.humanium.org\/de\/?s={search_term_string}\"},\"query-input\":{\"@type\":\"PropertyValueSpecification\",\"valueRequired\":true,\"valueName\":\"search_term_string\"}}],\"inLanguage\":\"de\"}]}<\/script>\n<!-- \/ Yoast SEO plugin. -->","yoast_head_json":{"title":"Datenschutz - Humanium","description":"Ihre Privatsph\u00e4re ist Humanium e.V. wichtig. Der Zweck dieser Datenschuzerkl\u00e4rung ist es, Ihnen Verst\u00e4ndnis davon zu vermitteln, wie wir mit Ihnen zusammenarbeiten und Ihnen die M\u00f6glichkeit geben, sich jederzeit f\u00fcr eine anderen Umgang zu entscheiden.","robots":{"index":"index","follow":"follow","max-snippet":"max-snippet:-1","max-image-preview":"max-image-preview:large","max-video-preview":"max-video-preview:-1"},"canonical":"https:\/\/www.humanium.org\/de\/datenschutzerklarung\/","og_locale":"de_DE","og_type":"article","og_title":"Datenschutz - Humanium","og_description":"Ihre Privatsph\u00e4re ist Humanium e.V. wichtig. Der Zweck dieser Datenschuzerkl\u00e4rung ist es, Ihnen Verst\u00e4ndnis davon zu vermitteln, wie wir mit Ihnen zusammenarbeiten und Ihnen die M\u00f6glichkeit geben, sich jederzeit f\u00fcr eine anderen Umgang zu entscheiden.","og_url":"https:\/\/www.humanium.org\/de\/datenschutzerklarung\/","og_site_name":"Humanium","article_modified_time":"2018-01-21T18:10:29+00:00","twitter_card":"summary_large_image","twitter_misc":{"Gesch\u00e4tzte Lesezeit":"4\u00a0Minuten"},"schema":{"@context":"https:\/\/schema.org","@graph":[{"@type":"WebPage","@id":"https:\/\/www.humanium.org\/de\/datenschutzerklarung\/","url":"https:\/\/www.humanium.org\/de\/datenschutzerklarung\/","name":"Datenschutz - Humanium","isPartOf":{"@id":"https:\/\/www.humanium.org\/de\/#website"},"datePublished":"2010-09-27T13:45:04+00:00","dateModified":"2018-01-21T18:10:29+00:00","description":"Ihre Privatsph\u00e4re ist Humanium e.V. wichtig. Der Zweck dieser Datenschuzerkl\u00e4rung ist es, Ihnen Verst\u00e4ndnis davon zu vermitteln, wie wir mit Ihnen zusammenarbeiten und Ihnen die M\u00f6glichkeit geben, sich jederzeit f\u00fcr eine anderen Umgang zu entscheiden.","breadcrumb":{"@id":"https:\/\/www.humanium.org\/de\/datenschutzerklarung\/#breadcrumb"},"inLanguage":"de","potentialAction":[{"@type":"ReadAction","target":["https:\/\/www.humanium.org\/de\/datenschutzerklarung\/"]}]},{"@type":"BreadcrumbList","@id":"https:\/\/www.humanium.org\/de\/datenschutzerklarung\/#breadcrumb","itemListElement":[{"@type":"ListItem","position":1,"name":"Home","item":"https:\/\/www.humanium.org\/de\/"},{"@type":"ListItem","position":2,"name":"Datenschutz"}]},{"@type":"WebSite","@id":"https:\/\/www.humanium.org\/de\/#website","url":"https:\/\/www.humanium.org\/de\/","name":"Humanium","description":"Kinder zuerst!","potentialAction":[{"@type":"SearchAction","target":{"@type":"EntryPoint","urlTemplate":"https:\/\/www.humanium.org\/de\/?s={search_term_string}"},"query-input":{"@type":"PropertyValueSpecification","valueRequired":true,"valueName":"search_term_string"}}],"inLanguage":"de"}]}},"_links":{"self":[{"href":"https:\/\/www.humanium.org\/de\/wp-json\/wp\/v2\/pages\/259","targetHints":{"allow":["GET"]}}],"collection":[{"href":"https:\/\/www.humanium.org\/de\/wp-json\/wp\/v2\/pages"}],"about":[{"href":"https:\/\/www.humanium.org\/de\/wp-json\/wp\/v2\/types\/page"}],"author":[{"embeddable":true,"href":"https:\/\/www.humanium.org\/de\/wp-json\/wp\/v2\/users\/1"}],"replies":[{"embeddable":true,"href":"https:\/\/www.humanium.org\/de\/wp-json\/wp\/v2\/comments?post=259"}],"version-history":[{"count":7,"href":"https:\/\/www.humanium.org\/de\/wp-json\/wp\/v2\/pages\/259\/revisions"}],"predecessor-version":[{"id":10921,"href":"https:\/\/www.humanium.org\/de\/wp-json\/wp\/v2\/pages\/259\/revisions\/10921"}],"wp:attachment":[{"href":"https:\/\/www.humanium.org\/de\/wp-json\/wp\/v2\/media?parent=259"}],"curies":[{"name":"wp","href":"https:\/\/api.w.org\/{rel}","templated":true}]}}