{"id":2624,"date":"2013-09-19T10:56:49","date_gmt":"2013-09-19T10:56:49","guid":{"rendered":"http:\/\/www.humanium.org\/de\/?page_id=2624"},"modified":"2025-12-06T06:23:00","modified_gmt":"2025-12-06T06:23:00","slug":"das-recht-von-kindern-auf-partizipation","status":"publish","type":"page","link":"https:\/\/www.humanium.org\/de\/das-recht-von-kindern-auf-partizipation\/","title":{"rendered":"Das Recht von Kindern auf Partizipation"},"content":{"rendered":"<h1>Das Recht auf Freiheit verstehen<\/h1>\n<h2>Eine Frage der Freiheit: Das Recht von Kindern auf Partizipation<\/h2>\n<p><strong>Mit dieser Freiheit erhalten Kinder das Recht, am \u00f6ffentlichen und politischen Leben ihrer Gesellschaft teilzunehmen. Diese Freiheit ist der Schl\u00fcssel zum Wohl der Kinder und ihrer Gesellschaft.<\/strong><\/p>\n<h3>Verst\u00e4rkte Einbindung von Kindern<\/h3>\n<p>Wenn Erwachsene mit Kindern sprechen und ihnen zuh\u00f6ren, f\u00fchlen sie sich st\u00e4rker integriert in die Dinge, die in ihrem Heimatland und in der Welt geschehen. Sie werden sich ihrer Rechte bewusst, aber auch der Rolle, die sie beim Aufbau und beim Lenken ihrer Gesellschaft spielen werden. Sie entwickeln einen besseren Sinn f\u00fcr Verantwortung und Selbstbewusstsein, wenn man ihnen eine Rolle in ihrer Gemeinde oder bei lokalen Entscheidungstr\u00e4gern zukommen l\u00e4sst, ebenso wie wenn sie zu Wortf\u00fchrern einer ganzen Generation werden.<\/p>\n<h3>Kinder nehmen ihre Zukunft selbst in die Hand<\/h3>\n<p>Die Meinung von Kindern ist entscheidend, da die Jugend besondere Rechte hat, die <img loading=\"lazy\" decoding=\"async\" class=\" wp-image-2629 alignright\" title=\"Kinder sind berechtigt, ihre Meinung bez\u00fcglich einer Verbesserung ihrer Rechte zu \u00e4ussern \u00a9 UN\/S.Paris\" alt=\"UN-Photo-Sophia-Paris\" src=\"https:\/\/www.humanium.org\/de\/wp-content\/uploads\/2013\/09\/UN-Photo-Sophia-Paris-300x199.jpg\" width=\"240\" height=\"159\" \/>Rechte des Kindes. Deswegen haben Kinder das Recht, ihre Meinung zu \u00e4u\u00dfern und Ideen einzubringen, um den Schutz ihrer Rechte zu verbessern.<br \/>\nSomit ist es wichtig f\u00fcr Staaten, Kindern &#8211; unter Ber\u00fccksichtigung ihres Alters und ihrer Reife &#8211; die Gelegenheit zu geben, sich zu gruppieren, damit sie in Zusammenarbeit mit lokalen, regionalen und nationalen gew\u00e4hlten Mitgliedern, die aktuellen Themen angehen k\u00f6nnen, die sie betreffen. Zu diesen Themen geh\u00f6ren Gesundheit, Diskriminierung, Staatsb\u00fcrgerschaft, Familie, Bildung, die Umwelt, usw. Die Einbeziehung der Kinder kann diesen entscheidend helfen, ihre Entwicklung selbst in die Hand zu nehmen.<\/p>\n<h3>Die B\u00fcrger von morgen<\/h3>\n<p><img loading=\"lazy\" decoding=\"async\" class=\" wp-image-2630 alignleft\" title=\"Kinder sind die Erwachsenen von morgen \u00a9 UN\/E.Debebe\" alt=\"49-UN-Photo-Eskinder-Debebe\" src=\"https:\/\/www.humanium.org\/de\/wp-content\/uploads\/2013\/09\/49-UN-Photo-Eskinder-Debebe-214x300.jpg\" width=\"193\" height=\"270\" \/>Auch wenn Kinder wegen ihres Alters noch nicht uneingeschr\u00e4nkt als B\u00fcrger angesehen werden, weshalb sie weder w\u00e4hlen noch gew\u00e4hlt werden k\u00f6nnen, sind sie B\u00fcrger in Warteposition-B\u00fcrger, welche die Gesellschaften von morgen lenken werden.<br \/>\nKinder \u00fcber ihre Rechte zu unterrichten und ihre Aufmerksamkeit auf die gegenw\u00e4rtigen Probleme und Themen zu lenken, tr\u00e4gt au\u00dferdem dazu bei, jene zuk\u00fcnftigen B\u00fcrger zu erziehen und einen Dialog zu schaffen zwischen verschiedenen Generationen, um den Erhalt der demokratischen Prinzipien einer Gesellschaft zu unterst\u00fctzen.<br \/>\nDeswegen haben Staaten gr\u00f6\u00dftes Interesse, ihnen zuzuh\u00f6ren und sie in Entscheidungsprozesse zu integrieren, um sie dazu anzuregen, heute eine aktive Rolle zu spielen, und um ihnen den Schl\u00fcssel zum Erfolg zuk\u00fcnftiger Gesellschaften in die Hand zu geben.<br \/>\n<\/p>\n<div id=\"toggle\"><a onclick=\"show_voir_aussi('voir_aussi_box')\" href=\"javascript:show_voir_aussi(id)\"><\/a><\/div>\n<div id=\"voir_aussi_box\" style=\"display: none;\">\n<ul>\n<li><a href=\"https:\/\/www.humanium.org\/de\/recht-freiheit\/\">Das Recht auf Freiheit f\u00fcr Kinder verstehen<\/a><\/li>\n<li><a href=\"https:\/\/www.humanium.org\/de\/recht-freiheit-weltweit\/\">Weltweites Recht auf Freiheit<\/a><\/li>\n<li><a href=\"https:\/\/www.humanium.org\/de\/beschrankungen-freiheit\/\">Beschr\u00e4nkungen der Freiheiten des Einzelnen<\/a><\/li>\n<\/ul>\n<\/div>\n","protected":false},"excerpt":{"rendered":"<p>Das Recht auf Freiheit verstehen Eine Frage der Freiheit: Das Recht von Kindern auf Partizipation Mit dieser Freiheit erhalten Kinder das Recht, am \u00f6ffentlichen und politischen Leben ihrer Gesellschaft teilzunehmen. Diese Freiheit ist der Schl\u00fcssel zum Wohl der Kinder und ihrer Gesellschaft. Verst\u00e4rkte Einbindung von Kindern Wenn Erwachsene mit Kindern sprechen und ihnen zuh\u00f6ren, f\u00fchlen [&hellip;]<\/p>\n","protected":false},"author":1,"featured_media":0,"parent":0,"menu_order":0,"comment_status":"closed","ping_status":"closed","template":"","meta":{"footnotes":""},"class_list":["post-2624","page","type-page","status-publish","hentry"],"yoast_head":"<!-- This site is optimized with the Yoast SEO plugin v26.5 - https:\/\/yoast.com\/wordpress\/plugins\/seo\/ -->\n<title>Das Recht von Kindern auf Partizipation - Humanium<\/title>\n<meta name=\"robots\" content=\"index, follow, max-snippet:-1, max-image-preview:large, max-video-preview:-1\" \/>\n<link rel=\"canonical\" href=\"https:\/\/www.humanium.org\/de\/das-recht-von-kindern-auf-partizipation\/\" \/>\n<meta property=\"og:locale\" content=\"de_DE\" \/>\n<meta property=\"og:type\" content=\"article\" \/>\n<meta property=\"og:title\" content=\"Das Recht von Kindern auf Partizipation - Humanium\" \/>\n<meta property=\"og:description\" content=\"Das Recht auf Freiheit verstehen Eine Frage der Freiheit: Das Recht von Kindern auf Partizipation Mit dieser Freiheit erhalten Kinder das Recht, am \u00f6ffentlichen und politischen Leben ihrer Gesellschaft teilzunehmen. Diese Freiheit ist der Schl\u00fcssel zum Wohl der Kinder und ihrer Gesellschaft. Verst\u00e4rkte Einbindung von Kindern Wenn Erwachsene mit Kindern sprechen und ihnen zuh\u00f6ren, f\u00fchlen [&hellip;]\" \/>\n<meta property=\"og:url\" content=\"https:\/\/www.humanium.org\/de\/das-recht-von-kindern-auf-partizipation\/\" \/>\n<meta property=\"og:site_name\" content=\"Humanium\" \/>\n<meta property=\"article:modified_time\" content=\"2025-12-06T06:23:00+00:00\" \/>\n<meta name=\"twitter:card\" content=\"summary_large_image\" \/>\n<meta name=\"twitter:label1\" content=\"Gesch\u00e4tzte Lesezeit\" \/>\n\t<meta name=\"twitter:data1\" content=\"2\u00a0Minuten\" \/>\n<script type=\"application\/ld+json\" class=\"yoast-schema-graph\">{\"@context\":\"https:\/\/schema.org\",\"@graph\":[{\"@type\":\"WebPage\",\"@id\":\"https:\/\/www.humanium.org\/de\/das-recht-von-kindern-auf-partizipation\/\",\"url\":\"https:\/\/www.humanium.org\/de\/das-recht-von-kindern-auf-partizipation\/\",\"name\":\"Das Recht von Kindern auf Partizipation - Humanium\",\"isPartOf\":{\"@id\":\"https:\/\/www.humanium.org\/de\/#website\"},\"primaryImageOfPage\":{\"@id\":\"https:\/\/www.humanium.org\/de\/das-recht-von-kindern-auf-partizipation\/#primaryimage\"},\"image\":{\"@id\":\"https:\/\/www.humanium.org\/de\/das-recht-von-kindern-auf-partizipation\/#primaryimage\"},\"thumbnailUrl\":\"https:\/\/www.humanium.org\/de\/wp-content\/uploads\/2013\/09\/UN-Photo-Sophia-Paris-300x199.jpg\",\"datePublished\":\"2013-09-19T10:56:49+00:00\",\"dateModified\":\"2025-12-06T06:23:00+00:00\",\"breadcrumb\":{\"@id\":\"https:\/\/www.humanium.org\/de\/das-recht-von-kindern-auf-partizipation\/#breadcrumb\"},\"inLanguage\":\"de\",\"potentialAction\":[{\"@type\":\"ReadAction\",\"target\":[\"https:\/\/www.humanium.org\/de\/das-recht-von-kindern-auf-partizipation\/\"]}]},{\"@type\":\"ImageObject\",\"inLanguage\":\"de\",\"@id\":\"https:\/\/www.humanium.org\/de\/das-recht-von-kindern-auf-partizipation\/#primaryimage\",\"url\":\"https:\/\/www.humanium.org\/de\/wp-content\/uploads\/2013\/09\/UN-Photo-Sophia-Paris-300x199.jpg\",\"contentUrl\":\"https:\/\/www.humanium.org\/de\/wp-content\/uploads\/2013\/09\/UN-Photo-Sophia-Paris-300x199.jpg\"},{\"@type\":\"BreadcrumbList\",\"@id\":\"https:\/\/www.humanium.org\/de\/das-recht-von-kindern-auf-partizipation\/#breadcrumb\",\"itemListElement\":[{\"@type\":\"ListItem\",\"position\":1,\"name\":\"Home\",\"item\":\"https:\/\/www.humanium.org\/de\/\"},{\"@type\":\"ListItem\",\"position\":2,\"name\":\"Das Recht von Kindern auf Partizipation\"}]},{\"@type\":\"WebSite\",\"@id\":\"https:\/\/www.humanium.org\/de\/#website\",\"url\":\"https:\/\/www.humanium.org\/de\/\",\"name\":\"Humanium\",\"description\":\"Kinder zuerst!\",\"potentialAction\":[{\"@type\":\"SearchAction\",\"target\":{\"@type\":\"EntryPoint\",\"urlTemplate\":\"https:\/\/www.humanium.org\/de\/?s={search_term_string}\"},\"query-input\":{\"@type\":\"PropertyValueSpecification\",\"valueRequired\":true,\"valueName\":\"search_term_string\"}}],\"inLanguage\":\"de\"}]}<\/script>\n<!-- \/ Yoast SEO plugin. -->","yoast_head_json":{"title":"Das Recht von Kindern auf Partizipation - Humanium","robots":{"index":"index","follow":"follow","max-snippet":"max-snippet:-1","max-image-preview":"max-image-preview:large","max-video-preview":"max-video-preview:-1"},"canonical":"https:\/\/www.humanium.org\/de\/das-recht-von-kindern-auf-partizipation\/","og_locale":"de_DE","og_type":"article","og_title":"Das Recht von Kindern auf Partizipation - Humanium","og_description":"Das Recht auf Freiheit verstehen Eine Frage der Freiheit: Das Recht von Kindern auf Partizipation Mit dieser Freiheit erhalten Kinder das Recht, am \u00f6ffentlichen und politischen Leben ihrer Gesellschaft teilzunehmen. Diese Freiheit ist der Schl\u00fcssel zum Wohl der Kinder und ihrer Gesellschaft. Verst\u00e4rkte Einbindung von Kindern Wenn Erwachsene mit Kindern sprechen und ihnen zuh\u00f6ren, f\u00fchlen [&hellip;]","og_url":"https:\/\/www.humanium.org\/de\/das-recht-von-kindern-auf-partizipation\/","og_site_name":"Humanium","article_modified_time":"2025-12-06T06:23:00+00:00","twitter_card":"summary_large_image","twitter_misc":{"Gesch\u00e4tzte Lesezeit":"2\u00a0Minuten"},"schema":{"@context":"https:\/\/schema.org","@graph":[{"@type":"WebPage","@id":"https:\/\/www.humanium.org\/de\/das-recht-von-kindern-auf-partizipation\/","url":"https:\/\/www.humanium.org\/de\/das-recht-von-kindern-auf-partizipation\/","name":"Das Recht von Kindern auf Partizipation - Humanium","isPartOf":{"@id":"https:\/\/www.humanium.org\/de\/#website"},"primaryImageOfPage":{"@id":"https:\/\/www.humanium.org\/de\/das-recht-von-kindern-auf-partizipation\/#primaryimage"},"image":{"@id":"https:\/\/www.humanium.org\/de\/das-recht-von-kindern-auf-partizipation\/#primaryimage"},"thumbnailUrl":"https:\/\/www.humanium.org\/de\/wp-content\/uploads\/2013\/09\/UN-Photo-Sophia-Paris-300x199.jpg","datePublished":"2013-09-19T10:56:49+00:00","dateModified":"2025-12-06T06:23:00+00:00","breadcrumb":{"@id":"https:\/\/www.humanium.org\/de\/das-recht-von-kindern-auf-partizipation\/#breadcrumb"},"inLanguage":"de","potentialAction":[{"@type":"ReadAction","target":["https:\/\/www.humanium.org\/de\/das-recht-von-kindern-auf-partizipation\/"]}]},{"@type":"ImageObject","inLanguage":"de","@id":"https:\/\/www.humanium.org\/de\/das-recht-von-kindern-auf-partizipation\/#primaryimage","url":"https:\/\/www.humanium.org\/de\/wp-content\/uploads\/2013\/09\/UN-Photo-Sophia-Paris-300x199.jpg","contentUrl":"https:\/\/www.humanium.org\/de\/wp-content\/uploads\/2013\/09\/UN-Photo-Sophia-Paris-300x199.jpg"},{"@type":"BreadcrumbList","@id":"https:\/\/www.humanium.org\/de\/das-recht-von-kindern-auf-partizipation\/#breadcrumb","itemListElement":[{"@type":"ListItem","position":1,"name":"Home","item":"https:\/\/www.humanium.org\/de\/"},{"@type":"ListItem","position":2,"name":"Das Recht von Kindern auf Partizipation"}]},{"@type":"WebSite","@id":"https:\/\/www.humanium.org\/de\/#website","url":"https:\/\/www.humanium.org\/de\/","name":"Humanium","description":"Kinder zuerst!","potentialAction":[{"@type":"SearchAction","target":{"@type":"EntryPoint","urlTemplate":"https:\/\/www.humanium.org\/de\/?s={search_term_string}"},"query-input":{"@type":"PropertyValueSpecification","valueRequired":true,"valueName":"search_term_string"}}],"inLanguage":"de"}]}},"_links":{"self":[{"href":"https:\/\/www.humanium.org\/de\/wp-json\/wp\/v2\/pages\/2624","targetHints":{"allow":["GET"]}}],"collection":[{"href":"https:\/\/www.humanium.org\/de\/wp-json\/wp\/v2\/pages"}],"about":[{"href":"https:\/\/www.humanium.org\/de\/wp-json\/wp\/v2\/types\/page"}],"author":[{"embeddable":true,"href":"https:\/\/www.humanium.org\/de\/wp-json\/wp\/v2\/users\/1"}],"replies":[{"embeddable":true,"href":"https:\/\/www.humanium.org\/de\/wp-json\/wp\/v2\/comments?post=2624"}],"version-history":[{"count":7,"href":"https:\/\/www.humanium.org\/de\/wp-json\/wp\/v2\/pages\/2624\/revisions"}],"predecessor-version":[{"id":20658,"href":"https:\/\/www.humanium.org\/de\/wp-json\/wp\/v2\/pages\/2624\/revisions\/20658"}],"wp:attachment":[{"href":"https:\/\/www.humanium.org\/de\/wp-json\/wp\/v2\/media?parent=2624"}],"curies":[{"name":"wp","href":"https:\/\/api.w.org\/{rel}","templated":true}]}}