{"id":2648,"date":"2013-09-19T14:07:41","date_gmt":"2013-09-19T14:07:41","guid":{"rendered":"http:\/\/www.humanium.org\/de\/?page_id=2648"},"modified":"2025-12-06T06:23:01","modified_gmt":"2025-12-06T06:23:01","slug":"analyse-der-berichte-und-der-kommunikation_der-ausschuss-fur-die-rechte-des-kindes","status":"publish","type":"page","link":"https:\/\/www.humanium.org\/de\/analyse-der-berichte-und-der-kommunikation_der-ausschuss-fur-die-rechte-des-kindes\/","title":{"rendered":"Analyse der Berichte und der Kommunikation &#8211; Der Ausschuss f\u00fcr die Rechte des Kindes"},"content":{"rendered":"<h1>Der Ausschuss f\u00fcr die Rechte des Kindes<\/h1>\n<h2>Funktion und Kompetenzen \u2013 Pr\u00fcfung der Berichte und der Kommunikation<\/h2>\n<p><strong>Die Funktion des Ausschusses ist es, die Beachtung und die Umsetzung der <a href=\"https:\/\/www.humanium.org\/de\/konvention-rechte-kindes\/\">Kinderrechtskonvention<\/a> zu gew\u00e4hrleisten. Um die Umsetzung der Konvention zu gew\u00e4hrleisten, hat der Ausschuss mehrere Aufgaben.<\/strong><\/p>\n<h3>Die \u00dcberpr\u00fcfung der Staatenberichte<\/h3>\n<p>Nach Artikel 44 der <a href=\"https:\/\/www.humanium.org\/de\/konvention-rechte-kindes\/\">Kinderrechtskonvention<\/a> analysiert der Ausschuss die Berichte, die von den Staaten vorgelegt werden m\u00fcssen.<\/p>\n<p>In der Tat sind die Staaten dazu angehalten, einen Erstbericht zur Situation der Rechte des Kindes in ihren L\u00e4ndern zwei Jahre nach Beitritt zur Konvention vorzulegen. Anschlie\u00dfend m\u00fcssen sie dem Ausschuss regelm\u00e4\u00dfig alle f\u00fcnf Jahre Berichte \u00fcber die Entwicklung der Kinderrechtssituation und die Bem\u00fchungen bei der Umsetzung der Konvention in ihrer Gesetzgebung unterbreiten.<\/p>\n<p>Um die Vertragsstaaten bei der Vorlage und Erstellung ihres Berichts anzuleiten, hat der Ausschuss im Oktober 1991 in seiner ersten Sitzung Richtlinien verabschiedet. Gem\u00e4\u00df dieser Richtlinien m\u00fcssen Berichte auf der einen Seite \u201eFaktoren und Schwierigkeiten\u201c, mit denen der Staat bei der Umsetzung der Konvention konfrontiert wird, und auf der anderen Seite \u201espezifische Priorit\u00e4ten und Zielvorgaben\u201c, die sich die Staaten vorgegeben haben, darstellen.<\/p>\n<p>W\u00e4hrend dieser Sitzungen \u00fcberpr\u00fcft der Ausschuss die regelm\u00e4\u00dfigen Berichte und ber\u00e4t sich dann vor laufender Kamera (vertraulich) mit den Staatsrepr\u00e4sentanten, um die Gr\u00fcnde f\u00fcr die Schwachstellen des Staates zu verstehen und Vorschl\u00e4ge zu unterbreiten, die diesem dabei helfen, seine Verpflichtungen zu erf\u00fcllen. Zwischen dem Ausschuss und den Staaten, die bei der Umsetzung der Konvention Schwierigkeiten haben, wird ein echter Dialog hergestellt.<\/p>\n<p>Gleichzeitig kann der Ausschuss Berichte von Nichtregierungsorganisationen erhalten, die er untersucht und mit den Staatenberichten vergleicht.<\/p>\n<p><img loading=\"lazy\" decoding=\"async\" class=\"size-medium wp-image-2652 alignright\" title=\"Die Untersuchung regelm\u00e4\u00dfiger Berichte erm\u00f6glicht es dem Ausschuss zu \u00fcberpr\u00fcfen, ob die Staaten die UN-Kinderrechtskonvention respektieren und einhalten @ UN\/ J. Isaac\" src=\"https:\/\/www.humanium.org\/de\/wp-content\/uploads\/2013\/09\/UN-Photo-John-Isaac1-300x209.jpg\" alt=\"UN-Photo-John-Isaac1\" width=\"300\" height=\"209\" \/>In der darauffolgenden Sitzung sind Staaten, die bei der Umsetzung der Konvention auf Schwierigkeiten gesto\u00dfen sind, Gegenstand besonderer Aufmerksamkeit. Sie m\u00fcssen einen neuen \u00dcberblick \u00fcber die nationale Situation vorlegen sowie \u00fcber die Ma\u00dfnahmen, die getroffen wurden, um die Probleme bei der Umsetzung der Konvention zu l\u00f6sen.<\/p>\n<p>Am Ende der Gespr\u00e4che mit den betroffenen Staaten und Nichtregierungsorganisationen ver\u00f6ffentlicht der Ausschuss eine Schlussbetrachtung, welche die Situation und die Gespr\u00e4che zusammenfasst, und die von den Staaten in ihrem jeweiligen Land ver\u00f6ffentlicht werden m\u00fcssen.<\/p>\n<p>Im Jahr 2000 erweiterte sich die Kontrollzust\u00e4ndigkeit des Ausschusses durch die Verabschiedung von zwei Protokollen in Verbindung mit der Konvention:<\/p>\n<ul>\n<li><a href=\"https:\/\/www.humanium.org\/de\/protokoll-beteiligung-von-kindern-konflikten\/\">Das Fakultativprotokoll zur Kinderrechtskonvention betreffend die Beteiligung von Kindern an bewaffneten Konflikten<\/a>;<\/li>\n<li><a href=\"https:\/\/www.humanium.org\/de\/zusatzprotokoll-zur-kinderrechts-konvention-betreffend-kinderhandel-kinderprostitution-und-kinderpornographie-2000\/\">Das Fakultativprotokoll zur Kinderrechtskonvention betreffend den Verkauf von Kindern, Kinderprostitution und Kinderpornographie.<\/a><\/li>\n<\/ul>\n<p>Staaten, die diese Protokolle ratifiziert haben, m\u00fcssen erg\u00e4nzende Berichte hinsichtlich der nationalen Situation und der Bem\u00fchungen zur Umsetzung dieser Texte vorlegen.<\/p>\n<h3>Die \u00dcberpr\u00fcfung von Mitteilungen<\/h3>\n<h4>Staatliche Mitteilungen<\/h4>\n<p>Der Ausschuss f\u00fcr die Rechte des Kindes ist zust\u00e4ndig f\u00fcr den Empfang amtlicher Mitteilungen der Vertragsstaaten zu vermeintlichen Verletzungen der Konvention durch andere Vertragsstaaten.<\/p>\n<p>Der Ausschuss hat keine Kompetenz gegen einen Staat Sanktionen zu erheben, sollte die Verletzung eines der Rechte des Kindes erwiesen sein. In diesem Fall wird der Ausschuss mit dem jeweiligen Staat den Dialog suchen, um eine schnelle und effiziente L\u00f6sung zu finden.<\/p>\n<h4>Individualbeschwerde<\/h4>\n<p>Seit dem 28. Mai 2012 ist der Ausschuss auch zust\u00e4ndig, die Beschwerden Einzelner entgegenzunehmen, das hei\u00dft von Personen (die Erziehungsberechtigten eines Kindes), welche eine Verletzung eines Konventionsrechts durch einen Vertragsstaat dem Ausschuss mitteilen.<\/p>\n<p>Auf der <a href=\"https:\/\/treaties.un.org\/Pages\/ViewDetails.aspx?src=TREATY&amp;mtdsg_no=IV-11-d&amp;chapter=4&amp;lang=en\">UN-Webseite<\/a> ist eine Auflistung dieser Vertragsstaaten einsehbar.<br \/>\nFolglich wurde ein Kollektivbeschwerdeverfahren nicht bewilligt.<\/p>\n<p>Auch k\u00f6nnen Mechanismen genutzt werden, die von anderen internationalen Instrumenten, die Menschenrechte sch\u00fctzen, aufgestellt wurden.<\/p>\n<p>Unter gewissen Umst\u00e4nden k\u00f6nnen Beschwerden hinsichtlich einer Verletzung der Rechte des Kindes von folgenden Einrichtungen gepr\u00fcft werden:<\/p>\n<ul>\n<li>Der <strong>Menschenrechtsausschuss<\/strong> (engl. Human Rights Committee) sch\u00fctzt die Umsetzung de internationalen Abkommens \u00fcber b\u00fcrgerliche und politische Rechte (engl. ICCPR-International Covenant on Civil and Political Rights) von 1966. Individualbeschwerden k\u00f6nnen eingereicht werden, wenn der betroffene Staat Unterzeichner des Protokolls zur Schaffung des Ausschusses ist;<\/li>\n<\/ul>\n<ul>\n<li>Der <strong>Ausschuss gegen Folter<\/strong> (engl. Committee Against Torture, CAT) kann Individualbeschwerden von Vertragsstaaten pr\u00fcfen, die die Zust\u00e4ndigkeit des Ausschusses nach Artikel 22 der UN-Folterkonvention von 1984 akzeptiert haben;<\/li>\n<\/ul>\n<ul>\n<li>Der <strong>Ausschuss f\u00fcr die Beseitigung der Rassendiskriminierung<\/strong> (engl. Committee on the Elimination of Racial Discrimination, CERD) sch\u00fctzt die Umsetzung des internationalen \u00dcbereinkommens zur Beseitigung jeder Form von Rassendiskriminierung von 1965. Individualbeschwerden sind gegen Staaten m\u00f6glich, die nach Artikel 14 die Zust\u00e4ndigkeit des Ausschusses akzeptiert haben;<\/li>\n<\/ul>\n<ul>\n<li>Der <strong>Ausschuss f\u00fcr die Beseitigung der Diskriminierung der Frau<\/strong> (engl. Committee on the Elimination of Discrimination against Women, CEDAW) \u00fcberwacht die Einhaltung des \u00dcbereinkommens zur Beseitigung jeder Form von Diskriminierung der Frau von 1979. Individualbeschwerden sind gegen die Vertragsstaaten des Fakultativprotokolls des \u00dcbereinkommens zur Beseitigung jeder Form von Diskriminierung der Frau ist eine Individualbeschwerde m\u00f6glich;<\/li>\n<\/ul>\n<ul>\n<li>Der <strong>Ausschuss zum Schutz der Rechte von Menschen mit Behinderungen<\/strong> kann Individualbeschwerden der Staaten nachgehen, die das Fakultativprotokoll des \u00dcbereinkommens \u00fcber die Rechte von Menschen mit Behinderungen von 2006 unterzeichnet haben.<\/li>\n<\/ul>\n<div id=\"toggle\"><\/div>\n<div id=\"voir_aussi_box\" style=\"display: none;\">\n<ul>\n<li><a href=\"https:\/\/www.humanium.org\/de\/ausschuss-rolle\/\">Entstehen und Funktionieren des Ausschusses<\/a><\/li>\n<li><a href=\"https:\/\/www.humanium.org\/de\/rolle-und-zustandigkeiten-allgemeine-bemerkungen-und-diskussionstage_der-ausschuss-fur-die-rechte-des-kindes\/\">Funktion und Kompetenzen des Ausschusses: Allgemeine Bemerkungen und Diskussionstage<\/a><\/li>\n<li><a href=\"https:\/\/www.humanium.org\/de\/grenzen-des-ausschusses\/\">Grenzen des Ausschusses<\/a><\/li>\n<\/ul>\n<\/div>\n<div id=\"toggle\"><\/div>\n<div id=\"sources_box\" style=\"display: none;\">\n<ul>Siehe verwendete Quellen f\u00fcr die Originalversion in Franz\u00f6sisch.<\/ul>\n<\/div>\n","protected":false},"excerpt":{"rendered":"<p>Der Ausschuss f\u00fcr die Rechte des Kindes Funktion und Kompetenzen \u2013 Pr\u00fcfung der Berichte und der Kommunikation Die Funktion des Ausschusses ist es, die Beachtung und die Umsetzung der Kinderrechtskonvention zu gew\u00e4hrleisten. Um die Umsetzung der Konvention zu gew\u00e4hrleisten, hat der Ausschuss mehrere Aufgaben. Die \u00dcberpr\u00fcfung der Staatenberichte Nach Artikel 44 der Kinderrechtskonvention analysiert der [&hellip;]<\/p>\n","protected":false},"author":1,"featured_media":0,"parent":0,"menu_order":0,"comment_status":"closed","ping_status":"closed","template":"","meta":{"footnotes":""},"class_list":["post-2648","page","type-page","status-publish","hentry"],"yoast_head":"<!-- This site is optimized with the Yoast SEO plugin v26.5 - https:\/\/yoast.com\/wordpress\/plugins\/seo\/ -->\n<title>Analyse der Berichte und der Kommunikation - Der Ausschuss f\u00fcr die Rechte des Kindes - Humanium<\/title>\n<meta name=\"robots\" content=\"index, follow, max-snippet:-1, max-image-preview:large, max-video-preview:-1\" \/>\n<link rel=\"canonical\" href=\"https:\/\/www.humanium.org\/de\/analyse-der-berichte-und-der-kommunikation_der-ausschuss-fur-die-rechte-des-kindes\/\" \/>\n<meta property=\"og:locale\" content=\"de_DE\" \/>\n<meta property=\"og:type\" content=\"article\" \/>\n<meta property=\"og:title\" content=\"Analyse der Berichte und der Kommunikation - Der Ausschuss f\u00fcr die Rechte des Kindes - Humanium\" \/>\n<meta property=\"og:description\" content=\"Der Ausschuss f\u00fcr die Rechte des Kindes Funktion und Kompetenzen \u2013 Pr\u00fcfung der Berichte und der Kommunikation Die Funktion des Ausschusses ist es, die Beachtung und die Umsetzung der Kinderrechtskonvention zu gew\u00e4hrleisten. Um die Umsetzung der Konvention zu gew\u00e4hrleisten, hat der Ausschuss mehrere Aufgaben. Die \u00dcberpr\u00fcfung der Staatenberichte Nach Artikel 44 der Kinderrechtskonvention analysiert der [&hellip;]\" \/>\n<meta property=\"og:url\" content=\"https:\/\/www.humanium.org\/de\/analyse-der-berichte-und-der-kommunikation_der-ausschuss-fur-die-rechte-des-kindes\/\" \/>\n<meta property=\"og:site_name\" content=\"Humanium\" \/>\n<meta property=\"article:modified_time\" content=\"2025-12-06T06:23:01+00:00\" \/>\n<meta name=\"twitter:card\" content=\"summary_large_image\" \/>\n<meta name=\"twitter:label1\" content=\"Gesch\u00e4tzte Lesezeit\" \/>\n\t<meta name=\"twitter:data1\" content=\"5\u00a0Minuten\" \/>\n<script type=\"application\/ld+json\" class=\"yoast-schema-graph\">{\"@context\":\"https:\/\/schema.org\",\"@graph\":[{\"@type\":\"WebPage\",\"@id\":\"https:\/\/www.humanium.org\/de\/analyse-der-berichte-und-der-kommunikation_der-ausschuss-fur-die-rechte-des-kindes\/\",\"url\":\"https:\/\/www.humanium.org\/de\/analyse-der-berichte-und-der-kommunikation_der-ausschuss-fur-die-rechte-des-kindes\/\",\"name\":\"Analyse der Berichte und der Kommunikation - Der Ausschuss f\u00fcr die Rechte des Kindes - Humanium\",\"isPartOf\":{\"@id\":\"https:\/\/www.humanium.org\/de\/#website\"},\"primaryImageOfPage\":{\"@id\":\"https:\/\/www.humanium.org\/de\/analyse-der-berichte-und-der-kommunikation_der-ausschuss-fur-die-rechte-des-kindes\/#primaryimage\"},\"image\":{\"@id\":\"https:\/\/www.humanium.org\/de\/analyse-der-berichte-und-der-kommunikation_der-ausschuss-fur-die-rechte-des-kindes\/#primaryimage\"},\"thumbnailUrl\":\"https:\/\/www.humanium.org\/de\/wp-content\/uploads\/2013\/09\/UN-Photo-John-Isaac1-300x209.jpg\",\"datePublished\":\"2013-09-19T14:07:41+00:00\",\"dateModified\":\"2025-12-06T06:23:01+00:00\",\"breadcrumb\":{\"@id\":\"https:\/\/www.humanium.org\/de\/analyse-der-berichte-und-der-kommunikation_der-ausschuss-fur-die-rechte-des-kindes\/#breadcrumb\"},\"inLanguage\":\"de\",\"potentialAction\":[{\"@type\":\"ReadAction\",\"target\":[\"https:\/\/www.humanium.org\/de\/analyse-der-berichte-und-der-kommunikation_der-ausschuss-fur-die-rechte-des-kindes\/\"]}]},{\"@type\":\"ImageObject\",\"inLanguage\":\"de\",\"@id\":\"https:\/\/www.humanium.org\/de\/analyse-der-berichte-und-der-kommunikation_der-ausschuss-fur-die-rechte-des-kindes\/#primaryimage\",\"url\":\"https:\/\/www.humanium.org\/de\/wp-content\/uploads\/2013\/09\/UN-Photo-John-Isaac1-300x209.jpg\",\"contentUrl\":\"https:\/\/www.humanium.org\/de\/wp-content\/uploads\/2013\/09\/UN-Photo-John-Isaac1-300x209.jpg\"},{\"@type\":\"BreadcrumbList\",\"@id\":\"https:\/\/www.humanium.org\/de\/analyse-der-berichte-und-der-kommunikation_der-ausschuss-fur-die-rechte-des-kindes\/#breadcrumb\",\"itemListElement\":[{\"@type\":\"ListItem\",\"position\":1,\"name\":\"Home\",\"item\":\"https:\/\/www.humanium.org\/de\/\"},{\"@type\":\"ListItem\",\"position\":2,\"name\":\"Analyse der Berichte und der Kommunikation &#8211; Der Ausschuss f\u00fcr die Rechte des Kindes\"}]},{\"@type\":\"WebSite\",\"@id\":\"https:\/\/www.humanium.org\/de\/#website\",\"url\":\"https:\/\/www.humanium.org\/de\/\",\"name\":\"Humanium\",\"description\":\"Kinder zuerst!\",\"potentialAction\":[{\"@type\":\"SearchAction\",\"target\":{\"@type\":\"EntryPoint\",\"urlTemplate\":\"https:\/\/www.humanium.org\/de\/?s={search_term_string}\"},\"query-input\":{\"@type\":\"PropertyValueSpecification\",\"valueRequired\":true,\"valueName\":\"search_term_string\"}}],\"inLanguage\":\"de\"}]}<\/script>\n<!-- \/ Yoast SEO plugin. -->","yoast_head_json":{"title":"Analyse der Berichte und der Kommunikation - Der Ausschuss f\u00fcr die Rechte des Kindes - Humanium","robots":{"index":"index","follow":"follow","max-snippet":"max-snippet:-1","max-image-preview":"max-image-preview:large","max-video-preview":"max-video-preview:-1"},"canonical":"https:\/\/www.humanium.org\/de\/analyse-der-berichte-und-der-kommunikation_der-ausschuss-fur-die-rechte-des-kindes\/","og_locale":"de_DE","og_type":"article","og_title":"Analyse der Berichte und der Kommunikation - Der Ausschuss f\u00fcr die Rechte des Kindes - Humanium","og_description":"Der Ausschuss f\u00fcr die Rechte des Kindes Funktion und Kompetenzen \u2013 Pr\u00fcfung der Berichte und der Kommunikation Die Funktion des Ausschusses ist es, die Beachtung und die Umsetzung der Kinderrechtskonvention zu gew\u00e4hrleisten. Um die Umsetzung der Konvention zu gew\u00e4hrleisten, hat der Ausschuss mehrere Aufgaben. Die \u00dcberpr\u00fcfung der Staatenberichte Nach Artikel 44 der Kinderrechtskonvention analysiert der [&hellip;]","og_url":"https:\/\/www.humanium.org\/de\/analyse-der-berichte-und-der-kommunikation_der-ausschuss-fur-die-rechte-des-kindes\/","og_site_name":"Humanium","article_modified_time":"2025-12-06T06:23:01+00:00","twitter_card":"summary_large_image","twitter_misc":{"Gesch\u00e4tzte Lesezeit":"5\u00a0Minuten"},"schema":{"@context":"https:\/\/schema.org","@graph":[{"@type":"WebPage","@id":"https:\/\/www.humanium.org\/de\/analyse-der-berichte-und-der-kommunikation_der-ausschuss-fur-die-rechte-des-kindes\/","url":"https:\/\/www.humanium.org\/de\/analyse-der-berichte-und-der-kommunikation_der-ausschuss-fur-die-rechte-des-kindes\/","name":"Analyse der Berichte und der Kommunikation - Der Ausschuss f\u00fcr die Rechte des Kindes - Humanium","isPartOf":{"@id":"https:\/\/www.humanium.org\/de\/#website"},"primaryImageOfPage":{"@id":"https:\/\/www.humanium.org\/de\/analyse-der-berichte-und-der-kommunikation_der-ausschuss-fur-die-rechte-des-kindes\/#primaryimage"},"image":{"@id":"https:\/\/www.humanium.org\/de\/analyse-der-berichte-und-der-kommunikation_der-ausschuss-fur-die-rechte-des-kindes\/#primaryimage"},"thumbnailUrl":"https:\/\/www.humanium.org\/de\/wp-content\/uploads\/2013\/09\/UN-Photo-John-Isaac1-300x209.jpg","datePublished":"2013-09-19T14:07:41+00:00","dateModified":"2025-12-06T06:23:01+00:00","breadcrumb":{"@id":"https:\/\/www.humanium.org\/de\/analyse-der-berichte-und-der-kommunikation_der-ausschuss-fur-die-rechte-des-kindes\/#breadcrumb"},"inLanguage":"de","potentialAction":[{"@type":"ReadAction","target":["https:\/\/www.humanium.org\/de\/analyse-der-berichte-und-der-kommunikation_der-ausschuss-fur-die-rechte-des-kindes\/"]}]},{"@type":"ImageObject","inLanguage":"de","@id":"https:\/\/www.humanium.org\/de\/analyse-der-berichte-und-der-kommunikation_der-ausschuss-fur-die-rechte-des-kindes\/#primaryimage","url":"https:\/\/www.humanium.org\/de\/wp-content\/uploads\/2013\/09\/UN-Photo-John-Isaac1-300x209.jpg","contentUrl":"https:\/\/www.humanium.org\/de\/wp-content\/uploads\/2013\/09\/UN-Photo-John-Isaac1-300x209.jpg"},{"@type":"BreadcrumbList","@id":"https:\/\/www.humanium.org\/de\/analyse-der-berichte-und-der-kommunikation_der-ausschuss-fur-die-rechte-des-kindes\/#breadcrumb","itemListElement":[{"@type":"ListItem","position":1,"name":"Home","item":"https:\/\/www.humanium.org\/de\/"},{"@type":"ListItem","position":2,"name":"Analyse der Berichte und der Kommunikation &#8211; Der Ausschuss f\u00fcr die Rechte des Kindes"}]},{"@type":"WebSite","@id":"https:\/\/www.humanium.org\/de\/#website","url":"https:\/\/www.humanium.org\/de\/","name":"Humanium","description":"Kinder zuerst!","potentialAction":[{"@type":"SearchAction","target":{"@type":"EntryPoint","urlTemplate":"https:\/\/www.humanium.org\/de\/?s={search_term_string}"},"query-input":{"@type":"PropertyValueSpecification","valueRequired":true,"valueName":"search_term_string"}}],"inLanguage":"de"}]}},"_links":{"self":[{"href":"https:\/\/www.humanium.org\/de\/wp-json\/wp\/v2\/pages\/2648","targetHints":{"allow":["GET"]}}],"collection":[{"href":"https:\/\/www.humanium.org\/de\/wp-json\/wp\/v2\/pages"}],"about":[{"href":"https:\/\/www.humanium.org\/de\/wp-json\/wp\/v2\/types\/page"}],"author":[{"embeddable":true,"href":"https:\/\/www.humanium.org\/de\/wp-json\/wp\/v2\/users\/1"}],"replies":[{"embeddable":true,"href":"https:\/\/www.humanium.org\/de\/wp-json\/wp\/v2\/comments?post=2648"}],"version-history":[{"count":11,"href":"https:\/\/www.humanium.org\/de\/wp-json\/wp\/v2\/pages\/2648\/revisions"}],"predecessor-version":[{"id":20663,"href":"https:\/\/www.humanium.org\/de\/wp-json\/wp\/v2\/pages\/2648\/revisions\/20663"}],"wp:attachment":[{"href":"https:\/\/www.humanium.org\/de\/wp-json\/wp\/v2\/media?parent=2648"}],"curies":[{"name":"wp","href":"https:\/\/api.w.org\/{rel}","templated":true}]}}